{"id":10189,"date":"2026-04-15T17:30:52","date_gmt":"2026-04-15T22:30:52","guid":{"rendered":"https:\/\/giftronic04.com\/?post_type=product&#038;p=10189"},"modified":"2026-04-16T17:40:04","modified_gmt":"2026-04-16T22:40:04","slug":"portatil-asus-vivobook-m3607h-amd-ryzen-9-270-16gb-ram-ddr5-ssd-512gb-mate-gray","status":"publish","type":"product","link":"https:\/\/giftronic04.com\/index.php\/product\/portatil-asus-vivobook-m3607h-amd-ryzen-9-270-16gb-ram-ddr5-ssd-512gb-mate-gray\/","title":{"rendered":"Port\u00e1til Asus Vivobook M3607H AMD Ryzen 9-270 16GB RAM DDR5, SSD 512GB Mate Gray"},"content":{"rendered":"<h1 data-path-to-node=\"0\">Port\u00e1til Asus Vivobook M3607H: Potencia Ryzen 9 y Pantalla de 16&#8243; para una Productividad Sin L\u00edmites<\/h1>\n<p data-path-to-node=\"1\">\u00bfBuscas una herramienta que siga el ritmo de tu creatividad y exigencia profesional? El <b data-path-to-node=\"1\" data-index-in-node=\"88\">Asus Vivobook M3607H<\/b> no es solo un port\u00e1til, es una estaci\u00f3n de trabajo de alto rendimiento dise\u00f1ada para quienes no aceptan compromisos. Con el poder del procesador <b data-path-to-node=\"1\" data-index-in-node=\"254\">AMD Ryzen\u2122 9 de la serie 200<\/b> y una impresionante pantalla WUXGA de 16 pulgadas, este equipo redefine lo que significa trabajar con fluidez, estilo y eficiencia en cualquier lugar.<\/p>\n<hr data-path-to-node=\"2\" \/>\n<h2 data-path-to-node=\"3\"><\/h2>\n<h2 data-path-to-node=\"3\">Caracter\u00edsticas Principales Asus Vivobook M3607H<\/h2>\n<p>&nbsp;<\/p>\n<ul data-path-to-node=\"4\">\n<li>\n<p data-path-to-node=\"4,0,0\"><b data-path-to-node=\"4,0,0\" data-index-in-node=\"0\">Rendimiento de Vanguardia:<\/b> Equipado con el procesador <a href=\"https:\/\/www.amd.com\/es\/products\/processors\/laptop\/ryzen\/200-series\/amd-ryzen-9-270.html\">AMD<\/a> Ryzen\u2122 9 200 Series, ideal para multitarea pesada, edici\u00f3n y desarrollo.<\/p>\n<\/li>\n<li>\n<p data-path-to-node=\"4,1,0\"><b data-path-to-node=\"4,1,0\" data-index-in-node=\"0\">Experiencia Visual Inmersiva:<\/b> Pantalla de 16&#8243; pulgadas con resoluci\u00f3n WUXGA que ofrece colores vibrantes y un espacio de trabajo expandido.<\/p>\n<\/li>\n<li>\n<p data-path-to-node=\"4,2,0\"><b data-path-to-node=\"4,2,0\" data-index-in-node=\"0\">Velocidad de Nueva Generaci\u00f3n:<\/b> 16GB de memoria RAM DDR5 para una respuesta instant\u00e1nea en todas tus aplicaciones.<\/p>\n<\/li>\n<li>\n<p data-path-to-node=\"4,3,0\"><b data-path-to-node=\"4,3,0\" data-index-in-node=\"0\">Almacenamiento Ultr\u00e1pido:<\/b> Disco s\u00f3lido (SSD) de 512GB que garantiza arranques en segundos y acceso inmediato a tus archivos.<\/p>\n<\/li>\n<li>\n<p data-path-to-node=\"4,4,0\"><b data-path-to-node=\"4,4,0\" data-index-in-node=\"0\">Dise\u00f1o Elegante y Profesional:<\/b> Acabado en color <i data-path-to-node=\"4,4,0\" data-index-in-node=\"48\">Mate Gray<\/i>, sofisticado, resistente y perfecto para cualquier entorno corporativo o creativo.<\/p>\n<\/li>\n<\/ul>\n<p>&nbsp;<\/p>\n<hr data-path-to-node=\"5\" \/>\n<h2 data-path-to-node=\"6\"><\/h2>\n<h2 data-path-to-node=\"6\">Especificaciones T\u00e9cnicas Asus Vivobook M3607H<\/h2>\n<p>&nbsp;<\/p>\n<div class=\"horizontal-scroll-wrapper\">\n<div class=\"table-block-component\">\n<div class=\"table-block has-export-button new-table-style is-at-scroll-start is-at-scroll-end\">\n<div class=\"table-content\" data-hveid=\"0\" data-ved=\"0CAAQ3ecQahcKEwjewJeL7fCTAxUAAAAAHQAAAAAQGg\">\n<table data-path-to-node=\"7\">\n<thead>\n<tr>\n<th><span data-path-to-node=\"7,0,0,0\">Componente<\/span><\/th>\n<th><span data-path-to-node=\"7,0,1,0\">Detalle T\u00e9cnico<\/span><\/th>\n<\/tr>\n<\/thead>\n<tbody>\n<tr>\n<td><span data-path-to-node=\"7,1,0,0\"><b data-path-to-node=\"7,1,0,0\" data-index-in-node=\"0\">Modelo<\/b><\/span><\/td>\n<td><span data-path-to-node=\"7,1,1,0\">Asus Vivobook M3607H<\/span><\/td>\n<\/tr>\n<tr>\n<td><span data-path-to-node=\"7,2,0,0\"><b data-path-to-node=\"7,2,0,0\" data-index-in-node=\"0\">Procesador<\/b><\/span><\/td>\n<td><span data-path-to-node=\"7,2,1,0\">AMD Ryzen\u2122 9 270 200 Series<\/span><\/td>\n<\/tr>\n<tr>\n<td><span data-path-to-node=\"7,3,0,0\"><b data-path-to-node=\"7,3,0,0\" data-index-in-node=\"0\">Memoria RAM<\/b><\/span><\/td>\n<td><span data-path-to-node=\"7,3,1,0\">16GB DDR5 MT\/s<\/span><\/td>\n<\/tr>\n<tr>\n<td><span data-path-to-node=\"7,4,0,0\"><b data-path-to-node=\"7,4,0,0\" data-index-in-node=\"0\">Almacenamiento<\/b><\/span><\/td>\n<td><span data-path-to-node=\"7,4,1,0\">512GB SSD M.2 NVMe\u2122 PCIe\u00ae<\/span><\/td>\n<\/tr>\n<tr>\n<td><span data-path-to-node=\"7,5,0,0\"><b data-path-to-node=\"7,5,0,0\" data-index-in-node=\"0\">Pantalla<\/b><\/span><\/td>\n<td><span data-path-to-node=\"7,5,1,0\">16&#8243; WUXGA (1920 x 1200)<\/span><\/td>\n<\/tr>\n<tr>\n<td><span data-path-to-node=\"7,6,0,0\"><b data-path-to-node=\"7,6,0,0\" data-index-in-node=\"0\">Gr\u00e1ficos<\/b><\/span><\/td>\n<td><span data-path-to-node=\"7,6,1,0\">AMD Radeon\u2122 Graphics (Integrados)<\/span><\/td>\n<\/tr>\n<tr>\n<td><span data-path-to-node=\"7,7,0,0\"><b data-path-to-node=\"7,7,0,0\" data-index-in-node=\"0\">Color<\/b><\/span><\/td>\n<td><span data-path-to-node=\"7,7,1,0\">Mate Gray (Gris Mate)<\/span><\/td>\n<\/tr>\n<tr>\n<td><span data-path-to-node=\"7,8,0,0\"><b data-path-to-node=\"7,8,0,0\" data-index-in-node=\"0\">Conectividad<\/b><\/span><\/td>\n<td><span data-path-to-node=\"7,8,1,0\">Wi-Fi 6E, Bluetooth\u00ae 5.3<\/span><\/td>\n<\/tr>\n<tr>\n<td><span data-path-to-node=\"7,9,0,0\"><b data-path-to-node=\"7,9,0,0\" data-index-in-node=\"0\">Puertos<\/b><\/span><\/td>\n<td><span data-path-to-node=\"7,9,1,0\">USB-C, USB 3.2, HDMI, Audio Combo Jack<\/span><\/td>\n<\/tr>\n<\/tbody>\n<\/table>\n<\/div>\n<\/div>\n<\/div>\n<\/div>\n<hr data-path-to-node=\"8\" \/>\n<h2 data-path-to-node=\"9\"><\/h2>\n<h2 data-path-to-node=\"9\">Beneficios de uso: \u00bfPor qu\u00e9 elegir el Asus Vivobook M3607H?<\/h2>\n<ol start=\"1\" data-path-to-node=\"10\">\n<li>\n<p data-path-to-node=\"10,0,0\"><b data-path-to-node=\"10,0,0\" data-index-in-node=\"0\">Productividad de Nivel Superior:<\/b> Gracias a la arquitectura del Ryzen 9, puedes renderizar videos, analizar grandes bases de datos o ejecutar software de dise\u00f1o sin interrupciones ni sobrecalentamientos.<\/p>\n<\/li>\n<li>\n<p data-path-to-node=\"10,1,0\"><b data-path-to-node=\"10,1,0\" data-index-in-node=\"0\">Confort Visual Extendido:<\/b> La pantalla de 16&#8243; pulgadas con relaci\u00f3n de aspecto optimizada reduce la necesidad de hacer scroll, permiti\u00e9ndote ver m\u00e1s contenido de tus hojas de c\u00e1lculo o l\u00edneas de c\u00f3digo.<\/p>\n<\/li>\n<li>\n<p data-path-to-node=\"10,2,0\"><b data-path-to-node=\"10,2,0\" data-index-in-node=\"0\">Tecnolog\u00eda de Futuro:<\/b> La memoria <b data-path-to-node=\"10,2,0\" data-index-in-node=\"33\">DDR5<\/b> no solo es m\u00e1s r\u00e1pida que la generaci\u00f3n anterior, sino m\u00e1s eficiente, lo que se traduce en un menor consumo de energ\u00eda y mayor estabilidad del sistema.<\/p>\n<\/li>\n<li>\n<p data-path-to-node=\"10,3,0\"><b data-path-to-node=\"10,3,0\" data-index-in-node=\"0\">Portabilidad con Estilo:<\/b> A pesar de su gran pantalla, su dise\u00f1o esbelto permite llevarlo en cualquier mochila est\u00e1ndar, manteniendo un perfil profesional gracias a su acabado <i data-path-to-node=\"10,3,0\" data-index-in-node=\"175\">Mate Gray<\/i>.<\/p>\n<\/li>\n<\/ol>\n<p>&nbsp;<\/p>\n<hr data-path-to-node=\"11\" \/>\n<h2 data-path-to-node=\"12\"><\/h2>\n<h2 data-path-to-node=\"12\">Recomendaciones y Pol\u00edticas de Venta<\/h2>\n<blockquote data-path-to-node=\"13\">\n<p data-path-to-node=\"13,0\"><b data-path-to-node=\"13,0\" data-index-in-node=\"0\">Recomendaciones:<\/b><\/p>\n<ul data-path-to-node=\"13,1\">\n<li>\n<p data-path-to-node=\"13,1,0,0\">Lea cuidadosamente la descripci\u00f3n del producto y condiciones de venta.<\/p>\n<\/li>\n<li>\n<p data-path-to-node=\"13,1,1,0\">Se otorga <b data-path-to-node=\"13,1,1,0\" data-index-in-node=\"10\">1 a\u00f1o de respaldo por defectos de fabricaci\u00f3n<\/b> directamente con la marca, conservando empaques originales. No cubre da\u00f1os por manipulaci\u00f3n no autorizada, golpes, derrames o mal uso.<\/p>\n<\/li>\n<li>\n<p data-path-to-node=\"13,1,2,0\">Las im\u00e1genes son representaciones fotogr\u00e1ficas aproximadas y pueden variar seg\u00fan la resoluci\u00f3n del dispositivo.<\/p>\n<\/li>\n<li>\n<p data-path-to-node=\"13,1,3,0\"><b data-path-to-node=\"13,1,3,0\" data-index-in-node=\"0\">Garant\u00eda:<\/b> Es obligatorio entregar el producto con empaques y accesorios <b data-path-to-node=\"13,1,3,0\" data-index-in-node=\"72\">ORIGINALES<\/b>.<\/p>\n<\/li>\n<li>\n<p data-path-to-node=\"13,1,4,0\"><b data-path-to-node=\"13,1,4,0\" data-index-in-node=\"0\">Factura Legal de Venta:<\/b> Al ser facturaci\u00f3n electr\u00f3nica, <b data-path-to-node=\"13,1,4,0\" data-index-in-node=\"56\">NO se realizan modificaciones ni cambios de datos<\/b> una vez emitida. Por favor, verifica tus datos antes de finalizar la compra.<\/p>\n<\/li>\n<li>&lt;a href=\u00bbhttp:\/\/giftronic04.com\u00bb target=\u00bb_blank\u00bb&gt;giftronic04.com&lt;\/a&gt;<\/li>\n<\/ul>\n<\/blockquote>\n","protected":false},"excerpt":{"rendered":"[video width=\"1920\" height=\"1080\" mp4=\"https:\/\/giftronic04.com\/wp-content\/uploads\/2026\/04\/LOW-1.mp4\"][\/video]\n","protected":false},"featured_media":10190,"comment_status":"open","ping_status":"closed","template":"","meta":{"_surecart_dashboard_logo_width":"180px","_surecart_dashboard_show_logo":true,"_surecart_dashboard_navigation_orders":true,"_surecart_dashboard_navigation_invoices":true,"_surecart_dashboard_navigation_subscriptions":true,"_surecart_dashboard_navigation_downloads":true,"_surecart_dashboard_navigation_billing":true,"_surecart_dashboard_navigation_account":true,"site-sidebar-layout":"default","site-content-layout":"","ast-site-content-layout":"default","site-content-style":"default","site-sidebar-style":"default","ast-global-header-display":"","ast-banner-title-visibility":"","ast-main-header-display":"","ast-hfb-above-header-display":"","ast-hfb-below-header-display":"","ast-hfb-mobile-header-display":"","site-post-title":"","ast-breadcrumbs-content":"","ast-featured-img":"","footer-sml-layout":"","ast-disable-related-posts":"","theme-transparent-header-meta":"default","adv-header-id-meta":"","stick-header-meta":"","header-above-stick-meta":"","header-main-stick-meta":"","header-below-stick-meta":"","astra-migrate-meta-layouts":"set","ast-page-background-enabled":"default","ast-page-background-meta":{"desktop":{"background-color":"var(--ast-global-color-4)","background-image":"","background-repeat":"repeat","background-position":"center center","background-size":"auto","background-attachment":"scroll","background-type":"","background-media":"","overlay-type":"","overlay-color":"","overlay-opacity":"","overlay-gradient":""},"tablet":{"background-color":"","background-image":"","background-repeat":"repeat","background-position":"center center","background-size":"auto","background-attachment":"scroll","background-type":"","background-media":"","overlay-type":"","overlay-color":"","overlay-opacity":"","overlay-gradient":""},"mobile":{"background-color":"","background-image":"","background-repeat":"repeat","background-position":"center center","background-size":"auto","background-attachment":"scroll","background-type":"","background-media":"","overlay-type":"","overlay-color":"","overlay-opacity":"","overlay-gradient":""}},"ast-content-background-meta":{"desktop":{"background-color":"var(--ast-global-color-5)","background-image":"","background-repeat":"repeat","background-position":"center center","background-size":"auto","background-attachment":"scroll","background-type":"","background-media":"","overlay-type":"","overlay-color":"","overlay-opacity":"","overlay-gradient":""},"tablet":{"background-color":"var(--ast-global-color-5)","background-image":"","background-repeat":"repeat","background-position":"center center","background-size":"auto","background-attachment":"scroll","background-type":"","background-media":"","overlay-type":"","overlay-color":"","overlay-opacity":"","overlay-gradient":""},"mobile":{"background-color":"var(--ast-global-color-5)","background-image":"","background-repeat":"repeat","background-position":"center center","background-size":"auto","background-attachment":"scroll","background-type":"","background-media":"","overlay-type":"","overlay-color":"","overlay-opacity":"","overlay-gradient":""}}},"product_brand":[],"product_cat":[22,30],"product_tag":[],"class_list":{"0":"post-10189","1":"product","2":"type-product","3":"status-publish","4":"has-post-thumbnail","6":"product_cat-computacion","7":"product_cat-componentes-de-pc-portatiles","8":"desktop-align-left","9":"tablet-align-left","10":"mobile-align-left","12":"first","13":"instock","14":"sale","15":"taxable","16":"shipping-taxable","17":"purchasable","18":"product-type-simple"},"yoast_head":"<!-- This site is optimized with the Yoast SEO plugin v27.4 - https:\/\/yoast.com\/product\/yoast-seo-wordpress\/ -->\n<title>Asus Vivobook M3607H | Ryzen 9 | 16GB RAM | 16&quot; WUXGA Mate<\/title>\n<meta name=\"description\" content=\"Compra el Asus Vivobook M3607H: Procesador Ryzen 9, 16GB RAM DDR5 y pantalla de 16&quot;. Potencia y elegancia en Mate Gray. \u00a1Garant\u00eda oficial y env\u00edo r\u00e1pido!\" \/>\n<meta name=\"robots\" content=\"index, follow, max-snippet:-1, max-image-preview:large, max-video-preview:-1\" \/>\n<link rel=\"canonical\" href=\"https:\/\/giftronic04.com\/index.php\/product\/portatil-asus-vivobook-m3607h-amd-ryzen-9-270-16gb-ram-ddr5-ssd-512gb-mate-gray\/\" \/>\n<meta property=\"og:locale\" content=\"es_ES\" \/>\n<meta property=\"og:type\" content=\"article\" \/>\n<meta property=\"og:title\" content=\"Asus Vivobook M3607H | Ryzen 9 | 16GB RAM | 16&quot; WUXGA Mate\" \/>\n<meta property=\"og:description\" content=\"Compra el Asus Vivobook M3607H: Procesador Ryzen 9, 16GB RAM DDR5 y pantalla de 16&quot;. Potencia y elegancia en Mate Gray. \u00a1Garant\u00eda oficial y env\u00edo r\u00e1pido!\" \/>\n<meta property=\"og:url\" content=\"https:\/\/giftronic04.com\/index.php\/product\/portatil-asus-vivobook-m3607h-amd-ryzen-9-270-16gb-ram-ddr5-ssd-512gb-mate-gray\/\" \/>\n<meta property=\"og:site_name\" content=\"Giftronic.04\" \/>\n<meta property=\"article:modified_time\" content=\"2026-04-16T22:40:04+00:00\" \/>\n<meta property=\"og:image\" content=\"https:\/\/giftronic04.com\/wp-content\/uploads\/2026\/04\/LOGO-5.jpg\" \/>\n\t<meta property=\"og:image:width\" content=\"2000\" \/>\n\t<meta property=\"og:image:height\" content=\"2000\" \/>\n\t<meta property=\"og:image:type\" content=\"image\/jpeg\" \/>\n<meta name=\"twitter:card\" content=\"summary_large_image\" \/>\n<meta name=\"twitter:label1\" content=\"Tiempo de lectura\" \/>\n\t<meta name=\"twitter:data1\" content=\"2 minutos\" \/>\n<script type=\"application\/ld+json\" class=\"yoast-schema-graph\">{\"@context\":\"https:\\\/\\\/schema.org\",\"@graph\":[{\"@type\":\"WebPage\",\"@id\":\"https:\\\/\\\/giftronic04.com\\\/index.php\\\/product\\\/portatil-asus-vivobook-m3607h-amd-ryzen-9-270-16gb-ram-ddr5-ssd-512gb-mate-gray\\\/\",\"url\":\"https:\\\/\\\/giftronic04.com\\\/index.php\\\/product\\\/portatil-asus-vivobook-m3607h-amd-ryzen-9-270-16gb-ram-ddr5-ssd-512gb-mate-gray\\\/\",\"name\":\"Asus Vivobook M3607H | Ryzen 9 | 16GB RAM | 16\\\" WUXGA Mate\",\"isPartOf\":{\"@id\":\"https:\\\/\\\/giftronic04.com\\\/#website\"},\"primaryImageOfPage\":{\"@id\":\"https:\\\/\\\/giftronic04.com\\\/index.php\\\/product\\\/portatil-asus-vivobook-m3607h-amd-ryzen-9-270-16gb-ram-ddr5-ssd-512gb-mate-gray\\\/#primaryimage\"},\"image\":{\"@id\":\"https:\\\/\\\/giftronic04.com\\\/index.php\\\/product\\\/portatil-asus-vivobook-m3607h-amd-ryzen-9-270-16gb-ram-ddr5-ssd-512gb-mate-gray\\\/#primaryimage\"},\"thumbnailUrl\":\"https:\\\/\\\/giftronic04.com\\\/wp-content\\\/uploads\\\/2026\\\/04\\\/LOGO-5.jpg\",\"datePublished\":\"2026-04-15T22:30:52+00:00\",\"dateModified\":\"2026-04-16T22:40:04+00:00\",\"description\":\"Compra el Asus Vivobook M3607H: Procesador Ryzen 9, 16GB RAM DDR5 y pantalla de 16\\\". Potencia y elegancia en Mate Gray. \u00a1Garant\u00eda oficial y env\u00edo r\u00e1pido!\",\"breadcrumb\":{\"@id\":\"https:\\\/\\\/giftronic04.com\\\/index.php\\\/product\\\/portatil-asus-vivobook-m3607h-amd-ryzen-9-270-16gb-ram-ddr5-ssd-512gb-mate-gray\\\/#breadcrumb\"},\"inLanguage\":\"es\",\"potentialAction\":[{\"@type\":\"ReadAction\",\"target\":[\"https:\\\/\\\/giftronic04.com\\\/index.php\\\/product\\\/portatil-asus-vivobook-m3607h-amd-ryzen-9-270-16gb-ram-ddr5-ssd-512gb-mate-gray\\\/\"]}]},{\"@type\":\"ImageObject\",\"inLanguage\":\"es\",\"@id\":\"https:\\\/\\\/giftronic04.com\\\/index.php\\\/product\\\/portatil-asus-vivobook-m3607h-amd-ryzen-9-270-16gb-ram-ddr5-ssd-512gb-mate-gray\\\/#primaryimage\",\"url\":\"https:\\\/\\\/giftronic04.com\\\/wp-content\\\/uploads\\\/2026\\\/04\\\/LOGO-5.jpg\",\"contentUrl\":\"https:\\\/\\\/giftronic04.com\\\/wp-content\\\/uploads\\\/2026\\\/04\\\/LOGO-5.jpg\",\"width\":2000,\"height\":2000},{\"@type\":\"BreadcrumbList\",\"@id\":\"https:\\\/\\\/giftronic04.com\\\/index.php\\\/product\\\/portatil-asus-vivobook-m3607h-amd-ryzen-9-270-16gb-ram-ddr5-ssd-512gb-mate-gray\\\/#breadcrumb\",\"itemListElement\":[{\"@type\":\"ListItem\",\"position\":1,\"name\":\"Portada\",\"item\":\"https:\\\/\\\/giftronic04.com\\\/\"},{\"@type\":\"ListItem\",\"position\":2,\"name\":\"Tienda\",\"item\":\"https:\\\/\\\/giftronic04.com\\\/index.php\\\/shop\\\/\"},{\"@type\":\"ListItem\",\"position\":3,\"name\":\"Port\u00e1til Asus Vivobook M3607H AMD Ryzen 9-270 16GB RAM DDR5, SSD 512GB Mate Gray\"}]},{\"@type\":\"WebSite\",\"@id\":\"https:\\\/\\\/giftronic04.com\\\/#website\",\"url\":\"https:\\\/\\\/giftronic04.com\\\/\",\"name\":\"Giftronic.04\",\"description\":\"Venta de equipos tecnologicos\",\"publisher\":{\"@id\":\"https:\\\/\\\/giftronic04.com\\\/#organization\"},\"potentialAction\":[{\"@type\":\"SearchAction\",\"target\":{\"@type\":\"EntryPoint\",\"urlTemplate\":\"https:\\\/\\\/giftronic04.com\\\/?s={search_term_string}\"},\"query-input\":{\"@type\":\"PropertyValueSpecification\",\"valueRequired\":true,\"valueName\":\"search_term_string\"}}],\"inLanguage\":\"es\"},{\"@type\":\"Organization\",\"@id\":\"https:\\\/\\\/giftronic04.com\\\/#organization\",\"name\":\"giftronic04\",\"url\":\"https:\\\/\\\/giftronic04.com\\\/\",\"logo\":{\"@type\":\"ImageObject\",\"inLanguage\":\"es\",\"@id\":\"https:\\\/\\\/giftronic04.com\\\/#\\\/schema\\\/logo\\\/image\\\/\",\"url\":\"https:\\\/\\\/giftronic04.com\\\/wp-content\\\/uploads\\\/2021\\\/08\\\/logo.png\",\"contentUrl\":\"https:\\\/\\\/giftronic04.com\\\/wp-content\\\/uploads\\\/2021\\\/08\\\/logo.png\",\"width\":6640,\"height\":2192,\"caption\":\"giftronic04\"},\"image\":{\"@id\":\"https:\\\/\\\/giftronic04.com\\\/#\\\/schema\\\/logo\\\/image\\\/\"},\"sameAs\":[\"https:\\\/\\\/www.instagram.com\\\/giftronic.04\\\/\"]}]}<\/script>\n<!-- \/ Yoast SEO plugin. -->","yoast_head_json":{"title":"Asus Vivobook M3607H | Ryzen 9 | 16GB RAM | 16\" WUXGA Mate","description":"Compra el Asus Vivobook M3607H: Procesador Ryzen 9, 16GB RAM DDR5 y pantalla de 16\". Potencia y elegancia en Mate Gray. \u00a1Garant\u00eda oficial y env\u00edo r\u00e1pido!","robots":{"index":"index","follow":"follow","max-snippet":"max-snippet:-1","max-image-preview":"max-image-preview:large","max-video-preview":"max-video-preview:-1"},"canonical":"https:\/\/giftronic04.com\/index.php\/product\/portatil-asus-vivobook-m3607h-amd-ryzen-9-270-16gb-ram-ddr5-ssd-512gb-mate-gray\/","og_locale":"es_ES","og_type":"article","og_title":"Asus Vivobook M3607H | Ryzen 9 | 16GB RAM | 16\" WUXGA Mate","og_description":"Compra el Asus Vivobook M3607H: Procesador Ryzen 9, 16GB RAM DDR5 y pantalla de 16\". Potencia y elegancia en Mate Gray. \u00a1Garant\u00eda oficial y env\u00edo r\u00e1pido!","og_url":"https:\/\/giftronic04.com\/index.php\/product\/portatil-asus-vivobook-m3607h-amd-ryzen-9-270-16gb-ram-ddr5-ssd-512gb-mate-gray\/","og_site_name":"Giftronic.04","article_modified_time":"2026-04-16T22:40:04+00:00","og_image":[{"width":2000,"height":2000,"url":"https:\/\/giftronic04.com\/wp-content\/uploads\/2026\/04\/LOGO-5.jpg","type":"image\/jpeg"}],"twitter_card":"summary_large_image","twitter_misc":{"Tiempo de lectura":"2 minutos"},"schema":{"@context":"https:\/\/schema.org","@graph":[{"@type":"WebPage","@id":"https:\/\/giftronic04.com\/index.php\/product\/portatil-asus-vivobook-m3607h-amd-ryzen-9-270-16gb-ram-ddr5-ssd-512gb-mate-gray\/","url":"https:\/\/giftronic04.com\/index.php\/product\/portatil-asus-vivobook-m3607h-amd-ryzen-9-270-16gb-ram-ddr5-ssd-512gb-mate-gray\/","name":"Asus Vivobook M3607H | Ryzen 9 | 16GB RAM | 16\" WUXGA Mate","isPartOf":{"@id":"https:\/\/giftronic04.com\/#website"},"primaryImageOfPage":{"@id":"https:\/\/giftronic04.com\/index.php\/product\/portatil-asus-vivobook-m3607h-amd-ryzen-9-270-16gb-ram-ddr5-ssd-512gb-mate-gray\/#primaryimage"},"image":{"@id":"https:\/\/giftronic04.com\/index.php\/product\/portatil-asus-vivobook-m3607h-amd-ryzen-9-270-16gb-ram-ddr5-ssd-512gb-mate-gray\/#primaryimage"},"thumbnailUrl":"https:\/\/giftronic04.com\/wp-content\/uploads\/2026\/04\/LOGO-5.jpg","datePublished":"2026-04-15T22:30:52+00:00","dateModified":"2026-04-16T22:40:04+00:00","description":"Compra el Asus Vivobook M3607H: Procesador Ryzen 9, 16GB RAM DDR5 y pantalla de 16\". Potencia y elegancia en Mate Gray. \u00a1Garant\u00eda oficial y env\u00edo r\u00e1pido!","breadcrumb":{"@id":"https:\/\/giftronic04.com\/index.php\/product\/portatil-asus-vivobook-m3607h-amd-ryzen-9-270-16gb-ram-ddr5-ssd-512gb-mate-gray\/#breadcrumb"},"inLanguage":"es","potentialAction":[{"@type":"ReadAction","target":["https:\/\/giftronic04.com\/index.php\/product\/portatil-asus-vivobook-m3607h-amd-ryzen-9-270-16gb-ram-ddr5-ssd-512gb-mate-gray\/"]}]},{"@type":"ImageObject","inLanguage":"es","@id":"https:\/\/giftronic04.com\/index.php\/product\/portatil-asus-vivobook-m3607h-amd-ryzen-9-270-16gb-ram-ddr5-ssd-512gb-mate-gray\/#primaryimage","url":"https:\/\/giftronic04.com\/wp-content\/uploads\/2026\/04\/LOGO-5.jpg","contentUrl":"https:\/\/giftronic04.com\/wp-content\/uploads\/2026\/04\/LOGO-5.jpg","width":2000,"height":2000},{"@type":"BreadcrumbList","@id":"https:\/\/giftronic04.com\/index.php\/product\/portatil-asus-vivobook-m3607h-amd-ryzen-9-270-16gb-ram-ddr5-ssd-512gb-mate-gray\/#breadcrumb","itemListElement":[{"@type":"ListItem","position":1,"name":"Portada","item":"https:\/\/giftronic04.com\/"},{"@type":"ListItem","position":2,"name":"Tienda","item":"https:\/\/giftronic04.com\/index.php\/shop\/"},{"@type":"ListItem","position":3,"name":"Port\u00e1til Asus Vivobook M3607H AMD Ryzen 9-270 16GB RAM DDR5, SSD 512GB Mate Gray"}]},{"@type":"WebSite","@id":"https:\/\/giftronic04.com\/#website","url":"https:\/\/giftronic04.com\/","name":"Giftronic.04","description":"Venta de equipos tecnologicos","publisher":{"@id":"https:\/\/giftronic04.com\/#organization"},"potentialAction":[{"@type":"SearchAction","target":{"@type":"EntryPoint","urlTemplate":"https:\/\/giftronic04.com\/?s={search_term_string}"},"query-input":{"@type":"PropertyValueSpecification","valueRequired":true,"valueName":"search_term_string"}}],"inLanguage":"es"},{"@type":"Organization","@id":"https:\/\/giftronic04.com\/#organization","name":"giftronic04","url":"https:\/\/giftronic04.com\/","logo":{"@type":"ImageObject","inLanguage":"es","@id":"https:\/\/giftronic04.com\/#\/schema\/logo\/image\/","url":"https:\/\/giftronic04.com\/wp-content\/uploads\/2021\/08\/logo.png","contentUrl":"https:\/\/giftronic04.com\/wp-content\/uploads\/2021\/08\/logo.png","width":6640,"height":2192,"caption":"giftronic04"},"image":{"@id":"https:\/\/giftronic04.com\/#\/schema\/logo\/image\/"},"sameAs":["https:\/\/www.instagram.com\/giftronic.04\/"]}]}},"jetpack_sharing_enabled":true,"_links":{"self":[{"href":"https:\/\/giftronic04.com\/index.php\/wp-json\/wp\/v2\/product\/10189","targetHints":{"allow":["GET"]}}],"collection":[{"href":"https:\/\/giftronic04.com\/index.php\/wp-json\/wp\/v2\/product"}],"about":[{"href":"https:\/\/giftronic04.com\/index.php\/wp-json\/wp\/v2\/types\/product"}],"replies":[{"embeddable":true,"href":"https:\/\/giftronic04.com\/index.php\/wp-json\/wp\/v2\/comments?post=10189"}],"wp:featuredmedia":[{"embeddable":true,"href":"https:\/\/giftronic04.com\/index.php\/wp-json\/wp\/v2\/media\/10190"}],"wp:attachment":[{"href":"https:\/\/giftronic04.com\/index.php\/wp-json\/wp\/v2\/media?parent=10189"}],"wp:term":[{"taxonomy":"product_brand","embeddable":true,"href":"https:\/\/giftronic04.com\/index.php\/wp-json\/wp\/v2\/product_brand?post=10189"},{"taxonomy":"product_cat","embeddable":true,"href":"https:\/\/giftronic04.com\/index.php\/wp-json\/wp\/v2\/product_cat?post=10189"},{"taxonomy":"product_tag","embeddable":true,"href":"https:\/\/giftronic04.com\/index.php\/wp-json\/wp\/v2\/product_tag?post=10189"}],"curies":[{"name":"wp","href":"https:\/\/api.w.org\/{rel}","templated":true}]}}