{"id":10207,"date":"2026-04-20T14:00:07","date_gmt":"2026-04-20T19:00:07","guid":{"rendered":"https:\/\/giftronic04.com\/?post_type=product&#038;p=10207"},"modified":"2026-04-20T14:01:16","modified_gmt":"2026-04-20T19:01:16","slug":"portatil-gamer-acer-nitro-lite-16-intel-core-5-16gb-ddr5-512gb-ssd-rtx3050-6gb","status":"publish","type":"product","link":"https:\/\/giftronic04.com\/index.php\/product\/portatil-gamer-acer-nitro-lite-16-intel-core-5-16gb-ddr5-512gb-ssd-rtx3050-6gb\/","title":{"rendered":"Port\u00e1til Gamer Acer Nitro Lite 16&#8243; | Intel Core 5 | 16GB DDR5 | 512GB SSD | RTX3050 6GB Negro"},"content":{"rendered":"<h1 data-path-to-node=\"2\">Port\u00e1til Gamer Acer Nitro Lite 16&#8243; WUXGA 165Hz: Intel Core 5, 16GB RAM, RTX 3050 6GB<\/h1>\n<p>&nbsp;<\/p>\n<p data-path-to-node=\"3\">Lleva tu experiencia de juego al siguiente nivel con el <b data-path-to-node=\"3\" data-index-in-node=\"56\">Acer Nitro Lite 16 (NL16-71G-5616)<\/b>. Dise\u00f1ado para ofrecer una fluidez excepcional gracias a su pantalla de 165Hz y el respaldo de la arquitectura de vanguardia de Intel y NVIDIA, este port\u00e1til es la herramienta definitiva para quienes buscan rendimiento competitivo, multitarea eficiente y un estilo visual impecable sin compromisos.<\/p>\n<hr data-path-to-node=\"4\" \/>\n<h2 data-path-to-node=\"5\"><\/h2>\n<h2 data-path-to-node=\"5\">Caracter\u00edsticas Principales Acer Nitro Lite 16<\/h2>\n<p>&nbsp;<\/p>\n<ul data-path-to-node=\"6\">\n<li>\n<p data-path-to-node=\"6,0,0\"><b data-path-to-node=\"6,0,0\" data-index-in-node=\"0\">Pantalla WUXGA de 16&#8243; a 165Hz:<\/b> Disfruta de im\u00e1genes n\u00edtidas y una fluidez extrema que elimina el desenfoque de movimiento en tus partidas competitivas.<\/p>\n<\/li>\n<li>\n<p data-path-to-node=\"6,1,0\"><b data-path-to-node=\"6,1,0\" data-index-in-node=\"0\">Procesador Intel Core 5-210H:<\/b> Potencia de \u00faltima generaci\u00f3n dise\u00f1ada para maximizar el rendimiento en juegos y aplicaciones exigentes.<\/p>\n<\/li>\n<li>\n<p data-path-to-node=\"6,2,0\"><b data-path-to-node=\"6,2,0\" data-index-in-node=\"0\">Gr\u00e1ficos NVIDIA GeForce RTX 3050 (6GB GDDR6):<\/b> Experimenta trazado de rayos y funciones de IA que transforman la calidad visual de tus t\u00edtulos favoritos.<\/p>\n<\/li>\n<li>\n<p data-path-to-node=\"6,3,0\"><b data-path-to-node=\"6,3,0\" data-index-in-node=\"0\">Memoria RAM de 16GB DDR5:<\/b> Velocidad de procesamiento superior para una multitarea real y sin interrupciones.<\/p>\n<\/li>\n<li>\n<p data-path-to-node=\"6,4,0\"><b data-path-to-node=\"6,4,0\" data-index-in-node=\"0\">Almacenamiento SSD de 512GB NVMe:<\/b> Tiempos de carga ultra r\u00e1pidos para que pases m\u00e1s tiempo jugando y menos tiempo esperando.<\/p>\n<\/li>\n<\/ul>\n<p>&nbsp;<\/p>\n<hr data-path-to-node=\"7\" \/>\n<h2 data-path-to-node=\"8\"><\/h2>\n<h2 data-path-to-node=\"8\">Especificaciones T\u00e9cnicas Acer Nitro Lite 16<\/h2>\n<p>&nbsp;<\/p>\n<div class=\"horizontal-scroll-wrapper\">\n<div class=\"table-block-component\">\n<div class=\"table-block has-export-button new-table-style is-at-scroll-start is-at-scroll-end\">\n<div class=\"table-content\" data-hveid=\"0\" data-ved=\"0CAAQ3ecQahcKEwi-ju_fi_2TAxUAAAAAHQAAAAAQGw\">\n<table data-path-to-node=\"9\">\n<thead>\n<tr>\n<th><span data-path-to-node=\"9,0,0,0\">Componente<\/span><\/th>\n<th><span data-path-to-node=\"9,0,1,0\">Detalle T\u00e9cnico<\/span><\/th>\n<\/tr>\n<\/thead>\n<tbody>\n<tr>\n<td><span data-path-to-node=\"9,1,0,0\"><b data-path-to-node=\"9,1,0,0\" data-index-in-node=\"0\">Modelo<\/b><\/span><\/td>\n<td><span data-path-to-node=\"9,1,1,0\">Acer Nitro Lite 16 NL16-71G-5616<\/span><\/td>\n<\/tr>\n<tr>\n<td><span data-path-to-node=\"9,2,0,0\"><b data-path-to-node=\"9,2,0,0\" data-index-in-node=\"0\">Procesador<\/b><\/span><\/td>\n<td><span data-path-to-node=\"9,2,1,0\"><span data-path-to-node=\"9,2,1,0\"><a href=\"https:\/\/www.intel.la\/content\/www\/xl\/es\/products\/sku\/241652\/intel-core-5-processor-210h-12m-cache-up-to-4-80-ghz\/ordering.html\">Intel<\/a> Core 5-210H <\/span><\/span>(12M Cache, up to 4.80 GHz)<\/td>\n<\/tr>\n<tr>\n<td><span data-path-to-node=\"9,3,0,0\"><b data-path-to-node=\"9,3,0,0\" data-index-in-node=\"0\">Memoria RAM<\/b><\/span><\/td>\n<td><span data-path-to-node=\"9,3,1,0\">16GB DDR5<\/span><\/td>\n<\/tr>\n<tr>\n<td><span data-path-to-node=\"9,4,0,0\"><b data-path-to-node=\"9,4,0,0\" data-index-in-node=\"0\">Almacenamiento<\/b><\/span><\/td>\n<td><span data-path-to-node=\"9,4,1,0\">512GB SSD PCIe NVMe<\/span><\/td>\n<\/tr>\n<tr>\n<td><span data-path-to-node=\"9,5,0,0\"><b data-path-to-node=\"9,5,0,0\" data-index-in-node=\"0\">Tarjeta de Video<\/b><\/span><\/td>\n<td><span data-path-to-node=\"9,5,1,0\">NVIDIA\u00ae GeForce RTX\u2122 3050 6GB GDDR6<\/span><\/td>\n<\/tr>\n<tr>\n<td><span data-path-to-node=\"9,6,0,0\"><b data-path-to-node=\"9,6,0,0\" data-index-in-node=\"0\">Pantalla<\/b><\/span><\/td>\n<td><span data-path-to-node=\"9,6,1,0\">16&#8243; WUXGA (1920 x 1200) IPS<\/span><\/td>\n<\/tr>\n<tr>\n<td><span data-path-to-node=\"9,7,0,0\"><b data-path-to-node=\"9,7,0,0\" data-index-in-node=\"0\">Tasa de Refresco<\/b><\/span><\/td>\n<td><span data-path-to-node=\"9,7,1,0\">165Hz<\/span><\/td>\n<\/tr>\n<tr>\n<td><span data-path-to-node=\"9,8,0,0\"><b data-path-to-node=\"9,8,0,0\" data-index-in-node=\"0\">Conectividad<\/b><\/span><\/td>\n<td><span data-path-to-node=\"9,8,1,0\">Wi-Fi 6, Bluetooth, Ethernet RJ-45<\/span><\/td>\n<\/tr>\n<tr>\n<td><span data-path-to-node=\"9,9,0,0\"><b data-path-to-node=\"9,9,0,0\" data-index-in-node=\"0\">Puertos<\/b><\/span><\/td>\n<td><span data-path-to-node=\"9,9,1,0\">HDMI 2.1, USB 3.2 Gen 2, USB-C (Thunderbolt 4)<\/span><\/td>\n<\/tr>\n<\/tbody>\n<\/table>\n<\/div>\n<div class=\"table-footer hide-from-message-actions\"><\/div>\n<\/div>\n<\/div>\n<\/div>\n<hr data-path-to-node=\"10\" \/>\n<h2 data-path-to-node=\"11\"><\/h2>\n<h2 data-path-to-node=\"11\">\u00bfPor qu\u00e9 elegir el Acer Nitro Lite 16?<\/h2>\n<p>&nbsp;<\/p>\n<ol start=\"1\" data-path-to-node=\"12\">\n<li>\n<p data-path-to-node=\"12,0,0\"><b data-path-to-node=\"12,0,0\" data-index-in-node=\"0\">Dominio en el Juego:<\/b> La combinaci\u00f3n del panel de 165Hz y la RTX 3050 de 6GB te otorga una ventaja competitiva, permiti\u00e9ndote reaccionar m\u00e1s r\u00e1pido que tus oponentes con una precisi\u00f3n visual total.<\/p>\n<\/li>\n<li>\n<p data-path-to-node=\"12,1,0\"><b data-path-to-node=\"12,1,0\" data-index-in-node=\"0\">Tecnolog\u00eda de Memoria Futura:<\/b> Al integrar <b data-path-to-node=\"12,1,0\" data-index-in-node=\"42\">RAM DDR5<\/b>, este equipo no solo es r\u00e1pido hoy, sino que est\u00e1 preparado para los est\u00e1ndares de software de los pr\u00f3ximos a\u00f1os.<\/p>\n<\/li>\n<li>\n<p data-path-to-node=\"12,2,0\"><b data-path-to-node=\"12,2,0\" data-index-in-node=\"0\">Sistema de Enfriamiento Avanzado:<\/b> La l\u00ednea Nitro es reconocida por su gesti\u00f3n t\u00e9rmica; juega durante horas manteniendo temperaturas \u00f3ptimas para proteger tus componentes.<\/p>\n<\/li>\n<li>\n<p data-path-to-node=\"12,3,0\"><b data-path-to-node=\"12,3,0\" data-index-in-node=\"0\">Productividad Vers\u00e1til:<\/b> Gracias a su formato de pantalla 16:10 y su potente procesador, es el aliado perfecto para edici\u00f3n de video, dise\u00f1o gr\u00e1fico y creaci\u00f3n de contenido.<\/p>\n<\/li>\n<\/ol>\n<p>&nbsp;<\/p>\n<hr data-path-to-node=\"13\" \/>\n<h2 data-path-to-node=\"14\"><\/h2>\n<h2 data-path-to-node=\"14\">Recomendaciones y Pol\u00edticas<\/h2>\n<p>&nbsp;<\/p>\n<p data-path-to-node=\"15\"><b data-path-to-node=\"15\" data-index-in-node=\"0\">Recomendaciones:<\/b><\/p>\n<ul data-path-to-node=\"16\">\n<li>\n<p data-path-to-node=\"16,0,0\">Lea cuidadosamente la descripci\u00f3n del producto y condiciones de venta.<\/p>\n<\/li>\n<li>\n<p data-path-to-node=\"16,1,0\">Se otorga 1 a\u00f1o de respaldo por defectos de fabricaci\u00f3n directamente con la marca, conservando empaques originales. No cubre da\u00f1os por manipulaci\u00f3n no autorizada, golpes, derrames o mal uso.<\/p>\n<\/li>\n<li>\n<p data-path-to-node=\"16,2,0\">Las im\u00e1genes son representaciones fotogr\u00e1ficas aproximadas y pueden variar seg\u00fan la resoluci\u00f3n del dispositivo.<\/p>\n<\/li>\n<li>\n<p data-path-to-node=\"16,3,0\"><b data-path-to-node=\"16,3,0\" data-index-in-node=\"0\">Garant\u00eda:<\/b> Es obligatorio entregar el producto con empaques y accesorios ORIGINALES.<\/p>\n<\/li>\n<li>\n<p data-path-to-node=\"16,4,0\"><b data-path-to-node=\"16,4,0\" data-index-in-node=\"0\">Factura Legal de Venta:<\/b> Al ser facturaci\u00f3n electr\u00f3nica, NO se realizan modificaciones ni cambios de datos una vez emitida. Por favor, verifica tus datos antes de finalizar la compra.<\/p>\n<\/li>\n<li>&lt;a href=\u00bbhttp:\/\/giftronic04.com\u00bb target=\u00bb_blank\u00bb&gt;giftronic04.com&lt;\/a&gt;<\/li>\n<\/ul>\n<p>&nbsp;<\/p>\n","protected":false},"excerpt":{"rendered":"<p>Port\u00e1til Gamer Acer Nitro Lite 16&#8243; WUXGA 165Hz: Intel Core 5, 16GB RAM, RTX 3050 6GB &nbsp; Lleva tu experiencia de juego al siguiente nivel con el Acer Nitro Lite 16 (NL16-71G-5616). Dise\u00f1ado para ofrecer una fluidez excepcional gracias a su pantalla de 165Hz y el respaldo de la arquitectura de vanguardia de Intel y [&hellip;]<\/p>\n","protected":false},"featured_media":10209,"comment_status":"open","ping_status":"closed","template":"","meta":{"_surecart_dashboard_logo_width":"180px","_surecart_dashboard_show_logo":true,"_surecart_dashboard_navigation_orders":true,"_surecart_dashboard_navigation_invoices":true,"_surecart_dashboard_navigation_subscriptions":true,"_surecart_dashboard_navigation_downloads":true,"_surecart_dashboard_navigation_billing":true,"_surecart_dashboard_navigation_account":true,"site-sidebar-layout":"default","site-content-layout":"","ast-site-content-layout":"default","site-content-style":"default","site-sidebar-style":"default","ast-global-header-display":"","ast-banner-title-visibility":"","ast-main-header-display":"","ast-hfb-above-header-display":"","ast-hfb-below-header-display":"","ast-hfb-mobile-header-display":"","site-post-title":"","ast-breadcrumbs-content":"","ast-featured-img":"","footer-sml-layout":"","ast-disable-related-posts":"","theme-transparent-header-meta":"default","adv-header-id-meta":"","stick-header-meta":"","header-above-stick-meta":"","header-main-stick-meta":"","header-below-stick-meta":"","astra-migrate-meta-layouts":"set","ast-page-background-enabled":"default","ast-page-background-meta":{"desktop":{"background-color":"var(--ast-global-color-4)","background-image":"","background-repeat":"repeat","background-position":"center center","background-size":"auto","background-attachment":"scroll","background-type":"","background-media":"","overlay-type":"","overlay-color":"","overlay-opacity":"","overlay-gradient":""},"tablet":{"background-color":"","background-image":"","background-repeat":"repeat","background-position":"center center","background-size":"auto","background-attachment":"scroll","background-type":"","background-media":"","overlay-type":"","overlay-color":"","overlay-opacity":"","overlay-gradient":""},"mobile":{"background-color":"","background-image":"","background-repeat":"repeat","background-position":"center center","background-size":"auto","background-attachment":"scroll","background-type":"","background-media":"","overlay-type":"","overlay-color":"","overlay-opacity":"","overlay-gradient":""}},"ast-content-background-meta":{"desktop":{"background-color":"var(--ast-global-color-5)","background-image":"","background-repeat":"repeat","background-position":"center center","background-size":"auto","background-attachment":"scroll","background-type":"","background-media":"","overlay-type":"","overlay-color":"","overlay-opacity":"","overlay-gradient":""},"tablet":{"background-color":"var(--ast-global-color-5)","background-image":"","background-repeat":"repeat","background-position":"center center","background-size":"auto","background-attachment":"scroll","background-type":"","background-media":"","overlay-type":"","overlay-color":"","overlay-opacity":"","overlay-gradient":""},"mobile":{"background-color":"var(--ast-global-color-5)","background-image":"","background-repeat":"repeat","background-position":"center center","background-size":"auto","background-attachment":"scroll","background-type":"","background-media":"","overlay-type":"","overlay-color":"","overlay-opacity":"","overlay-gradient":""}}},"product_brand":[],"product_cat":[22,30],"product_tag":[],"class_list":{"0":"post-10207","1":"product","2":"type-product","3":"status-publish","4":"has-post-thumbnail","6":"product_cat-computacion","7":"product_cat-componentes-de-pc-portatiles","8":"desktop-align-left","9":"tablet-align-left","10":"mobile-align-left","12":"first","13":"instock","14":"sale","15":"taxable","16":"shipping-taxable","17":"purchasable","18":"product-type-simple"},"yoast_head":"<!-- This site is optimized with the Yoast SEO plugin v27.4 - https:\/\/yoast.com\/product\/yoast-seo-wordpress\/ -->\n<title>Acer Nitro Lite 16 | Intel Core 5 | RTX 3050 6GB | 165Hz Gaming<\/title>\n<meta name=\"description\" content=\"Compra el Acer Nitro Lite 16: Intel Core 5, 16GB DDR5 y RTX 3050 6GB. Pantalla de 165Hz para gaming extremo. \u00a1Potencia y velocidad al mejor precio aqu\u00ed!\" \/>\n<meta name=\"robots\" content=\"index, follow, max-snippet:-1, max-image-preview:large, max-video-preview:-1\" \/>\n<link rel=\"canonical\" href=\"https:\/\/giftronic04.com\/index.php\/product\/portatil-gamer-acer-nitro-lite-16-intel-core-5-16gb-ddr5-512gb-ssd-rtx3050-6gb\/\" \/>\n<meta property=\"og:locale\" content=\"es_ES\" \/>\n<meta property=\"og:type\" content=\"article\" \/>\n<meta property=\"og:title\" content=\"Acer Nitro Lite 16 | Intel Core 5 | RTX 3050 6GB | 165Hz Gaming\" \/>\n<meta property=\"og:description\" content=\"Compra el Acer Nitro Lite 16: Intel Core 5, 16GB DDR5 y RTX 3050 6GB. Pantalla de 165Hz para gaming extremo. \u00a1Potencia y velocidad al mejor precio aqu\u00ed!\" \/>\n<meta property=\"og:url\" content=\"https:\/\/giftronic04.com\/index.php\/product\/portatil-gamer-acer-nitro-lite-16-intel-core-5-16gb-ddr5-512gb-ssd-rtx3050-6gb\/\" \/>\n<meta property=\"og:site_name\" content=\"Giftronic.04\" \/>\n<meta property=\"article:modified_time\" content=\"2026-04-20T19:01:16+00:00\" \/>\n<meta property=\"og:image\" content=\"https:\/\/giftronic04.com\/wp-content\/uploads\/2026\/04\/LOGO-6.jpg\" \/>\n\t<meta property=\"og:image:width\" content=\"2000\" \/>\n\t<meta property=\"og:image:height\" content=\"2000\" \/>\n\t<meta property=\"og:image:type\" content=\"image\/jpeg\" \/>\n<meta name=\"twitter:card\" content=\"summary_large_image\" \/>\n<meta name=\"twitter:label1\" content=\"Tiempo de lectura\" \/>\n\t<meta name=\"twitter:data1\" content=\"3 minutos\" \/>\n<script type=\"application\/ld+json\" class=\"yoast-schema-graph\">{\"@context\":\"https:\\\/\\\/schema.org\",\"@graph\":[{\"@type\":\"WebPage\",\"@id\":\"https:\\\/\\\/giftronic04.com\\\/index.php\\\/product\\\/portatil-gamer-acer-nitro-lite-16-intel-core-5-16gb-ddr5-512gb-ssd-rtx3050-6gb\\\/\",\"url\":\"https:\\\/\\\/giftronic04.com\\\/index.php\\\/product\\\/portatil-gamer-acer-nitro-lite-16-intel-core-5-16gb-ddr5-512gb-ssd-rtx3050-6gb\\\/\",\"name\":\"Acer Nitro Lite 16 | Intel Core 5 | RTX 3050 6GB | 165Hz Gaming\",\"isPartOf\":{\"@id\":\"https:\\\/\\\/giftronic04.com\\\/#website\"},\"primaryImageOfPage\":{\"@id\":\"https:\\\/\\\/giftronic04.com\\\/index.php\\\/product\\\/portatil-gamer-acer-nitro-lite-16-intel-core-5-16gb-ddr5-512gb-ssd-rtx3050-6gb\\\/#primaryimage\"},\"image\":{\"@id\":\"https:\\\/\\\/giftronic04.com\\\/index.php\\\/product\\\/portatil-gamer-acer-nitro-lite-16-intel-core-5-16gb-ddr5-512gb-ssd-rtx3050-6gb\\\/#primaryimage\"},\"thumbnailUrl\":\"https:\\\/\\\/giftronic04.com\\\/wp-content\\\/uploads\\\/2026\\\/04\\\/LOGO-6.jpg\",\"datePublished\":\"2026-04-20T19:00:07+00:00\",\"dateModified\":\"2026-04-20T19:01:16+00:00\",\"description\":\"Compra el Acer Nitro Lite 16: Intel Core 5, 16GB DDR5 y RTX 3050 6GB. Pantalla de 165Hz para gaming extremo. \u00a1Potencia y velocidad al mejor precio aqu\u00ed!\",\"breadcrumb\":{\"@id\":\"https:\\\/\\\/giftronic04.com\\\/index.php\\\/product\\\/portatil-gamer-acer-nitro-lite-16-intel-core-5-16gb-ddr5-512gb-ssd-rtx3050-6gb\\\/#breadcrumb\"},\"inLanguage\":\"es\",\"potentialAction\":[{\"@type\":\"ReadAction\",\"target\":[\"https:\\\/\\\/giftronic04.com\\\/index.php\\\/product\\\/portatil-gamer-acer-nitro-lite-16-intel-core-5-16gb-ddr5-512gb-ssd-rtx3050-6gb\\\/\"]}]},{\"@type\":\"ImageObject\",\"inLanguage\":\"es\",\"@id\":\"https:\\\/\\\/giftronic04.com\\\/index.php\\\/product\\\/portatil-gamer-acer-nitro-lite-16-intel-core-5-16gb-ddr5-512gb-ssd-rtx3050-6gb\\\/#primaryimage\",\"url\":\"https:\\\/\\\/giftronic04.com\\\/wp-content\\\/uploads\\\/2026\\\/04\\\/LOGO-6.jpg\",\"contentUrl\":\"https:\\\/\\\/giftronic04.com\\\/wp-content\\\/uploads\\\/2026\\\/04\\\/LOGO-6.jpg\",\"width\":2000,\"height\":2000,\"caption\":\"port\u00e1til gamer acer nitro lite 16\\\" | intel core 5 | 16gb ddr5 | 512gb ssd | rtx3050 6gb\"},{\"@type\":\"BreadcrumbList\",\"@id\":\"https:\\\/\\\/giftronic04.com\\\/index.php\\\/product\\\/portatil-gamer-acer-nitro-lite-16-intel-core-5-16gb-ddr5-512gb-ssd-rtx3050-6gb\\\/#breadcrumb\",\"itemListElement\":[{\"@type\":\"ListItem\",\"position\":1,\"name\":\"Portada\",\"item\":\"https:\\\/\\\/giftronic04.com\\\/\"},{\"@type\":\"ListItem\",\"position\":2,\"name\":\"Tienda\",\"item\":\"https:\\\/\\\/giftronic04.com\\\/index.php\\\/shop\\\/\"},{\"@type\":\"ListItem\",\"position\":3,\"name\":\"Port\u00e1til Gamer Acer Nitro Lite 16&#8243; | Intel Core 5 | 16GB DDR5 | 512GB SSD | RTX3050 6GB Negro\"}]},{\"@type\":\"WebSite\",\"@id\":\"https:\\\/\\\/giftronic04.com\\\/#website\",\"url\":\"https:\\\/\\\/giftronic04.com\\\/\",\"name\":\"Giftronic.04\",\"description\":\"Venta de equipos tecnologicos\",\"publisher\":{\"@id\":\"https:\\\/\\\/giftronic04.com\\\/#organization\"},\"potentialAction\":[{\"@type\":\"SearchAction\",\"target\":{\"@type\":\"EntryPoint\",\"urlTemplate\":\"https:\\\/\\\/giftronic04.com\\\/?s={search_term_string}\"},\"query-input\":{\"@type\":\"PropertyValueSpecification\",\"valueRequired\":true,\"valueName\":\"search_term_string\"}}],\"inLanguage\":\"es\"},{\"@type\":\"Organization\",\"@id\":\"https:\\\/\\\/giftronic04.com\\\/#organization\",\"name\":\"giftronic04\",\"url\":\"https:\\\/\\\/giftronic04.com\\\/\",\"logo\":{\"@type\":\"ImageObject\",\"inLanguage\":\"es\",\"@id\":\"https:\\\/\\\/giftronic04.com\\\/#\\\/schema\\\/logo\\\/image\\\/\",\"url\":\"https:\\\/\\\/giftronic04.com\\\/wp-content\\\/uploads\\\/2021\\\/08\\\/logo.png\",\"contentUrl\":\"https:\\\/\\\/giftronic04.com\\\/wp-content\\\/uploads\\\/2021\\\/08\\\/logo.png\",\"width\":6640,\"height\":2192,\"caption\":\"giftronic04\"},\"image\":{\"@id\":\"https:\\\/\\\/giftronic04.com\\\/#\\\/schema\\\/logo\\\/image\\\/\"},\"sameAs\":[\"https:\\\/\\\/www.instagram.com\\\/giftronic.04\\\/\"]}]}<\/script>\n<!-- \/ Yoast SEO plugin. -->","yoast_head_json":{"title":"Acer Nitro Lite 16 | Intel Core 5 | RTX 3050 6GB | 165Hz Gaming","description":"Compra el Acer Nitro Lite 16: Intel Core 5, 16GB DDR5 y RTX 3050 6GB. Pantalla de 165Hz para gaming extremo. \u00a1Potencia y velocidad al mejor precio aqu\u00ed!","robots":{"index":"index","follow":"follow","max-snippet":"max-snippet:-1","max-image-preview":"max-image-preview:large","max-video-preview":"max-video-preview:-1"},"canonical":"https:\/\/giftronic04.com\/index.php\/product\/portatil-gamer-acer-nitro-lite-16-intel-core-5-16gb-ddr5-512gb-ssd-rtx3050-6gb\/","og_locale":"es_ES","og_type":"article","og_title":"Acer Nitro Lite 16 | Intel Core 5 | RTX 3050 6GB | 165Hz Gaming","og_description":"Compra el Acer Nitro Lite 16: Intel Core 5, 16GB DDR5 y RTX 3050 6GB. Pantalla de 165Hz para gaming extremo. \u00a1Potencia y velocidad al mejor precio aqu\u00ed!","og_url":"https:\/\/giftronic04.com\/index.php\/product\/portatil-gamer-acer-nitro-lite-16-intel-core-5-16gb-ddr5-512gb-ssd-rtx3050-6gb\/","og_site_name":"Giftronic.04","article_modified_time":"2026-04-20T19:01:16+00:00","og_image":[{"width":2000,"height":2000,"url":"https:\/\/giftronic04.com\/wp-content\/uploads\/2026\/04\/LOGO-6.jpg","type":"image\/jpeg"}],"twitter_card":"summary_large_image","twitter_misc":{"Tiempo de lectura":"3 minutos"},"schema":{"@context":"https:\/\/schema.org","@graph":[{"@type":"WebPage","@id":"https:\/\/giftronic04.com\/index.php\/product\/portatil-gamer-acer-nitro-lite-16-intel-core-5-16gb-ddr5-512gb-ssd-rtx3050-6gb\/","url":"https:\/\/giftronic04.com\/index.php\/product\/portatil-gamer-acer-nitro-lite-16-intel-core-5-16gb-ddr5-512gb-ssd-rtx3050-6gb\/","name":"Acer Nitro Lite 16 | Intel Core 5 | RTX 3050 6GB | 165Hz Gaming","isPartOf":{"@id":"https:\/\/giftronic04.com\/#website"},"primaryImageOfPage":{"@id":"https:\/\/giftronic04.com\/index.php\/product\/portatil-gamer-acer-nitro-lite-16-intel-core-5-16gb-ddr5-512gb-ssd-rtx3050-6gb\/#primaryimage"},"image":{"@id":"https:\/\/giftronic04.com\/index.php\/product\/portatil-gamer-acer-nitro-lite-16-intel-core-5-16gb-ddr5-512gb-ssd-rtx3050-6gb\/#primaryimage"},"thumbnailUrl":"https:\/\/giftronic04.com\/wp-content\/uploads\/2026\/04\/LOGO-6.jpg","datePublished":"2026-04-20T19:00:07+00:00","dateModified":"2026-04-20T19:01:16+00:00","description":"Compra el Acer Nitro Lite 16: Intel Core 5, 16GB DDR5 y RTX 3050 6GB. Pantalla de 165Hz para gaming extremo. \u00a1Potencia y velocidad al mejor precio aqu\u00ed!","breadcrumb":{"@id":"https:\/\/giftronic04.com\/index.php\/product\/portatil-gamer-acer-nitro-lite-16-intel-core-5-16gb-ddr5-512gb-ssd-rtx3050-6gb\/#breadcrumb"},"inLanguage":"es","potentialAction":[{"@type":"ReadAction","target":["https:\/\/giftronic04.com\/index.php\/product\/portatil-gamer-acer-nitro-lite-16-intel-core-5-16gb-ddr5-512gb-ssd-rtx3050-6gb\/"]}]},{"@type":"ImageObject","inLanguage":"es","@id":"https:\/\/giftronic04.com\/index.php\/product\/portatil-gamer-acer-nitro-lite-16-intel-core-5-16gb-ddr5-512gb-ssd-rtx3050-6gb\/#primaryimage","url":"https:\/\/giftronic04.com\/wp-content\/uploads\/2026\/04\/LOGO-6.jpg","contentUrl":"https:\/\/giftronic04.com\/wp-content\/uploads\/2026\/04\/LOGO-6.jpg","width":2000,"height":2000,"caption":"port\u00e1til gamer acer nitro lite 16\" | intel core 5 | 16gb ddr5 | 512gb ssd | rtx3050 6gb"},{"@type":"BreadcrumbList","@id":"https:\/\/giftronic04.com\/index.php\/product\/portatil-gamer-acer-nitro-lite-16-intel-core-5-16gb-ddr5-512gb-ssd-rtx3050-6gb\/#breadcrumb","itemListElement":[{"@type":"ListItem","position":1,"name":"Portada","item":"https:\/\/giftronic04.com\/"},{"@type":"ListItem","position":2,"name":"Tienda","item":"https:\/\/giftronic04.com\/index.php\/shop\/"},{"@type":"ListItem","position":3,"name":"Port\u00e1til Gamer Acer Nitro Lite 16&#8243; | Intel Core 5 | 16GB DDR5 | 512GB SSD | RTX3050 6GB Negro"}]},{"@type":"WebSite","@id":"https:\/\/giftronic04.com\/#website","url":"https:\/\/giftronic04.com\/","name":"Giftronic.04","description":"Venta de equipos tecnologicos","publisher":{"@id":"https:\/\/giftronic04.com\/#organization"},"potentialAction":[{"@type":"SearchAction","target":{"@type":"EntryPoint","urlTemplate":"https:\/\/giftronic04.com\/?s={search_term_string}"},"query-input":{"@type":"PropertyValueSpecification","valueRequired":true,"valueName":"search_term_string"}}],"inLanguage":"es"},{"@type":"Organization","@id":"https:\/\/giftronic04.com\/#organization","name":"giftronic04","url":"https:\/\/giftronic04.com\/","logo":{"@type":"ImageObject","inLanguage":"es","@id":"https:\/\/giftronic04.com\/#\/schema\/logo\/image\/","url":"https:\/\/giftronic04.com\/wp-content\/uploads\/2021\/08\/logo.png","contentUrl":"https:\/\/giftronic04.com\/wp-content\/uploads\/2021\/08\/logo.png","width":6640,"height":2192,"caption":"giftronic04"},"image":{"@id":"https:\/\/giftronic04.com\/#\/schema\/logo\/image\/"},"sameAs":["https:\/\/www.instagram.com\/giftronic.04\/"]}]}},"jetpack_sharing_enabled":true,"_links":{"self":[{"href":"https:\/\/giftronic04.com\/index.php\/wp-json\/wp\/v2\/product\/10207","targetHints":{"allow":["GET"]}}],"collection":[{"href":"https:\/\/giftronic04.com\/index.php\/wp-json\/wp\/v2\/product"}],"about":[{"href":"https:\/\/giftronic04.com\/index.php\/wp-json\/wp\/v2\/types\/product"}],"replies":[{"embeddable":true,"href":"https:\/\/giftronic04.com\/index.php\/wp-json\/wp\/v2\/comments?post=10207"}],"wp:featuredmedia":[{"embeddable":true,"href":"https:\/\/giftronic04.com\/index.php\/wp-json\/wp\/v2\/media\/10209"}],"wp:attachment":[{"href":"https:\/\/giftronic04.com\/index.php\/wp-json\/wp\/v2\/media?parent=10207"}],"wp:term":[{"taxonomy":"product_brand","embeddable":true,"href":"https:\/\/giftronic04.com\/index.php\/wp-json\/wp\/v2\/product_brand?post=10207"},{"taxonomy":"product_cat","embeddable":true,"href":"https:\/\/giftronic04.com\/index.php\/wp-json\/wp\/v2\/product_cat?post=10207"},{"taxonomy":"product_tag","embeddable":true,"href":"https:\/\/giftronic04.com\/index.php\/wp-json\/wp\/v2\/product_tag?post=10207"}],"curies":[{"name":"wp","href":"https:\/\/api.w.org\/{rel}","templated":true}]}}