{"id":1331,"date":"2021-08-06T22:19:51","date_gmt":"2021-08-07T03:19:51","guid":{"rendered":"https:\/\/giftronic04.com\/?post_type=product&#038;p=1331"},"modified":"2023-07-05T15:52:11","modified_gmt":"2023-07-05T20:52:11","slug":"parlante-gamer-retroiluminado-3-5mm-usb-6w-pc-negro","status":"publish","type":"product","link":"https:\/\/giftronic04.com\/index.php\/product\/parlante-gamer-retroiluminado-3-5mm-usb-6w-pc-negro\/","title":{"rendered":"Parlante Gamer Retroiluminado 3.5mm Usb 6w Pc &#8211; Negro"},"content":{"rendered":"<p><span>Parlante Gamer Retroiluminado 3.5mm Usb 6w Pc<\/span><\/p>\n<p><span>Descripci\u00f3n:<\/span><\/p>\n<p><span>Ambienta tu estilo de juego, dise\u00f1o compacto para computador, Laptop y celulares.<\/span><br \/>\n<span>Caracter\u00edsticas:<\/span><br \/>\n<span>\u20227 colores LED<\/span><br \/>\n<span>\u2022Altavoces de m\u00e1xima calidad<\/span><br \/>\n<span>\u2022Alimentaci\u00f3n por USB.<\/span><br \/>\n<span>\u2022F\u00e1cil instalaci\u00f3n.<\/span><br \/>\n<span>\u2022Perfectos para los Juegos.<\/span><br \/>\n<span>\u2022Conector de 3.5mm.<\/span><br \/>\n<span>\u2022Amplificador de Alta potencia IC.<\/span><br \/>\n<span>\u2022Soporta entrada auxiliar de 3,5MM<\/span><br \/>\n<span>\u2022Amplificador de alta potencia<\/span><br \/>\n<span>\u2022Fuente de alimentaci\u00f3n por puerto USB<\/span><br \/>\n<span>\u2022Dise\u00f1o compacto para computador \\ Laptop<\/span><\/p>\n","protected":false},"excerpt":{"rendered":"<p>Parlante Gamer Retroiluminado 3.5mm Usb 6w Pc Descripci\u00f3n: Ambienta tu estilo de juego, dise\u00f1o compacto para computador, Laptop y celulares. Caracter\u00edsticas: \u20227 colores LED \u2022Altavoces de m\u00e1xima calidad \u2022Alimentaci\u00f3n por USB. \u2022F\u00e1cil instalaci\u00f3n. \u2022Perfectos para los Juegos. \u2022Conector de 3.5mm. \u2022Amplificador de Alta potencia IC. \u2022Soporta entrada auxiliar de 3,5MM \u2022Amplificador de alta potencia \u2022Fuente [&hellip;]<\/p>\n","protected":false},"featured_media":1336,"comment_status":"open","ping_status":"closed","template":"","meta":{"_surecart_dashboard_logo_width":"180px","_surecart_dashboard_show_logo":true,"_surecart_dashboard_navigation_orders":true,"_surecart_dashboard_navigation_invoices":true,"_surecart_dashboard_navigation_subscriptions":true,"_surecart_dashboard_navigation_downloads":true,"_surecart_dashboard_navigation_billing":true,"_surecart_dashboard_navigation_account":true,"site-sidebar-layout":"default","site-content-layout":"","ast-site-content-layout":"default","site-content-style":"default","site-sidebar-style":"default","ast-global-header-display":"","ast-banner-title-visibility":"","ast-main-header-display":"","ast-hfb-above-header-display":"","ast-hfb-below-header-display":"","ast-hfb-mobile-header-display":"","site-post-title":"","ast-breadcrumbs-content":"","ast-featured-img":"","footer-sml-layout":"","ast-disable-related-posts":"","theme-transparent-header-meta":"","adv-header-id-meta":"","stick-header-meta":"","header-above-stick-meta":"","header-main-stick-meta":"","header-below-stick-meta":"","astra-migrate-meta-layouts":"default","ast-page-background-enabled":"default","ast-page-background-meta":{"desktop":{"background-color":"var(--ast-global-color-4)","background-image":"","background-repeat":"repeat","background-position":"center center","background-size":"auto","background-attachment":"scroll","background-type":"","background-media":"","overlay-type":"","overlay-color":"","overlay-opacity":"","overlay-gradient":""},"tablet":{"background-color":"","background-image":"","background-repeat":"repeat","background-position":"center center","background-size":"auto","background-attachment":"scroll","background-type":"","background-media":"","overlay-type":"","overlay-color":"","overlay-opacity":"","overlay-gradient":""},"mobile":{"background-color":"","background-image":"","background-repeat":"repeat","background-position":"center center","background-size":"auto","background-attachment":"scroll","background-type":"","background-media":"","overlay-type":"","overlay-color":"","overlay-opacity":"","overlay-gradient":""}},"ast-content-background-meta":{"desktop":{"background-color":"var(--ast-global-color-5)","background-image":"","background-repeat":"repeat","background-position":"center center","background-size":"auto","background-attachment":"scroll","background-type":"","background-media":"","overlay-type":"","overlay-color":"","overlay-opacity":"","overlay-gradient":""},"tablet":{"background-color":"var(--ast-global-color-5)","background-image":"","background-repeat":"repeat","background-position":"center center","background-size":"auto","background-attachment":"scroll","background-type":"","background-media":"","overlay-type":"","overlay-color":"","overlay-opacity":"","overlay-gradient":""},"mobile":{"background-color":"var(--ast-global-color-5)","background-image":"","background-repeat":"repeat","background-position":"center center","background-size":"auto","background-attachment":"scroll","background-type":"","background-media":"","overlay-type":"","overlay-color":"","overlay-opacity":"","overlay-gradient":""}}},"product_brand":[],"product_cat":[53,36],"product_tag":[],"class_list":{"0":"post-1331","1":"product","2":"type-product","3":"status-publish","4":"has-post-thumbnail","6":"product_cat-parlantes","7":"product_cat-perifericos-de-pc","8":"desktop-align-left","9":"tablet-align-left","10":"mobile-align-left","12":"first","13":"instock","14":"sale","15":"taxable","16":"shipping-taxable","17":"purchasable","18":"product-type-simple"},"yoast_head":"<!-- This site is optimized with the Yoast SEO plugin v27.5 - https:\/\/yoast.com\/product\/yoast-seo-wordpress\/ -->\n<title>Parlante Gamer Retroiluminado 3.5mm Usb 6w Pc - Negro - Giftronic.04<\/title>\n<meta name=\"robots\" content=\"index, follow, max-snippet:-1, max-image-preview:large, max-video-preview:-1\" \/>\n<link rel=\"canonical\" href=\"https:\/\/giftronic04.com\/index.php\/product\/parlante-gamer-retroiluminado-3-5mm-usb-6w-pc-negro\/\" \/>\n<meta property=\"og:locale\" content=\"es_ES\" \/>\n<meta property=\"og:type\" content=\"article\" \/>\n<meta property=\"og:title\" content=\"Parlante Gamer Retroiluminado 3.5mm Usb 6w Pc - Negro - Giftronic.04\" \/>\n<meta property=\"og:description\" content=\"Parlante Gamer Retroiluminado 3.5mm Usb 6w Pc Descripci\u00f3n: Ambienta tu estilo de juego, dise\u00f1o compacto para computador, Laptop y celulares. Caracter\u00edsticas: \u20227 colores LED \u2022Altavoces de m\u00e1xima calidad \u2022Alimentaci\u00f3n por USB. \u2022F\u00e1cil instalaci\u00f3n. \u2022Perfectos para los Juegos. \u2022Conector de 3.5mm. \u2022Amplificador de Alta potencia IC. \u2022Soporta entrada auxiliar de 3,5MM \u2022Amplificador de alta potencia \u2022Fuente [&hellip;]\" \/>\n<meta property=\"og:url\" content=\"https:\/\/giftronic04.com\/index.php\/product\/parlante-gamer-retroiluminado-3-5mm-usb-6w-pc-negro\/\" \/>\n<meta property=\"og:site_name\" content=\"Giftronic.04\" \/>\n<meta property=\"article:modified_time\" content=\"2023-07-05T20:52:11+00:00\" \/>\n<meta property=\"og:image\" content=\"https:\/\/giftronic04.com\/wp-content\/uploads\/2021\/08\/D_NQ_NP_887091-MCO43570090920_092020-O.webp\" \/>\n\t<meta property=\"og:image:width\" content=\"500\" \/>\n\t<meta property=\"og:image:height\" content=\"346\" \/>\n\t<meta property=\"og:image:type\" content=\"image\/webp\" \/>\n<meta name=\"twitter:card\" content=\"summary_large_image\" \/>\n<script type=\"application\/ld+json\" class=\"yoast-schema-graph\">{\"@context\":\"https:\\\/\\\/schema.org\",\"@graph\":[{\"@type\":\"WebPage\",\"@id\":\"https:\\\/\\\/giftronic04.com\\\/index.php\\\/product\\\/parlante-gamer-retroiluminado-3-5mm-usb-6w-pc-negro\\\/\",\"url\":\"https:\\\/\\\/giftronic04.com\\\/index.php\\\/product\\\/parlante-gamer-retroiluminado-3-5mm-usb-6w-pc-negro\\\/\",\"name\":\"Parlante Gamer Retroiluminado 3.5mm Usb 6w Pc - Negro - Giftronic.04\",\"isPartOf\":{\"@id\":\"https:\\\/\\\/giftronic04.com\\\/#website\"},\"primaryImageOfPage\":{\"@id\":\"https:\\\/\\\/giftronic04.com\\\/index.php\\\/product\\\/parlante-gamer-retroiluminado-3-5mm-usb-6w-pc-negro\\\/#primaryimage\"},\"image\":{\"@id\":\"https:\\\/\\\/giftronic04.com\\\/index.php\\\/product\\\/parlante-gamer-retroiluminado-3-5mm-usb-6w-pc-negro\\\/#primaryimage\"},\"thumbnailUrl\":\"https:\\\/\\\/giftronic04.com\\\/wp-content\\\/uploads\\\/2021\\\/08\\\/D_NQ_NP_887091-MCO43570090920_092020-O.webp\",\"datePublished\":\"2021-08-07T03:19:51+00:00\",\"dateModified\":\"2023-07-05T20:52:11+00:00\",\"breadcrumb\":{\"@id\":\"https:\\\/\\\/giftronic04.com\\\/index.php\\\/product\\\/parlante-gamer-retroiluminado-3-5mm-usb-6w-pc-negro\\\/#breadcrumb\"},\"inLanguage\":\"es\",\"potentialAction\":[{\"@type\":\"ReadAction\",\"target\":[\"https:\\\/\\\/giftronic04.com\\\/index.php\\\/product\\\/parlante-gamer-retroiluminado-3-5mm-usb-6w-pc-negro\\\/\"]}]},{\"@type\":\"ImageObject\",\"inLanguage\":\"es\",\"@id\":\"https:\\\/\\\/giftronic04.com\\\/index.php\\\/product\\\/parlante-gamer-retroiluminado-3-5mm-usb-6w-pc-negro\\\/#primaryimage\",\"url\":\"https:\\\/\\\/giftronic04.com\\\/wp-content\\\/uploads\\\/2021\\\/08\\\/D_NQ_NP_887091-MCO43570090920_092020-O.webp\",\"contentUrl\":\"https:\\\/\\\/giftronic04.com\\\/wp-content\\\/uploads\\\/2021\\\/08\\\/D_NQ_NP_887091-MCO43570090920_092020-O.webp\",\"width\":500,\"height\":346},{\"@type\":\"BreadcrumbList\",\"@id\":\"https:\\\/\\\/giftronic04.com\\\/index.php\\\/product\\\/parlante-gamer-retroiluminado-3-5mm-usb-6w-pc-negro\\\/#breadcrumb\",\"itemListElement\":[{\"@type\":\"ListItem\",\"position\":1,\"name\":\"Portada\",\"item\":\"https:\\\/\\\/giftronic04.com\\\/\"},{\"@type\":\"ListItem\",\"position\":2,\"name\":\"Tienda\",\"item\":\"https:\\\/\\\/giftronic04.com\\\/index.php\\\/shop\\\/\"},{\"@type\":\"ListItem\",\"position\":3,\"name\":\"Parlante Gamer Retroiluminado 3.5mm Usb 6w Pc &#8211; Negro\"}]},{\"@type\":\"WebSite\",\"@id\":\"https:\\\/\\\/giftronic04.com\\\/#website\",\"url\":\"https:\\\/\\\/giftronic04.com\\\/\",\"name\":\"Giftronic.04\",\"description\":\"Venta de equipos tecnologicos\",\"publisher\":{\"@id\":\"https:\\\/\\\/giftronic04.com\\\/#organization\"},\"potentialAction\":[{\"@type\":\"SearchAction\",\"target\":{\"@type\":\"EntryPoint\",\"urlTemplate\":\"https:\\\/\\\/giftronic04.com\\\/?s={search_term_string}\"},\"query-input\":{\"@type\":\"PropertyValueSpecification\",\"valueRequired\":true,\"valueName\":\"search_term_string\"}}],\"inLanguage\":\"es\"},{\"@type\":\"Organization\",\"@id\":\"https:\\\/\\\/giftronic04.com\\\/#organization\",\"name\":\"giftronic04\",\"url\":\"https:\\\/\\\/giftronic04.com\\\/\",\"logo\":{\"@type\":\"ImageObject\",\"inLanguage\":\"es\",\"@id\":\"https:\\\/\\\/giftronic04.com\\\/#\\\/schema\\\/logo\\\/image\\\/\",\"url\":\"https:\\\/\\\/giftronic04.com\\\/wp-content\\\/uploads\\\/2021\\\/08\\\/logo.png\",\"contentUrl\":\"https:\\\/\\\/giftronic04.com\\\/wp-content\\\/uploads\\\/2021\\\/08\\\/logo.png\",\"width\":6640,\"height\":2192,\"caption\":\"giftronic04\"},\"image\":{\"@id\":\"https:\\\/\\\/giftronic04.com\\\/#\\\/schema\\\/logo\\\/image\\\/\"},\"sameAs\":[\"https:\\\/\\\/www.instagram.com\\\/giftronic.04\\\/\"]}]}<\/script>\n<!-- \/ Yoast SEO plugin. -->","yoast_head_json":{"title":"Parlante Gamer Retroiluminado 3.5mm Usb 6w Pc - Negro - Giftronic.04","robots":{"index":"index","follow":"follow","max-snippet":"max-snippet:-1","max-image-preview":"max-image-preview:large","max-video-preview":"max-video-preview:-1"},"canonical":"https:\/\/giftronic04.com\/index.php\/product\/parlante-gamer-retroiluminado-3-5mm-usb-6w-pc-negro\/","og_locale":"es_ES","og_type":"article","og_title":"Parlante Gamer Retroiluminado 3.5mm Usb 6w Pc - Negro - Giftronic.04","og_description":"Parlante Gamer Retroiluminado 3.5mm Usb 6w Pc Descripci\u00f3n: Ambienta tu estilo de juego, dise\u00f1o compacto para computador, Laptop y celulares. Caracter\u00edsticas: \u20227 colores LED \u2022Altavoces de m\u00e1xima calidad \u2022Alimentaci\u00f3n por USB. \u2022F\u00e1cil instalaci\u00f3n. \u2022Perfectos para los Juegos. \u2022Conector de 3.5mm. \u2022Amplificador de Alta potencia IC. \u2022Soporta entrada auxiliar de 3,5MM \u2022Amplificador de alta potencia \u2022Fuente [&hellip;]","og_url":"https:\/\/giftronic04.com\/index.php\/product\/parlante-gamer-retroiluminado-3-5mm-usb-6w-pc-negro\/","og_site_name":"Giftronic.04","article_modified_time":"2023-07-05T20:52:11+00:00","og_image":[{"width":500,"height":346,"url":"https:\/\/giftronic04.com\/wp-content\/uploads\/2021\/08\/D_NQ_NP_887091-MCO43570090920_092020-O.webp","type":"image\/webp"}],"twitter_card":"summary_large_image","schema":{"@context":"https:\/\/schema.org","@graph":[{"@type":"WebPage","@id":"https:\/\/giftronic04.com\/index.php\/product\/parlante-gamer-retroiluminado-3-5mm-usb-6w-pc-negro\/","url":"https:\/\/giftronic04.com\/index.php\/product\/parlante-gamer-retroiluminado-3-5mm-usb-6w-pc-negro\/","name":"Parlante Gamer Retroiluminado 3.5mm Usb 6w Pc - Negro - Giftronic.04","isPartOf":{"@id":"https:\/\/giftronic04.com\/#website"},"primaryImageOfPage":{"@id":"https:\/\/giftronic04.com\/index.php\/product\/parlante-gamer-retroiluminado-3-5mm-usb-6w-pc-negro\/#primaryimage"},"image":{"@id":"https:\/\/giftronic04.com\/index.php\/product\/parlante-gamer-retroiluminado-3-5mm-usb-6w-pc-negro\/#primaryimage"},"thumbnailUrl":"https:\/\/giftronic04.com\/wp-content\/uploads\/2021\/08\/D_NQ_NP_887091-MCO43570090920_092020-O.webp","datePublished":"2021-08-07T03:19:51+00:00","dateModified":"2023-07-05T20:52:11+00:00","breadcrumb":{"@id":"https:\/\/giftronic04.com\/index.php\/product\/parlante-gamer-retroiluminado-3-5mm-usb-6w-pc-negro\/#breadcrumb"},"inLanguage":"es","potentialAction":[{"@type":"ReadAction","target":["https:\/\/giftronic04.com\/index.php\/product\/parlante-gamer-retroiluminado-3-5mm-usb-6w-pc-negro\/"]}]},{"@type":"ImageObject","inLanguage":"es","@id":"https:\/\/giftronic04.com\/index.php\/product\/parlante-gamer-retroiluminado-3-5mm-usb-6w-pc-negro\/#primaryimage","url":"https:\/\/giftronic04.com\/wp-content\/uploads\/2021\/08\/D_NQ_NP_887091-MCO43570090920_092020-O.webp","contentUrl":"https:\/\/giftronic04.com\/wp-content\/uploads\/2021\/08\/D_NQ_NP_887091-MCO43570090920_092020-O.webp","width":500,"height":346},{"@type":"BreadcrumbList","@id":"https:\/\/giftronic04.com\/index.php\/product\/parlante-gamer-retroiluminado-3-5mm-usb-6w-pc-negro\/#breadcrumb","itemListElement":[{"@type":"ListItem","position":1,"name":"Portada","item":"https:\/\/giftronic04.com\/"},{"@type":"ListItem","position":2,"name":"Tienda","item":"https:\/\/giftronic04.com\/index.php\/shop\/"},{"@type":"ListItem","position":3,"name":"Parlante Gamer Retroiluminado 3.5mm Usb 6w Pc &#8211; Negro"}]},{"@type":"WebSite","@id":"https:\/\/giftronic04.com\/#website","url":"https:\/\/giftronic04.com\/","name":"Giftronic.04","description":"Venta de equipos tecnologicos","publisher":{"@id":"https:\/\/giftronic04.com\/#organization"},"potentialAction":[{"@type":"SearchAction","target":{"@type":"EntryPoint","urlTemplate":"https:\/\/giftronic04.com\/?s={search_term_string}"},"query-input":{"@type":"PropertyValueSpecification","valueRequired":true,"valueName":"search_term_string"}}],"inLanguage":"es"},{"@type":"Organization","@id":"https:\/\/giftronic04.com\/#organization","name":"giftronic04","url":"https:\/\/giftronic04.com\/","logo":{"@type":"ImageObject","inLanguage":"es","@id":"https:\/\/giftronic04.com\/#\/schema\/logo\/image\/","url":"https:\/\/giftronic04.com\/wp-content\/uploads\/2021\/08\/logo.png","contentUrl":"https:\/\/giftronic04.com\/wp-content\/uploads\/2021\/08\/logo.png","width":6640,"height":2192,"caption":"giftronic04"},"image":{"@id":"https:\/\/giftronic04.com\/#\/schema\/logo\/image\/"},"sameAs":["https:\/\/www.instagram.com\/giftronic.04\/"]}]}},"jetpack_sharing_enabled":true,"_links":{"self":[{"href":"https:\/\/giftronic04.com\/index.php\/wp-json\/wp\/v2\/product\/1331","targetHints":{"allow":["GET"]}}],"collection":[{"href":"https:\/\/giftronic04.com\/index.php\/wp-json\/wp\/v2\/product"}],"about":[{"href":"https:\/\/giftronic04.com\/index.php\/wp-json\/wp\/v2\/types\/product"}],"replies":[{"embeddable":true,"href":"https:\/\/giftronic04.com\/index.php\/wp-json\/wp\/v2\/comments?post=1331"}],"wp:featuredmedia":[{"embeddable":true,"href":"https:\/\/giftronic04.com\/index.php\/wp-json\/wp\/v2\/media\/1336"}],"wp:attachment":[{"href":"https:\/\/giftronic04.com\/index.php\/wp-json\/wp\/v2\/media?parent=1331"}],"wp:term":[{"taxonomy":"product_brand","embeddable":true,"href":"https:\/\/giftronic04.com\/index.php\/wp-json\/wp\/v2\/product_brand?post=1331"},{"taxonomy":"product_cat","embeddable":true,"href":"https:\/\/giftronic04.com\/index.php\/wp-json\/wp\/v2\/product_cat?post=1331"},{"taxonomy":"product_tag","embeddable":true,"href":"https:\/\/giftronic04.com\/index.php\/wp-json\/wp\/v2\/product_tag?post=1331"}],"curies":[{"name":"wp","href":"https:\/\/api.w.org\/{rel}","templated":true}]}}