{"id":1346,"date":"2021-08-06T22:25:07","date_gmt":"2021-08-07T03:25:07","guid":{"rendered":"https:\/\/giftronic04.com\/?post_type=product&#038;p=1346"},"modified":"2023-07-05T15:56:11","modified_gmt":"2023-07-05T20:56:11","slug":"cargador-portatil-asus-19v-2-37a","status":"publish","type":"product","link":"https:\/\/giftronic04.com\/index.php\/product\/cargador-portatil-asus-19v-2-37a\/","title":{"rendered":"Cargador Port\u00e1til Asus 19v 2.37a"},"content":{"rendered":"<p><span>Cargador Port\u00e1til Asus 19v 2.37a<\/span><\/p>\n<p><span>Reemplazo Cargador \/ adaptador de CA para computadora port\u00e1til Asus, suministrado con cable de alimentaci\u00f3n. Se adapta a todos los modelos de adaptadores de CA de Asus a continuaci\u00f3n.<\/span><\/p>\n<p><span>19 voltios<\/span><\/p>\n<p><span>2,37A<\/span><\/p>\n<p><span>45W<\/span><\/p>\n<p><span>Tama\u00f1o del conector<\/span><\/p>\n<p><span>Di\u00e1metro exterior: 3.0 mm<\/span><\/p>\n<p><span>Di\u00e1metro interior: 1.0 mm<\/span><\/p>\n<p><span>REF01 &#8211; CARGADOR PREMIUM PARA Asus \u202219V 2.37A 45Watts<\/span><\/p>\n<p><span>Voltaje: 19V<\/span><br \/>\n<span>Amperios: 2.37A<\/span><br \/>\n<span>Potencia: 45Watts<\/span><br \/>\n<span>Di\u00e1metro de Conector:<\/span><br \/>\n<span>&#8211; Di\u00e1metro Externo: 3.0mm<\/span><br \/>\n<span>&#8211; Di\u00e1metro Interno: 1.0mm<\/span><\/p>\n<p><span>Numero de parte compatible:<\/span><\/p>\n<p><span>0A001-00230000 0A001-00231200 90-XB3NN0PW00010Y<\/span><br \/>\n<span>0A001-00230000-0A200-00021000 0A001-00232200 ADP-45AW<\/span><br \/>\n<span>0A001-00230000-0A200-00021900 0A001-00233500 ADP-45AW A<\/span><br \/>\n<span>0A001-00230100 0A200-00021900 ADP-65AW A<\/span><br \/>\n<span>0A001-00230200 90-XB34N0PW00000Y N45W-01<\/span><br \/>\n<span>0A001-00230300<\/span><\/p>\n<p><span>Equipos compatibles:<\/span><\/p>\n<p><span>Zenbook \/ Ultrabook BX21A Transformer Book T300FA Zenbook \/ Ultrabook UX31A-C4032H<\/span><br \/>\n<span>Zenbook \/ Ultrabook BX31A Transformer Book T300FA-DH12 Zenbook \/ Ultrabook UX31A-DB51<\/span><br \/>\n<span>Chromebook C200 Transformer Book T300FA-DH12T-CA Zenbook \/ Ultrabook UX31A-DB51-CB<\/span><br \/>\n<span>Chromebook C200M Transformer Book T300FA-FE001H Zenbook \/ Ultrabook UX31A-DB52<\/span><br \/>\n<span>Chromebook C200MA Zenbook \/ Ultrabook UX21 Zenbook \/ Ultrabook UX31A-DB71<\/span><br \/>\n<span>Chromebook C200MA-DS01 Zenbook \/ Ultrabook UX21 11.6-INCH Zenbook \/ Ultrabook UX31A-DB72<\/span><br \/>\n<span>Chromebook C300 Zenbook \/ Ultrabook UX21A Zenbook \/ Ultrabook UX31A-DH51<\/span><br \/>\n<span>Chromebook C300M Zenbook \/ Ultrabook UX21A-1AK1 Zenbook \/ Ultrabook UX31A-DH51-CB<\/span><br \/>\n<span>Chromebook C300MA Zenbook \/ Ultrabook UX21A-1AK3 Zenbook \/ Ultrabook UX31A-DH71<\/span><br \/>\n<span>Chromebook C300MA-BBCLN10 Zenbook \/ Ultrabook UX21A-DB5X Zenbook \/ Ultrabook UX31A-DH71-CA<\/span><br \/>\n<span>Chromebook C300MA-BBCLN12 Zenbook \/ Ultrabook UX21A-DB7X Zenbook \/ Ultrabook UX31A-DH71-CB<\/span><br \/>\n<span>Chromebook C300MA-DB01 Zenbook \/ Ultrabook UX21A-K1004V Zenbook \/ Ultrabook UX31A-DH71T-CA<\/span><br \/>\n<span>Chromebook C300MA-DH01 Zenbook \/ Ultrabook UX21A-K1009H Zenbook \/ Ultrabook UX31A-DH71T-CB<\/span><br \/>\n<span>Chromebook C300MA-DH02 Zenbook \/ Ultrabook UX21A-K1009V Zenbook \/ Ultrabook UX31A-DS51T-CA<\/span><br \/>\n<span>Chromebook C300SA Zenbook \/ Ultrabook UX21A-K1009X Zenbook \/ Ultrabook UX31A-R5102H<\/span><br \/>\n<span>Chromebook C301SA Zenbook \/ Ultrabook UX21A-K1010H Zenbook \/ Ultrabook UX31A-RB71<\/span><br \/>\n<span>Vivobook D553M Zenbook \/ Ultrabook UX21A-K1010V Zenbook \/ Ultrabook UX31E<\/span><br \/>\n<span>EeeBook E402MA Zenbook \/ Ultrabook UX21A-R5102H Zenbook \/ Ultrabook UX31E-081A2677M<\/span><br \/>\n<span>EeeBook E402MA-EH01 Zenbook \/ Ultrabook UX21A-R7102F Zenbook \/ Ultrabook UX31E-DH52<\/span><br \/>\n<span>EeeBook E402S Zenbook \/ Ultrabook UX21A-R7202F Zenbook \/ Ultrabook UX31E-DH53<\/span><br \/>\n<span>EeeBook E402SA Zenbook \/ Ultrabook UX21E Zenbook \/ Ultrabook UX31E-DH72<\/span><br \/>\n<span>Vivobook E403S Zenbook \/ Ultrabook UX21E-DH52 Zenbook \/ Ultrabook UX31E-RSL8<\/span><br \/>\n<span>Vivobook E403SA Zenbook \/ Ultrabook UX21E-DH71 Zenbook \/ Ultrabook UX31E-RY003V<\/span><br \/>\n<span>Vivobook F553M Zenbook \/ Ultrabook UX21E-KX004V Zenbook \/ Ultrabook UX31E-RY009V<\/span><br \/>\n<span>Vivobook F553MA Zenbook \/ Ultrabook UX31 Zenbook \/ Ultrabook UX31E-RY012V<\/span><br \/>\n<span>Vivobook K553MA Zenbook \/ Ultrabook UX31A Zenbook \/ Ultrabook UX31E-XH51<\/span><br \/>\n<span>Vivobook Q302LA Zenbook \/ Ultrabook UX31A-1AR4 Zenbook \/ Ultrabook UX31LA<\/span><br \/>\n<span>Vivobook Q302U Zenbook \/ Ultrabook UX31A-1AR5 Zenbook \/ Ultrabook UX360C<\/span><br \/>\n<span>Vivobook Q302UA Zenbook \/ Ultrabook UX31A-1AR7 Zenbook \/ Ultrabook UX360CA<\/span><br \/>\n<span>Vivobook Q302UA-BHI5T20 Zenbook \/ Ultrabook UX31A-AB71 Zenbook \/ Ultrabook UX52VS<\/span><br \/>\n<span>Vivobook Q303UA Zenbook \/ Ultrabook UX31A-AB72 Vivobook X540L<\/span><br \/>\n<span>EeeBook R416NA Zenbook \/ Ultrabook UX31A-BHI5N47 Vivobook X540LA<\/span><br \/>\n<span>EeeBook R416NA-FA014T Zenbook \/ Ultrabook UX31A-BHI5T11 Vivobook X540S<\/span><br \/>\n<span>EeeBook R416NA-FA081T Zenbook \/ Ultrabook UX31A-BHI7N49 Vivobook X540SA<\/span><br \/>\n<span>EeeBook R416NA-FA093T Zenbook \/ Ultrabook UX31A-BHI7N51 Vivobook X553M<\/span><br \/>\n<span>EeeBook R416NA-FA122T Zenbook \/ Ultrabook UX31A-BHL5N53 Vivobook X553MA<\/span><br \/>\n<span>EeeBook R416NA-GA015T Zenbook \/ Ultrabook UX31A-C4027H Vivobook X553S<\/span><br \/>\n<span>Transformer Book T200TA Zenbook \/ Ultrabook UX31A-C4029H Vivobook X553SA<\/span><br \/>\n<span>Transformer T300 CHI<\/span><\/p>\n","protected":false},"excerpt":{"rendered":"<p>Cargador Port\u00e1til Asus 19v 2.37a Reemplazo Cargador \/ adaptador de CA para computadora port\u00e1til Asus, suministrado con cable de alimentaci\u00f3n. Se adapta a todos los modelos de adaptadores de CA de Asus a continuaci\u00f3n. 19 voltios 2,37A 45W Tama\u00f1o del conector Di\u00e1metro exterior: 3.0 mm Di\u00e1metro interior: 1.0 mm REF01 &#8211; CARGADOR PREMIUM PARA Asus [&hellip;]<\/p>\n","protected":false},"featured_media":1347,"comment_status":"open","ping_status":"closed","template":"","meta":{"_surecart_dashboard_logo_width":"180px","_surecart_dashboard_show_logo":true,"_surecart_dashboard_navigation_orders":true,"_surecart_dashboard_navigation_invoices":true,"_surecart_dashboard_navigation_subscriptions":true,"_surecart_dashboard_navigation_downloads":true,"_surecart_dashboard_navigation_billing":true,"_surecart_dashboard_navigation_account":true,"site-sidebar-layout":"default","site-content-layout":"","ast-site-content-layout":"default","site-content-style":"default","site-sidebar-style":"default","ast-global-header-display":"","ast-banner-title-visibility":"","ast-main-header-display":"","ast-hfb-above-header-display":"","ast-hfb-below-header-display":"","ast-hfb-mobile-header-display":"","site-post-title":"","ast-breadcrumbs-content":"","ast-featured-img":"","footer-sml-layout":"","ast-disable-related-posts":"","theme-transparent-header-meta":"","adv-header-id-meta":"","stick-header-meta":"","header-above-stick-meta":"","header-main-stick-meta":"","header-below-stick-meta":"","astra-migrate-meta-layouts":"default","ast-page-background-enabled":"default","ast-page-background-meta":{"desktop":{"background-color":"var(--ast-global-color-4)","background-image":"","background-repeat":"repeat","background-position":"center center","background-size":"auto","background-attachment":"scroll","background-type":"","background-media":"","overlay-type":"","overlay-color":"","overlay-opacity":"","overlay-gradient":""},"tablet":{"background-color":"","background-image":"","background-repeat":"repeat","background-position":"center center","background-size":"auto","background-attachment":"scroll","background-type":"","background-media":"","overlay-type":"","overlay-color":"","overlay-opacity":"","overlay-gradient":""},"mobile":{"background-color":"","background-image":"","background-repeat":"repeat","background-position":"center center","background-size":"auto","background-attachment":"scroll","background-type":"","background-media":"","overlay-type":"","overlay-color":"","overlay-opacity":"","overlay-gradient":""}},"ast-content-background-meta":{"desktop":{"background-color":"var(--ast-global-color-5)","background-image":"","background-repeat":"repeat","background-position":"center center","background-size":"auto","background-attachment":"scroll","background-type":"","background-media":"","overlay-type":"","overlay-color":"","overlay-opacity":"","overlay-gradient":""},"tablet":{"background-color":"var(--ast-global-color-5)","background-image":"","background-repeat":"repeat","background-position":"center center","background-size":"auto","background-attachment":"scroll","background-type":"","background-media":"","overlay-type":"","overlay-color":"","overlay-opacity":"","overlay-gradient":""},"mobile":{"background-color":"var(--ast-global-color-5)","background-image":"","background-repeat":"repeat","background-position":"center center","background-size":"auto","background-attachment":"scroll","background-type":"","background-media":"","overlay-type":"","overlay-color":"","overlay-opacity":"","overlay-gradient":""}}},"product_brand":[],"product_cat":[50],"product_tag":[],"class_list":{"0":"post-1346","1":"product","2":"type-product","3":"status-publish","4":"has-post-thumbnail","6":"product_cat-accesorios-para-portatiles","7":"desktop-align-left","8":"tablet-align-left","9":"mobile-align-left","11":"first","12":"instock","13":"taxable","14":"shipping-taxable","15":"purchasable","16":"product-type-simple"},"yoast_head":"<!-- This site is optimized with the Yoast SEO plugin v27.5 - https:\/\/yoast.com\/product\/yoast-seo-wordpress\/ -->\n<title>Cargador Port\u00e1til Asus 19v 2.37a - Giftronic.04<\/title>\n<meta name=\"robots\" content=\"index, follow, max-snippet:-1, max-image-preview:large, max-video-preview:-1\" \/>\n<link rel=\"canonical\" href=\"https:\/\/giftronic04.com\/index.php\/product\/cargador-portatil-asus-19v-2-37a\/\" \/>\n<meta property=\"og:locale\" content=\"es_ES\" \/>\n<meta property=\"og:type\" content=\"article\" \/>\n<meta property=\"og:title\" content=\"Cargador Port\u00e1til Asus 19v 2.37a - Giftronic.04\" \/>\n<meta property=\"og:description\" content=\"Cargador Port\u00e1til Asus 19v 2.37a Reemplazo Cargador \/ adaptador de CA para computadora port\u00e1til Asus, suministrado con cable de alimentaci\u00f3n. Se adapta a todos los modelos de adaptadores de CA de Asus a continuaci\u00f3n. 19 voltios 2,37A 45W Tama\u00f1o del conector Di\u00e1metro exterior: 3.0 mm Di\u00e1metro interior: 1.0 mm REF01 &#8211; CARGADOR PREMIUM PARA Asus [&hellip;]\" \/>\n<meta property=\"og:url\" content=\"https:\/\/giftronic04.com\/index.php\/product\/cargador-portatil-asus-19v-2-37a\/\" \/>\n<meta property=\"og:site_name\" content=\"Giftronic.04\" \/>\n<meta property=\"article:modified_time\" content=\"2023-07-05T20:56:11+00:00\" \/>\n<meta property=\"og:image\" content=\"https:\/\/giftronic04.com\/wp-content\/uploads\/2021\/08\/D_NQ_NP_653163-MCO45356456746_032021-O.webp\" \/>\n\t<meta property=\"og:image:width\" content=\"450\" \/>\n\t<meta property=\"og:image:height\" content=\"500\" \/>\n\t<meta property=\"og:image:type\" content=\"image\/webp\" \/>\n<meta name=\"twitter:card\" content=\"summary_large_image\" \/>\n<meta name=\"twitter:label1\" content=\"Tiempo de lectura\" \/>\n\t<meta name=\"twitter:data1\" content=\"3 minutos\" \/>\n<script type=\"application\/ld+json\" class=\"yoast-schema-graph\">{\"@context\":\"https:\\\/\\\/schema.org\",\"@graph\":[{\"@type\":\"WebPage\",\"@id\":\"https:\\\/\\\/giftronic04.com\\\/index.php\\\/product\\\/cargador-portatil-asus-19v-2-37a\\\/\",\"url\":\"https:\\\/\\\/giftronic04.com\\\/index.php\\\/product\\\/cargador-portatil-asus-19v-2-37a\\\/\",\"name\":\"Cargador Port\u00e1til Asus 19v 2.37a - Giftronic.04\",\"isPartOf\":{\"@id\":\"https:\\\/\\\/giftronic04.com\\\/#website\"},\"primaryImageOfPage\":{\"@id\":\"https:\\\/\\\/giftronic04.com\\\/index.php\\\/product\\\/cargador-portatil-asus-19v-2-37a\\\/#primaryimage\"},\"image\":{\"@id\":\"https:\\\/\\\/giftronic04.com\\\/index.php\\\/product\\\/cargador-portatil-asus-19v-2-37a\\\/#primaryimage\"},\"thumbnailUrl\":\"https:\\\/\\\/giftronic04.com\\\/wp-content\\\/uploads\\\/2021\\\/08\\\/D_NQ_NP_653163-MCO45356456746_032021-O.webp\",\"datePublished\":\"2021-08-07T03:25:07+00:00\",\"dateModified\":\"2023-07-05T20:56:11+00:00\",\"breadcrumb\":{\"@id\":\"https:\\\/\\\/giftronic04.com\\\/index.php\\\/product\\\/cargador-portatil-asus-19v-2-37a\\\/#breadcrumb\"},\"inLanguage\":\"es\",\"potentialAction\":[{\"@type\":\"ReadAction\",\"target\":[\"https:\\\/\\\/giftronic04.com\\\/index.php\\\/product\\\/cargador-portatil-asus-19v-2-37a\\\/\"]}]},{\"@type\":\"ImageObject\",\"inLanguage\":\"es\",\"@id\":\"https:\\\/\\\/giftronic04.com\\\/index.php\\\/product\\\/cargador-portatil-asus-19v-2-37a\\\/#primaryimage\",\"url\":\"https:\\\/\\\/giftronic04.com\\\/wp-content\\\/uploads\\\/2021\\\/08\\\/D_NQ_NP_653163-MCO45356456746_032021-O.webp\",\"contentUrl\":\"https:\\\/\\\/giftronic04.com\\\/wp-content\\\/uploads\\\/2021\\\/08\\\/D_NQ_NP_653163-MCO45356456746_032021-O.webp\",\"width\":450,\"height\":500},{\"@type\":\"BreadcrumbList\",\"@id\":\"https:\\\/\\\/giftronic04.com\\\/index.php\\\/product\\\/cargador-portatil-asus-19v-2-37a\\\/#breadcrumb\",\"itemListElement\":[{\"@type\":\"ListItem\",\"position\":1,\"name\":\"Portada\",\"item\":\"https:\\\/\\\/giftronic04.com\\\/\"},{\"@type\":\"ListItem\",\"position\":2,\"name\":\"Tienda\",\"item\":\"https:\\\/\\\/giftronic04.com\\\/index.php\\\/shop\\\/\"},{\"@type\":\"ListItem\",\"position\":3,\"name\":\"Cargador Port\u00e1til Asus 19v 2.37a\"}]},{\"@type\":\"WebSite\",\"@id\":\"https:\\\/\\\/giftronic04.com\\\/#website\",\"url\":\"https:\\\/\\\/giftronic04.com\\\/\",\"name\":\"Giftronic.04\",\"description\":\"Venta de equipos tecnologicos\",\"publisher\":{\"@id\":\"https:\\\/\\\/giftronic04.com\\\/#organization\"},\"potentialAction\":[{\"@type\":\"SearchAction\",\"target\":{\"@type\":\"EntryPoint\",\"urlTemplate\":\"https:\\\/\\\/giftronic04.com\\\/?s={search_term_string}\"},\"query-input\":{\"@type\":\"PropertyValueSpecification\",\"valueRequired\":true,\"valueName\":\"search_term_string\"}}],\"inLanguage\":\"es\"},{\"@type\":\"Organization\",\"@id\":\"https:\\\/\\\/giftronic04.com\\\/#organization\",\"name\":\"giftronic04\",\"url\":\"https:\\\/\\\/giftronic04.com\\\/\",\"logo\":{\"@type\":\"ImageObject\",\"inLanguage\":\"es\",\"@id\":\"https:\\\/\\\/giftronic04.com\\\/#\\\/schema\\\/logo\\\/image\\\/\",\"url\":\"https:\\\/\\\/giftronic04.com\\\/wp-content\\\/uploads\\\/2021\\\/08\\\/logo.png\",\"contentUrl\":\"https:\\\/\\\/giftronic04.com\\\/wp-content\\\/uploads\\\/2021\\\/08\\\/logo.png\",\"width\":6640,\"height\":2192,\"caption\":\"giftronic04\"},\"image\":{\"@id\":\"https:\\\/\\\/giftronic04.com\\\/#\\\/schema\\\/logo\\\/image\\\/\"},\"sameAs\":[\"https:\\\/\\\/www.instagram.com\\\/giftronic.04\\\/\"]}]}<\/script>\n<!-- \/ Yoast SEO plugin. -->","yoast_head_json":{"title":"Cargador Port\u00e1til Asus 19v 2.37a - Giftronic.04","robots":{"index":"index","follow":"follow","max-snippet":"max-snippet:-1","max-image-preview":"max-image-preview:large","max-video-preview":"max-video-preview:-1"},"canonical":"https:\/\/giftronic04.com\/index.php\/product\/cargador-portatil-asus-19v-2-37a\/","og_locale":"es_ES","og_type":"article","og_title":"Cargador Port\u00e1til Asus 19v 2.37a - Giftronic.04","og_description":"Cargador Port\u00e1til Asus 19v 2.37a Reemplazo Cargador \/ adaptador de CA para computadora port\u00e1til Asus, suministrado con cable de alimentaci\u00f3n. Se adapta a todos los modelos de adaptadores de CA de Asus a continuaci\u00f3n. 19 voltios 2,37A 45W Tama\u00f1o del conector Di\u00e1metro exterior: 3.0 mm Di\u00e1metro interior: 1.0 mm REF01 &#8211; CARGADOR PREMIUM PARA Asus [&hellip;]","og_url":"https:\/\/giftronic04.com\/index.php\/product\/cargador-portatil-asus-19v-2-37a\/","og_site_name":"Giftronic.04","article_modified_time":"2023-07-05T20:56:11+00:00","og_image":[{"width":450,"height":500,"url":"https:\/\/giftronic04.com\/wp-content\/uploads\/2021\/08\/D_NQ_NP_653163-MCO45356456746_032021-O.webp","type":"image\/webp"}],"twitter_card":"summary_large_image","twitter_misc":{"Tiempo de lectura":"3 minutos"},"schema":{"@context":"https:\/\/schema.org","@graph":[{"@type":"WebPage","@id":"https:\/\/giftronic04.com\/index.php\/product\/cargador-portatil-asus-19v-2-37a\/","url":"https:\/\/giftronic04.com\/index.php\/product\/cargador-portatil-asus-19v-2-37a\/","name":"Cargador Port\u00e1til Asus 19v 2.37a - Giftronic.04","isPartOf":{"@id":"https:\/\/giftronic04.com\/#website"},"primaryImageOfPage":{"@id":"https:\/\/giftronic04.com\/index.php\/product\/cargador-portatil-asus-19v-2-37a\/#primaryimage"},"image":{"@id":"https:\/\/giftronic04.com\/index.php\/product\/cargador-portatil-asus-19v-2-37a\/#primaryimage"},"thumbnailUrl":"https:\/\/giftronic04.com\/wp-content\/uploads\/2021\/08\/D_NQ_NP_653163-MCO45356456746_032021-O.webp","datePublished":"2021-08-07T03:25:07+00:00","dateModified":"2023-07-05T20:56:11+00:00","breadcrumb":{"@id":"https:\/\/giftronic04.com\/index.php\/product\/cargador-portatil-asus-19v-2-37a\/#breadcrumb"},"inLanguage":"es","potentialAction":[{"@type":"ReadAction","target":["https:\/\/giftronic04.com\/index.php\/product\/cargador-portatil-asus-19v-2-37a\/"]}]},{"@type":"ImageObject","inLanguage":"es","@id":"https:\/\/giftronic04.com\/index.php\/product\/cargador-portatil-asus-19v-2-37a\/#primaryimage","url":"https:\/\/giftronic04.com\/wp-content\/uploads\/2021\/08\/D_NQ_NP_653163-MCO45356456746_032021-O.webp","contentUrl":"https:\/\/giftronic04.com\/wp-content\/uploads\/2021\/08\/D_NQ_NP_653163-MCO45356456746_032021-O.webp","width":450,"height":500},{"@type":"BreadcrumbList","@id":"https:\/\/giftronic04.com\/index.php\/product\/cargador-portatil-asus-19v-2-37a\/#breadcrumb","itemListElement":[{"@type":"ListItem","position":1,"name":"Portada","item":"https:\/\/giftronic04.com\/"},{"@type":"ListItem","position":2,"name":"Tienda","item":"https:\/\/giftronic04.com\/index.php\/shop\/"},{"@type":"ListItem","position":3,"name":"Cargador Port\u00e1til Asus 19v 2.37a"}]},{"@type":"WebSite","@id":"https:\/\/giftronic04.com\/#website","url":"https:\/\/giftronic04.com\/","name":"Giftronic.04","description":"Venta de equipos tecnologicos","publisher":{"@id":"https:\/\/giftronic04.com\/#organization"},"potentialAction":[{"@type":"SearchAction","target":{"@type":"EntryPoint","urlTemplate":"https:\/\/giftronic04.com\/?s={search_term_string}"},"query-input":{"@type":"PropertyValueSpecification","valueRequired":true,"valueName":"search_term_string"}}],"inLanguage":"es"},{"@type":"Organization","@id":"https:\/\/giftronic04.com\/#organization","name":"giftronic04","url":"https:\/\/giftronic04.com\/","logo":{"@type":"ImageObject","inLanguage":"es","@id":"https:\/\/giftronic04.com\/#\/schema\/logo\/image\/","url":"https:\/\/giftronic04.com\/wp-content\/uploads\/2021\/08\/logo.png","contentUrl":"https:\/\/giftronic04.com\/wp-content\/uploads\/2021\/08\/logo.png","width":6640,"height":2192,"caption":"giftronic04"},"image":{"@id":"https:\/\/giftronic04.com\/#\/schema\/logo\/image\/"},"sameAs":["https:\/\/www.instagram.com\/giftronic.04\/"]}]}},"jetpack_sharing_enabled":true,"_links":{"self":[{"href":"https:\/\/giftronic04.com\/index.php\/wp-json\/wp\/v2\/product\/1346","targetHints":{"allow":["GET"]}}],"collection":[{"href":"https:\/\/giftronic04.com\/index.php\/wp-json\/wp\/v2\/product"}],"about":[{"href":"https:\/\/giftronic04.com\/index.php\/wp-json\/wp\/v2\/types\/product"}],"replies":[{"embeddable":true,"href":"https:\/\/giftronic04.com\/index.php\/wp-json\/wp\/v2\/comments?post=1346"}],"wp:featuredmedia":[{"embeddable":true,"href":"https:\/\/giftronic04.com\/index.php\/wp-json\/wp\/v2\/media\/1347"}],"wp:attachment":[{"href":"https:\/\/giftronic04.com\/index.php\/wp-json\/wp\/v2\/media?parent=1346"}],"wp:term":[{"taxonomy":"product_brand","embeddable":true,"href":"https:\/\/giftronic04.com\/index.php\/wp-json\/wp\/v2\/product_brand?post=1346"},{"taxonomy":"product_cat","embeddable":true,"href":"https:\/\/giftronic04.com\/index.php\/wp-json\/wp\/v2\/product_cat?post=1346"},{"taxonomy":"product_tag","embeddable":true,"href":"https:\/\/giftronic04.com\/index.php\/wp-json\/wp\/v2\/product_tag?post=1346"}],"curies":[{"name":"wp","href":"https:\/\/api.w.org\/{rel}","templated":true}]}}