{"id":1350,"date":"2021-08-06T22:27:24","date_gmt":"2021-08-07T03:27:24","guid":{"rendered":"https:\/\/giftronic04.com\/?post_type=product&#038;p=1350"},"modified":"2021-08-06T22:27:24","modified_gmt":"2021-08-07T03:27:24","slug":"codo-hdmi-macho-hembra-l-union-curva-hd-adaptador","status":"publish","type":"product","link":"https:\/\/giftronic04.com\/index.php\/product\/codo-hdmi-macho-hembra-l-union-curva-hd-adaptador\/","title":{"rendered":"Codo Hdmi Macho Hembra L Union Curva Hd Adaptador"},"content":{"rendered":"<p><span>CARACTER\u00cdSTICAS:<\/span><\/p>\n<p><span>&#8211; \u00c1ngulo de 90\u00b0<\/span><br \/>\n<span>&#8211; Adaptador Macho-Hembra<\/span><br \/>\n<span>&#8211; Conextor en L<\/span><br \/>\n<span>&#8211; Soporta Alta Definici\u00f3n 1080p<\/span><br \/>\n<span>&#8211; \u00d3ptima transmisi\u00f3n de se\u00f1al<\/span><br \/>\n<span>&#8211; Impedancia emparejada<\/span><br \/>\n<span>&#8211; Recubierto en PVC<\/span><br \/>\n<span>&#8211; Conectores: HDMI macho y HDMI hembra<\/span><br \/>\n<span>&#8211; Ideal para ahorrar espacio en sus conexiones<\/span><br \/>\n<span>&#8211; Util\u00edcelo en : X-BOX, Ps3, LCD, LED, Plasma, PC&#8230;<\/span><\/p>\n","protected":false},"excerpt":{"rendered":"<p>CARACTER\u00cdSTICAS: &#8211; \u00c1ngulo de 90\u00b0 &#8211; Adaptador Macho-Hembra &#8211; Conextor en L &#8211; Soporta Alta Definici\u00f3n 1080p &#8211; \u00d3ptima transmisi\u00f3n de se\u00f1al &#8211; Impedancia emparejada &#8211; Recubierto en PVC &#8211; Conectores: HDMI macho y HDMI hembra &#8211; Ideal para ahorrar espacio en sus conexiones &#8211; Util\u00edcelo en : X-BOX, Ps3, LCD, LED, Plasma, PC&#8230;<\/p>\n","protected":false},"featured_media":1351,"comment_status":"open","ping_status":"closed","template":"","meta":{"_surecart_dashboard_logo_width":"180px","_surecart_dashboard_show_logo":true,"_surecart_dashboard_navigation_orders":true,"_surecart_dashboard_navigation_invoices":true,"_surecart_dashboard_navigation_subscriptions":true,"_surecart_dashboard_navigation_downloads":true,"_surecart_dashboard_navigation_billing":true,"_surecart_dashboard_navigation_account":true,"site-sidebar-layout":"default","site-content-layout":"","ast-site-content-layout":"default","site-content-style":"default","site-sidebar-style":"default","ast-global-header-display":"","ast-banner-title-visibility":"","ast-main-header-display":"","ast-hfb-above-header-display":"","ast-hfb-below-header-display":"","ast-hfb-mobile-header-display":"","site-post-title":"","ast-breadcrumbs-content":"","ast-featured-img":"","footer-sml-layout":"","ast-disable-related-posts":"","theme-transparent-header-meta":"","adv-header-id-meta":"","stick-header-meta":"","header-above-stick-meta":"","header-main-stick-meta":"","header-below-stick-meta":"","astra-migrate-meta-layouts":"default","ast-page-background-enabled":"default","ast-page-background-meta":{"desktop":{"background-color":"var(--ast-global-color-4)","background-image":"","background-repeat":"repeat","background-position":"center center","background-size":"auto","background-attachment":"scroll","background-type":"","background-media":"","overlay-type":"","overlay-color":"","overlay-opacity":"","overlay-gradient":""},"tablet":{"background-color":"","background-image":"","background-repeat":"repeat","background-position":"center center","background-size":"auto","background-attachment":"scroll","background-type":"","background-media":"","overlay-type":"","overlay-color":"","overlay-opacity":"","overlay-gradient":""},"mobile":{"background-color":"","background-image":"","background-repeat":"repeat","background-position":"center center","background-size":"auto","background-attachment":"scroll","background-type":"","background-media":"","overlay-type":"","overlay-color":"","overlay-opacity":"","overlay-gradient":""}},"ast-content-background-meta":{"desktop":{"background-color":"var(--ast-global-color-5)","background-image":"","background-repeat":"repeat","background-position":"center center","background-size":"auto","background-attachment":"scroll","background-type":"","background-media":"","overlay-type":"","overlay-color":"","overlay-opacity":"","overlay-gradient":""},"tablet":{"background-color":"var(--ast-global-color-5)","background-image":"","background-repeat":"repeat","background-position":"center center","background-size":"auto","background-attachment":"scroll","background-type":"","background-media":"","overlay-type":"","overlay-color":"","overlay-opacity":"","overlay-gradient":""},"mobile":{"background-color":"var(--ast-global-color-5)","background-image":"","background-repeat":"repeat","background-position":"center center","background-size":"auto","background-attachment":"scroll","background-type":"","background-media":"","overlay-type":"","overlay-color":"","overlay-opacity":"","overlay-gradient":""}}},"product_brand":[],"product_cat":[23,41],"product_tag":[],"class_list":{"0":"post-1350","1":"product","2":"type-product","3":"status-publish","4":"has-post-thumbnail","6":"product_cat-audio-y-video","7":"product_cat-cables","8":"desktop-align-left","9":"tablet-align-left","10":"mobile-align-left","12":"first","13":"instock","14":"taxable","15":"shipping-taxable","16":"purchasable","17":"product-type-simple"},"yoast_head":"<!-- This site is optimized with the Yoast SEO plugin v27.5 - https:\/\/yoast.com\/product\/yoast-seo-wordpress\/ -->\n<title>Codo Hdmi Macho Hembra L Union Curva Hd Adaptador - Giftronic.04<\/title>\n<meta name=\"robots\" content=\"index, follow, max-snippet:-1, max-image-preview:large, max-video-preview:-1\" \/>\n<link rel=\"canonical\" href=\"https:\/\/giftronic04.com\/index.php\/product\/codo-hdmi-macho-hembra-l-union-curva-hd-adaptador\/\" \/>\n<meta property=\"og:locale\" content=\"es_ES\" \/>\n<meta property=\"og:type\" content=\"article\" \/>\n<meta property=\"og:title\" content=\"Codo Hdmi Macho Hembra L Union Curva Hd Adaptador - Giftronic.04\" \/>\n<meta property=\"og:description\" content=\"CARACTER\u00cdSTICAS: &#8211; \u00c1ngulo de 90\u00b0 &#8211; Adaptador Macho-Hembra &#8211; Conextor en L &#8211; Soporta Alta Definici\u00f3n 1080p &#8211; \u00d3ptima transmisi\u00f3n de se\u00f1al &#8211; Impedancia emparejada &#8211; Recubierto en PVC &#8211; Conectores: HDMI macho y HDMI hembra &#8211; Ideal para ahorrar espacio en sus conexiones &#8211; Util\u00edcelo en : X-BOX, Ps3, LCD, LED, Plasma, PC&#8230;\" \/>\n<meta property=\"og:url\" content=\"https:\/\/giftronic04.com\/index.php\/product\/codo-hdmi-macho-hembra-l-union-curva-hd-adaptador\/\" \/>\n<meta property=\"og:site_name\" content=\"Giftronic.04\" \/>\n<meta property=\"og:image\" content=\"https:\/\/giftronic04.com\/wp-content\/uploads\/2021\/08\/D_NQ_NP_864223-MCO45371352100_032021-O.webp\" \/>\n\t<meta property=\"og:image:width\" content=\"357\" \/>\n\t<meta property=\"og:image:height\" content=\"500\" \/>\n\t<meta property=\"og:image:type\" content=\"image\/webp\" \/>\n<meta name=\"twitter:card\" content=\"summary_large_image\" \/>\n<script type=\"application\/ld+json\" class=\"yoast-schema-graph\">{\"@context\":\"https:\\\/\\\/schema.org\",\"@graph\":[{\"@type\":\"WebPage\",\"@id\":\"https:\\\/\\\/giftronic04.com\\\/index.php\\\/product\\\/codo-hdmi-macho-hembra-l-union-curva-hd-adaptador\\\/\",\"url\":\"https:\\\/\\\/giftronic04.com\\\/index.php\\\/product\\\/codo-hdmi-macho-hembra-l-union-curva-hd-adaptador\\\/\",\"name\":\"Codo Hdmi Macho Hembra L Union Curva Hd Adaptador - Giftronic.04\",\"isPartOf\":{\"@id\":\"https:\\\/\\\/giftronic04.com\\\/#website\"},\"primaryImageOfPage\":{\"@id\":\"https:\\\/\\\/giftronic04.com\\\/index.php\\\/product\\\/codo-hdmi-macho-hembra-l-union-curva-hd-adaptador\\\/#primaryimage\"},\"image\":{\"@id\":\"https:\\\/\\\/giftronic04.com\\\/index.php\\\/product\\\/codo-hdmi-macho-hembra-l-union-curva-hd-adaptador\\\/#primaryimage\"},\"thumbnailUrl\":\"https:\\\/\\\/giftronic04.com\\\/wp-content\\\/uploads\\\/2021\\\/08\\\/D_NQ_NP_864223-MCO45371352100_032021-O.webp\",\"datePublished\":\"2021-08-07T03:27:24+00:00\",\"breadcrumb\":{\"@id\":\"https:\\\/\\\/giftronic04.com\\\/index.php\\\/product\\\/codo-hdmi-macho-hembra-l-union-curva-hd-adaptador\\\/#breadcrumb\"},\"inLanguage\":\"es\",\"potentialAction\":[{\"@type\":\"ReadAction\",\"target\":[\"https:\\\/\\\/giftronic04.com\\\/index.php\\\/product\\\/codo-hdmi-macho-hembra-l-union-curva-hd-adaptador\\\/\"]}]},{\"@type\":\"ImageObject\",\"inLanguage\":\"es\",\"@id\":\"https:\\\/\\\/giftronic04.com\\\/index.php\\\/product\\\/codo-hdmi-macho-hembra-l-union-curva-hd-adaptador\\\/#primaryimage\",\"url\":\"https:\\\/\\\/giftronic04.com\\\/wp-content\\\/uploads\\\/2021\\\/08\\\/D_NQ_NP_864223-MCO45371352100_032021-O.webp\",\"contentUrl\":\"https:\\\/\\\/giftronic04.com\\\/wp-content\\\/uploads\\\/2021\\\/08\\\/D_NQ_NP_864223-MCO45371352100_032021-O.webp\",\"width\":357,\"height\":500},{\"@type\":\"BreadcrumbList\",\"@id\":\"https:\\\/\\\/giftronic04.com\\\/index.php\\\/product\\\/codo-hdmi-macho-hembra-l-union-curva-hd-adaptador\\\/#breadcrumb\",\"itemListElement\":[{\"@type\":\"ListItem\",\"position\":1,\"name\":\"Portada\",\"item\":\"https:\\\/\\\/giftronic04.com\\\/\"},{\"@type\":\"ListItem\",\"position\":2,\"name\":\"Tienda\",\"item\":\"https:\\\/\\\/giftronic04.com\\\/index.php\\\/shop\\\/\"},{\"@type\":\"ListItem\",\"position\":3,\"name\":\"Codo Hdmi Macho Hembra L Union Curva Hd Adaptador\"}]},{\"@type\":\"WebSite\",\"@id\":\"https:\\\/\\\/giftronic04.com\\\/#website\",\"url\":\"https:\\\/\\\/giftronic04.com\\\/\",\"name\":\"Giftronic.04\",\"description\":\"Venta de equipos tecnologicos\",\"publisher\":{\"@id\":\"https:\\\/\\\/giftronic04.com\\\/#organization\"},\"potentialAction\":[{\"@type\":\"SearchAction\",\"target\":{\"@type\":\"EntryPoint\",\"urlTemplate\":\"https:\\\/\\\/giftronic04.com\\\/?s={search_term_string}\"},\"query-input\":{\"@type\":\"PropertyValueSpecification\",\"valueRequired\":true,\"valueName\":\"search_term_string\"}}],\"inLanguage\":\"es\"},{\"@type\":\"Organization\",\"@id\":\"https:\\\/\\\/giftronic04.com\\\/#organization\",\"name\":\"giftronic04\",\"url\":\"https:\\\/\\\/giftronic04.com\\\/\",\"logo\":{\"@type\":\"ImageObject\",\"inLanguage\":\"es\",\"@id\":\"https:\\\/\\\/giftronic04.com\\\/#\\\/schema\\\/logo\\\/image\\\/\",\"url\":\"https:\\\/\\\/giftronic04.com\\\/wp-content\\\/uploads\\\/2021\\\/08\\\/logo.png\",\"contentUrl\":\"https:\\\/\\\/giftronic04.com\\\/wp-content\\\/uploads\\\/2021\\\/08\\\/logo.png\",\"width\":6640,\"height\":2192,\"caption\":\"giftronic04\"},\"image\":{\"@id\":\"https:\\\/\\\/giftronic04.com\\\/#\\\/schema\\\/logo\\\/image\\\/\"},\"sameAs\":[\"https:\\\/\\\/www.instagram.com\\\/giftronic.04\\\/\"]}]}<\/script>\n<!-- \/ Yoast SEO plugin. -->","yoast_head_json":{"title":"Codo Hdmi Macho Hembra L Union Curva Hd Adaptador - Giftronic.04","robots":{"index":"index","follow":"follow","max-snippet":"max-snippet:-1","max-image-preview":"max-image-preview:large","max-video-preview":"max-video-preview:-1"},"canonical":"https:\/\/giftronic04.com\/index.php\/product\/codo-hdmi-macho-hembra-l-union-curva-hd-adaptador\/","og_locale":"es_ES","og_type":"article","og_title":"Codo Hdmi Macho Hembra L Union Curva Hd Adaptador - Giftronic.04","og_description":"CARACTER\u00cdSTICAS: &#8211; \u00c1ngulo de 90\u00b0 &#8211; Adaptador Macho-Hembra &#8211; Conextor en L &#8211; Soporta Alta Definici\u00f3n 1080p &#8211; \u00d3ptima transmisi\u00f3n de se\u00f1al &#8211; Impedancia emparejada &#8211; Recubierto en PVC &#8211; Conectores: HDMI macho y HDMI hembra &#8211; Ideal para ahorrar espacio en sus conexiones &#8211; Util\u00edcelo en : X-BOX, Ps3, LCD, LED, Plasma, PC&#8230;","og_url":"https:\/\/giftronic04.com\/index.php\/product\/codo-hdmi-macho-hembra-l-union-curva-hd-adaptador\/","og_site_name":"Giftronic.04","og_image":[{"width":357,"height":500,"url":"https:\/\/giftronic04.com\/wp-content\/uploads\/2021\/08\/D_NQ_NP_864223-MCO45371352100_032021-O.webp","type":"image\/webp"}],"twitter_card":"summary_large_image","schema":{"@context":"https:\/\/schema.org","@graph":[{"@type":"WebPage","@id":"https:\/\/giftronic04.com\/index.php\/product\/codo-hdmi-macho-hembra-l-union-curva-hd-adaptador\/","url":"https:\/\/giftronic04.com\/index.php\/product\/codo-hdmi-macho-hembra-l-union-curva-hd-adaptador\/","name":"Codo Hdmi Macho Hembra L Union Curva Hd Adaptador - Giftronic.04","isPartOf":{"@id":"https:\/\/giftronic04.com\/#website"},"primaryImageOfPage":{"@id":"https:\/\/giftronic04.com\/index.php\/product\/codo-hdmi-macho-hembra-l-union-curva-hd-adaptador\/#primaryimage"},"image":{"@id":"https:\/\/giftronic04.com\/index.php\/product\/codo-hdmi-macho-hembra-l-union-curva-hd-adaptador\/#primaryimage"},"thumbnailUrl":"https:\/\/giftronic04.com\/wp-content\/uploads\/2021\/08\/D_NQ_NP_864223-MCO45371352100_032021-O.webp","datePublished":"2021-08-07T03:27:24+00:00","breadcrumb":{"@id":"https:\/\/giftronic04.com\/index.php\/product\/codo-hdmi-macho-hembra-l-union-curva-hd-adaptador\/#breadcrumb"},"inLanguage":"es","potentialAction":[{"@type":"ReadAction","target":["https:\/\/giftronic04.com\/index.php\/product\/codo-hdmi-macho-hembra-l-union-curva-hd-adaptador\/"]}]},{"@type":"ImageObject","inLanguage":"es","@id":"https:\/\/giftronic04.com\/index.php\/product\/codo-hdmi-macho-hembra-l-union-curva-hd-adaptador\/#primaryimage","url":"https:\/\/giftronic04.com\/wp-content\/uploads\/2021\/08\/D_NQ_NP_864223-MCO45371352100_032021-O.webp","contentUrl":"https:\/\/giftronic04.com\/wp-content\/uploads\/2021\/08\/D_NQ_NP_864223-MCO45371352100_032021-O.webp","width":357,"height":500},{"@type":"BreadcrumbList","@id":"https:\/\/giftronic04.com\/index.php\/product\/codo-hdmi-macho-hembra-l-union-curva-hd-adaptador\/#breadcrumb","itemListElement":[{"@type":"ListItem","position":1,"name":"Portada","item":"https:\/\/giftronic04.com\/"},{"@type":"ListItem","position":2,"name":"Tienda","item":"https:\/\/giftronic04.com\/index.php\/shop\/"},{"@type":"ListItem","position":3,"name":"Codo Hdmi Macho Hembra L Union Curva Hd Adaptador"}]},{"@type":"WebSite","@id":"https:\/\/giftronic04.com\/#website","url":"https:\/\/giftronic04.com\/","name":"Giftronic.04","description":"Venta de equipos tecnologicos","publisher":{"@id":"https:\/\/giftronic04.com\/#organization"},"potentialAction":[{"@type":"SearchAction","target":{"@type":"EntryPoint","urlTemplate":"https:\/\/giftronic04.com\/?s={search_term_string}"},"query-input":{"@type":"PropertyValueSpecification","valueRequired":true,"valueName":"search_term_string"}}],"inLanguage":"es"},{"@type":"Organization","@id":"https:\/\/giftronic04.com\/#organization","name":"giftronic04","url":"https:\/\/giftronic04.com\/","logo":{"@type":"ImageObject","inLanguage":"es","@id":"https:\/\/giftronic04.com\/#\/schema\/logo\/image\/","url":"https:\/\/giftronic04.com\/wp-content\/uploads\/2021\/08\/logo.png","contentUrl":"https:\/\/giftronic04.com\/wp-content\/uploads\/2021\/08\/logo.png","width":6640,"height":2192,"caption":"giftronic04"},"image":{"@id":"https:\/\/giftronic04.com\/#\/schema\/logo\/image\/"},"sameAs":["https:\/\/www.instagram.com\/giftronic.04\/"]}]}},"jetpack_sharing_enabled":true,"_links":{"self":[{"href":"https:\/\/giftronic04.com\/index.php\/wp-json\/wp\/v2\/product\/1350","targetHints":{"allow":["GET"]}}],"collection":[{"href":"https:\/\/giftronic04.com\/index.php\/wp-json\/wp\/v2\/product"}],"about":[{"href":"https:\/\/giftronic04.com\/index.php\/wp-json\/wp\/v2\/types\/product"}],"replies":[{"embeddable":true,"href":"https:\/\/giftronic04.com\/index.php\/wp-json\/wp\/v2\/comments?post=1350"}],"wp:featuredmedia":[{"embeddable":true,"href":"https:\/\/giftronic04.com\/index.php\/wp-json\/wp\/v2\/media\/1351"}],"wp:attachment":[{"href":"https:\/\/giftronic04.com\/index.php\/wp-json\/wp\/v2\/media?parent=1350"}],"wp:term":[{"taxonomy":"product_brand","embeddable":true,"href":"https:\/\/giftronic04.com\/index.php\/wp-json\/wp\/v2\/product_brand?post=1350"},{"taxonomy":"product_cat","embeddable":true,"href":"https:\/\/giftronic04.com\/index.php\/wp-json\/wp\/v2\/product_cat?post=1350"},{"taxonomy":"product_tag","embeddable":true,"href":"https:\/\/giftronic04.com\/index.php\/wp-json\/wp\/v2\/product_tag?post=1350"}],"curies":[{"name":"wp","href":"https:\/\/api.w.org\/{rel}","templated":true}]}}