{"id":1399,"date":"2021-08-07T18:34:46","date_gmt":"2021-08-07T23:34:46","guid":{"rendered":"https:\/\/giftronic04.com\/?post_type=product&#038;p=1399"},"modified":"2025-07-10T17:05:48","modified_gmt":"2025-07-10T22:05:48","slug":"combo-teclado-y-mouse-gamer-rgb-usb-unitec-led-multicolor","status":"publish","type":"product","link":"https:\/\/giftronic04.com\/index.php\/product\/combo-teclado-y-mouse-gamer-rgb-usb-unitec-led-multicolor\/","title":{"rendered":"Combo Teclado Y Mouse Gamer Rgb Usb Unitec DG-0905 Led Multicolor"},"content":{"rendered":"<p>Marca Unitec<\/p>\n<p>Referencia DG-0905<\/p>\n<p>Tipo Teclado Gamer de Membrana<\/p>\n<p>Luces RGB MULTICOLOR<\/p>\n<p>Encendido y Apagado : Tecla Especial<\/p>\n<p>MOUSE con Dise\u00f1o ergon\u00f3mico de tama\u00f1o completo con el fin de prevenir el sindrome de<br \/>\nt\u00fanel carpiano,<br \/>\ncolor negro mate con iluminaci\u00f3n multicolor. Fabricado en materiales de alta resistencia, ideal para computadores de mesa o como teclado auxiliar en port\u00e1tiles.<\/p>\n<p>MOUSE : cable de 1.5 metros y conexi\u00f3n USB, sensor \u00f3ptico.<\/p>\n<p>TECLADO con 104 teclas y conexi\u00f3n USB 2.0 con cable de 1.5 metros, dise\u00f1o semi mec\u00e1nico.<br \/>\nteclado fabricado en color negro mate, vida \u00fatil de las teclas 1.000.000 de pulsaciones, 3 tipos de retroiluminaci\u00f3n, movimiento preciso y suave de cada tecla, mayor comodidad. Dise\u00f1o ergon\u00f3mico con el fin de prevenir malas posturas, color negro mate con iluminaci\u00f3n multicolor. Compatibles con Windows xp, vista, 7,8,10 y MAC.<\/p>\n<p>Recomendaciones<\/p>\n<p>Lea cuidadosamente la descripci\u00f3n del producto y condiciones de venta.<\/p>\n<p>Se otorga 1 a\u00f1o de respaldo por defectos de fabricaci\u00f3n directamente con la marca \u2018Conservando empaques originales\u2019. No cubre da\u00f1os ocasionados por manipulaci\u00f3n no autorizada, golpes, derrames o mal uso del equipo, Las im\u00e1genes publicadas en esta p\u00e1gina son representaciones fotogr\u00e1ficas que ilustran de manera aproximada las caracter\u00edsticas de los equipos en venta y pueden variar respecto a la realidad seg\u00fan la resoluci\u00f3n de estas y del dispositivo que se utilice para observarlas. Para cualquier proceso de garant\u00eda debes entregar el producto con los empaques y accesorios ORIGINALES.<\/p>\n<p>&nbsp;<\/p>\n","protected":false},"excerpt":{"rendered":"<p>Marca Unitec Referencia DG-0905 Tipo Teclado Gamer de Membrana Luces RGB MULTICOLOR Encendido y Apagado : Tecla Especial MOUSE con Dise\u00f1o ergon\u00f3mico de tama\u00f1o completo con el fin de prevenir el sindrome de t\u00fanel carpiano, color negro mate con iluminaci\u00f3n multicolor. Fabricado en materiales de alta resistencia, ideal para computadores de mesa o como teclado [&hellip;]<\/p>\n","protected":false},"featured_media":8208,"comment_status":"open","ping_status":"closed","template":"","meta":{"_surecart_dashboard_logo_width":"180px","_surecart_dashboard_show_logo":true,"_surecart_dashboard_navigation_orders":true,"_surecart_dashboard_navigation_invoices":true,"_surecart_dashboard_navigation_subscriptions":true,"_surecart_dashboard_navigation_downloads":true,"_surecart_dashboard_navigation_billing":true,"_surecart_dashboard_navigation_account":true,"site-sidebar-layout":"default","site-content-layout":"","ast-site-content-layout":"default","site-content-style":"default","site-sidebar-style":"default","ast-global-header-display":"","ast-banner-title-visibility":"","ast-main-header-display":"","ast-hfb-above-header-display":"","ast-hfb-below-header-display":"","ast-hfb-mobile-header-display":"","site-post-title":"","ast-breadcrumbs-content":"","ast-featured-img":"","footer-sml-layout":"","ast-disable-related-posts":"","theme-transparent-header-meta":"","adv-header-id-meta":"","stick-header-meta":"","header-above-stick-meta":"","header-main-stick-meta":"","header-below-stick-meta":"","astra-migrate-meta-layouts":"default","ast-page-background-enabled":"default","ast-page-background-meta":{"desktop":{"background-color":"var(--ast-global-color-4)","background-image":"","background-repeat":"repeat","background-position":"center center","background-size":"auto","background-attachment":"scroll","background-type":"","background-media":"","overlay-type":"","overlay-color":"","overlay-opacity":"","overlay-gradient":""},"tablet":{"background-color":"","background-image":"","background-repeat":"repeat","background-position":"center center","background-size":"auto","background-attachment":"scroll","background-type":"","background-media":"","overlay-type":"","overlay-color":"","overlay-opacity":"","overlay-gradient":""},"mobile":{"background-color":"","background-image":"","background-repeat":"repeat","background-position":"center center","background-size":"auto","background-attachment":"scroll","background-type":"","background-media":"","overlay-type":"","overlay-color":"","overlay-opacity":"","overlay-gradient":""}},"ast-content-background-meta":{"desktop":{"background-color":"var(--ast-global-color-5)","background-image":"","background-repeat":"repeat","background-position":"center center","background-size":"auto","background-attachment":"scroll","background-type":"","background-media":"","overlay-type":"","overlay-color":"","overlay-opacity":"","overlay-gradient":""},"tablet":{"background-color":"var(--ast-global-color-5)","background-image":"","background-repeat":"repeat","background-position":"center center","background-size":"auto","background-attachment":"scroll","background-type":"","background-media":"","overlay-type":"","overlay-color":"","overlay-opacity":"","overlay-gradient":""},"mobile":{"background-color":"var(--ast-global-color-5)","background-image":"","background-repeat":"repeat","background-position":"center center","background-size":"auto","background-attachment":"scroll","background-type":"","background-media":"","overlay-type":"","overlay-color":"","overlay-opacity":"","overlay-gradient":""}}},"product_brand":[],"product_cat":[26,52,36],"product_tag":[],"class_list":{"0":"post-1399","1":"product","2":"type-product","3":"status-publish","4":"has-post-thumbnail","6":"product_cat-camaras-y-accesorios","7":"product_cat-mouses-y-teclados","8":"product_cat-perifericos-de-pc","9":"desktop-align-left","10":"tablet-align-left","11":"mobile-align-left","13":"first","14":"instock","15":"sale","16":"taxable","17":"shipping-taxable","18":"purchasable","19":"product-type-simple"},"yoast_head":"<!-- This site is optimized with the Yoast SEO plugin v27.4 - https:\/\/yoast.com\/product\/yoast-seo-wordpress\/ -->\n<title>Combo Teclado Y Mouse Gamer Rgb Usb Unitec DG-0905 Led Multicolor - Giftronic.04<\/title>\n<meta name=\"robots\" content=\"index, follow, max-snippet:-1, max-image-preview:large, max-video-preview:-1\" \/>\n<link rel=\"canonical\" href=\"https:\/\/giftronic04.com\/index.php\/product\/combo-teclado-y-mouse-gamer-rgb-usb-unitec-led-multicolor\/\" \/>\n<meta property=\"og:locale\" content=\"es_ES\" \/>\n<meta property=\"og:type\" content=\"article\" \/>\n<meta property=\"og:title\" content=\"Combo Teclado Y Mouse Gamer Rgb Usb Unitec DG-0905 Led Multicolor - Giftronic.04\" \/>\n<meta property=\"og:description\" content=\"Marca Unitec Referencia DG-0905 Tipo Teclado Gamer de Membrana Luces RGB MULTICOLOR Encendido y Apagado : Tecla Especial MOUSE con Dise\u00f1o ergon\u00f3mico de tama\u00f1o completo con el fin de prevenir el sindrome de t\u00fanel carpiano, color negro mate con iluminaci\u00f3n multicolor. Fabricado en materiales de alta resistencia, ideal para computadores de mesa o como teclado [&hellip;]\" \/>\n<meta property=\"og:url\" content=\"https:\/\/giftronic04.com\/index.php\/product\/combo-teclado-y-mouse-gamer-rgb-usb-unitec-led-multicolor\/\" \/>\n<meta property=\"og:site_name\" content=\"Giftronic.04\" \/>\n<meta property=\"article:modified_time\" content=\"2025-07-10T22:05:48+00:00\" \/>\n<meta property=\"og:image\" content=\"https:\/\/giftronic04.com\/wp-content\/uploads\/2021\/08\/1.jpg\" \/>\n\t<meta property=\"og:image:width\" content=\"2000\" \/>\n\t<meta property=\"og:image:height\" content=\"2000\" \/>\n\t<meta property=\"og:image:type\" content=\"image\/jpeg\" \/>\n<meta name=\"twitter:card\" content=\"summary_large_image\" \/>\n<meta name=\"twitter:label1\" content=\"Tiempo de lectura\" \/>\n\t<meta name=\"twitter:data1\" content=\"2 minutos\" \/>\n<script type=\"application\/ld+json\" class=\"yoast-schema-graph\">{\"@context\":\"https:\\\/\\\/schema.org\",\"@graph\":[{\"@type\":\"WebPage\",\"@id\":\"https:\\\/\\\/giftronic04.com\\\/index.php\\\/product\\\/combo-teclado-y-mouse-gamer-rgb-usb-unitec-led-multicolor\\\/\",\"url\":\"https:\\\/\\\/giftronic04.com\\\/index.php\\\/product\\\/combo-teclado-y-mouse-gamer-rgb-usb-unitec-led-multicolor\\\/\",\"name\":\"Combo Teclado Y Mouse Gamer Rgb Usb Unitec DG-0905 Led Multicolor - Giftronic.04\",\"isPartOf\":{\"@id\":\"https:\\\/\\\/giftronic04.com\\\/#website\"},\"primaryImageOfPage\":{\"@id\":\"https:\\\/\\\/giftronic04.com\\\/index.php\\\/product\\\/combo-teclado-y-mouse-gamer-rgb-usb-unitec-led-multicolor\\\/#primaryimage\"},\"image\":{\"@id\":\"https:\\\/\\\/giftronic04.com\\\/index.php\\\/product\\\/combo-teclado-y-mouse-gamer-rgb-usb-unitec-led-multicolor\\\/#primaryimage\"},\"thumbnailUrl\":\"https:\\\/\\\/giftronic04.com\\\/wp-content\\\/uploads\\\/2021\\\/08\\\/1.jpg\",\"datePublished\":\"2021-08-07T23:34:46+00:00\",\"dateModified\":\"2025-07-10T22:05:48+00:00\",\"breadcrumb\":{\"@id\":\"https:\\\/\\\/giftronic04.com\\\/index.php\\\/product\\\/combo-teclado-y-mouse-gamer-rgb-usb-unitec-led-multicolor\\\/#breadcrumb\"},\"inLanguage\":\"es\",\"potentialAction\":[{\"@type\":\"ReadAction\",\"target\":[\"https:\\\/\\\/giftronic04.com\\\/index.php\\\/product\\\/combo-teclado-y-mouse-gamer-rgb-usb-unitec-led-multicolor\\\/\"]}]},{\"@type\":\"ImageObject\",\"inLanguage\":\"es\",\"@id\":\"https:\\\/\\\/giftronic04.com\\\/index.php\\\/product\\\/combo-teclado-y-mouse-gamer-rgb-usb-unitec-led-multicolor\\\/#primaryimage\",\"url\":\"https:\\\/\\\/giftronic04.com\\\/wp-content\\\/uploads\\\/2021\\\/08\\\/1.jpg\",\"contentUrl\":\"https:\\\/\\\/giftronic04.com\\\/wp-content\\\/uploads\\\/2021\\\/08\\\/1.jpg\",\"width\":2000,\"height\":2000},{\"@type\":\"BreadcrumbList\",\"@id\":\"https:\\\/\\\/giftronic04.com\\\/index.php\\\/product\\\/combo-teclado-y-mouse-gamer-rgb-usb-unitec-led-multicolor\\\/#breadcrumb\",\"itemListElement\":[{\"@type\":\"ListItem\",\"position\":1,\"name\":\"Portada\",\"item\":\"https:\\\/\\\/giftronic04.com\\\/\"},{\"@type\":\"ListItem\",\"position\":2,\"name\":\"Tienda\",\"item\":\"https:\\\/\\\/giftronic04.com\\\/index.php\\\/shop\\\/\"},{\"@type\":\"ListItem\",\"position\":3,\"name\":\"Combo Teclado Y Mouse Gamer Rgb Usb Unitec DG-0905 Led Multicolor\"}]},{\"@type\":\"WebSite\",\"@id\":\"https:\\\/\\\/giftronic04.com\\\/#website\",\"url\":\"https:\\\/\\\/giftronic04.com\\\/\",\"name\":\"Giftronic.04\",\"description\":\"Venta de equipos tecnologicos\",\"publisher\":{\"@id\":\"https:\\\/\\\/giftronic04.com\\\/#organization\"},\"potentialAction\":[{\"@type\":\"SearchAction\",\"target\":{\"@type\":\"EntryPoint\",\"urlTemplate\":\"https:\\\/\\\/giftronic04.com\\\/?s={search_term_string}\"},\"query-input\":{\"@type\":\"PropertyValueSpecification\",\"valueRequired\":true,\"valueName\":\"search_term_string\"}}],\"inLanguage\":\"es\"},{\"@type\":\"Organization\",\"@id\":\"https:\\\/\\\/giftronic04.com\\\/#organization\",\"name\":\"giftronic04\",\"url\":\"https:\\\/\\\/giftronic04.com\\\/\",\"logo\":{\"@type\":\"ImageObject\",\"inLanguage\":\"es\",\"@id\":\"https:\\\/\\\/giftronic04.com\\\/#\\\/schema\\\/logo\\\/image\\\/\",\"url\":\"https:\\\/\\\/giftronic04.com\\\/wp-content\\\/uploads\\\/2021\\\/08\\\/logo.png\",\"contentUrl\":\"https:\\\/\\\/giftronic04.com\\\/wp-content\\\/uploads\\\/2021\\\/08\\\/logo.png\",\"width\":6640,\"height\":2192,\"caption\":\"giftronic04\"},\"image\":{\"@id\":\"https:\\\/\\\/giftronic04.com\\\/#\\\/schema\\\/logo\\\/image\\\/\"},\"sameAs\":[\"https:\\\/\\\/www.instagram.com\\\/giftronic.04\\\/\"]}]}<\/script>\n<!-- \/ Yoast SEO plugin. -->","yoast_head_json":{"title":"Combo Teclado Y Mouse Gamer Rgb Usb Unitec DG-0905 Led Multicolor - Giftronic.04","robots":{"index":"index","follow":"follow","max-snippet":"max-snippet:-1","max-image-preview":"max-image-preview:large","max-video-preview":"max-video-preview:-1"},"canonical":"https:\/\/giftronic04.com\/index.php\/product\/combo-teclado-y-mouse-gamer-rgb-usb-unitec-led-multicolor\/","og_locale":"es_ES","og_type":"article","og_title":"Combo Teclado Y Mouse Gamer Rgb Usb Unitec DG-0905 Led Multicolor - Giftronic.04","og_description":"Marca Unitec Referencia DG-0905 Tipo Teclado Gamer de Membrana Luces RGB MULTICOLOR Encendido y Apagado : Tecla Especial MOUSE con Dise\u00f1o ergon\u00f3mico de tama\u00f1o completo con el fin de prevenir el sindrome de t\u00fanel carpiano, color negro mate con iluminaci\u00f3n multicolor. Fabricado en materiales de alta resistencia, ideal para computadores de mesa o como teclado [&hellip;]","og_url":"https:\/\/giftronic04.com\/index.php\/product\/combo-teclado-y-mouse-gamer-rgb-usb-unitec-led-multicolor\/","og_site_name":"Giftronic.04","article_modified_time":"2025-07-10T22:05:48+00:00","og_image":[{"width":2000,"height":2000,"url":"https:\/\/giftronic04.com\/wp-content\/uploads\/2021\/08\/1.jpg","type":"image\/jpeg"}],"twitter_card":"summary_large_image","twitter_misc":{"Tiempo de lectura":"2 minutos"},"schema":{"@context":"https:\/\/schema.org","@graph":[{"@type":"WebPage","@id":"https:\/\/giftronic04.com\/index.php\/product\/combo-teclado-y-mouse-gamer-rgb-usb-unitec-led-multicolor\/","url":"https:\/\/giftronic04.com\/index.php\/product\/combo-teclado-y-mouse-gamer-rgb-usb-unitec-led-multicolor\/","name":"Combo Teclado Y Mouse Gamer Rgb Usb Unitec DG-0905 Led Multicolor - Giftronic.04","isPartOf":{"@id":"https:\/\/giftronic04.com\/#website"},"primaryImageOfPage":{"@id":"https:\/\/giftronic04.com\/index.php\/product\/combo-teclado-y-mouse-gamer-rgb-usb-unitec-led-multicolor\/#primaryimage"},"image":{"@id":"https:\/\/giftronic04.com\/index.php\/product\/combo-teclado-y-mouse-gamer-rgb-usb-unitec-led-multicolor\/#primaryimage"},"thumbnailUrl":"https:\/\/giftronic04.com\/wp-content\/uploads\/2021\/08\/1.jpg","datePublished":"2021-08-07T23:34:46+00:00","dateModified":"2025-07-10T22:05:48+00:00","breadcrumb":{"@id":"https:\/\/giftronic04.com\/index.php\/product\/combo-teclado-y-mouse-gamer-rgb-usb-unitec-led-multicolor\/#breadcrumb"},"inLanguage":"es","potentialAction":[{"@type":"ReadAction","target":["https:\/\/giftronic04.com\/index.php\/product\/combo-teclado-y-mouse-gamer-rgb-usb-unitec-led-multicolor\/"]}]},{"@type":"ImageObject","inLanguage":"es","@id":"https:\/\/giftronic04.com\/index.php\/product\/combo-teclado-y-mouse-gamer-rgb-usb-unitec-led-multicolor\/#primaryimage","url":"https:\/\/giftronic04.com\/wp-content\/uploads\/2021\/08\/1.jpg","contentUrl":"https:\/\/giftronic04.com\/wp-content\/uploads\/2021\/08\/1.jpg","width":2000,"height":2000},{"@type":"BreadcrumbList","@id":"https:\/\/giftronic04.com\/index.php\/product\/combo-teclado-y-mouse-gamer-rgb-usb-unitec-led-multicolor\/#breadcrumb","itemListElement":[{"@type":"ListItem","position":1,"name":"Portada","item":"https:\/\/giftronic04.com\/"},{"@type":"ListItem","position":2,"name":"Tienda","item":"https:\/\/giftronic04.com\/index.php\/shop\/"},{"@type":"ListItem","position":3,"name":"Combo Teclado Y Mouse Gamer Rgb Usb Unitec DG-0905 Led Multicolor"}]},{"@type":"WebSite","@id":"https:\/\/giftronic04.com\/#website","url":"https:\/\/giftronic04.com\/","name":"Giftronic.04","description":"Venta de equipos tecnologicos","publisher":{"@id":"https:\/\/giftronic04.com\/#organization"},"potentialAction":[{"@type":"SearchAction","target":{"@type":"EntryPoint","urlTemplate":"https:\/\/giftronic04.com\/?s={search_term_string}"},"query-input":{"@type":"PropertyValueSpecification","valueRequired":true,"valueName":"search_term_string"}}],"inLanguage":"es"},{"@type":"Organization","@id":"https:\/\/giftronic04.com\/#organization","name":"giftronic04","url":"https:\/\/giftronic04.com\/","logo":{"@type":"ImageObject","inLanguage":"es","@id":"https:\/\/giftronic04.com\/#\/schema\/logo\/image\/","url":"https:\/\/giftronic04.com\/wp-content\/uploads\/2021\/08\/logo.png","contentUrl":"https:\/\/giftronic04.com\/wp-content\/uploads\/2021\/08\/logo.png","width":6640,"height":2192,"caption":"giftronic04"},"image":{"@id":"https:\/\/giftronic04.com\/#\/schema\/logo\/image\/"},"sameAs":["https:\/\/www.instagram.com\/giftronic.04\/"]}]}},"jetpack_sharing_enabled":true,"_links":{"self":[{"href":"https:\/\/giftronic04.com\/index.php\/wp-json\/wp\/v2\/product\/1399","targetHints":{"allow":["GET"]}}],"collection":[{"href":"https:\/\/giftronic04.com\/index.php\/wp-json\/wp\/v2\/product"}],"about":[{"href":"https:\/\/giftronic04.com\/index.php\/wp-json\/wp\/v2\/types\/product"}],"replies":[{"embeddable":true,"href":"https:\/\/giftronic04.com\/index.php\/wp-json\/wp\/v2\/comments?post=1399"}],"wp:featuredmedia":[{"embeddable":true,"href":"https:\/\/giftronic04.com\/index.php\/wp-json\/wp\/v2\/media\/8208"}],"wp:attachment":[{"href":"https:\/\/giftronic04.com\/index.php\/wp-json\/wp\/v2\/media?parent=1399"}],"wp:term":[{"taxonomy":"product_brand","embeddable":true,"href":"https:\/\/giftronic04.com\/index.php\/wp-json\/wp\/v2\/product_brand?post=1399"},{"taxonomy":"product_cat","embeddable":true,"href":"https:\/\/giftronic04.com\/index.php\/wp-json\/wp\/v2\/product_cat?post=1399"},{"taxonomy":"product_tag","embeddable":true,"href":"https:\/\/giftronic04.com\/index.php\/wp-json\/wp\/v2\/product_tag?post=1399"}],"curies":[{"name":"wp","href":"https:\/\/api.w.org\/{rel}","templated":true}]}}