{"id":1445,"date":"2021-08-07T22:56:47","date_gmt":"2021-08-08T03:56:47","guid":{"rendered":"https:\/\/giftronic04.com\/?post_type=product&#038;p=1445"},"modified":"2024-11-09T11:51:55","modified_gmt":"2024-11-09T16:51:55","slug":"multipuerto-usb-hub-x-7-con-interruptor-2-0-on-off","status":"publish","type":"product","link":"https:\/\/giftronic04.com\/index.php\/product\/multipuerto-usb-hub-x-7-con-interruptor-2-0-on-off\/","title":{"rendered":"Multipuerto Usb Hub X 7 Con Interruptor 2.0 On Off"},"content":{"rendered":"<p><span>HUB 7 puertos USB 2.0 HUB w \/ Switch Negro<\/span><br \/>\n<span>Modelo: N\/A<\/span><br \/>\n<span>Cantidad: 1<\/span><br \/>\n<span>color: Negro o Blanco<\/span><br \/>\n<span>material: ABS<\/span><br \/>\n<span>Tipo de conector: USB 2.0<\/span><br \/>\n<span>N\u00famero de ejes: 7<\/span><br \/>\n<span>Velocidad de transmisi\u00f3n: 480Mbps<\/span><br \/>\n<span>Soporta sistema: De Windows 98\/ME\/2000\/XP\/Vista\/7\/10<\/span><br \/>\n<span>Otros: Longitud del cable: 55cm; 7 puertos con interruptor.<\/span><\/p>\n<p><span>Garant\u00eda del producto de 30 dias, la garant\u00eda cubre defectos de fabricaci\u00f3n y no cubre, productos, mojados, con humedad, fallas por golpes, virus y sobrecargas el\u00e9ctricas. IMPORTANTE CONSERVAR EMPAQUES DEL PRODUCTO. En caso de garant\u00eda, el comprador cubre los gastos de envi\u00f3 y devoluci\u00f3n. Al ofertar usted acepta estas condiciones y asumimos que las ha le\u00eddo.<\/span><\/p>\n","protected":false},"excerpt":{"rendered":"<p>HUB 7 puertos USB 2.0 HUB w \/ Switch Negro Modelo: N\/A Cantidad: 1 color: Negro o Blanco material: ABS Tipo de conector: USB 2.0 N\u00famero de ejes: 7 Velocidad de transmisi\u00f3n: 480Mbps Soporta sistema: De Windows 98\/ME\/2000\/XP\/Vista\/7\/10 Otros: Longitud del cable: 55cm; 7 puertos con interruptor. Garant\u00eda del producto de 30 dias, la garant\u00eda [&hellip;]<\/p>\n","protected":false},"featured_media":1447,"comment_status":"open","ping_status":"closed","template":"","meta":{"_surecart_dashboard_logo_width":"180px","_surecart_dashboard_show_logo":true,"_surecart_dashboard_navigation_orders":true,"_surecart_dashboard_navigation_invoices":true,"_surecart_dashboard_navigation_subscriptions":true,"_surecart_dashboard_navigation_downloads":true,"_surecart_dashboard_navigation_billing":true,"_surecart_dashboard_navigation_account":true,"site-sidebar-layout":"default","site-content-layout":"","ast-site-content-layout":"default","site-content-style":"default","site-sidebar-style":"default","ast-global-header-display":"","ast-banner-title-visibility":"","ast-main-header-display":"","ast-hfb-above-header-display":"","ast-hfb-below-header-display":"","ast-hfb-mobile-header-display":"","site-post-title":"","ast-breadcrumbs-content":"","ast-featured-img":"","footer-sml-layout":"","ast-disable-related-posts":"","theme-transparent-header-meta":"","adv-header-id-meta":"","stick-header-meta":"","header-above-stick-meta":"","header-main-stick-meta":"","header-below-stick-meta":"","astra-migrate-meta-layouts":"default","ast-page-background-enabled":"default","ast-page-background-meta":{"desktop":{"background-color":"var(--ast-global-color-4)","background-image":"","background-repeat":"repeat","background-position":"center center","background-size":"auto","background-attachment":"scroll","background-type":"","background-media":"","overlay-type":"","overlay-color":"","overlay-opacity":"","overlay-gradient":""},"tablet":{"background-color":"","background-image":"","background-repeat":"repeat","background-position":"center center","background-size":"auto","background-attachment":"scroll","background-type":"","background-media":"","overlay-type":"","overlay-color":"","overlay-opacity":"","overlay-gradient":""},"mobile":{"background-color":"","background-image":"","background-repeat":"repeat","background-position":"center center","background-size":"auto","background-attachment":"scroll","background-type":"","background-media":"","overlay-type":"","overlay-color":"","overlay-opacity":"","overlay-gradient":""}},"ast-content-background-meta":{"desktop":{"background-color":"var(--ast-global-color-5)","background-image":"","background-repeat":"repeat","background-position":"center center","background-size":"auto","background-attachment":"scroll","background-type":"","background-media":"","overlay-type":"","overlay-color":"","overlay-opacity":"","overlay-gradient":""},"tablet":{"background-color":"var(--ast-global-color-5)","background-image":"","background-repeat":"repeat","background-position":"center center","background-size":"auto","background-attachment":"scroll","background-type":"","background-media":"","overlay-type":"","overlay-color":"","overlay-opacity":"","overlay-gradient":""},"mobile":{"background-color":"var(--ast-global-color-5)","background-image":"","background-repeat":"repeat","background-position":"center center","background-size":"auto","background-attachment":"scroll","background-type":"","background-media":"","overlay-type":"","overlay-color":"","overlay-opacity":"","overlay-gradient":""}}},"product_brand":[],"product_cat":[29,26],"product_tag":[],"class_list":{"0":"post-1445","1":"product","2":"type-product","3":"status-publish","4":"has-post-thumbnail","6":"product_cat-cables-y-hubs-usb","7":"product_cat-camaras-y-accesorios","8":"desktop-align-left","9":"tablet-align-left","10":"mobile-align-left","12":"first","13":"instock","14":"taxable","15":"shipping-taxable","16":"purchasable","17":"product-type-simple"},"yoast_head":"<!-- This site is optimized with the Yoast SEO plugin v27.5 - https:\/\/yoast.com\/product\/yoast-seo-wordpress\/ -->\n<title>Multipuerto Usb Hub X 7 Con Interruptor 2.0 On Off - Giftronic.04<\/title>\n<meta name=\"robots\" content=\"index, follow, max-snippet:-1, max-image-preview:large, max-video-preview:-1\" \/>\n<link rel=\"canonical\" href=\"https:\/\/giftronic04.com\/index.php\/product\/multipuerto-usb-hub-x-7-con-interruptor-2-0-on-off\/\" \/>\n<meta property=\"og:locale\" content=\"es_ES\" \/>\n<meta property=\"og:type\" content=\"article\" \/>\n<meta property=\"og:title\" content=\"Multipuerto Usb Hub X 7 Con Interruptor 2.0 On Off - Giftronic.04\" \/>\n<meta property=\"og:description\" content=\"HUB 7 puertos USB 2.0 HUB w \/ Switch Negro Modelo: N\/A Cantidad: 1 color: Negro o Blanco material: ABS Tipo de conector: USB 2.0 N\u00famero de ejes: 7 Velocidad de transmisi\u00f3n: 480Mbps Soporta sistema: De Windows 98\/ME\/2000\/XP\/Vista\/7\/10 Otros: Longitud del cable: 55cm; 7 puertos con interruptor. Garant\u00eda del producto de 30 dias, la garant\u00eda [&hellip;]\" \/>\n<meta property=\"og:url\" content=\"https:\/\/giftronic04.com\/index.php\/product\/multipuerto-usb-hub-x-7-con-interruptor-2-0-on-off\/\" \/>\n<meta property=\"og:site_name\" content=\"Giftronic.04\" \/>\n<meta property=\"article:modified_time\" content=\"2024-11-09T16:51:55+00:00\" \/>\n<meta property=\"og:image\" content=\"https:\/\/giftronic04.com\/wp-content\/uploads\/2021\/08\/D_NQ_NP_829112-MCO41803116472_052020-O.webp\" \/>\n\t<meta property=\"og:image:width\" content=\"432\" \/>\n\t<meta property=\"og:image:height\" content=\"500\" \/>\n\t<meta property=\"og:image:type\" content=\"image\/webp\" \/>\n<meta name=\"twitter:card\" content=\"summary_large_image\" \/>\n<meta name=\"twitter:label1\" content=\"Tiempo de lectura\" \/>\n\t<meta name=\"twitter:data1\" content=\"1 minuto\" \/>\n<script type=\"application\/ld+json\" class=\"yoast-schema-graph\">{\"@context\":\"https:\\\/\\\/schema.org\",\"@graph\":[{\"@type\":\"WebPage\",\"@id\":\"https:\\\/\\\/giftronic04.com\\\/index.php\\\/product\\\/multipuerto-usb-hub-x-7-con-interruptor-2-0-on-off\\\/\",\"url\":\"https:\\\/\\\/giftronic04.com\\\/index.php\\\/product\\\/multipuerto-usb-hub-x-7-con-interruptor-2-0-on-off\\\/\",\"name\":\"Multipuerto Usb Hub X 7 Con Interruptor 2.0 On Off - Giftronic.04\",\"isPartOf\":{\"@id\":\"https:\\\/\\\/giftronic04.com\\\/#website\"},\"primaryImageOfPage\":{\"@id\":\"https:\\\/\\\/giftronic04.com\\\/index.php\\\/product\\\/multipuerto-usb-hub-x-7-con-interruptor-2-0-on-off\\\/#primaryimage\"},\"image\":{\"@id\":\"https:\\\/\\\/giftronic04.com\\\/index.php\\\/product\\\/multipuerto-usb-hub-x-7-con-interruptor-2-0-on-off\\\/#primaryimage\"},\"thumbnailUrl\":\"https:\\\/\\\/giftronic04.com\\\/wp-content\\\/uploads\\\/2021\\\/08\\\/D_NQ_NP_829112-MCO41803116472_052020-O.webp\",\"datePublished\":\"2021-08-08T03:56:47+00:00\",\"dateModified\":\"2024-11-09T16:51:55+00:00\",\"breadcrumb\":{\"@id\":\"https:\\\/\\\/giftronic04.com\\\/index.php\\\/product\\\/multipuerto-usb-hub-x-7-con-interruptor-2-0-on-off\\\/#breadcrumb\"},\"inLanguage\":\"es\",\"potentialAction\":[{\"@type\":\"ReadAction\",\"target\":[\"https:\\\/\\\/giftronic04.com\\\/index.php\\\/product\\\/multipuerto-usb-hub-x-7-con-interruptor-2-0-on-off\\\/\"]}]},{\"@type\":\"ImageObject\",\"inLanguage\":\"es\",\"@id\":\"https:\\\/\\\/giftronic04.com\\\/index.php\\\/product\\\/multipuerto-usb-hub-x-7-con-interruptor-2-0-on-off\\\/#primaryimage\",\"url\":\"https:\\\/\\\/giftronic04.com\\\/wp-content\\\/uploads\\\/2021\\\/08\\\/D_NQ_NP_829112-MCO41803116472_052020-O.webp\",\"contentUrl\":\"https:\\\/\\\/giftronic04.com\\\/wp-content\\\/uploads\\\/2021\\\/08\\\/D_NQ_NP_829112-MCO41803116472_052020-O.webp\",\"width\":432,\"height\":500},{\"@type\":\"BreadcrumbList\",\"@id\":\"https:\\\/\\\/giftronic04.com\\\/index.php\\\/product\\\/multipuerto-usb-hub-x-7-con-interruptor-2-0-on-off\\\/#breadcrumb\",\"itemListElement\":[{\"@type\":\"ListItem\",\"position\":1,\"name\":\"Portada\",\"item\":\"https:\\\/\\\/giftronic04.com\\\/\"},{\"@type\":\"ListItem\",\"position\":2,\"name\":\"Tienda\",\"item\":\"https:\\\/\\\/giftronic04.com\\\/index.php\\\/shop\\\/\"},{\"@type\":\"ListItem\",\"position\":3,\"name\":\"Multipuerto Usb Hub X 7 Con Interruptor 2.0 On Off\"}]},{\"@type\":\"WebSite\",\"@id\":\"https:\\\/\\\/giftronic04.com\\\/#website\",\"url\":\"https:\\\/\\\/giftronic04.com\\\/\",\"name\":\"Giftronic.04\",\"description\":\"Venta de equipos tecnologicos\",\"publisher\":{\"@id\":\"https:\\\/\\\/giftronic04.com\\\/#organization\"},\"potentialAction\":[{\"@type\":\"SearchAction\",\"target\":{\"@type\":\"EntryPoint\",\"urlTemplate\":\"https:\\\/\\\/giftronic04.com\\\/?s={search_term_string}\"},\"query-input\":{\"@type\":\"PropertyValueSpecification\",\"valueRequired\":true,\"valueName\":\"search_term_string\"}}],\"inLanguage\":\"es\"},{\"@type\":\"Organization\",\"@id\":\"https:\\\/\\\/giftronic04.com\\\/#organization\",\"name\":\"giftronic04\",\"url\":\"https:\\\/\\\/giftronic04.com\\\/\",\"logo\":{\"@type\":\"ImageObject\",\"inLanguage\":\"es\",\"@id\":\"https:\\\/\\\/giftronic04.com\\\/#\\\/schema\\\/logo\\\/image\\\/\",\"url\":\"https:\\\/\\\/giftronic04.com\\\/wp-content\\\/uploads\\\/2021\\\/08\\\/logo.png\",\"contentUrl\":\"https:\\\/\\\/giftronic04.com\\\/wp-content\\\/uploads\\\/2021\\\/08\\\/logo.png\",\"width\":6640,\"height\":2192,\"caption\":\"giftronic04\"},\"image\":{\"@id\":\"https:\\\/\\\/giftronic04.com\\\/#\\\/schema\\\/logo\\\/image\\\/\"},\"sameAs\":[\"https:\\\/\\\/www.instagram.com\\\/giftronic.04\\\/\"]}]}<\/script>\n<!-- \/ Yoast SEO plugin. -->","yoast_head_json":{"title":"Multipuerto Usb Hub X 7 Con Interruptor 2.0 On Off - Giftronic.04","robots":{"index":"index","follow":"follow","max-snippet":"max-snippet:-1","max-image-preview":"max-image-preview:large","max-video-preview":"max-video-preview:-1"},"canonical":"https:\/\/giftronic04.com\/index.php\/product\/multipuerto-usb-hub-x-7-con-interruptor-2-0-on-off\/","og_locale":"es_ES","og_type":"article","og_title":"Multipuerto Usb Hub X 7 Con Interruptor 2.0 On Off - Giftronic.04","og_description":"HUB 7 puertos USB 2.0 HUB w \/ Switch Negro Modelo: N\/A Cantidad: 1 color: Negro o Blanco material: ABS Tipo de conector: USB 2.0 N\u00famero de ejes: 7 Velocidad de transmisi\u00f3n: 480Mbps Soporta sistema: De Windows 98\/ME\/2000\/XP\/Vista\/7\/10 Otros: Longitud del cable: 55cm; 7 puertos con interruptor. Garant\u00eda del producto de 30 dias, la garant\u00eda [&hellip;]","og_url":"https:\/\/giftronic04.com\/index.php\/product\/multipuerto-usb-hub-x-7-con-interruptor-2-0-on-off\/","og_site_name":"Giftronic.04","article_modified_time":"2024-11-09T16:51:55+00:00","og_image":[{"width":432,"height":500,"url":"https:\/\/giftronic04.com\/wp-content\/uploads\/2021\/08\/D_NQ_NP_829112-MCO41803116472_052020-O.webp","type":"image\/webp"}],"twitter_card":"summary_large_image","twitter_misc":{"Tiempo de lectura":"1 minuto"},"schema":{"@context":"https:\/\/schema.org","@graph":[{"@type":"WebPage","@id":"https:\/\/giftronic04.com\/index.php\/product\/multipuerto-usb-hub-x-7-con-interruptor-2-0-on-off\/","url":"https:\/\/giftronic04.com\/index.php\/product\/multipuerto-usb-hub-x-7-con-interruptor-2-0-on-off\/","name":"Multipuerto Usb Hub X 7 Con Interruptor 2.0 On Off - Giftronic.04","isPartOf":{"@id":"https:\/\/giftronic04.com\/#website"},"primaryImageOfPage":{"@id":"https:\/\/giftronic04.com\/index.php\/product\/multipuerto-usb-hub-x-7-con-interruptor-2-0-on-off\/#primaryimage"},"image":{"@id":"https:\/\/giftronic04.com\/index.php\/product\/multipuerto-usb-hub-x-7-con-interruptor-2-0-on-off\/#primaryimage"},"thumbnailUrl":"https:\/\/giftronic04.com\/wp-content\/uploads\/2021\/08\/D_NQ_NP_829112-MCO41803116472_052020-O.webp","datePublished":"2021-08-08T03:56:47+00:00","dateModified":"2024-11-09T16:51:55+00:00","breadcrumb":{"@id":"https:\/\/giftronic04.com\/index.php\/product\/multipuerto-usb-hub-x-7-con-interruptor-2-0-on-off\/#breadcrumb"},"inLanguage":"es","potentialAction":[{"@type":"ReadAction","target":["https:\/\/giftronic04.com\/index.php\/product\/multipuerto-usb-hub-x-7-con-interruptor-2-0-on-off\/"]}]},{"@type":"ImageObject","inLanguage":"es","@id":"https:\/\/giftronic04.com\/index.php\/product\/multipuerto-usb-hub-x-7-con-interruptor-2-0-on-off\/#primaryimage","url":"https:\/\/giftronic04.com\/wp-content\/uploads\/2021\/08\/D_NQ_NP_829112-MCO41803116472_052020-O.webp","contentUrl":"https:\/\/giftronic04.com\/wp-content\/uploads\/2021\/08\/D_NQ_NP_829112-MCO41803116472_052020-O.webp","width":432,"height":500},{"@type":"BreadcrumbList","@id":"https:\/\/giftronic04.com\/index.php\/product\/multipuerto-usb-hub-x-7-con-interruptor-2-0-on-off\/#breadcrumb","itemListElement":[{"@type":"ListItem","position":1,"name":"Portada","item":"https:\/\/giftronic04.com\/"},{"@type":"ListItem","position":2,"name":"Tienda","item":"https:\/\/giftronic04.com\/index.php\/shop\/"},{"@type":"ListItem","position":3,"name":"Multipuerto Usb Hub X 7 Con Interruptor 2.0 On Off"}]},{"@type":"WebSite","@id":"https:\/\/giftronic04.com\/#website","url":"https:\/\/giftronic04.com\/","name":"Giftronic.04","description":"Venta de equipos tecnologicos","publisher":{"@id":"https:\/\/giftronic04.com\/#organization"},"potentialAction":[{"@type":"SearchAction","target":{"@type":"EntryPoint","urlTemplate":"https:\/\/giftronic04.com\/?s={search_term_string}"},"query-input":{"@type":"PropertyValueSpecification","valueRequired":true,"valueName":"search_term_string"}}],"inLanguage":"es"},{"@type":"Organization","@id":"https:\/\/giftronic04.com\/#organization","name":"giftronic04","url":"https:\/\/giftronic04.com\/","logo":{"@type":"ImageObject","inLanguage":"es","@id":"https:\/\/giftronic04.com\/#\/schema\/logo\/image\/","url":"https:\/\/giftronic04.com\/wp-content\/uploads\/2021\/08\/logo.png","contentUrl":"https:\/\/giftronic04.com\/wp-content\/uploads\/2021\/08\/logo.png","width":6640,"height":2192,"caption":"giftronic04"},"image":{"@id":"https:\/\/giftronic04.com\/#\/schema\/logo\/image\/"},"sameAs":["https:\/\/www.instagram.com\/giftronic.04\/"]}]}},"jetpack_sharing_enabled":true,"_links":{"self":[{"href":"https:\/\/giftronic04.com\/index.php\/wp-json\/wp\/v2\/product\/1445","targetHints":{"allow":["GET"]}}],"collection":[{"href":"https:\/\/giftronic04.com\/index.php\/wp-json\/wp\/v2\/product"}],"about":[{"href":"https:\/\/giftronic04.com\/index.php\/wp-json\/wp\/v2\/types\/product"}],"replies":[{"embeddable":true,"href":"https:\/\/giftronic04.com\/index.php\/wp-json\/wp\/v2\/comments?post=1445"}],"wp:featuredmedia":[{"embeddable":true,"href":"https:\/\/giftronic04.com\/index.php\/wp-json\/wp\/v2\/media\/1447"}],"wp:attachment":[{"href":"https:\/\/giftronic04.com\/index.php\/wp-json\/wp\/v2\/media?parent=1445"}],"wp:term":[{"taxonomy":"product_brand","embeddable":true,"href":"https:\/\/giftronic04.com\/index.php\/wp-json\/wp\/v2\/product_brand?post=1445"},{"taxonomy":"product_cat","embeddable":true,"href":"https:\/\/giftronic04.com\/index.php\/wp-json\/wp\/v2\/product_cat?post=1445"},{"taxonomy":"product_tag","embeddable":true,"href":"https:\/\/giftronic04.com\/index.php\/wp-json\/wp\/v2\/product_tag?post=1445"}],"curies":[{"name":"wp","href":"https:\/\/api.w.org\/{rel}","templated":true}]}}