{"id":1466,"date":"2021-08-09T08:25:16","date_gmt":"2021-08-09T13:25:16","guid":{"rendered":"https:\/\/giftronic04.com\/?post_type=product&#038;p=1466"},"modified":"2021-08-09T08:25:16","modified_gmt":"2021-08-09T13:25:16","slug":"funda-forro-protector-portatil-laptop-neopreno-doble-faz-15","status":"publish","type":"product","link":"https:\/\/giftronic04.com\/index.php\/product\/funda-forro-protector-portatil-laptop-neopreno-doble-faz-15\/","title":{"rendered":"Funda Forro Protector Port\u00e1til Laptop Neopreno Doble Faz 15&#8242;"},"content":{"rendered":"<p><span>Descripci\u00f3n<\/span><br \/>\n<span>FUNDA DOBLE FAZ 14&#8243; Y 15&#8243; JAL TECH COLOR ROJO<\/span><br \/>\n<span>Al momento de la compra por favor especificar el tama\u00f1o.<\/span><\/p>\n<p><span>Funda doble faz marca JALTECH, con excelente dise\u00f1o y presentaci\u00f3n, este producto cuenta con las siguientes caracter\u00edsticas:<\/span><\/p>\n<p><span>Descripci\u00f3n<\/span><\/p>\n<p><span>&#8211; Funda en neopreno para proteger su port\u00e1til<\/span><br \/>\n<span>&#8211; 2 colores reversibles<\/span><br \/>\n<span>&#8211; Dise\u00f1o que impide golpes y genera mayor protecci\u00f3n<\/span><br \/>\n<span>&#8211; Se aplana cuando no esta en uso<\/span><br \/>\n<span>&#8211; Hecho en neopreno de 4 mm de grosor<\/span><br \/>\n<span>&#8211; Compatible para port\u00e1tiles de hasta 14.0&#8243;<\/span><br \/>\n<span>&#8211; Dimensiones 35.5 x 26.5 cms<\/span><\/p>\n","protected":false},"excerpt":{"rendered":"<p>Descripci\u00f3n FUNDA DOBLE FAZ 14&#8243; Y 15&#8243; JAL TECH COLOR ROJO Al momento de la compra por favor especificar el tama\u00f1o. Funda doble faz marca JALTECH, con excelente dise\u00f1o y presentaci\u00f3n, este producto cuenta con las siguientes caracter\u00edsticas: Descripci\u00f3n &#8211; Funda en neopreno para proteger su port\u00e1til &#8211; 2 colores reversibles &#8211; Dise\u00f1o que impide [&hellip;]<\/p>\n","protected":false},"featured_media":1470,"comment_status":"open","ping_status":"closed","template":"","meta":{"_surecart_dashboard_logo_width":"180px","_surecart_dashboard_show_logo":true,"_surecart_dashboard_navigation_orders":true,"_surecart_dashboard_navigation_invoices":true,"_surecart_dashboard_navigation_subscriptions":true,"_surecart_dashboard_navigation_downloads":true,"_surecart_dashboard_navigation_billing":true,"_surecart_dashboard_navigation_account":true,"site-sidebar-layout":"default","site-content-layout":"","ast-site-content-layout":"default","site-content-style":"default","site-sidebar-style":"default","ast-global-header-display":"","ast-banner-title-visibility":"","ast-main-header-display":"","ast-hfb-above-header-display":"","ast-hfb-below-header-display":"","ast-hfb-mobile-header-display":"","site-post-title":"","ast-breadcrumbs-content":"","ast-featured-img":"","footer-sml-layout":"","ast-disable-related-posts":"","theme-transparent-header-meta":"","adv-header-id-meta":"","stick-header-meta":"","header-above-stick-meta":"","header-main-stick-meta":"","header-below-stick-meta":"","astra-migrate-meta-layouts":"default","ast-page-background-enabled":"default","ast-page-background-meta":{"desktop":{"background-color":"var(--ast-global-color-4)","background-image":"","background-repeat":"repeat","background-position":"center center","background-size":"auto","background-attachment":"scroll","background-type":"","background-media":"","overlay-type":"","overlay-color":"","overlay-opacity":"","overlay-gradient":""},"tablet":{"background-color":"","background-image":"","background-repeat":"repeat","background-position":"center center","background-size":"auto","background-attachment":"scroll","background-type":"","background-media":"","overlay-type":"","overlay-color":"","overlay-opacity":"","overlay-gradient":""},"mobile":{"background-color":"","background-image":"","background-repeat":"repeat","background-position":"center center","background-size":"auto","background-attachment":"scroll","background-type":"","background-media":"","overlay-type":"","overlay-color":"","overlay-opacity":"","overlay-gradient":""}},"ast-content-background-meta":{"desktop":{"background-color":"var(--ast-global-color-5)","background-image":"","background-repeat":"repeat","background-position":"center center","background-size":"auto","background-attachment":"scroll","background-type":"","background-media":"","overlay-type":"","overlay-color":"","overlay-opacity":"","overlay-gradient":""},"tablet":{"background-color":"var(--ast-global-color-5)","background-image":"","background-repeat":"repeat","background-position":"center center","background-size":"auto","background-attachment":"scroll","background-type":"","background-media":"","overlay-type":"","overlay-color":"","overlay-opacity":"","overlay-gradient":""},"mobile":{"background-color":"var(--ast-global-color-5)","background-image":"","background-repeat":"repeat","background-position":"center center","background-size":"auto","background-attachment":"scroll","background-type":"","background-media":"","overlay-type":"","overlay-color":"","overlay-opacity":"","overlay-gradient":""}}},"product_brand":[],"product_cat":[50,22],"product_tag":[],"class_list":{"0":"post-1466","1":"product","2":"type-product","3":"status-publish","4":"has-post-thumbnail","6":"product_cat-accesorios-para-portatiles","7":"product_cat-computacion","8":"desktop-align-left","9":"tablet-align-left","10":"mobile-align-left","12":"first","13":"instock","14":"taxable","15":"shipping-taxable","16":"purchasable","17":"product-type-simple"},"yoast_head":"<!-- This site is optimized with the Yoast SEO plugin v27.5 - https:\/\/yoast.com\/product\/yoast-seo-wordpress\/ -->\n<title>Funda Forro Protector Port\u00e1til Laptop Neopreno Doble Faz 15&#039; - Giftronic.04<\/title>\n<meta name=\"robots\" content=\"index, follow, max-snippet:-1, max-image-preview:large, max-video-preview:-1\" \/>\n<link rel=\"canonical\" href=\"https:\/\/giftronic04.com\/index.php\/product\/funda-forro-protector-portatil-laptop-neopreno-doble-faz-15\/\" \/>\n<meta property=\"og:locale\" content=\"es_ES\" \/>\n<meta property=\"og:type\" content=\"article\" \/>\n<meta property=\"og:title\" content=\"Funda Forro Protector Port\u00e1til Laptop Neopreno Doble Faz 15&#039; - Giftronic.04\" \/>\n<meta property=\"og:description\" content=\"Descripci\u00f3n FUNDA DOBLE FAZ 14&#8243; Y 15&#8243; JAL TECH COLOR ROJO Al momento de la compra por favor especificar el tama\u00f1o. Funda doble faz marca JALTECH, con excelente dise\u00f1o y presentaci\u00f3n, este producto cuenta con las siguientes caracter\u00edsticas: Descripci\u00f3n &#8211; Funda en neopreno para proteger su port\u00e1til &#8211; 2 colores reversibles &#8211; Dise\u00f1o que impide [&hellip;]\" \/>\n<meta property=\"og:url\" content=\"https:\/\/giftronic04.com\/index.php\/product\/funda-forro-protector-portatil-laptop-neopreno-doble-faz-15\/\" \/>\n<meta property=\"og:site_name\" content=\"Giftronic.04\" \/>\n<meta property=\"og:image\" content=\"https:\/\/giftronic04.com\/wp-content\/uploads\/2021\/08\/D_NQ_NP_743410-MCO45028963374_022021-O.webp\" \/>\n\t<meta property=\"og:image:width\" content=\"477\" \/>\n\t<meta property=\"og:image:height\" content=\"500\" \/>\n\t<meta property=\"og:image:type\" content=\"image\/webp\" \/>\n<meta name=\"twitter:card\" content=\"summary_large_image\" \/>\n<meta name=\"twitter:label1\" content=\"Tiempo de lectura\" \/>\n\t<meta name=\"twitter:data1\" content=\"1 minuto\" \/>\n<script type=\"application\/ld+json\" class=\"yoast-schema-graph\">{\"@context\":\"https:\\\/\\\/schema.org\",\"@graph\":[{\"@type\":\"WebPage\",\"@id\":\"https:\\\/\\\/giftronic04.com\\\/index.php\\\/product\\\/funda-forro-protector-portatil-laptop-neopreno-doble-faz-15\\\/\",\"url\":\"https:\\\/\\\/giftronic04.com\\\/index.php\\\/product\\\/funda-forro-protector-portatil-laptop-neopreno-doble-faz-15\\\/\",\"name\":\"Funda Forro Protector Port\u00e1til Laptop Neopreno Doble Faz 15' - Giftronic.04\",\"isPartOf\":{\"@id\":\"https:\\\/\\\/giftronic04.com\\\/#website\"},\"primaryImageOfPage\":{\"@id\":\"https:\\\/\\\/giftronic04.com\\\/index.php\\\/product\\\/funda-forro-protector-portatil-laptop-neopreno-doble-faz-15\\\/#primaryimage\"},\"image\":{\"@id\":\"https:\\\/\\\/giftronic04.com\\\/index.php\\\/product\\\/funda-forro-protector-portatil-laptop-neopreno-doble-faz-15\\\/#primaryimage\"},\"thumbnailUrl\":\"https:\\\/\\\/giftronic04.com\\\/wp-content\\\/uploads\\\/2021\\\/08\\\/D_NQ_NP_743410-MCO45028963374_022021-O.webp\",\"datePublished\":\"2021-08-09T13:25:16+00:00\",\"breadcrumb\":{\"@id\":\"https:\\\/\\\/giftronic04.com\\\/index.php\\\/product\\\/funda-forro-protector-portatil-laptop-neopreno-doble-faz-15\\\/#breadcrumb\"},\"inLanguage\":\"es\",\"potentialAction\":[{\"@type\":\"ReadAction\",\"target\":[\"https:\\\/\\\/giftronic04.com\\\/index.php\\\/product\\\/funda-forro-protector-portatil-laptop-neopreno-doble-faz-15\\\/\"]}]},{\"@type\":\"ImageObject\",\"inLanguage\":\"es\",\"@id\":\"https:\\\/\\\/giftronic04.com\\\/index.php\\\/product\\\/funda-forro-protector-portatil-laptop-neopreno-doble-faz-15\\\/#primaryimage\",\"url\":\"https:\\\/\\\/giftronic04.com\\\/wp-content\\\/uploads\\\/2021\\\/08\\\/D_NQ_NP_743410-MCO45028963374_022021-O.webp\",\"contentUrl\":\"https:\\\/\\\/giftronic04.com\\\/wp-content\\\/uploads\\\/2021\\\/08\\\/D_NQ_NP_743410-MCO45028963374_022021-O.webp\",\"width\":477,\"height\":500},{\"@type\":\"BreadcrumbList\",\"@id\":\"https:\\\/\\\/giftronic04.com\\\/index.php\\\/product\\\/funda-forro-protector-portatil-laptop-neopreno-doble-faz-15\\\/#breadcrumb\",\"itemListElement\":[{\"@type\":\"ListItem\",\"position\":1,\"name\":\"Portada\",\"item\":\"https:\\\/\\\/giftronic04.com\\\/\"},{\"@type\":\"ListItem\",\"position\":2,\"name\":\"Tienda\",\"item\":\"https:\\\/\\\/giftronic04.com\\\/index.php\\\/shop\\\/\"},{\"@type\":\"ListItem\",\"position\":3,\"name\":\"Funda Forro Protector Port\u00e1til Laptop Neopreno Doble Faz 15&#8242;\"}]},{\"@type\":\"WebSite\",\"@id\":\"https:\\\/\\\/giftronic04.com\\\/#website\",\"url\":\"https:\\\/\\\/giftronic04.com\\\/\",\"name\":\"Giftronic.04\",\"description\":\"Venta de equipos tecnologicos\",\"publisher\":{\"@id\":\"https:\\\/\\\/giftronic04.com\\\/#organization\"},\"potentialAction\":[{\"@type\":\"SearchAction\",\"target\":{\"@type\":\"EntryPoint\",\"urlTemplate\":\"https:\\\/\\\/giftronic04.com\\\/?s={search_term_string}\"},\"query-input\":{\"@type\":\"PropertyValueSpecification\",\"valueRequired\":true,\"valueName\":\"search_term_string\"}}],\"inLanguage\":\"es\"},{\"@type\":\"Organization\",\"@id\":\"https:\\\/\\\/giftronic04.com\\\/#organization\",\"name\":\"giftronic04\",\"url\":\"https:\\\/\\\/giftronic04.com\\\/\",\"logo\":{\"@type\":\"ImageObject\",\"inLanguage\":\"es\",\"@id\":\"https:\\\/\\\/giftronic04.com\\\/#\\\/schema\\\/logo\\\/image\\\/\",\"url\":\"https:\\\/\\\/giftronic04.com\\\/wp-content\\\/uploads\\\/2021\\\/08\\\/logo.png\",\"contentUrl\":\"https:\\\/\\\/giftronic04.com\\\/wp-content\\\/uploads\\\/2021\\\/08\\\/logo.png\",\"width\":6640,\"height\":2192,\"caption\":\"giftronic04\"},\"image\":{\"@id\":\"https:\\\/\\\/giftronic04.com\\\/#\\\/schema\\\/logo\\\/image\\\/\"},\"sameAs\":[\"https:\\\/\\\/www.instagram.com\\\/giftronic.04\\\/\"]}]}<\/script>\n<!-- \/ Yoast SEO plugin. -->","yoast_head_json":{"title":"Funda Forro Protector Port\u00e1til Laptop Neopreno Doble Faz 15' - Giftronic.04","robots":{"index":"index","follow":"follow","max-snippet":"max-snippet:-1","max-image-preview":"max-image-preview:large","max-video-preview":"max-video-preview:-1"},"canonical":"https:\/\/giftronic04.com\/index.php\/product\/funda-forro-protector-portatil-laptop-neopreno-doble-faz-15\/","og_locale":"es_ES","og_type":"article","og_title":"Funda Forro Protector Port\u00e1til Laptop Neopreno Doble Faz 15' - Giftronic.04","og_description":"Descripci\u00f3n FUNDA DOBLE FAZ 14&#8243; Y 15&#8243; JAL TECH COLOR ROJO Al momento de la compra por favor especificar el tama\u00f1o. Funda doble faz marca JALTECH, con excelente dise\u00f1o y presentaci\u00f3n, este producto cuenta con las siguientes caracter\u00edsticas: Descripci\u00f3n &#8211; Funda en neopreno para proteger su port\u00e1til &#8211; 2 colores reversibles &#8211; Dise\u00f1o que impide [&hellip;]","og_url":"https:\/\/giftronic04.com\/index.php\/product\/funda-forro-protector-portatil-laptop-neopreno-doble-faz-15\/","og_site_name":"Giftronic.04","og_image":[{"width":477,"height":500,"url":"https:\/\/giftronic04.com\/wp-content\/uploads\/2021\/08\/D_NQ_NP_743410-MCO45028963374_022021-O.webp","type":"image\/webp"}],"twitter_card":"summary_large_image","twitter_misc":{"Tiempo de lectura":"1 minuto"},"schema":{"@context":"https:\/\/schema.org","@graph":[{"@type":"WebPage","@id":"https:\/\/giftronic04.com\/index.php\/product\/funda-forro-protector-portatil-laptop-neopreno-doble-faz-15\/","url":"https:\/\/giftronic04.com\/index.php\/product\/funda-forro-protector-portatil-laptop-neopreno-doble-faz-15\/","name":"Funda Forro Protector Port\u00e1til Laptop Neopreno Doble Faz 15' - Giftronic.04","isPartOf":{"@id":"https:\/\/giftronic04.com\/#website"},"primaryImageOfPage":{"@id":"https:\/\/giftronic04.com\/index.php\/product\/funda-forro-protector-portatil-laptop-neopreno-doble-faz-15\/#primaryimage"},"image":{"@id":"https:\/\/giftronic04.com\/index.php\/product\/funda-forro-protector-portatil-laptop-neopreno-doble-faz-15\/#primaryimage"},"thumbnailUrl":"https:\/\/giftronic04.com\/wp-content\/uploads\/2021\/08\/D_NQ_NP_743410-MCO45028963374_022021-O.webp","datePublished":"2021-08-09T13:25:16+00:00","breadcrumb":{"@id":"https:\/\/giftronic04.com\/index.php\/product\/funda-forro-protector-portatil-laptop-neopreno-doble-faz-15\/#breadcrumb"},"inLanguage":"es","potentialAction":[{"@type":"ReadAction","target":["https:\/\/giftronic04.com\/index.php\/product\/funda-forro-protector-portatil-laptop-neopreno-doble-faz-15\/"]}]},{"@type":"ImageObject","inLanguage":"es","@id":"https:\/\/giftronic04.com\/index.php\/product\/funda-forro-protector-portatil-laptop-neopreno-doble-faz-15\/#primaryimage","url":"https:\/\/giftronic04.com\/wp-content\/uploads\/2021\/08\/D_NQ_NP_743410-MCO45028963374_022021-O.webp","contentUrl":"https:\/\/giftronic04.com\/wp-content\/uploads\/2021\/08\/D_NQ_NP_743410-MCO45028963374_022021-O.webp","width":477,"height":500},{"@type":"BreadcrumbList","@id":"https:\/\/giftronic04.com\/index.php\/product\/funda-forro-protector-portatil-laptop-neopreno-doble-faz-15\/#breadcrumb","itemListElement":[{"@type":"ListItem","position":1,"name":"Portada","item":"https:\/\/giftronic04.com\/"},{"@type":"ListItem","position":2,"name":"Tienda","item":"https:\/\/giftronic04.com\/index.php\/shop\/"},{"@type":"ListItem","position":3,"name":"Funda Forro Protector Port\u00e1til Laptop Neopreno Doble Faz 15&#8242;"}]},{"@type":"WebSite","@id":"https:\/\/giftronic04.com\/#website","url":"https:\/\/giftronic04.com\/","name":"Giftronic.04","description":"Venta de equipos tecnologicos","publisher":{"@id":"https:\/\/giftronic04.com\/#organization"},"potentialAction":[{"@type":"SearchAction","target":{"@type":"EntryPoint","urlTemplate":"https:\/\/giftronic04.com\/?s={search_term_string}"},"query-input":{"@type":"PropertyValueSpecification","valueRequired":true,"valueName":"search_term_string"}}],"inLanguage":"es"},{"@type":"Organization","@id":"https:\/\/giftronic04.com\/#organization","name":"giftronic04","url":"https:\/\/giftronic04.com\/","logo":{"@type":"ImageObject","inLanguage":"es","@id":"https:\/\/giftronic04.com\/#\/schema\/logo\/image\/","url":"https:\/\/giftronic04.com\/wp-content\/uploads\/2021\/08\/logo.png","contentUrl":"https:\/\/giftronic04.com\/wp-content\/uploads\/2021\/08\/logo.png","width":6640,"height":2192,"caption":"giftronic04"},"image":{"@id":"https:\/\/giftronic04.com\/#\/schema\/logo\/image\/"},"sameAs":["https:\/\/www.instagram.com\/giftronic.04\/"]}]}},"jetpack_sharing_enabled":true,"_links":{"self":[{"href":"https:\/\/giftronic04.com\/index.php\/wp-json\/wp\/v2\/product\/1466","targetHints":{"allow":["GET"]}}],"collection":[{"href":"https:\/\/giftronic04.com\/index.php\/wp-json\/wp\/v2\/product"}],"about":[{"href":"https:\/\/giftronic04.com\/index.php\/wp-json\/wp\/v2\/types\/product"}],"replies":[{"embeddable":true,"href":"https:\/\/giftronic04.com\/index.php\/wp-json\/wp\/v2\/comments?post=1466"}],"wp:featuredmedia":[{"embeddable":true,"href":"https:\/\/giftronic04.com\/index.php\/wp-json\/wp\/v2\/media\/1470"}],"wp:attachment":[{"href":"https:\/\/giftronic04.com\/index.php\/wp-json\/wp\/v2\/media?parent=1466"}],"wp:term":[{"taxonomy":"product_brand","embeddable":true,"href":"https:\/\/giftronic04.com\/index.php\/wp-json\/wp\/v2\/product_brand?post=1466"},{"taxonomy":"product_cat","embeddable":true,"href":"https:\/\/giftronic04.com\/index.php\/wp-json\/wp\/v2\/product_cat?post=1466"},{"taxonomy":"product_tag","embeddable":true,"href":"https:\/\/giftronic04.com\/index.php\/wp-json\/wp\/v2\/product_tag?post=1466"}],"curies":[{"name":"wp","href":"https:\/\/api.w.org\/{rel}","templated":true}]}}