{"id":1507,"date":"2021-08-09T08:46:03","date_gmt":"2021-08-09T13:46:03","guid":{"rendered":"https:\/\/giftronic04.com\/?post_type=product&#038;p=1507"},"modified":"2021-08-12T11:11:59","modified_gmt":"2021-08-12T16:11:59","slug":"cable-displayport-a-vga-adaptador-display-port-a-vga","status":"publish","type":"product","link":"https:\/\/giftronic04.com\/index.php\/product\/cable-displayport-a-vga-adaptador-display-port-a-vga\/","title":{"rendered":"Cable Displayport A Vga \/ Adaptador Display Port A Vga"},"content":{"rendered":"<p><span>CABLE CONVERTIDOR \/ ADAPTADOR DE DISPLAY PORT A VGA<\/span><\/p>\n<p><span>Esto es un DisplayPort a VGA para la conexi\u00f3n de pr\u00f3xima generaci\u00f3n basado en PC DisplayPort y ordenadores port\u00e1tiles con pantallas VGA convencionales, tales como CRT, monitores LCD y proyectores.<\/span><\/p>\n<p><span>El DisplayPort al convertidor del VGA convierte su se\u00f1al displayport digital de se\u00f1al VGA anal\u00f3gica. Ofrece soluciones para el centro de entretenimiento digital, f\u00e1brica del proyector, espacio y los problemas de seguridad ruidosos, presentaci\u00f3n de la sala de conferencias, la escuela y la formaci\u00f3n entornos corporativos.<\/span><\/p>\n<p><span>Conecte cualquier computadora con salida Displayport a una pantalla, TV, videobeam, etc. con entrada de video VGA. Reconozca la salida Displayport por su s\u00edmbolo que es una P dentro de una D!. Este cable es ideal para conectar un port\u00e1til o un ordenador con interfaz Display Port a un monitor VGA, Proyector, LCD \/ TFT, etc.<\/span><\/p>\n<p><span>Convertidor \/ adaptador de f\u00e1cil instalaci\u00f3n que permite conectar cualquier aparato con salida DP DisplayPort (iMac, Macbook Pro, Macbook Air, Macbook Retina, etc) a aquellos que cuenten con entrada VGA (Monitores, pantallas, proyectores, etc). Plug and play (no requiere instalaci\u00f3n de drivers\/controladores)<\/span><\/p>\n<p><span>ESPECIFICACIONES T\u00c9CNICAS<\/span><\/p>\n<p><span>\u2022 Entrada: DP DisplayPort macho<\/span><br \/>\n<span>\u2022 Salida: VGA hembra<\/span><br \/>\n<span>\u2022 Dimensiones: 5 x 4 x 2 cm<\/span><br \/>\n<span>\u2022 Peso: 46 g<\/span><\/p>\n<p><span>CONTENIDO EMPAQUE (BOLSA)<\/span><\/p>\n<p><span>\u2022 1x Adaptador DisplayPort a VGA<\/span><\/p>\n","protected":false},"excerpt":{"rendered":"<p>CABLE CONVERTIDOR \/ ADAPTADOR DE DISPLAY PORT A VGA Esto es un DisplayPort a VGA para la conexi\u00f3n de pr\u00f3xima generaci\u00f3n basado en PC DisplayPort y ordenadores port\u00e1tiles con pantallas VGA convencionales, tales como CRT, monitores LCD y proyectores. El DisplayPort al convertidor del VGA convierte su se\u00f1al displayport digital de se\u00f1al VGA anal\u00f3gica. Ofrece [&hellip;]<\/p>\n","protected":false},"featured_media":1512,"comment_status":"open","ping_status":"closed","template":"","meta":{"_surecart_dashboard_logo_width":"180px","_surecart_dashboard_show_logo":true,"_surecart_dashboard_navigation_orders":true,"_surecart_dashboard_navigation_invoices":true,"_surecart_dashboard_navigation_subscriptions":true,"_surecart_dashboard_navigation_downloads":true,"_surecart_dashboard_navigation_billing":true,"_surecart_dashboard_navigation_account":true,"site-sidebar-layout":"default","site-content-layout":"","ast-site-content-layout":"default","site-content-style":"default","site-sidebar-style":"default","ast-global-header-display":"","ast-banner-title-visibility":"","ast-main-header-display":"","ast-hfb-above-header-display":"","ast-hfb-below-header-display":"","ast-hfb-mobile-header-display":"","site-post-title":"","ast-breadcrumbs-content":"","ast-featured-img":"","footer-sml-layout":"","ast-disable-related-posts":"","theme-transparent-header-meta":"","adv-header-id-meta":"","stick-header-meta":"","header-above-stick-meta":"","header-main-stick-meta":"","header-below-stick-meta":"","astra-migrate-meta-layouts":"default","ast-page-background-enabled":"default","ast-page-background-meta":{"desktop":{"background-color":"var(--ast-global-color-4)","background-image":"","background-repeat":"repeat","background-position":"center center","background-size":"auto","background-attachment":"scroll","background-type":"","background-media":"","overlay-type":"","overlay-color":"","overlay-opacity":"","overlay-gradient":""},"tablet":{"background-color":"","background-image":"","background-repeat":"repeat","background-position":"center center","background-size":"auto","background-attachment":"scroll","background-type":"","background-media":"","overlay-type":"","overlay-color":"","overlay-opacity":"","overlay-gradient":""},"mobile":{"background-color":"","background-image":"","background-repeat":"repeat","background-position":"center center","background-size":"auto","background-attachment":"scroll","background-type":"","background-media":"","overlay-type":"","overlay-color":"","overlay-opacity":"","overlay-gradient":""}},"ast-content-background-meta":{"desktop":{"background-color":"var(--ast-global-color-5)","background-image":"","background-repeat":"repeat","background-position":"center center","background-size":"auto","background-attachment":"scroll","background-type":"","background-media":"","overlay-type":"","overlay-color":"","overlay-opacity":"","overlay-gradient":""},"tablet":{"background-color":"var(--ast-global-color-5)","background-image":"","background-repeat":"repeat","background-position":"center center","background-size":"auto","background-attachment":"scroll","background-type":"","background-media":"","overlay-type":"","overlay-color":"","overlay-opacity":"","overlay-gradient":""},"mobile":{"background-color":"var(--ast-global-color-5)","background-image":"","background-repeat":"repeat","background-position":"center center","background-size":"auto","background-attachment":"scroll","background-type":"","background-media":"","overlay-type":"","overlay-color":"","overlay-opacity":"","overlay-gradient":""}}},"product_brand":[],"product_cat":[23,41],"product_tag":[],"class_list":{"0":"post-1507","1":"product","2":"type-product","3":"status-publish","4":"has-post-thumbnail","6":"product_cat-audio-y-video","7":"product_cat-cables","8":"desktop-align-left","9":"tablet-align-left","10":"mobile-align-left","12":"first","13":"instock","14":"sale","15":"taxable","16":"shipping-taxable","17":"purchasable","18":"product-type-simple"},"yoast_head":"<!-- This site is optimized with the Yoast SEO plugin v27.5 - https:\/\/yoast.com\/product\/yoast-seo-wordpress\/ -->\n<title>Cable Displayport A Vga \/ Adaptador Display Port A Vga - Giftronic.04<\/title>\n<meta name=\"robots\" content=\"index, follow, max-snippet:-1, max-image-preview:large, max-video-preview:-1\" \/>\n<link rel=\"canonical\" href=\"https:\/\/giftronic04.com\/index.php\/product\/cable-displayport-a-vga-adaptador-display-port-a-vga\/\" \/>\n<meta property=\"og:locale\" content=\"es_ES\" \/>\n<meta property=\"og:type\" content=\"article\" \/>\n<meta property=\"og:title\" content=\"Cable Displayport A Vga \/ Adaptador Display Port A Vga - Giftronic.04\" \/>\n<meta property=\"og:description\" content=\"CABLE CONVERTIDOR \/ ADAPTADOR DE DISPLAY PORT A VGA Esto es un DisplayPort a VGA para la conexi\u00f3n de pr\u00f3xima generaci\u00f3n basado en PC DisplayPort y ordenadores port\u00e1tiles con pantallas VGA convencionales, tales como CRT, monitores LCD y proyectores. El DisplayPort al convertidor del VGA convierte su se\u00f1al displayport digital de se\u00f1al VGA anal\u00f3gica. Ofrece [&hellip;]\" \/>\n<meta property=\"og:url\" content=\"https:\/\/giftronic04.com\/index.php\/product\/cable-displayport-a-vga-adaptador-display-port-a-vga\/\" \/>\n<meta property=\"og:site_name\" content=\"Giftronic.04\" \/>\n<meta property=\"article:modified_time\" content=\"2021-08-12T16:11:59+00:00\" \/>\n<meta property=\"og:image\" content=\"https:\/\/giftronic04.com\/wp-content\/uploads\/2021\/08\/D_NQ_NP_892543-MCO44183862588_112020-O.webp\" \/>\n\t<meta property=\"og:image:width\" content=\"500\" \/>\n\t<meta property=\"og:image:height\" content=\"450\" \/>\n\t<meta property=\"og:image:type\" content=\"image\/webp\" \/>\n<meta name=\"twitter:card\" content=\"summary_large_image\" \/>\n<meta name=\"twitter:label1\" content=\"Tiempo de lectura\" \/>\n\t<meta name=\"twitter:data1\" content=\"1 minuto\" \/>\n<script type=\"application\/ld+json\" class=\"yoast-schema-graph\">{\"@context\":\"https:\\\/\\\/schema.org\",\"@graph\":[{\"@type\":\"WebPage\",\"@id\":\"https:\\\/\\\/giftronic04.com\\\/index.php\\\/product\\\/cable-displayport-a-vga-adaptador-display-port-a-vga\\\/\",\"url\":\"https:\\\/\\\/giftronic04.com\\\/index.php\\\/product\\\/cable-displayport-a-vga-adaptador-display-port-a-vga\\\/\",\"name\":\"Cable Displayport A Vga \\\/ Adaptador Display Port A Vga - Giftronic.04\",\"isPartOf\":{\"@id\":\"https:\\\/\\\/giftronic04.com\\\/#website\"},\"primaryImageOfPage\":{\"@id\":\"https:\\\/\\\/giftronic04.com\\\/index.php\\\/product\\\/cable-displayport-a-vga-adaptador-display-port-a-vga\\\/#primaryimage\"},\"image\":{\"@id\":\"https:\\\/\\\/giftronic04.com\\\/index.php\\\/product\\\/cable-displayport-a-vga-adaptador-display-port-a-vga\\\/#primaryimage\"},\"thumbnailUrl\":\"https:\\\/\\\/giftronic04.com\\\/wp-content\\\/uploads\\\/2021\\\/08\\\/D_NQ_NP_892543-MCO44183862588_112020-O.webp\",\"datePublished\":\"2021-08-09T13:46:03+00:00\",\"dateModified\":\"2021-08-12T16:11:59+00:00\",\"breadcrumb\":{\"@id\":\"https:\\\/\\\/giftronic04.com\\\/index.php\\\/product\\\/cable-displayport-a-vga-adaptador-display-port-a-vga\\\/#breadcrumb\"},\"inLanguage\":\"es\",\"potentialAction\":[{\"@type\":\"ReadAction\",\"target\":[\"https:\\\/\\\/giftronic04.com\\\/index.php\\\/product\\\/cable-displayport-a-vga-adaptador-display-port-a-vga\\\/\"]}]},{\"@type\":\"ImageObject\",\"inLanguage\":\"es\",\"@id\":\"https:\\\/\\\/giftronic04.com\\\/index.php\\\/product\\\/cable-displayport-a-vga-adaptador-display-port-a-vga\\\/#primaryimage\",\"url\":\"https:\\\/\\\/giftronic04.com\\\/wp-content\\\/uploads\\\/2021\\\/08\\\/D_NQ_NP_892543-MCO44183862588_112020-O.webp\",\"contentUrl\":\"https:\\\/\\\/giftronic04.com\\\/wp-content\\\/uploads\\\/2021\\\/08\\\/D_NQ_NP_892543-MCO44183862588_112020-O.webp\",\"width\":500,\"height\":450},{\"@type\":\"BreadcrumbList\",\"@id\":\"https:\\\/\\\/giftronic04.com\\\/index.php\\\/product\\\/cable-displayport-a-vga-adaptador-display-port-a-vga\\\/#breadcrumb\",\"itemListElement\":[{\"@type\":\"ListItem\",\"position\":1,\"name\":\"Portada\",\"item\":\"https:\\\/\\\/giftronic04.com\\\/\"},{\"@type\":\"ListItem\",\"position\":2,\"name\":\"Tienda\",\"item\":\"https:\\\/\\\/giftronic04.com\\\/index.php\\\/shop\\\/\"},{\"@type\":\"ListItem\",\"position\":3,\"name\":\"Cable Displayport A Vga \\\/ Adaptador Display Port A Vga\"}]},{\"@type\":\"WebSite\",\"@id\":\"https:\\\/\\\/giftronic04.com\\\/#website\",\"url\":\"https:\\\/\\\/giftronic04.com\\\/\",\"name\":\"Giftronic.04\",\"description\":\"Venta de equipos tecnologicos\",\"publisher\":{\"@id\":\"https:\\\/\\\/giftronic04.com\\\/#organization\"},\"potentialAction\":[{\"@type\":\"SearchAction\",\"target\":{\"@type\":\"EntryPoint\",\"urlTemplate\":\"https:\\\/\\\/giftronic04.com\\\/?s={search_term_string}\"},\"query-input\":{\"@type\":\"PropertyValueSpecification\",\"valueRequired\":true,\"valueName\":\"search_term_string\"}}],\"inLanguage\":\"es\"},{\"@type\":\"Organization\",\"@id\":\"https:\\\/\\\/giftronic04.com\\\/#organization\",\"name\":\"giftronic04\",\"url\":\"https:\\\/\\\/giftronic04.com\\\/\",\"logo\":{\"@type\":\"ImageObject\",\"inLanguage\":\"es\",\"@id\":\"https:\\\/\\\/giftronic04.com\\\/#\\\/schema\\\/logo\\\/image\\\/\",\"url\":\"https:\\\/\\\/giftronic04.com\\\/wp-content\\\/uploads\\\/2021\\\/08\\\/logo.png\",\"contentUrl\":\"https:\\\/\\\/giftronic04.com\\\/wp-content\\\/uploads\\\/2021\\\/08\\\/logo.png\",\"width\":6640,\"height\":2192,\"caption\":\"giftronic04\"},\"image\":{\"@id\":\"https:\\\/\\\/giftronic04.com\\\/#\\\/schema\\\/logo\\\/image\\\/\"},\"sameAs\":[\"https:\\\/\\\/www.instagram.com\\\/giftronic.04\\\/\"]}]}<\/script>\n<!-- \/ Yoast SEO plugin. -->","yoast_head_json":{"title":"Cable Displayport A Vga \/ Adaptador Display Port A Vga - Giftronic.04","robots":{"index":"index","follow":"follow","max-snippet":"max-snippet:-1","max-image-preview":"max-image-preview:large","max-video-preview":"max-video-preview:-1"},"canonical":"https:\/\/giftronic04.com\/index.php\/product\/cable-displayport-a-vga-adaptador-display-port-a-vga\/","og_locale":"es_ES","og_type":"article","og_title":"Cable Displayport A Vga \/ Adaptador Display Port A Vga - Giftronic.04","og_description":"CABLE CONVERTIDOR \/ ADAPTADOR DE DISPLAY PORT A VGA Esto es un DisplayPort a VGA para la conexi\u00f3n de pr\u00f3xima generaci\u00f3n basado en PC DisplayPort y ordenadores port\u00e1tiles con pantallas VGA convencionales, tales como CRT, monitores LCD y proyectores. El DisplayPort al convertidor del VGA convierte su se\u00f1al displayport digital de se\u00f1al VGA anal\u00f3gica. Ofrece [&hellip;]","og_url":"https:\/\/giftronic04.com\/index.php\/product\/cable-displayport-a-vga-adaptador-display-port-a-vga\/","og_site_name":"Giftronic.04","article_modified_time":"2021-08-12T16:11:59+00:00","og_image":[{"width":500,"height":450,"url":"https:\/\/giftronic04.com\/wp-content\/uploads\/2021\/08\/D_NQ_NP_892543-MCO44183862588_112020-O.webp","type":"image\/webp"}],"twitter_card":"summary_large_image","twitter_misc":{"Tiempo de lectura":"1 minuto"},"schema":{"@context":"https:\/\/schema.org","@graph":[{"@type":"WebPage","@id":"https:\/\/giftronic04.com\/index.php\/product\/cable-displayport-a-vga-adaptador-display-port-a-vga\/","url":"https:\/\/giftronic04.com\/index.php\/product\/cable-displayport-a-vga-adaptador-display-port-a-vga\/","name":"Cable Displayport A Vga \/ Adaptador Display Port A Vga - Giftronic.04","isPartOf":{"@id":"https:\/\/giftronic04.com\/#website"},"primaryImageOfPage":{"@id":"https:\/\/giftronic04.com\/index.php\/product\/cable-displayport-a-vga-adaptador-display-port-a-vga\/#primaryimage"},"image":{"@id":"https:\/\/giftronic04.com\/index.php\/product\/cable-displayport-a-vga-adaptador-display-port-a-vga\/#primaryimage"},"thumbnailUrl":"https:\/\/giftronic04.com\/wp-content\/uploads\/2021\/08\/D_NQ_NP_892543-MCO44183862588_112020-O.webp","datePublished":"2021-08-09T13:46:03+00:00","dateModified":"2021-08-12T16:11:59+00:00","breadcrumb":{"@id":"https:\/\/giftronic04.com\/index.php\/product\/cable-displayport-a-vga-adaptador-display-port-a-vga\/#breadcrumb"},"inLanguage":"es","potentialAction":[{"@type":"ReadAction","target":["https:\/\/giftronic04.com\/index.php\/product\/cable-displayport-a-vga-adaptador-display-port-a-vga\/"]}]},{"@type":"ImageObject","inLanguage":"es","@id":"https:\/\/giftronic04.com\/index.php\/product\/cable-displayport-a-vga-adaptador-display-port-a-vga\/#primaryimage","url":"https:\/\/giftronic04.com\/wp-content\/uploads\/2021\/08\/D_NQ_NP_892543-MCO44183862588_112020-O.webp","contentUrl":"https:\/\/giftronic04.com\/wp-content\/uploads\/2021\/08\/D_NQ_NP_892543-MCO44183862588_112020-O.webp","width":500,"height":450},{"@type":"BreadcrumbList","@id":"https:\/\/giftronic04.com\/index.php\/product\/cable-displayport-a-vga-adaptador-display-port-a-vga\/#breadcrumb","itemListElement":[{"@type":"ListItem","position":1,"name":"Portada","item":"https:\/\/giftronic04.com\/"},{"@type":"ListItem","position":2,"name":"Tienda","item":"https:\/\/giftronic04.com\/index.php\/shop\/"},{"@type":"ListItem","position":3,"name":"Cable Displayport A Vga \/ Adaptador Display Port A Vga"}]},{"@type":"WebSite","@id":"https:\/\/giftronic04.com\/#website","url":"https:\/\/giftronic04.com\/","name":"Giftronic.04","description":"Venta de equipos tecnologicos","publisher":{"@id":"https:\/\/giftronic04.com\/#organization"},"potentialAction":[{"@type":"SearchAction","target":{"@type":"EntryPoint","urlTemplate":"https:\/\/giftronic04.com\/?s={search_term_string}"},"query-input":{"@type":"PropertyValueSpecification","valueRequired":true,"valueName":"search_term_string"}}],"inLanguage":"es"},{"@type":"Organization","@id":"https:\/\/giftronic04.com\/#organization","name":"giftronic04","url":"https:\/\/giftronic04.com\/","logo":{"@type":"ImageObject","inLanguage":"es","@id":"https:\/\/giftronic04.com\/#\/schema\/logo\/image\/","url":"https:\/\/giftronic04.com\/wp-content\/uploads\/2021\/08\/logo.png","contentUrl":"https:\/\/giftronic04.com\/wp-content\/uploads\/2021\/08\/logo.png","width":6640,"height":2192,"caption":"giftronic04"},"image":{"@id":"https:\/\/giftronic04.com\/#\/schema\/logo\/image\/"},"sameAs":["https:\/\/www.instagram.com\/giftronic.04\/"]}]}},"jetpack_sharing_enabled":true,"_links":{"self":[{"href":"https:\/\/giftronic04.com\/index.php\/wp-json\/wp\/v2\/product\/1507","targetHints":{"allow":["GET"]}}],"collection":[{"href":"https:\/\/giftronic04.com\/index.php\/wp-json\/wp\/v2\/product"}],"about":[{"href":"https:\/\/giftronic04.com\/index.php\/wp-json\/wp\/v2\/types\/product"}],"replies":[{"embeddable":true,"href":"https:\/\/giftronic04.com\/index.php\/wp-json\/wp\/v2\/comments?post=1507"}],"wp:featuredmedia":[{"embeddable":true,"href":"https:\/\/giftronic04.com\/index.php\/wp-json\/wp\/v2\/media\/1512"}],"wp:attachment":[{"href":"https:\/\/giftronic04.com\/index.php\/wp-json\/wp\/v2\/media?parent=1507"}],"wp:term":[{"taxonomy":"product_brand","embeddable":true,"href":"https:\/\/giftronic04.com\/index.php\/wp-json\/wp\/v2\/product_brand?post=1507"},{"taxonomy":"product_cat","embeddable":true,"href":"https:\/\/giftronic04.com\/index.php\/wp-json\/wp\/v2\/product_cat?post=1507"},{"taxonomy":"product_tag","embeddable":true,"href":"https:\/\/giftronic04.com\/index.php\/wp-json\/wp\/v2\/product_tag?post=1507"}],"curies":[{"name":"wp","href":"https:\/\/api.w.org\/{rel}","templated":true}]}}