{"id":1581,"date":"2021-08-09T09:50:00","date_gmt":"2021-08-09T14:50:00","guid":{"rendered":"https:\/\/giftronic04.com\/?post_type=product&#038;p=1581"},"modified":"2024-03-10T20:58:18","modified_gmt":"2024-03-11T01:58:18","slug":"combo-de-teclado-y-mouse-inalambrico-logitech-mk220","status":"publish","type":"product","link":"https:\/\/giftronic04.com\/index.php\/product\/combo-de-teclado-y-mouse-inalambrico-logitech-mk220\/","title":{"rendered":"Combo De Teclado Y Mouse Inal\u00e0mbrico Logitech Mk220"},"content":{"rendered":"<p><span>LOGITECH MK220, COMBO INAL\u00c1MBRICO: TECLADO COMPACTO Y MOUSE<\/span><\/p>\n<p><span>\u2022 MUCHO M\u00c1S ESPACIO<\/span><br \/>\n<span>Este peque\u00f1o teclado tiene todas las teclas est\u00e1ndar, con lo que ahorrar\u00e1 espacio sin que le falte nada.<\/span><\/p>\n<p><span>\u2022 LIBERTAD DE MOVIMIENTO<\/span><br \/>\n<span>La fiable conexi\u00f3n inal\u00e1mbrica permite trabajar o jugar hasta a 10 metros de distancia sin apenas retrasos ni interrupciones.1<\/span><\/p>\n<p><span>\u2022 AHORRO DE PILAS<\/span><br \/>\n<span>Se olvidar\u00e1 de las pilas durante meses: 24 meses para el teclado y cinco para el rat\u00f3n.2<\/span><\/p>\n<p><span>\u2022 DISE\u00d1O MUCHO M\u00c1S PEQUE\u00d1O, LAS MISMAS TECLAS<\/span><br \/>\n<span>El teclado compacto es un 36% m\u00e1s peque\u00f1o que los teclados normales, pero conserva todas las teclas est\u00e1ndar por lo que hacer lo que le gusta resulta m\u00e1s f\u00e1cil que nunca.<\/span><\/p>\n<p><span>\u2022 TECNOLOG\u00cdA INAL\u00c1MBRICA AVANZADA DE 2,4 GHZ<\/span><br \/>\n<span>Para trabajar o jugar desde m\u00e1s lugares como si estuviese en el sof\u00e1: la conexi\u00f3n inal\u00e1mbrica elimina casi por completo retrasos, interrupciones e interferencias y ofrece un alcance de hasta 10 metros.1<\/span><\/p>\n<p><span>\u2022 CIFRADO AES DE 128 BITS<\/span><br \/>\n<span>Ayuda a proteger la informaci\u00f3n transmitida del teclado al receptor, con uno de los niveles m\u00e1s elevados de cifrado de datos.<\/span><\/p>\n<p><span>\u2022 MENOS COMPLICACIONES DE PILAS<\/span><br \/>\n<span>24 meses de duraci\u00f3n de las pilas del teclado y cinco meses de las del rat\u00f3n, para usarlos durante meses sin preocuparse por cambiar las pilas.2<\/span><\/p>\n<p><span>\u2022 DISE\u00d1O ELEGANTE Y MINIMALISTA<\/span><br \/>\n<span>El dise\u00f1o minimalista del teclado no es algo meramente est\u00e9tico, tiene una finalidad. La ausencia de espacio adicional entre las teclas lo hace compacto y elegante a la vez.<\/span><\/p>\n<p><span>\u2022 SIMPLICIDAD PLUG AND PLAY<\/span><br \/>\n<span>La instalaci\u00f3n es facil\u00edsima: basta con conectar el receptor inal\u00e1mbrico al puerto USB del ordenador para empezar a usar el teclado inmediatamente sin software.<\/span><\/p>\n<p><span>\u2022 TECLAS SILENCIOSAS<\/span><br \/>\n<span>Las teclas apenas hacen ruido, por lo que puede escuchar una canci\u00f3n tranquilamente en lugar del sonido de las teclas.<\/span><\/p>\n<p><span>____________________________________________________<\/span><\/p>\n<p><span>REQUISITOS DEL SISTEMA<\/span><\/p>\n<p><span>\u2022 Windows\u00ae Vista, Windows XP, Windows 7, Windows 8, Windows 10<\/span><br \/>\n<span>\u2022 Puerto USB<\/span><\/p>\n<p><span>____________________________________________________<\/span><\/p>\n<p><span>ESTA CAJA CONTIENE<\/span><\/p>\n<p><span>\u2022 Teclado en ESPA\u00d1OL (Incluye la letra \u00f1)<\/span><br \/>\n<span>\u2022 Teclado (K220)<\/span><br \/>\n<span>\u2022 Rat\u00f3n (M150)<\/span><br \/>\n<span>\u2022 Receptor USB<\/span><br \/>\n<span>\u2022 Dos pilas AAA (teclado) y dos pilas AA (rat\u00f3n)<\/span><br \/>\n<span>\u2022 Documentaci\u00f3n del usuario<\/span><\/p>\n","protected":false},"excerpt":{"rendered":"<p>LOGITECH MK220, COMBO INAL\u00c1MBRICO: TECLADO COMPACTO Y MOUSE \u2022 MUCHO M\u00c1S ESPACIO Este peque\u00f1o teclado tiene todas las teclas est\u00e1ndar, con lo que ahorrar\u00e1 espacio sin que le falte nada. \u2022 LIBERTAD DE MOVIMIENTO La fiable conexi\u00f3n inal\u00e1mbrica permite trabajar o jugar hasta a 10 metros de distancia sin apenas retrasos ni interrupciones.1 \u2022 AHORRO [&hellip;]<\/p>\n","protected":false},"featured_media":1584,"comment_status":"open","ping_status":"closed","template":"","meta":{"_surecart_dashboard_logo_width":"180px","_surecart_dashboard_show_logo":true,"_surecart_dashboard_navigation_orders":true,"_surecart_dashboard_navigation_invoices":true,"_surecart_dashboard_navigation_subscriptions":true,"_surecart_dashboard_navigation_downloads":true,"_surecart_dashboard_navigation_billing":true,"_surecart_dashboard_navigation_account":true,"site-sidebar-layout":"default","site-content-layout":"","ast-site-content-layout":"default","site-content-style":"default","site-sidebar-style":"default","ast-global-header-display":"","ast-banner-title-visibility":"","ast-main-header-display":"","ast-hfb-above-header-display":"","ast-hfb-below-header-display":"","ast-hfb-mobile-header-display":"","site-post-title":"","ast-breadcrumbs-content":"","ast-featured-img":"","footer-sml-layout":"","ast-disable-related-posts":"","theme-transparent-header-meta":"","adv-header-id-meta":"","stick-header-meta":"","header-above-stick-meta":"","header-main-stick-meta":"","header-below-stick-meta":"","astra-migrate-meta-layouts":"default","ast-page-background-enabled":"default","ast-page-background-meta":{"desktop":{"background-color":"var(--ast-global-color-4)","background-image":"","background-repeat":"repeat","background-position":"center center","background-size":"auto","background-attachment":"scroll","background-type":"","background-media":"","overlay-type":"","overlay-color":"","overlay-opacity":"","overlay-gradient":""},"tablet":{"background-color":"","background-image":"","background-repeat":"repeat","background-position":"center center","background-size":"auto","background-attachment":"scroll","background-type":"","background-media":"","overlay-type":"","overlay-color":"","overlay-opacity":"","overlay-gradient":""},"mobile":{"background-color":"","background-image":"","background-repeat":"repeat","background-position":"center center","background-size":"auto","background-attachment":"scroll","background-type":"","background-media":"","overlay-type":"","overlay-color":"","overlay-opacity":"","overlay-gradient":""}},"ast-content-background-meta":{"desktop":{"background-color":"var(--ast-global-color-5)","background-image":"","background-repeat":"repeat","background-position":"center center","background-size":"auto","background-attachment":"scroll","background-type":"","background-media":"","overlay-type":"","overlay-color":"","overlay-opacity":"","overlay-gradient":""},"tablet":{"background-color":"var(--ast-global-color-5)","background-image":"","background-repeat":"repeat","background-position":"center center","background-size":"auto","background-attachment":"scroll","background-type":"","background-media":"","overlay-type":"","overlay-color":"","overlay-opacity":"","overlay-gradient":""},"mobile":{"background-color":"var(--ast-global-color-5)","background-image":"","background-repeat":"repeat","background-position":"center center","background-size":"auto","background-attachment":"scroll","background-type":"","background-media":"","overlay-type":"","overlay-color":"","overlay-opacity":"","overlay-gradient":""}}},"product_brand":[],"product_cat":[22,52,36],"product_tag":[],"class_list":{"0":"post-1581","1":"product","2":"type-product","3":"status-publish","4":"has-post-thumbnail","6":"product_cat-computacion","7":"product_cat-mouses-y-teclados","8":"product_cat-perifericos-de-pc","9":"desktop-align-left","10":"tablet-align-left","11":"mobile-align-left","13":"first","14":"instock","15":"taxable","16":"shipping-taxable","17":"purchasable","18":"product-type-simple"},"yoast_head":"<!-- This site is optimized with the Yoast SEO plugin v27.4 - https:\/\/yoast.com\/product\/yoast-seo-wordpress\/ -->\n<title>Combo De Teclado Y Mouse Inal\u00e0mbrico Logitech Mk220 - Giftronic.04<\/title>\n<meta name=\"robots\" content=\"index, follow, max-snippet:-1, max-image-preview:large, max-video-preview:-1\" \/>\n<link rel=\"canonical\" href=\"https:\/\/giftronic04.com\/index.php\/product\/combo-de-teclado-y-mouse-inalambrico-logitech-mk220\/\" \/>\n<meta property=\"og:locale\" content=\"es_ES\" \/>\n<meta property=\"og:type\" content=\"article\" \/>\n<meta property=\"og:title\" content=\"Combo De Teclado Y Mouse Inal\u00e0mbrico Logitech Mk220 - Giftronic.04\" \/>\n<meta property=\"og:description\" content=\"LOGITECH MK220, COMBO INAL\u00c1MBRICO: TECLADO COMPACTO Y MOUSE \u2022 MUCHO M\u00c1S ESPACIO Este peque\u00f1o teclado tiene todas las teclas est\u00e1ndar, con lo que ahorrar\u00e1 espacio sin que le falte nada. \u2022 LIBERTAD DE MOVIMIENTO La fiable conexi\u00f3n inal\u00e1mbrica permite trabajar o jugar hasta a 10 metros de distancia sin apenas retrasos ni interrupciones.1 \u2022 AHORRO [&hellip;]\" \/>\n<meta property=\"og:url\" content=\"https:\/\/giftronic04.com\/index.php\/product\/combo-de-teclado-y-mouse-inalambrico-logitech-mk220\/\" \/>\n<meta property=\"og:site_name\" content=\"Giftronic.04\" \/>\n<meta property=\"article:modified_time\" content=\"2024-03-11T01:58:18+00:00\" \/>\n<meta property=\"og:image\" content=\"https:\/\/giftronic04.com\/wp-content\/uploads\/2021\/08\/D_NQ_NP_840383-MCO42543272996_072020-O.webp\" \/>\n\t<meta property=\"og:image:width\" content=\"500\" \/>\n\t<meta property=\"og:image:height\" content=\"373\" \/>\n\t<meta property=\"og:image:type\" content=\"image\/webp\" \/>\n<meta name=\"twitter:card\" content=\"summary_large_image\" \/>\n<meta name=\"twitter:label1\" content=\"Tiempo de lectura\" \/>\n\t<meta name=\"twitter:data1\" content=\"2 minutos\" \/>\n<script type=\"application\/ld+json\" class=\"yoast-schema-graph\">{\"@context\":\"https:\\\/\\\/schema.org\",\"@graph\":[{\"@type\":\"WebPage\",\"@id\":\"https:\\\/\\\/giftronic04.com\\\/index.php\\\/product\\\/combo-de-teclado-y-mouse-inalambrico-logitech-mk220\\\/\",\"url\":\"https:\\\/\\\/giftronic04.com\\\/index.php\\\/product\\\/combo-de-teclado-y-mouse-inalambrico-logitech-mk220\\\/\",\"name\":\"Combo De Teclado Y Mouse Inal\u00e0mbrico Logitech Mk220 - Giftronic.04\",\"isPartOf\":{\"@id\":\"https:\\\/\\\/giftronic04.com\\\/#website\"},\"primaryImageOfPage\":{\"@id\":\"https:\\\/\\\/giftronic04.com\\\/index.php\\\/product\\\/combo-de-teclado-y-mouse-inalambrico-logitech-mk220\\\/#primaryimage\"},\"image\":{\"@id\":\"https:\\\/\\\/giftronic04.com\\\/index.php\\\/product\\\/combo-de-teclado-y-mouse-inalambrico-logitech-mk220\\\/#primaryimage\"},\"thumbnailUrl\":\"https:\\\/\\\/giftronic04.com\\\/wp-content\\\/uploads\\\/2021\\\/08\\\/D_NQ_NP_840383-MCO42543272996_072020-O.webp\",\"datePublished\":\"2021-08-09T14:50:00+00:00\",\"dateModified\":\"2024-03-11T01:58:18+00:00\",\"breadcrumb\":{\"@id\":\"https:\\\/\\\/giftronic04.com\\\/index.php\\\/product\\\/combo-de-teclado-y-mouse-inalambrico-logitech-mk220\\\/#breadcrumb\"},\"inLanguage\":\"es\",\"potentialAction\":[{\"@type\":\"ReadAction\",\"target\":[\"https:\\\/\\\/giftronic04.com\\\/index.php\\\/product\\\/combo-de-teclado-y-mouse-inalambrico-logitech-mk220\\\/\"]}]},{\"@type\":\"ImageObject\",\"inLanguage\":\"es\",\"@id\":\"https:\\\/\\\/giftronic04.com\\\/index.php\\\/product\\\/combo-de-teclado-y-mouse-inalambrico-logitech-mk220\\\/#primaryimage\",\"url\":\"https:\\\/\\\/giftronic04.com\\\/wp-content\\\/uploads\\\/2021\\\/08\\\/D_NQ_NP_840383-MCO42543272996_072020-O.webp\",\"contentUrl\":\"https:\\\/\\\/giftronic04.com\\\/wp-content\\\/uploads\\\/2021\\\/08\\\/D_NQ_NP_840383-MCO42543272996_072020-O.webp\",\"width\":500,\"height\":373},{\"@type\":\"BreadcrumbList\",\"@id\":\"https:\\\/\\\/giftronic04.com\\\/index.php\\\/product\\\/combo-de-teclado-y-mouse-inalambrico-logitech-mk220\\\/#breadcrumb\",\"itemListElement\":[{\"@type\":\"ListItem\",\"position\":1,\"name\":\"Portada\",\"item\":\"https:\\\/\\\/giftronic04.com\\\/\"},{\"@type\":\"ListItem\",\"position\":2,\"name\":\"Tienda\",\"item\":\"https:\\\/\\\/giftronic04.com\\\/index.php\\\/shop\\\/\"},{\"@type\":\"ListItem\",\"position\":3,\"name\":\"Combo De Teclado Y Mouse Inal\u00e0mbrico Logitech Mk220\"}]},{\"@type\":\"WebSite\",\"@id\":\"https:\\\/\\\/giftronic04.com\\\/#website\",\"url\":\"https:\\\/\\\/giftronic04.com\\\/\",\"name\":\"Giftronic.04\",\"description\":\"Venta de equipos tecnologicos\",\"publisher\":{\"@id\":\"https:\\\/\\\/giftronic04.com\\\/#organization\"},\"potentialAction\":[{\"@type\":\"SearchAction\",\"target\":{\"@type\":\"EntryPoint\",\"urlTemplate\":\"https:\\\/\\\/giftronic04.com\\\/?s={search_term_string}\"},\"query-input\":{\"@type\":\"PropertyValueSpecification\",\"valueRequired\":true,\"valueName\":\"search_term_string\"}}],\"inLanguage\":\"es\"},{\"@type\":\"Organization\",\"@id\":\"https:\\\/\\\/giftronic04.com\\\/#organization\",\"name\":\"giftronic04\",\"url\":\"https:\\\/\\\/giftronic04.com\\\/\",\"logo\":{\"@type\":\"ImageObject\",\"inLanguage\":\"es\",\"@id\":\"https:\\\/\\\/giftronic04.com\\\/#\\\/schema\\\/logo\\\/image\\\/\",\"url\":\"https:\\\/\\\/giftronic04.com\\\/wp-content\\\/uploads\\\/2021\\\/08\\\/logo.png\",\"contentUrl\":\"https:\\\/\\\/giftronic04.com\\\/wp-content\\\/uploads\\\/2021\\\/08\\\/logo.png\",\"width\":6640,\"height\":2192,\"caption\":\"giftronic04\"},\"image\":{\"@id\":\"https:\\\/\\\/giftronic04.com\\\/#\\\/schema\\\/logo\\\/image\\\/\"},\"sameAs\":[\"https:\\\/\\\/www.instagram.com\\\/giftronic.04\\\/\"]}]}<\/script>\n<!-- \/ Yoast SEO plugin. -->","yoast_head_json":{"title":"Combo De Teclado Y Mouse Inal\u00e0mbrico Logitech Mk220 - Giftronic.04","robots":{"index":"index","follow":"follow","max-snippet":"max-snippet:-1","max-image-preview":"max-image-preview:large","max-video-preview":"max-video-preview:-1"},"canonical":"https:\/\/giftronic04.com\/index.php\/product\/combo-de-teclado-y-mouse-inalambrico-logitech-mk220\/","og_locale":"es_ES","og_type":"article","og_title":"Combo De Teclado Y Mouse Inal\u00e0mbrico Logitech Mk220 - Giftronic.04","og_description":"LOGITECH MK220, COMBO INAL\u00c1MBRICO: TECLADO COMPACTO Y MOUSE \u2022 MUCHO M\u00c1S ESPACIO Este peque\u00f1o teclado tiene todas las teclas est\u00e1ndar, con lo que ahorrar\u00e1 espacio sin que le falte nada. \u2022 LIBERTAD DE MOVIMIENTO La fiable conexi\u00f3n inal\u00e1mbrica permite trabajar o jugar hasta a 10 metros de distancia sin apenas retrasos ni interrupciones.1 \u2022 AHORRO [&hellip;]","og_url":"https:\/\/giftronic04.com\/index.php\/product\/combo-de-teclado-y-mouse-inalambrico-logitech-mk220\/","og_site_name":"Giftronic.04","article_modified_time":"2024-03-11T01:58:18+00:00","og_image":[{"width":500,"height":373,"url":"https:\/\/giftronic04.com\/wp-content\/uploads\/2021\/08\/D_NQ_NP_840383-MCO42543272996_072020-O.webp","type":"image\/webp"}],"twitter_card":"summary_large_image","twitter_misc":{"Tiempo de lectura":"2 minutos"},"schema":{"@context":"https:\/\/schema.org","@graph":[{"@type":"WebPage","@id":"https:\/\/giftronic04.com\/index.php\/product\/combo-de-teclado-y-mouse-inalambrico-logitech-mk220\/","url":"https:\/\/giftronic04.com\/index.php\/product\/combo-de-teclado-y-mouse-inalambrico-logitech-mk220\/","name":"Combo De Teclado Y Mouse Inal\u00e0mbrico Logitech Mk220 - Giftronic.04","isPartOf":{"@id":"https:\/\/giftronic04.com\/#website"},"primaryImageOfPage":{"@id":"https:\/\/giftronic04.com\/index.php\/product\/combo-de-teclado-y-mouse-inalambrico-logitech-mk220\/#primaryimage"},"image":{"@id":"https:\/\/giftronic04.com\/index.php\/product\/combo-de-teclado-y-mouse-inalambrico-logitech-mk220\/#primaryimage"},"thumbnailUrl":"https:\/\/giftronic04.com\/wp-content\/uploads\/2021\/08\/D_NQ_NP_840383-MCO42543272996_072020-O.webp","datePublished":"2021-08-09T14:50:00+00:00","dateModified":"2024-03-11T01:58:18+00:00","breadcrumb":{"@id":"https:\/\/giftronic04.com\/index.php\/product\/combo-de-teclado-y-mouse-inalambrico-logitech-mk220\/#breadcrumb"},"inLanguage":"es","potentialAction":[{"@type":"ReadAction","target":["https:\/\/giftronic04.com\/index.php\/product\/combo-de-teclado-y-mouse-inalambrico-logitech-mk220\/"]}]},{"@type":"ImageObject","inLanguage":"es","@id":"https:\/\/giftronic04.com\/index.php\/product\/combo-de-teclado-y-mouse-inalambrico-logitech-mk220\/#primaryimage","url":"https:\/\/giftronic04.com\/wp-content\/uploads\/2021\/08\/D_NQ_NP_840383-MCO42543272996_072020-O.webp","contentUrl":"https:\/\/giftronic04.com\/wp-content\/uploads\/2021\/08\/D_NQ_NP_840383-MCO42543272996_072020-O.webp","width":500,"height":373},{"@type":"BreadcrumbList","@id":"https:\/\/giftronic04.com\/index.php\/product\/combo-de-teclado-y-mouse-inalambrico-logitech-mk220\/#breadcrumb","itemListElement":[{"@type":"ListItem","position":1,"name":"Portada","item":"https:\/\/giftronic04.com\/"},{"@type":"ListItem","position":2,"name":"Tienda","item":"https:\/\/giftronic04.com\/index.php\/shop\/"},{"@type":"ListItem","position":3,"name":"Combo De Teclado Y Mouse Inal\u00e0mbrico Logitech Mk220"}]},{"@type":"WebSite","@id":"https:\/\/giftronic04.com\/#website","url":"https:\/\/giftronic04.com\/","name":"Giftronic.04","description":"Venta de equipos tecnologicos","publisher":{"@id":"https:\/\/giftronic04.com\/#organization"},"potentialAction":[{"@type":"SearchAction","target":{"@type":"EntryPoint","urlTemplate":"https:\/\/giftronic04.com\/?s={search_term_string}"},"query-input":{"@type":"PropertyValueSpecification","valueRequired":true,"valueName":"search_term_string"}}],"inLanguage":"es"},{"@type":"Organization","@id":"https:\/\/giftronic04.com\/#organization","name":"giftronic04","url":"https:\/\/giftronic04.com\/","logo":{"@type":"ImageObject","inLanguage":"es","@id":"https:\/\/giftronic04.com\/#\/schema\/logo\/image\/","url":"https:\/\/giftronic04.com\/wp-content\/uploads\/2021\/08\/logo.png","contentUrl":"https:\/\/giftronic04.com\/wp-content\/uploads\/2021\/08\/logo.png","width":6640,"height":2192,"caption":"giftronic04"},"image":{"@id":"https:\/\/giftronic04.com\/#\/schema\/logo\/image\/"},"sameAs":["https:\/\/www.instagram.com\/giftronic.04\/"]}]}},"jetpack_sharing_enabled":true,"_links":{"self":[{"href":"https:\/\/giftronic04.com\/index.php\/wp-json\/wp\/v2\/product\/1581","targetHints":{"allow":["GET"]}}],"collection":[{"href":"https:\/\/giftronic04.com\/index.php\/wp-json\/wp\/v2\/product"}],"about":[{"href":"https:\/\/giftronic04.com\/index.php\/wp-json\/wp\/v2\/types\/product"}],"replies":[{"embeddable":true,"href":"https:\/\/giftronic04.com\/index.php\/wp-json\/wp\/v2\/comments?post=1581"}],"wp:featuredmedia":[{"embeddable":true,"href":"https:\/\/giftronic04.com\/index.php\/wp-json\/wp\/v2\/media\/1584"}],"wp:attachment":[{"href":"https:\/\/giftronic04.com\/index.php\/wp-json\/wp\/v2\/media?parent=1581"}],"wp:term":[{"taxonomy":"product_brand","embeddable":true,"href":"https:\/\/giftronic04.com\/index.php\/wp-json\/wp\/v2\/product_brand?post=1581"},{"taxonomy":"product_cat","embeddable":true,"href":"https:\/\/giftronic04.com\/index.php\/wp-json\/wp\/v2\/product_cat?post=1581"},{"taxonomy":"product_tag","embeddable":true,"href":"https:\/\/giftronic04.com\/index.php\/wp-json\/wp\/v2\/product_tag?post=1581"}],"curies":[{"name":"wp","href":"https:\/\/api.w.org\/{rel}","templated":true}]}}