{"id":1601,"date":"2021-08-09T10:01:34","date_gmt":"2021-08-09T15:01:34","guid":{"rendered":"https:\/\/giftronic04.com\/?post_type=product&#038;p=1601"},"modified":"2021-08-09T10:01:34","modified_gmt":"2021-08-09T15:01:34","slug":"diadema-gamer-29utxblad5","status":"publish","type":"product","link":"https:\/\/giftronic04.com\/index.php\/product\/diadema-gamer-29utxblad5\/","title":{"rendered":"Diadema Gamer 29utxblad5"},"content":{"rendered":"<p><span>Diadema Gamer Unitec Con Micr\u00f3fono \/ Luz Led \/ Usb \/ 3.5mm<\/span><\/p>\n<p><span>a Diadema Gamer Unitec es el nuevo aliado de los jugadores de PC, a la hora de enfrentar enemigos virtuales, este perif\u00e9rico cuenta con se\u00f1as que la distingue notablemente de las diademas tradicionales: Aislamiento del sonido exterior.<\/span><\/p>\n<p><span>Su forma, ergonom\u00eda, peso y cable de 2 metros protegido la hacen el accesorio ideal para conectarte con tus amigos. Siendo un tipo de usuario exigente esta es la mejor opci\u00f3n por su ergonom\u00eda y dise\u00f1o.<\/span><\/p>\n<p><span>____________________________________________________<\/span><\/p>\n<p><span>CARACTER\u00cdSTICAS<\/span><\/p>\n<p><span>\u2022 USB para Luz Led<\/span><br \/>\n<span>\u2022 1 Conector audio 3.5mm<\/span><br \/>\n<span>\u2022 1 Conector Mic. 3.5mm<\/span><br \/>\n<span>\u2022 Funciona para PC<\/span><br \/>\n<span>\u2022 Luz LED<\/span><br \/>\n<span>\u2022 A\u00edsla el sonido exterior<\/span><\/p>\n<p><span>____________________________________________________<\/span><\/p>\n<p><span>ESPECIFICACIONES<\/span><\/p>\n<p><span>\u2022 Di\u00e1metro del parlante: 50mm<\/span><br \/>\n<span>\u2022 Impedancia del parlante: 16<\/span><br \/>\n<span>\u2022 Frecuencia de respuesta del parlante: 20Hz &#8211; 20KHz<\/span><br \/>\n<span>\u2022 Sensibilidad del parlante: 110db-3dB<\/span><br \/>\n<span>\u2022 Especificaciones del micr\u00f3fono: 9x7mm<\/span><br \/>\n<span>\u2022 Sensibilidad del micr\u00f3fono: -58dB<\/span><br \/>\n<span>\u2022 Micr\u00f3fono<\/span><br \/>\n<span>\u2022 Longitud del cable: 2M<\/span><br \/>\n<span>\u2022 Sensibilidad de vibraci\u00f3n: 124+-3dB<\/span><br \/>\n<span>\u2022 Entrada: 0.5-1w<\/span><br \/>\n<span>\u2022 Impedancia de vibraci\u00f3n: 8-15%<\/span><\/p>\n","protected":false},"excerpt":{"rendered":"<p>Diadema Gamer Unitec Con Micr\u00f3fono \/ Luz Led \/ Usb \/ 3.5mm a Diadema Gamer Unitec es el nuevo aliado de los jugadores de PC, a la hora de enfrentar enemigos virtuales, este perif\u00e9rico cuenta con se\u00f1as que la distingue notablemente de las diademas tradicionales: Aislamiento del sonido exterior. Su forma, ergonom\u00eda, peso y cable [&hellip;]<\/p>\n","protected":false},"featured_media":1606,"comment_status":"open","ping_status":"closed","template":"","meta":{"_surecart_dashboard_logo_width":"180px","_surecart_dashboard_show_logo":true,"_surecart_dashboard_navigation_orders":true,"_surecart_dashboard_navigation_invoices":true,"_surecart_dashboard_navigation_subscriptions":true,"_surecart_dashboard_navigation_downloads":true,"_surecart_dashboard_navigation_billing":true,"_surecart_dashboard_navigation_account":true,"site-sidebar-layout":"default","site-content-layout":"","ast-site-content-layout":"default","site-content-style":"default","site-sidebar-style":"default","ast-global-header-display":"","ast-banner-title-visibility":"","ast-main-header-display":"","ast-hfb-above-header-display":"","ast-hfb-below-header-display":"","ast-hfb-mobile-header-display":"","site-post-title":"","ast-breadcrumbs-content":"","ast-featured-img":"","footer-sml-layout":"","ast-disable-related-posts":"","theme-transparent-header-meta":"","adv-header-id-meta":"","stick-header-meta":"","header-above-stick-meta":"","header-main-stick-meta":"","header-below-stick-meta":"","astra-migrate-meta-layouts":"default","ast-page-background-enabled":"default","ast-page-background-meta":{"desktop":{"background-color":"var(--ast-global-color-4)","background-image":"","background-repeat":"repeat","background-position":"center center","background-size":"auto","background-attachment":"scroll","background-type":"","background-media":"","overlay-type":"","overlay-color":"","overlay-opacity":"","overlay-gradient":""},"tablet":{"background-color":"","background-image":"","background-repeat":"repeat","background-position":"center center","background-size":"auto","background-attachment":"scroll","background-type":"","background-media":"","overlay-type":"","overlay-color":"","overlay-opacity":"","overlay-gradient":""},"mobile":{"background-color":"","background-image":"","background-repeat":"repeat","background-position":"center center","background-size":"auto","background-attachment":"scroll","background-type":"","background-media":"","overlay-type":"","overlay-color":"","overlay-opacity":"","overlay-gradient":""}},"ast-content-background-meta":{"desktop":{"background-color":"var(--ast-global-color-5)","background-image":"","background-repeat":"repeat","background-position":"center center","background-size":"auto","background-attachment":"scroll","background-type":"","background-media":"","overlay-type":"","overlay-color":"","overlay-opacity":"","overlay-gradient":""},"tablet":{"background-color":"var(--ast-global-color-5)","background-image":"","background-repeat":"repeat","background-position":"center center","background-size":"auto","background-attachment":"scroll","background-type":"","background-media":"","overlay-type":"","overlay-color":"","overlay-opacity":"","overlay-gradient":""},"mobile":{"background-color":"var(--ast-global-color-5)","background-image":"","background-repeat":"repeat","background-position":"center center","background-size":"auto","background-attachment":"scroll","background-type":"","background-media":"","overlay-type":"","overlay-color":"","overlay-opacity":"","overlay-gradient":""}}},"product_brand":[],"product_cat":[46,22,25,36],"product_tag":[],"class_list":{"0":"post-1601","1":"product","2":"type-product","3":"status-publish","4":"has-post-thumbnail","6":"product_cat-accesorios-para-pc-gaming-consolas-y-videojuegos","7":"product_cat-computacion","8":"product_cat-consolas-y-videojuegos","9":"product_cat-perifericos-de-pc","10":"desktop-align-left","11":"tablet-align-left","12":"mobile-align-left","14":"first","15":"instock","16":"taxable","17":"shipping-taxable","18":"purchasable","19":"product-type-simple"},"yoast_head":"<!-- This site is optimized with the Yoast SEO plugin v27.4 - https:\/\/yoast.com\/product\/yoast-seo-wordpress\/ -->\n<title>Diadema Gamer 29utxblad5 - Giftronic.04<\/title>\n<meta name=\"robots\" content=\"index, follow, max-snippet:-1, max-image-preview:large, max-video-preview:-1\" \/>\n<link rel=\"canonical\" href=\"https:\/\/giftronic04.com\/index.php\/product\/diadema-gamer-29utxblad5\/\" \/>\n<meta property=\"og:locale\" content=\"es_ES\" \/>\n<meta property=\"og:type\" content=\"article\" \/>\n<meta property=\"og:title\" content=\"Diadema Gamer 29utxblad5 - Giftronic.04\" \/>\n<meta property=\"og:description\" content=\"Diadema Gamer Unitec Con Micr\u00f3fono \/ Luz Led \/ Usb \/ 3.5mm a Diadema Gamer Unitec es el nuevo aliado de los jugadores de PC, a la hora de enfrentar enemigos virtuales, este perif\u00e9rico cuenta con se\u00f1as que la distingue notablemente de las diademas tradicionales: Aislamiento del sonido exterior. Su forma, ergonom\u00eda, peso y cable [&hellip;]\" \/>\n<meta property=\"og:url\" content=\"https:\/\/giftronic04.com\/index.php\/product\/diadema-gamer-29utxblad5\/\" \/>\n<meta property=\"og:site_name\" content=\"Giftronic.04\" \/>\n<meta property=\"og:image\" content=\"https:\/\/giftronic04.com\/wp-content\/uploads\/2021\/08\/D_NQ_NP_877643-MCO41850892889_052020-O.webp\" \/>\n\t<meta property=\"og:image:width\" content=\"477\" \/>\n\t<meta property=\"og:image:height\" content=\"500\" \/>\n\t<meta property=\"og:image:type\" content=\"image\/webp\" \/>\n<meta name=\"twitter:card\" content=\"summary_large_image\" \/>\n<meta name=\"twitter:label1\" content=\"Tiempo de lectura\" \/>\n\t<meta name=\"twitter:data1\" content=\"1 minuto\" \/>\n<script type=\"application\/ld+json\" class=\"yoast-schema-graph\">{\"@context\":\"https:\\\/\\\/schema.org\",\"@graph\":[{\"@type\":\"WebPage\",\"@id\":\"https:\\\/\\\/giftronic04.com\\\/index.php\\\/product\\\/diadema-gamer-29utxblad5\\\/\",\"url\":\"https:\\\/\\\/giftronic04.com\\\/index.php\\\/product\\\/diadema-gamer-29utxblad5\\\/\",\"name\":\"Diadema Gamer 29utxblad5 - Giftronic.04\",\"isPartOf\":{\"@id\":\"https:\\\/\\\/giftronic04.com\\\/#website\"},\"primaryImageOfPage\":{\"@id\":\"https:\\\/\\\/giftronic04.com\\\/index.php\\\/product\\\/diadema-gamer-29utxblad5\\\/#primaryimage\"},\"image\":{\"@id\":\"https:\\\/\\\/giftronic04.com\\\/index.php\\\/product\\\/diadema-gamer-29utxblad5\\\/#primaryimage\"},\"thumbnailUrl\":\"https:\\\/\\\/giftronic04.com\\\/wp-content\\\/uploads\\\/2021\\\/08\\\/D_NQ_NP_877643-MCO41850892889_052020-O.webp\",\"datePublished\":\"2021-08-09T15:01:34+00:00\",\"breadcrumb\":{\"@id\":\"https:\\\/\\\/giftronic04.com\\\/index.php\\\/product\\\/diadema-gamer-29utxblad5\\\/#breadcrumb\"},\"inLanguage\":\"es\",\"potentialAction\":[{\"@type\":\"ReadAction\",\"target\":[\"https:\\\/\\\/giftronic04.com\\\/index.php\\\/product\\\/diadema-gamer-29utxblad5\\\/\"]}]},{\"@type\":\"ImageObject\",\"inLanguage\":\"es\",\"@id\":\"https:\\\/\\\/giftronic04.com\\\/index.php\\\/product\\\/diadema-gamer-29utxblad5\\\/#primaryimage\",\"url\":\"https:\\\/\\\/giftronic04.com\\\/wp-content\\\/uploads\\\/2021\\\/08\\\/D_NQ_NP_877643-MCO41850892889_052020-O.webp\",\"contentUrl\":\"https:\\\/\\\/giftronic04.com\\\/wp-content\\\/uploads\\\/2021\\\/08\\\/D_NQ_NP_877643-MCO41850892889_052020-O.webp\",\"width\":477,\"height\":500},{\"@type\":\"BreadcrumbList\",\"@id\":\"https:\\\/\\\/giftronic04.com\\\/index.php\\\/product\\\/diadema-gamer-29utxblad5\\\/#breadcrumb\",\"itemListElement\":[{\"@type\":\"ListItem\",\"position\":1,\"name\":\"Portada\",\"item\":\"https:\\\/\\\/giftronic04.com\\\/\"},{\"@type\":\"ListItem\",\"position\":2,\"name\":\"Tienda\",\"item\":\"https:\\\/\\\/giftronic04.com\\\/index.php\\\/shop\\\/\"},{\"@type\":\"ListItem\",\"position\":3,\"name\":\"Diadema Gamer 29utxblad5\"}]},{\"@type\":\"WebSite\",\"@id\":\"https:\\\/\\\/giftronic04.com\\\/#website\",\"url\":\"https:\\\/\\\/giftronic04.com\\\/\",\"name\":\"Giftronic.04\",\"description\":\"Venta de equipos tecnologicos\",\"publisher\":{\"@id\":\"https:\\\/\\\/giftronic04.com\\\/#organization\"},\"potentialAction\":[{\"@type\":\"SearchAction\",\"target\":{\"@type\":\"EntryPoint\",\"urlTemplate\":\"https:\\\/\\\/giftronic04.com\\\/?s={search_term_string}\"},\"query-input\":{\"@type\":\"PropertyValueSpecification\",\"valueRequired\":true,\"valueName\":\"search_term_string\"}}],\"inLanguage\":\"es\"},{\"@type\":\"Organization\",\"@id\":\"https:\\\/\\\/giftronic04.com\\\/#organization\",\"name\":\"giftronic04\",\"url\":\"https:\\\/\\\/giftronic04.com\\\/\",\"logo\":{\"@type\":\"ImageObject\",\"inLanguage\":\"es\",\"@id\":\"https:\\\/\\\/giftronic04.com\\\/#\\\/schema\\\/logo\\\/image\\\/\",\"url\":\"https:\\\/\\\/giftronic04.com\\\/wp-content\\\/uploads\\\/2021\\\/08\\\/logo.png\",\"contentUrl\":\"https:\\\/\\\/giftronic04.com\\\/wp-content\\\/uploads\\\/2021\\\/08\\\/logo.png\",\"width\":6640,\"height\":2192,\"caption\":\"giftronic04\"},\"image\":{\"@id\":\"https:\\\/\\\/giftronic04.com\\\/#\\\/schema\\\/logo\\\/image\\\/\"},\"sameAs\":[\"https:\\\/\\\/www.instagram.com\\\/giftronic.04\\\/\"]}]}<\/script>\n<!-- \/ Yoast SEO plugin. -->","yoast_head_json":{"title":"Diadema Gamer 29utxblad5 - Giftronic.04","robots":{"index":"index","follow":"follow","max-snippet":"max-snippet:-1","max-image-preview":"max-image-preview:large","max-video-preview":"max-video-preview:-1"},"canonical":"https:\/\/giftronic04.com\/index.php\/product\/diadema-gamer-29utxblad5\/","og_locale":"es_ES","og_type":"article","og_title":"Diadema Gamer 29utxblad5 - Giftronic.04","og_description":"Diadema Gamer Unitec Con Micr\u00f3fono \/ Luz Led \/ Usb \/ 3.5mm a Diadema Gamer Unitec es el nuevo aliado de los jugadores de PC, a la hora de enfrentar enemigos virtuales, este perif\u00e9rico cuenta con se\u00f1as que la distingue notablemente de las diademas tradicionales: Aislamiento del sonido exterior. Su forma, ergonom\u00eda, peso y cable [&hellip;]","og_url":"https:\/\/giftronic04.com\/index.php\/product\/diadema-gamer-29utxblad5\/","og_site_name":"Giftronic.04","og_image":[{"width":477,"height":500,"url":"https:\/\/giftronic04.com\/wp-content\/uploads\/2021\/08\/D_NQ_NP_877643-MCO41850892889_052020-O.webp","type":"image\/webp"}],"twitter_card":"summary_large_image","twitter_misc":{"Tiempo de lectura":"1 minuto"},"schema":{"@context":"https:\/\/schema.org","@graph":[{"@type":"WebPage","@id":"https:\/\/giftronic04.com\/index.php\/product\/diadema-gamer-29utxblad5\/","url":"https:\/\/giftronic04.com\/index.php\/product\/diadema-gamer-29utxblad5\/","name":"Diadema Gamer 29utxblad5 - Giftronic.04","isPartOf":{"@id":"https:\/\/giftronic04.com\/#website"},"primaryImageOfPage":{"@id":"https:\/\/giftronic04.com\/index.php\/product\/diadema-gamer-29utxblad5\/#primaryimage"},"image":{"@id":"https:\/\/giftronic04.com\/index.php\/product\/diadema-gamer-29utxblad5\/#primaryimage"},"thumbnailUrl":"https:\/\/giftronic04.com\/wp-content\/uploads\/2021\/08\/D_NQ_NP_877643-MCO41850892889_052020-O.webp","datePublished":"2021-08-09T15:01:34+00:00","breadcrumb":{"@id":"https:\/\/giftronic04.com\/index.php\/product\/diadema-gamer-29utxblad5\/#breadcrumb"},"inLanguage":"es","potentialAction":[{"@type":"ReadAction","target":["https:\/\/giftronic04.com\/index.php\/product\/diadema-gamer-29utxblad5\/"]}]},{"@type":"ImageObject","inLanguage":"es","@id":"https:\/\/giftronic04.com\/index.php\/product\/diadema-gamer-29utxblad5\/#primaryimage","url":"https:\/\/giftronic04.com\/wp-content\/uploads\/2021\/08\/D_NQ_NP_877643-MCO41850892889_052020-O.webp","contentUrl":"https:\/\/giftronic04.com\/wp-content\/uploads\/2021\/08\/D_NQ_NP_877643-MCO41850892889_052020-O.webp","width":477,"height":500},{"@type":"BreadcrumbList","@id":"https:\/\/giftronic04.com\/index.php\/product\/diadema-gamer-29utxblad5\/#breadcrumb","itemListElement":[{"@type":"ListItem","position":1,"name":"Portada","item":"https:\/\/giftronic04.com\/"},{"@type":"ListItem","position":2,"name":"Tienda","item":"https:\/\/giftronic04.com\/index.php\/shop\/"},{"@type":"ListItem","position":3,"name":"Diadema Gamer 29utxblad5"}]},{"@type":"WebSite","@id":"https:\/\/giftronic04.com\/#website","url":"https:\/\/giftronic04.com\/","name":"Giftronic.04","description":"Venta de equipos tecnologicos","publisher":{"@id":"https:\/\/giftronic04.com\/#organization"},"potentialAction":[{"@type":"SearchAction","target":{"@type":"EntryPoint","urlTemplate":"https:\/\/giftronic04.com\/?s={search_term_string}"},"query-input":{"@type":"PropertyValueSpecification","valueRequired":true,"valueName":"search_term_string"}}],"inLanguage":"es"},{"@type":"Organization","@id":"https:\/\/giftronic04.com\/#organization","name":"giftronic04","url":"https:\/\/giftronic04.com\/","logo":{"@type":"ImageObject","inLanguage":"es","@id":"https:\/\/giftronic04.com\/#\/schema\/logo\/image\/","url":"https:\/\/giftronic04.com\/wp-content\/uploads\/2021\/08\/logo.png","contentUrl":"https:\/\/giftronic04.com\/wp-content\/uploads\/2021\/08\/logo.png","width":6640,"height":2192,"caption":"giftronic04"},"image":{"@id":"https:\/\/giftronic04.com\/#\/schema\/logo\/image\/"},"sameAs":["https:\/\/www.instagram.com\/giftronic.04\/"]}]}},"jetpack_sharing_enabled":true,"_links":{"self":[{"href":"https:\/\/giftronic04.com\/index.php\/wp-json\/wp\/v2\/product\/1601","targetHints":{"allow":["GET"]}}],"collection":[{"href":"https:\/\/giftronic04.com\/index.php\/wp-json\/wp\/v2\/product"}],"about":[{"href":"https:\/\/giftronic04.com\/index.php\/wp-json\/wp\/v2\/types\/product"}],"replies":[{"embeddable":true,"href":"https:\/\/giftronic04.com\/index.php\/wp-json\/wp\/v2\/comments?post=1601"}],"wp:featuredmedia":[{"embeddable":true,"href":"https:\/\/giftronic04.com\/index.php\/wp-json\/wp\/v2\/media\/1606"}],"wp:attachment":[{"href":"https:\/\/giftronic04.com\/index.php\/wp-json\/wp\/v2\/media?parent=1601"}],"wp:term":[{"taxonomy":"product_brand","embeddable":true,"href":"https:\/\/giftronic04.com\/index.php\/wp-json\/wp\/v2\/product_brand?post=1601"},{"taxonomy":"product_cat","embeddable":true,"href":"https:\/\/giftronic04.com\/index.php\/wp-json\/wp\/v2\/product_cat?post=1601"},{"taxonomy":"product_tag","embeddable":true,"href":"https:\/\/giftronic04.com\/index.php\/wp-json\/wp\/v2\/product_tag?post=1601"}],"curies":[{"name":"wp","href":"https:\/\/api.w.org\/{rel}","templated":true}]}}