{"id":1665,"date":"2021-08-09T11:27:25","date_gmt":"2021-08-09T16:27:25","guid":{"rendered":"https:\/\/giftronic04.com\/?post_type=product&#038;p=1665"},"modified":"2024-03-17T13:28:55","modified_gmt":"2024-03-17T18:28:55","slug":"diadema-stereo-pc-2plug-3-5mm-microfono-control-volumen","status":"publish","type":"product","link":"https:\/\/giftronic04.com\/index.php\/product\/diadema-stereo-pc-2plug-3-5mm-microfono-control-volumen\/","title":{"rendered":"Diadema Stereo Pc 2plug 3.5mm Micr\u00f3fono Control Volumen"},"content":{"rendered":"<p><span>DIADEMA PARA COMPUTADOR<\/span><\/p>\n<p><span>Diadema con Dise\u00f1o ergon\u00f3mico y Material resistente con Cable cubierto en nylon mas Control de volumen, soporta Velocidad en transferencia de datos 480 Mbps.<\/span><\/p>\n<p><span>Compatible con los siguientes sistemas operativos:<\/span><br \/>\n<span>Windows 98, 2000, vista, 7, Mac 8x, 10 x, Linux kernal 2,4<\/span><\/p>\n<p><span>Di\u00e1metro del auricular 40mm,<\/span><br \/>\n<span>resistencia 32 ohmios,<\/span><br \/>\n<span>dimension del microfono 6,0 x5,0<\/span><br \/>\n<span>Frecuencia de respuesta: 20hz-20khz<\/span><br \/>\n<span>Sensibilidad: 102dB+-3db<\/span><br \/>\n<span>Largo del cable: 150 centimetros<\/span><br \/>\n<span>Conector 3.5mm<\/span><br \/>\n<span>peso 155 gramo<\/span><\/p>\n","protected":false},"excerpt":{"rendered":"<p>DIADEMA PARA COMPUTADOR Diadema con Dise\u00f1o ergon\u00f3mico y Material resistente con Cable cubierto en nylon mas Control de volumen, soporta Velocidad en transferencia de datos 480 Mbps. Compatible con los siguientes sistemas operativos: Windows 98, 2000, vista, 7, Mac 8x, 10 x, Linux kernal 2,4 Di\u00e1metro del auricular 40mm, resistencia 32 ohmios, dimension del microfono [&hellip;]<\/p>\n","protected":false},"featured_media":1668,"comment_status":"open","ping_status":"closed","template":"","meta":{"_surecart_dashboard_logo_width":"180px","_surecart_dashboard_show_logo":true,"_surecart_dashboard_navigation_orders":true,"_surecart_dashboard_navigation_invoices":true,"_surecart_dashboard_navigation_subscriptions":true,"_surecart_dashboard_navigation_downloads":true,"_surecart_dashboard_navigation_billing":true,"_surecart_dashboard_navigation_account":true,"site-sidebar-layout":"default","site-content-layout":"","ast-site-content-layout":"default","site-content-style":"default","site-sidebar-style":"default","ast-global-header-display":"","ast-banner-title-visibility":"","ast-main-header-display":"","ast-hfb-above-header-display":"","ast-hfb-below-header-display":"","ast-hfb-mobile-header-display":"","site-post-title":"","ast-breadcrumbs-content":"","ast-featured-img":"","footer-sml-layout":"","ast-disable-related-posts":"","theme-transparent-header-meta":"","adv-header-id-meta":"","stick-header-meta":"","header-above-stick-meta":"","header-main-stick-meta":"","header-below-stick-meta":"","astra-migrate-meta-layouts":"default","ast-page-background-enabled":"default","ast-page-background-meta":{"desktop":{"background-color":"var(--ast-global-color-4)","background-image":"","background-repeat":"repeat","background-position":"center center","background-size":"auto","background-attachment":"scroll","background-type":"","background-media":"","overlay-type":"","overlay-color":"","overlay-opacity":"","overlay-gradient":""},"tablet":{"background-color":"","background-image":"","background-repeat":"repeat","background-position":"center center","background-size":"auto","background-attachment":"scroll","background-type":"","background-media":"","overlay-type":"","overlay-color":"","overlay-opacity":"","overlay-gradient":""},"mobile":{"background-color":"","background-image":"","background-repeat":"repeat","background-position":"center center","background-size":"auto","background-attachment":"scroll","background-type":"","background-media":"","overlay-type":"","overlay-color":"","overlay-opacity":"","overlay-gradient":""}},"ast-content-background-meta":{"desktop":{"background-color":"var(--ast-global-color-5)","background-image":"","background-repeat":"repeat","background-position":"center center","background-size":"auto","background-attachment":"scroll","background-type":"","background-media":"","overlay-type":"","overlay-color":"","overlay-opacity":"","overlay-gradient":""},"tablet":{"background-color":"var(--ast-global-color-5)","background-image":"","background-repeat":"repeat","background-position":"center center","background-size":"auto","background-attachment":"scroll","background-type":"","background-media":"","overlay-type":"","overlay-color":"","overlay-opacity":"","overlay-gradient":""},"mobile":{"background-color":"var(--ast-global-color-5)","background-image":"","background-repeat":"repeat","background-position":"center center","background-size":"auto","background-attachment":"scroll","background-type":"","background-media":"","overlay-type":"","overlay-color":"","overlay-opacity":"","overlay-gradient":""}}},"product_brand":[],"product_cat":[46,40,23,25,36],"product_tag":[],"class_list":{"0":"post-1665","1":"product","2":"type-product","3":"status-publish","4":"has-post-thumbnail","6":"product_cat-accesorios-para-pc-gaming-consolas-y-videojuegos","7":"product_cat-audio","8":"product_cat-audio-y-video","9":"product_cat-consolas-y-videojuegos","10":"product_cat-perifericos-de-pc","11":"desktop-align-left","12":"tablet-align-left","13":"mobile-align-left","15":"first","16":"instock","17":"taxable","18":"shipping-taxable","19":"purchasable","20":"product-type-simple"},"yoast_head":"<!-- This site is optimized with the Yoast SEO plugin v27.4 - https:\/\/yoast.com\/product\/yoast-seo-wordpress\/ -->\n<title>Diadema Stereo Pc 2plug 3.5mm Micr\u00f3fono Control Volumen - Giftronic.04<\/title>\n<meta name=\"robots\" content=\"index, follow, max-snippet:-1, max-image-preview:large, max-video-preview:-1\" \/>\n<link rel=\"canonical\" href=\"https:\/\/giftronic04.com\/index.php\/product\/diadema-stereo-pc-2plug-3-5mm-microfono-control-volumen\/\" \/>\n<meta property=\"og:locale\" content=\"es_ES\" \/>\n<meta property=\"og:type\" content=\"article\" \/>\n<meta property=\"og:title\" content=\"Diadema Stereo Pc 2plug 3.5mm Micr\u00f3fono Control Volumen - Giftronic.04\" \/>\n<meta property=\"og:description\" content=\"DIADEMA PARA COMPUTADOR Diadema con Dise\u00f1o ergon\u00f3mico y Material resistente con Cable cubierto en nylon mas Control de volumen, soporta Velocidad en transferencia de datos 480 Mbps. Compatible con los siguientes sistemas operativos: Windows 98, 2000, vista, 7, Mac 8x, 10 x, Linux kernal 2,4 Di\u00e1metro del auricular 40mm, resistencia 32 ohmios, dimension del microfono [&hellip;]\" \/>\n<meta property=\"og:url\" content=\"https:\/\/giftronic04.com\/index.php\/product\/diadema-stereo-pc-2plug-3-5mm-microfono-control-volumen\/\" \/>\n<meta property=\"og:site_name\" content=\"Giftronic.04\" \/>\n<meta property=\"article:modified_time\" content=\"2024-03-17T18:28:55+00:00\" \/>\n<meta property=\"og:image\" content=\"https:\/\/giftronic04.com\/wp-content\/uploads\/2021\/08\/D_NQ_NP_691938-MCO43806009605_102020-O.webp\" \/>\n\t<meta property=\"og:image:width\" content=\"416\" \/>\n\t<meta property=\"og:image:height\" content=\"500\" \/>\n\t<meta property=\"og:image:type\" content=\"image\/webp\" \/>\n<meta name=\"twitter:card\" content=\"summary_large_image\" \/>\n<meta name=\"twitter:label1\" content=\"Tiempo de lectura\" \/>\n\t<meta name=\"twitter:data1\" content=\"1 minuto\" \/>\n<script type=\"application\/ld+json\" class=\"yoast-schema-graph\">{\"@context\":\"https:\\\/\\\/schema.org\",\"@graph\":[{\"@type\":\"WebPage\",\"@id\":\"https:\\\/\\\/giftronic04.com\\\/index.php\\\/product\\\/diadema-stereo-pc-2plug-3-5mm-microfono-control-volumen\\\/\",\"url\":\"https:\\\/\\\/giftronic04.com\\\/index.php\\\/product\\\/diadema-stereo-pc-2plug-3-5mm-microfono-control-volumen\\\/\",\"name\":\"Diadema Stereo Pc 2plug 3.5mm Micr\u00f3fono Control Volumen - Giftronic.04\",\"isPartOf\":{\"@id\":\"https:\\\/\\\/giftronic04.com\\\/#website\"},\"primaryImageOfPage\":{\"@id\":\"https:\\\/\\\/giftronic04.com\\\/index.php\\\/product\\\/diadema-stereo-pc-2plug-3-5mm-microfono-control-volumen\\\/#primaryimage\"},\"image\":{\"@id\":\"https:\\\/\\\/giftronic04.com\\\/index.php\\\/product\\\/diadema-stereo-pc-2plug-3-5mm-microfono-control-volumen\\\/#primaryimage\"},\"thumbnailUrl\":\"https:\\\/\\\/giftronic04.com\\\/wp-content\\\/uploads\\\/2021\\\/08\\\/D_NQ_NP_691938-MCO43806009605_102020-O.webp\",\"datePublished\":\"2021-08-09T16:27:25+00:00\",\"dateModified\":\"2024-03-17T18:28:55+00:00\",\"breadcrumb\":{\"@id\":\"https:\\\/\\\/giftronic04.com\\\/index.php\\\/product\\\/diadema-stereo-pc-2plug-3-5mm-microfono-control-volumen\\\/#breadcrumb\"},\"inLanguage\":\"es\",\"potentialAction\":[{\"@type\":\"ReadAction\",\"target\":[\"https:\\\/\\\/giftronic04.com\\\/index.php\\\/product\\\/diadema-stereo-pc-2plug-3-5mm-microfono-control-volumen\\\/\"]}]},{\"@type\":\"ImageObject\",\"inLanguage\":\"es\",\"@id\":\"https:\\\/\\\/giftronic04.com\\\/index.php\\\/product\\\/diadema-stereo-pc-2plug-3-5mm-microfono-control-volumen\\\/#primaryimage\",\"url\":\"https:\\\/\\\/giftronic04.com\\\/wp-content\\\/uploads\\\/2021\\\/08\\\/D_NQ_NP_691938-MCO43806009605_102020-O.webp\",\"contentUrl\":\"https:\\\/\\\/giftronic04.com\\\/wp-content\\\/uploads\\\/2021\\\/08\\\/D_NQ_NP_691938-MCO43806009605_102020-O.webp\",\"width\":416,\"height\":500},{\"@type\":\"BreadcrumbList\",\"@id\":\"https:\\\/\\\/giftronic04.com\\\/index.php\\\/product\\\/diadema-stereo-pc-2plug-3-5mm-microfono-control-volumen\\\/#breadcrumb\",\"itemListElement\":[{\"@type\":\"ListItem\",\"position\":1,\"name\":\"Portada\",\"item\":\"https:\\\/\\\/giftronic04.com\\\/\"},{\"@type\":\"ListItem\",\"position\":2,\"name\":\"Tienda\",\"item\":\"https:\\\/\\\/giftronic04.com\\\/index.php\\\/shop\\\/\"},{\"@type\":\"ListItem\",\"position\":3,\"name\":\"Diadema Stereo Pc 2plug 3.5mm Micr\u00f3fono Control Volumen\"}]},{\"@type\":\"WebSite\",\"@id\":\"https:\\\/\\\/giftronic04.com\\\/#website\",\"url\":\"https:\\\/\\\/giftronic04.com\\\/\",\"name\":\"Giftronic.04\",\"description\":\"Venta de equipos tecnologicos\",\"publisher\":{\"@id\":\"https:\\\/\\\/giftronic04.com\\\/#organization\"},\"potentialAction\":[{\"@type\":\"SearchAction\",\"target\":{\"@type\":\"EntryPoint\",\"urlTemplate\":\"https:\\\/\\\/giftronic04.com\\\/?s={search_term_string}\"},\"query-input\":{\"@type\":\"PropertyValueSpecification\",\"valueRequired\":true,\"valueName\":\"search_term_string\"}}],\"inLanguage\":\"es\"},{\"@type\":\"Organization\",\"@id\":\"https:\\\/\\\/giftronic04.com\\\/#organization\",\"name\":\"giftronic04\",\"url\":\"https:\\\/\\\/giftronic04.com\\\/\",\"logo\":{\"@type\":\"ImageObject\",\"inLanguage\":\"es\",\"@id\":\"https:\\\/\\\/giftronic04.com\\\/#\\\/schema\\\/logo\\\/image\\\/\",\"url\":\"https:\\\/\\\/giftronic04.com\\\/wp-content\\\/uploads\\\/2021\\\/08\\\/logo.png\",\"contentUrl\":\"https:\\\/\\\/giftronic04.com\\\/wp-content\\\/uploads\\\/2021\\\/08\\\/logo.png\",\"width\":6640,\"height\":2192,\"caption\":\"giftronic04\"},\"image\":{\"@id\":\"https:\\\/\\\/giftronic04.com\\\/#\\\/schema\\\/logo\\\/image\\\/\"},\"sameAs\":[\"https:\\\/\\\/www.instagram.com\\\/giftronic.04\\\/\"]}]}<\/script>\n<!-- \/ Yoast SEO plugin. -->","yoast_head_json":{"title":"Diadema Stereo Pc 2plug 3.5mm Micr\u00f3fono Control Volumen - Giftronic.04","robots":{"index":"index","follow":"follow","max-snippet":"max-snippet:-1","max-image-preview":"max-image-preview:large","max-video-preview":"max-video-preview:-1"},"canonical":"https:\/\/giftronic04.com\/index.php\/product\/diadema-stereo-pc-2plug-3-5mm-microfono-control-volumen\/","og_locale":"es_ES","og_type":"article","og_title":"Diadema Stereo Pc 2plug 3.5mm Micr\u00f3fono Control Volumen - Giftronic.04","og_description":"DIADEMA PARA COMPUTADOR Diadema con Dise\u00f1o ergon\u00f3mico y Material resistente con Cable cubierto en nylon mas Control de volumen, soporta Velocidad en transferencia de datos 480 Mbps. Compatible con los siguientes sistemas operativos: Windows 98, 2000, vista, 7, Mac 8x, 10 x, Linux kernal 2,4 Di\u00e1metro del auricular 40mm, resistencia 32 ohmios, dimension del microfono [&hellip;]","og_url":"https:\/\/giftronic04.com\/index.php\/product\/diadema-stereo-pc-2plug-3-5mm-microfono-control-volumen\/","og_site_name":"Giftronic.04","article_modified_time":"2024-03-17T18:28:55+00:00","og_image":[{"width":416,"height":500,"url":"https:\/\/giftronic04.com\/wp-content\/uploads\/2021\/08\/D_NQ_NP_691938-MCO43806009605_102020-O.webp","type":"image\/webp"}],"twitter_card":"summary_large_image","twitter_misc":{"Tiempo de lectura":"1 minuto"},"schema":{"@context":"https:\/\/schema.org","@graph":[{"@type":"WebPage","@id":"https:\/\/giftronic04.com\/index.php\/product\/diadema-stereo-pc-2plug-3-5mm-microfono-control-volumen\/","url":"https:\/\/giftronic04.com\/index.php\/product\/diadema-stereo-pc-2plug-3-5mm-microfono-control-volumen\/","name":"Diadema Stereo Pc 2plug 3.5mm Micr\u00f3fono Control Volumen - Giftronic.04","isPartOf":{"@id":"https:\/\/giftronic04.com\/#website"},"primaryImageOfPage":{"@id":"https:\/\/giftronic04.com\/index.php\/product\/diadema-stereo-pc-2plug-3-5mm-microfono-control-volumen\/#primaryimage"},"image":{"@id":"https:\/\/giftronic04.com\/index.php\/product\/diadema-stereo-pc-2plug-3-5mm-microfono-control-volumen\/#primaryimage"},"thumbnailUrl":"https:\/\/giftronic04.com\/wp-content\/uploads\/2021\/08\/D_NQ_NP_691938-MCO43806009605_102020-O.webp","datePublished":"2021-08-09T16:27:25+00:00","dateModified":"2024-03-17T18:28:55+00:00","breadcrumb":{"@id":"https:\/\/giftronic04.com\/index.php\/product\/diadema-stereo-pc-2plug-3-5mm-microfono-control-volumen\/#breadcrumb"},"inLanguage":"es","potentialAction":[{"@type":"ReadAction","target":["https:\/\/giftronic04.com\/index.php\/product\/diadema-stereo-pc-2plug-3-5mm-microfono-control-volumen\/"]}]},{"@type":"ImageObject","inLanguage":"es","@id":"https:\/\/giftronic04.com\/index.php\/product\/diadema-stereo-pc-2plug-3-5mm-microfono-control-volumen\/#primaryimage","url":"https:\/\/giftronic04.com\/wp-content\/uploads\/2021\/08\/D_NQ_NP_691938-MCO43806009605_102020-O.webp","contentUrl":"https:\/\/giftronic04.com\/wp-content\/uploads\/2021\/08\/D_NQ_NP_691938-MCO43806009605_102020-O.webp","width":416,"height":500},{"@type":"BreadcrumbList","@id":"https:\/\/giftronic04.com\/index.php\/product\/diadema-stereo-pc-2plug-3-5mm-microfono-control-volumen\/#breadcrumb","itemListElement":[{"@type":"ListItem","position":1,"name":"Portada","item":"https:\/\/giftronic04.com\/"},{"@type":"ListItem","position":2,"name":"Tienda","item":"https:\/\/giftronic04.com\/index.php\/shop\/"},{"@type":"ListItem","position":3,"name":"Diadema Stereo Pc 2plug 3.5mm Micr\u00f3fono Control Volumen"}]},{"@type":"WebSite","@id":"https:\/\/giftronic04.com\/#website","url":"https:\/\/giftronic04.com\/","name":"Giftronic.04","description":"Venta de equipos tecnologicos","publisher":{"@id":"https:\/\/giftronic04.com\/#organization"},"potentialAction":[{"@type":"SearchAction","target":{"@type":"EntryPoint","urlTemplate":"https:\/\/giftronic04.com\/?s={search_term_string}"},"query-input":{"@type":"PropertyValueSpecification","valueRequired":true,"valueName":"search_term_string"}}],"inLanguage":"es"},{"@type":"Organization","@id":"https:\/\/giftronic04.com\/#organization","name":"giftronic04","url":"https:\/\/giftronic04.com\/","logo":{"@type":"ImageObject","inLanguage":"es","@id":"https:\/\/giftronic04.com\/#\/schema\/logo\/image\/","url":"https:\/\/giftronic04.com\/wp-content\/uploads\/2021\/08\/logo.png","contentUrl":"https:\/\/giftronic04.com\/wp-content\/uploads\/2021\/08\/logo.png","width":6640,"height":2192,"caption":"giftronic04"},"image":{"@id":"https:\/\/giftronic04.com\/#\/schema\/logo\/image\/"},"sameAs":["https:\/\/www.instagram.com\/giftronic.04\/"]}]}},"jetpack_sharing_enabled":true,"_links":{"self":[{"href":"https:\/\/giftronic04.com\/index.php\/wp-json\/wp\/v2\/product\/1665","targetHints":{"allow":["GET"]}}],"collection":[{"href":"https:\/\/giftronic04.com\/index.php\/wp-json\/wp\/v2\/product"}],"about":[{"href":"https:\/\/giftronic04.com\/index.php\/wp-json\/wp\/v2\/types\/product"}],"replies":[{"embeddable":true,"href":"https:\/\/giftronic04.com\/index.php\/wp-json\/wp\/v2\/comments?post=1665"}],"wp:featuredmedia":[{"embeddable":true,"href":"https:\/\/giftronic04.com\/index.php\/wp-json\/wp\/v2\/media\/1668"}],"wp:attachment":[{"href":"https:\/\/giftronic04.com\/index.php\/wp-json\/wp\/v2\/media?parent=1665"}],"wp:term":[{"taxonomy":"product_brand","embeddable":true,"href":"https:\/\/giftronic04.com\/index.php\/wp-json\/wp\/v2\/product_brand?post=1665"},{"taxonomy":"product_cat","embeddable":true,"href":"https:\/\/giftronic04.com\/index.php\/wp-json\/wp\/v2\/product_cat?post=1665"},{"taxonomy":"product_tag","embeddable":true,"href":"https:\/\/giftronic04.com\/index.php\/wp-json\/wp\/v2\/product_tag?post=1665"}],"curies":[{"name":"wp","href":"https:\/\/api.w.org\/{rel}","templated":true}]}}