{"id":1669,"date":"2021-08-09T11:29:53","date_gmt":"2021-08-09T16:29:53","guid":{"rendered":"https:\/\/giftronic04.com\/?post_type=product&#038;p=1669"},"modified":"2024-03-02T18:29:17","modified_gmt":"2024-03-02T23:29:17","slug":"adaptador-usb-wifi-2-4ghz-150mbps","status":"publish","type":"product","link":"https:\/\/giftronic04.com\/index.php\/product\/adaptador-usb-wifi-2-4ghz-150mbps\/","title":{"rendered":"Adaptador Usb Wifi 2.4ghz 150mbps"},"content":{"rendered":"<p>Descripci\u00f3n<br \/>\nCaracteristicas:<br \/>\nNombre del art\u00edculo: Adaptador WiFi<br \/>\nVelocidad de transmisi\u00f3n: 150 Mbps<br \/>\nVersi\u00f3n: Controlador de CD (necesita instalar el controlador)<br \/>\nInterfaz: USB 2.0<br \/>\nEst\u00e1ndares inal\u00e1mbricos: IEEE 802.b\/ g\/n<br \/>\nRango de frecuencia: 2.4 GHz<br \/>\nPotencia RF: 20 DBM (m\u00e1x.)<\/p>\n<p>CONEXI\u00d3N DIRECTA SIN NECESIDAD DE INTALAR DRIVERS.<\/p>\n<p>Sistema operativo compatible con Windows 7\/8\/10\/XP\/Vista<\/p>\n","protected":false},"excerpt":{"rendered":"<p>Descripci\u00f3n Caracteristicas: Nombre del art\u00edculo: Adaptador WiFi Velocidad de transmisi\u00f3n: 150 Mbps Versi\u00f3n: Controlador de CD (necesita instalar el controlador) Interfaz: USB 2.0 Est\u00e1ndares inal\u00e1mbricos: IEEE 802.b\/ g\/n Rango de frecuencia: 2.4 GHz Potencia RF: 20 DBM (m\u00e1x.) CONEXI\u00d3N DIRECTA SIN NECESIDAD DE INTALAR DRIVERS. Sistema operativo compatible con Windows 7\/8\/10\/XP\/Vista<\/p>\n","protected":false},"featured_media":1673,"comment_status":"open","ping_status":"closed","template":"","meta":{"_surecart_dashboard_logo_width":"180px","_surecart_dashboard_show_logo":true,"_surecart_dashboard_navigation_orders":true,"_surecart_dashboard_navigation_invoices":true,"_surecart_dashboard_navigation_subscriptions":true,"_surecart_dashboard_navigation_downloads":true,"_surecart_dashboard_navigation_billing":true,"_surecart_dashboard_navigation_account":true,"site-sidebar-layout":"default","site-content-layout":"","ast-site-content-layout":"default","site-content-style":"default","site-sidebar-style":"default","ast-global-header-display":"","ast-banner-title-visibility":"","ast-main-header-display":"","ast-hfb-above-header-display":"","ast-hfb-below-header-display":"","ast-hfb-mobile-header-display":"","site-post-title":"","ast-breadcrumbs-content":"","ast-featured-img":"","footer-sml-layout":"","ast-disable-related-posts":"","theme-transparent-header-meta":"","adv-header-id-meta":"","stick-header-meta":"","header-above-stick-meta":"","header-main-stick-meta":"","header-below-stick-meta":"","astra-migrate-meta-layouts":"default","ast-page-background-enabled":"default","ast-page-background-meta":{"desktop":{"background-color":"var(--ast-global-color-4)","background-image":"","background-repeat":"repeat","background-position":"center center","background-size":"auto","background-attachment":"scroll","background-type":"","background-media":"","overlay-type":"","overlay-color":"","overlay-opacity":"","overlay-gradient":""},"tablet":{"background-color":"","background-image":"","background-repeat":"repeat","background-position":"center center","background-size":"auto","background-attachment":"scroll","background-type":"","background-media":"","overlay-type":"","overlay-color":"","overlay-opacity":"","overlay-gradient":""},"mobile":{"background-color":"","background-image":"","background-repeat":"repeat","background-position":"center center","background-size":"auto","background-attachment":"scroll","background-type":"","background-media":"","overlay-type":"","overlay-color":"","overlay-opacity":"","overlay-gradient":""}},"ast-content-background-meta":{"desktop":{"background-color":"var(--ast-global-color-5)","background-image":"","background-repeat":"repeat","background-position":"center center","background-size":"auto","background-attachment":"scroll","background-type":"","background-media":"","overlay-type":"","overlay-color":"","overlay-opacity":"","overlay-gradient":""},"tablet":{"background-color":"var(--ast-global-color-5)","background-image":"","background-repeat":"repeat","background-position":"center center","background-size":"auto","background-attachment":"scroll","background-type":"","background-media":"","overlay-type":"","overlay-color":"","overlay-opacity":"","overlay-gradient":""},"mobile":{"background-color":"var(--ast-global-color-5)","background-image":"","background-repeat":"repeat","background-position":"center center","background-size":"auto","background-attachment":"scroll","background-type":"","background-media":"","overlay-type":"","overlay-color":"","overlay-opacity":"","overlay-gradient":""}}},"product_brand":[],"product_cat":[41],"product_tag":[],"class_list":{"0":"post-1669","1":"product","2":"type-product","3":"status-publish","4":"has-post-thumbnail","6":"product_cat-cables","7":"desktop-align-left","8":"tablet-align-left","9":"mobile-align-left","11":"first","12":"instock","13":"taxable","14":"shipping-taxable","15":"purchasable","16":"product-type-simple"},"yoast_head":"<!-- This site is optimized with the Yoast SEO plugin v27.4 - https:\/\/yoast.com\/product\/yoast-seo-wordpress\/ -->\n<title>Adaptador Usb Wifi 2.4ghz 150mbps - Giftronic.04<\/title>\n<meta name=\"robots\" content=\"index, follow, max-snippet:-1, max-image-preview:large, max-video-preview:-1\" \/>\n<link rel=\"canonical\" href=\"https:\/\/giftronic04.com\/index.php\/product\/adaptador-usb-wifi-2-4ghz-150mbps\/\" \/>\n<meta property=\"og:locale\" content=\"es_ES\" \/>\n<meta property=\"og:type\" content=\"article\" \/>\n<meta property=\"og:title\" content=\"Adaptador Usb Wifi 2.4ghz 150mbps - Giftronic.04\" \/>\n<meta property=\"og:description\" content=\"Descripci\u00f3n Caracteristicas: Nombre del art\u00edculo: Adaptador WiFi Velocidad de transmisi\u00f3n: 150 Mbps Versi\u00f3n: Controlador de CD (necesita instalar el controlador) Interfaz: USB 2.0 Est\u00e1ndares inal\u00e1mbricos: IEEE 802.b\/ g\/n Rango de frecuencia: 2.4 GHz Potencia RF: 20 DBM (m\u00e1x.) CONEXI\u00d3N DIRECTA SIN NECESIDAD DE INTALAR DRIVERS. Sistema operativo compatible con Windows 7\/8\/10\/XP\/Vista\" \/>\n<meta property=\"og:url\" content=\"https:\/\/giftronic04.com\/index.php\/product\/adaptador-usb-wifi-2-4ghz-150mbps\/\" \/>\n<meta property=\"og:site_name\" content=\"Giftronic.04\" \/>\n<meta property=\"article:modified_time\" content=\"2024-03-02T23:29:17+00:00\" \/>\n<meta property=\"og:image\" content=\"https:\/\/giftronic04.com\/wp-content\/uploads\/2021\/08\/D_NQ_NP_671798-MCO42256952007_062020-O.webp\" \/>\n\t<meta property=\"og:image:width\" content=\"500\" \/>\n\t<meta property=\"og:image:height\" content=\"455\" \/>\n\t<meta property=\"og:image:type\" content=\"image\/webp\" \/>\n<meta name=\"twitter:card\" content=\"summary_large_image\" \/>\n<meta name=\"twitter:label1\" content=\"Tiempo de lectura\" \/>\n\t<meta name=\"twitter:data1\" content=\"1 minuto\" \/>\n<script type=\"application\/ld+json\" class=\"yoast-schema-graph\">{\"@context\":\"https:\\\/\\\/schema.org\",\"@graph\":[{\"@type\":\"WebPage\",\"@id\":\"https:\\\/\\\/giftronic04.com\\\/index.php\\\/product\\\/adaptador-usb-wifi-2-4ghz-150mbps\\\/\",\"url\":\"https:\\\/\\\/giftronic04.com\\\/index.php\\\/product\\\/adaptador-usb-wifi-2-4ghz-150mbps\\\/\",\"name\":\"Adaptador Usb Wifi 2.4ghz 150mbps - Giftronic.04\",\"isPartOf\":{\"@id\":\"https:\\\/\\\/giftronic04.com\\\/#website\"},\"primaryImageOfPage\":{\"@id\":\"https:\\\/\\\/giftronic04.com\\\/index.php\\\/product\\\/adaptador-usb-wifi-2-4ghz-150mbps\\\/#primaryimage\"},\"image\":{\"@id\":\"https:\\\/\\\/giftronic04.com\\\/index.php\\\/product\\\/adaptador-usb-wifi-2-4ghz-150mbps\\\/#primaryimage\"},\"thumbnailUrl\":\"https:\\\/\\\/giftronic04.com\\\/wp-content\\\/uploads\\\/2021\\\/08\\\/D_NQ_NP_671798-MCO42256952007_062020-O.webp\",\"datePublished\":\"2021-08-09T16:29:53+00:00\",\"dateModified\":\"2024-03-02T23:29:17+00:00\",\"breadcrumb\":{\"@id\":\"https:\\\/\\\/giftronic04.com\\\/index.php\\\/product\\\/adaptador-usb-wifi-2-4ghz-150mbps\\\/#breadcrumb\"},\"inLanguage\":\"es\",\"potentialAction\":[{\"@type\":\"ReadAction\",\"target\":[\"https:\\\/\\\/giftronic04.com\\\/index.php\\\/product\\\/adaptador-usb-wifi-2-4ghz-150mbps\\\/\"]}]},{\"@type\":\"ImageObject\",\"inLanguage\":\"es\",\"@id\":\"https:\\\/\\\/giftronic04.com\\\/index.php\\\/product\\\/adaptador-usb-wifi-2-4ghz-150mbps\\\/#primaryimage\",\"url\":\"https:\\\/\\\/giftronic04.com\\\/wp-content\\\/uploads\\\/2021\\\/08\\\/D_NQ_NP_671798-MCO42256952007_062020-O.webp\",\"contentUrl\":\"https:\\\/\\\/giftronic04.com\\\/wp-content\\\/uploads\\\/2021\\\/08\\\/D_NQ_NP_671798-MCO42256952007_062020-O.webp\",\"width\":500,\"height\":455},{\"@type\":\"BreadcrumbList\",\"@id\":\"https:\\\/\\\/giftronic04.com\\\/index.php\\\/product\\\/adaptador-usb-wifi-2-4ghz-150mbps\\\/#breadcrumb\",\"itemListElement\":[{\"@type\":\"ListItem\",\"position\":1,\"name\":\"Portada\",\"item\":\"https:\\\/\\\/giftronic04.com\\\/\"},{\"@type\":\"ListItem\",\"position\":2,\"name\":\"Tienda\",\"item\":\"https:\\\/\\\/giftronic04.com\\\/index.php\\\/shop\\\/\"},{\"@type\":\"ListItem\",\"position\":3,\"name\":\"Adaptador Usb Wifi 2.4ghz 150mbps\"}]},{\"@type\":\"WebSite\",\"@id\":\"https:\\\/\\\/giftronic04.com\\\/#website\",\"url\":\"https:\\\/\\\/giftronic04.com\\\/\",\"name\":\"Giftronic.04\",\"description\":\"Venta de equipos tecnologicos\",\"publisher\":{\"@id\":\"https:\\\/\\\/giftronic04.com\\\/#organization\"},\"potentialAction\":[{\"@type\":\"SearchAction\",\"target\":{\"@type\":\"EntryPoint\",\"urlTemplate\":\"https:\\\/\\\/giftronic04.com\\\/?s={search_term_string}\"},\"query-input\":{\"@type\":\"PropertyValueSpecification\",\"valueRequired\":true,\"valueName\":\"search_term_string\"}}],\"inLanguage\":\"es\"},{\"@type\":\"Organization\",\"@id\":\"https:\\\/\\\/giftronic04.com\\\/#organization\",\"name\":\"giftronic04\",\"url\":\"https:\\\/\\\/giftronic04.com\\\/\",\"logo\":{\"@type\":\"ImageObject\",\"inLanguage\":\"es\",\"@id\":\"https:\\\/\\\/giftronic04.com\\\/#\\\/schema\\\/logo\\\/image\\\/\",\"url\":\"https:\\\/\\\/giftronic04.com\\\/wp-content\\\/uploads\\\/2021\\\/08\\\/logo.png\",\"contentUrl\":\"https:\\\/\\\/giftronic04.com\\\/wp-content\\\/uploads\\\/2021\\\/08\\\/logo.png\",\"width\":6640,\"height\":2192,\"caption\":\"giftronic04\"},\"image\":{\"@id\":\"https:\\\/\\\/giftronic04.com\\\/#\\\/schema\\\/logo\\\/image\\\/\"},\"sameAs\":[\"https:\\\/\\\/www.instagram.com\\\/giftronic.04\\\/\"]}]}<\/script>\n<!-- \/ Yoast SEO plugin. -->","yoast_head_json":{"title":"Adaptador Usb Wifi 2.4ghz 150mbps - Giftronic.04","robots":{"index":"index","follow":"follow","max-snippet":"max-snippet:-1","max-image-preview":"max-image-preview:large","max-video-preview":"max-video-preview:-1"},"canonical":"https:\/\/giftronic04.com\/index.php\/product\/adaptador-usb-wifi-2-4ghz-150mbps\/","og_locale":"es_ES","og_type":"article","og_title":"Adaptador Usb Wifi 2.4ghz 150mbps - Giftronic.04","og_description":"Descripci\u00f3n Caracteristicas: Nombre del art\u00edculo: Adaptador WiFi Velocidad de transmisi\u00f3n: 150 Mbps Versi\u00f3n: Controlador de CD (necesita instalar el controlador) Interfaz: USB 2.0 Est\u00e1ndares inal\u00e1mbricos: IEEE 802.b\/ g\/n Rango de frecuencia: 2.4 GHz Potencia RF: 20 DBM (m\u00e1x.) CONEXI\u00d3N DIRECTA SIN NECESIDAD DE INTALAR DRIVERS. Sistema operativo compatible con Windows 7\/8\/10\/XP\/Vista","og_url":"https:\/\/giftronic04.com\/index.php\/product\/adaptador-usb-wifi-2-4ghz-150mbps\/","og_site_name":"Giftronic.04","article_modified_time":"2024-03-02T23:29:17+00:00","og_image":[{"width":500,"height":455,"url":"https:\/\/giftronic04.com\/wp-content\/uploads\/2021\/08\/D_NQ_NP_671798-MCO42256952007_062020-O.webp","type":"image\/webp"}],"twitter_card":"summary_large_image","twitter_misc":{"Tiempo de lectura":"1 minuto"},"schema":{"@context":"https:\/\/schema.org","@graph":[{"@type":"WebPage","@id":"https:\/\/giftronic04.com\/index.php\/product\/adaptador-usb-wifi-2-4ghz-150mbps\/","url":"https:\/\/giftronic04.com\/index.php\/product\/adaptador-usb-wifi-2-4ghz-150mbps\/","name":"Adaptador Usb Wifi 2.4ghz 150mbps - Giftronic.04","isPartOf":{"@id":"https:\/\/giftronic04.com\/#website"},"primaryImageOfPage":{"@id":"https:\/\/giftronic04.com\/index.php\/product\/adaptador-usb-wifi-2-4ghz-150mbps\/#primaryimage"},"image":{"@id":"https:\/\/giftronic04.com\/index.php\/product\/adaptador-usb-wifi-2-4ghz-150mbps\/#primaryimage"},"thumbnailUrl":"https:\/\/giftronic04.com\/wp-content\/uploads\/2021\/08\/D_NQ_NP_671798-MCO42256952007_062020-O.webp","datePublished":"2021-08-09T16:29:53+00:00","dateModified":"2024-03-02T23:29:17+00:00","breadcrumb":{"@id":"https:\/\/giftronic04.com\/index.php\/product\/adaptador-usb-wifi-2-4ghz-150mbps\/#breadcrumb"},"inLanguage":"es","potentialAction":[{"@type":"ReadAction","target":["https:\/\/giftronic04.com\/index.php\/product\/adaptador-usb-wifi-2-4ghz-150mbps\/"]}]},{"@type":"ImageObject","inLanguage":"es","@id":"https:\/\/giftronic04.com\/index.php\/product\/adaptador-usb-wifi-2-4ghz-150mbps\/#primaryimage","url":"https:\/\/giftronic04.com\/wp-content\/uploads\/2021\/08\/D_NQ_NP_671798-MCO42256952007_062020-O.webp","contentUrl":"https:\/\/giftronic04.com\/wp-content\/uploads\/2021\/08\/D_NQ_NP_671798-MCO42256952007_062020-O.webp","width":500,"height":455},{"@type":"BreadcrumbList","@id":"https:\/\/giftronic04.com\/index.php\/product\/adaptador-usb-wifi-2-4ghz-150mbps\/#breadcrumb","itemListElement":[{"@type":"ListItem","position":1,"name":"Portada","item":"https:\/\/giftronic04.com\/"},{"@type":"ListItem","position":2,"name":"Tienda","item":"https:\/\/giftronic04.com\/index.php\/shop\/"},{"@type":"ListItem","position":3,"name":"Adaptador Usb Wifi 2.4ghz 150mbps"}]},{"@type":"WebSite","@id":"https:\/\/giftronic04.com\/#website","url":"https:\/\/giftronic04.com\/","name":"Giftronic.04","description":"Venta de equipos tecnologicos","publisher":{"@id":"https:\/\/giftronic04.com\/#organization"},"potentialAction":[{"@type":"SearchAction","target":{"@type":"EntryPoint","urlTemplate":"https:\/\/giftronic04.com\/?s={search_term_string}"},"query-input":{"@type":"PropertyValueSpecification","valueRequired":true,"valueName":"search_term_string"}}],"inLanguage":"es"},{"@type":"Organization","@id":"https:\/\/giftronic04.com\/#organization","name":"giftronic04","url":"https:\/\/giftronic04.com\/","logo":{"@type":"ImageObject","inLanguage":"es","@id":"https:\/\/giftronic04.com\/#\/schema\/logo\/image\/","url":"https:\/\/giftronic04.com\/wp-content\/uploads\/2021\/08\/logo.png","contentUrl":"https:\/\/giftronic04.com\/wp-content\/uploads\/2021\/08\/logo.png","width":6640,"height":2192,"caption":"giftronic04"},"image":{"@id":"https:\/\/giftronic04.com\/#\/schema\/logo\/image\/"},"sameAs":["https:\/\/www.instagram.com\/giftronic.04\/"]}]}},"jetpack_sharing_enabled":true,"_links":{"self":[{"href":"https:\/\/giftronic04.com\/index.php\/wp-json\/wp\/v2\/product\/1669","targetHints":{"allow":["GET"]}}],"collection":[{"href":"https:\/\/giftronic04.com\/index.php\/wp-json\/wp\/v2\/product"}],"about":[{"href":"https:\/\/giftronic04.com\/index.php\/wp-json\/wp\/v2\/types\/product"}],"replies":[{"embeddable":true,"href":"https:\/\/giftronic04.com\/index.php\/wp-json\/wp\/v2\/comments?post=1669"}],"wp:featuredmedia":[{"embeddable":true,"href":"https:\/\/giftronic04.com\/index.php\/wp-json\/wp\/v2\/media\/1673"}],"wp:attachment":[{"href":"https:\/\/giftronic04.com\/index.php\/wp-json\/wp\/v2\/media?parent=1669"}],"wp:term":[{"taxonomy":"product_brand","embeddable":true,"href":"https:\/\/giftronic04.com\/index.php\/wp-json\/wp\/v2\/product_brand?post=1669"},{"taxonomy":"product_cat","embeddable":true,"href":"https:\/\/giftronic04.com\/index.php\/wp-json\/wp\/v2\/product_cat?post=1669"},{"taxonomy":"product_tag","embeddable":true,"href":"https:\/\/giftronic04.com\/index.php\/wp-json\/wp\/v2\/product_tag?post=1669"}],"curies":[{"name":"wp","href":"https:\/\/api.w.org\/{rel}","templated":true}]}}