{"id":1835,"date":"2021-09-01T11:17:47","date_gmt":"2021-09-01T16:17:47","guid":{"rendered":"https:\/\/giftronic04.com\/?post_type=product&#038;p=1835"},"modified":"2022-07-23T18:37:17","modified_gmt":"2022-07-23T23:37:17","slug":"caset-second-hdd-caddy-9-5-mm","status":"publish","type":"product","link":"https:\/\/giftronic04.com\/index.php\/product\/caset-second-hdd-caddy-9-5-mm\/","title":{"rendered":"CASET SECOND HDD  CADDY 9.5 MM"},"content":{"rendered":"<p><span>Si est\u00e1 buscando algo para actualizar el disco duro de todas las computadoras port\u00e1tiles con unidad de DVD, HP, ASUS, DELL, MacBook Pro, etc., este adaptador de caddy de disco duro SATA es la mejor opci\u00f3n para usted. F\u00e1cil de instalar, solo enchufar y usar, ya no necesita controladores. Rendimiento estable y duradero.<\/span><\/p>\n<p><span>\u00bfPARA QUE ME SIRVE EL PRODUCTO?<\/span><\/p>\n<p><span>Mejore el rendimiento y la capacidad de las computadoras port\u00e1tiles con un disco duro adicional total mente integrado en la computadora port\u00e1til no se necesita cables \/psu\/ controlador de software<\/span><\/p>\n<p><span>CARACTERISTICAS:<\/span><\/p>\n<p><span>-Mejore la capacidad de almacenamiento.<\/span><br \/>\n<span>-Adecuado para el disco duro SATA de 2,5 \u00ab, SSD (menos de 9,5 mm de grosor).<\/span><br \/>\n<span>-Arranque dual, soporte de instalaci\u00f3n del segundo sistema operativo en el segundo HDD y selecci\u00f3n de arranque.<\/span><br \/>\n<span>-Plug and play, no se necesita driver.<\/span><br \/>\n<span>-Con la segunda unidad de disco duro en su computadora port\u00e1til, tiene la manera m\u00e1s r\u00e1pida de hacer copias de seguridad de aplicaciones clave y datos cr\u00edticos.<\/span><br \/>\n<span>-Tama\u00f1o 129mm x 128mm x 9.5 mm<\/span><br \/>\n<span>-Peso (kg) 0.3<\/span><br \/>\n<span>-Material principal aluminio<\/span><\/p>\n<p><span>COMPATIBILIDAD:<\/span><\/p>\n<p><span>&#8211; Compatible con todo el port\u00e1til con ranura para unidad de DVD.<\/span><br \/>\n<span>&#8211; MacBook Unibody: MB466LL \/ A, MB467LL \/ A, MB881LL \/ A, MC240LL \/ A, MC207LL \/ A, MC516LL \/ A,<\/span><br \/>\n<span>&#8211; Unibody MacBook Pro: MB470LL \/ A, MB471LL \/ A, MB604LL \/ A, MC026LL \/ A, MB990LL \/ A, MB991LL \/ A, MC118LL \/ A, MB985LL \/ A, MB986LL \/ A, MC371LL \/ A A, MC373LL \/ A, MC374LL \/ A, MC375LL<\/span><\/p>\n","protected":false},"excerpt":{"rendered":"<p>Si est\u00e1 buscando algo para actualizar el disco duro de todas las computadoras port\u00e1tiles con unidad de DVD, HP, ASUS, DELL, MacBook Pro, etc., este adaptador de caddy de disco duro SATA es la mejor opci\u00f3n para usted. F\u00e1cil de instalar, solo enchufar y usar, ya no necesita controladores. Rendimiento estable y duradero. \u00bfPARA QUE [&hellip;]<\/p>\n","protected":false},"featured_media":1836,"comment_status":"open","ping_status":"closed","template":"","meta":{"_surecart_dashboard_logo_width":"180px","_surecart_dashboard_show_logo":true,"_surecart_dashboard_navigation_orders":true,"_surecart_dashboard_navigation_invoices":true,"_surecart_dashboard_navigation_subscriptions":true,"_surecart_dashboard_navigation_downloads":true,"_surecart_dashboard_navigation_billing":true,"_surecart_dashboard_navigation_account":true,"site-sidebar-layout":"default","site-content-layout":"","ast-site-content-layout":"default","site-content-style":"default","site-sidebar-style":"default","ast-global-header-display":"","ast-banner-title-visibility":"","ast-main-header-display":"","ast-hfb-above-header-display":"","ast-hfb-below-header-display":"","ast-hfb-mobile-header-display":"","site-post-title":"","ast-breadcrumbs-content":"","ast-featured-img":"","footer-sml-layout":"","ast-disable-related-posts":"","theme-transparent-header-meta":"","adv-header-id-meta":"","stick-header-meta":"","header-above-stick-meta":"","header-main-stick-meta":"","header-below-stick-meta":"","astra-migrate-meta-layouts":"default","ast-page-background-enabled":"default","ast-page-background-meta":{"desktop":{"background-color":"var(--ast-global-color-4)","background-image":"","background-repeat":"repeat","background-position":"center center","background-size":"auto","background-attachment":"scroll","background-type":"","background-media":"","overlay-type":"","overlay-color":"","overlay-opacity":"","overlay-gradient":""},"tablet":{"background-color":"","background-image":"","background-repeat":"repeat","background-position":"center center","background-size":"auto","background-attachment":"scroll","background-type":"","background-media":"","overlay-type":"","overlay-color":"","overlay-opacity":"","overlay-gradient":""},"mobile":{"background-color":"","background-image":"","background-repeat":"repeat","background-position":"center center","background-size":"auto","background-attachment":"scroll","background-type":"","background-media":"","overlay-type":"","overlay-color":"","overlay-opacity":"","overlay-gradient":""}},"ast-content-background-meta":{"desktop":{"background-color":"var(--ast-global-color-5)","background-image":"","background-repeat":"repeat","background-position":"center center","background-size":"auto","background-attachment":"scroll","background-type":"","background-media":"","overlay-type":"","overlay-color":"","overlay-opacity":"","overlay-gradient":""},"tablet":{"background-color":"var(--ast-global-color-5)","background-image":"","background-repeat":"repeat","background-position":"center center","background-size":"auto","background-attachment":"scroll","background-type":"","background-media":"","overlay-type":"","overlay-color":"","overlay-opacity":"","overlay-gradient":""},"mobile":{"background-color":"var(--ast-global-color-5)","background-image":"","background-repeat":"repeat","background-position":"center center","background-size":"auto","background-attachment":"scroll","background-type":"","background-media":"","overlay-type":"","overlay-color":"","overlay-opacity":"","overlay-gradient":""}}},"product_brand":[],"product_cat":[28],"product_tag":[],"class_list":{"0":"post-1835","1":"product","2":"type-product","3":"status-publish","4":"has-post-thumbnail","6":"product_cat-almacenamiento","7":"desktop-align-left","8":"tablet-align-left","9":"mobile-align-left","11":"first","12":"instock","13":"sale","14":"taxable","15":"shipping-taxable","16":"purchasable","17":"product-type-simple"},"yoast_head":"<!-- This site is optimized with the Yoast SEO plugin v27.5 - https:\/\/yoast.com\/product\/yoast-seo-wordpress\/ -->\n<title>CASET SECOND HDD CADDY 9.5 MM - Giftronic.04<\/title>\n<meta name=\"robots\" content=\"index, follow, max-snippet:-1, max-image-preview:large, max-video-preview:-1\" \/>\n<link rel=\"canonical\" href=\"https:\/\/giftronic04.com\/index.php\/product\/caset-second-hdd-caddy-9-5-mm\/\" \/>\n<meta property=\"og:locale\" content=\"es_ES\" \/>\n<meta property=\"og:type\" content=\"article\" \/>\n<meta property=\"og:title\" content=\"CASET SECOND HDD CADDY 9.5 MM - Giftronic.04\" \/>\n<meta property=\"og:description\" content=\"Si est\u00e1 buscando algo para actualizar el disco duro de todas las computadoras port\u00e1tiles con unidad de DVD, HP, ASUS, DELL, MacBook Pro, etc., este adaptador de caddy de disco duro SATA es la mejor opci\u00f3n para usted. F\u00e1cil de instalar, solo enchufar y usar, ya no necesita controladores. Rendimiento estable y duradero. \u00bfPARA QUE [&hellip;]\" \/>\n<meta property=\"og:url\" content=\"https:\/\/giftronic04.com\/index.php\/product\/caset-second-hdd-caddy-9-5-mm\/\" \/>\n<meta property=\"og:site_name\" content=\"Giftronic.04\" \/>\n<meta property=\"article:modified_time\" content=\"2022-07-23T23:37:17+00:00\" \/>\n<meta property=\"og:image\" content=\"https:\/\/giftronic04.com\/wp-content\/uploads\/2021\/09\/24.jpg\" \/>\n\t<meta property=\"og:image:width\" content=\"1000\" \/>\n\t<meta property=\"og:image:height\" content=\"1200\" \/>\n\t<meta property=\"og:image:type\" content=\"image\/jpeg\" \/>\n<meta name=\"twitter:card\" content=\"summary_large_image\" \/>\n<meta name=\"twitter:label1\" content=\"Tiempo de lectura\" \/>\n\t<meta name=\"twitter:data1\" content=\"2 minutos\" \/>\n<script type=\"application\/ld+json\" class=\"yoast-schema-graph\">{\"@context\":\"https:\\\/\\\/schema.org\",\"@graph\":[{\"@type\":\"WebPage\",\"@id\":\"https:\\\/\\\/giftronic04.com\\\/index.php\\\/product\\\/caset-second-hdd-caddy-9-5-mm\\\/\",\"url\":\"https:\\\/\\\/giftronic04.com\\\/index.php\\\/product\\\/caset-second-hdd-caddy-9-5-mm\\\/\",\"name\":\"CASET SECOND HDD CADDY 9.5 MM - Giftronic.04\",\"isPartOf\":{\"@id\":\"https:\\\/\\\/giftronic04.com\\\/#website\"},\"primaryImageOfPage\":{\"@id\":\"https:\\\/\\\/giftronic04.com\\\/index.php\\\/product\\\/caset-second-hdd-caddy-9-5-mm\\\/#primaryimage\"},\"image\":{\"@id\":\"https:\\\/\\\/giftronic04.com\\\/index.php\\\/product\\\/caset-second-hdd-caddy-9-5-mm\\\/#primaryimage\"},\"thumbnailUrl\":\"https:\\\/\\\/giftronic04.com\\\/wp-content\\\/uploads\\\/2021\\\/09\\\/24.jpg\",\"datePublished\":\"2021-09-01T16:17:47+00:00\",\"dateModified\":\"2022-07-23T23:37:17+00:00\",\"breadcrumb\":{\"@id\":\"https:\\\/\\\/giftronic04.com\\\/index.php\\\/product\\\/caset-second-hdd-caddy-9-5-mm\\\/#breadcrumb\"},\"inLanguage\":\"es\",\"potentialAction\":[{\"@type\":\"ReadAction\",\"target\":[\"https:\\\/\\\/giftronic04.com\\\/index.php\\\/product\\\/caset-second-hdd-caddy-9-5-mm\\\/\"]}]},{\"@type\":\"ImageObject\",\"inLanguage\":\"es\",\"@id\":\"https:\\\/\\\/giftronic04.com\\\/index.php\\\/product\\\/caset-second-hdd-caddy-9-5-mm\\\/#primaryimage\",\"url\":\"https:\\\/\\\/giftronic04.com\\\/wp-content\\\/uploads\\\/2021\\\/09\\\/24.jpg\",\"contentUrl\":\"https:\\\/\\\/giftronic04.com\\\/wp-content\\\/uploads\\\/2021\\\/09\\\/24.jpg\",\"width\":1000,\"height\":1200},{\"@type\":\"BreadcrumbList\",\"@id\":\"https:\\\/\\\/giftronic04.com\\\/index.php\\\/product\\\/caset-second-hdd-caddy-9-5-mm\\\/#breadcrumb\",\"itemListElement\":[{\"@type\":\"ListItem\",\"position\":1,\"name\":\"Portada\",\"item\":\"https:\\\/\\\/giftronic04.com\\\/\"},{\"@type\":\"ListItem\",\"position\":2,\"name\":\"Tienda\",\"item\":\"https:\\\/\\\/giftronic04.com\\\/index.php\\\/shop\\\/\"},{\"@type\":\"ListItem\",\"position\":3,\"name\":\"CASET SECOND HDD CADDY 9.5 MM\"}]},{\"@type\":\"WebSite\",\"@id\":\"https:\\\/\\\/giftronic04.com\\\/#website\",\"url\":\"https:\\\/\\\/giftronic04.com\\\/\",\"name\":\"Giftronic.04\",\"description\":\"Venta de equipos tecnologicos\",\"publisher\":{\"@id\":\"https:\\\/\\\/giftronic04.com\\\/#organization\"},\"potentialAction\":[{\"@type\":\"SearchAction\",\"target\":{\"@type\":\"EntryPoint\",\"urlTemplate\":\"https:\\\/\\\/giftronic04.com\\\/?s={search_term_string}\"},\"query-input\":{\"@type\":\"PropertyValueSpecification\",\"valueRequired\":true,\"valueName\":\"search_term_string\"}}],\"inLanguage\":\"es\"},{\"@type\":\"Organization\",\"@id\":\"https:\\\/\\\/giftronic04.com\\\/#organization\",\"name\":\"giftronic04\",\"url\":\"https:\\\/\\\/giftronic04.com\\\/\",\"logo\":{\"@type\":\"ImageObject\",\"inLanguage\":\"es\",\"@id\":\"https:\\\/\\\/giftronic04.com\\\/#\\\/schema\\\/logo\\\/image\\\/\",\"url\":\"https:\\\/\\\/giftronic04.com\\\/wp-content\\\/uploads\\\/2021\\\/08\\\/logo.png\",\"contentUrl\":\"https:\\\/\\\/giftronic04.com\\\/wp-content\\\/uploads\\\/2021\\\/08\\\/logo.png\",\"width\":6640,\"height\":2192,\"caption\":\"giftronic04\"},\"image\":{\"@id\":\"https:\\\/\\\/giftronic04.com\\\/#\\\/schema\\\/logo\\\/image\\\/\"},\"sameAs\":[\"https:\\\/\\\/www.instagram.com\\\/giftronic.04\\\/\"]}]}<\/script>\n<!-- \/ Yoast SEO plugin. -->","yoast_head_json":{"title":"CASET SECOND HDD CADDY 9.5 MM - Giftronic.04","robots":{"index":"index","follow":"follow","max-snippet":"max-snippet:-1","max-image-preview":"max-image-preview:large","max-video-preview":"max-video-preview:-1"},"canonical":"https:\/\/giftronic04.com\/index.php\/product\/caset-second-hdd-caddy-9-5-mm\/","og_locale":"es_ES","og_type":"article","og_title":"CASET SECOND HDD CADDY 9.5 MM - Giftronic.04","og_description":"Si est\u00e1 buscando algo para actualizar el disco duro de todas las computadoras port\u00e1tiles con unidad de DVD, HP, ASUS, DELL, MacBook Pro, etc., este adaptador de caddy de disco duro SATA es la mejor opci\u00f3n para usted. F\u00e1cil de instalar, solo enchufar y usar, ya no necesita controladores. Rendimiento estable y duradero. \u00bfPARA QUE [&hellip;]","og_url":"https:\/\/giftronic04.com\/index.php\/product\/caset-second-hdd-caddy-9-5-mm\/","og_site_name":"Giftronic.04","article_modified_time":"2022-07-23T23:37:17+00:00","og_image":[{"width":1000,"height":1200,"url":"https:\/\/giftronic04.com\/wp-content\/uploads\/2021\/09\/24.jpg","type":"image\/jpeg"}],"twitter_card":"summary_large_image","twitter_misc":{"Tiempo de lectura":"2 minutos"},"schema":{"@context":"https:\/\/schema.org","@graph":[{"@type":"WebPage","@id":"https:\/\/giftronic04.com\/index.php\/product\/caset-second-hdd-caddy-9-5-mm\/","url":"https:\/\/giftronic04.com\/index.php\/product\/caset-second-hdd-caddy-9-5-mm\/","name":"CASET SECOND HDD CADDY 9.5 MM - Giftronic.04","isPartOf":{"@id":"https:\/\/giftronic04.com\/#website"},"primaryImageOfPage":{"@id":"https:\/\/giftronic04.com\/index.php\/product\/caset-second-hdd-caddy-9-5-mm\/#primaryimage"},"image":{"@id":"https:\/\/giftronic04.com\/index.php\/product\/caset-second-hdd-caddy-9-5-mm\/#primaryimage"},"thumbnailUrl":"https:\/\/giftronic04.com\/wp-content\/uploads\/2021\/09\/24.jpg","datePublished":"2021-09-01T16:17:47+00:00","dateModified":"2022-07-23T23:37:17+00:00","breadcrumb":{"@id":"https:\/\/giftronic04.com\/index.php\/product\/caset-second-hdd-caddy-9-5-mm\/#breadcrumb"},"inLanguage":"es","potentialAction":[{"@type":"ReadAction","target":["https:\/\/giftronic04.com\/index.php\/product\/caset-second-hdd-caddy-9-5-mm\/"]}]},{"@type":"ImageObject","inLanguage":"es","@id":"https:\/\/giftronic04.com\/index.php\/product\/caset-second-hdd-caddy-9-5-mm\/#primaryimage","url":"https:\/\/giftronic04.com\/wp-content\/uploads\/2021\/09\/24.jpg","contentUrl":"https:\/\/giftronic04.com\/wp-content\/uploads\/2021\/09\/24.jpg","width":1000,"height":1200},{"@type":"BreadcrumbList","@id":"https:\/\/giftronic04.com\/index.php\/product\/caset-second-hdd-caddy-9-5-mm\/#breadcrumb","itemListElement":[{"@type":"ListItem","position":1,"name":"Portada","item":"https:\/\/giftronic04.com\/"},{"@type":"ListItem","position":2,"name":"Tienda","item":"https:\/\/giftronic04.com\/index.php\/shop\/"},{"@type":"ListItem","position":3,"name":"CASET SECOND HDD CADDY 9.5 MM"}]},{"@type":"WebSite","@id":"https:\/\/giftronic04.com\/#website","url":"https:\/\/giftronic04.com\/","name":"Giftronic.04","description":"Venta de equipos tecnologicos","publisher":{"@id":"https:\/\/giftronic04.com\/#organization"},"potentialAction":[{"@type":"SearchAction","target":{"@type":"EntryPoint","urlTemplate":"https:\/\/giftronic04.com\/?s={search_term_string}"},"query-input":{"@type":"PropertyValueSpecification","valueRequired":true,"valueName":"search_term_string"}}],"inLanguage":"es"},{"@type":"Organization","@id":"https:\/\/giftronic04.com\/#organization","name":"giftronic04","url":"https:\/\/giftronic04.com\/","logo":{"@type":"ImageObject","inLanguage":"es","@id":"https:\/\/giftronic04.com\/#\/schema\/logo\/image\/","url":"https:\/\/giftronic04.com\/wp-content\/uploads\/2021\/08\/logo.png","contentUrl":"https:\/\/giftronic04.com\/wp-content\/uploads\/2021\/08\/logo.png","width":6640,"height":2192,"caption":"giftronic04"},"image":{"@id":"https:\/\/giftronic04.com\/#\/schema\/logo\/image\/"},"sameAs":["https:\/\/www.instagram.com\/giftronic.04\/"]}]}},"jetpack_sharing_enabled":true,"_links":{"self":[{"href":"https:\/\/giftronic04.com\/index.php\/wp-json\/wp\/v2\/product\/1835","targetHints":{"allow":["GET"]}}],"collection":[{"href":"https:\/\/giftronic04.com\/index.php\/wp-json\/wp\/v2\/product"}],"about":[{"href":"https:\/\/giftronic04.com\/index.php\/wp-json\/wp\/v2\/types\/product"}],"replies":[{"embeddable":true,"href":"https:\/\/giftronic04.com\/index.php\/wp-json\/wp\/v2\/comments?post=1835"}],"wp:featuredmedia":[{"embeddable":true,"href":"https:\/\/giftronic04.com\/index.php\/wp-json\/wp\/v2\/media\/1836"}],"wp:attachment":[{"href":"https:\/\/giftronic04.com\/index.php\/wp-json\/wp\/v2\/media?parent=1835"}],"wp:term":[{"taxonomy":"product_brand","embeddable":true,"href":"https:\/\/giftronic04.com\/index.php\/wp-json\/wp\/v2\/product_brand?post=1835"},{"taxonomy":"product_cat","embeddable":true,"href":"https:\/\/giftronic04.com\/index.php\/wp-json\/wp\/v2\/product_cat?post=1835"},{"taxonomy":"product_tag","embeddable":true,"href":"https:\/\/giftronic04.com\/index.php\/wp-json\/wp\/v2\/product_tag?post=1835"}],"curies":[{"name":"wp","href":"https:\/\/api.w.org\/{rel}","templated":true}]}}