{"id":1885,"date":"2021-09-01T18:19:59","date_gmt":"2021-09-01T23:19:59","guid":{"rendered":"https:\/\/giftronic04.com\/?post_type=product&#038;p=1885"},"modified":"2024-11-09T08:13:28","modified_gmt":"2024-11-09T13:13:28","slug":"caja-atx-gamer-aerocool-si-5200-frost-vidrio-3-fans-500w","status":"publish","type":"product","link":"https:\/\/giftronic04.com\/index.php\/product\/caja-atx-gamer-aerocool-si-5200-frost-vidrio-3-fans-500w\/","title":{"rendered":"Caja Atx Gamer Aerocool Si-5200 Frost Vidrio 3 Fans 500w"},"content":{"rendered":"<p>Caja ATX CHASIS GABINETE GAMER AEROCOOL SI-5200 TG Tempered Glass con 3 Ventiladores RGB Multicolor FIJO y frente arente con los 3 ventiladores, Vidrio Templado Lateral.<\/p>\n<p>CARACTERISTICAS IMPORTANTES:<\/p>\n<p>|&#8212;&#8212;&#8212;&#8212;&#8212;&#8212;&#8212;&#8212;&#8212;&#8212;&#8212;&#8212;&#8212;|<br \/>\n|Marca | Aerocool |<br \/>\n|&#8212;&#8212;&#8212;&#8212;&#8212;&#8212;&#8212;&#8212;&#8212;&#8212;&#8212;&#8212;&#8212;|<br \/>\n|Serie | SI-5200 3 Fans RGB FIJO Multicolor |<br \/>\n|&#8212;&#8212;&#8212;&#8212;&#8212;&#8212;&#8212;&#8212;&#8212;&#8212;&#8212;&#8212;&#8212;|<br \/>\n|Color | Negro |<br \/>\n|&#8212;&#8212;&#8212;&#8212;&#8212;&#8212;&#8212;&#8212;&#8212;&#8212;&#8212;&#8212;&#8212;|<br \/>\n|Panel Lateral | Vidrio Templado |<br \/>\n|&#8212;&#8212;&#8212;&#8212;&#8212;&#8212;&#8212;&#8212;&#8212;&#8212;&#8212;&#8212;&#8212;|<br \/>\n|Frontal | Plastico ABS Transparente |<br \/>\n|&#8212;&#8212;&#8212;&#8212;&#8212;&#8212;&#8212;&#8212;&#8212;&#8212;&#8212;&#8212;&#8212;|<br \/>\n|Motherboards | ATX y microATX |<br \/>\n|&#8212;&#8212;&#8212;&#8212;&#8212;&#8212;&#8212;&#8212;&#8212;&#8212;&#8212;&#8212;&#8212;|<br \/>\n|Refrigeraci\u00f3n | Hasta 5 Ventiladores |<br \/>\n|&#8212;&#8212;&#8212;&#8212;&#8212;&#8212;&#8212;&#8212;&#8212;&#8212;&#8212;&#8212;&#8212;|<br \/>\n|Refrigeraci\u00f3n Liquida | 120mm \/ 240mm |<br \/>\n|&#8212;&#8212;&#8212;&#8212;&#8212;&#8212;&#8212;&#8212;&#8212;&#8212;&#8212;&#8212;&#8212;|<br \/>\n|Vent. Incluido | 3 x 120mm Multiculor |<br \/>\n|&#8212;&#8212;&#8212;&#8212;&#8212;&#8212;&#8212;&#8212;&#8212;&#8212;&#8212;&#8212;&#8212;|<br \/>\n|Largo m\u00e1x. GPU | 372 mm |<br \/>\n|&#8212;&#8212;&#8212;&#8212;&#8212;&#8212;&#8212;&#8212;&#8212;&#8212;&#8212;&#8212;&#8212;|<br \/>\n|Disipador CPU | Altura m\u00e1x 164mm |<br \/>\n|&#8212;&#8212;&#8212;&#8212;&#8212;&#8212;&#8212;&#8212;&#8212;&#8212;&#8212;&#8212;&#8212;|<br \/>\n|Material | Lamina de Acero de 0.5mm |<br \/>\n|&#8212;&#8212;&#8212;&#8212;&#8212;&#8212;&#8212;&#8212;&#8212;&#8212;&#8212;&#8212;&#8212;|<br \/>\n|Tama\u00f1o |198 x 430 x 414 mm (An x Al x Pr)|<\/p>\n<p>INCLUYE FUENTE DE 500W REALES<\/p>\n<p>CHASIS GABINETE AEROCOOL SI5200 FROST TG CON TRES VENTILADORES RGB FIJOS FROST DE 120mm Y VENTANA COMPLETA VIDRIO TEMPLADO<\/p>\n<p>SI-5200 Frost Tempered Glass<br \/>\nSemitorre RGB<br \/>\nLa SI5200FROST ofrece un panel frontal con 3 ventiladores Frost 12 con iluminaci\u00f3n LED RGB fija, combinando una perfecta refrigeraci\u00f3n con un look espectacular. Adem\u00e1s, la estructura de la caja cuenta con m\u00faltiples prestaciones que garantizan el m\u00e1ximo rendimiento y una durabilidad profesional con un dise\u00f1o moderno.<\/p>\n<p>Paneles frontal y lateral totales para mayor visualizaci\u00f3n interna<br \/>\n3 ventiladores RGB Frost 12 de 120mm frontales<br \/>\nRejillas de ventilaci\u00f3n delanteras para mayor circulaci\u00f3n del aire<br \/>\nDise\u00f1o de c\u00e1mara dual<br \/>\nSoporta refrigeraci\u00f3n l\u00edquida delantera<br \/>\nSe incluyen tres ventiladores RGB fijos<br \/>\nViene equipado con tres ventiladores Fijos de 12 cm RGB en el frente del gabinete.<\/p>\n<p>Viene equipado con Frost 12 ventiladores<br \/>\nContiene 8 LEDs Fijos para crear un efecto de iluminaci\u00f3n est\u00e1tica, el Ventilador Frost 12 agrega un aire de estilo a tu equipo.<\/p>\n<p>Panel Frontal Acr\u00edlico<br \/>\nCon un panel frontal acr\u00edlico que permite ver de manera clara hasta tres ventiladores de 12 cm, esta caja es perfecta para presumir de tus ventiladores frontales con LED.<\/p>\n<p>Panel lateral completamente de cristal templado<br \/>\nIncluye un panel lateral de vidrio templado para mostrar el interior del equipo.<\/p>\n<p>Ventilaci\u00f3n de aire mejorada<br \/>\nLas rejillas de ventilaci\u00f3n en el panel frontal aumentan el flujo de aire y la ventilaci\u00f3n para obtener un rendimiento superior de refrigeraci\u00f3n.<\/p>\n<p>Dise\u00f1o De Doble C\u00e1mara<br \/>\nConstruido con un dise\u00f1o de doble c\u00e1mara para dirigir el calor lejos de la c\u00e1mara principal y conseguir una refrigeraci\u00f3n total m\u00e1s efectiva.<\/p>\n<p>Refrigeraci\u00f3n Por Aire<br \/>\nSoporta refrigeraci\u00f3n por aire en la parte delantera y trasera de la carcasa lo que ayuda mejorar el rendimiento de refrigeraci\u00f3n<br \/>\nIncluye un ventilador extra para proporcionar refrigeraci\u00f3n adicional a tu tarjeta gr\u00e1fica.<\/p>\n<p>Frontal: 120 mm x 3 (incluido ventilador 120mm Frost x 3)<br \/>\nTrasero: 120 mm x 1 (opcional)<br \/>\nCaja para HDD: 120 mm x 1 (opcional)<\/p>\n<p>Refrigeraci\u00f3n Por L\u00edquido<br \/>\nSoporta refrigeraci\u00f3n por l\u00edquido.<\/p>\n<p>Frontal: Radiador de 240 x 27 mm (opcional)<\/p>\n<p>Hecho para alto rendimiento<br \/>\nAdmite placas base ATX, Micro-ATX y Mini-ITX<br \/>\nSoporta cooler de CPU de hasta 164 mm de altura<br \/>\nSoporta tarjetas gr\u00e1ficas adicionales de calidad superior de hasta 372 mm<\/p>\n<p>Acceso Pr\u00e1ctico A Tus Medios<br \/>\nAcceso r\u00e1pido y sencillo a 1 x USB 3.0, 2 x USB 2.0, alimentaci\u00f3n, audio y micr\u00f3fono.<\/p>\n<p>Capacidad De Almacenamiento<br \/>\nSoporta hasta 2 x HDD de 3,5 y 3 x HDD\/SSD de 2,5.<\/p>\n<p>Mantenimiento F\u00e1cile<br \/>\nF\u00e1cil de limpiar el filtro de polvo de la PSU.<\/p>\n","protected":false},"excerpt":{"rendered":"<p>Caja ATX CHASIS GABINETE GAMER AEROCOOL SI-5200 TG Tempered Glass con 3 Ventiladores RGB Multicolor FIJO y frente arente con los 3 ventiladores, Vidrio Templado Lateral. CARACTERISTICAS IMPORTANTES: |&#8212;&#8212;&#8212;&#8212;&#8212;&#8212;&#8212;&#8212;&#8212;&#8212;&#8212;&#8212;&#8212;| |Marca | Aerocool | |&#8212;&#8212;&#8212;&#8212;&#8212;&#8212;&#8212;&#8212;&#8212;&#8212;&#8212;&#8212;&#8212;| |Serie | SI-5200 3 Fans RGB FIJO Multicolor | |&#8212;&#8212;&#8212;&#8212;&#8212;&#8212;&#8212;&#8212;&#8212;&#8212;&#8212;&#8212;&#8212;| |Color | Negro | |&#8212;&#8212;&#8212;&#8212;&#8212;&#8212;&#8212;&#8212;&#8212;&#8212;&#8212;&#8212;&#8212;| |Panel Lateral | Vidrio Templado | [&hellip;]<\/p>\n","protected":false},"featured_media":1886,"comment_status":"open","ping_status":"closed","template":"","meta":{"_surecart_dashboard_logo_width":"180px","_surecart_dashboard_show_logo":true,"_surecart_dashboard_navigation_orders":true,"_surecart_dashboard_navigation_invoices":true,"_surecart_dashboard_navigation_subscriptions":true,"_surecart_dashboard_navigation_downloads":true,"_surecart_dashboard_navigation_billing":true,"_surecart_dashboard_navigation_account":true,"site-sidebar-layout":"default","site-content-layout":"","ast-site-content-layout":"default","site-content-style":"default","site-sidebar-style":"default","ast-global-header-display":"","ast-banner-title-visibility":"","ast-main-header-display":"","ast-hfb-above-header-display":"","ast-hfb-below-header-display":"","ast-hfb-mobile-header-display":"","site-post-title":"","ast-breadcrumbs-content":"","ast-featured-img":"","footer-sml-layout":"","ast-disable-related-posts":"","theme-transparent-header-meta":"","adv-header-id-meta":"","stick-header-meta":"","header-above-stick-meta":"","header-main-stick-meta":"","header-below-stick-meta":"","astra-migrate-meta-layouts":"default","ast-page-background-enabled":"default","ast-page-background-meta":{"desktop":{"background-color":"var(--ast-global-color-4)","background-image":"","background-repeat":"repeat","background-position":"center center","background-size":"auto","background-attachment":"scroll","background-type":"","background-media":"","overlay-type":"","overlay-color":"","overlay-opacity":"","overlay-gradient":""},"tablet":{"background-color":"","background-image":"","background-repeat":"repeat","background-position":"center center","background-size":"auto","background-attachment":"scroll","background-type":"","background-media":"","overlay-type":"","overlay-color":"","overlay-opacity":"","overlay-gradient":""},"mobile":{"background-color":"","background-image":"","background-repeat":"repeat","background-position":"center center","background-size":"auto","background-attachment":"scroll","background-type":"","background-media":"","overlay-type":"","overlay-color":"","overlay-opacity":"","overlay-gradient":""}},"ast-content-background-meta":{"desktop":{"background-color":"var(--ast-global-color-5)","background-image":"","background-repeat":"repeat","background-position":"center center","background-size":"auto","background-attachment":"scroll","background-type":"","background-media":"","overlay-type":"","overlay-color":"","overlay-opacity":"","overlay-gradient":""},"tablet":{"background-color":"var(--ast-global-color-5)","background-image":"","background-repeat":"repeat","background-position":"center center","background-size":"auto","background-attachment":"scroll","background-type":"","background-media":"","overlay-type":"","overlay-color":"","overlay-opacity":"","overlay-gradient":""},"mobile":{"background-color":"var(--ast-global-color-5)","background-image":"","background-repeat":"repeat","background-position":"center center","background-size":"auto","background-attachment":"scroll","background-type":"","background-media":"","overlay-type":"","overlay-color":"","overlay-opacity":"","overlay-gradient":""}}},"product_brand":[],"product_cat":[35],"product_tag":[],"class_list":{"0":"post-1885","1":"product","2":"type-product","3":"status-publish","4":"has-post-thumbnail","6":"product_cat-pc-de-escritorio","7":"desktop-align-left","8":"tablet-align-left","9":"mobile-align-left","11":"first","12":"instock","13":"sale","14":"taxable","15":"shipping-taxable","16":"purchasable","17":"product-type-simple"},"yoast_head":"<!-- This site is optimized with the Yoast SEO plugin v27.5 - https:\/\/yoast.com\/product\/yoast-seo-wordpress\/ -->\n<title>Caja Atx Gamer Aerocool Si-5200 Frost Vidrio 3 Fans 500w - Giftronic.04<\/title>\n<meta name=\"robots\" content=\"index, follow, max-snippet:-1, max-image-preview:large, max-video-preview:-1\" \/>\n<link rel=\"canonical\" href=\"https:\/\/giftronic04.com\/index.php\/product\/caja-atx-gamer-aerocool-si-5200-frost-vidrio-3-fans-500w\/\" \/>\n<meta property=\"og:locale\" content=\"es_ES\" \/>\n<meta property=\"og:type\" content=\"article\" \/>\n<meta property=\"og:title\" content=\"Caja Atx Gamer Aerocool Si-5200 Frost Vidrio 3 Fans 500w - Giftronic.04\" \/>\n<meta property=\"og:description\" content=\"Caja ATX CHASIS GABINETE GAMER AEROCOOL SI-5200 TG Tempered Glass con 3 Ventiladores RGB Multicolor FIJO y frente arente con los 3 ventiladores, Vidrio Templado Lateral. CARACTERISTICAS IMPORTANTES: |&#8212;&#8212;&#8212;&#8212;&#8212;&#8212;&#8212;&#8212;&#8212;&#8212;&#8212;&#8212;&#8212;| |Marca | Aerocool | |&#8212;&#8212;&#8212;&#8212;&#8212;&#8212;&#8212;&#8212;&#8212;&#8212;&#8212;&#8212;&#8212;| |Serie | SI-5200 3 Fans RGB FIJO Multicolor | |&#8212;&#8212;&#8212;&#8212;&#8212;&#8212;&#8212;&#8212;&#8212;&#8212;&#8212;&#8212;&#8212;| |Color | Negro | |&#8212;&#8212;&#8212;&#8212;&#8212;&#8212;&#8212;&#8212;&#8212;&#8212;&#8212;&#8212;&#8212;| |Panel Lateral | Vidrio Templado | [&hellip;]\" \/>\n<meta property=\"og:url\" content=\"https:\/\/giftronic04.com\/index.php\/product\/caja-atx-gamer-aerocool-si-5200-frost-vidrio-3-fans-500w\/\" \/>\n<meta property=\"og:site_name\" content=\"Giftronic.04\" \/>\n<meta property=\"article:modified_time\" content=\"2024-11-09T13:13:28+00:00\" \/>\n<meta property=\"og:image\" content=\"https:\/\/giftronic04.com\/wp-content\/uploads\/2021\/09\/SI-5200-Frost-Infographic700x700px-01-portada.jpg\" \/>\n\t<meta property=\"og:image:width\" content=\"2000\" \/>\n\t<meta property=\"og:image:height\" content=\"2000\" \/>\n\t<meta property=\"og:image:type\" content=\"image\/jpeg\" \/>\n<meta name=\"twitter:card\" content=\"summary_large_image\" \/>\n<meta name=\"twitter:label1\" content=\"Tiempo de lectura\" \/>\n\t<meta name=\"twitter:data1\" content=\"3 minutos\" \/>\n<script type=\"application\/ld+json\" class=\"yoast-schema-graph\">{\"@context\":\"https:\\\/\\\/schema.org\",\"@graph\":[{\"@type\":\"WebPage\",\"@id\":\"https:\\\/\\\/giftronic04.com\\\/index.php\\\/product\\\/caja-atx-gamer-aerocool-si-5200-frost-vidrio-3-fans-500w\\\/\",\"url\":\"https:\\\/\\\/giftronic04.com\\\/index.php\\\/product\\\/caja-atx-gamer-aerocool-si-5200-frost-vidrio-3-fans-500w\\\/\",\"name\":\"Caja Atx Gamer Aerocool Si-5200 Frost Vidrio 3 Fans 500w - Giftronic.04\",\"isPartOf\":{\"@id\":\"https:\\\/\\\/giftronic04.com\\\/#website\"},\"primaryImageOfPage\":{\"@id\":\"https:\\\/\\\/giftronic04.com\\\/index.php\\\/product\\\/caja-atx-gamer-aerocool-si-5200-frost-vidrio-3-fans-500w\\\/#primaryimage\"},\"image\":{\"@id\":\"https:\\\/\\\/giftronic04.com\\\/index.php\\\/product\\\/caja-atx-gamer-aerocool-si-5200-frost-vidrio-3-fans-500w\\\/#primaryimage\"},\"thumbnailUrl\":\"https:\\\/\\\/giftronic04.com\\\/wp-content\\\/uploads\\\/2021\\\/09\\\/SI-5200-Frost-Infographic700x700px-01-portada.jpg\",\"datePublished\":\"2021-09-01T23:19:59+00:00\",\"dateModified\":\"2024-11-09T13:13:28+00:00\",\"breadcrumb\":{\"@id\":\"https:\\\/\\\/giftronic04.com\\\/index.php\\\/product\\\/caja-atx-gamer-aerocool-si-5200-frost-vidrio-3-fans-500w\\\/#breadcrumb\"},\"inLanguage\":\"es\",\"potentialAction\":[{\"@type\":\"ReadAction\",\"target\":[\"https:\\\/\\\/giftronic04.com\\\/index.php\\\/product\\\/caja-atx-gamer-aerocool-si-5200-frost-vidrio-3-fans-500w\\\/\"]}]},{\"@type\":\"ImageObject\",\"inLanguage\":\"es\",\"@id\":\"https:\\\/\\\/giftronic04.com\\\/index.php\\\/product\\\/caja-atx-gamer-aerocool-si-5200-frost-vidrio-3-fans-500w\\\/#primaryimage\",\"url\":\"https:\\\/\\\/giftronic04.com\\\/wp-content\\\/uploads\\\/2021\\\/09\\\/SI-5200-Frost-Infographic700x700px-01-portada.jpg\",\"contentUrl\":\"https:\\\/\\\/giftronic04.com\\\/wp-content\\\/uploads\\\/2021\\\/09\\\/SI-5200-Frost-Infographic700x700px-01-portada.jpg\",\"width\":2000,\"height\":2000},{\"@type\":\"BreadcrumbList\",\"@id\":\"https:\\\/\\\/giftronic04.com\\\/index.php\\\/product\\\/caja-atx-gamer-aerocool-si-5200-frost-vidrio-3-fans-500w\\\/#breadcrumb\",\"itemListElement\":[{\"@type\":\"ListItem\",\"position\":1,\"name\":\"Portada\",\"item\":\"https:\\\/\\\/giftronic04.com\\\/\"},{\"@type\":\"ListItem\",\"position\":2,\"name\":\"Tienda\",\"item\":\"https:\\\/\\\/giftronic04.com\\\/index.php\\\/shop\\\/\"},{\"@type\":\"ListItem\",\"position\":3,\"name\":\"Caja Atx Gamer Aerocool Si-5200 Frost Vidrio 3 Fans 500w\"}]},{\"@type\":\"WebSite\",\"@id\":\"https:\\\/\\\/giftronic04.com\\\/#website\",\"url\":\"https:\\\/\\\/giftronic04.com\\\/\",\"name\":\"Giftronic.04\",\"description\":\"Venta de equipos tecnologicos\",\"publisher\":{\"@id\":\"https:\\\/\\\/giftronic04.com\\\/#organization\"},\"potentialAction\":[{\"@type\":\"SearchAction\",\"target\":{\"@type\":\"EntryPoint\",\"urlTemplate\":\"https:\\\/\\\/giftronic04.com\\\/?s={search_term_string}\"},\"query-input\":{\"@type\":\"PropertyValueSpecification\",\"valueRequired\":true,\"valueName\":\"search_term_string\"}}],\"inLanguage\":\"es\"},{\"@type\":\"Organization\",\"@id\":\"https:\\\/\\\/giftronic04.com\\\/#organization\",\"name\":\"giftronic04\",\"url\":\"https:\\\/\\\/giftronic04.com\\\/\",\"logo\":{\"@type\":\"ImageObject\",\"inLanguage\":\"es\",\"@id\":\"https:\\\/\\\/giftronic04.com\\\/#\\\/schema\\\/logo\\\/image\\\/\",\"url\":\"https:\\\/\\\/giftronic04.com\\\/wp-content\\\/uploads\\\/2021\\\/08\\\/logo.png\",\"contentUrl\":\"https:\\\/\\\/giftronic04.com\\\/wp-content\\\/uploads\\\/2021\\\/08\\\/logo.png\",\"width\":6640,\"height\":2192,\"caption\":\"giftronic04\"},\"image\":{\"@id\":\"https:\\\/\\\/giftronic04.com\\\/#\\\/schema\\\/logo\\\/image\\\/\"},\"sameAs\":[\"https:\\\/\\\/www.instagram.com\\\/giftronic.04\\\/\"]}]}<\/script>\n<!-- \/ Yoast SEO plugin. -->","yoast_head_json":{"title":"Caja Atx Gamer Aerocool Si-5200 Frost Vidrio 3 Fans 500w - Giftronic.04","robots":{"index":"index","follow":"follow","max-snippet":"max-snippet:-1","max-image-preview":"max-image-preview:large","max-video-preview":"max-video-preview:-1"},"canonical":"https:\/\/giftronic04.com\/index.php\/product\/caja-atx-gamer-aerocool-si-5200-frost-vidrio-3-fans-500w\/","og_locale":"es_ES","og_type":"article","og_title":"Caja Atx Gamer Aerocool Si-5200 Frost Vidrio 3 Fans 500w - Giftronic.04","og_description":"Caja ATX CHASIS GABINETE GAMER AEROCOOL SI-5200 TG Tempered Glass con 3 Ventiladores RGB Multicolor FIJO y frente arente con los 3 ventiladores, Vidrio Templado Lateral. CARACTERISTICAS IMPORTANTES: |&#8212;&#8212;&#8212;&#8212;&#8212;&#8212;&#8212;&#8212;&#8212;&#8212;&#8212;&#8212;&#8212;| |Marca | Aerocool | |&#8212;&#8212;&#8212;&#8212;&#8212;&#8212;&#8212;&#8212;&#8212;&#8212;&#8212;&#8212;&#8212;| |Serie | SI-5200 3 Fans RGB FIJO Multicolor | |&#8212;&#8212;&#8212;&#8212;&#8212;&#8212;&#8212;&#8212;&#8212;&#8212;&#8212;&#8212;&#8212;| |Color | Negro | |&#8212;&#8212;&#8212;&#8212;&#8212;&#8212;&#8212;&#8212;&#8212;&#8212;&#8212;&#8212;&#8212;| |Panel Lateral | Vidrio Templado | [&hellip;]","og_url":"https:\/\/giftronic04.com\/index.php\/product\/caja-atx-gamer-aerocool-si-5200-frost-vidrio-3-fans-500w\/","og_site_name":"Giftronic.04","article_modified_time":"2024-11-09T13:13:28+00:00","og_image":[{"width":2000,"height":2000,"url":"https:\/\/giftronic04.com\/wp-content\/uploads\/2021\/09\/SI-5200-Frost-Infographic700x700px-01-portada.jpg","type":"image\/jpeg"}],"twitter_card":"summary_large_image","twitter_misc":{"Tiempo de lectura":"3 minutos"},"schema":{"@context":"https:\/\/schema.org","@graph":[{"@type":"WebPage","@id":"https:\/\/giftronic04.com\/index.php\/product\/caja-atx-gamer-aerocool-si-5200-frost-vidrio-3-fans-500w\/","url":"https:\/\/giftronic04.com\/index.php\/product\/caja-atx-gamer-aerocool-si-5200-frost-vidrio-3-fans-500w\/","name":"Caja Atx Gamer Aerocool Si-5200 Frost Vidrio 3 Fans 500w - Giftronic.04","isPartOf":{"@id":"https:\/\/giftronic04.com\/#website"},"primaryImageOfPage":{"@id":"https:\/\/giftronic04.com\/index.php\/product\/caja-atx-gamer-aerocool-si-5200-frost-vidrio-3-fans-500w\/#primaryimage"},"image":{"@id":"https:\/\/giftronic04.com\/index.php\/product\/caja-atx-gamer-aerocool-si-5200-frost-vidrio-3-fans-500w\/#primaryimage"},"thumbnailUrl":"https:\/\/giftronic04.com\/wp-content\/uploads\/2021\/09\/SI-5200-Frost-Infographic700x700px-01-portada.jpg","datePublished":"2021-09-01T23:19:59+00:00","dateModified":"2024-11-09T13:13:28+00:00","breadcrumb":{"@id":"https:\/\/giftronic04.com\/index.php\/product\/caja-atx-gamer-aerocool-si-5200-frost-vidrio-3-fans-500w\/#breadcrumb"},"inLanguage":"es","potentialAction":[{"@type":"ReadAction","target":["https:\/\/giftronic04.com\/index.php\/product\/caja-atx-gamer-aerocool-si-5200-frost-vidrio-3-fans-500w\/"]}]},{"@type":"ImageObject","inLanguage":"es","@id":"https:\/\/giftronic04.com\/index.php\/product\/caja-atx-gamer-aerocool-si-5200-frost-vidrio-3-fans-500w\/#primaryimage","url":"https:\/\/giftronic04.com\/wp-content\/uploads\/2021\/09\/SI-5200-Frost-Infographic700x700px-01-portada.jpg","contentUrl":"https:\/\/giftronic04.com\/wp-content\/uploads\/2021\/09\/SI-5200-Frost-Infographic700x700px-01-portada.jpg","width":2000,"height":2000},{"@type":"BreadcrumbList","@id":"https:\/\/giftronic04.com\/index.php\/product\/caja-atx-gamer-aerocool-si-5200-frost-vidrio-3-fans-500w\/#breadcrumb","itemListElement":[{"@type":"ListItem","position":1,"name":"Portada","item":"https:\/\/giftronic04.com\/"},{"@type":"ListItem","position":2,"name":"Tienda","item":"https:\/\/giftronic04.com\/index.php\/shop\/"},{"@type":"ListItem","position":3,"name":"Caja Atx Gamer Aerocool Si-5200 Frost Vidrio 3 Fans 500w"}]},{"@type":"WebSite","@id":"https:\/\/giftronic04.com\/#website","url":"https:\/\/giftronic04.com\/","name":"Giftronic.04","description":"Venta de equipos tecnologicos","publisher":{"@id":"https:\/\/giftronic04.com\/#organization"},"potentialAction":[{"@type":"SearchAction","target":{"@type":"EntryPoint","urlTemplate":"https:\/\/giftronic04.com\/?s={search_term_string}"},"query-input":{"@type":"PropertyValueSpecification","valueRequired":true,"valueName":"search_term_string"}}],"inLanguage":"es"},{"@type":"Organization","@id":"https:\/\/giftronic04.com\/#organization","name":"giftronic04","url":"https:\/\/giftronic04.com\/","logo":{"@type":"ImageObject","inLanguage":"es","@id":"https:\/\/giftronic04.com\/#\/schema\/logo\/image\/","url":"https:\/\/giftronic04.com\/wp-content\/uploads\/2021\/08\/logo.png","contentUrl":"https:\/\/giftronic04.com\/wp-content\/uploads\/2021\/08\/logo.png","width":6640,"height":2192,"caption":"giftronic04"},"image":{"@id":"https:\/\/giftronic04.com\/#\/schema\/logo\/image\/"},"sameAs":["https:\/\/www.instagram.com\/giftronic.04\/"]}]}},"jetpack_sharing_enabled":true,"_links":{"self":[{"href":"https:\/\/giftronic04.com\/index.php\/wp-json\/wp\/v2\/product\/1885","targetHints":{"allow":["GET"]}}],"collection":[{"href":"https:\/\/giftronic04.com\/index.php\/wp-json\/wp\/v2\/product"}],"about":[{"href":"https:\/\/giftronic04.com\/index.php\/wp-json\/wp\/v2\/types\/product"}],"replies":[{"embeddable":true,"href":"https:\/\/giftronic04.com\/index.php\/wp-json\/wp\/v2\/comments?post=1885"}],"wp:featuredmedia":[{"embeddable":true,"href":"https:\/\/giftronic04.com\/index.php\/wp-json\/wp\/v2\/media\/1886"}],"wp:attachment":[{"href":"https:\/\/giftronic04.com\/index.php\/wp-json\/wp\/v2\/media?parent=1885"}],"wp:term":[{"taxonomy":"product_brand","embeddable":true,"href":"https:\/\/giftronic04.com\/index.php\/wp-json\/wp\/v2\/product_brand?post=1885"},{"taxonomy":"product_cat","embeddable":true,"href":"https:\/\/giftronic04.com\/index.php\/wp-json\/wp\/v2\/product_cat?post=1885"},{"taxonomy":"product_tag","embeddable":true,"href":"https:\/\/giftronic04.com\/index.php\/wp-json\/wp\/v2\/product_tag?post=1885"}],"curies":[{"name":"wp","href":"https:\/\/api.w.org\/{rel}","templated":true}]}}