{"id":1974,"date":"2021-09-11T14:40:31","date_gmt":"2021-09-11T19:40:31","guid":{"rendered":"https:\/\/giftronic04.com\/?post_type=product&#038;p=1974"},"modified":"2021-09-11T14:40:31","modified_gmt":"2021-09-11T19:40:31","slug":"diadema-gamer-ps4-xbox-andorid-pc-gh01-jyr-059-mv","status":"publish","type":"product","link":"https:\/\/giftronic04.com\/index.php\/product\/diadema-gamer-ps4-xbox-andorid-pc-gh01-jyr-059-mv\/","title":{"rendered":"Diadema Gamer   Ps4\/ Xbox\/  Andorid\/ Pc  Gh01   Jyr 059-mv"},"content":{"rendered":"<p>FICHA T\u00c9CNICA:<\/p>\n<p>Tama\u00f1o de bocina: 50mm<br \/>\nFrecuencia de bocina: 20Hz-20.000Hz<br \/>\nImpedancia de bocina: 32Ohm<br \/>\nSensibilidad (decibeles): 120dB<br \/>\nFrecuencia de micr\u00f3fono: 2200Ohm<br \/>\nTipo de Conexi\u00f3n: Plug 3.5 y USB (Para alimentaci\u00f3n LED)<br \/>\nLongitud de cable: 2,4m<\/p>\n<p>Caracter\u00edsticas:<\/p>\n<p>Auriculares con sonido est\u00e9reo de alta calidad.<br \/>\nAlmohadillas micro-perforadas para un uso c\u00f3modo y mayor duraci\u00f3n<br \/>\nBanda Superior altamente resistente<br \/>\nIluminaci\u00f3n LED en los laterales<br \/>\nCuenta con micr\u00f3fono omnidireccional<br \/>\nControl de volumen en el auricular<br \/>\nJack 3.5 para audio y micr\u00f3fono<br \/>\nUSB para alimentaci\u00f3n de iluminaci\u00f3n LED<br \/>\n***INCLUYE CABLE CONVERTIDOR PARA PC****<\/p>\n","protected":false},"excerpt":{"rendered":"<p>FICHA T\u00c9CNICA: Tama\u00f1o de bocina: 50mm Frecuencia de bocina: 20Hz-20.000Hz Impedancia de bocina: 32Ohm Sensibilidad (decibeles): 120dB Frecuencia de micr\u00f3fono: 2200Ohm Tipo de Conexi\u00f3n: Plug 3.5 y USB (Para alimentaci\u00f3n LED) Longitud de cable: 2,4m Caracter\u00edsticas: Auriculares con sonido est\u00e9reo de alta calidad. Almohadillas micro-perforadas para un uso c\u00f3modo y mayor duraci\u00f3n Banda Superior altamente [&hellip;]<\/p>\n","protected":false},"featured_media":1975,"comment_status":"open","ping_status":"closed","template":"","meta":{"_surecart_dashboard_logo_width":"180px","_surecart_dashboard_show_logo":true,"_surecart_dashboard_navigation_orders":true,"_surecart_dashboard_navigation_invoices":true,"_surecart_dashboard_navigation_subscriptions":true,"_surecart_dashboard_navigation_downloads":true,"_surecart_dashboard_navigation_billing":true,"_surecart_dashboard_navigation_account":true,"site-sidebar-layout":"default","site-content-layout":"","ast-site-content-layout":"default","site-content-style":"default","site-sidebar-style":"default","ast-global-header-display":"","ast-banner-title-visibility":"","ast-main-header-display":"","ast-hfb-above-header-display":"","ast-hfb-below-header-display":"","ast-hfb-mobile-header-display":"","site-post-title":"","ast-breadcrumbs-content":"","ast-featured-img":"","footer-sml-layout":"","ast-disable-related-posts":"","theme-transparent-header-meta":"","adv-header-id-meta":"","stick-header-meta":"","header-above-stick-meta":"","header-main-stick-meta":"","header-below-stick-meta":"","astra-migrate-meta-layouts":"default","ast-page-background-enabled":"default","ast-page-background-meta":{"desktop":{"background-color":"var(--ast-global-color-4)","background-image":"","background-repeat":"repeat","background-position":"center center","background-size":"auto","background-attachment":"scroll","background-type":"","background-media":"","overlay-type":"","overlay-color":"","overlay-opacity":"","overlay-gradient":""},"tablet":{"background-color":"","background-image":"","background-repeat":"repeat","background-position":"center center","background-size":"auto","background-attachment":"scroll","background-type":"","background-media":"","overlay-type":"","overlay-color":"","overlay-opacity":"","overlay-gradient":""},"mobile":{"background-color":"","background-image":"","background-repeat":"repeat","background-position":"center center","background-size":"auto","background-attachment":"scroll","background-type":"","background-media":"","overlay-type":"","overlay-color":"","overlay-opacity":"","overlay-gradient":""}},"ast-content-background-meta":{"desktop":{"background-color":"var(--ast-global-color-5)","background-image":"","background-repeat":"repeat","background-position":"center center","background-size":"auto","background-attachment":"scroll","background-type":"","background-media":"","overlay-type":"","overlay-color":"","overlay-opacity":"","overlay-gradient":""},"tablet":{"background-color":"var(--ast-global-color-5)","background-image":"","background-repeat":"repeat","background-position":"center center","background-size":"auto","background-attachment":"scroll","background-type":"","background-media":"","overlay-type":"","overlay-color":"","overlay-opacity":"","overlay-gradient":""},"mobile":{"background-color":"var(--ast-global-color-5)","background-image":"","background-repeat":"repeat","background-position":"center center","background-size":"auto","background-attachment":"scroll","background-type":"","background-media":"","overlay-type":"","overlay-color":"","overlay-opacity":"","overlay-gradient":""}}},"product_brand":[],"product_cat":[15],"product_tag":[],"class_list":{"0":"post-1974","1":"product","2":"type-product","3":"status-publish","4":"has-post-thumbnail","6":"product_cat-uncategorized","7":"desktop-align-left","8":"tablet-align-left","9":"mobile-align-left","11":"first","12":"instock","13":"sale","14":"taxable","15":"shipping-taxable","16":"purchasable","17":"product-type-simple"},"yoast_head":"<!-- This site is optimized with the Yoast SEO plugin v27.5 - https:\/\/yoast.com\/product\/yoast-seo-wordpress\/ -->\n<title>Diadema Gamer  Ps4\/ Xbox\/ Andorid\/ Pc Gh01  Jyr 059-mv - Giftronic.04<\/title>\n<meta name=\"robots\" content=\"index, follow, max-snippet:-1, max-image-preview:large, max-video-preview:-1\" \/>\n<link rel=\"canonical\" href=\"https:\/\/giftronic04.com\/index.php\/product\/diadema-gamer-ps4-xbox-andorid-pc-gh01-jyr-059-mv\/\" \/>\n<meta property=\"og:locale\" content=\"es_ES\" \/>\n<meta property=\"og:type\" content=\"article\" \/>\n<meta property=\"og:title\" content=\"Diadema Gamer  Ps4\/ Xbox\/ Andorid\/ Pc Gh01  Jyr 059-mv - Giftronic.04\" \/>\n<meta property=\"og:description\" content=\"FICHA T\u00c9CNICA: Tama\u00f1o de bocina: 50mm Frecuencia de bocina: 20Hz-20.000Hz Impedancia de bocina: 32Ohm Sensibilidad (decibeles): 120dB Frecuencia de micr\u00f3fono: 2200Ohm Tipo de Conexi\u00f3n: Plug 3.5 y USB (Para alimentaci\u00f3n LED) Longitud de cable: 2,4m Caracter\u00edsticas: Auriculares con sonido est\u00e9reo de alta calidad. Almohadillas micro-perforadas para un uso c\u00f3modo y mayor duraci\u00f3n Banda Superior altamente [&hellip;]\" \/>\n<meta property=\"og:url\" content=\"https:\/\/giftronic04.com\/index.php\/product\/diadema-gamer-ps4-xbox-andorid-pc-gh01-jyr-059-mv\/\" \/>\n<meta property=\"og:site_name\" content=\"Giftronic.04\" \/>\n<meta property=\"og:image\" content=\"https:\/\/giftronic04.com\/wp-content\/uploads\/2021\/09\/059-MV-0.jpg\" \/>\n\t<meta property=\"og:image:width\" content=\"1000\" \/>\n\t<meta property=\"og:image:height\" content=\"1000\" \/>\n\t<meta property=\"og:image:type\" content=\"image\/jpeg\" \/>\n<meta name=\"twitter:card\" content=\"summary_large_image\" \/>\n<meta name=\"twitter:label1\" content=\"Tiempo de lectura\" \/>\n\t<meta name=\"twitter:data1\" content=\"1 minuto\" \/>\n<script type=\"application\/ld+json\" class=\"yoast-schema-graph\">{\"@context\":\"https:\\\/\\\/schema.org\",\"@graph\":[{\"@type\":\"WebPage\",\"@id\":\"https:\\\/\\\/giftronic04.com\\\/index.php\\\/product\\\/diadema-gamer-ps4-xbox-andorid-pc-gh01-jyr-059-mv\\\/\",\"url\":\"https:\\\/\\\/giftronic04.com\\\/index.php\\\/product\\\/diadema-gamer-ps4-xbox-andorid-pc-gh01-jyr-059-mv\\\/\",\"name\":\"Diadema Gamer Ps4\\\/ Xbox\\\/ Andorid\\\/ Pc Gh01 Jyr 059-mv - Giftronic.04\",\"isPartOf\":{\"@id\":\"https:\\\/\\\/giftronic04.com\\\/#website\"},\"primaryImageOfPage\":{\"@id\":\"https:\\\/\\\/giftronic04.com\\\/index.php\\\/product\\\/diadema-gamer-ps4-xbox-andorid-pc-gh01-jyr-059-mv\\\/#primaryimage\"},\"image\":{\"@id\":\"https:\\\/\\\/giftronic04.com\\\/index.php\\\/product\\\/diadema-gamer-ps4-xbox-andorid-pc-gh01-jyr-059-mv\\\/#primaryimage\"},\"thumbnailUrl\":\"https:\\\/\\\/giftronic04.com\\\/wp-content\\\/uploads\\\/2021\\\/09\\\/059-MV-0.jpg\",\"datePublished\":\"2021-09-11T19:40:31+00:00\",\"breadcrumb\":{\"@id\":\"https:\\\/\\\/giftronic04.com\\\/index.php\\\/product\\\/diadema-gamer-ps4-xbox-andorid-pc-gh01-jyr-059-mv\\\/#breadcrumb\"},\"inLanguage\":\"es\",\"potentialAction\":[{\"@type\":\"ReadAction\",\"target\":[\"https:\\\/\\\/giftronic04.com\\\/index.php\\\/product\\\/diadema-gamer-ps4-xbox-andorid-pc-gh01-jyr-059-mv\\\/\"]}]},{\"@type\":\"ImageObject\",\"inLanguage\":\"es\",\"@id\":\"https:\\\/\\\/giftronic04.com\\\/index.php\\\/product\\\/diadema-gamer-ps4-xbox-andorid-pc-gh01-jyr-059-mv\\\/#primaryimage\",\"url\":\"https:\\\/\\\/giftronic04.com\\\/wp-content\\\/uploads\\\/2021\\\/09\\\/059-MV-0.jpg\",\"contentUrl\":\"https:\\\/\\\/giftronic04.com\\\/wp-content\\\/uploads\\\/2021\\\/09\\\/059-MV-0.jpg\",\"width\":1000,\"height\":1000},{\"@type\":\"BreadcrumbList\",\"@id\":\"https:\\\/\\\/giftronic04.com\\\/index.php\\\/product\\\/diadema-gamer-ps4-xbox-andorid-pc-gh01-jyr-059-mv\\\/#breadcrumb\",\"itemListElement\":[{\"@type\":\"ListItem\",\"position\":1,\"name\":\"Portada\",\"item\":\"https:\\\/\\\/giftronic04.com\\\/\"},{\"@type\":\"ListItem\",\"position\":2,\"name\":\"Tienda\",\"item\":\"https:\\\/\\\/giftronic04.com\\\/index.php\\\/shop\\\/\"},{\"@type\":\"ListItem\",\"position\":3,\"name\":\"Diadema Gamer Ps4\\\/ Xbox\\\/ Andorid\\\/ Pc Gh01 Jyr 059-mv\"}]},{\"@type\":\"WebSite\",\"@id\":\"https:\\\/\\\/giftronic04.com\\\/#website\",\"url\":\"https:\\\/\\\/giftronic04.com\\\/\",\"name\":\"Giftronic.04\",\"description\":\"Venta de equipos tecnologicos\",\"publisher\":{\"@id\":\"https:\\\/\\\/giftronic04.com\\\/#organization\"},\"potentialAction\":[{\"@type\":\"SearchAction\",\"target\":{\"@type\":\"EntryPoint\",\"urlTemplate\":\"https:\\\/\\\/giftronic04.com\\\/?s={search_term_string}\"},\"query-input\":{\"@type\":\"PropertyValueSpecification\",\"valueRequired\":true,\"valueName\":\"search_term_string\"}}],\"inLanguage\":\"es\"},{\"@type\":\"Organization\",\"@id\":\"https:\\\/\\\/giftronic04.com\\\/#organization\",\"name\":\"giftronic04\",\"url\":\"https:\\\/\\\/giftronic04.com\\\/\",\"logo\":{\"@type\":\"ImageObject\",\"inLanguage\":\"es\",\"@id\":\"https:\\\/\\\/giftronic04.com\\\/#\\\/schema\\\/logo\\\/image\\\/\",\"url\":\"https:\\\/\\\/giftronic04.com\\\/wp-content\\\/uploads\\\/2021\\\/08\\\/logo.png\",\"contentUrl\":\"https:\\\/\\\/giftronic04.com\\\/wp-content\\\/uploads\\\/2021\\\/08\\\/logo.png\",\"width\":6640,\"height\":2192,\"caption\":\"giftronic04\"},\"image\":{\"@id\":\"https:\\\/\\\/giftronic04.com\\\/#\\\/schema\\\/logo\\\/image\\\/\"},\"sameAs\":[\"https:\\\/\\\/www.instagram.com\\\/giftronic.04\\\/\"]}]}<\/script>\n<!-- \/ Yoast SEO plugin. -->","yoast_head_json":{"title":"Diadema Gamer  Ps4\/ Xbox\/ Andorid\/ Pc Gh01  Jyr 059-mv - Giftronic.04","robots":{"index":"index","follow":"follow","max-snippet":"max-snippet:-1","max-image-preview":"max-image-preview:large","max-video-preview":"max-video-preview:-1"},"canonical":"https:\/\/giftronic04.com\/index.php\/product\/diadema-gamer-ps4-xbox-andorid-pc-gh01-jyr-059-mv\/","og_locale":"es_ES","og_type":"article","og_title":"Diadema Gamer  Ps4\/ Xbox\/ Andorid\/ Pc Gh01  Jyr 059-mv - Giftronic.04","og_description":"FICHA T\u00c9CNICA: Tama\u00f1o de bocina: 50mm Frecuencia de bocina: 20Hz-20.000Hz Impedancia de bocina: 32Ohm Sensibilidad (decibeles): 120dB Frecuencia de micr\u00f3fono: 2200Ohm Tipo de Conexi\u00f3n: Plug 3.5 y USB (Para alimentaci\u00f3n LED) Longitud de cable: 2,4m Caracter\u00edsticas: Auriculares con sonido est\u00e9reo de alta calidad. Almohadillas micro-perforadas para un uso c\u00f3modo y mayor duraci\u00f3n Banda Superior altamente [&hellip;]","og_url":"https:\/\/giftronic04.com\/index.php\/product\/diadema-gamer-ps4-xbox-andorid-pc-gh01-jyr-059-mv\/","og_site_name":"Giftronic.04","og_image":[{"width":1000,"height":1000,"url":"https:\/\/giftronic04.com\/wp-content\/uploads\/2021\/09\/059-MV-0.jpg","type":"image\/jpeg"}],"twitter_card":"summary_large_image","twitter_misc":{"Tiempo de lectura":"1 minuto"},"schema":{"@context":"https:\/\/schema.org","@graph":[{"@type":"WebPage","@id":"https:\/\/giftronic04.com\/index.php\/product\/diadema-gamer-ps4-xbox-andorid-pc-gh01-jyr-059-mv\/","url":"https:\/\/giftronic04.com\/index.php\/product\/diadema-gamer-ps4-xbox-andorid-pc-gh01-jyr-059-mv\/","name":"Diadema Gamer Ps4\/ Xbox\/ Andorid\/ Pc Gh01 Jyr 059-mv - Giftronic.04","isPartOf":{"@id":"https:\/\/giftronic04.com\/#website"},"primaryImageOfPage":{"@id":"https:\/\/giftronic04.com\/index.php\/product\/diadema-gamer-ps4-xbox-andorid-pc-gh01-jyr-059-mv\/#primaryimage"},"image":{"@id":"https:\/\/giftronic04.com\/index.php\/product\/diadema-gamer-ps4-xbox-andorid-pc-gh01-jyr-059-mv\/#primaryimage"},"thumbnailUrl":"https:\/\/giftronic04.com\/wp-content\/uploads\/2021\/09\/059-MV-0.jpg","datePublished":"2021-09-11T19:40:31+00:00","breadcrumb":{"@id":"https:\/\/giftronic04.com\/index.php\/product\/diadema-gamer-ps4-xbox-andorid-pc-gh01-jyr-059-mv\/#breadcrumb"},"inLanguage":"es","potentialAction":[{"@type":"ReadAction","target":["https:\/\/giftronic04.com\/index.php\/product\/diadema-gamer-ps4-xbox-andorid-pc-gh01-jyr-059-mv\/"]}]},{"@type":"ImageObject","inLanguage":"es","@id":"https:\/\/giftronic04.com\/index.php\/product\/diadema-gamer-ps4-xbox-andorid-pc-gh01-jyr-059-mv\/#primaryimage","url":"https:\/\/giftronic04.com\/wp-content\/uploads\/2021\/09\/059-MV-0.jpg","contentUrl":"https:\/\/giftronic04.com\/wp-content\/uploads\/2021\/09\/059-MV-0.jpg","width":1000,"height":1000},{"@type":"BreadcrumbList","@id":"https:\/\/giftronic04.com\/index.php\/product\/diadema-gamer-ps4-xbox-andorid-pc-gh01-jyr-059-mv\/#breadcrumb","itemListElement":[{"@type":"ListItem","position":1,"name":"Portada","item":"https:\/\/giftronic04.com\/"},{"@type":"ListItem","position":2,"name":"Tienda","item":"https:\/\/giftronic04.com\/index.php\/shop\/"},{"@type":"ListItem","position":3,"name":"Diadema Gamer Ps4\/ Xbox\/ Andorid\/ Pc Gh01 Jyr 059-mv"}]},{"@type":"WebSite","@id":"https:\/\/giftronic04.com\/#website","url":"https:\/\/giftronic04.com\/","name":"Giftronic.04","description":"Venta de equipos tecnologicos","publisher":{"@id":"https:\/\/giftronic04.com\/#organization"},"potentialAction":[{"@type":"SearchAction","target":{"@type":"EntryPoint","urlTemplate":"https:\/\/giftronic04.com\/?s={search_term_string}"},"query-input":{"@type":"PropertyValueSpecification","valueRequired":true,"valueName":"search_term_string"}}],"inLanguage":"es"},{"@type":"Organization","@id":"https:\/\/giftronic04.com\/#organization","name":"giftronic04","url":"https:\/\/giftronic04.com\/","logo":{"@type":"ImageObject","inLanguage":"es","@id":"https:\/\/giftronic04.com\/#\/schema\/logo\/image\/","url":"https:\/\/giftronic04.com\/wp-content\/uploads\/2021\/08\/logo.png","contentUrl":"https:\/\/giftronic04.com\/wp-content\/uploads\/2021\/08\/logo.png","width":6640,"height":2192,"caption":"giftronic04"},"image":{"@id":"https:\/\/giftronic04.com\/#\/schema\/logo\/image\/"},"sameAs":["https:\/\/www.instagram.com\/giftronic.04\/"]}]}},"jetpack_sharing_enabled":true,"_links":{"self":[{"href":"https:\/\/giftronic04.com\/index.php\/wp-json\/wp\/v2\/product\/1974","targetHints":{"allow":["GET"]}}],"collection":[{"href":"https:\/\/giftronic04.com\/index.php\/wp-json\/wp\/v2\/product"}],"about":[{"href":"https:\/\/giftronic04.com\/index.php\/wp-json\/wp\/v2\/types\/product"}],"replies":[{"embeddable":true,"href":"https:\/\/giftronic04.com\/index.php\/wp-json\/wp\/v2\/comments?post=1974"}],"wp:featuredmedia":[{"embeddable":true,"href":"https:\/\/giftronic04.com\/index.php\/wp-json\/wp\/v2\/media\/1975"}],"wp:attachment":[{"href":"https:\/\/giftronic04.com\/index.php\/wp-json\/wp\/v2\/media?parent=1974"}],"wp:term":[{"taxonomy":"product_brand","embeddable":true,"href":"https:\/\/giftronic04.com\/index.php\/wp-json\/wp\/v2\/product_brand?post=1974"},{"taxonomy":"product_cat","embeddable":true,"href":"https:\/\/giftronic04.com\/index.php\/wp-json\/wp\/v2\/product_cat?post=1974"},{"taxonomy":"product_tag","embeddable":true,"href":"https:\/\/giftronic04.com\/index.php\/wp-json\/wp\/v2\/product_tag?post=1974"}],"curies":[{"name":"wp","href":"https:\/\/api.w.org\/{rel}","templated":true}]}}