{"id":2492,"date":"2022-04-26T10:44:56","date_gmt":"2022-04-26T15:44:56","guid":{"rendered":"https:\/\/giftronic04.com\/?post_type=product&#038;p=2492"},"modified":"2024-03-17T15:31:23","modified_gmt":"2024-03-17T20:31:23","slug":"parlante-j5225-professional-rgb","status":"publish","type":"product","link":"https:\/\/giftronic04.com\/index.php\/product\/parlante-j5225-professional-rgb\/","title":{"rendered":"PARLANTE J5225 PROFESSIONAL RGB"},"content":{"rendered":"<p><span>PARLANTE JYR J5225<\/span><\/p>\n<p><span>DESCRIPCION:<\/span><br \/>\n<span>Conexi\u00f3n bluetooth: Versi\u00f3n 5.0<\/span><br \/>\n<span>Tama\u00f1o altavoz: 3\u201d*2<\/span><br \/>\n<span>Potencia de salida: 10W<\/span><br \/>\n<span>Respuesta de frecuencia: 100Hz \u2013 20KHz<\/span><br \/>\n<span>Relaci\u00f3n se\u00f1al \u2013 ruido: &gt;= 85Db<\/span><br \/>\n<span>FM Scan: 87.5-108.0MHz<\/span><br \/>\n<span>Carga USB: DC5V<\/span><br \/>\n<span>Capacidad de la bater\u00eda: 1200MAh<\/span><br \/>\n<span>Soporte m\u00e1ximo de memoria (USB \/ TF): 32GB<\/span><br \/>\n<span>Tiempo de reproducci\u00f3n: Hasta 2 horas al 75% del volumen<\/span><br \/>\n<span>Tiempo de carga: 2 -3 horas<\/span><br \/>\n<span>Conexi\u00f3n para micr\u00f3fono (no incluye micr\u00f3fono)<\/span><br \/>\n<span>Holder para celular<\/span><\/p>\n","protected":false},"excerpt":{"rendered":"<p>PARLANTE JYR J5225 DESCRIPCION: Conexi\u00f3n bluetooth: Versi\u00f3n 5.0 Tama\u00f1o altavoz: 3\u201d*2 Potencia de salida: 10W Respuesta de frecuencia: 100Hz \u2013 20KHz Relaci\u00f3n se\u00f1al \u2013 ruido: &gt;= 85Db FM Scan: 87.5-108.0MHz Carga USB: DC5V Capacidad de la bater\u00eda: 1200MAh Soporte m\u00e1ximo de memoria (USB \/ TF): 32GB Tiempo de reproducci\u00f3n: Hasta 2 horas al 75% del [&hellip;]<\/p>\n","protected":false},"featured_media":2497,"comment_status":"open","ping_status":"closed","template":"","meta":{"_surecart_dashboard_logo_width":"180px","_surecart_dashboard_show_logo":true,"_surecart_dashboard_navigation_orders":true,"_surecart_dashboard_navigation_invoices":true,"_surecart_dashboard_navigation_subscriptions":true,"_surecart_dashboard_navigation_downloads":true,"_surecart_dashboard_navigation_billing":true,"_surecart_dashboard_navigation_account":true,"site-sidebar-layout":"default","site-content-layout":"","ast-site-content-layout":"default","site-content-style":"default","site-sidebar-style":"default","ast-global-header-display":"","ast-banner-title-visibility":"","ast-main-header-display":"","ast-hfb-above-header-display":"","ast-hfb-below-header-display":"","ast-hfb-mobile-header-display":"","site-post-title":"","ast-breadcrumbs-content":"","ast-featured-img":"","footer-sml-layout":"","ast-disable-related-posts":"","theme-transparent-header-meta":"","adv-header-id-meta":"","stick-header-meta":"","header-above-stick-meta":"","header-main-stick-meta":"","header-below-stick-meta":"","astra-migrate-meta-layouts":"default","ast-page-background-enabled":"default","ast-page-background-meta":{"desktop":{"background-color":"var(--ast-global-color-4)","background-image":"","background-repeat":"repeat","background-position":"center center","background-size":"auto","background-attachment":"scroll","background-type":"","background-media":"","overlay-type":"","overlay-color":"","overlay-opacity":"","overlay-gradient":""},"tablet":{"background-color":"","background-image":"","background-repeat":"repeat","background-position":"center center","background-size":"auto","background-attachment":"scroll","background-type":"","background-media":"","overlay-type":"","overlay-color":"","overlay-opacity":"","overlay-gradient":""},"mobile":{"background-color":"","background-image":"","background-repeat":"repeat","background-position":"center center","background-size":"auto","background-attachment":"scroll","background-type":"","background-media":"","overlay-type":"","overlay-color":"","overlay-opacity":"","overlay-gradient":""}},"ast-content-background-meta":{"desktop":{"background-color":"var(--ast-global-color-5)","background-image":"","background-repeat":"repeat","background-position":"center center","background-size":"auto","background-attachment":"scroll","background-type":"","background-media":"","overlay-type":"","overlay-color":"","overlay-opacity":"","overlay-gradient":""},"tablet":{"background-color":"var(--ast-global-color-5)","background-image":"","background-repeat":"repeat","background-position":"center center","background-size":"auto","background-attachment":"scroll","background-type":"","background-media":"","overlay-type":"","overlay-color":"","overlay-opacity":"","overlay-gradient":""},"mobile":{"background-color":"var(--ast-global-color-5)","background-image":"","background-repeat":"repeat","background-position":"center center","background-size":"auto","background-attachment":"scroll","background-type":"","background-media":"","overlay-type":"","overlay-color":"","overlay-opacity":"","overlay-gradient":""}}},"product_brand":[],"product_cat":[40,23,53],"product_tag":[],"class_list":{"0":"post-2492","1":"product","2":"type-product","3":"status-publish","4":"has-post-thumbnail","6":"product_cat-audio","7":"product_cat-audio-y-video","8":"product_cat-parlantes","9":"desktop-align-left","10":"tablet-align-left","11":"mobile-align-left","13":"first","14":"instock","15":"sale","16":"taxable","17":"shipping-taxable","18":"purchasable","19":"product-type-simple"},"yoast_head":"<!-- This site is optimized with the Yoast SEO plugin v27.4 - https:\/\/yoast.com\/product\/yoast-seo-wordpress\/ -->\n<title>PARLANTE J5225 PROFESSIONAL RGB - Giftronic.04<\/title>\n<meta name=\"robots\" content=\"index, follow, max-snippet:-1, max-image-preview:large, max-video-preview:-1\" \/>\n<link rel=\"canonical\" href=\"https:\/\/giftronic04.com\/index.php\/product\/parlante-j5225-professional-rgb\/\" \/>\n<meta property=\"og:locale\" content=\"es_ES\" \/>\n<meta property=\"og:type\" content=\"article\" \/>\n<meta property=\"og:title\" content=\"PARLANTE J5225 PROFESSIONAL RGB - Giftronic.04\" \/>\n<meta property=\"og:description\" content=\"PARLANTE JYR J5225 DESCRIPCION: Conexi\u00f3n bluetooth: Versi\u00f3n 5.0 Tama\u00f1o altavoz: 3\u201d*2 Potencia de salida: 10W Respuesta de frecuencia: 100Hz \u2013 20KHz Relaci\u00f3n se\u00f1al \u2013 ruido: &gt;= 85Db FM Scan: 87.5-108.0MHz Carga USB: DC5V Capacidad de la bater\u00eda: 1200MAh Soporte m\u00e1ximo de memoria (USB \/ TF): 32GB Tiempo de reproducci\u00f3n: Hasta 2 horas al 75% del [&hellip;]\" \/>\n<meta property=\"og:url\" content=\"https:\/\/giftronic04.com\/index.php\/product\/parlante-j5225-professional-rgb\/\" \/>\n<meta property=\"og:site_name\" content=\"Giftronic.04\" \/>\n<meta property=\"article:modified_time\" content=\"2024-03-17T20:31:23+00:00\" \/>\n<meta property=\"og:image\" content=\"https:\/\/giftronic04.com\/wp-content\/uploads\/2022\/04\/parlante5225.png\" \/>\n\t<meta property=\"og:image:width\" content=\"862\" \/>\n\t<meta property=\"og:image:height\" content=\"862\" \/>\n\t<meta property=\"og:image:type\" content=\"image\/png\" \/>\n<meta name=\"twitter:card\" content=\"summary_large_image\" \/>\n<meta name=\"twitter:label1\" content=\"Tiempo de lectura\" \/>\n\t<meta name=\"twitter:data1\" content=\"1 minuto\" \/>\n<script type=\"application\/ld+json\" class=\"yoast-schema-graph\">{\"@context\":\"https:\\\/\\\/schema.org\",\"@graph\":[{\"@type\":\"WebPage\",\"@id\":\"https:\\\/\\\/giftronic04.com\\\/index.php\\\/product\\\/parlante-j5225-professional-rgb\\\/\",\"url\":\"https:\\\/\\\/giftronic04.com\\\/index.php\\\/product\\\/parlante-j5225-professional-rgb\\\/\",\"name\":\"PARLANTE J5225 PROFESSIONAL RGB - Giftronic.04\",\"isPartOf\":{\"@id\":\"https:\\\/\\\/giftronic04.com\\\/#website\"},\"primaryImageOfPage\":{\"@id\":\"https:\\\/\\\/giftronic04.com\\\/index.php\\\/product\\\/parlante-j5225-professional-rgb\\\/#primaryimage\"},\"image\":{\"@id\":\"https:\\\/\\\/giftronic04.com\\\/index.php\\\/product\\\/parlante-j5225-professional-rgb\\\/#primaryimage\"},\"thumbnailUrl\":\"https:\\\/\\\/giftronic04.com\\\/wp-content\\\/uploads\\\/2022\\\/04\\\/parlante5225.png\",\"datePublished\":\"2022-04-26T15:44:56+00:00\",\"dateModified\":\"2024-03-17T20:31:23+00:00\",\"breadcrumb\":{\"@id\":\"https:\\\/\\\/giftronic04.com\\\/index.php\\\/product\\\/parlante-j5225-professional-rgb\\\/#breadcrumb\"},\"inLanguage\":\"es\",\"potentialAction\":[{\"@type\":\"ReadAction\",\"target\":[\"https:\\\/\\\/giftronic04.com\\\/index.php\\\/product\\\/parlante-j5225-professional-rgb\\\/\"]}]},{\"@type\":\"ImageObject\",\"inLanguage\":\"es\",\"@id\":\"https:\\\/\\\/giftronic04.com\\\/index.php\\\/product\\\/parlante-j5225-professional-rgb\\\/#primaryimage\",\"url\":\"https:\\\/\\\/giftronic04.com\\\/wp-content\\\/uploads\\\/2022\\\/04\\\/parlante5225.png\",\"contentUrl\":\"https:\\\/\\\/giftronic04.com\\\/wp-content\\\/uploads\\\/2022\\\/04\\\/parlante5225.png\",\"width\":862,\"height\":862},{\"@type\":\"BreadcrumbList\",\"@id\":\"https:\\\/\\\/giftronic04.com\\\/index.php\\\/product\\\/parlante-j5225-professional-rgb\\\/#breadcrumb\",\"itemListElement\":[{\"@type\":\"ListItem\",\"position\":1,\"name\":\"Portada\",\"item\":\"https:\\\/\\\/giftronic04.com\\\/\"},{\"@type\":\"ListItem\",\"position\":2,\"name\":\"Tienda\",\"item\":\"https:\\\/\\\/giftronic04.com\\\/index.php\\\/shop\\\/\"},{\"@type\":\"ListItem\",\"position\":3,\"name\":\"PARLANTE J5225 PROFESSIONAL RGB\"}]},{\"@type\":\"WebSite\",\"@id\":\"https:\\\/\\\/giftronic04.com\\\/#website\",\"url\":\"https:\\\/\\\/giftronic04.com\\\/\",\"name\":\"Giftronic.04\",\"description\":\"Venta de equipos tecnologicos\",\"publisher\":{\"@id\":\"https:\\\/\\\/giftronic04.com\\\/#organization\"},\"potentialAction\":[{\"@type\":\"SearchAction\",\"target\":{\"@type\":\"EntryPoint\",\"urlTemplate\":\"https:\\\/\\\/giftronic04.com\\\/?s={search_term_string}\"},\"query-input\":{\"@type\":\"PropertyValueSpecification\",\"valueRequired\":true,\"valueName\":\"search_term_string\"}}],\"inLanguage\":\"es\"},{\"@type\":\"Organization\",\"@id\":\"https:\\\/\\\/giftronic04.com\\\/#organization\",\"name\":\"giftronic04\",\"url\":\"https:\\\/\\\/giftronic04.com\\\/\",\"logo\":{\"@type\":\"ImageObject\",\"inLanguage\":\"es\",\"@id\":\"https:\\\/\\\/giftronic04.com\\\/#\\\/schema\\\/logo\\\/image\\\/\",\"url\":\"https:\\\/\\\/giftronic04.com\\\/wp-content\\\/uploads\\\/2021\\\/08\\\/logo.png\",\"contentUrl\":\"https:\\\/\\\/giftronic04.com\\\/wp-content\\\/uploads\\\/2021\\\/08\\\/logo.png\",\"width\":6640,\"height\":2192,\"caption\":\"giftronic04\"},\"image\":{\"@id\":\"https:\\\/\\\/giftronic04.com\\\/#\\\/schema\\\/logo\\\/image\\\/\"},\"sameAs\":[\"https:\\\/\\\/www.instagram.com\\\/giftronic.04\\\/\"]}]}<\/script>\n<!-- \/ Yoast SEO plugin. -->","yoast_head_json":{"title":"PARLANTE J5225 PROFESSIONAL RGB - Giftronic.04","robots":{"index":"index","follow":"follow","max-snippet":"max-snippet:-1","max-image-preview":"max-image-preview:large","max-video-preview":"max-video-preview:-1"},"canonical":"https:\/\/giftronic04.com\/index.php\/product\/parlante-j5225-professional-rgb\/","og_locale":"es_ES","og_type":"article","og_title":"PARLANTE J5225 PROFESSIONAL RGB - Giftronic.04","og_description":"PARLANTE JYR J5225 DESCRIPCION: Conexi\u00f3n bluetooth: Versi\u00f3n 5.0 Tama\u00f1o altavoz: 3\u201d*2 Potencia de salida: 10W Respuesta de frecuencia: 100Hz \u2013 20KHz Relaci\u00f3n se\u00f1al \u2013 ruido: &gt;= 85Db FM Scan: 87.5-108.0MHz Carga USB: DC5V Capacidad de la bater\u00eda: 1200MAh Soporte m\u00e1ximo de memoria (USB \/ TF): 32GB Tiempo de reproducci\u00f3n: Hasta 2 horas al 75% del [&hellip;]","og_url":"https:\/\/giftronic04.com\/index.php\/product\/parlante-j5225-professional-rgb\/","og_site_name":"Giftronic.04","article_modified_time":"2024-03-17T20:31:23+00:00","og_image":[{"width":862,"height":862,"url":"https:\/\/giftronic04.com\/wp-content\/uploads\/2022\/04\/parlante5225.png","type":"image\/png"}],"twitter_card":"summary_large_image","twitter_misc":{"Tiempo de lectura":"1 minuto"},"schema":{"@context":"https:\/\/schema.org","@graph":[{"@type":"WebPage","@id":"https:\/\/giftronic04.com\/index.php\/product\/parlante-j5225-professional-rgb\/","url":"https:\/\/giftronic04.com\/index.php\/product\/parlante-j5225-professional-rgb\/","name":"PARLANTE J5225 PROFESSIONAL RGB - Giftronic.04","isPartOf":{"@id":"https:\/\/giftronic04.com\/#website"},"primaryImageOfPage":{"@id":"https:\/\/giftronic04.com\/index.php\/product\/parlante-j5225-professional-rgb\/#primaryimage"},"image":{"@id":"https:\/\/giftronic04.com\/index.php\/product\/parlante-j5225-professional-rgb\/#primaryimage"},"thumbnailUrl":"https:\/\/giftronic04.com\/wp-content\/uploads\/2022\/04\/parlante5225.png","datePublished":"2022-04-26T15:44:56+00:00","dateModified":"2024-03-17T20:31:23+00:00","breadcrumb":{"@id":"https:\/\/giftronic04.com\/index.php\/product\/parlante-j5225-professional-rgb\/#breadcrumb"},"inLanguage":"es","potentialAction":[{"@type":"ReadAction","target":["https:\/\/giftronic04.com\/index.php\/product\/parlante-j5225-professional-rgb\/"]}]},{"@type":"ImageObject","inLanguage":"es","@id":"https:\/\/giftronic04.com\/index.php\/product\/parlante-j5225-professional-rgb\/#primaryimage","url":"https:\/\/giftronic04.com\/wp-content\/uploads\/2022\/04\/parlante5225.png","contentUrl":"https:\/\/giftronic04.com\/wp-content\/uploads\/2022\/04\/parlante5225.png","width":862,"height":862},{"@type":"BreadcrumbList","@id":"https:\/\/giftronic04.com\/index.php\/product\/parlante-j5225-professional-rgb\/#breadcrumb","itemListElement":[{"@type":"ListItem","position":1,"name":"Portada","item":"https:\/\/giftronic04.com\/"},{"@type":"ListItem","position":2,"name":"Tienda","item":"https:\/\/giftronic04.com\/index.php\/shop\/"},{"@type":"ListItem","position":3,"name":"PARLANTE J5225 PROFESSIONAL RGB"}]},{"@type":"WebSite","@id":"https:\/\/giftronic04.com\/#website","url":"https:\/\/giftronic04.com\/","name":"Giftronic.04","description":"Venta de equipos tecnologicos","publisher":{"@id":"https:\/\/giftronic04.com\/#organization"},"potentialAction":[{"@type":"SearchAction","target":{"@type":"EntryPoint","urlTemplate":"https:\/\/giftronic04.com\/?s={search_term_string}"},"query-input":{"@type":"PropertyValueSpecification","valueRequired":true,"valueName":"search_term_string"}}],"inLanguage":"es"},{"@type":"Organization","@id":"https:\/\/giftronic04.com\/#organization","name":"giftronic04","url":"https:\/\/giftronic04.com\/","logo":{"@type":"ImageObject","inLanguage":"es","@id":"https:\/\/giftronic04.com\/#\/schema\/logo\/image\/","url":"https:\/\/giftronic04.com\/wp-content\/uploads\/2021\/08\/logo.png","contentUrl":"https:\/\/giftronic04.com\/wp-content\/uploads\/2021\/08\/logo.png","width":6640,"height":2192,"caption":"giftronic04"},"image":{"@id":"https:\/\/giftronic04.com\/#\/schema\/logo\/image\/"},"sameAs":["https:\/\/www.instagram.com\/giftronic.04\/"]}]}},"jetpack_sharing_enabled":true,"_links":{"self":[{"href":"https:\/\/giftronic04.com\/index.php\/wp-json\/wp\/v2\/product\/2492","targetHints":{"allow":["GET"]}}],"collection":[{"href":"https:\/\/giftronic04.com\/index.php\/wp-json\/wp\/v2\/product"}],"about":[{"href":"https:\/\/giftronic04.com\/index.php\/wp-json\/wp\/v2\/types\/product"}],"replies":[{"embeddable":true,"href":"https:\/\/giftronic04.com\/index.php\/wp-json\/wp\/v2\/comments?post=2492"}],"wp:featuredmedia":[{"embeddable":true,"href":"https:\/\/giftronic04.com\/index.php\/wp-json\/wp\/v2\/media\/2497"}],"wp:attachment":[{"href":"https:\/\/giftronic04.com\/index.php\/wp-json\/wp\/v2\/media?parent=2492"}],"wp:term":[{"taxonomy":"product_brand","embeddable":true,"href":"https:\/\/giftronic04.com\/index.php\/wp-json\/wp\/v2\/product_brand?post=2492"},{"taxonomy":"product_cat","embeddable":true,"href":"https:\/\/giftronic04.com\/index.php\/wp-json\/wp\/v2\/product_cat?post=2492"},{"taxonomy":"product_tag","embeddable":true,"href":"https:\/\/giftronic04.com\/index.php\/wp-json\/wp\/v2\/product_tag?post=2492"}],"curies":[{"name":"wp","href":"https:\/\/api.w.org\/{rel}","templated":true}]}}