{"id":2898,"date":"2022-07-22T09:35:38","date_gmt":"2022-07-22T14:35:38","guid":{"rendered":"https:\/\/giftronic04.com\/?post_type=product&#038;p=2898"},"modified":"2024-02-29T12:13:35","modified_gmt":"2024-02-29T17:13:35","slug":"computador-portatil-acer-14-pulgadas-amd-ryzen5-ram-8gb-disco-ssd-256gb-plateado","status":"publish","type":"product","link":"https:\/\/giftronic04.com\/index.php\/product\/computador-portatil-acer-14-pulgadas-amd-ryzen5-ram-8gb-disco-ssd-256gb-plateado\/","title":{"rendered":"Computador Port\u00e1til ACER 14&#8243; Pulgadas AMD Ryzen5 &#8211; RAM 8GB &#8211; Disco SSD 256GB &#8211; Plateado"},"content":{"rendered":"<p>Especificaciones T\u00e9cnicas<\/p>\n<p>L\u00ednea Modelo Referencia\u00a0 A314-22-R74B<\/p>\n<p>Memoria RAM\u00a0\u00a0\u00a0\u00a0\u00a0\u00a0\u00a0\u00a0\u00a0 8 GB DDR4<\/p>\n<p>Tipos de Discos que Incluye\u00a0\u00a0\u00a0\u00a0\u00a0\u00a0\u00a0 Disco Estado Solido (SSD)<\/p>\n<p>Disco Solido 256\u00a0 GB<\/p>\n<p>Marca del Procesador\u00a0\u00a0\u00a0\u00a0\u00a0\u00a0\u00a0 AMD<\/p>\n<p>Modelo del Procesador\u00a0\u00a0\u00a0\u00a0\u00a0 AMD R5 &#8211; 3500U<\/p>\n<p>Marca Tarjeta de Video\/Grafica\u00a0\u00a0 No Tiene Tarjeta Video\/Grafica Independiente<\/p>\n<p>Sistema Operativo\u00a0\u00a0 Windows Preinstalado<\/p>\n<p>Nucleos del Procesador\u00a0\u00a0\u00a0\u00a0 4\u00a0 Nucleos<\/p>\n<p>Velocidad del Procesador\u00a0 4,1 GHz<\/p>\n<p>Caracteristicas Especiales C\u00e1mara WEB Integrada<\/p>\n<p>Elementos o Accesorios Incluidos\u00a0\u00a0\u00a0\u00a0\u00a0\u00a0\u00a0\u00a0\u00a0 Cargador, manual<\/p>\n<p>Duracion de la Bateria\u00a0\u00a0\u00a0\u00a0\u00a0\u00a0\u00a0 8\u00a0 Horas Aproximadas<\/p>\n<p>Opciones de Conectividad<\/p>\n<p>Bluetooth<\/p>\n<p>Conexi\u00f3n Con Cable<\/p>\n<p>USB<\/p>\n<p>WiFi<\/p>\n<p>No. Puertos HDMI\u00a0\u00a0 1\u00a0 Puertos<\/p>\n<p>No. Puertos LAN Ethernet 1\u00a0 Puertos<\/p>\n<p>No. Puertos USB\u00a0\u00a0\u00a0\u00a0 1\u00a0 Puertos\u00a0 2.0<\/p>\n<p>No. Puertos USB\u00a0\u00a0 2 Puertos 3.0<\/p>\n<p>No. Salidas de Audio\u00a0\u00a0\u00a0\u00a0\u00a0\u00a0\u00a0\u00a0 1\u00a0 Puertos<\/p>\n<p>Tipos de Puertos Entradas y Salidas\u00a0\u00a0\u00a0\u00a0\u00a0 Puerto Auxiliar de Audio<\/p>\n<p>Puerto HDMI<\/p>\n<p>Puerto LAN\/Ethernet<\/p>\n<p>Puerto USB<\/p>\n<p>Resolucion Pantalla\u00a0\u00a0\u00a0\u00a0\u00a0\u00a0\u00a0\u00a0\u00a0\u00a0 HD<\/p>\n<p>Tama\u00f1o Pantalla\u00a0\u00a0\u00a0\u00a0 14\u00a0 Pulgadas<\/p>\n<p>Unidad CD\/DVD Integrada\u00a0\u00a0\u00a0\u00a0\u00a0\u00a0\u00a0\u00a0\u00a0\u00a0\u00a0 No tiene Unidad de CD\/DVD Integrada<\/p>\n<p>Resolucion Camara WEB\u00a0 VGA<\/p>\n<p>Peso\u00a0\u00a0 1.9\u00a0 Kilogramos<\/p>\n<p>Fuentes de Alimentacion de Energia<\/p>\n<p>Energ\u00eda El\u00e9ctrica<\/p>\n<p>Tonalidad de Color\u00a0 Plateado<\/p>\n<p>&nbsp;<\/p>\n<p>Caracter\u00edsticas destacadas<\/p>\n<p>Acer con panel anti reflectivo para cuidar tus ojos.<\/p>\n<p>Acer BluelightShield, filtra la luz azul que agota los vista.<\/p>\n<p>Tecnolog\u00eda TrueHarmony Acer ofrece audio realista y claro<\/p>\n<p>pantalla de 180\u00b0,permite mejor perspectiva de visualizaci\u00f3n<\/p>\n<p>&nbsp;<\/p>\n<p>Resumen del producto<\/p>\n<p>Acer trae para ti su l\u00ednea de port\u00e1tiles Aspire 3, un computador con un dise\u00f1o practico que busca ofrecer a los usuarios un dispositivo que se puede transportar f\u00e1cilmente. Adem\u00e1s incluye una bisagra ergon\u00f3mica que permite un flujo de aire adicional desde la parte inferior de la laptop. A su vez te ofrece una gama muy \u00fatil de puertos donde destacan tres puertos USB, incluidos dos USB 3.2 Gen 1 y un USB 2.0, siempre estar\u00e1 preparado para utilizar otros dispositivos electr\u00f3nicos m\u00e1s recientes. Tambi\u00e9n podr\u00e1s conectarte a una pantalla externa a trav\u00e9s del puerto HDMI cuando la ocasi\u00f3n requiera una pantalla m\u00e1s grande.<\/p>\n","protected":false},"excerpt":{"rendered":"<p>Especificaciones T\u00e9cnicas L\u00ednea Modelo Referencia\u00a0 A314-22-R74B Memoria RAM\u00a0\u00a0\u00a0\u00a0\u00a0\u00a0\u00a0\u00a0\u00a0 8 GB DDR4 Tipos de Discos que Incluye\u00a0\u00a0\u00a0\u00a0\u00a0\u00a0\u00a0 Disco Estado Solido (SSD) Disco Solido 256\u00a0 GB Marca del Procesador\u00a0\u00a0\u00a0\u00a0\u00a0\u00a0\u00a0 AMD Modelo del Procesador\u00a0\u00a0\u00a0\u00a0\u00a0 AMD R5 &#8211; 3500U Marca Tarjeta de Video\/Grafica\u00a0\u00a0 No Tiene Tarjeta Video\/Grafica Independiente Sistema Operativo\u00a0\u00a0 Windows Preinstalado Nucleos del Procesador\u00a0\u00a0\u00a0\u00a0 4\u00a0 Nucleos Velocidad del [&hellip;]<\/p>\n","protected":false},"featured_media":2899,"comment_status":"open","ping_status":"closed","template":"","meta":{"_surecart_dashboard_logo_width":"180px","_surecart_dashboard_show_logo":true,"_surecart_dashboard_navigation_orders":true,"_surecart_dashboard_navigation_invoices":true,"_surecart_dashboard_navigation_subscriptions":true,"_surecart_dashboard_navigation_downloads":true,"_surecart_dashboard_navigation_billing":true,"_surecart_dashboard_navigation_account":true,"site-sidebar-layout":"default","site-content-layout":"","ast-site-content-layout":"default","site-content-style":"default","site-sidebar-style":"default","ast-global-header-display":"","ast-banner-title-visibility":"","ast-main-header-display":"","ast-hfb-above-header-display":"","ast-hfb-below-header-display":"","ast-hfb-mobile-header-display":"","site-post-title":"","ast-breadcrumbs-content":"","ast-featured-img":"","footer-sml-layout":"","ast-disable-related-posts":"","theme-transparent-header-meta":"","adv-header-id-meta":"","stick-header-meta":"","header-above-stick-meta":"","header-main-stick-meta":"","header-below-stick-meta":"","astra-migrate-meta-layouts":"default","ast-page-background-enabled":"default","ast-page-background-meta":{"desktop":{"background-color":"var(--ast-global-color-4)","background-image":"","background-repeat":"repeat","background-position":"center center","background-size":"auto","background-attachment":"scroll","background-type":"","background-media":"","overlay-type":"","overlay-color":"","overlay-opacity":"","overlay-gradient":""},"tablet":{"background-color":"","background-image":"","background-repeat":"repeat","background-position":"center center","background-size":"auto","background-attachment":"scroll","background-type":"","background-media":"","overlay-type":"","overlay-color":"","overlay-opacity":"","overlay-gradient":""},"mobile":{"background-color":"","background-image":"","background-repeat":"repeat","background-position":"center center","background-size":"auto","background-attachment":"scroll","background-type":"","background-media":"","overlay-type":"","overlay-color":"","overlay-opacity":"","overlay-gradient":""}},"ast-content-background-meta":{"desktop":{"background-color":"var(--ast-global-color-5)","background-image":"","background-repeat":"repeat","background-position":"center center","background-size":"auto","background-attachment":"scroll","background-type":"","background-media":"","overlay-type":"","overlay-color":"","overlay-opacity":"","overlay-gradient":""},"tablet":{"background-color":"var(--ast-global-color-5)","background-image":"","background-repeat":"repeat","background-position":"center center","background-size":"auto","background-attachment":"scroll","background-type":"","background-media":"","overlay-type":"","overlay-color":"","overlay-opacity":"","overlay-gradient":""},"mobile":{"background-color":"var(--ast-global-color-5)","background-image":"","background-repeat":"repeat","background-position":"center center","background-size":"auto","background-attachment":"scroll","background-type":"","background-media":"","overlay-type":"","overlay-color":"","overlay-opacity":"","overlay-gradient":""}}},"product_brand":[],"product_cat":[22,55],"product_tag":[],"class_list":{"0":"post-2898","1":"product","2":"type-product","3":"status-publish","4":"has-post-thumbnail","6":"product_cat-computacion","7":"product_cat-computadores","8":"desktop-align-left","9":"tablet-align-left","10":"mobile-align-left","12":"first","13":"instock","14":"sale","15":"taxable","16":"shipping-taxable","17":"purchasable","18":"product-type-simple"},"yoast_head":"<!-- This site is optimized with the Yoast SEO plugin v27.5 - https:\/\/yoast.com\/product\/yoast-seo-wordpress\/ -->\n<title>Computador Port\u00e1til ACER 14&quot; Pulgadas AMD Ryzen5 - RAM 8GB - Disco SSD 256GB - Plateado - Giftronic.04<\/title>\n<meta name=\"robots\" content=\"index, follow, max-snippet:-1, max-image-preview:large, max-video-preview:-1\" \/>\n<link rel=\"canonical\" href=\"https:\/\/giftronic04.com\/index.php\/product\/computador-portatil-acer-14-pulgadas-amd-ryzen5-ram-8gb-disco-ssd-256gb-plateado\/\" \/>\n<meta property=\"og:locale\" content=\"es_ES\" \/>\n<meta property=\"og:type\" content=\"article\" \/>\n<meta property=\"og:title\" content=\"Computador Port\u00e1til ACER 14&quot; Pulgadas AMD Ryzen5 - RAM 8GB - Disco SSD 256GB - Plateado - Giftronic.04\" \/>\n<meta property=\"og:description\" content=\"Especificaciones T\u00e9cnicas L\u00ednea Modelo Referencia\u00a0 A314-22-R74B Memoria RAM\u00a0\u00a0\u00a0\u00a0\u00a0\u00a0\u00a0\u00a0\u00a0 8 GB DDR4 Tipos de Discos que Incluye\u00a0\u00a0\u00a0\u00a0\u00a0\u00a0\u00a0 Disco Estado Solido (SSD) Disco Solido 256\u00a0 GB Marca del Procesador\u00a0\u00a0\u00a0\u00a0\u00a0\u00a0\u00a0 AMD Modelo del Procesador\u00a0\u00a0\u00a0\u00a0\u00a0 AMD R5 &#8211; 3500U Marca Tarjeta de Video\/Grafica\u00a0\u00a0 No Tiene Tarjeta Video\/Grafica Independiente Sistema Operativo\u00a0\u00a0 Windows Preinstalado Nucleos del Procesador\u00a0\u00a0\u00a0\u00a0 4\u00a0 Nucleos Velocidad del [&hellip;]\" \/>\n<meta property=\"og:url\" content=\"https:\/\/giftronic04.com\/index.php\/product\/computador-portatil-acer-14-pulgadas-amd-ryzen5-ram-8gb-disco-ssd-256gb-plateado\/\" \/>\n<meta property=\"og:site_name\" content=\"Giftronic.04\" \/>\n<meta property=\"article:modified_time\" content=\"2024-02-29T17:13:35+00:00\" \/>\n<meta property=\"og:image\" content=\"https:\/\/giftronic04.com\/wp-content\/uploads\/2022\/07\/OK-LOGO.jpg\" \/>\n\t<meta property=\"og:image:width\" content=\"1400\" \/>\n\t<meta property=\"og:image:height\" content=\"1400\" \/>\n\t<meta property=\"og:image:type\" content=\"image\/jpeg\" \/>\n<meta name=\"twitter:card\" content=\"summary_large_image\" \/>\n<meta name=\"twitter:label1\" content=\"Tiempo de lectura\" \/>\n\t<meta name=\"twitter:data1\" content=\"2 minutos\" \/>\n<script type=\"application\/ld+json\" class=\"yoast-schema-graph\">{\"@context\":\"https:\\\/\\\/schema.org\",\"@graph\":[{\"@type\":\"WebPage\",\"@id\":\"https:\\\/\\\/giftronic04.com\\\/index.php\\\/product\\\/computador-portatil-acer-14-pulgadas-amd-ryzen5-ram-8gb-disco-ssd-256gb-plateado\\\/\",\"url\":\"https:\\\/\\\/giftronic04.com\\\/index.php\\\/product\\\/computador-portatil-acer-14-pulgadas-amd-ryzen5-ram-8gb-disco-ssd-256gb-plateado\\\/\",\"name\":\"Computador Port\u00e1til ACER 14\\\" Pulgadas AMD Ryzen5 - RAM 8GB - Disco SSD 256GB - Plateado - Giftronic.04\",\"isPartOf\":{\"@id\":\"https:\\\/\\\/giftronic04.com\\\/#website\"},\"primaryImageOfPage\":{\"@id\":\"https:\\\/\\\/giftronic04.com\\\/index.php\\\/product\\\/computador-portatil-acer-14-pulgadas-amd-ryzen5-ram-8gb-disco-ssd-256gb-plateado\\\/#primaryimage\"},\"image\":{\"@id\":\"https:\\\/\\\/giftronic04.com\\\/index.php\\\/product\\\/computador-portatil-acer-14-pulgadas-amd-ryzen5-ram-8gb-disco-ssd-256gb-plateado\\\/#primaryimage\"},\"thumbnailUrl\":\"https:\\\/\\\/giftronic04.com\\\/wp-content\\\/uploads\\\/2022\\\/07\\\/OK-LOGO.jpg\",\"datePublished\":\"2022-07-22T14:35:38+00:00\",\"dateModified\":\"2024-02-29T17:13:35+00:00\",\"breadcrumb\":{\"@id\":\"https:\\\/\\\/giftronic04.com\\\/index.php\\\/product\\\/computador-portatil-acer-14-pulgadas-amd-ryzen5-ram-8gb-disco-ssd-256gb-plateado\\\/#breadcrumb\"},\"inLanguage\":\"es\",\"potentialAction\":[{\"@type\":\"ReadAction\",\"target\":[\"https:\\\/\\\/giftronic04.com\\\/index.php\\\/product\\\/computador-portatil-acer-14-pulgadas-amd-ryzen5-ram-8gb-disco-ssd-256gb-plateado\\\/\"]}]},{\"@type\":\"ImageObject\",\"inLanguage\":\"es\",\"@id\":\"https:\\\/\\\/giftronic04.com\\\/index.php\\\/product\\\/computador-portatil-acer-14-pulgadas-amd-ryzen5-ram-8gb-disco-ssd-256gb-plateado\\\/#primaryimage\",\"url\":\"https:\\\/\\\/giftronic04.com\\\/wp-content\\\/uploads\\\/2022\\\/07\\\/OK-LOGO.jpg\",\"contentUrl\":\"https:\\\/\\\/giftronic04.com\\\/wp-content\\\/uploads\\\/2022\\\/07\\\/OK-LOGO.jpg\",\"width\":1400,\"height\":1400},{\"@type\":\"BreadcrumbList\",\"@id\":\"https:\\\/\\\/giftronic04.com\\\/index.php\\\/product\\\/computador-portatil-acer-14-pulgadas-amd-ryzen5-ram-8gb-disco-ssd-256gb-plateado\\\/#breadcrumb\",\"itemListElement\":[{\"@type\":\"ListItem\",\"position\":1,\"name\":\"Portada\",\"item\":\"https:\\\/\\\/giftronic04.com\\\/\"},{\"@type\":\"ListItem\",\"position\":2,\"name\":\"Tienda\",\"item\":\"https:\\\/\\\/giftronic04.com\\\/index.php\\\/shop\\\/\"},{\"@type\":\"ListItem\",\"position\":3,\"name\":\"Computador Port\u00e1til ACER 14&#8243; Pulgadas AMD Ryzen5 &#8211; RAM 8GB &#8211; Disco SSD 256GB &#8211; Plateado\"}]},{\"@type\":\"WebSite\",\"@id\":\"https:\\\/\\\/giftronic04.com\\\/#website\",\"url\":\"https:\\\/\\\/giftronic04.com\\\/\",\"name\":\"Giftronic.04\",\"description\":\"Venta de equipos tecnologicos\",\"publisher\":{\"@id\":\"https:\\\/\\\/giftronic04.com\\\/#organization\"},\"potentialAction\":[{\"@type\":\"SearchAction\",\"target\":{\"@type\":\"EntryPoint\",\"urlTemplate\":\"https:\\\/\\\/giftronic04.com\\\/?s={search_term_string}\"},\"query-input\":{\"@type\":\"PropertyValueSpecification\",\"valueRequired\":true,\"valueName\":\"search_term_string\"}}],\"inLanguage\":\"es\"},{\"@type\":\"Organization\",\"@id\":\"https:\\\/\\\/giftronic04.com\\\/#organization\",\"name\":\"giftronic04\",\"url\":\"https:\\\/\\\/giftronic04.com\\\/\",\"logo\":{\"@type\":\"ImageObject\",\"inLanguage\":\"es\",\"@id\":\"https:\\\/\\\/giftronic04.com\\\/#\\\/schema\\\/logo\\\/image\\\/\",\"url\":\"https:\\\/\\\/giftronic04.com\\\/wp-content\\\/uploads\\\/2021\\\/08\\\/logo.png\",\"contentUrl\":\"https:\\\/\\\/giftronic04.com\\\/wp-content\\\/uploads\\\/2021\\\/08\\\/logo.png\",\"width\":6640,\"height\":2192,\"caption\":\"giftronic04\"},\"image\":{\"@id\":\"https:\\\/\\\/giftronic04.com\\\/#\\\/schema\\\/logo\\\/image\\\/\"},\"sameAs\":[\"https:\\\/\\\/www.instagram.com\\\/giftronic.04\\\/\"]}]}<\/script>\n<!-- \/ Yoast SEO plugin. -->","yoast_head_json":{"title":"Computador Port\u00e1til ACER 14\" Pulgadas AMD Ryzen5 - RAM 8GB - Disco SSD 256GB - Plateado - Giftronic.04","robots":{"index":"index","follow":"follow","max-snippet":"max-snippet:-1","max-image-preview":"max-image-preview:large","max-video-preview":"max-video-preview:-1"},"canonical":"https:\/\/giftronic04.com\/index.php\/product\/computador-portatil-acer-14-pulgadas-amd-ryzen5-ram-8gb-disco-ssd-256gb-plateado\/","og_locale":"es_ES","og_type":"article","og_title":"Computador Port\u00e1til ACER 14\" Pulgadas AMD Ryzen5 - RAM 8GB - Disco SSD 256GB - Plateado - Giftronic.04","og_description":"Especificaciones T\u00e9cnicas L\u00ednea Modelo Referencia\u00a0 A314-22-R74B Memoria RAM\u00a0\u00a0\u00a0\u00a0\u00a0\u00a0\u00a0\u00a0\u00a0 8 GB DDR4 Tipos de Discos que Incluye\u00a0\u00a0\u00a0\u00a0\u00a0\u00a0\u00a0 Disco Estado Solido (SSD) Disco Solido 256\u00a0 GB Marca del Procesador\u00a0\u00a0\u00a0\u00a0\u00a0\u00a0\u00a0 AMD Modelo del Procesador\u00a0\u00a0\u00a0\u00a0\u00a0 AMD R5 &#8211; 3500U Marca Tarjeta de Video\/Grafica\u00a0\u00a0 No Tiene Tarjeta Video\/Grafica Independiente Sistema Operativo\u00a0\u00a0 Windows Preinstalado Nucleos del Procesador\u00a0\u00a0\u00a0\u00a0 4\u00a0 Nucleos Velocidad del [&hellip;]","og_url":"https:\/\/giftronic04.com\/index.php\/product\/computador-portatil-acer-14-pulgadas-amd-ryzen5-ram-8gb-disco-ssd-256gb-plateado\/","og_site_name":"Giftronic.04","article_modified_time":"2024-02-29T17:13:35+00:00","og_image":[{"width":1400,"height":1400,"url":"https:\/\/giftronic04.com\/wp-content\/uploads\/2022\/07\/OK-LOGO.jpg","type":"image\/jpeg"}],"twitter_card":"summary_large_image","twitter_misc":{"Tiempo de lectura":"2 minutos"},"schema":{"@context":"https:\/\/schema.org","@graph":[{"@type":"WebPage","@id":"https:\/\/giftronic04.com\/index.php\/product\/computador-portatil-acer-14-pulgadas-amd-ryzen5-ram-8gb-disco-ssd-256gb-plateado\/","url":"https:\/\/giftronic04.com\/index.php\/product\/computador-portatil-acer-14-pulgadas-amd-ryzen5-ram-8gb-disco-ssd-256gb-plateado\/","name":"Computador Port\u00e1til ACER 14\" Pulgadas AMD Ryzen5 - RAM 8GB - Disco SSD 256GB - Plateado - Giftronic.04","isPartOf":{"@id":"https:\/\/giftronic04.com\/#website"},"primaryImageOfPage":{"@id":"https:\/\/giftronic04.com\/index.php\/product\/computador-portatil-acer-14-pulgadas-amd-ryzen5-ram-8gb-disco-ssd-256gb-plateado\/#primaryimage"},"image":{"@id":"https:\/\/giftronic04.com\/index.php\/product\/computador-portatil-acer-14-pulgadas-amd-ryzen5-ram-8gb-disco-ssd-256gb-plateado\/#primaryimage"},"thumbnailUrl":"https:\/\/giftronic04.com\/wp-content\/uploads\/2022\/07\/OK-LOGO.jpg","datePublished":"2022-07-22T14:35:38+00:00","dateModified":"2024-02-29T17:13:35+00:00","breadcrumb":{"@id":"https:\/\/giftronic04.com\/index.php\/product\/computador-portatil-acer-14-pulgadas-amd-ryzen5-ram-8gb-disco-ssd-256gb-plateado\/#breadcrumb"},"inLanguage":"es","potentialAction":[{"@type":"ReadAction","target":["https:\/\/giftronic04.com\/index.php\/product\/computador-portatil-acer-14-pulgadas-amd-ryzen5-ram-8gb-disco-ssd-256gb-plateado\/"]}]},{"@type":"ImageObject","inLanguage":"es","@id":"https:\/\/giftronic04.com\/index.php\/product\/computador-portatil-acer-14-pulgadas-amd-ryzen5-ram-8gb-disco-ssd-256gb-plateado\/#primaryimage","url":"https:\/\/giftronic04.com\/wp-content\/uploads\/2022\/07\/OK-LOGO.jpg","contentUrl":"https:\/\/giftronic04.com\/wp-content\/uploads\/2022\/07\/OK-LOGO.jpg","width":1400,"height":1400},{"@type":"BreadcrumbList","@id":"https:\/\/giftronic04.com\/index.php\/product\/computador-portatil-acer-14-pulgadas-amd-ryzen5-ram-8gb-disco-ssd-256gb-plateado\/#breadcrumb","itemListElement":[{"@type":"ListItem","position":1,"name":"Portada","item":"https:\/\/giftronic04.com\/"},{"@type":"ListItem","position":2,"name":"Tienda","item":"https:\/\/giftronic04.com\/index.php\/shop\/"},{"@type":"ListItem","position":3,"name":"Computador Port\u00e1til ACER 14&#8243; Pulgadas AMD Ryzen5 &#8211; RAM 8GB &#8211; Disco SSD 256GB &#8211; Plateado"}]},{"@type":"WebSite","@id":"https:\/\/giftronic04.com\/#website","url":"https:\/\/giftronic04.com\/","name":"Giftronic.04","description":"Venta de equipos tecnologicos","publisher":{"@id":"https:\/\/giftronic04.com\/#organization"},"potentialAction":[{"@type":"SearchAction","target":{"@type":"EntryPoint","urlTemplate":"https:\/\/giftronic04.com\/?s={search_term_string}"},"query-input":{"@type":"PropertyValueSpecification","valueRequired":true,"valueName":"search_term_string"}}],"inLanguage":"es"},{"@type":"Organization","@id":"https:\/\/giftronic04.com\/#organization","name":"giftronic04","url":"https:\/\/giftronic04.com\/","logo":{"@type":"ImageObject","inLanguage":"es","@id":"https:\/\/giftronic04.com\/#\/schema\/logo\/image\/","url":"https:\/\/giftronic04.com\/wp-content\/uploads\/2021\/08\/logo.png","contentUrl":"https:\/\/giftronic04.com\/wp-content\/uploads\/2021\/08\/logo.png","width":6640,"height":2192,"caption":"giftronic04"},"image":{"@id":"https:\/\/giftronic04.com\/#\/schema\/logo\/image\/"},"sameAs":["https:\/\/www.instagram.com\/giftronic.04\/"]}]}},"jetpack_sharing_enabled":true,"_links":{"self":[{"href":"https:\/\/giftronic04.com\/index.php\/wp-json\/wp\/v2\/product\/2898","targetHints":{"allow":["GET"]}}],"collection":[{"href":"https:\/\/giftronic04.com\/index.php\/wp-json\/wp\/v2\/product"}],"about":[{"href":"https:\/\/giftronic04.com\/index.php\/wp-json\/wp\/v2\/types\/product"}],"replies":[{"embeddable":true,"href":"https:\/\/giftronic04.com\/index.php\/wp-json\/wp\/v2\/comments?post=2898"}],"wp:featuredmedia":[{"embeddable":true,"href":"https:\/\/giftronic04.com\/index.php\/wp-json\/wp\/v2\/media\/2899"}],"wp:attachment":[{"href":"https:\/\/giftronic04.com\/index.php\/wp-json\/wp\/v2\/media?parent=2898"}],"wp:term":[{"taxonomy":"product_brand","embeddable":true,"href":"https:\/\/giftronic04.com\/index.php\/wp-json\/wp\/v2\/product_brand?post=2898"},{"taxonomy":"product_cat","embeddable":true,"href":"https:\/\/giftronic04.com\/index.php\/wp-json\/wp\/v2\/product_cat?post=2898"},{"taxonomy":"product_tag","embeddable":true,"href":"https:\/\/giftronic04.com\/index.php\/wp-json\/wp\/v2\/product_tag?post=2898"}],"curies":[{"name":"wp","href":"https:\/\/api.w.org\/{rel}","templated":true}]}}