{"id":3114,"date":"2022-09-17T16:30:53","date_gmt":"2022-09-17T21:30:53","guid":{"rendered":"https:\/\/giftronic04.com\/?post_type=product&#038;p=3114"},"modified":"2022-09-17T16:30:53","modified_gmt":"2022-09-17T21:30:53","slug":"disco-externo-durable-adata-240gb","status":"publish","type":"product","link":"https:\/\/giftronic04.com\/index.php\/product\/disco-externo-durable-adata-240gb\/","title":{"rendered":"DISCO  EXTERNO DURABLE ADATA 240GB"},"content":{"rendered":"<div class=\"ui-pdp-container__row ui-pdp-container__row--highlighted-features-title\">\n<h2 class=\"ui-vpp-text-alignment--left ui-pdp-color--BLACK ui-pdp-size--XSMALL ui-pdp-family--SEMIBOLD highlighted-features-title\">Lo que tienes que saber de este producto<\/h2>\n<\/div>\n<div class=\"ui-pdp-container__row ui-pdp-container__row--highlighted-features\">\n<div class=\"ui-vpp-highlighted-specs__features\">\n<ul class=\"ui-vpp-highlighted-specs__features-list\">\n<li class=\"ui-vpp-highlighted-specs__features-list-item ui-pdp-color--BLACK ui-pdp-size--XSMALL ui-pdp-family--REGULAR\">Disipador de calor integrado.<\/li>\n<li class=\"ui-vpp-highlighted-specs__features-list-item ui-pdp-color--BLACK ui-pdp-size--XSMALL ui-pdp-family--REGULAR\">Con tecnolog\u00eda 3D NAND.<\/li>\n<li class=\"ui-vpp-highlighted-specs__features-list-item ui-pdp-color--BLACK ui-pdp-size--XSMALL ui-pdp-family--REGULAR\">\u00datil para guardar programas y documentos con su capacidad de 240 GB.<\/li>\n<li class=\"ui-vpp-highlighted-specs__features-list-item ui-pdp-color--BLACK ui-pdp-size--XSMALL ui-pdp-family--REGULAR\">Resistente a fuertes golpes.<\/li>\n<li class=\"ui-vpp-highlighted-specs__features-list-item ui-pdp-color--BLACK ui-pdp-size--XSMALL ui-pdp-family--REGULAR\">Es compatible con Windows XP, Windows Vista, Windows 7, Windows 8, Windows 8.1, Windows 10, MacOS X 10.6, Linux Kernel 2.6, Android 5.0.<\/li>\n<li class=\"ui-vpp-highlighted-specs__features-list-item ui-pdp-color--BLACK ui-pdp-size--XSMALL ui-pdp-family--REGULAR\">F\u00e1cil de transportar.<\/li>\n<li class=\"ui-vpp-highlighted-specs__features-list-item ui-pdp-color--BLACK ui-pdp-size--XSMALL ui-pdp-family--REGULAR\">Interfaz de conexi\u00f3n: USB 3.1 Gen 1.<\/li>\n<li class=\"ui-vpp-highlighted-specs__features-list-item ui-pdp-color--BLACK ui-pdp-size--XSMALL ui-pdp-family--REGULAR\">Apto para PC y Notebook.<\/li>\n<li class=\"ui-vpp-highlighted-specs__features-list-item ui-pdp-color--BLACK ui-pdp-size--XSMALL ui-pdp-family--REGULAR\">Las im\u00e1genes pueden ser ilustrativas<\/li>\n<\/ul>\n<\/div>\n<\/div>\n","protected":false},"excerpt":{"rendered":"<p>Lo que tienes que saber de este producto Disipador de calor integrado. Con tecnolog\u00eda 3D NAND. \u00datil para guardar programas y documentos con su capacidad de 240 GB. Resistente a fuertes golpes. Es compatible con Windows XP, Windows Vista, Windows 7, Windows 8, Windows 8.1, Windows 10, MacOS X 10.6, Linux Kernel 2.6, Android 5.0. [&hellip;]<\/p>\n","protected":false},"featured_media":3111,"comment_status":"open","ping_status":"closed","template":"","meta":{"_surecart_dashboard_logo_width":"180px","_surecart_dashboard_show_logo":true,"_surecart_dashboard_navigation_orders":true,"_surecart_dashboard_navigation_invoices":true,"_surecart_dashboard_navigation_subscriptions":true,"_surecart_dashboard_navigation_downloads":true,"_surecart_dashboard_navigation_billing":true,"_surecart_dashboard_navigation_account":true,"site-sidebar-layout":"default","site-content-layout":"","ast-site-content-layout":"default","site-content-style":"default","site-sidebar-style":"default","ast-global-header-display":"","ast-banner-title-visibility":"","ast-main-header-display":"","ast-hfb-above-header-display":"","ast-hfb-below-header-display":"","ast-hfb-mobile-header-display":"","site-post-title":"","ast-breadcrumbs-content":"","ast-featured-img":"","footer-sml-layout":"","ast-disable-related-posts":"","theme-transparent-header-meta":"","adv-header-id-meta":"","stick-header-meta":"","header-above-stick-meta":"","header-main-stick-meta":"","header-below-stick-meta":"","astra-migrate-meta-layouts":"default","ast-page-background-enabled":"default","ast-page-background-meta":{"desktop":{"background-color":"var(--ast-global-color-4)","background-image":"","background-repeat":"repeat","background-position":"center center","background-size":"auto","background-attachment":"scroll","background-type":"","background-media":"","overlay-type":"","overlay-color":"","overlay-opacity":"","overlay-gradient":""},"tablet":{"background-color":"","background-image":"","background-repeat":"repeat","background-position":"center center","background-size":"auto","background-attachment":"scroll","background-type":"","background-media":"","overlay-type":"","overlay-color":"","overlay-opacity":"","overlay-gradient":""},"mobile":{"background-color":"","background-image":"","background-repeat":"repeat","background-position":"center center","background-size":"auto","background-attachment":"scroll","background-type":"","background-media":"","overlay-type":"","overlay-color":"","overlay-opacity":"","overlay-gradient":""}},"ast-content-background-meta":{"desktop":{"background-color":"var(--ast-global-color-5)","background-image":"","background-repeat":"repeat","background-position":"center center","background-size":"auto","background-attachment":"scroll","background-type":"","background-media":"","overlay-type":"","overlay-color":"","overlay-opacity":"","overlay-gradient":""},"tablet":{"background-color":"var(--ast-global-color-5)","background-image":"","background-repeat":"repeat","background-position":"center center","background-size":"auto","background-attachment":"scroll","background-type":"","background-media":"","overlay-type":"","overlay-color":"","overlay-opacity":"","overlay-gradient":""},"mobile":{"background-color":"var(--ast-global-color-5)","background-image":"","background-repeat":"repeat","background-position":"center center","background-size":"auto","background-attachment":"scroll","background-type":"","background-media":"","overlay-type":"","overlay-color":"","overlay-opacity":"","overlay-gradient":""}}},"product_brand":[],"product_cat":[22],"product_tag":[65,67,66],"class_list":{"0":"post-3114","1":"product","2":"type-product","3":"status-publish","4":"has-post-thumbnail","6":"product_cat-computacion","7":"product_tag-disco","8":"product_tag-externo","9":"product_tag-solido","10":"desktop-align-left","11":"tablet-align-left","12":"mobile-align-left","14":"first","15":"instock","16":"sale","17":"taxable","18":"shipping-taxable","19":"purchasable","20":"product-type-simple"},"yoast_head":"<!-- This site is optimized with the Yoast SEO plugin v27.5 - https:\/\/yoast.com\/product\/yoast-seo-wordpress\/ -->\n<title>DISCO EXTERNO DURABLE ADATA 240GB - Giftronic.04<\/title>\n<meta name=\"description\" content=\"Lo que tienes que saber de este productoDisipador de calor integrado.Con tecnolog\u00eda 3D NAND.\u00datil para guardar programas y documentos con su capacidad de 480 GB.Resistente a fuertes golpes.Es compatible con Windows XP, Windows Vista, Windows 7, Windows 8, Windows 8.1, Windows 10, MacOS X 10.6, Linux Kernel 2.6, Android 5.0.F\u00e1cil de transportar.Interfaz de conexi\u00f3n: USB 3.1 Gen 1.Apto para PC y Notebook.Las im\u00e1genes pueden ser ilustrativas\" \/>\n<meta name=\"robots\" content=\"index, follow, max-snippet:-1, max-image-preview:large, max-video-preview:-1\" \/>\n<link rel=\"canonical\" href=\"https:\/\/giftronic04.com\/index.php\/product\/disco-externo-durable-adata-240gb\/\" \/>\n<meta property=\"og:locale\" content=\"es_ES\" \/>\n<meta property=\"og:type\" content=\"article\" \/>\n<meta property=\"og:title\" content=\"DISCO EXTERNO DURABLE ADATA 240GB - Giftronic.04\" \/>\n<meta property=\"og:description\" content=\"Lo que tienes que saber de este productoDisipador de calor integrado.Con tecnolog\u00eda 3D NAND.\u00datil para guardar programas y documentos con su capacidad de 480 GB.Resistente a fuertes golpes.Es compatible con Windows XP, Windows Vista, Windows 7, Windows 8, Windows 8.1, Windows 10, MacOS X 10.6, Linux Kernel 2.6, Android 5.0.F\u00e1cil de transportar.Interfaz de conexi\u00f3n: USB 3.1 Gen 1.Apto para PC y Notebook.Las im\u00e1genes pueden ser ilustrativas\" \/>\n<meta property=\"og:url\" content=\"https:\/\/giftronic04.com\/index.php\/product\/disco-externo-durable-adata-240gb\/\" \/>\n<meta property=\"og:site_name\" content=\"Giftronic.04\" \/>\n<meta property=\"og:image\" content=\"https:\/\/giftronic04.com\/wp-content\/uploads\/2022\/09\/8301.png\" \/>\n\t<meta property=\"og:image:width\" content=\"781\" \/>\n\t<meta property=\"og:image:height\" content=\"559\" \/>\n\t<meta property=\"og:image:type\" content=\"image\/png\" \/>\n<meta name=\"twitter:card\" content=\"summary_large_image\" \/>\n<meta name=\"twitter:label1\" content=\"Tiempo de lectura\" \/>\n\t<meta name=\"twitter:data1\" content=\"1 minuto\" \/>\n<script type=\"application\/ld+json\" class=\"yoast-schema-graph\">{\"@context\":\"https:\\\/\\\/schema.org\",\"@graph\":[{\"@type\":\"WebPage\",\"@id\":\"https:\\\/\\\/giftronic04.com\\\/index.php\\\/product\\\/disco-externo-durable-adata-240gb\\\/\",\"url\":\"https:\\\/\\\/giftronic04.com\\\/index.php\\\/product\\\/disco-externo-durable-adata-240gb\\\/\",\"name\":\"DISCO EXTERNO DURABLE ADATA 240GB - Giftronic.04\",\"isPartOf\":{\"@id\":\"https:\\\/\\\/giftronic04.com\\\/#website\"},\"primaryImageOfPage\":{\"@id\":\"https:\\\/\\\/giftronic04.com\\\/index.php\\\/product\\\/disco-externo-durable-adata-240gb\\\/#primaryimage\"},\"image\":{\"@id\":\"https:\\\/\\\/giftronic04.com\\\/index.php\\\/product\\\/disco-externo-durable-adata-240gb\\\/#primaryimage\"},\"thumbnailUrl\":\"https:\\\/\\\/giftronic04.com\\\/wp-content\\\/uploads\\\/2022\\\/09\\\/8301.png\",\"datePublished\":\"2022-09-17T21:30:53+00:00\",\"description\":\"Lo que tienes que saber de este productoDisipador de calor integrado.Con tecnolog\u00eda 3D NAND.\u00datil para guardar programas y documentos con su capacidad de 480 GB.Resistente a fuertes golpes.Es compatible con Windows XP, Windows Vista, Windows 7, Windows 8, Windows 8.1, Windows 10, MacOS X 10.6, Linux Kernel 2.6, Android 5.0.F\u00e1cil de transportar.Interfaz de conexi\u00f3n: USB 3.1 Gen 1.Apto para PC y Notebook.Las im\u00e1genes pueden ser ilustrativas\",\"breadcrumb\":{\"@id\":\"https:\\\/\\\/giftronic04.com\\\/index.php\\\/product\\\/disco-externo-durable-adata-240gb\\\/#breadcrumb\"},\"inLanguage\":\"es\",\"potentialAction\":[{\"@type\":\"ReadAction\",\"target\":[\"https:\\\/\\\/giftronic04.com\\\/index.php\\\/product\\\/disco-externo-durable-adata-240gb\\\/\"]}]},{\"@type\":\"ImageObject\",\"inLanguage\":\"es\",\"@id\":\"https:\\\/\\\/giftronic04.com\\\/index.php\\\/product\\\/disco-externo-durable-adata-240gb\\\/#primaryimage\",\"url\":\"https:\\\/\\\/giftronic04.com\\\/wp-content\\\/uploads\\\/2022\\\/09\\\/8301.png\",\"contentUrl\":\"https:\\\/\\\/giftronic04.com\\\/wp-content\\\/uploads\\\/2022\\\/09\\\/8301.png\",\"width\":781,\"height\":559},{\"@type\":\"BreadcrumbList\",\"@id\":\"https:\\\/\\\/giftronic04.com\\\/index.php\\\/product\\\/disco-externo-durable-adata-240gb\\\/#breadcrumb\",\"itemListElement\":[{\"@type\":\"ListItem\",\"position\":1,\"name\":\"Portada\",\"item\":\"https:\\\/\\\/giftronic04.com\\\/\"},{\"@type\":\"ListItem\",\"position\":2,\"name\":\"Tienda\",\"item\":\"https:\\\/\\\/giftronic04.com\\\/index.php\\\/shop\\\/\"},{\"@type\":\"ListItem\",\"position\":3,\"name\":\"DISCO EXTERNO DURABLE ADATA 240GB\"}]},{\"@type\":\"WebSite\",\"@id\":\"https:\\\/\\\/giftronic04.com\\\/#website\",\"url\":\"https:\\\/\\\/giftronic04.com\\\/\",\"name\":\"Giftronic.04\",\"description\":\"Venta de equipos tecnologicos\",\"publisher\":{\"@id\":\"https:\\\/\\\/giftronic04.com\\\/#organization\"},\"potentialAction\":[{\"@type\":\"SearchAction\",\"target\":{\"@type\":\"EntryPoint\",\"urlTemplate\":\"https:\\\/\\\/giftronic04.com\\\/?s={search_term_string}\"},\"query-input\":{\"@type\":\"PropertyValueSpecification\",\"valueRequired\":true,\"valueName\":\"search_term_string\"}}],\"inLanguage\":\"es\"},{\"@type\":\"Organization\",\"@id\":\"https:\\\/\\\/giftronic04.com\\\/#organization\",\"name\":\"giftronic04\",\"url\":\"https:\\\/\\\/giftronic04.com\\\/\",\"logo\":{\"@type\":\"ImageObject\",\"inLanguage\":\"es\",\"@id\":\"https:\\\/\\\/giftronic04.com\\\/#\\\/schema\\\/logo\\\/image\\\/\",\"url\":\"https:\\\/\\\/giftronic04.com\\\/wp-content\\\/uploads\\\/2021\\\/08\\\/logo.png\",\"contentUrl\":\"https:\\\/\\\/giftronic04.com\\\/wp-content\\\/uploads\\\/2021\\\/08\\\/logo.png\",\"width\":6640,\"height\":2192,\"caption\":\"giftronic04\"},\"image\":{\"@id\":\"https:\\\/\\\/giftronic04.com\\\/#\\\/schema\\\/logo\\\/image\\\/\"},\"sameAs\":[\"https:\\\/\\\/www.instagram.com\\\/giftronic.04\\\/\"]}]}<\/script>\n<!-- \/ Yoast SEO plugin. -->","yoast_head_json":{"title":"DISCO EXTERNO DURABLE ADATA 240GB - Giftronic.04","description":"Lo que tienes que saber de este productoDisipador de calor integrado.Con tecnolog\u00eda 3D NAND.\u00datil para guardar programas y documentos con su capacidad de 480 GB.Resistente a fuertes golpes.Es compatible con Windows XP, Windows Vista, Windows 7, Windows 8, Windows 8.1, Windows 10, MacOS X 10.6, Linux Kernel 2.6, Android 5.0.F\u00e1cil de transportar.Interfaz de conexi\u00f3n: USB 3.1 Gen 1.Apto para PC y Notebook.Las im\u00e1genes pueden ser ilustrativas","robots":{"index":"index","follow":"follow","max-snippet":"max-snippet:-1","max-image-preview":"max-image-preview:large","max-video-preview":"max-video-preview:-1"},"canonical":"https:\/\/giftronic04.com\/index.php\/product\/disco-externo-durable-adata-240gb\/","og_locale":"es_ES","og_type":"article","og_title":"DISCO EXTERNO DURABLE ADATA 240GB - Giftronic.04","og_description":"Lo que tienes que saber de este productoDisipador de calor integrado.Con tecnolog\u00eda 3D NAND.\u00datil para guardar programas y documentos con su capacidad de 480 GB.Resistente a fuertes golpes.Es compatible con Windows XP, Windows Vista, Windows 7, Windows 8, Windows 8.1, Windows 10, MacOS X 10.6, Linux Kernel 2.6, Android 5.0.F\u00e1cil de transportar.Interfaz de conexi\u00f3n: USB 3.1 Gen 1.Apto para PC y Notebook.Las im\u00e1genes pueden ser ilustrativas","og_url":"https:\/\/giftronic04.com\/index.php\/product\/disco-externo-durable-adata-240gb\/","og_site_name":"Giftronic.04","og_image":[{"width":781,"height":559,"url":"https:\/\/giftronic04.com\/wp-content\/uploads\/2022\/09\/8301.png","type":"image\/png"}],"twitter_card":"summary_large_image","twitter_misc":{"Tiempo de lectura":"1 minuto"},"schema":{"@context":"https:\/\/schema.org","@graph":[{"@type":"WebPage","@id":"https:\/\/giftronic04.com\/index.php\/product\/disco-externo-durable-adata-240gb\/","url":"https:\/\/giftronic04.com\/index.php\/product\/disco-externo-durable-adata-240gb\/","name":"DISCO EXTERNO DURABLE ADATA 240GB - Giftronic.04","isPartOf":{"@id":"https:\/\/giftronic04.com\/#website"},"primaryImageOfPage":{"@id":"https:\/\/giftronic04.com\/index.php\/product\/disco-externo-durable-adata-240gb\/#primaryimage"},"image":{"@id":"https:\/\/giftronic04.com\/index.php\/product\/disco-externo-durable-adata-240gb\/#primaryimage"},"thumbnailUrl":"https:\/\/giftronic04.com\/wp-content\/uploads\/2022\/09\/8301.png","datePublished":"2022-09-17T21:30:53+00:00","description":"Lo que tienes que saber de este productoDisipador de calor integrado.Con tecnolog\u00eda 3D NAND.\u00datil para guardar programas y documentos con su capacidad de 480 GB.Resistente a fuertes golpes.Es compatible con Windows XP, Windows Vista, Windows 7, Windows 8, Windows 8.1, Windows 10, MacOS X 10.6, Linux Kernel 2.6, Android 5.0.F\u00e1cil de transportar.Interfaz de conexi\u00f3n: USB 3.1 Gen 1.Apto para PC y Notebook.Las im\u00e1genes pueden ser ilustrativas","breadcrumb":{"@id":"https:\/\/giftronic04.com\/index.php\/product\/disco-externo-durable-adata-240gb\/#breadcrumb"},"inLanguage":"es","potentialAction":[{"@type":"ReadAction","target":["https:\/\/giftronic04.com\/index.php\/product\/disco-externo-durable-adata-240gb\/"]}]},{"@type":"ImageObject","inLanguage":"es","@id":"https:\/\/giftronic04.com\/index.php\/product\/disco-externo-durable-adata-240gb\/#primaryimage","url":"https:\/\/giftronic04.com\/wp-content\/uploads\/2022\/09\/8301.png","contentUrl":"https:\/\/giftronic04.com\/wp-content\/uploads\/2022\/09\/8301.png","width":781,"height":559},{"@type":"BreadcrumbList","@id":"https:\/\/giftronic04.com\/index.php\/product\/disco-externo-durable-adata-240gb\/#breadcrumb","itemListElement":[{"@type":"ListItem","position":1,"name":"Portada","item":"https:\/\/giftronic04.com\/"},{"@type":"ListItem","position":2,"name":"Tienda","item":"https:\/\/giftronic04.com\/index.php\/shop\/"},{"@type":"ListItem","position":3,"name":"DISCO EXTERNO DURABLE ADATA 240GB"}]},{"@type":"WebSite","@id":"https:\/\/giftronic04.com\/#website","url":"https:\/\/giftronic04.com\/","name":"Giftronic.04","description":"Venta de equipos tecnologicos","publisher":{"@id":"https:\/\/giftronic04.com\/#organization"},"potentialAction":[{"@type":"SearchAction","target":{"@type":"EntryPoint","urlTemplate":"https:\/\/giftronic04.com\/?s={search_term_string}"},"query-input":{"@type":"PropertyValueSpecification","valueRequired":true,"valueName":"search_term_string"}}],"inLanguage":"es"},{"@type":"Organization","@id":"https:\/\/giftronic04.com\/#organization","name":"giftronic04","url":"https:\/\/giftronic04.com\/","logo":{"@type":"ImageObject","inLanguage":"es","@id":"https:\/\/giftronic04.com\/#\/schema\/logo\/image\/","url":"https:\/\/giftronic04.com\/wp-content\/uploads\/2021\/08\/logo.png","contentUrl":"https:\/\/giftronic04.com\/wp-content\/uploads\/2021\/08\/logo.png","width":6640,"height":2192,"caption":"giftronic04"},"image":{"@id":"https:\/\/giftronic04.com\/#\/schema\/logo\/image\/"},"sameAs":["https:\/\/www.instagram.com\/giftronic.04\/"]}]}},"jetpack_sharing_enabled":true,"_links":{"self":[{"href":"https:\/\/giftronic04.com\/index.php\/wp-json\/wp\/v2\/product\/3114","targetHints":{"allow":["GET"]}}],"collection":[{"href":"https:\/\/giftronic04.com\/index.php\/wp-json\/wp\/v2\/product"}],"about":[{"href":"https:\/\/giftronic04.com\/index.php\/wp-json\/wp\/v2\/types\/product"}],"replies":[{"embeddable":true,"href":"https:\/\/giftronic04.com\/index.php\/wp-json\/wp\/v2\/comments?post=3114"}],"wp:featuredmedia":[{"embeddable":true,"href":"https:\/\/giftronic04.com\/index.php\/wp-json\/wp\/v2\/media\/3111"}],"wp:attachment":[{"href":"https:\/\/giftronic04.com\/index.php\/wp-json\/wp\/v2\/media?parent=3114"}],"wp:term":[{"taxonomy":"product_brand","embeddable":true,"href":"https:\/\/giftronic04.com\/index.php\/wp-json\/wp\/v2\/product_brand?post=3114"},{"taxonomy":"product_cat","embeddable":true,"href":"https:\/\/giftronic04.com\/index.php\/wp-json\/wp\/v2\/product_cat?post=3114"},{"taxonomy":"product_tag","embeddable":true,"href":"https:\/\/giftronic04.com\/index.php\/wp-json\/wp\/v2\/product_tag?post=3114"}],"curies":[{"name":"wp","href":"https:\/\/api.w.org\/{rel}","templated":true}]}}