{"id":3393,"date":"2023-02-03T15:59:59","date_gmt":"2023-02-03T20:59:59","guid":{"rendered":"https:\/\/giftronic04.com\/?post_type=product&#038;p=3393"},"modified":"2025-05-20T01:31:26","modified_gmt":"2025-05-20T06:31:26","slug":"televisor-samsung-40-pulgadas-led-fhd-smart-tv","status":"publish","type":"product","link":"https:\/\/giftronic04.com\/index.php\/product\/televisor-samsung-40-pulgadas-led-fhd-smart-tv\/","title":{"rendered":"Televisor SAMSUNG UN40T5290 Pulgadas LED FHD Smart TV"},"content":{"rendered":"<p>REF: UN40T5290<\/p>\n<p>Marca: Samsung<\/p>\n<p>Serie 5<\/p>\n<p>Resoluci\u00f3n<\/p>\n<p>1,920 x 1,080<\/p>\n<p>HDMI 2<\/p>\n<p>USB 1<\/p>\n<p>Tipo de producto<\/p>\n<p>LED<\/p>\n<p>Tama\u00f1o de pantalla 40&#8243;<\/p>\n<p>Video<\/p>\n<p>Motor de im\u00e1genes<\/p>\n<p>Hyper Real<\/p>\n<p>\u00cdndice de movimiento<\/p>\n<p>60<\/p>\n<p>PQI (\u00cdndice de calidad de la imagen)<\/p>\n<p>1000<\/p>\n<p>HDR (Alto rango din\u00e1mico)<\/p>\n<p>HDR<\/p>\n<p>Contraste<\/p>\n<p>Mega Contrast<\/p>\n<p>Color<\/p>\n<p>PurColor<\/p>\n<p>Detecci\u00f3n de brillo\/color<\/p>\n<p>Detecci\u00f3n de brillo<\/p>\n<p>Potenciador de contraste<\/p>\n<p>S\u00ed<\/p>\n<p>Modo Pel\u00edcula<\/p>\n<p>S\u00ed<\/p>\n<p>Audio<\/p>\n<p>Dolby Digital Plus<\/p>\n<p>S\u00ed<\/p>\n<p>Salida para sonido (RMS)<\/p>\n<p>20 W<\/p>\n<p>Tipo de parlante<\/p>\n<p>2 CH<\/p>\n<p>Servicio inteligente<\/p>\n<p>Smart TV de Samsung<\/p>\n<p>Smart<\/p>\n<p>Sistema operativo<\/p>\n<p>Tize<\/p>\n<p>Sitio web del navegador<\/p>\n<p>S\u00ed<\/p>\n<p>Soporte para aplicaciones SmartThings<\/p>\n<p>S\u00ed<\/p>\n<p>Galer\u00eda<\/p>\n<p>S\u00ed<\/p>\n<p>Funci\u00f3n inteligente<\/p>\n<p>Celular a TV &#8211; Duplicaci\u00f3n, DLNA<\/p>\n<p>S\u00ed<\/p>\n<p>Acceso Remoto<\/p>\n<p>Wi-Fi Direct<\/p>\n<p>S\u00ed<\/p>\n<p>Transmisi\u00f3n digital<\/p>\n<p>DVB-T2<\/p>\n<p>Soporte principal para televisor<\/p>\n<p>S\u00ed<\/p>\n<p>Conectividad<\/p>\n<p>Entrada de componentes (Y\/Pb\/Pr)<\/p>\n<p>1<\/p>\n<p>Entrada compuesta (AV)<\/p>\n<p>1<\/p>\n<p>Salida de audio digital (\u00f3ptica)<\/p>\n<p>1\/1 (Uso com\u00fan para terrestre)\/0<\/p>\n<p>Interruptor r\u00e1pido HDMI<\/p>\n<p>S\u00ed<\/p>\n<p>LAN inal\u00e1mbrica integrada<\/p>\n<p>S\u00ed (WiFi4)<\/p>\n<p>Anynet+ (HDMI-CEC)<\/p>\n<p>Si<\/p>\n<p>Tipo de bisel<\/p>\n<p>NNB<\/p>\n<p>Tipo delgado<\/p>\n<p>Delgado<\/p>\n<p>Color frontal<\/p>\n<p>NEGRO<\/p>\n<p>Color del soporte<\/p>\n<p>NEGRO<\/p>\n<p>Funci\u00f3n adicional<\/p>\n<p>Visi\u00f3n ultran\u00edtida<\/p>\n<p>S\u00ed<\/p>\n<p>Visi\u00f3n n\u00edtida digital<\/p>\n<p>S\u00ed<\/p>\n<p>B\u00fasqueda autom\u00e1tica de canales<\/p>\n<p>S\u00ed<\/p>\n<p>Subt\u00edtulos<\/p>\n<p>S\u00ed<\/p>\n<p>Connect Share (disco duro)<\/p>\n<p>S\u00ed<\/p>\n<p>ConnectShare (USB 2.0)<\/p>\n<p>S\u00ed<\/p>\n<p>EPG<\/p>\n<p>S\u00ed<\/p>\n<p>Modo Juego<\/p>\n<p>S\u00ed (b\u00e1sico)<\/p>\n<p>Idioma de OSD<\/p>\n<p>Idiomas locales<\/p>\n<p>Soporte para IPv6<\/p>\n<p>S\u00ed<\/p>\n<p>Accesibilidad<\/p>\n<p>Fuente de alimentaci\u00f3n<\/p>\n<p>AC100-240V 50\/60Hz<\/p>\n<p>Consumo de energ\u00eda (m\u00e1x.)<\/p>\n<p>100 W<\/p>\n<p>Sensor ecol\u00f3gico<\/p>\n<p>S\u00ed<\/p>\n<p>Apagado autom\u00e1tico<\/p>\n<p>S\u00ed<\/p>\n<p>Dimensiones del producto<\/p>\n<p>Tama\u00f1o del paquete (ancho x alto x prof.)<\/p>\n<p>1103.0 x 607.0 x 125.0 mm<\/p>\n<p>Equipo con base (A x Al x P)<\/p>\n<p>922.7 x 552.5 x 170.3 mm<\/p>\n<p>Equipo sin base (A x Al x P)<\/p>\n<p>922.7 x 531.0 x 72.6 mm<\/p>\n<p>Base (b\u00e1sica) [A x P]<\/p>\n<p>131.3 x 170.3 mm<\/p>\n<p>Peso<\/p>\n<p>Peso del paquete<\/p>\n<p>9.9 kg<\/p>\n<p>&nbsp;<\/p>\n<p>Accesorios<\/p>\n<p>Modelo de control remoto<\/p>\n<p>TM1240A<\/p>\n<p>Pilas (para el control remoto)<\/p>\n<p>S\u00ed<\/p>\n<p>Mini soporte para soporte en pared<\/p>\n<p>No<\/p>\n<p>Soporte Vesa para montaje en pared<\/p>\n<p>No<\/p>\n<p>Manual del usuario<\/p>\n<p>S\u00ed<\/p>\n<p>Manual electr\u00f3nico<\/p>\n<p>S\u00ed<\/p>\n<p>Cable de alimentaci\u00f3n<\/p>\n<p>S\u00ed<\/p>\n<p>Disfruta dos veces m\u00e1s claridad en tus contenidos<\/p>\n<p>&nbsp;<\/p>\n<p>RESOLUCI\u00d3N FULL HD<\/p>\n<p>Siente como tus pel\u00edculas favoritas y programas de televisi\u00f3n cobran vida. Disfruta una resoluci\u00f3n Full HD intensa y con colores vivos con el doble de resoluci\u00f3n que un televisor HD.<\/p>\n<p>Disfruta detalles impresionantes<\/p>\n<p>ALTO RANGO DIN\u00c1MICO HDR<\/p>\n<p>La tecnolog\u00eda de Alto Rango Din\u00e1mico (HDR) optimiza la regulaci\u00f3n de brillo del televisor para que puedas disfrutar de un inmenso espectro de colores y detalles visuales, incluso en las escenas m\u00e1s oscuras.<\/p>\n<p>Detalles mejores para mejor calidad de imagen<\/p>\n<p>VISI\u00d3N ULTRAN\u00cdTIDA<\/p>\n<p>La visi\u00f3n ultra n\u00edtida<\/p>\n<p>ofrece im\u00e1genes de alta calidad con menor distorsi\u00f3n utilizando un algoritmo avanzado que analiza el contenido original y brinda detalles mejorados para que disfrutes mucho m\u00e1s tus contenidos.<\/p>\n<p>Dise\u00f1o practico y elegante para tus espacios<\/p>\n<p>CONEXIONES LATERALES<\/p>\n<p>Su dise\u00f1o delgado es perfecto y con un estilo especial para la decoraci\u00f3n de tus espacios, adem\u00e1s de tener conexiones laterales HDMI y de corriente para que conectes f\u00e1cilmente tus dispositivos. Lleva el tuyo ya\u00a1\u00a1<\/p>\n","protected":false},"excerpt":{"rendered":"<p>REF: UN40T5290 Marca: Samsung Serie 5 Resoluci\u00f3n 1,920 x 1,080 HDMI 2 USB 1 Tipo de producto LED Tama\u00f1o de pantalla 40&#8243; Video Motor de im\u00e1genes Hyper Real \u00cdndice de movimiento 60 PQI (\u00cdndice de calidad de la imagen) 1000 HDR (Alto rango din\u00e1mico) HDR Contraste Mega Contrast Color PurColor Detecci\u00f3n de brillo\/color Detecci\u00f3n de [&hellip;]<\/p>\n","protected":false},"featured_media":3394,"comment_status":"open","ping_status":"closed","template":"","meta":{"_surecart_dashboard_logo_width":"180px","_surecart_dashboard_show_logo":true,"_surecart_dashboard_navigation_orders":true,"_surecart_dashboard_navigation_invoices":true,"_surecart_dashboard_navigation_subscriptions":true,"_surecart_dashboard_navigation_downloads":true,"_surecart_dashboard_navigation_billing":true,"_surecart_dashboard_navigation_account":true,"site-sidebar-layout":"default","site-content-layout":"","ast-site-content-layout":"default","site-content-style":"default","site-sidebar-style":"default","ast-global-header-display":"","ast-banner-title-visibility":"","ast-main-header-display":"","ast-hfb-above-header-display":"","ast-hfb-below-header-display":"","ast-hfb-mobile-header-display":"","site-post-title":"","ast-breadcrumbs-content":"","ast-featured-img":"","footer-sml-layout":"","ast-disable-related-posts":"","theme-transparent-header-meta":"","adv-header-id-meta":"","stick-header-meta":"","header-above-stick-meta":"","header-main-stick-meta":"","header-below-stick-meta":"","astra-migrate-meta-layouts":"default","ast-page-background-enabled":"default","ast-page-background-meta":{"desktop":{"background-color":"var(--ast-global-color-4)","background-image":"","background-repeat":"repeat","background-position":"center center","background-size":"auto","background-attachment":"scroll","background-type":"","background-media":"","overlay-type":"","overlay-color":"","overlay-opacity":"","overlay-gradient":""},"tablet":{"background-color":"","background-image":"","background-repeat":"repeat","background-position":"center center","background-size":"auto","background-attachment":"scroll","background-type":"","background-media":"","overlay-type":"","overlay-color":"","overlay-opacity":"","overlay-gradient":""},"mobile":{"background-color":"","background-image":"","background-repeat":"repeat","background-position":"center center","background-size":"auto","background-attachment":"scroll","background-type":"","background-media":"","overlay-type":"","overlay-color":"","overlay-opacity":"","overlay-gradient":""}},"ast-content-background-meta":{"desktop":{"background-color":"var(--ast-global-color-5)","background-image":"","background-repeat":"repeat","background-position":"center center","background-size":"auto","background-attachment":"scroll","background-type":"","background-media":"","overlay-type":"","overlay-color":"","overlay-opacity":"","overlay-gradient":""},"tablet":{"background-color":"var(--ast-global-color-5)","background-image":"","background-repeat":"repeat","background-position":"center center","background-size":"auto","background-attachment":"scroll","background-type":"","background-media":"","overlay-type":"","overlay-color":"","overlay-opacity":"","overlay-gradient":""},"mobile":{"background-color":"var(--ast-global-color-5)","background-image":"","background-repeat":"repeat","background-position":"center center","background-size":"auto","background-attachment":"scroll","background-type":"","background-media":"","overlay-type":"","overlay-color":"","overlay-opacity":"","overlay-gradient":""}}},"product_brand":[],"product_cat":[23],"product_tag":[],"class_list":{"0":"post-3393","1":"product","2":"type-product","3":"status-publish","4":"has-post-thumbnail","6":"product_cat-audio-y-video","7":"desktop-align-left","8":"tablet-align-left","9":"mobile-align-left","11":"first","12":"instock","13":"sale","14":"taxable","15":"shipping-taxable","16":"purchasable","17":"product-type-simple"},"yoast_head":"<!-- This site is optimized with the Yoast SEO plugin v27.5 - https:\/\/yoast.com\/product\/yoast-seo-wordpress\/ -->\n<title>Televisor SAMSUNG UN40T5290 Pulgadas LED FHD Smart TV - Giftronic.04<\/title>\n<meta name=\"robots\" content=\"index, follow, max-snippet:-1, max-image-preview:large, max-video-preview:-1\" \/>\n<link rel=\"canonical\" href=\"https:\/\/giftronic04.com\/index.php\/product\/televisor-samsung-40-pulgadas-led-fhd-smart-tv\/\" \/>\n<meta property=\"og:locale\" content=\"es_ES\" \/>\n<meta property=\"og:type\" content=\"article\" \/>\n<meta property=\"og:title\" content=\"Televisor SAMSUNG UN40T5290 Pulgadas LED FHD Smart TV - Giftronic.04\" \/>\n<meta property=\"og:description\" content=\"REF: UN40T5290 Marca: Samsung Serie 5 Resoluci\u00f3n 1,920 x 1,080 HDMI 2 USB 1 Tipo de producto LED Tama\u00f1o de pantalla 40&#8243; Video Motor de im\u00e1genes Hyper Real \u00cdndice de movimiento 60 PQI (\u00cdndice de calidad de la imagen) 1000 HDR (Alto rango din\u00e1mico) HDR Contraste Mega Contrast Color PurColor Detecci\u00f3n de brillo\/color Detecci\u00f3n de [&hellip;]\" \/>\n<meta property=\"og:url\" content=\"https:\/\/giftronic04.com\/index.php\/product\/televisor-samsung-40-pulgadas-led-fhd-smart-tv\/\" \/>\n<meta property=\"og:site_name\" content=\"Giftronic.04\" \/>\n<meta property=\"article:modified_time\" content=\"2025-05-20T06:31:26+00:00\" \/>\n<meta property=\"og:image\" content=\"https:\/\/giftronic04.com\/wp-content\/uploads\/2023\/02\/tv.jpg\" \/>\n\t<meta property=\"og:image:width\" content=\"2000\" \/>\n\t<meta property=\"og:image:height\" content=\"2000\" \/>\n\t<meta property=\"og:image:type\" content=\"image\/jpeg\" \/>\n<meta name=\"twitter:card\" content=\"summary_large_image\" \/>\n<meta name=\"twitter:label1\" content=\"Tiempo de lectura\" \/>\n\t<meta name=\"twitter:data1\" content=\"3 minutos\" \/>\n<script type=\"application\/ld+json\" class=\"yoast-schema-graph\">{\"@context\":\"https:\\\/\\\/schema.org\",\"@graph\":[{\"@type\":\"WebPage\",\"@id\":\"https:\\\/\\\/giftronic04.com\\\/index.php\\\/product\\\/televisor-samsung-40-pulgadas-led-fhd-smart-tv\\\/\",\"url\":\"https:\\\/\\\/giftronic04.com\\\/index.php\\\/product\\\/televisor-samsung-40-pulgadas-led-fhd-smart-tv\\\/\",\"name\":\"Televisor SAMSUNG UN40T5290 Pulgadas LED FHD Smart TV - Giftronic.04\",\"isPartOf\":{\"@id\":\"https:\\\/\\\/giftronic04.com\\\/#website\"},\"primaryImageOfPage\":{\"@id\":\"https:\\\/\\\/giftronic04.com\\\/index.php\\\/product\\\/televisor-samsung-40-pulgadas-led-fhd-smart-tv\\\/#primaryimage\"},\"image\":{\"@id\":\"https:\\\/\\\/giftronic04.com\\\/index.php\\\/product\\\/televisor-samsung-40-pulgadas-led-fhd-smart-tv\\\/#primaryimage\"},\"thumbnailUrl\":\"https:\\\/\\\/giftronic04.com\\\/wp-content\\\/uploads\\\/2023\\\/02\\\/tv.jpg\",\"datePublished\":\"2023-02-03T20:59:59+00:00\",\"dateModified\":\"2025-05-20T06:31:26+00:00\",\"breadcrumb\":{\"@id\":\"https:\\\/\\\/giftronic04.com\\\/index.php\\\/product\\\/televisor-samsung-40-pulgadas-led-fhd-smart-tv\\\/#breadcrumb\"},\"inLanguage\":\"es\",\"potentialAction\":[{\"@type\":\"ReadAction\",\"target\":[\"https:\\\/\\\/giftronic04.com\\\/index.php\\\/product\\\/televisor-samsung-40-pulgadas-led-fhd-smart-tv\\\/\"]}]},{\"@type\":\"ImageObject\",\"inLanguage\":\"es\",\"@id\":\"https:\\\/\\\/giftronic04.com\\\/index.php\\\/product\\\/televisor-samsung-40-pulgadas-led-fhd-smart-tv\\\/#primaryimage\",\"url\":\"https:\\\/\\\/giftronic04.com\\\/wp-content\\\/uploads\\\/2023\\\/02\\\/tv.jpg\",\"contentUrl\":\"https:\\\/\\\/giftronic04.com\\\/wp-content\\\/uploads\\\/2023\\\/02\\\/tv.jpg\",\"width\":2000,\"height\":2000},{\"@type\":\"BreadcrumbList\",\"@id\":\"https:\\\/\\\/giftronic04.com\\\/index.php\\\/product\\\/televisor-samsung-40-pulgadas-led-fhd-smart-tv\\\/#breadcrumb\",\"itemListElement\":[{\"@type\":\"ListItem\",\"position\":1,\"name\":\"Portada\",\"item\":\"https:\\\/\\\/giftronic04.com\\\/\"},{\"@type\":\"ListItem\",\"position\":2,\"name\":\"Tienda\",\"item\":\"https:\\\/\\\/giftronic04.com\\\/index.php\\\/shop\\\/\"},{\"@type\":\"ListItem\",\"position\":3,\"name\":\"Televisor SAMSUNG UN40T5290 Pulgadas LED FHD Smart TV\"}]},{\"@type\":\"WebSite\",\"@id\":\"https:\\\/\\\/giftronic04.com\\\/#website\",\"url\":\"https:\\\/\\\/giftronic04.com\\\/\",\"name\":\"Giftronic.04\",\"description\":\"Venta de equipos tecnologicos\",\"publisher\":{\"@id\":\"https:\\\/\\\/giftronic04.com\\\/#organization\"},\"potentialAction\":[{\"@type\":\"SearchAction\",\"target\":{\"@type\":\"EntryPoint\",\"urlTemplate\":\"https:\\\/\\\/giftronic04.com\\\/?s={search_term_string}\"},\"query-input\":{\"@type\":\"PropertyValueSpecification\",\"valueRequired\":true,\"valueName\":\"search_term_string\"}}],\"inLanguage\":\"es\"},{\"@type\":\"Organization\",\"@id\":\"https:\\\/\\\/giftronic04.com\\\/#organization\",\"name\":\"giftronic04\",\"url\":\"https:\\\/\\\/giftronic04.com\\\/\",\"logo\":{\"@type\":\"ImageObject\",\"inLanguage\":\"es\",\"@id\":\"https:\\\/\\\/giftronic04.com\\\/#\\\/schema\\\/logo\\\/image\\\/\",\"url\":\"https:\\\/\\\/giftronic04.com\\\/wp-content\\\/uploads\\\/2021\\\/08\\\/logo.png\",\"contentUrl\":\"https:\\\/\\\/giftronic04.com\\\/wp-content\\\/uploads\\\/2021\\\/08\\\/logo.png\",\"width\":6640,\"height\":2192,\"caption\":\"giftronic04\"},\"image\":{\"@id\":\"https:\\\/\\\/giftronic04.com\\\/#\\\/schema\\\/logo\\\/image\\\/\"},\"sameAs\":[\"https:\\\/\\\/www.instagram.com\\\/giftronic.04\\\/\"]}]}<\/script>\n<!-- \/ Yoast SEO plugin. -->","yoast_head_json":{"title":"Televisor SAMSUNG UN40T5290 Pulgadas LED FHD Smart TV - Giftronic.04","robots":{"index":"index","follow":"follow","max-snippet":"max-snippet:-1","max-image-preview":"max-image-preview:large","max-video-preview":"max-video-preview:-1"},"canonical":"https:\/\/giftronic04.com\/index.php\/product\/televisor-samsung-40-pulgadas-led-fhd-smart-tv\/","og_locale":"es_ES","og_type":"article","og_title":"Televisor SAMSUNG UN40T5290 Pulgadas LED FHD Smart TV - Giftronic.04","og_description":"REF: UN40T5290 Marca: Samsung Serie 5 Resoluci\u00f3n 1,920 x 1,080 HDMI 2 USB 1 Tipo de producto LED Tama\u00f1o de pantalla 40&#8243; Video Motor de im\u00e1genes Hyper Real \u00cdndice de movimiento 60 PQI (\u00cdndice de calidad de la imagen) 1000 HDR (Alto rango din\u00e1mico) HDR Contraste Mega Contrast Color PurColor Detecci\u00f3n de brillo\/color Detecci\u00f3n de [&hellip;]","og_url":"https:\/\/giftronic04.com\/index.php\/product\/televisor-samsung-40-pulgadas-led-fhd-smart-tv\/","og_site_name":"Giftronic.04","article_modified_time":"2025-05-20T06:31:26+00:00","og_image":[{"width":2000,"height":2000,"url":"https:\/\/giftronic04.com\/wp-content\/uploads\/2023\/02\/tv.jpg","type":"image\/jpeg"}],"twitter_card":"summary_large_image","twitter_misc":{"Tiempo de lectura":"3 minutos"},"schema":{"@context":"https:\/\/schema.org","@graph":[{"@type":"WebPage","@id":"https:\/\/giftronic04.com\/index.php\/product\/televisor-samsung-40-pulgadas-led-fhd-smart-tv\/","url":"https:\/\/giftronic04.com\/index.php\/product\/televisor-samsung-40-pulgadas-led-fhd-smart-tv\/","name":"Televisor SAMSUNG UN40T5290 Pulgadas LED FHD Smart TV - Giftronic.04","isPartOf":{"@id":"https:\/\/giftronic04.com\/#website"},"primaryImageOfPage":{"@id":"https:\/\/giftronic04.com\/index.php\/product\/televisor-samsung-40-pulgadas-led-fhd-smart-tv\/#primaryimage"},"image":{"@id":"https:\/\/giftronic04.com\/index.php\/product\/televisor-samsung-40-pulgadas-led-fhd-smart-tv\/#primaryimage"},"thumbnailUrl":"https:\/\/giftronic04.com\/wp-content\/uploads\/2023\/02\/tv.jpg","datePublished":"2023-02-03T20:59:59+00:00","dateModified":"2025-05-20T06:31:26+00:00","breadcrumb":{"@id":"https:\/\/giftronic04.com\/index.php\/product\/televisor-samsung-40-pulgadas-led-fhd-smart-tv\/#breadcrumb"},"inLanguage":"es","potentialAction":[{"@type":"ReadAction","target":["https:\/\/giftronic04.com\/index.php\/product\/televisor-samsung-40-pulgadas-led-fhd-smart-tv\/"]}]},{"@type":"ImageObject","inLanguage":"es","@id":"https:\/\/giftronic04.com\/index.php\/product\/televisor-samsung-40-pulgadas-led-fhd-smart-tv\/#primaryimage","url":"https:\/\/giftronic04.com\/wp-content\/uploads\/2023\/02\/tv.jpg","contentUrl":"https:\/\/giftronic04.com\/wp-content\/uploads\/2023\/02\/tv.jpg","width":2000,"height":2000},{"@type":"BreadcrumbList","@id":"https:\/\/giftronic04.com\/index.php\/product\/televisor-samsung-40-pulgadas-led-fhd-smart-tv\/#breadcrumb","itemListElement":[{"@type":"ListItem","position":1,"name":"Portada","item":"https:\/\/giftronic04.com\/"},{"@type":"ListItem","position":2,"name":"Tienda","item":"https:\/\/giftronic04.com\/index.php\/shop\/"},{"@type":"ListItem","position":3,"name":"Televisor SAMSUNG UN40T5290 Pulgadas LED FHD Smart TV"}]},{"@type":"WebSite","@id":"https:\/\/giftronic04.com\/#website","url":"https:\/\/giftronic04.com\/","name":"Giftronic.04","description":"Venta de equipos tecnologicos","publisher":{"@id":"https:\/\/giftronic04.com\/#organization"},"potentialAction":[{"@type":"SearchAction","target":{"@type":"EntryPoint","urlTemplate":"https:\/\/giftronic04.com\/?s={search_term_string}"},"query-input":{"@type":"PropertyValueSpecification","valueRequired":true,"valueName":"search_term_string"}}],"inLanguage":"es"},{"@type":"Organization","@id":"https:\/\/giftronic04.com\/#organization","name":"giftronic04","url":"https:\/\/giftronic04.com\/","logo":{"@type":"ImageObject","inLanguage":"es","@id":"https:\/\/giftronic04.com\/#\/schema\/logo\/image\/","url":"https:\/\/giftronic04.com\/wp-content\/uploads\/2021\/08\/logo.png","contentUrl":"https:\/\/giftronic04.com\/wp-content\/uploads\/2021\/08\/logo.png","width":6640,"height":2192,"caption":"giftronic04"},"image":{"@id":"https:\/\/giftronic04.com\/#\/schema\/logo\/image\/"},"sameAs":["https:\/\/www.instagram.com\/giftronic.04\/"]}]}},"jetpack_sharing_enabled":true,"_links":{"self":[{"href":"https:\/\/giftronic04.com\/index.php\/wp-json\/wp\/v2\/product\/3393","targetHints":{"allow":["GET"]}}],"collection":[{"href":"https:\/\/giftronic04.com\/index.php\/wp-json\/wp\/v2\/product"}],"about":[{"href":"https:\/\/giftronic04.com\/index.php\/wp-json\/wp\/v2\/types\/product"}],"replies":[{"embeddable":true,"href":"https:\/\/giftronic04.com\/index.php\/wp-json\/wp\/v2\/comments?post=3393"}],"wp:featuredmedia":[{"embeddable":true,"href":"https:\/\/giftronic04.com\/index.php\/wp-json\/wp\/v2\/media\/3394"}],"wp:attachment":[{"href":"https:\/\/giftronic04.com\/index.php\/wp-json\/wp\/v2\/media?parent=3393"}],"wp:term":[{"taxonomy":"product_brand","embeddable":true,"href":"https:\/\/giftronic04.com\/index.php\/wp-json\/wp\/v2\/product_brand?post=3393"},{"taxonomy":"product_cat","embeddable":true,"href":"https:\/\/giftronic04.com\/index.php\/wp-json\/wp\/v2\/product_cat?post=3393"},{"taxonomy":"product_tag","embeddable":true,"href":"https:\/\/giftronic04.com\/index.php\/wp-json\/wp\/v2\/product_tag?post=3393"}],"curies":[{"name":"wp","href":"https:\/\/api.w.org\/{rel}","templated":true}]}}