{"id":4580,"date":"2023-08-24T12:36:32","date_gmt":"2023-08-24T17:36:32","guid":{"rendered":"https:\/\/giftronic04.com\/?post_type=product&#038;p=4580"},"modified":"2023-08-26T09:11:43","modified_gmt":"2023-08-26T14:11:43","slug":"mouse-microsoft-inalambrico-bluetooh-laser-artic-camo-gris","status":"publish","type":"product","link":"https:\/\/giftronic04.com\/index.php\/product\/mouse-microsoft-inalambrico-bluetooh-laser-artic-camo-gris\/","title":{"rendered":"Mouse MICROSOFT Inal\u00e1mbrico Bluetooh Laser Artic Camo Gris"},"content":{"rendered":"<p>Especificaciones<\/p>\n<p>Caracter\u00edsticas T\u00e9cnicas<\/p>\n<p>Sensor \u00d3ptico<\/p>\n<p>1000\u00a0 Dpi<\/p>\n<p>Opciones de Conectividad<\/p>\n<p>Bluetooth<\/p>\n<p>Apto para Manejo con Mano<\/p>\n<p>Ambidiestra<\/p>\n<p>Distancia Max de Operaci\u00f3n<\/p>\n<p>1000 Cent\u00edmetros<\/p>\n<p>Sistema Operativo Compatible<\/p>\n<p>Compatible con Cualquier Sistema Operativo<\/p>\n<p>Pilas Bater\u00edas que Requiere<\/p>\n<p>Pila Alcalina AA<\/p>\n<p>No. Pilas o Bater\u00edas que Requiere<\/p>\n<p>1\u00a0 Bater\u00edas<\/p>\n<p>Caracter\u00edsticas F\u00edsicas<\/p>\n<p>Dise\u00f1o Ergon\u00f3mico<\/p>\n<p>No Tiene Dise\u00f1o Ergon\u00f3mico<\/p>\n<p>Conexi\u00f3n<\/p>\n<p>Inal\u00e1mbrica<\/p>\n<p>Detalles del Producto<\/p>\n<p>No. Botones<\/p>\n<p>3 Botones<\/p>\n<p>Tipo de Mouse<\/p>\n<p>\u00d3ptico<\/p>\n<p>Plug and Play<\/p>\n<p>Si Es Plug and Play<\/p>\n<p>Uso<\/p>\n<p>Computadores<\/p>\n<p>Informaci\u00f3n B\u00e1sica<\/p>\n<p>Tonalidad de Color<\/p>\n<p>Gris<\/p>\n<p>Linea Modelo Referencia<\/p>\n<p>8KX-00001<\/p>\n<p>Caracter\u00edsticas destacadas<\/p>\n<p>Trabaja de manera m\u00e1s eficiente con tres botones<\/p>\n<p>Dise\u00f1o compacto y moderno cabe c\u00f3modamente en su mano<\/p>\n<p>Sensor de seguimiento r\u00e1pido<\/p>\n<p>Trabaje de manera m\u00e1s eficaz<\/p>\n<p>Sensor de seguimiento r\u00e1pido<\/p>\n<p>Resumen del producto<\/p>\n<p>Utiliza el Mouse inal\u00e1mbrico Bluetooh Artic Camo Gris de MICROSOFT para desplazarte y navegar con precisi\u00f3n. | Este mouse viene en una selecci\u00f3n de dise\u00f1os de camuflaje de edici\u00f3n especial. Incluye un paquete de temas exclusivo para darle vida a tu escritorio y un dise\u00f1o compacto y moderno que se adapta c\u00f3modamente a tu mano. Hasta 12 horas de autonom\u00eda, Se conecta f\u00e1cilmente a tu port\u00e1til a trav\u00e9s de Bluetooth 5.0. Desplazamiento suave en la mayor\u00eda de las superficies, trabaja en documentos y sitios web con una rueda de desplazamiento dedicada. \u00a1Lleva el tuyo ac\u00e1!<\/p>\n<p>&nbsp;<\/p>\n","protected":false},"excerpt":{"rendered":"<p><img decoding=\"async\" class=\"\" src=\"https:\/\/i.postimg.cc\/Dz17VmBv\/DOMI.jpg\" width=\"180\" height=\"54\" \/><\/p>\n","protected":false},"featured_media":4581,"comment_status":"open","ping_status":"closed","template":"","meta":{"_surecart_dashboard_logo_width":"180px","_surecart_dashboard_show_logo":true,"_surecart_dashboard_navigation_orders":true,"_surecart_dashboard_navigation_invoices":true,"_surecart_dashboard_navigation_subscriptions":true,"_surecart_dashboard_navigation_downloads":true,"_surecart_dashboard_navigation_billing":true,"_surecart_dashboard_navigation_account":true,"site-sidebar-layout":"default","site-content-layout":"","ast-site-content-layout":"default","site-content-style":"default","site-sidebar-style":"default","ast-global-header-display":"","ast-banner-title-visibility":"","ast-main-header-display":"","ast-hfb-above-header-display":"","ast-hfb-below-header-display":"","ast-hfb-mobile-header-display":"","site-post-title":"","ast-breadcrumbs-content":"","ast-featured-img":"","footer-sml-layout":"","ast-disable-related-posts":"","theme-transparent-header-meta":"","adv-header-id-meta":"","stick-header-meta":"","header-above-stick-meta":"","header-main-stick-meta":"","header-below-stick-meta":"","astra-migrate-meta-layouts":"default","ast-page-background-enabled":"default","ast-page-background-meta":{"desktop":{"background-color":"var(--ast-global-color-4)","background-image":"","background-repeat":"repeat","background-position":"center center","background-size":"auto","background-attachment":"scroll","background-type":"","background-media":"","overlay-type":"","overlay-color":"","overlay-opacity":"","overlay-gradient":""},"tablet":{"background-color":"","background-image":"","background-repeat":"repeat","background-position":"center center","background-size":"auto","background-attachment":"scroll","background-type":"","background-media":"","overlay-type":"","overlay-color":"","overlay-opacity":"","overlay-gradient":""},"mobile":{"background-color":"","background-image":"","background-repeat":"repeat","background-position":"center center","background-size":"auto","background-attachment":"scroll","background-type":"","background-media":"","overlay-type":"","overlay-color":"","overlay-opacity":"","overlay-gradient":""}},"ast-content-background-meta":{"desktop":{"background-color":"var(--ast-global-color-5)","background-image":"","background-repeat":"repeat","background-position":"center center","background-size":"auto","background-attachment":"scroll","background-type":"","background-media":"","overlay-type":"","overlay-color":"","overlay-opacity":"","overlay-gradient":""},"tablet":{"background-color":"var(--ast-global-color-5)","background-image":"","background-repeat":"repeat","background-position":"center center","background-size":"auto","background-attachment":"scroll","background-type":"","background-media":"","overlay-type":"","overlay-color":"","overlay-opacity":"","overlay-gradient":""},"mobile":{"background-color":"var(--ast-global-color-5)","background-image":"","background-repeat":"repeat","background-position":"center center","background-size":"auto","background-attachment":"scroll","background-type":"","background-media":"","overlay-type":"","overlay-color":"","overlay-opacity":"","overlay-gradient":""}}},"product_brand":[],"product_cat":[52],"product_tag":[],"class_list":{"0":"post-4580","1":"product","2":"type-product","3":"status-publish","4":"has-post-thumbnail","6":"product_cat-mouses-y-teclados","7":"desktop-align-left","8":"tablet-align-left","9":"mobile-align-left","11":"first","12":"instock","13":"sale","14":"taxable","15":"shipping-taxable","16":"purchasable","17":"product-type-simple"},"yoast_head":"<!-- This site is optimized with the Yoast SEO plugin v27.5 - https:\/\/yoast.com\/product\/yoast-seo-wordpress\/ -->\n<title>Mouse MICROSOFT Inal\u00e1mbrico Bluetooh Laser Artic Camo Gris - Giftronic.04<\/title>\n<meta name=\"robots\" content=\"index, follow, max-snippet:-1, max-image-preview:large, max-video-preview:-1\" \/>\n<link rel=\"canonical\" href=\"https:\/\/giftronic04.com\/index.php\/product\/mouse-microsoft-inalambrico-bluetooh-laser-artic-camo-gris\/\" \/>\n<meta property=\"og:locale\" content=\"es_ES\" \/>\n<meta property=\"og:type\" content=\"article\" \/>\n<meta property=\"og:title\" content=\"Mouse MICROSOFT Inal\u00e1mbrico Bluetooh Laser Artic Camo Gris - Giftronic.04\" \/>\n<meta property=\"og:url\" content=\"https:\/\/giftronic04.com\/index.php\/product\/mouse-microsoft-inalambrico-bluetooh-laser-artic-camo-gris\/\" \/>\n<meta property=\"og:site_name\" content=\"Giftronic.04\" \/>\n<meta property=\"article:modified_time\" content=\"2023-08-26T14:11:43+00:00\" \/>\n<meta property=\"og:image\" content=\"https:\/\/giftronic04.com\/wp-content\/uploads\/2023\/08\/889842756975-002-1400Wx1400H.jpeg\" \/>\n\t<meta property=\"og:image:width\" content=\"2000\" \/>\n\t<meta property=\"og:image:height\" content=\"2000\" \/>\n\t<meta property=\"og:image:type\" content=\"image\/jpeg\" \/>\n<meta name=\"twitter:card\" content=\"summary_large_image\" \/>\n<meta name=\"twitter:label1\" content=\"Tiempo de lectura\" \/>\n\t<meta name=\"twitter:data1\" content=\"1 minuto\" \/>\n<script type=\"application\/ld+json\" class=\"yoast-schema-graph\">{\"@context\":\"https:\\\/\\\/schema.org\",\"@graph\":[{\"@type\":\"WebPage\",\"@id\":\"https:\\\/\\\/giftronic04.com\\\/index.php\\\/product\\\/mouse-microsoft-inalambrico-bluetooh-laser-artic-camo-gris\\\/\",\"url\":\"https:\\\/\\\/giftronic04.com\\\/index.php\\\/product\\\/mouse-microsoft-inalambrico-bluetooh-laser-artic-camo-gris\\\/\",\"name\":\"Mouse MICROSOFT Inal\u00e1mbrico Bluetooh Laser Artic Camo Gris - Giftronic.04\",\"isPartOf\":{\"@id\":\"https:\\\/\\\/giftronic04.com\\\/#website\"},\"primaryImageOfPage\":{\"@id\":\"https:\\\/\\\/giftronic04.com\\\/index.php\\\/product\\\/mouse-microsoft-inalambrico-bluetooh-laser-artic-camo-gris\\\/#primaryimage\"},\"image\":{\"@id\":\"https:\\\/\\\/giftronic04.com\\\/index.php\\\/product\\\/mouse-microsoft-inalambrico-bluetooh-laser-artic-camo-gris\\\/#primaryimage\"},\"thumbnailUrl\":\"https:\\\/\\\/giftronic04.com\\\/wp-content\\\/uploads\\\/2023\\\/08\\\/889842756975-002-1400Wx1400H.jpeg\",\"datePublished\":\"2023-08-24T17:36:32+00:00\",\"dateModified\":\"2023-08-26T14:11:43+00:00\",\"breadcrumb\":{\"@id\":\"https:\\\/\\\/giftronic04.com\\\/index.php\\\/product\\\/mouse-microsoft-inalambrico-bluetooh-laser-artic-camo-gris\\\/#breadcrumb\"},\"inLanguage\":\"es\",\"potentialAction\":[{\"@type\":\"ReadAction\",\"target\":[\"https:\\\/\\\/giftronic04.com\\\/index.php\\\/product\\\/mouse-microsoft-inalambrico-bluetooh-laser-artic-camo-gris\\\/\"]}]},{\"@type\":\"ImageObject\",\"inLanguage\":\"es\",\"@id\":\"https:\\\/\\\/giftronic04.com\\\/index.php\\\/product\\\/mouse-microsoft-inalambrico-bluetooh-laser-artic-camo-gris\\\/#primaryimage\",\"url\":\"https:\\\/\\\/giftronic04.com\\\/wp-content\\\/uploads\\\/2023\\\/08\\\/889842756975-002-1400Wx1400H.jpeg\",\"contentUrl\":\"https:\\\/\\\/giftronic04.com\\\/wp-content\\\/uploads\\\/2023\\\/08\\\/889842756975-002-1400Wx1400H.jpeg\",\"width\":2000,\"height\":2000},{\"@type\":\"BreadcrumbList\",\"@id\":\"https:\\\/\\\/giftronic04.com\\\/index.php\\\/product\\\/mouse-microsoft-inalambrico-bluetooh-laser-artic-camo-gris\\\/#breadcrumb\",\"itemListElement\":[{\"@type\":\"ListItem\",\"position\":1,\"name\":\"Portada\",\"item\":\"https:\\\/\\\/giftronic04.com\\\/\"},{\"@type\":\"ListItem\",\"position\":2,\"name\":\"Tienda\",\"item\":\"https:\\\/\\\/giftronic04.com\\\/index.php\\\/shop\\\/\"},{\"@type\":\"ListItem\",\"position\":3,\"name\":\"Mouse MICROSOFT Inal\u00e1mbrico Bluetooh Laser Artic Camo Gris\"}]},{\"@type\":\"WebSite\",\"@id\":\"https:\\\/\\\/giftronic04.com\\\/#website\",\"url\":\"https:\\\/\\\/giftronic04.com\\\/\",\"name\":\"Giftronic.04\",\"description\":\"Venta de equipos tecnologicos\",\"publisher\":{\"@id\":\"https:\\\/\\\/giftronic04.com\\\/#organization\"},\"potentialAction\":[{\"@type\":\"SearchAction\",\"target\":{\"@type\":\"EntryPoint\",\"urlTemplate\":\"https:\\\/\\\/giftronic04.com\\\/?s={search_term_string}\"},\"query-input\":{\"@type\":\"PropertyValueSpecification\",\"valueRequired\":true,\"valueName\":\"search_term_string\"}}],\"inLanguage\":\"es\"},{\"@type\":\"Organization\",\"@id\":\"https:\\\/\\\/giftronic04.com\\\/#organization\",\"name\":\"giftronic04\",\"url\":\"https:\\\/\\\/giftronic04.com\\\/\",\"logo\":{\"@type\":\"ImageObject\",\"inLanguage\":\"es\",\"@id\":\"https:\\\/\\\/giftronic04.com\\\/#\\\/schema\\\/logo\\\/image\\\/\",\"url\":\"https:\\\/\\\/giftronic04.com\\\/wp-content\\\/uploads\\\/2021\\\/08\\\/logo.png\",\"contentUrl\":\"https:\\\/\\\/giftronic04.com\\\/wp-content\\\/uploads\\\/2021\\\/08\\\/logo.png\",\"width\":6640,\"height\":2192,\"caption\":\"giftronic04\"},\"image\":{\"@id\":\"https:\\\/\\\/giftronic04.com\\\/#\\\/schema\\\/logo\\\/image\\\/\"},\"sameAs\":[\"https:\\\/\\\/www.instagram.com\\\/giftronic.04\\\/\"]}]}<\/script>\n<!-- \/ Yoast SEO plugin. -->","yoast_head_json":{"title":"Mouse MICROSOFT Inal\u00e1mbrico Bluetooh Laser Artic Camo Gris - Giftronic.04","robots":{"index":"index","follow":"follow","max-snippet":"max-snippet:-1","max-image-preview":"max-image-preview:large","max-video-preview":"max-video-preview:-1"},"canonical":"https:\/\/giftronic04.com\/index.php\/product\/mouse-microsoft-inalambrico-bluetooh-laser-artic-camo-gris\/","og_locale":"es_ES","og_type":"article","og_title":"Mouse MICROSOFT Inal\u00e1mbrico Bluetooh Laser Artic Camo Gris - Giftronic.04","og_url":"https:\/\/giftronic04.com\/index.php\/product\/mouse-microsoft-inalambrico-bluetooh-laser-artic-camo-gris\/","og_site_name":"Giftronic.04","article_modified_time":"2023-08-26T14:11:43+00:00","og_image":[{"width":2000,"height":2000,"url":"https:\/\/giftronic04.com\/wp-content\/uploads\/2023\/08\/889842756975-002-1400Wx1400H.jpeg","type":"image\/jpeg"}],"twitter_card":"summary_large_image","twitter_misc":{"Tiempo de lectura":"1 minuto"},"schema":{"@context":"https:\/\/schema.org","@graph":[{"@type":"WebPage","@id":"https:\/\/giftronic04.com\/index.php\/product\/mouse-microsoft-inalambrico-bluetooh-laser-artic-camo-gris\/","url":"https:\/\/giftronic04.com\/index.php\/product\/mouse-microsoft-inalambrico-bluetooh-laser-artic-camo-gris\/","name":"Mouse MICROSOFT Inal\u00e1mbrico Bluetooh Laser Artic Camo Gris - Giftronic.04","isPartOf":{"@id":"https:\/\/giftronic04.com\/#website"},"primaryImageOfPage":{"@id":"https:\/\/giftronic04.com\/index.php\/product\/mouse-microsoft-inalambrico-bluetooh-laser-artic-camo-gris\/#primaryimage"},"image":{"@id":"https:\/\/giftronic04.com\/index.php\/product\/mouse-microsoft-inalambrico-bluetooh-laser-artic-camo-gris\/#primaryimage"},"thumbnailUrl":"https:\/\/giftronic04.com\/wp-content\/uploads\/2023\/08\/889842756975-002-1400Wx1400H.jpeg","datePublished":"2023-08-24T17:36:32+00:00","dateModified":"2023-08-26T14:11:43+00:00","breadcrumb":{"@id":"https:\/\/giftronic04.com\/index.php\/product\/mouse-microsoft-inalambrico-bluetooh-laser-artic-camo-gris\/#breadcrumb"},"inLanguage":"es","potentialAction":[{"@type":"ReadAction","target":["https:\/\/giftronic04.com\/index.php\/product\/mouse-microsoft-inalambrico-bluetooh-laser-artic-camo-gris\/"]}]},{"@type":"ImageObject","inLanguage":"es","@id":"https:\/\/giftronic04.com\/index.php\/product\/mouse-microsoft-inalambrico-bluetooh-laser-artic-camo-gris\/#primaryimage","url":"https:\/\/giftronic04.com\/wp-content\/uploads\/2023\/08\/889842756975-002-1400Wx1400H.jpeg","contentUrl":"https:\/\/giftronic04.com\/wp-content\/uploads\/2023\/08\/889842756975-002-1400Wx1400H.jpeg","width":2000,"height":2000},{"@type":"BreadcrumbList","@id":"https:\/\/giftronic04.com\/index.php\/product\/mouse-microsoft-inalambrico-bluetooh-laser-artic-camo-gris\/#breadcrumb","itemListElement":[{"@type":"ListItem","position":1,"name":"Portada","item":"https:\/\/giftronic04.com\/"},{"@type":"ListItem","position":2,"name":"Tienda","item":"https:\/\/giftronic04.com\/index.php\/shop\/"},{"@type":"ListItem","position":3,"name":"Mouse MICROSOFT Inal\u00e1mbrico Bluetooh Laser Artic Camo Gris"}]},{"@type":"WebSite","@id":"https:\/\/giftronic04.com\/#website","url":"https:\/\/giftronic04.com\/","name":"Giftronic.04","description":"Venta de equipos tecnologicos","publisher":{"@id":"https:\/\/giftronic04.com\/#organization"},"potentialAction":[{"@type":"SearchAction","target":{"@type":"EntryPoint","urlTemplate":"https:\/\/giftronic04.com\/?s={search_term_string}"},"query-input":{"@type":"PropertyValueSpecification","valueRequired":true,"valueName":"search_term_string"}}],"inLanguage":"es"},{"@type":"Organization","@id":"https:\/\/giftronic04.com\/#organization","name":"giftronic04","url":"https:\/\/giftronic04.com\/","logo":{"@type":"ImageObject","inLanguage":"es","@id":"https:\/\/giftronic04.com\/#\/schema\/logo\/image\/","url":"https:\/\/giftronic04.com\/wp-content\/uploads\/2021\/08\/logo.png","contentUrl":"https:\/\/giftronic04.com\/wp-content\/uploads\/2021\/08\/logo.png","width":6640,"height":2192,"caption":"giftronic04"},"image":{"@id":"https:\/\/giftronic04.com\/#\/schema\/logo\/image\/"},"sameAs":["https:\/\/www.instagram.com\/giftronic.04\/"]}]}},"jetpack_sharing_enabled":true,"_links":{"self":[{"href":"https:\/\/giftronic04.com\/index.php\/wp-json\/wp\/v2\/product\/4580","targetHints":{"allow":["GET"]}}],"collection":[{"href":"https:\/\/giftronic04.com\/index.php\/wp-json\/wp\/v2\/product"}],"about":[{"href":"https:\/\/giftronic04.com\/index.php\/wp-json\/wp\/v2\/types\/product"}],"replies":[{"embeddable":true,"href":"https:\/\/giftronic04.com\/index.php\/wp-json\/wp\/v2\/comments?post=4580"}],"wp:featuredmedia":[{"embeddable":true,"href":"https:\/\/giftronic04.com\/index.php\/wp-json\/wp\/v2\/media\/4581"}],"wp:attachment":[{"href":"https:\/\/giftronic04.com\/index.php\/wp-json\/wp\/v2\/media?parent=4580"}],"wp:term":[{"taxonomy":"product_brand","embeddable":true,"href":"https:\/\/giftronic04.com\/index.php\/wp-json\/wp\/v2\/product_brand?post=4580"},{"taxonomy":"product_cat","embeddable":true,"href":"https:\/\/giftronic04.com\/index.php\/wp-json\/wp\/v2\/product_cat?post=4580"},{"taxonomy":"product_tag","embeddable":true,"href":"https:\/\/giftronic04.com\/index.php\/wp-json\/wp\/v2\/product_tag?post=4580"}],"curies":[{"name":"wp","href":"https:\/\/api.w.org\/{rel}","templated":true}]}}