{"id":4757,"date":"2023-09-15T12:17:11","date_gmt":"2023-09-15T17:17:11","guid":{"rendered":"https:\/\/giftronic04.com\/?post_type=product&#038;p=4757"},"modified":"2026-04-07T11:18:09","modified_gmt":"2026-04-07T16:18:09","slug":"mouse-acer-alambrico-gaming-nitro","status":"publish","type":"product","link":"https:\/\/giftronic04.com\/index.php\/product\/mouse-acer-alambrico-gaming-nitro\/","title":{"rendered":"Mouse ACER Al\u00e1mbrico Gaming Nitro"},"content":{"rendered":"<p>Caracter\u00edsticas T\u00e9cnicas<\/p>\n<p>Sensor Optico<\/p>\n<p>4200\u00a0 Dpi<\/p>\n<p>Opciones de Conectividad<\/p>\n<p>USB<\/p>\n<p>Apto para Manejo con Mano<\/p>\n<p>Diestra<\/p>\n<p>Distancia Max de Operaci\u00f3n<\/p>\n<p>150 Cent\u00edmetros<\/p>\n<p>Sistema Operativo Compatible<\/p>\n<p>Android<\/p>\n<p>iOS<\/p>\n<p>Mac Os<\/p>\n<p>Windows<\/p>\n<p>Pilas Baterias que Requiere<\/p>\n<p>No Requiere Pilas o Bater\u00edas<\/p>\n<p>Caracter\u00edsticas F\u00edsicas<\/p>\n<p>Dise\u00f1o Ergon\u00f3mico<\/p>\n<p>SI Tiene Dise\u00f1o Ergon\u00f3mico<\/p>\n<p>Conexi\u00f3n<\/p>\n<p>Al\u00e1mbrica<\/p>\n<p>Detalles del Producto<\/p>\n<p>No. Botones<\/p>\n<p>8\u00a0 Botones<\/p>\n<p>Tipo de Mouse<\/p>\n<p>Gaming<\/p>\n<p>Plug and Play<\/p>\n<p>Si Es Plug and Play<\/p>\n<p>Informaci\u00f3n B\u00e1sica<\/p>\n<p>Tonalidad de Color<\/p>\n<p>Negro|Rojo<\/p>\n<p>Linea Modelo Referencia<\/p>\n<p>NMW120<\/p>\n<p>Informaci\u00f3n Adicional Relevante<\/p>\n<p>&nbsp;<\/p>\n<p>Caracter\u00edsticas destacadas<\/p>\n<p>8 botones programables que permite ajustar tus preferencias<\/p>\n<p>Tecnolog\u00eda LED azul para funcionamiento sobre superficies.<\/p>\n<p>RGB: Con 4 opciones de color<\/p>\n<p>Dise\u00f1o ergon\u00f3mico para m\u00e1s tiempo de Juego<\/p>\n<p>&nbsp;<\/p>\n<p>Resumen del producto<\/p>\n<p>Acer trae para ti su potente Mouse Nitro NMW120 Gaming, el cual le permitir\u00e1 adaptarse al juego a trav\u00e9s de seis niveles de DPI ajustables. As\u00ed mismo podr\u00e1s maximiza tu juego haciendo uso de ocho botones, uno de los cuales es Burst Fire, lo que te permite disparar en r\u00e1pida sucesi\u00f3n tres veces con un solo clic. Adapte a\u00fan m\u00e1s el mouse con hasta 20 gramos de peso opcional.<\/p>\n","protected":false},"excerpt":{"rendered":"<p>Caracter\u00edsticas T\u00e9cnicas Sensor Optico 4200\u00a0 Dpi Opciones de Conectividad USB Apto para Manejo con Mano Diestra Distancia Max de Operaci\u00f3n 150 Cent\u00edmetros Sistema Operativo Compatible Android iOS Mac Os Windows Pilas Baterias que Requiere No Requiere Pilas o Bater\u00edas Caracter\u00edsticas F\u00edsicas Dise\u00f1o Ergon\u00f3mico SI Tiene Dise\u00f1o Ergon\u00f3mico Conexi\u00f3n Al\u00e1mbrica Detalles del Producto No. Botones 8\u00a0 [&hellip;]<\/p>\n","protected":false},"featured_media":4758,"comment_status":"open","ping_status":"closed","template":"","meta":{"_surecart_dashboard_logo_width":"180px","_surecart_dashboard_show_logo":true,"_surecart_dashboard_navigation_orders":true,"_surecart_dashboard_navigation_invoices":true,"_surecart_dashboard_navigation_subscriptions":true,"_surecart_dashboard_navigation_downloads":true,"_surecart_dashboard_navigation_billing":true,"_surecart_dashboard_navigation_account":true,"site-sidebar-layout":"default","site-content-layout":"","ast-site-content-layout":"default","site-content-style":"default","site-sidebar-style":"default","ast-global-header-display":"","ast-banner-title-visibility":"","ast-main-header-display":"","ast-hfb-above-header-display":"","ast-hfb-below-header-display":"","ast-hfb-mobile-header-display":"","site-post-title":"","ast-breadcrumbs-content":"","ast-featured-img":"","footer-sml-layout":"","ast-disable-related-posts":"","theme-transparent-header-meta":"","adv-header-id-meta":"","stick-header-meta":"","header-above-stick-meta":"","header-main-stick-meta":"","header-below-stick-meta":"","astra-migrate-meta-layouts":"default","ast-page-background-enabled":"default","ast-page-background-meta":{"desktop":{"background-color":"var(--ast-global-color-4)","background-image":"","background-repeat":"repeat","background-position":"center center","background-size":"auto","background-attachment":"scroll","background-type":"","background-media":"","overlay-type":"","overlay-color":"","overlay-opacity":"","overlay-gradient":""},"tablet":{"background-color":"","background-image":"","background-repeat":"repeat","background-position":"center center","background-size":"auto","background-attachment":"scroll","background-type":"","background-media":"","overlay-type":"","overlay-color":"","overlay-opacity":"","overlay-gradient":""},"mobile":{"background-color":"","background-image":"","background-repeat":"repeat","background-position":"center center","background-size":"auto","background-attachment":"scroll","background-type":"","background-media":"","overlay-type":"","overlay-color":"","overlay-opacity":"","overlay-gradient":""}},"ast-content-background-meta":{"desktop":{"background-color":"var(--ast-global-color-5)","background-image":"","background-repeat":"repeat","background-position":"center center","background-size":"auto","background-attachment":"scroll","background-type":"","background-media":"","overlay-type":"","overlay-color":"","overlay-opacity":"","overlay-gradient":""},"tablet":{"background-color":"var(--ast-global-color-5)","background-image":"","background-repeat":"repeat","background-position":"center center","background-size":"auto","background-attachment":"scroll","background-type":"","background-media":"","overlay-type":"","overlay-color":"","overlay-opacity":"","overlay-gradient":""},"mobile":{"background-color":"var(--ast-global-color-5)","background-image":"","background-repeat":"repeat","background-position":"center center","background-size":"auto","background-attachment":"scroll","background-type":"","background-media":"","overlay-type":"","overlay-color":"","overlay-opacity":"","overlay-gradient":""}}},"product_brand":[],"product_cat":[52],"product_tag":[],"class_list":{"0":"post-4757","1":"product","2":"type-product","3":"status-publish","4":"has-post-thumbnail","6":"product_cat-mouses-y-teclados","7":"desktop-align-left","8":"tablet-align-left","9":"mobile-align-left","11":"first","12":"outofstock","13":"sale","14":"taxable","15":"shipping-taxable","16":"purchasable","17":"product-type-simple"},"yoast_head":"<!-- This site is optimized with the Yoast SEO plugin v27.5 - https:\/\/yoast.com\/product\/yoast-seo-wordpress\/ -->\n<title>Mouse ACER Al\u00e1mbrico Gaming Nitro - Giftronic.04<\/title>\n<meta name=\"robots\" content=\"index, follow, max-snippet:-1, max-image-preview:large, max-video-preview:-1\" \/>\n<link rel=\"canonical\" href=\"https:\/\/giftronic04.com\/index.php\/product\/mouse-acer-alambrico-gaming-nitro\/\" \/>\n<meta property=\"og:locale\" content=\"es_ES\" \/>\n<meta property=\"og:type\" content=\"article\" \/>\n<meta property=\"og:title\" content=\"Mouse ACER Al\u00e1mbrico Gaming Nitro - Giftronic.04\" \/>\n<meta property=\"og:description\" content=\"Caracter\u00edsticas T\u00e9cnicas Sensor Optico 4200\u00a0 Dpi Opciones de Conectividad USB Apto para Manejo con Mano Diestra Distancia Max de Operaci\u00f3n 150 Cent\u00edmetros Sistema Operativo Compatible Android iOS Mac Os Windows Pilas Baterias que Requiere No Requiere Pilas o Bater\u00edas Caracter\u00edsticas F\u00edsicas Dise\u00f1o Ergon\u00f3mico SI Tiene Dise\u00f1o Ergon\u00f3mico Conexi\u00f3n Al\u00e1mbrica Detalles del Producto No. Botones 8\u00a0 [&hellip;]\" \/>\n<meta property=\"og:url\" content=\"https:\/\/giftronic04.com\/index.php\/product\/mouse-acer-alambrico-gaming-nitro\/\" \/>\n<meta property=\"og:site_name\" content=\"Giftronic.04\" \/>\n<meta property=\"article:modified_time\" content=\"2026-04-07T16:18:09+00:00\" \/>\n<meta property=\"og:image\" content=\"https:\/\/giftronic04.com\/wp-content\/uploads\/2023\/09\/4710886498148-001-1400Wx1400H.jpg\" \/>\n\t<meta property=\"og:image:width\" content=\"2000\" \/>\n\t<meta property=\"og:image:height\" content=\"1999\" \/>\n\t<meta property=\"og:image:type\" content=\"image\/jpeg\" \/>\n<meta name=\"twitter:card\" content=\"summary_large_image\" \/>\n<meta name=\"twitter:label1\" content=\"Tiempo de lectura\" \/>\n\t<meta name=\"twitter:data1\" content=\"1 minuto\" \/>\n<script type=\"application\/ld+json\" class=\"yoast-schema-graph\">{\"@context\":\"https:\\\/\\\/schema.org\",\"@graph\":[{\"@type\":\"WebPage\",\"@id\":\"https:\\\/\\\/giftronic04.com\\\/index.php\\\/product\\\/mouse-acer-alambrico-gaming-nitro\\\/\",\"url\":\"https:\\\/\\\/giftronic04.com\\\/index.php\\\/product\\\/mouse-acer-alambrico-gaming-nitro\\\/\",\"name\":\"Mouse ACER Al\u00e1mbrico Gaming Nitro - Giftronic.04\",\"isPartOf\":{\"@id\":\"https:\\\/\\\/giftronic04.com\\\/#website\"},\"primaryImageOfPage\":{\"@id\":\"https:\\\/\\\/giftronic04.com\\\/index.php\\\/product\\\/mouse-acer-alambrico-gaming-nitro\\\/#primaryimage\"},\"image\":{\"@id\":\"https:\\\/\\\/giftronic04.com\\\/index.php\\\/product\\\/mouse-acer-alambrico-gaming-nitro\\\/#primaryimage\"},\"thumbnailUrl\":\"https:\\\/\\\/giftronic04.com\\\/wp-content\\\/uploads\\\/2023\\\/09\\\/4710886498148-001-1400Wx1400H.jpg\",\"datePublished\":\"2023-09-15T17:17:11+00:00\",\"dateModified\":\"2026-04-07T16:18:09+00:00\",\"breadcrumb\":{\"@id\":\"https:\\\/\\\/giftronic04.com\\\/index.php\\\/product\\\/mouse-acer-alambrico-gaming-nitro\\\/#breadcrumb\"},\"inLanguage\":\"es\",\"potentialAction\":[{\"@type\":\"ReadAction\",\"target\":[\"https:\\\/\\\/giftronic04.com\\\/index.php\\\/product\\\/mouse-acer-alambrico-gaming-nitro\\\/\"]}]},{\"@type\":\"ImageObject\",\"inLanguage\":\"es\",\"@id\":\"https:\\\/\\\/giftronic04.com\\\/index.php\\\/product\\\/mouse-acer-alambrico-gaming-nitro\\\/#primaryimage\",\"url\":\"https:\\\/\\\/giftronic04.com\\\/wp-content\\\/uploads\\\/2023\\\/09\\\/4710886498148-001-1400Wx1400H.jpg\",\"contentUrl\":\"https:\\\/\\\/giftronic04.com\\\/wp-content\\\/uploads\\\/2023\\\/09\\\/4710886498148-001-1400Wx1400H.jpg\",\"width\":2000,\"height\":1999},{\"@type\":\"BreadcrumbList\",\"@id\":\"https:\\\/\\\/giftronic04.com\\\/index.php\\\/product\\\/mouse-acer-alambrico-gaming-nitro\\\/#breadcrumb\",\"itemListElement\":[{\"@type\":\"ListItem\",\"position\":1,\"name\":\"Portada\",\"item\":\"https:\\\/\\\/giftronic04.com\\\/\"},{\"@type\":\"ListItem\",\"position\":2,\"name\":\"Tienda\",\"item\":\"https:\\\/\\\/giftronic04.com\\\/index.php\\\/shop\\\/\"},{\"@type\":\"ListItem\",\"position\":3,\"name\":\"Mouse ACER Al\u00e1mbrico Gaming Nitro\"}]},{\"@type\":\"WebSite\",\"@id\":\"https:\\\/\\\/giftronic04.com\\\/#website\",\"url\":\"https:\\\/\\\/giftronic04.com\\\/\",\"name\":\"Giftronic.04\",\"description\":\"Venta de equipos tecnologicos\",\"publisher\":{\"@id\":\"https:\\\/\\\/giftronic04.com\\\/#organization\"},\"potentialAction\":[{\"@type\":\"SearchAction\",\"target\":{\"@type\":\"EntryPoint\",\"urlTemplate\":\"https:\\\/\\\/giftronic04.com\\\/?s={search_term_string}\"},\"query-input\":{\"@type\":\"PropertyValueSpecification\",\"valueRequired\":true,\"valueName\":\"search_term_string\"}}],\"inLanguage\":\"es\"},{\"@type\":\"Organization\",\"@id\":\"https:\\\/\\\/giftronic04.com\\\/#organization\",\"name\":\"giftronic04\",\"url\":\"https:\\\/\\\/giftronic04.com\\\/\",\"logo\":{\"@type\":\"ImageObject\",\"inLanguage\":\"es\",\"@id\":\"https:\\\/\\\/giftronic04.com\\\/#\\\/schema\\\/logo\\\/image\\\/\",\"url\":\"https:\\\/\\\/giftronic04.com\\\/wp-content\\\/uploads\\\/2021\\\/08\\\/logo.png\",\"contentUrl\":\"https:\\\/\\\/giftronic04.com\\\/wp-content\\\/uploads\\\/2021\\\/08\\\/logo.png\",\"width\":6640,\"height\":2192,\"caption\":\"giftronic04\"},\"image\":{\"@id\":\"https:\\\/\\\/giftronic04.com\\\/#\\\/schema\\\/logo\\\/image\\\/\"},\"sameAs\":[\"https:\\\/\\\/www.instagram.com\\\/giftronic.04\\\/\"]}]}<\/script>\n<!-- \/ Yoast SEO plugin. -->","yoast_head_json":{"title":"Mouse ACER Al\u00e1mbrico Gaming Nitro - Giftronic.04","robots":{"index":"index","follow":"follow","max-snippet":"max-snippet:-1","max-image-preview":"max-image-preview:large","max-video-preview":"max-video-preview:-1"},"canonical":"https:\/\/giftronic04.com\/index.php\/product\/mouse-acer-alambrico-gaming-nitro\/","og_locale":"es_ES","og_type":"article","og_title":"Mouse ACER Al\u00e1mbrico Gaming Nitro - Giftronic.04","og_description":"Caracter\u00edsticas T\u00e9cnicas Sensor Optico 4200\u00a0 Dpi Opciones de Conectividad USB Apto para Manejo con Mano Diestra Distancia Max de Operaci\u00f3n 150 Cent\u00edmetros Sistema Operativo Compatible Android iOS Mac Os Windows Pilas Baterias que Requiere No Requiere Pilas o Bater\u00edas Caracter\u00edsticas F\u00edsicas Dise\u00f1o Ergon\u00f3mico SI Tiene Dise\u00f1o Ergon\u00f3mico Conexi\u00f3n Al\u00e1mbrica Detalles del Producto No. Botones 8\u00a0 [&hellip;]","og_url":"https:\/\/giftronic04.com\/index.php\/product\/mouse-acer-alambrico-gaming-nitro\/","og_site_name":"Giftronic.04","article_modified_time":"2026-04-07T16:18:09+00:00","og_image":[{"width":2000,"height":1999,"url":"https:\/\/giftronic04.com\/wp-content\/uploads\/2023\/09\/4710886498148-001-1400Wx1400H.jpg","type":"image\/jpeg"}],"twitter_card":"summary_large_image","twitter_misc":{"Tiempo de lectura":"1 minuto"},"schema":{"@context":"https:\/\/schema.org","@graph":[{"@type":"WebPage","@id":"https:\/\/giftronic04.com\/index.php\/product\/mouse-acer-alambrico-gaming-nitro\/","url":"https:\/\/giftronic04.com\/index.php\/product\/mouse-acer-alambrico-gaming-nitro\/","name":"Mouse ACER Al\u00e1mbrico Gaming Nitro - Giftronic.04","isPartOf":{"@id":"https:\/\/giftronic04.com\/#website"},"primaryImageOfPage":{"@id":"https:\/\/giftronic04.com\/index.php\/product\/mouse-acer-alambrico-gaming-nitro\/#primaryimage"},"image":{"@id":"https:\/\/giftronic04.com\/index.php\/product\/mouse-acer-alambrico-gaming-nitro\/#primaryimage"},"thumbnailUrl":"https:\/\/giftronic04.com\/wp-content\/uploads\/2023\/09\/4710886498148-001-1400Wx1400H.jpg","datePublished":"2023-09-15T17:17:11+00:00","dateModified":"2026-04-07T16:18:09+00:00","breadcrumb":{"@id":"https:\/\/giftronic04.com\/index.php\/product\/mouse-acer-alambrico-gaming-nitro\/#breadcrumb"},"inLanguage":"es","potentialAction":[{"@type":"ReadAction","target":["https:\/\/giftronic04.com\/index.php\/product\/mouse-acer-alambrico-gaming-nitro\/"]}]},{"@type":"ImageObject","inLanguage":"es","@id":"https:\/\/giftronic04.com\/index.php\/product\/mouse-acer-alambrico-gaming-nitro\/#primaryimage","url":"https:\/\/giftronic04.com\/wp-content\/uploads\/2023\/09\/4710886498148-001-1400Wx1400H.jpg","contentUrl":"https:\/\/giftronic04.com\/wp-content\/uploads\/2023\/09\/4710886498148-001-1400Wx1400H.jpg","width":2000,"height":1999},{"@type":"BreadcrumbList","@id":"https:\/\/giftronic04.com\/index.php\/product\/mouse-acer-alambrico-gaming-nitro\/#breadcrumb","itemListElement":[{"@type":"ListItem","position":1,"name":"Portada","item":"https:\/\/giftronic04.com\/"},{"@type":"ListItem","position":2,"name":"Tienda","item":"https:\/\/giftronic04.com\/index.php\/shop\/"},{"@type":"ListItem","position":3,"name":"Mouse ACER Al\u00e1mbrico Gaming Nitro"}]},{"@type":"WebSite","@id":"https:\/\/giftronic04.com\/#website","url":"https:\/\/giftronic04.com\/","name":"Giftronic.04","description":"Venta de equipos tecnologicos","publisher":{"@id":"https:\/\/giftronic04.com\/#organization"},"potentialAction":[{"@type":"SearchAction","target":{"@type":"EntryPoint","urlTemplate":"https:\/\/giftronic04.com\/?s={search_term_string}"},"query-input":{"@type":"PropertyValueSpecification","valueRequired":true,"valueName":"search_term_string"}}],"inLanguage":"es"},{"@type":"Organization","@id":"https:\/\/giftronic04.com\/#organization","name":"giftronic04","url":"https:\/\/giftronic04.com\/","logo":{"@type":"ImageObject","inLanguage":"es","@id":"https:\/\/giftronic04.com\/#\/schema\/logo\/image\/","url":"https:\/\/giftronic04.com\/wp-content\/uploads\/2021\/08\/logo.png","contentUrl":"https:\/\/giftronic04.com\/wp-content\/uploads\/2021\/08\/logo.png","width":6640,"height":2192,"caption":"giftronic04"},"image":{"@id":"https:\/\/giftronic04.com\/#\/schema\/logo\/image\/"},"sameAs":["https:\/\/www.instagram.com\/giftronic.04\/"]}]}},"jetpack_sharing_enabled":true,"_links":{"self":[{"href":"https:\/\/giftronic04.com\/index.php\/wp-json\/wp\/v2\/product\/4757","targetHints":{"allow":["GET"]}}],"collection":[{"href":"https:\/\/giftronic04.com\/index.php\/wp-json\/wp\/v2\/product"}],"about":[{"href":"https:\/\/giftronic04.com\/index.php\/wp-json\/wp\/v2\/types\/product"}],"replies":[{"embeddable":true,"href":"https:\/\/giftronic04.com\/index.php\/wp-json\/wp\/v2\/comments?post=4757"}],"wp:featuredmedia":[{"embeddable":true,"href":"https:\/\/giftronic04.com\/index.php\/wp-json\/wp\/v2\/media\/4758"}],"wp:attachment":[{"href":"https:\/\/giftronic04.com\/index.php\/wp-json\/wp\/v2\/media?parent=4757"}],"wp:term":[{"taxonomy":"product_brand","embeddable":true,"href":"https:\/\/giftronic04.com\/index.php\/wp-json\/wp\/v2\/product_brand?post=4757"},{"taxonomy":"product_cat","embeddable":true,"href":"https:\/\/giftronic04.com\/index.php\/wp-json\/wp\/v2\/product_cat?post=4757"},{"taxonomy":"product_tag","embeddable":true,"href":"https:\/\/giftronic04.com\/index.php\/wp-json\/wp\/v2\/product_tag?post=4757"}],"curies":[{"name":"wp","href":"https:\/\/api.w.org\/{rel}","templated":true}]}}