{"id":4956,"date":"2023-10-09T13:03:52","date_gmt":"2023-10-09T18:03:52","guid":{"rendered":"https:\/\/giftronic04.com\/?post_type=product&#038;p=4956"},"modified":"2026-02-02T09:55:53","modified_gmt":"2026-02-02T14:55:53","slug":"portatil-lenovo-14-amd-r5-5625u-ram-8gb-256gb-ssd-grey","status":"publish","type":"product","link":"https:\/\/giftronic04.com\/index.php\/product\/portatil-lenovo-14-amd-r5-5625u-ram-8gb-256gb-ssd-grey\/","title":{"rendered":"Port\u00e1til LENOVO 14&#8242; AMD R5-5625U RAM 8GB 256GB SSD Blue"},"content":{"rendered":"<p>Caracter\u00edsticas:<\/p>\n<p>Referencia: 14ABA7<\/p>\n<p>Marca: LENOVO<\/p>\n<p>Tipo: LAPTOPS<\/p>\n<p>Resoluci\u00f3n Pantalla Full HD (1920&#215;1080)<\/p>\n<p>Tama\u00f1o Pantalla\u00a0\u00a0\u00a0\u00a0 \u201814\u2019 Pulgadas<\/p>\n<p>Memoria RAM: 8GB<\/p>\n<p>Tipos de Discos que Incluye\u00a0\u00a0\u00a0\u00a0\u00a0\u00a0\u00a0 Disco Estado Solido (SSD)<\/p>\n<p>Capacidad de Disco \u00a0\u00a0256GB SSD<\/p>\n<p>Marca del Procesador\u00a0\u00a0\u00a0\u00a0\u00a0\u00a0\u00a0 AMD<\/p>\n<p>Procesador\u00a0\u00a0 AMD RYZEN 5-5625U<\/p>\n<p>Sistema Operativo\u00a0\u00a0 Windows<\/p>\n<p>Versi\u00f3n Sistema Operativo\u00a0\u00a0\u00a0\u00a0\u00a0\u00a0\u00a0\u00a0\u00a0\u00a0\u00a0 Windows 11<\/p>\n<p>N\u00facleos del Procesador\u00a0\u00a0\u00a0\u00a0 6 N\u00facleos<\/p>\n<p>Velocidad del Procesador: Reloj base 2,3GHz M\u00e1x. Hasta 4.3GHz Cach\u00e9 L3 total<\/p>\n<p>16MB<\/p>\n<p>Unidad CD\/DVD Integrada \u00a0\u00a0\u00a0\u00a0\u00a0\u00a0\u00a0\u00a0\u00a0\u00a0 No tiene Unidad de CD\/DVD Integrada<\/p>\n<p>Peso\u00a0\u00a0 1,4 Kilogramos<\/p>\n<p>Nivel de Uso Avanzado<\/p>\n<p>Caracter\u00edsticas Especiales<\/p>\n<p>C\u00e1mara WEB Integrada<\/p>\n<p>No. Puertos HDMI\u00a0\u00a0 1 Puertos<\/p>\n<p>No. Puertos USB\u00a0\u00a0\u00a0\u00a0 2 Puertos<\/p>\n<p>No. Puertos USB TIPO C 1 Puertos<\/p>\n<p>No. Puertos SD 1 Puertos<\/p>\n<p>No. Salidas de Audio\u00a0\u00a0\u00a0\u00a0\u00a0\u00a0\u00a0\u00a0 1 Puertos<\/p>\n<p>Tipos de Puertos Entradas y Salidas<\/p>\n<p>Puerto HDMI<\/p>\n<p>Puerto USB<\/p>\n<p>Salida de Aud\u00edfonos<\/p>\n<p>Opciones de Conexi\u00f3n<\/p>\n<p>Bluetooth<\/p>\n<p>Wifi<\/p>\n<p>Fuente de Alimentaci\u00f3n de Energ\u00eda<\/p>\n<p>Tonalidad de Color\u00a0 Blue<\/p>\n<p>&nbsp;<\/p>\n<p>Caracter\u00edsticas destacadas<\/p>\n<p>Pel\u00edcula antirreflejo trabaja en cualquier condici\u00f3n de luz.<\/p>\n<p>Dolby Audio, mayor calidad en sonido.<\/p>\n<p>Bisagra con mayor extensi\u00f3n. Mejora \u00e1ngulo de visi\u00f3n<\/p>\n<p>1,5 kg de peso, ligero para llevar a cualquier lugar<\/p>\n<p>Obturador de privacidad de la c\u00e1mara, mayor privacidad<\/p>\n<p>&nbsp;<\/p>\n<p>Resumen del producto<\/p>\n<p>En el port\u00e1til LENOVO Ideapad 3 color azul, encuentra todo el rendimiento que necesitas, un port\u00e1til accesible que cubre tus necesidades, su combinaci\u00f3n generosa de memoria RAM y almacenamiento en estado solido es perfecto para tus tareas diarias, con un dise\u00f1o extraordinario, este equipo superar\u00e1 tus expectativas. As\u00ed mismo, te brindar\u00e1 un entretenimiento superior gracias a su sonido Dolby Audio, y te sentir\u00e1s seguro gracias a su obturador de privacidad en su c\u00e1mara, cuando termines tus reuniones o videollamadas solo tienes que cerrarlo. Aprovecha \u00a1lleva el tuyo ahora!<\/p>\n","protected":false},"excerpt":{"rendered":"<p>Caracter\u00edsticas: Referencia: 14ABA7 Marca: LENOVO Tipo: LAPTOPS Resoluci\u00f3n Pantalla Full HD (1920&#215;1080) Tama\u00f1o Pantalla\u00a0\u00a0\u00a0\u00a0 \u201814\u2019 Pulgadas Memoria RAM: 8GB Tipos de Discos que Incluye\u00a0\u00a0\u00a0\u00a0\u00a0\u00a0\u00a0 Disco Estado Solido (SSD) Capacidad de Disco \u00a0\u00a0256GB SSD Marca del Procesador\u00a0\u00a0\u00a0\u00a0\u00a0\u00a0\u00a0 AMD Procesador\u00a0\u00a0 AMD RYZEN 5-5625U Sistema Operativo\u00a0\u00a0 Windows Versi\u00f3n Sistema Operativo\u00a0\u00a0\u00a0\u00a0\u00a0\u00a0\u00a0\u00a0\u00a0\u00a0\u00a0 Windows 11 N\u00facleos del Procesador\u00a0\u00a0\u00a0\u00a0 6 N\u00facleos Velocidad [&hellip;]<\/p>\n","protected":false},"featured_media":4957,"comment_status":"open","ping_status":"closed","template":"","meta":{"_surecart_dashboard_logo_width":"180px","_surecart_dashboard_show_logo":true,"_surecart_dashboard_navigation_orders":true,"_surecart_dashboard_navigation_invoices":true,"_surecart_dashboard_navigation_subscriptions":true,"_surecart_dashboard_navigation_downloads":true,"_surecart_dashboard_navigation_billing":true,"_surecart_dashboard_navigation_account":true,"site-sidebar-layout":"default","site-content-layout":"","ast-site-content-layout":"default","site-content-style":"default","site-sidebar-style":"default","ast-global-header-display":"","ast-banner-title-visibility":"","ast-main-header-display":"","ast-hfb-above-header-display":"","ast-hfb-below-header-display":"","ast-hfb-mobile-header-display":"","site-post-title":"","ast-breadcrumbs-content":"","ast-featured-img":"","footer-sml-layout":"","ast-disable-related-posts":"","theme-transparent-header-meta":"","adv-header-id-meta":"","stick-header-meta":"","header-above-stick-meta":"","header-main-stick-meta":"","header-below-stick-meta":"","astra-migrate-meta-layouts":"default","ast-page-background-enabled":"default","ast-page-background-meta":{"desktop":{"background-color":"var(--ast-global-color-4)","background-image":"","background-repeat":"repeat","background-position":"center center","background-size":"auto","background-attachment":"scroll","background-type":"","background-media":"","overlay-type":"","overlay-color":"","overlay-opacity":"","overlay-gradient":""},"tablet":{"background-color":"","background-image":"","background-repeat":"repeat","background-position":"center center","background-size":"auto","background-attachment":"scroll","background-type":"","background-media":"","overlay-type":"","overlay-color":"","overlay-opacity":"","overlay-gradient":""},"mobile":{"background-color":"","background-image":"","background-repeat":"repeat","background-position":"center center","background-size":"auto","background-attachment":"scroll","background-type":"","background-media":"","overlay-type":"","overlay-color":"","overlay-opacity":"","overlay-gradient":""}},"ast-content-background-meta":{"desktop":{"background-color":"var(--ast-global-color-5)","background-image":"","background-repeat":"repeat","background-position":"center center","background-size":"auto","background-attachment":"scroll","background-type":"","background-media":"","overlay-type":"","overlay-color":"","overlay-opacity":"","overlay-gradient":""},"tablet":{"background-color":"var(--ast-global-color-5)","background-image":"","background-repeat":"repeat","background-position":"center center","background-size":"auto","background-attachment":"scroll","background-type":"","background-media":"","overlay-type":"","overlay-color":"","overlay-opacity":"","overlay-gradient":""},"mobile":{"background-color":"var(--ast-global-color-5)","background-image":"","background-repeat":"repeat","background-position":"center center","background-size":"auto","background-attachment":"scroll","background-type":"","background-media":"","overlay-type":"","overlay-color":"","overlay-opacity":"","overlay-gradient":""}}},"product_brand":[],"product_cat":[22,30],"product_tag":[],"class_list":{"0":"post-4956","1":"product","2":"type-product","3":"status-publish","4":"has-post-thumbnail","6":"product_cat-computacion","7":"product_cat-componentes-de-pc-portatiles","8":"desktop-align-left","9":"tablet-align-left","10":"mobile-align-left","12":"first","13":"outofstock","14":"sale","15":"taxable","16":"shipping-taxable","17":"purchasable","18":"product-type-simple"},"yoast_head":"<!-- This site is optimized with the Yoast SEO plugin v27.4 - https:\/\/yoast.com\/product\/yoast-seo-wordpress\/ -->\n<title>Port\u00e1til LENOVO 14&#039; AMD R5-5625U RAM 8GB 256GB SSD Blue - Giftronic.04<\/title>\n<meta name=\"robots\" content=\"index, follow, max-snippet:-1, max-image-preview:large, max-video-preview:-1\" \/>\n<link rel=\"canonical\" href=\"https:\/\/giftronic04.com\/index.php\/product\/portatil-lenovo-14-amd-r5-5625u-ram-8gb-256gb-ssd-grey\/\" \/>\n<meta property=\"og:locale\" content=\"es_ES\" \/>\n<meta property=\"og:type\" content=\"article\" \/>\n<meta property=\"og:title\" content=\"Port\u00e1til LENOVO 14&#039; AMD R5-5625U RAM 8GB 256GB SSD Blue - Giftronic.04\" \/>\n<meta property=\"og:description\" content=\"Caracter\u00edsticas: Referencia: 14ABA7 Marca: LENOVO Tipo: LAPTOPS Resoluci\u00f3n Pantalla Full HD (1920&#215;1080) Tama\u00f1o Pantalla\u00a0\u00a0\u00a0\u00a0 \u201814\u2019 Pulgadas Memoria RAM: 8GB Tipos de Discos que Incluye\u00a0\u00a0\u00a0\u00a0\u00a0\u00a0\u00a0 Disco Estado Solido (SSD) Capacidad de Disco \u00a0\u00a0256GB SSD Marca del Procesador\u00a0\u00a0\u00a0\u00a0\u00a0\u00a0\u00a0 AMD Procesador\u00a0\u00a0 AMD RYZEN 5-5625U Sistema Operativo\u00a0\u00a0 Windows Versi\u00f3n Sistema Operativo\u00a0\u00a0\u00a0\u00a0\u00a0\u00a0\u00a0\u00a0\u00a0\u00a0\u00a0 Windows 11 N\u00facleos del Procesador\u00a0\u00a0\u00a0\u00a0 6 N\u00facleos Velocidad [&hellip;]\" \/>\n<meta property=\"og:url\" content=\"https:\/\/giftronic04.com\/index.php\/product\/portatil-lenovo-14-amd-r5-5625u-ram-8gb-256gb-ssd-grey\/\" \/>\n<meta property=\"og:site_name\" content=\"Giftronic.04\" \/>\n<meta property=\"article:modified_time\" content=\"2026-02-02T14:55:53+00:00\" \/>\n<meta property=\"og:image\" content=\"https:\/\/giftronic04.com\/wp-content\/uploads\/2023\/10\/CON-LOGO-4.jpg\" \/>\n\t<meta property=\"og:image:width\" content=\"2000\" \/>\n\t<meta property=\"og:image:height\" content=\"2000\" \/>\n\t<meta property=\"og:image:type\" content=\"image\/jpeg\" \/>\n<meta name=\"twitter:card\" content=\"summary_large_image\" \/>\n<meta name=\"twitter:label1\" content=\"Tiempo de lectura\" \/>\n\t<meta name=\"twitter:data1\" content=\"2 minutos\" \/>\n<script type=\"application\/ld+json\" class=\"yoast-schema-graph\">{\"@context\":\"https:\\\/\\\/schema.org\",\"@graph\":[{\"@type\":\"WebPage\",\"@id\":\"https:\\\/\\\/giftronic04.com\\\/index.php\\\/product\\\/portatil-lenovo-14-amd-r5-5625u-ram-8gb-256gb-ssd-grey\\\/\",\"url\":\"https:\\\/\\\/giftronic04.com\\\/index.php\\\/product\\\/portatil-lenovo-14-amd-r5-5625u-ram-8gb-256gb-ssd-grey\\\/\",\"name\":\"Port\u00e1til LENOVO 14' AMD R5-5625U RAM 8GB 256GB SSD Blue - Giftronic.04\",\"isPartOf\":{\"@id\":\"https:\\\/\\\/giftronic04.com\\\/#website\"},\"primaryImageOfPage\":{\"@id\":\"https:\\\/\\\/giftronic04.com\\\/index.php\\\/product\\\/portatil-lenovo-14-amd-r5-5625u-ram-8gb-256gb-ssd-grey\\\/#primaryimage\"},\"image\":{\"@id\":\"https:\\\/\\\/giftronic04.com\\\/index.php\\\/product\\\/portatil-lenovo-14-amd-r5-5625u-ram-8gb-256gb-ssd-grey\\\/#primaryimage\"},\"thumbnailUrl\":\"https:\\\/\\\/giftronic04.com\\\/wp-content\\\/uploads\\\/2023\\\/10\\\/CON-LOGO-4.jpg\",\"datePublished\":\"2023-10-09T18:03:52+00:00\",\"dateModified\":\"2026-02-02T14:55:53+00:00\",\"breadcrumb\":{\"@id\":\"https:\\\/\\\/giftronic04.com\\\/index.php\\\/product\\\/portatil-lenovo-14-amd-r5-5625u-ram-8gb-256gb-ssd-grey\\\/#breadcrumb\"},\"inLanguage\":\"es\",\"potentialAction\":[{\"@type\":\"ReadAction\",\"target\":[\"https:\\\/\\\/giftronic04.com\\\/index.php\\\/product\\\/portatil-lenovo-14-amd-r5-5625u-ram-8gb-256gb-ssd-grey\\\/\"]}]},{\"@type\":\"ImageObject\",\"inLanguage\":\"es\",\"@id\":\"https:\\\/\\\/giftronic04.com\\\/index.php\\\/product\\\/portatil-lenovo-14-amd-r5-5625u-ram-8gb-256gb-ssd-grey\\\/#primaryimage\",\"url\":\"https:\\\/\\\/giftronic04.com\\\/wp-content\\\/uploads\\\/2023\\\/10\\\/CON-LOGO-4.jpg\",\"contentUrl\":\"https:\\\/\\\/giftronic04.com\\\/wp-content\\\/uploads\\\/2023\\\/10\\\/CON-LOGO-4.jpg\",\"width\":2000,\"height\":2000},{\"@type\":\"BreadcrumbList\",\"@id\":\"https:\\\/\\\/giftronic04.com\\\/index.php\\\/product\\\/portatil-lenovo-14-amd-r5-5625u-ram-8gb-256gb-ssd-grey\\\/#breadcrumb\",\"itemListElement\":[{\"@type\":\"ListItem\",\"position\":1,\"name\":\"Portada\",\"item\":\"https:\\\/\\\/giftronic04.com\\\/\"},{\"@type\":\"ListItem\",\"position\":2,\"name\":\"Tienda\",\"item\":\"https:\\\/\\\/giftronic04.com\\\/index.php\\\/shop\\\/\"},{\"@type\":\"ListItem\",\"position\":3,\"name\":\"Port\u00e1til LENOVO 14&#8242; AMD R5-5625U RAM 8GB 256GB SSD Blue\"}]},{\"@type\":\"WebSite\",\"@id\":\"https:\\\/\\\/giftronic04.com\\\/#website\",\"url\":\"https:\\\/\\\/giftronic04.com\\\/\",\"name\":\"Giftronic.04\",\"description\":\"Venta de equipos tecnologicos\",\"publisher\":{\"@id\":\"https:\\\/\\\/giftronic04.com\\\/#organization\"},\"potentialAction\":[{\"@type\":\"SearchAction\",\"target\":{\"@type\":\"EntryPoint\",\"urlTemplate\":\"https:\\\/\\\/giftronic04.com\\\/?s={search_term_string}\"},\"query-input\":{\"@type\":\"PropertyValueSpecification\",\"valueRequired\":true,\"valueName\":\"search_term_string\"}}],\"inLanguage\":\"es\"},{\"@type\":\"Organization\",\"@id\":\"https:\\\/\\\/giftronic04.com\\\/#organization\",\"name\":\"giftronic04\",\"url\":\"https:\\\/\\\/giftronic04.com\\\/\",\"logo\":{\"@type\":\"ImageObject\",\"inLanguage\":\"es\",\"@id\":\"https:\\\/\\\/giftronic04.com\\\/#\\\/schema\\\/logo\\\/image\\\/\",\"url\":\"https:\\\/\\\/giftronic04.com\\\/wp-content\\\/uploads\\\/2021\\\/08\\\/logo.png\",\"contentUrl\":\"https:\\\/\\\/giftronic04.com\\\/wp-content\\\/uploads\\\/2021\\\/08\\\/logo.png\",\"width\":6640,\"height\":2192,\"caption\":\"giftronic04\"},\"image\":{\"@id\":\"https:\\\/\\\/giftronic04.com\\\/#\\\/schema\\\/logo\\\/image\\\/\"},\"sameAs\":[\"https:\\\/\\\/www.instagram.com\\\/giftronic.04\\\/\"]}]}<\/script>\n<!-- \/ Yoast SEO plugin. -->","yoast_head_json":{"title":"Port\u00e1til LENOVO 14' AMD R5-5625U RAM 8GB 256GB SSD Blue - Giftronic.04","robots":{"index":"index","follow":"follow","max-snippet":"max-snippet:-1","max-image-preview":"max-image-preview:large","max-video-preview":"max-video-preview:-1"},"canonical":"https:\/\/giftronic04.com\/index.php\/product\/portatil-lenovo-14-amd-r5-5625u-ram-8gb-256gb-ssd-grey\/","og_locale":"es_ES","og_type":"article","og_title":"Port\u00e1til LENOVO 14' AMD R5-5625U RAM 8GB 256GB SSD Blue - Giftronic.04","og_description":"Caracter\u00edsticas: Referencia: 14ABA7 Marca: LENOVO Tipo: LAPTOPS Resoluci\u00f3n Pantalla Full HD (1920&#215;1080) Tama\u00f1o Pantalla\u00a0\u00a0\u00a0\u00a0 \u201814\u2019 Pulgadas Memoria RAM: 8GB Tipos de Discos que Incluye\u00a0\u00a0\u00a0\u00a0\u00a0\u00a0\u00a0 Disco Estado Solido (SSD) Capacidad de Disco \u00a0\u00a0256GB SSD Marca del Procesador\u00a0\u00a0\u00a0\u00a0\u00a0\u00a0\u00a0 AMD Procesador\u00a0\u00a0 AMD RYZEN 5-5625U Sistema Operativo\u00a0\u00a0 Windows Versi\u00f3n Sistema Operativo\u00a0\u00a0\u00a0\u00a0\u00a0\u00a0\u00a0\u00a0\u00a0\u00a0\u00a0 Windows 11 N\u00facleos del Procesador\u00a0\u00a0\u00a0\u00a0 6 N\u00facleos Velocidad [&hellip;]","og_url":"https:\/\/giftronic04.com\/index.php\/product\/portatil-lenovo-14-amd-r5-5625u-ram-8gb-256gb-ssd-grey\/","og_site_name":"Giftronic.04","article_modified_time":"2026-02-02T14:55:53+00:00","og_image":[{"width":2000,"height":2000,"url":"https:\/\/giftronic04.com\/wp-content\/uploads\/2023\/10\/CON-LOGO-4.jpg","type":"image\/jpeg"}],"twitter_card":"summary_large_image","twitter_misc":{"Tiempo de lectura":"2 minutos"},"schema":{"@context":"https:\/\/schema.org","@graph":[{"@type":"WebPage","@id":"https:\/\/giftronic04.com\/index.php\/product\/portatil-lenovo-14-amd-r5-5625u-ram-8gb-256gb-ssd-grey\/","url":"https:\/\/giftronic04.com\/index.php\/product\/portatil-lenovo-14-amd-r5-5625u-ram-8gb-256gb-ssd-grey\/","name":"Port\u00e1til LENOVO 14' AMD R5-5625U RAM 8GB 256GB SSD Blue - Giftronic.04","isPartOf":{"@id":"https:\/\/giftronic04.com\/#website"},"primaryImageOfPage":{"@id":"https:\/\/giftronic04.com\/index.php\/product\/portatil-lenovo-14-amd-r5-5625u-ram-8gb-256gb-ssd-grey\/#primaryimage"},"image":{"@id":"https:\/\/giftronic04.com\/index.php\/product\/portatil-lenovo-14-amd-r5-5625u-ram-8gb-256gb-ssd-grey\/#primaryimage"},"thumbnailUrl":"https:\/\/giftronic04.com\/wp-content\/uploads\/2023\/10\/CON-LOGO-4.jpg","datePublished":"2023-10-09T18:03:52+00:00","dateModified":"2026-02-02T14:55:53+00:00","breadcrumb":{"@id":"https:\/\/giftronic04.com\/index.php\/product\/portatil-lenovo-14-amd-r5-5625u-ram-8gb-256gb-ssd-grey\/#breadcrumb"},"inLanguage":"es","potentialAction":[{"@type":"ReadAction","target":["https:\/\/giftronic04.com\/index.php\/product\/portatil-lenovo-14-amd-r5-5625u-ram-8gb-256gb-ssd-grey\/"]}]},{"@type":"ImageObject","inLanguage":"es","@id":"https:\/\/giftronic04.com\/index.php\/product\/portatil-lenovo-14-amd-r5-5625u-ram-8gb-256gb-ssd-grey\/#primaryimage","url":"https:\/\/giftronic04.com\/wp-content\/uploads\/2023\/10\/CON-LOGO-4.jpg","contentUrl":"https:\/\/giftronic04.com\/wp-content\/uploads\/2023\/10\/CON-LOGO-4.jpg","width":2000,"height":2000},{"@type":"BreadcrumbList","@id":"https:\/\/giftronic04.com\/index.php\/product\/portatil-lenovo-14-amd-r5-5625u-ram-8gb-256gb-ssd-grey\/#breadcrumb","itemListElement":[{"@type":"ListItem","position":1,"name":"Portada","item":"https:\/\/giftronic04.com\/"},{"@type":"ListItem","position":2,"name":"Tienda","item":"https:\/\/giftronic04.com\/index.php\/shop\/"},{"@type":"ListItem","position":3,"name":"Port\u00e1til LENOVO 14&#8242; AMD R5-5625U RAM 8GB 256GB SSD Blue"}]},{"@type":"WebSite","@id":"https:\/\/giftronic04.com\/#website","url":"https:\/\/giftronic04.com\/","name":"Giftronic.04","description":"Venta de equipos tecnologicos","publisher":{"@id":"https:\/\/giftronic04.com\/#organization"},"potentialAction":[{"@type":"SearchAction","target":{"@type":"EntryPoint","urlTemplate":"https:\/\/giftronic04.com\/?s={search_term_string}"},"query-input":{"@type":"PropertyValueSpecification","valueRequired":true,"valueName":"search_term_string"}}],"inLanguage":"es"},{"@type":"Organization","@id":"https:\/\/giftronic04.com\/#organization","name":"giftronic04","url":"https:\/\/giftronic04.com\/","logo":{"@type":"ImageObject","inLanguage":"es","@id":"https:\/\/giftronic04.com\/#\/schema\/logo\/image\/","url":"https:\/\/giftronic04.com\/wp-content\/uploads\/2021\/08\/logo.png","contentUrl":"https:\/\/giftronic04.com\/wp-content\/uploads\/2021\/08\/logo.png","width":6640,"height":2192,"caption":"giftronic04"},"image":{"@id":"https:\/\/giftronic04.com\/#\/schema\/logo\/image\/"},"sameAs":["https:\/\/www.instagram.com\/giftronic.04\/"]}]}},"jetpack_sharing_enabled":true,"_links":{"self":[{"href":"https:\/\/giftronic04.com\/index.php\/wp-json\/wp\/v2\/product\/4956","targetHints":{"allow":["GET"]}}],"collection":[{"href":"https:\/\/giftronic04.com\/index.php\/wp-json\/wp\/v2\/product"}],"about":[{"href":"https:\/\/giftronic04.com\/index.php\/wp-json\/wp\/v2\/types\/product"}],"replies":[{"embeddable":true,"href":"https:\/\/giftronic04.com\/index.php\/wp-json\/wp\/v2\/comments?post=4956"}],"wp:featuredmedia":[{"embeddable":true,"href":"https:\/\/giftronic04.com\/index.php\/wp-json\/wp\/v2\/media\/4957"}],"wp:attachment":[{"href":"https:\/\/giftronic04.com\/index.php\/wp-json\/wp\/v2\/media?parent=4956"}],"wp:term":[{"taxonomy":"product_brand","embeddable":true,"href":"https:\/\/giftronic04.com\/index.php\/wp-json\/wp\/v2\/product_brand?post=4956"},{"taxonomy":"product_cat","embeddable":true,"href":"https:\/\/giftronic04.com\/index.php\/wp-json\/wp\/v2\/product_cat?post=4956"},{"taxonomy":"product_tag","embeddable":true,"href":"https:\/\/giftronic04.com\/index.php\/wp-json\/wp\/v2\/product_tag?post=4956"}],"curies":[{"name":"wp","href":"https:\/\/api.w.org\/{rel}","templated":true}]}}