{"id":4991,"date":"2023-10-12T11:14:02","date_gmt":"2023-10-12T16:14:02","guid":{"rendered":"https:\/\/giftronic04.com\/?post_type=product&#038;p=4991"},"modified":"2026-01-20T17:47:09","modified_gmt":"2026-01-20T22:47:09","slug":"tablet-lenovo-9-pulgadas-m9-lte-ram-4gb-rom-128gb-blue","status":"publish","type":"product","link":"https:\/\/giftronic04.com\/index.php\/product\/tablet-lenovo-9-pulgadas-m9-lte-ram-4gb-rom-128gb-blue\/","title":{"rendered":"Tablet LENOVO 9&#8243; Pulgadas M9 LTE&#8217; RAM 4GB ROM 128GB BLUE"},"content":{"rendered":"<p>Caracter\u00edsticas<\/p>\n<p>Marca: Lenovo<\/p>\n<p>Referencia: M9<\/p>\n<p>Procesador<\/p>\n<p>MediaTek Helio G80 (8C, 2x A75 @2.0GHz + 6x A55 @1.8GHz)<\/p>\n<p>Graphics<\/p>\n<p>Integrated ARM Mali-G52 MC2 GPU<\/p>\n<p>Chipset<\/p>\n<p>MediaTek SoC Platform<\/p>\n<p>Memoria Ram<\/p>\n<p>4GB LPDDR4x<\/p>\n<p>Almacenamiento<\/p>\n<p>128GB eMMC 5.1<\/p>\n<p>Expandible Memoria<\/p>\n<p>microSD Card (up to 128GB, FAT32; 2TB, exFAT)<\/p>\n<p>Card Reader<\/p>\n<p>Nano-SIM &amp; microSD Card Slot<\/p>\n<p>Sonido<\/p>\n<p>Dual speaker optimized with Dolby Atmos<\/p>\n<p>Microphone<\/p>\n<p>Mono<\/p>\n<p>Camera<\/p>\n<p>Front 2.0MP \/ Rear 8.0MP<\/p>\n<p>VoiceCall[1]<\/p>\n<p>Voice Call<\/p>\n<p>Bater\u00eda<\/p>\n<p>5100mAh<\/p>\n<p>Power Adapter<\/p>\n<p>5V \/ 2A<\/p>\n<p>Display<\/p>\n<p>9&#8243; HD (1340&#215;800) IPS 400nits Anti-fingerprint, Touch<\/p>\n<p>Touchscreen<\/p>\n<p>In-cell, 10-point Multi-touch<\/p>\n<p>Case Material<\/p>\n<p>Metal (Back Cover)<\/p>\n<p>Case Color<\/p>\n<p>Frost Blue<\/p>\n<p>SOFTWARE<\/p>\n<p>Android 12 or Later<\/p>\n<p>Conexion<\/p>\n<p>WLAN + Bluetooth<\/p>\n<p>11ac 1&#215;1 + BT5.1<\/p>\n<p>WWAN<\/p>\n<p>4G LTE<\/p>\n<p>NFC<\/p>\n<p>Puertos<\/p>\n<ul>\n<li>1x 3.5mm headphone jack<\/li>\n<li>1x Card slot<\/li>\n<\/ul>\n<p>1x USB-C 2.0 (support data transfer, charging, USB-C<\/p>\n<p>digital headset)<\/p>\n<p>Accesorios<\/p>\n<p>Folio Case<\/p>\n<p>&nbsp;<\/p>\n<p>Caracter\u00edsticas destacadas<\/p>\n<p>Certificaci\u00f3n T\u00dcV, protecci\u00f3n ocular frente a las pantallas<\/p>\n<p>Google Lens busca lo que ves. Identifica e interact\u00faa.<\/p>\n<p>Dise\u00f1o de metal de primera calidad, suave y ligera.<\/p>\n<p>Resumen del producto<\/p>\n<p>La tableta LENOVO Tab M9 viene con un dise\u00f1o fino y ligero perfecta para llevarla a donde quieras, disfruta de una experiencia cinematogr\u00e1fica asombrosamente m\u00f3vil a la hora de ver tus programas y pel\u00edculas favoritos dado que cuenta con una pantalla de alta definici\u00f3n y altavoces est\u00e9reo duales equipados con Dolby Atmos, sin duda vivir\u00e1s una aut\u00e9ntica experiencia envolvente. T\u00f3mate un descanso, tus juegos y la navegaci\u00f3n se ejecutan de forma fluida y divertida ya que est\u00e1 equipada con el potente procesador de ocho n\u00facleos y una gran capacidad de almacenamiento. no la dejes pasar ll\u00e9vala ahora!<\/p>\n<p>&nbsp;<\/p>\n","protected":false},"excerpt":{"rendered":"<p>Caracter\u00edsticas Marca: Lenovo Referencia: M9 Procesador MediaTek Helio G80 (8C, 2x A75 @2.0GHz + 6x A55 @1.8GHz) Graphics Integrated ARM Mali-G52 MC2 GPU Chipset MediaTek SoC Platform Memoria Ram 4GB LPDDR4x Almacenamiento 128GB eMMC 5.1 Expandible Memoria microSD Card (up to 128GB, FAT32; 2TB, exFAT) Card Reader Nano-SIM &amp; microSD Card Slot Sonido Dual speaker [&hellip;]<\/p>\n","protected":false},"featured_media":4992,"comment_status":"open","ping_status":"closed","template":"","meta":{"_surecart_dashboard_logo_width":"180px","_surecart_dashboard_show_logo":true,"_surecart_dashboard_navigation_orders":true,"_surecart_dashboard_navigation_invoices":true,"_surecart_dashboard_navigation_subscriptions":true,"_surecart_dashboard_navigation_downloads":true,"_surecart_dashboard_navigation_billing":true,"_surecart_dashboard_navigation_account":true,"site-sidebar-layout":"default","site-content-layout":"","ast-site-content-layout":"default","site-content-style":"default","site-sidebar-style":"default","ast-global-header-display":"","ast-banner-title-visibility":"","ast-main-header-display":"","ast-hfb-above-header-display":"","ast-hfb-below-header-display":"","ast-hfb-mobile-header-display":"","site-post-title":"","ast-breadcrumbs-content":"","ast-featured-img":"","footer-sml-layout":"","ast-disable-related-posts":"","theme-transparent-header-meta":"","adv-header-id-meta":"","stick-header-meta":"","header-above-stick-meta":"","header-main-stick-meta":"","header-below-stick-meta":"","astra-migrate-meta-layouts":"default","ast-page-background-enabled":"default","ast-page-background-meta":{"desktop":{"background-color":"var(--ast-global-color-4)","background-image":"","background-repeat":"repeat","background-position":"center center","background-size":"auto","background-attachment":"scroll","background-type":"","background-media":"","overlay-type":"","overlay-color":"","overlay-opacity":"","overlay-gradient":""},"tablet":{"background-color":"","background-image":"","background-repeat":"repeat","background-position":"center center","background-size":"auto","background-attachment":"scroll","background-type":"","background-media":"","overlay-type":"","overlay-color":"","overlay-opacity":"","overlay-gradient":""},"mobile":{"background-color":"","background-image":"","background-repeat":"repeat","background-position":"center center","background-size":"auto","background-attachment":"scroll","background-type":"","background-media":"","overlay-type":"","overlay-color":"","overlay-opacity":"","overlay-gradient":""}},"ast-content-background-meta":{"desktop":{"background-color":"var(--ast-global-color-5)","background-image":"","background-repeat":"repeat","background-position":"center center","background-size":"auto","background-attachment":"scroll","background-type":"","background-media":"","overlay-type":"","overlay-color":"","overlay-opacity":"","overlay-gradient":""},"tablet":{"background-color":"var(--ast-global-color-5)","background-image":"","background-repeat":"repeat","background-position":"center center","background-size":"auto","background-attachment":"scroll","background-type":"","background-media":"","overlay-type":"","overlay-color":"","overlay-opacity":"","overlay-gradient":""},"mobile":{"background-color":"var(--ast-global-color-5)","background-image":"","background-repeat":"repeat","background-position":"center center","background-size":"auto","background-attachment":"scroll","background-type":"","background-media":"","overlay-type":"","overlay-color":"","overlay-opacity":"","overlay-gradient":""}}},"product_brand":[],"product_cat":[38],"product_tag":[],"class_list":{"0":"post-4991","1":"product","2":"type-product","3":"status-publish","4":"has-post-thumbnail","6":"product_cat-tablets-y-accesorios","7":"desktop-align-left","8":"tablet-align-left","9":"mobile-align-left","11":"first","12":"outofstock","13":"sale","14":"taxable","15":"shipping-taxable","16":"purchasable","17":"product-type-simple"},"yoast_head":"<!-- This site is optimized with the Yoast SEO plugin v27.5 - https:\/\/yoast.com\/product\/yoast-seo-wordpress\/ -->\n<title>Tablet LENOVO 9&quot; Pulgadas M9 LTE&#039; RAM 4GB ROM 128GB BLUE - Giftronic.04<\/title>\n<meta name=\"robots\" content=\"index, follow, max-snippet:-1, max-image-preview:large, max-video-preview:-1\" \/>\n<link rel=\"canonical\" href=\"https:\/\/giftronic04.com\/index.php\/product\/tablet-lenovo-9-pulgadas-m9-lte-ram-4gb-rom-128gb-blue\/\" \/>\n<meta property=\"og:locale\" content=\"es_ES\" \/>\n<meta property=\"og:type\" content=\"article\" \/>\n<meta property=\"og:title\" content=\"Tablet LENOVO 9&quot; Pulgadas M9 LTE&#039; RAM 4GB ROM 128GB BLUE - Giftronic.04\" \/>\n<meta property=\"og:description\" content=\"Caracter\u00edsticas Marca: Lenovo Referencia: M9 Procesador MediaTek Helio G80 (8C, 2x A75 @2.0GHz + 6x A55 @1.8GHz) Graphics Integrated ARM Mali-G52 MC2 GPU Chipset MediaTek SoC Platform Memoria Ram 4GB LPDDR4x Almacenamiento 128GB eMMC 5.1 Expandible Memoria microSD Card (up to 128GB, FAT32; 2TB, exFAT) Card Reader Nano-SIM &amp; microSD Card Slot Sonido Dual speaker [&hellip;]\" \/>\n<meta property=\"og:url\" content=\"https:\/\/giftronic04.com\/index.php\/product\/tablet-lenovo-9-pulgadas-m9-lte-ram-4gb-rom-128gb-blue\/\" \/>\n<meta property=\"og:site_name\" content=\"Giftronic.04\" \/>\n<meta property=\"article:modified_time\" content=\"2026-01-20T22:47:09+00:00\" \/>\n<meta property=\"og:image\" content=\"https:\/\/giftronic04.com\/wp-content\/uploads\/2023\/10\/CARACTERSITCAS.jpg\" \/>\n\t<meta property=\"og:image:width\" content=\"2000\" \/>\n\t<meta property=\"og:image:height\" content=\"2000\" \/>\n\t<meta property=\"og:image:type\" content=\"image\/jpeg\" \/>\n<meta name=\"twitter:card\" content=\"summary_large_image\" \/>\n<meta name=\"twitter:label1\" content=\"Tiempo de lectura\" \/>\n\t<meta name=\"twitter:data1\" content=\"2 minutos\" \/>\n<script type=\"application\/ld+json\" class=\"yoast-schema-graph\">{\"@context\":\"https:\\\/\\\/schema.org\",\"@graph\":[{\"@type\":\"WebPage\",\"@id\":\"https:\\\/\\\/giftronic04.com\\\/index.php\\\/product\\\/tablet-lenovo-9-pulgadas-m9-lte-ram-4gb-rom-128gb-blue\\\/\",\"url\":\"https:\\\/\\\/giftronic04.com\\\/index.php\\\/product\\\/tablet-lenovo-9-pulgadas-m9-lte-ram-4gb-rom-128gb-blue\\\/\",\"name\":\"Tablet LENOVO 9\\\" Pulgadas M9 LTE' RAM 4GB ROM 128GB BLUE - Giftronic.04\",\"isPartOf\":{\"@id\":\"https:\\\/\\\/giftronic04.com\\\/#website\"},\"primaryImageOfPage\":{\"@id\":\"https:\\\/\\\/giftronic04.com\\\/index.php\\\/product\\\/tablet-lenovo-9-pulgadas-m9-lte-ram-4gb-rom-128gb-blue\\\/#primaryimage\"},\"image\":{\"@id\":\"https:\\\/\\\/giftronic04.com\\\/index.php\\\/product\\\/tablet-lenovo-9-pulgadas-m9-lte-ram-4gb-rom-128gb-blue\\\/#primaryimage\"},\"thumbnailUrl\":\"https:\\\/\\\/giftronic04.com\\\/wp-content\\\/uploads\\\/2023\\\/10\\\/CARACTERSITCAS.jpg\",\"datePublished\":\"2023-10-12T16:14:02+00:00\",\"dateModified\":\"2026-01-20T22:47:09+00:00\",\"breadcrumb\":{\"@id\":\"https:\\\/\\\/giftronic04.com\\\/index.php\\\/product\\\/tablet-lenovo-9-pulgadas-m9-lte-ram-4gb-rom-128gb-blue\\\/#breadcrumb\"},\"inLanguage\":\"es\",\"potentialAction\":[{\"@type\":\"ReadAction\",\"target\":[\"https:\\\/\\\/giftronic04.com\\\/index.php\\\/product\\\/tablet-lenovo-9-pulgadas-m9-lte-ram-4gb-rom-128gb-blue\\\/\"]}]},{\"@type\":\"ImageObject\",\"inLanguage\":\"es\",\"@id\":\"https:\\\/\\\/giftronic04.com\\\/index.php\\\/product\\\/tablet-lenovo-9-pulgadas-m9-lte-ram-4gb-rom-128gb-blue\\\/#primaryimage\",\"url\":\"https:\\\/\\\/giftronic04.com\\\/wp-content\\\/uploads\\\/2023\\\/10\\\/CARACTERSITCAS.jpg\",\"contentUrl\":\"https:\\\/\\\/giftronic04.com\\\/wp-content\\\/uploads\\\/2023\\\/10\\\/CARACTERSITCAS.jpg\",\"width\":2000,\"height\":2000},{\"@type\":\"BreadcrumbList\",\"@id\":\"https:\\\/\\\/giftronic04.com\\\/index.php\\\/product\\\/tablet-lenovo-9-pulgadas-m9-lte-ram-4gb-rom-128gb-blue\\\/#breadcrumb\",\"itemListElement\":[{\"@type\":\"ListItem\",\"position\":1,\"name\":\"Portada\",\"item\":\"https:\\\/\\\/giftronic04.com\\\/\"},{\"@type\":\"ListItem\",\"position\":2,\"name\":\"Tienda\",\"item\":\"https:\\\/\\\/giftronic04.com\\\/index.php\\\/shop\\\/\"},{\"@type\":\"ListItem\",\"position\":3,\"name\":\"Tablet LENOVO 9&#8243; Pulgadas M9 LTE&#8217; RAM 4GB ROM 128GB BLUE\"}]},{\"@type\":\"WebSite\",\"@id\":\"https:\\\/\\\/giftronic04.com\\\/#website\",\"url\":\"https:\\\/\\\/giftronic04.com\\\/\",\"name\":\"Giftronic.04\",\"description\":\"Venta de equipos tecnologicos\",\"publisher\":{\"@id\":\"https:\\\/\\\/giftronic04.com\\\/#organization\"},\"potentialAction\":[{\"@type\":\"SearchAction\",\"target\":{\"@type\":\"EntryPoint\",\"urlTemplate\":\"https:\\\/\\\/giftronic04.com\\\/?s={search_term_string}\"},\"query-input\":{\"@type\":\"PropertyValueSpecification\",\"valueRequired\":true,\"valueName\":\"search_term_string\"}}],\"inLanguage\":\"es\"},{\"@type\":\"Organization\",\"@id\":\"https:\\\/\\\/giftronic04.com\\\/#organization\",\"name\":\"giftronic04\",\"url\":\"https:\\\/\\\/giftronic04.com\\\/\",\"logo\":{\"@type\":\"ImageObject\",\"inLanguage\":\"es\",\"@id\":\"https:\\\/\\\/giftronic04.com\\\/#\\\/schema\\\/logo\\\/image\\\/\",\"url\":\"https:\\\/\\\/giftronic04.com\\\/wp-content\\\/uploads\\\/2021\\\/08\\\/logo.png\",\"contentUrl\":\"https:\\\/\\\/giftronic04.com\\\/wp-content\\\/uploads\\\/2021\\\/08\\\/logo.png\",\"width\":6640,\"height\":2192,\"caption\":\"giftronic04\"},\"image\":{\"@id\":\"https:\\\/\\\/giftronic04.com\\\/#\\\/schema\\\/logo\\\/image\\\/\"},\"sameAs\":[\"https:\\\/\\\/www.instagram.com\\\/giftronic.04\\\/\"]}]}<\/script>\n<!-- \/ Yoast SEO plugin. -->","yoast_head_json":{"title":"Tablet LENOVO 9\" Pulgadas M9 LTE' RAM 4GB ROM 128GB BLUE - Giftronic.04","robots":{"index":"index","follow":"follow","max-snippet":"max-snippet:-1","max-image-preview":"max-image-preview:large","max-video-preview":"max-video-preview:-1"},"canonical":"https:\/\/giftronic04.com\/index.php\/product\/tablet-lenovo-9-pulgadas-m9-lte-ram-4gb-rom-128gb-blue\/","og_locale":"es_ES","og_type":"article","og_title":"Tablet LENOVO 9\" Pulgadas M9 LTE' RAM 4GB ROM 128GB BLUE - Giftronic.04","og_description":"Caracter\u00edsticas Marca: Lenovo Referencia: M9 Procesador MediaTek Helio G80 (8C, 2x A75 @2.0GHz + 6x A55 @1.8GHz) Graphics Integrated ARM Mali-G52 MC2 GPU Chipset MediaTek SoC Platform Memoria Ram 4GB LPDDR4x Almacenamiento 128GB eMMC 5.1 Expandible Memoria microSD Card (up to 128GB, FAT32; 2TB, exFAT) Card Reader Nano-SIM &amp; microSD Card Slot Sonido Dual speaker [&hellip;]","og_url":"https:\/\/giftronic04.com\/index.php\/product\/tablet-lenovo-9-pulgadas-m9-lte-ram-4gb-rom-128gb-blue\/","og_site_name":"Giftronic.04","article_modified_time":"2026-01-20T22:47:09+00:00","og_image":[{"width":2000,"height":2000,"url":"https:\/\/giftronic04.com\/wp-content\/uploads\/2023\/10\/CARACTERSITCAS.jpg","type":"image\/jpeg"}],"twitter_card":"summary_large_image","twitter_misc":{"Tiempo de lectura":"2 minutos"},"schema":{"@context":"https:\/\/schema.org","@graph":[{"@type":"WebPage","@id":"https:\/\/giftronic04.com\/index.php\/product\/tablet-lenovo-9-pulgadas-m9-lte-ram-4gb-rom-128gb-blue\/","url":"https:\/\/giftronic04.com\/index.php\/product\/tablet-lenovo-9-pulgadas-m9-lte-ram-4gb-rom-128gb-blue\/","name":"Tablet LENOVO 9\" Pulgadas M9 LTE' RAM 4GB ROM 128GB BLUE - Giftronic.04","isPartOf":{"@id":"https:\/\/giftronic04.com\/#website"},"primaryImageOfPage":{"@id":"https:\/\/giftronic04.com\/index.php\/product\/tablet-lenovo-9-pulgadas-m9-lte-ram-4gb-rom-128gb-blue\/#primaryimage"},"image":{"@id":"https:\/\/giftronic04.com\/index.php\/product\/tablet-lenovo-9-pulgadas-m9-lte-ram-4gb-rom-128gb-blue\/#primaryimage"},"thumbnailUrl":"https:\/\/giftronic04.com\/wp-content\/uploads\/2023\/10\/CARACTERSITCAS.jpg","datePublished":"2023-10-12T16:14:02+00:00","dateModified":"2026-01-20T22:47:09+00:00","breadcrumb":{"@id":"https:\/\/giftronic04.com\/index.php\/product\/tablet-lenovo-9-pulgadas-m9-lte-ram-4gb-rom-128gb-blue\/#breadcrumb"},"inLanguage":"es","potentialAction":[{"@type":"ReadAction","target":["https:\/\/giftronic04.com\/index.php\/product\/tablet-lenovo-9-pulgadas-m9-lte-ram-4gb-rom-128gb-blue\/"]}]},{"@type":"ImageObject","inLanguage":"es","@id":"https:\/\/giftronic04.com\/index.php\/product\/tablet-lenovo-9-pulgadas-m9-lte-ram-4gb-rom-128gb-blue\/#primaryimage","url":"https:\/\/giftronic04.com\/wp-content\/uploads\/2023\/10\/CARACTERSITCAS.jpg","contentUrl":"https:\/\/giftronic04.com\/wp-content\/uploads\/2023\/10\/CARACTERSITCAS.jpg","width":2000,"height":2000},{"@type":"BreadcrumbList","@id":"https:\/\/giftronic04.com\/index.php\/product\/tablet-lenovo-9-pulgadas-m9-lte-ram-4gb-rom-128gb-blue\/#breadcrumb","itemListElement":[{"@type":"ListItem","position":1,"name":"Portada","item":"https:\/\/giftronic04.com\/"},{"@type":"ListItem","position":2,"name":"Tienda","item":"https:\/\/giftronic04.com\/index.php\/shop\/"},{"@type":"ListItem","position":3,"name":"Tablet LENOVO 9&#8243; Pulgadas M9 LTE&#8217; RAM 4GB ROM 128GB BLUE"}]},{"@type":"WebSite","@id":"https:\/\/giftronic04.com\/#website","url":"https:\/\/giftronic04.com\/","name":"Giftronic.04","description":"Venta de equipos tecnologicos","publisher":{"@id":"https:\/\/giftronic04.com\/#organization"},"potentialAction":[{"@type":"SearchAction","target":{"@type":"EntryPoint","urlTemplate":"https:\/\/giftronic04.com\/?s={search_term_string}"},"query-input":{"@type":"PropertyValueSpecification","valueRequired":true,"valueName":"search_term_string"}}],"inLanguage":"es"},{"@type":"Organization","@id":"https:\/\/giftronic04.com\/#organization","name":"giftronic04","url":"https:\/\/giftronic04.com\/","logo":{"@type":"ImageObject","inLanguage":"es","@id":"https:\/\/giftronic04.com\/#\/schema\/logo\/image\/","url":"https:\/\/giftronic04.com\/wp-content\/uploads\/2021\/08\/logo.png","contentUrl":"https:\/\/giftronic04.com\/wp-content\/uploads\/2021\/08\/logo.png","width":6640,"height":2192,"caption":"giftronic04"},"image":{"@id":"https:\/\/giftronic04.com\/#\/schema\/logo\/image\/"},"sameAs":["https:\/\/www.instagram.com\/giftronic.04\/"]}]}},"jetpack_sharing_enabled":true,"_links":{"self":[{"href":"https:\/\/giftronic04.com\/index.php\/wp-json\/wp\/v2\/product\/4991","targetHints":{"allow":["GET"]}}],"collection":[{"href":"https:\/\/giftronic04.com\/index.php\/wp-json\/wp\/v2\/product"}],"about":[{"href":"https:\/\/giftronic04.com\/index.php\/wp-json\/wp\/v2\/types\/product"}],"replies":[{"embeddable":true,"href":"https:\/\/giftronic04.com\/index.php\/wp-json\/wp\/v2\/comments?post=4991"}],"wp:featuredmedia":[{"embeddable":true,"href":"https:\/\/giftronic04.com\/index.php\/wp-json\/wp\/v2\/media\/4992"}],"wp:attachment":[{"href":"https:\/\/giftronic04.com\/index.php\/wp-json\/wp\/v2\/media?parent=4991"}],"wp:term":[{"taxonomy":"product_brand","embeddable":true,"href":"https:\/\/giftronic04.com\/index.php\/wp-json\/wp\/v2\/product_brand?post=4991"},{"taxonomy":"product_cat","embeddable":true,"href":"https:\/\/giftronic04.com\/index.php\/wp-json\/wp\/v2\/product_cat?post=4991"},{"taxonomy":"product_tag","embeddable":true,"href":"https:\/\/giftronic04.com\/index.php\/wp-json\/wp\/v2\/product_tag?post=4991"}],"curies":[{"name":"wp","href":"https:\/\/api.w.org\/{rel}","templated":true}]}}