{"id":5023,"date":"2023-10-13T18:42:48","date_gmt":"2023-10-13T23:42:48","guid":{"rendered":"https:\/\/giftronic04.com\/?post_type=product&#038;p=5023"},"modified":"2025-07-12T15:10:46","modified_gmt":"2025-07-12T20:10:46","slug":"all-in-one-lenovo-238-intel-i5-12450h-ram-8gb-512gb-ssd-blanco","status":"publish","type":"product","link":"https:\/\/giftronic04.com\/index.php\/product\/all-in-one-lenovo-238-intel-i5-12450h-ram-8gb-512gb-ssd-blanco\/","title":{"rendered":"All In One LENOVO 23,8&#8242; Intel i5-12450H RAM 8GB 512GB SSD Blanco"},"content":{"rendered":"<p>Caracter\u00edsticas:<\/p>\n<p>Referencia: \u00a024IAP7<\/p>\n<p>Marca: LENOVO<\/p>\n<p>Tipo: ALL IN ONE<\/p>\n<p>Resoluci\u00f3n Pantalla Full HD (1920&#215;1080)<\/p>\n<p>Tama\u00f1o Pantalla\u00a0\u00a0\u00a0\u00a0 23,8\u2019 Pulgadas<\/p>\n<p>Memoria RAM: 8GB<\/p>\n<p>Tipos de Discos que Incluye\u00a0\u00a0\u00a0\u00a0\u00a0\u00a0\u00a0 Disco Estado Solido (SSD)<\/p>\n<p>Capacidad de Disco \u00a0\u00a0512GB SSD<\/p>\n<p>Marca del Procesador\u00a0\u00a0\u00a0\u00a0\u00a0\u00a0\u00a0 INTEL<\/p>\n<p>Procesador\u00a0\u00a0 INTEL CORE i5-12450H<\/p>\n<p>Sistema Operativo\u00a0\u00a0 LINUX<\/p>\n<p>Versi\u00f3n Sistema Operativo\u00a0\u00a0\u00a0\u00a0\u00a0\u00a0\u00a0\u00a0\u00a0\u00a0\u00a0 LINUX<\/p>\n<p>N\u00facleos del Procesador\u00a0\u00a0\u00a0\u00a0 8 N\u00facleos<\/p>\n<p>Velocidad del Procesador: Reloj base 3,3GHz M\u00e1x. Hasta 4,4GHz<\/p>\n<p>Unidad CD\/DVD Integrada \u00a0\u00a0\u00a0\u00a0\u00a0\u00a0\u00a0\u00a0\u00a0\u00a0 No tiene Unidad de CD\/DVD Integrada<\/p>\n<p>Peso\u00a0\u00a0 7 Kilogramos<\/p>\n<p>Nivel de Uso Avanzado<\/p>\n<p>Caracter\u00edsticas Especiales<\/p>\n<p>C\u00e1mara WEB Integrada<\/p>\n<p>No. Puertos HDMI\u00a0\u00a0 1 Puertos<\/p>\n<p>No. Puertos USB\u00a0\u00a0\u00a0\u00a0 4 Puertos<\/p>\n<p>No. Puertos LAN Ethernet 1 Puertos<\/p>\n<p>No. Salidas de Audio\u00a0\u00a0\u00a0\u00a0\u00a0\u00a0\u00a0\u00a0 1 Puertos<\/p>\n<p>Tipos de Puertos Entradas y Salidas<\/p>\n<p>Puerto HDMI<\/p>\n<p>Puerto USB<\/p>\n<p>Salida de Aud\u00edfonos<\/p>\n<p>Opciones de Conexi\u00f3n<\/p>\n<p>Bluetooth<\/p>\n<p>Wifi<\/p>\n<p>Fuente de Alimentaci\u00f3n de Energ\u00eda<\/p>\n<p>Tonalidad de Color\u00a0 Blanco<\/p>\n<p>&nbsp;<\/p>\n<p>Caracter\u00edsticas destacadas<\/p>\n<p>Pantalla antirreflejo Full HD, Im\u00e1genes mas claras y n\u00edtidas<\/p>\n<p>Gr\u00e1ficos integrados, Videos ultra detallados<\/p>\n<p>C\u00e1mara de alta resoluci\u00f3n HD 702p, videollamadas mas claras<\/p>\n<p>Wifi Mayor velocidad y menor consumo de energ\u00eda<\/p>\n<p>&nbsp;<\/p>\n<p>Resumen del producto<\/p>\n<p>LENOVO todo en uno AIO 3 cuenta con procesador Intel Core y grafica integrada Intel que te dan un excelente rendimiento y velocidad para tus tareas de estudio, trabajo y multimedia. Su pantalla FHD con bordes minimalistas permiten una fluidez y detalle que vas a disfrutas con fotos e im\u00e1genes. Trae Wifi lo cual es mejor velocidad y trasferencia de datos. Sonido HD permite se que disfrute de m\u00fasica y llamadas con claridad y junto a su c\u00e1mara 720p permite hacer videollamadas de claridad y calidad. \u00a1No olvides llevar el tuyo!<\/p>\n","protected":false},"excerpt":{"rendered":"<p>Caracter\u00edsticas: Referencia: \u00a024IAP7 Marca: LENOVO Tipo: ALL IN ONE Resoluci\u00f3n Pantalla Full HD (1920&#215;1080) Tama\u00f1o Pantalla\u00a0\u00a0\u00a0\u00a0 23,8\u2019 Pulgadas Memoria RAM: 8GB Tipos de Discos que Incluye\u00a0\u00a0\u00a0\u00a0\u00a0\u00a0\u00a0 Disco Estado Solido (SSD) Capacidad de Disco \u00a0\u00a0512GB SSD Marca del Procesador\u00a0\u00a0\u00a0\u00a0\u00a0\u00a0\u00a0 INTEL Procesador\u00a0\u00a0 INTEL CORE i5-12450H Sistema Operativo\u00a0\u00a0 LINUX Versi\u00f3n Sistema Operativo\u00a0\u00a0\u00a0\u00a0\u00a0\u00a0\u00a0\u00a0\u00a0\u00a0\u00a0 LINUX N\u00facleos del Procesador\u00a0\u00a0\u00a0\u00a0 8 N\u00facleos [&hellip;]<\/p>\n","protected":false},"featured_media":5019,"comment_status":"open","ping_status":"closed","template":"","meta":{"_surecart_dashboard_logo_width":"180px","_surecart_dashboard_show_logo":true,"_surecart_dashboard_navigation_orders":true,"_surecart_dashboard_navigation_invoices":true,"_surecart_dashboard_navigation_subscriptions":true,"_surecart_dashboard_navigation_downloads":true,"_surecart_dashboard_navigation_billing":true,"_surecart_dashboard_navigation_account":true,"site-sidebar-layout":"default","site-content-layout":"","ast-site-content-layout":"default","site-content-style":"default","site-sidebar-style":"default","ast-global-header-display":"","ast-banner-title-visibility":"","ast-main-header-display":"","ast-hfb-above-header-display":"","ast-hfb-below-header-display":"","ast-hfb-mobile-header-display":"","site-post-title":"","ast-breadcrumbs-content":"","ast-featured-img":"","footer-sml-layout":"","ast-disable-related-posts":"","theme-transparent-header-meta":"","adv-header-id-meta":"","stick-header-meta":"","header-above-stick-meta":"","header-main-stick-meta":"","header-below-stick-meta":"","astra-migrate-meta-layouts":"default","ast-page-background-enabled":"default","ast-page-background-meta":{"desktop":{"background-color":"var(--ast-global-color-4)","background-image":"","background-repeat":"repeat","background-position":"center center","background-size":"auto","background-attachment":"scroll","background-type":"","background-media":"","overlay-type":"","overlay-color":"","overlay-opacity":"","overlay-gradient":""},"tablet":{"background-color":"","background-image":"","background-repeat":"repeat","background-position":"center center","background-size":"auto","background-attachment":"scroll","background-type":"","background-media":"","overlay-type":"","overlay-color":"","overlay-opacity":"","overlay-gradient":""},"mobile":{"background-color":"","background-image":"","background-repeat":"repeat","background-position":"center center","background-size":"auto","background-attachment":"scroll","background-type":"","background-media":"","overlay-type":"","overlay-color":"","overlay-opacity":"","overlay-gradient":""}},"ast-content-background-meta":{"desktop":{"background-color":"var(--ast-global-color-5)","background-image":"","background-repeat":"repeat","background-position":"center center","background-size":"auto","background-attachment":"scroll","background-type":"","background-media":"","overlay-type":"","overlay-color":"","overlay-opacity":"","overlay-gradient":""},"tablet":{"background-color":"var(--ast-global-color-5)","background-image":"","background-repeat":"repeat","background-position":"center center","background-size":"auto","background-attachment":"scroll","background-type":"","background-media":"","overlay-type":"","overlay-color":"","overlay-opacity":"","overlay-gradient":""},"mobile":{"background-color":"var(--ast-global-color-5)","background-image":"","background-repeat":"repeat","background-position":"center center","background-size":"auto","background-attachment":"scroll","background-type":"","background-media":"","overlay-type":"","overlay-color":"","overlay-opacity":"","overlay-gradient":""}}},"product_brand":[],"product_cat":[56],"product_tag":[],"class_list":{"0":"post-5023","1":"product","2":"type-product","3":"status-publish","4":"has-post-thumbnail","6":"product_cat-all-in-one","7":"desktop-align-left","8":"tablet-align-left","9":"mobile-align-left","11":"first","12":"outofstock","13":"sale","14":"taxable","15":"shipping-taxable","16":"purchasable","17":"product-type-simple"},"yoast_head":"<!-- This site is optimized with the Yoast SEO plugin v27.5 - https:\/\/yoast.com\/product\/yoast-seo-wordpress\/ -->\n<title>All In One LENOVO 23,8&#039; Intel i5-12450H RAM 8GB 512GB SSD Blanco - Giftronic.04<\/title>\n<meta name=\"robots\" content=\"index, follow, max-snippet:-1, max-image-preview:large, max-video-preview:-1\" \/>\n<link rel=\"canonical\" href=\"https:\/\/giftronic04.com\/index.php\/product\/all-in-one-lenovo-238-intel-i5-12450h-ram-8gb-512gb-ssd-blanco\/\" \/>\n<meta property=\"og:locale\" content=\"es_ES\" \/>\n<meta property=\"og:type\" content=\"article\" \/>\n<meta property=\"og:title\" content=\"All In One LENOVO 23,8&#039; Intel i5-12450H RAM 8GB 512GB SSD Blanco - Giftronic.04\" \/>\n<meta property=\"og:description\" content=\"Caracter\u00edsticas: Referencia: \u00a024IAP7 Marca: LENOVO Tipo: ALL IN ONE Resoluci\u00f3n Pantalla Full HD (1920&#215;1080) Tama\u00f1o Pantalla\u00a0\u00a0\u00a0\u00a0 23,8\u2019 Pulgadas Memoria RAM: 8GB Tipos de Discos que Incluye\u00a0\u00a0\u00a0\u00a0\u00a0\u00a0\u00a0 Disco Estado Solido (SSD) Capacidad de Disco \u00a0\u00a0512GB SSD Marca del Procesador\u00a0\u00a0\u00a0\u00a0\u00a0\u00a0\u00a0 INTEL Procesador\u00a0\u00a0 INTEL CORE i5-12450H Sistema Operativo\u00a0\u00a0 LINUX Versi\u00f3n Sistema Operativo\u00a0\u00a0\u00a0\u00a0\u00a0\u00a0\u00a0\u00a0\u00a0\u00a0\u00a0 LINUX N\u00facleos del Procesador\u00a0\u00a0\u00a0\u00a0 8 N\u00facleos [&hellip;]\" \/>\n<meta property=\"og:url\" content=\"https:\/\/giftronic04.com\/index.php\/product\/all-in-one-lenovo-238-intel-i5-12450h-ram-8gb-512gb-ssd-blanco\/\" \/>\n<meta property=\"og:site_name\" content=\"Giftronic.04\" \/>\n<meta property=\"article:modified_time\" content=\"2025-07-12T20:10:46+00:00\" \/>\n<meta property=\"og:image\" content=\"https:\/\/giftronic04.com\/wp-content\/uploads\/2023\/10\/CON-LOGO-7.jpg\" \/>\n\t<meta property=\"og:image:width\" content=\"2000\" \/>\n\t<meta property=\"og:image:height\" content=\"2000\" \/>\n\t<meta property=\"og:image:type\" content=\"image\/jpeg\" \/>\n<meta name=\"twitter:card\" content=\"summary_large_image\" \/>\n<meta name=\"twitter:label1\" content=\"Tiempo de lectura\" \/>\n\t<meta name=\"twitter:data1\" content=\"2 minutos\" \/>\n<script type=\"application\/ld+json\" class=\"yoast-schema-graph\">{\"@context\":\"https:\\\/\\\/schema.org\",\"@graph\":[{\"@type\":\"WebPage\",\"@id\":\"https:\\\/\\\/giftronic04.com\\\/index.php\\\/product\\\/all-in-one-lenovo-238-intel-i5-12450h-ram-8gb-512gb-ssd-blanco\\\/\",\"url\":\"https:\\\/\\\/giftronic04.com\\\/index.php\\\/product\\\/all-in-one-lenovo-238-intel-i5-12450h-ram-8gb-512gb-ssd-blanco\\\/\",\"name\":\"All In One LENOVO 23,8' Intel i5-12450H RAM 8GB 512GB SSD Blanco - Giftronic.04\",\"isPartOf\":{\"@id\":\"https:\\\/\\\/giftronic04.com\\\/#website\"},\"primaryImageOfPage\":{\"@id\":\"https:\\\/\\\/giftronic04.com\\\/index.php\\\/product\\\/all-in-one-lenovo-238-intel-i5-12450h-ram-8gb-512gb-ssd-blanco\\\/#primaryimage\"},\"image\":{\"@id\":\"https:\\\/\\\/giftronic04.com\\\/index.php\\\/product\\\/all-in-one-lenovo-238-intel-i5-12450h-ram-8gb-512gb-ssd-blanco\\\/#primaryimage\"},\"thumbnailUrl\":\"https:\\\/\\\/giftronic04.com\\\/wp-content\\\/uploads\\\/2023\\\/10\\\/CON-LOGO-7.jpg\",\"datePublished\":\"2023-10-13T23:42:48+00:00\",\"dateModified\":\"2025-07-12T20:10:46+00:00\",\"breadcrumb\":{\"@id\":\"https:\\\/\\\/giftronic04.com\\\/index.php\\\/product\\\/all-in-one-lenovo-238-intel-i5-12450h-ram-8gb-512gb-ssd-blanco\\\/#breadcrumb\"},\"inLanguage\":\"es\",\"potentialAction\":[{\"@type\":\"ReadAction\",\"target\":[\"https:\\\/\\\/giftronic04.com\\\/index.php\\\/product\\\/all-in-one-lenovo-238-intel-i5-12450h-ram-8gb-512gb-ssd-blanco\\\/\"]}]},{\"@type\":\"ImageObject\",\"inLanguage\":\"es\",\"@id\":\"https:\\\/\\\/giftronic04.com\\\/index.php\\\/product\\\/all-in-one-lenovo-238-intel-i5-12450h-ram-8gb-512gb-ssd-blanco\\\/#primaryimage\",\"url\":\"https:\\\/\\\/giftronic04.com\\\/wp-content\\\/uploads\\\/2023\\\/10\\\/CON-LOGO-7.jpg\",\"contentUrl\":\"https:\\\/\\\/giftronic04.com\\\/wp-content\\\/uploads\\\/2023\\\/10\\\/CON-LOGO-7.jpg\",\"width\":2000,\"height\":2000},{\"@type\":\"BreadcrumbList\",\"@id\":\"https:\\\/\\\/giftronic04.com\\\/index.php\\\/product\\\/all-in-one-lenovo-238-intel-i5-12450h-ram-8gb-512gb-ssd-blanco\\\/#breadcrumb\",\"itemListElement\":[{\"@type\":\"ListItem\",\"position\":1,\"name\":\"Portada\",\"item\":\"https:\\\/\\\/giftronic04.com\\\/\"},{\"@type\":\"ListItem\",\"position\":2,\"name\":\"Tienda\",\"item\":\"https:\\\/\\\/giftronic04.com\\\/index.php\\\/shop\\\/\"},{\"@type\":\"ListItem\",\"position\":3,\"name\":\"All In One LENOVO 23,8&#8242; Intel i5-12450H RAM 8GB 512GB SSD Blanco\"}]},{\"@type\":\"WebSite\",\"@id\":\"https:\\\/\\\/giftronic04.com\\\/#website\",\"url\":\"https:\\\/\\\/giftronic04.com\\\/\",\"name\":\"Giftronic.04\",\"description\":\"Venta de equipos tecnologicos\",\"publisher\":{\"@id\":\"https:\\\/\\\/giftronic04.com\\\/#organization\"},\"potentialAction\":[{\"@type\":\"SearchAction\",\"target\":{\"@type\":\"EntryPoint\",\"urlTemplate\":\"https:\\\/\\\/giftronic04.com\\\/?s={search_term_string}\"},\"query-input\":{\"@type\":\"PropertyValueSpecification\",\"valueRequired\":true,\"valueName\":\"search_term_string\"}}],\"inLanguage\":\"es\"},{\"@type\":\"Organization\",\"@id\":\"https:\\\/\\\/giftronic04.com\\\/#organization\",\"name\":\"giftronic04\",\"url\":\"https:\\\/\\\/giftronic04.com\\\/\",\"logo\":{\"@type\":\"ImageObject\",\"inLanguage\":\"es\",\"@id\":\"https:\\\/\\\/giftronic04.com\\\/#\\\/schema\\\/logo\\\/image\\\/\",\"url\":\"https:\\\/\\\/giftronic04.com\\\/wp-content\\\/uploads\\\/2021\\\/08\\\/logo.png\",\"contentUrl\":\"https:\\\/\\\/giftronic04.com\\\/wp-content\\\/uploads\\\/2021\\\/08\\\/logo.png\",\"width\":6640,\"height\":2192,\"caption\":\"giftronic04\"},\"image\":{\"@id\":\"https:\\\/\\\/giftronic04.com\\\/#\\\/schema\\\/logo\\\/image\\\/\"},\"sameAs\":[\"https:\\\/\\\/www.instagram.com\\\/giftronic.04\\\/\"]}]}<\/script>\n<!-- \/ Yoast SEO plugin. -->","yoast_head_json":{"title":"All In One LENOVO 23,8' Intel i5-12450H RAM 8GB 512GB SSD Blanco - Giftronic.04","robots":{"index":"index","follow":"follow","max-snippet":"max-snippet:-1","max-image-preview":"max-image-preview:large","max-video-preview":"max-video-preview:-1"},"canonical":"https:\/\/giftronic04.com\/index.php\/product\/all-in-one-lenovo-238-intel-i5-12450h-ram-8gb-512gb-ssd-blanco\/","og_locale":"es_ES","og_type":"article","og_title":"All In One LENOVO 23,8' Intel i5-12450H RAM 8GB 512GB SSD Blanco - Giftronic.04","og_description":"Caracter\u00edsticas: Referencia: \u00a024IAP7 Marca: LENOVO Tipo: ALL IN ONE Resoluci\u00f3n Pantalla Full HD (1920&#215;1080) Tama\u00f1o Pantalla\u00a0\u00a0\u00a0\u00a0 23,8\u2019 Pulgadas Memoria RAM: 8GB Tipos de Discos que Incluye\u00a0\u00a0\u00a0\u00a0\u00a0\u00a0\u00a0 Disco Estado Solido (SSD) Capacidad de Disco \u00a0\u00a0512GB SSD Marca del Procesador\u00a0\u00a0\u00a0\u00a0\u00a0\u00a0\u00a0 INTEL Procesador\u00a0\u00a0 INTEL CORE i5-12450H Sistema Operativo\u00a0\u00a0 LINUX Versi\u00f3n Sistema Operativo\u00a0\u00a0\u00a0\u00a0\u00a0\u00a0\u00a0\u00a0\u00a0\u00a0\u00a0 LINUX N\u00facleos del Procesador\u00a0\u00a0\u00a0\u00a0 8 N\u00facleos [&hellip;]","og_url":"https:\/\/giftronic04.com\/index.php\/product\/all-in-one-lenovo-238-intel-i5-12450h-ram-8gb-512gb-ssd-blanco\/","og_site_name":"Giftronic.04","article_modified_time":"2025-07-12T20:10:46+00:00","og_image":[{"width":2000,"height":2000,"url":"https:\/\/giftronic04.com\/wp-content\/uploads\/2023\/10\/CON-LOGO-7.jpg","type":"image\/jpeg"}],"twitter_card":"summary_large_image","twitter_misc":{"Tiempo de lectura":"2 minutos"},"schema":{"@context":"https:\/\/schema.org","@graph":[{"@type":"WebPage","@id":"https:\/\/giftronic04.com\/index.php\/product\/all-in-one-lenovo-238-intel-i5-12450h-ram-8gb-512gb-ssd-blanco\/","url":"https:\/\/giftronic04.com\/index.php\/product\/all-in-one-lenovo-238-intel-i5-12450h-ram-8gb-512gb-ssd-blanco\/","name":"All In One LENOVO 23,8' Intel i5-12450H RAM 8GB 512GB SSD Blanco - Giftronic.04","isPartOf":{"@id":"https:\/\/giftronic04.com\/#website"},"primaryImageOfPage":{"@id":"https:\/\/giftronic04.com\/index.php\/product\/all-in-one-lenovo-238-intel-i5-12450h-ram-8gb-512gb-ssd-blanco\/#primaryimage"},"image":{"@id":"https:\/\/giftronic04.com\/index.php\/product\/all-in-one-lenovo-238-intel-i5-12450h-ram-8gb-512gb-ssd-blanco\/#primaryimage"},"thumbnailUrl":"https:\/\/giftronic04.com\/wp-content\/uploads\/2023\/10\/CON-LOGO-7.jpg","datePublished":"2023-10-13T23:42:48+00:00","dateModified":"2025-07-12T20:10:46+00:00","breadcrumb":{"@id":"https:\/\/giftronic04.com\/index.php\/product\/all-in-one-lenovo-238-intel-i5-12450h-ram-8gb-512gb-ssd-blanco\/#breadcrumb"},"inLanguage":"es","potentialAction":[{"@type":"ReadAction","target":["https:\/\/giftronic04.com\/index.php\/product\/all-in-one-lenovo-238-intel-i5-12450h-ram-8gb-512gb-ssd-blanco\/"]}]},{"@type":"ImageObject","inLanguage":"es","@id":"https:\/\/giftronic04.com\/index.php\/product\/all-in-one-lenovo-238-intel-i5-12450h-ram-8gb-512gb-ssd-blanco\/#primaryimage","url":"https:\/\/giftronic04.com\/wp-content\/uploads\/2023\/10\/CON-LOGO-7.jpg","contentUrl":"https:\/\/giftronic04.com\/wp-content\/uploads\/2023\/10\/CON-LOGO-7.jpg","width":2000,"height":2000},{"@type":"BreadcrumbList","@id":"https:\/\/giftronic04.com\/index.php\/product\/all-in-one-lenovo-238-intel-i5-12450h-ram-8gb-512gb-ssd-blanco\/#breadcrumb","itemListElement":[{"@type":"ListItem","position":1,"name":"Portada","item":"https:\/\/giftronic04.com\/"},{"@type":"ListItem","position":2,"name":"Tienda","item":"https:\/\/giftronic04.com\/index.php\/shop\/"},{"@type":"ListItem","position":3,"name":"All In One LENOVO 23,8&#8242; Intel i5-12450H RAM 8GB 512GB SSD Blanco"}]},{"@type":"WebSite","@id":"https:\/\/giftronic04.com\/#website","url":"https:\/\/giftronic04.com\/","name":"Giftronic.04","description":"Venta de equipos tecnologicos","publisher":{"@id":"https:\/\/giftronic04.com\/#organization"},"potentialAction":[{"@type":"SearchAction","target":{"@type":"EntryPoint","urlTemplate":"https:\/\/giftronic04.com\/?s={search_term_string}"},"query-input":{"@type":"PropertyValueSpecification","valueRequired":true,"valueName":"search_term_string"}}],"inLanguage":"es"},{"@type":"Organization","@id":"https:\/\/giftronic04.com\/#organization","name":"giftronic04","url":"https:\/\/giftronic04.com\/","logo":{"@type":"ImageObject","inLanguage":"es","@id":"https:\/\/giftronic04.com\/#\/schema\/logo\/image\/","url":"https:\/\/giftronic04.com\/wp-content\/uploads\/2021\/08\/logo.png","contentUrl":"https:\/\/giftronic04.com\/wp-content\/uploads\/2021\/08\/logo.png","width":6640,"height":2192,"caption":"giftronic04"},"image":{"@id":"https:\/\/giftronic04.com\/#\/schema\/logo\/image\/"},"sameAs":["https:\/\/www.instagram.com\/giftronic.04\/"]}]}},"jetpack_sharing_enabled":true,"_links":{"self":[{"href":"https:\/\/giftronic04.com\/index.php\/wp-json\/wp\/v2\/product\/5023","targetHints":{"allow":["GET"]}}],"collection":[{"href":"https:\/\/giftronic04.com\/index.php\/wp-json\/wp\/v2\/product"}],"about":[{"href":"https:\/\/giftronic04.com\/index.php\/wp-json\/wp\/v2\/types\/product"}],"replies":[{"embeddable":true,"href":"https:\/\/giftronic04.com\/index.php\/wp-json\/wp\/v2\/comments?post=5023"}],"wp:featuredmedia":[{"embeddable":true,"href":"https:\/\/giftronic04.com\/index.php\/wp-json\/wp\/v2\/media\/5019"}],"wp:attachment":[{"href":"https:\/\/giftronic04.com\/index.php\/wp-json\/wp\/v2\/media?parent=5023"}],"wp:term":[{"taxonomy":"product_brand","embeddable":true,"href":"https:\/\/giftronic04.com\/index.php\/wp-json\/wp\/v2\/product_brand?post=5023"},{"taxonomy":"product_cat","embeddable":true,"href":"https:\/\/giftronic04.com\/index.php\/wp-json\/wp\/v2\/product_cat?post=5023"},{"taxonomy":"product_tag","embeddable":true,"href":"https:\/\/giftronic04.com\/index.php\/wp-json\/wp\/v2\/product_tag?post=5023"}],"curies":[{"name":"wp","href":"https:\/\/api.w.org\/{rel}","templated":true}]}}