{"id":5075,"date":"2023-10-23T17:57:56","date_gmt":"2023-10-23T22:57:56","guid":{"rendered":"https:\/\/giftronic04.com\/?post_type=product&#038;p=5075"},"modified":"2024-11-09T07:48:50","modified_gmt":"2024-11-09T12:48:50","slug":"juego-ps4-watch-dogs-2-spanish","status":"publish","type":"product","link":"https:\/\/giftronic04.com\/index.php\/product\/juego-ps4-watch-dogs-2-spanish\/","title":{"rendered":"Juego PS4 Watch Dogs 2 Spanish"},"content":{"rendered":"<p>Especificaciones<\/p>\n<p>Codigo: 887256022907<\/p>\n<p>Informaci\u00f3n Adicional Relevante<\/p>\n<p>Accesorios Sugeridos<\/p>\n<p>Control DualShock 4<\/p>\n<p>Detalles del Producto<\/p>\n<p>Desarrollador del Juego<\/p>\n<p>UBISOFT<\/p>\n<p>Idiomas<\/p>\n<p>Espa\u00f1ol<\/p>\n<p>No. Jugadores<\/p>\n<p>1 Jugadores<\/p>\n<p>Tipo de Juego Clasificaci\u00f3n<\/p>\n<p>Acci\u00f3n<\/p>\n<p>Aventura<\/p>\n<p>Plataforma<\/p>\n<p>PS4<\/p>\n<p>Clasificaci\u00f3n<\/p>\n<p>Mature + 17<\/p>\n<p>Edad Sugerida<\/p>\n<p>Mayores de 18 a\u00f1os<\/p>\n<p>Caracter\u00edsticas destacadas<\/p>\n<p>Descubre los secretos que hay en la cuna de la revoluci\u00f3n tecnol\u00f3gica.<\/p>\n<p>Hackea la infraestructura de la ciudad, cada dispositivo conectado y las bases de datos personales<\/p>\n<p>Controla drones, coches, gr\u00faas, robots de seguridad y mucho m\u00e1s.<\/p>\n<p>Usa el hackeo y el sigilo para completar las misiones sin matar a un solo enemigo<\/p>\n<p>Resumen del producto<\/p>\n<p>Explora un mundo abierto enorme y vibrante que ofrece una gran variedad de posibilidades de juego. \u00c1brete camino entre el tr\u00e1fico con el hackeo mientras tomas parte en peligrosas persecuciones por las sinuosas calles de San Francisco, recorres los tejados de los coloridos y din\u00e1micos barrios de Oakland y te infiltras en las novedosas oficinas de las compa\u00f1\u00edas tecnol\u00f3gicas de Silicon Valley.<\/p>\n","protected":false},"excerpt":{"rendered":"<p>Especificaciones Codigo: 887256022907 Informaci\u00f3n Adicional Relevante Accesorios Sugeridos Control DualShock 4 Detalles del Producto Desarrollador del Juego UBISOFT Idiomas Espa\u00f1ol No. Jugadores 1 Jugadores Tipo de Juego Clasificaci\u00f3n Acci\u00f3n Aventura Plataforma PS4 Clasificaci\u00f3n Mature + 17 Edad Sugerida Mayores de 18 a\u00f1os Caracter\u00edsticas destacadas Descubre los secretos que hay en la cuna de la revoluci\u00f3n [&hellip;]<\/p>\n","protected":false},"featured_media":5076,"comment_status":"open","ping_status":"closed","template":"","meta":{"_surecart_dashboard_logo_width":"180px","_surecart_dashboard_show_logo":true,"_surecart_dashboard_navigation_orders":true,"_surecart_dashboard_navigation_invoices":true,"_surecart_dashboard_navigation_subscriptions":true,"_surecart_dashboard_navigation_downloads":true,"_surecart_dashboard_navigation_billing":true,"_surecart_dashboard_navigation_account":true,"site-sidebar-layout":"default","site-content-layout":"","ast-site-content-layout":"default","site-content-style":"default","site-sidebar-style":"default","ast-global-header-display":"","ast-banner-title-visibility":"","ast-main-header-display":"","ast-hfb-above-header-display":"","ast-hfb-below-header-display":"","ast-hfb-mobile-header-display":"","site-post-title":"","ast-breadcrumbs-content":"","ast-featured-img":"","footer-sml-layout":"","ast-disable-related-posts":"","theme-transparent-header-meta":"","adv-header-id-meta":"","stick-header-meta":"","header-above-stick-meta":"","header-main-stick-meta":"","header-below-stick-meta":"","astra-migrate-meta-layouts":"default","ast-page-background-enabled":"default","ast-page-background-meta":{"desktop":{"background-color":"var(--ast-global-color-4)","background-image":"","background-repeat":"repeat","background-position":"center center","background-size":"auto","background-attachment":"scroll","background-type":"","background-media":"","overlay-type":"","overlay-color":"","overlay-opacity":"","overlay-gradient":""},"tablet":{"background-color":"","background-image":"","background-repeat":"repeat","background-position":"center center","background-size":"auto","background-attachment":"scroll","background-type":"","background-media":"","overlay-type":"","overlay-color":"","overlay-opacity":"","overlay-gradient":""},"mobile":{"background-color":"","background-image":"","background-repeat":"repeat","background-position":"center center","background-size":"auto","background-attachment":"scroll","background-type":"","background-media":"","overlay-type":"","overlay-color":"","overlay-opacity":"","overlay-gradient":""}},"ast-content-background-meta":{"desktop":{"background-color":"var(--ast-global-color-5)","background-image":"","background-repeat":"repeat","background-position":"center center","background-size":"auto","background-attachment":"scroll","background-type":"","background-media":"","overlay-type":"","overlay-color":"","overlay-opacity":"","overlay-gradient":""},"tablet":{"background-color":"var(--ast-global-color-5)","background-image":"","background-repeat":"repeat","background-position":"center center","background-size":"auto","background-attachment":"scroll","background-type":"","background-media":"","overlay-type":"","overlay-color":"","overlay-opacity":"","overlay-gradient":""},"mobile":{"background-color":"var(--ast-global-color-5)","background-image":"","background-repeat":"repeat","background-position":"center center","background-size":"auto","background-attachment":"scroll","background-type":"","background-media":"","overlay-type":"","overlay-color":"","overlay-opacity":"","overlay-gradient":""}}},"product_brand":[],"product_cat":[25],"product_tag":[],"class_list":{"0":"post-5075","1":"product","2":"type-product","3":"status-publish","4":"has-post-thumbnail","6":"product_cat-consolas-y-videojuegos","7":"desktop-align-left","8":"tablet-align-left","9":"mobile-align-left","11":"first","12":"instock","13":"sale","14":"taxable","15":"shipping-taxable","16":"purchasable","17":"product-type-simple"},"yoast_head":"<!-- This site is optimized with the Yoast SEO plugin v27.5 - https:\/\/yoast.com\/product\/yoast-seo-wordpress\/ -->\n<title>Juego PS4 Watch Dogs 2 Spanish - Giftronic.04<\/title>\n<meta name=\"robots\" content=\"index, follow, max-snippet:-1, max-image-preview:large, max-video-preview:-1\" \/>\n<link rel=\"canonical\" href=\"https:\/\/giftronic04.com\/index.php\/product\/juego-ps4-watch-dogs-2-spanish\/\" \/>\n<meta property=\"og:locale\" content=\"es_ES\" \/>\n<meta property=\"og:type\" content=\"article\" \/>\n<meta property=\"og:title\" content=\"Juego PS4 Watch Dogs 2 Spanish - Giftronic.04\" \/>\n<meta property=\"og:description\" content=\"Especificaciones Codigo: 887256022907 Informaci\u00f3n Adicional Relevante Accesorios Sugeridos Control DualShock 4 Detalles del Producto Desarrollador del Juego UBISOFT Idiomas Espa\u00f1ol No. Jugadores 1 Jugadores Tipo de Juego Clasificaci\u00f3n Acci\u00f3n Aventura Plataforma PS4 Clasificaci\u00f3n Mature + 17 Edad Sugerida Mayores de 18 a\u00f1os Caracter\u00edsticas destacadas Descubre los secretos que hay en la cuna de la revoluci\u00f3n [&hellip;]\" \/>\n<meta property=\"og:url\" content=\"https:\/\/giftronic04.com\/index.php\/product\/juego-ps4-watch-dogs-2-spanish\/\" \/>\n<meta property=\"og:site_name\" content=\"Giftronic.04\" \/>\n<meta property=\"article:modified_time\" content=\"2024-11-09T12:48:50+00:00\" \/>\n<meta property=\"og:image\" content=\"https:\/\/giftronic04.com\/wp-content\/uploads\/2023\/10\/887256022907-001-1400Wx1400H.jpeg\" \/>\n\t<meta property=\"og:image:width\" content=\"2000\" \/>\n\t<meta property=\"og:image:height\" content=\"2000\" \/>\n\t<meta property=\"og:image:type\" content=\"image\/jpeg\" \/>\n<meta name=\"twitter:card\" content=\"summary_large_image\" \/>\n<meta name=\"twitter:label1\" content=\"Tiempo de lectura\" \/>\n\t<meta name=\"twitter:data1\" content=\"1 minuto\" \/>\n<script type=\"application\/ld+json\" class=\"yoast-schema-graph\">{\"@context\":\"https:\\\/\\\/schema.org\",\"@graph\":[{\"@type\":\"WebPage\",\"@id\":\"https:\\\/\\\/giftronic04.com\\\/index.php\\\/product\\\/juego-ps4-watch-dogs-2-spanish\\\/\",\"url\":\"https:\\\/\\\/giftronic04.com\\\/index.php\\\/product\\\/juego-ps4-watch-dogs-2-spanish\\\/\",\"name\":\"Juego PS4 Watch Dogs 2 Spanish - Giftronic.04\",\"isPartOf\":{\"@id\":\"https:\\\/\\\/giftronic04.com\\\/#website\"},\"primaryImageOfPage\":{\"@id\":\"https:\\\/\\\/giftronic04.com\\\/index.php\\\/product\\\/juego-ps4-watch-dogs-2-spanish\\\/#primaryimage\"},\"image\":{\"@id\":\"https:\\\/\\\/giftronic04.com\\\/index.php\\\/product\\\/juego-ps4-watch-dogs-2-spanish\\\/#primaryimage\"},\"thumbnailUrl\":\"https:\\\/\\\/giftronic04.com\\\/wp-content\\\/uploads\\\/2023\\\/10\\\/887256022907-001-1400Wx1400H.jpeg\",\"datePublished\":\"2023-10-23T22:57:56+00:00\",\"dateModified\":\"2024-11-09T12:48:50+00:00\",\"breadcrumb\":{\"@id\":\"https:\\\/\\\/giftronic04.com\\\/index.php\\\/product\\\/juego-ps4-watch-dogs-2-spanish\\\/#breadcrumb\"},\"inLanguage\":\"es\",\"potentialAction\":[{\"@type\":\"ReadAction\",\"target\":[\"https:\\\/\\\/giftronic04.com\\\/index.php\\\/product\\\/juego-ps4-watch-dogs-2-spanish\\\/\"]}]},{\"@type\":\"ImageObject\",\"inLanguage\":\"es\",\"@id\":\"https:\\\/\\\/giftronic04.com\\\/index.php\\\/product\\\/juego-ps4-watch-dogs-2-spanish\\\/#primaryimage\",\"url\":\"https:\\\/\\\/giftronic04.com\\\/wp-content\\\/uploads\\\/2023\\\/10\\\/887256022907-001-1400Wx1400H.jpeg\",\"contentUrl\":\"https:\\\/\\\/giftronic04.com\\\/wp-content\\\/uploads\\\/2023\\\/10\\\/887256022907-001-1400Wx1400H.jpeg\",\"width\":2000,\"height\":2000},{\"@type\":\"BreadcrumbList\",\"@id\":\"https:\\\/\\\/giftronic04.com\\\/index.php\\\/product\\\/juego-ps4-watch-dogs-2-spanish\\\/#breadcrumb\",\"itemListElement\":[{\"@type\":\"ListItem\",\"position\":1,\"name\":\"Portada\",\"item\":\"https:\\\/\\\/giftronic04.com\\\/\"},{\"@type\":\"ListItem\",\"position\":2,\"name\":\"Tienda\",\"item\":\"https:\\\/\\\/giftronic04.com\\\/index.php\\\/shop\\\/\"},{\"@type\":\"ListItem\",\"position\":3,\"name\":\"Juego PS4 Watch Dogs 2 Spanish\"}]},{\"@type\":\"WebSite\",\"@id\":\"https:\\\/\\\/giftronic04.com\\\/#website\",\"url\":\"https:\\\/\\\/giftronic04.com\\\/\",\"name\":\"Giftronic.04\",\"description\":\"Venta de equipos tecnologicos\",\"publisher\":{\"@id\":\"https:\\\/\\\/giftronic04.com\\\/#organization\"},\"potentialAction\":[{\"@type\":\"SearchAction\",\"target\":{\"@type\":\"EntryPoint\",\"urlTemplate\":\"https:\\\/\\\/giftronic04.com\\\/?s={search_term_string}\"},\"query-input\":{\"@type\":\"PropertyValueSpecification\",\"valueRequired\":true,\"valueName\":\"search_term_string\"}}],\"inLanguage\":\"es\"},{\"@type\":\"Organization\",\"@id\":\"https:\\\/\\\/giftronic04.com\\\/#organization\",\"name\":\"giftronic04\",\"url\":\"https:\\\/\\\/giftronic04.com\\\/\",\"logo\":{\"@type\":\"ImageObject\",\"inLanguage\":\"es\",\"@id\":\"https:\\\/\\\/giftronic04.com\\\/#\\\/schema\\\/logo\\\/image\\\/\",\"url\":\"https:\\\/\\\/giftronic04.com\\\/wp-content\\\/uploads\\\/2021\\\/08\\\/logo.png\",\"contentUrl\":\"https:\\\/\\\/giftronic04.com\\\/wp-content\\\/uploads\\\/2021\\\/08\\\/logo.png\",\"width\":6640,\"height\":2192,\"caption\":\"giftronic04\"},\"image\":{\"@id\":\"https:\\\/\\\/giftronic04.com\\\/#\\\/schema\\\/logo\\\/image\\\/\"},\"sameAs\":[\"https:\\\/\\\/www.instagram.com\\\/giftronic.04\\\/\"]}]}<\/script>\n<!-- \/ Yoast SEO plugin. -->","yoast_head_json":{"title":"Juego PS4 Watch Dogs 2 Spanish - Giftronic.04","robots":{"index":"index","follow":"follow","max-snippet":"max-snippet:-1","max-image-preview":"max-image-preview:large","max-video-preview":"max-video-preview:-1"},"canonical":"https:\/\/giftronic04.com\/index.php\/product\/juego-ps4-watch-dogs-2-spanish\/","og_locale":"es_ES","og_type":"article","og_title":"Juego PS4 Watch Dogs 2 Spanish - Giftronic.04","og_description":"Especificaciones Codigo: 887256022907 Informaci\u00f3n Adicional Relevante Accesorios Sugeridos Control DualShock 4 Detalles del Producto Desarrollador del Juego UBISOFT Idiomas Espa\u00f1ol No. Jugadores 1 Jugadores Tipo de Juego Clasificaci\u00f3n Acci\u00f3n Aventura Plataforma PS4 Clasificaci\u00f3n Mature + 17 Edad Sugerida Mayores de 18 a\u00f1os Caracter\u00edsticas destacadas Descubre los secretos que hay en la cuna de la revoluci\u00f3n [&hellip;]","og_url":"https:\/\/giftronic04.com\/index.php\/product\/juego-ps4-watch-dogs-2-spanish\/","og_site_name":"Giftronic.04","article_modified_time":"2024-11-09T12:48:50+00:00","og_image":[{"width":2000,"height":2000,"url":"https:\/\/giftronic04.com\/wp-content\/uploads\/2023\/10\/887256022907-001-1400Wx1400H.jpeg","type":"image\/jpeg"}],"twitter_card":"summary_large_image","twitter_misc":{"Tiempo de lectura":"1 minuto"},"schema":{"@context":"https:\/\/schema.org","@graph":[{"@type":"WebPage","@id":"https:\/\/giftronic04.com\/index.php\/product\/juego-ps4-watch-dogs-2-spanish\/","url":"https:\/\/giftronic04.com\/index.php\/product\/juego-ps4-watch-dogs-2-spanish\/","name":"Juego PS4 Watch Dogs 2 Spanish - Giftronic.04","isPartOf":{"@id":"https:\/\/giftronic04.com\/#website"},"primaryImageOfPage":{"@id":"https:\/\/giftronic04.com\/index.php\/product\/juego-ps4-watch-dogs-2-spanish\/#primaryimage"},"image":{"@id":"https:\/\/giftronic04.com\/index.php\/product\/juego-ps4-watch-dogs-2-spanish\/#primaryimage"},"thumbnailUrl":"https:\/\/giftronic04.com\/wp-content\/uploads\/2023\/10\/887256022907-001-1400Wx1400H.jpeg","datePublished":"2023-10-23T22:57:56+00:00","dateModified":"2024-11-09T12:48:50+00:00","breadcrumb":{"@id":"https:\/\/giftronic04.com\/index.php\/product\/juego-ps4-watch-dogs-2-spanish\/#breadcrumb"},"inLanguage":"es","potentialAction":[{"@type":"ReadAction","target":["https:\/\/giftronic04.com\/index.php\/product\/juego-ps4-watch-dogs-2-spanish\/"]}]},{"@type":"ImageObject","inLanguage":"es","@id":"https:\/\/giftronic04.com\/index.php\/product\/juego-ps4-watch-dogs-2-spanish\/#primaryimage","url":"https:\/\/giftronic04.com\/wp-content\/uploads\/2023\/10\/887256022907-001-1400Wx1400H.jpeg","contentUrl":"https:\/\/giftronic04.com\/wp-content\/uploads\/2023\/10\/887256022907-001-1400Wx1400H.jpeg","width":2000,"height":2000},{"@type":"BreadcrumbList","@id":"https:\/\/giftronic04.com\/index.php\/product\/juego-ps4-watch-dogs-2-spanish\/#breadcrumb","itemListElement":[{"@type":"ListItem","position":1,"name":"Portada","item":"https:\/\/giftronic04.com\/"},{"@type":"ListItem","position":2,"name":"Tienda","item":"https:\/\/giftronic04.com\/index.php\/shop\/"},{"@type":"ListItem","position":3,"name":"Juego PS4 Watch Dogs 2 Spanish"}]},{"@type":"WebSite","@id":"https:\/\/giftronic04.com\/#website","url":"https:\/\/giftronic04.com\/","name":"Giftronic.04","description":"Venta de equipos tecnologicos","publisher":{"@id":"https:\/\/giftronic04.com\/#organization"},"potentialAction":[{"@type":"SearchAction","target":{"@type":"EntryPoint","urlTemplate":"https:\/\/giftronic04.com\/?s={search_term_string}"},"query-input":{"@type":"PropertyValueSpecification","valueRequired":true,"valueName":"search_term_string"}}],"inLanguage":"es"},{"@type":"Organization","@id":"https:\/\/giftronic04.com\/#organization","name":"giftronic04","url":"https:\/\/giftronic04.com\/","logo":{"@type":"ImageObject","inLanguage":"es","@id":"https:\/\/giftronic04.com\/#\/schema\/logo\/image\/","url":"https:\/\/giftronic04.com\/wp-content\/uploads\/2021\/08\/logo.png","contentUrl":"https:\/\/giftronic04.com\/wp-content\/uploads\/2021\/08\/logo.png","width":6640,"height":2192,"caption":"giftronic04"},"image":{"@id":"https:\/\/giftronic04.com\/#\/schema\/logo\/image\/"},"sameAs":["https:\/\/www.instagram.com\/giftronic.04\/"]}]}},"jetpack_sharing_enabled":true,"_links":{"self":[{"href":"https:\/\/giftronic04.com\/index.php\/wp-json\/wp\/v2\/product\/5075","targetHints":{"allow":["GET"]}}],"collection":[{"href":"https:\/\/giftronic04.com\/index.php\/wp-json\/wp\/v2\/product"}],"about":[{"href":"https:\/\/giftronic04.com\/index.php\/wp-json\/wp\/v2\/types\/product"}],"replies":[{"embeddable":true,"href":"https:\/\/giftronic04.com\/index.php\/wp-json\/wp\/v2\/comments?post=5075"}],"wp:featuredmedia":[{"embeddable":true,"href":"https:\/\/giftronic04.com\/index.php\/wp-json\/wp\/v2\/media\/5076"}],"wp:attachment":[{"href":"https:\/\/giftronic04.com\/index.php\/wp-json\/wp\/v2\/media?parent=5075"}],"wp:term":[{"taxonomy":"product_brand","embeddable":true,"href":"https:\/\/giftronic04.com\/index.php\/wp-json\/wp\/v2\/product_brand?post=5075"},{"taxonomy":"product_cat","embeddable":true,"href":"https:\/\/giftronic04.com\/index.php\/wp-json\/wp\/v2\/product_cat?post=5075"},{"taxonomy":"product_tag","embeddable":true,"href":"https:\/\/giftronic04.com\/index.php\/wp-json\/wp\/v2\/product_tag?post=5075"}],"curies":[{"name":"wp","href":"https:\/\/api.w.org\/{rel}","templated":true}]}}