{"id":5097,"date":"2023-10-23T18:56:11","date_gmt":"2023-10-23T23:56:11","guid":{"rendered":"https:\/\/giftronic04.com\/?post_type=product&#038;p=5097"},"modified":"2023-10-24T12:25:54","modified_gmt":"2023-10-24T17:25:54","slug":"juego-ps4-far-cry-5-hits-2","status":"publish","type":"product","link":"https:\/\/giftronic04.com\/index.php\/product\/juego-ps4-far-cry-5-hits-2\/","title":{"rendered":"Juego PS4 Far Cry 5 Hits"},"content":{"rendered":"<p>Especificaciones<\/p>\n<p>C\u00f3digo: 887256028855<\/p>\n<p>Especificaciones t\u00e9cnicas<\/p>\n<p>Informaci\u00f3n Adicional Relevante<\/p>\n<p>Accesorios Sugeridos<\/p>\n<p>Control DualShock 4<\/p>\n<p>Detalles del Producto<\/p>\n<p>Desarrollador del Juego<\/p>\n<p>UBISOFT<\/p>\n<p>Idiomas<\/p>\n<p>Ingl\u00e9s y espa\u00f1ol<\/p>\n<p>No. Jugadores<\/p>\n<p>1 Jugadores<\/p>\n<p>Clasificacion<\/p>\n<p>Mature + 17<\/p>\n<p>Edad Sugerida<\/p>\n<p>Mayores de 18 a\u00f1os<\/p>\n<p>Caracter\u00edsticas importantes<\/p>\n<p>Tendr\u00e1s que ponerte en la piel de un agente de polic\u00eda novato y liderar a los lugare\u00f1os<\/p>\n<p>Puedes conseguir aliados de todo tipo: recluta a tus amigos para jugar de manera cooperativa<\/p>\n<p>Ad\u00e9ntrate en una guerra que se ha estado fraguando durante 15 a\u00f1os<\/p>\n<p>Acepta la ayuda de la gente corriente, combate a su lado<\/p>\n<p>Sobre este producto<\/p>\n<p>A pie, por carretera o en avi\u00f3n: recupera el condado de Hope a tu manera. La fan\u00e1tica secta del Proyecto de la Puerta del Ed\u00e9n, que est\u00e1 decidida a salvar las almas de la gente independientemente de sus deseos, ha afianzado su dominio<\/p>\n<p>sobre el condado de Hope, en monta\u00f1a. A los lugare\u00f1os confinados solo les quedan dos opciones: aceptar la salvaci\u00f3n o mandarlos al infierno.<\/p>\n<p>Ad\u00e9ntrate en una guerra que se ha estado fraguando durante 15 a\u00f1os. Liderados por Joseph Seed, autodenominado profeta, los fan\u00e1ticos del Proyecto de la Puerta del Ed\u00e9n (o edenistas, como los llama la gente del lugar) han estado acumulando armamento, suministros y miembros mientras se preparan para hacerse con el poder de manera violenta..<\/p>\n","protected":false},"excerpt":{"rendered":"<p>Especificaciones C\u00f3digo: 887256028855 Especificaciones t\u00e9cnicas Informaci\u00f3n Adicional Relevante Accesorios Sugeridos Control DualShock 4 Detalles del Producto Desarrollador del Juego UBISOFT Idiomas Ingl\u00e9s y espa\u00f1ol No. Jugadores 1 Jugadores Clasificacion Mature + 17 Edad Sugerida Mayores de 18 a\u00f1os Caracter\u00edsticas importantes Tendr\u00e1s que ponerte en la piel de un agente de polic\u00eda novato y liderar a [&hellip;]<\/p>\n","protected":false},"featured_media":5098,"comment_status":"open","ping_status":"closed","template":"","meta":{"_surecart_dashboard_logo_width":"180px","_surecart_dashboard_show_logo":true,"_surecart_dashboard_navigation_orders":true,"_surecart_dashboard_navigation_invoices":true,"_surecart_dashboard_navigation_subscriptions":true,"_surecart_dashboard_navigation_downloads":true,"_surecart_dashboard_navigation_billing":true,"_surecart_dashboard_navigation_account":true,"site-sidebar-layout":"default","site-content-layout":"","ast-site-content-layout":"default","site-content-style":"default","site-sidebar-style":"default","ast-global-header-display":"","ast-banner-title-visibility":"","ast-main-header-display":"","ast-hfb-above-header-display":"","ast-hfb-below-header-display":"","ast-hfb-mobile-header-display":"","site-post-title":"","ast-breadcrumbs-content":"","ast-featured-img":"","footer-sml-layout":"","ast-disable-related-posts":"","theme-transparent-header-meta":"","adv-header-id-meta":"","stick-header-meta":"","header-above-stick-meta":"","header-main-stick-meta":"","header-below-stick-meta":"","astra-migrate-meta-layouts":"default","ast-page-background-enabled":"default","ast-page-background-meta":{"desktop":{"background-color":"var(--ast-global-color-4)","background-image":"","background-repeat":"repeat","background-position":"center center","background-size":"auto","background-attachment":"scroll","background-type":"","background-media":"","overlay-type":"","overlay-color":"","overlay-opacity":"","overlay-gradient":""},"tablet":{"background-color":"","background-image":"","background-repeat":"repeat","background-position":"center center","background-size":"auto","background-attachment":"scroll","background-type":"","background-media":"","overlay-type":"","overlay-color":"","overlay-opacity":"","overlay-gradient":""},"mobile":{"background-color":"","background-image":"","background-repeat":"repeat","background-position":"center center","background-size":"auto","background-attachment":"scroll","background-type":"","background-media":"","overlay-type":"","overlay-color":"","overlay-opacity":"","overlay-gradient":""}},"ast-content-background-meta":{"desktop":{"background-color":"var(--ast-global-color-5)","background-image":"","background-repeat":"repeat","background-position":"center center","background-size":"auto","background-attachment":"scroll","background-type":"","background-media":"","overlay-type":"","overlay-color":"","overlay-opacity":"","overlay-gradient":""},"tablet":{"background-color":"var(--ast-global-color-5)","background-image":"","background-repeat":"repeat","background-position":"center center","background-size":"auto","background-attachment":"scroll","background-type":"","background-media":"","overlay-type":"","overlay-color":"","overlay-opacity":"","overlay-gradient":""},"mobile":{"background-color":"var(--ast-global-color-5)","background-image":"","background-repeat":"repeat","background-position":"center center","background-size":"auto","background-attachment":"scroll","background-type":"","background-media":"","overlay-type":"","overlay-color":"","overlay-opacity":"","overlay-gradient":""}}},"product_brand":[],"product_cat":[25],"product_tag":[],"class_list":{"0":"post-5097","1":"product","2":"type-product","3":"status-publish","4":"has-post-thumbnail","6":"product_cat-consolas-y-videojuegos","7":"desktop-align-left","8":"tablet-align-left","9":"mobile-align-left","11":"first","12":"instock","13":"sale","14":"taxable","15":"shipping-taxable","16":"purchasable","17":"product-type-simple"},"yoast_head":"<!-- This site is optimized with the Yoast SEO plugin v27.5 - https:\/\/yoast.com\/product\/yoast-seo-wordpress\/ -->\n<title>Juego PS4 Far Cry 5 Hits - Giftronic.04<\/title>\n<meta name=\"robots\" content=\"index, follow, max-snippet:-1, max-image-preview:large, max-video-preview:-1\" \/>\n<link rel=\"canonical\" href=\"https:\/\/giftronic04.com\/index.php\/product\/juego-ps4-far-cry-5-hits-2\/\" \/>\n<meta property=\"og:locale\" content=\"es_ES\" \/>\n<meta property=\"og:type\" content=\"article\" \/>\n<meta property=\"og:title\" content=\"Juego PS4 Far Cry 5 Hits - Giftronic.04\" \/>\n<meta property=\"og:description\" content=\"Especificaciones C\u00f3digo: 887256028855 Especificaciones t\u00e9cnicas Informaci\u00f3n Adicional Relevante Accesorios Sugeridos Control DualShock 4 Detalles del Producto Desarrollador del Juego UBISOFT Idiomas Ingl\u00e9s y espa\u00f1ol No. Jugadores 1 Jugadores Clasificacion Mature + 17 Edad Sugerida Mayores de 18 a\u00f1os Caracter\u00edsticas importantes Tendr\u00e1s que ponerte en la piel de un agente de polic\u00eda novato y liderar a [&hellip;]\" \/>\n<meta property=\"og:url\" content=\"https:\/\/giftronic04.com\/index.php\/product\/juego-ps4-far-cry-5-hits-2\/\" \/>\n<meta property=\"og:site_name\" content=\"Giftronic.04\" \/>\n<meta property=\"article:modified_time\" content=\"2023-10-24T17:25:54+00:00\" \/>\n<meta property=\"og:image\" content=\"https:\/\/giftronic04.com\/wp-content\/uploads\/2023\/10\/887256028855-001-1400Wx1400H.jpeg\" \/>\n\t<meta property=\"og:image:width\" content=\"2000\" \/>\n\t<meta property=\"og:image:height\" content=\"2000\" \/>\n\t<meta property=\"og:image:type\" content=\"image\/jpeg\" \/>\n<meta name=\"twitter:card\" content=\"summary_large_image\" \/>\n<meta name=\"twitter:label1\" content=\"Tiempo de lectura\" \/>\n\t<meta name=\"twitter:data1\" content=\"1 minuto\" \/>\n<script type=\"application\/ld+json\" class=\"yoast-schema-graph\">{\"@context\":\"https:\\\/\\\/schema.org\",\"@graph\":[{\"@type\":\"WebPage\",\"@id\":\"https:\\\/\\\/giftronic04.com\\\/index.php\\\/product\\\/juego-ps4-far-cry-5-hits-2\\\/\",\"url\":\"https:\\\/\\\/giftronic04.com\\\/index.php\\\/product\\\/juego-ps4-far-cry-5-hits-2\\\/\",\"name\":\"Juego PS4 Far Cry 5 Hits - Giftronic.04\",\"isPartOf\":{\"@id\":\"https:\\\/\\\/giftronic04.com\\\/#website\"},\"primaryImageOfPage\":{\"@id\":\"https:\\\/\\\/giftronic04.com\\\/index.php\\\/product\\\/juego-ps4-far-cry-5-hits-2\\\/#primaryimage\"},\"image\":{\"@id\":\"https:\\\/\\\/giftronic04.com\\\/index.php\\\/product\\\/juego-ps4-far-cry-5-hits-2\\\/#primaryimage\"},\"thumbnailUrl\":\"https:\\\/\\\/giftronic04.com\\\/wp-content\\\/uploads\\\/2023\\\/10\\\/887256028855-001-1400Wx1400H.jpeg\",\"datePublished\":\"2023-10-23T23:56:11+00:00\",\"dateModified\":\"2023-10-24T17:25:54+00:00\",\"breadcrumb\":{\"@id\":\"https:\\\/\\\/giftronic04.com\\\/index.php\\\/product\\\/juego-ps4-far-cry-5-hits-2\\\/#breadcrumb\"},\"inLanguage\":\"es\",\"potentialAction\":[{\"@type\":\"ReadAction\",\"target\":[\"https:\\\/\\\/giftronic04.com\\\/index.php\\\/product\\\/juego-ps4-far-cry-5-hits-2\\\/\"]}]},{\"@type\":\"ImageObject\",\"inLanguage\":\"es\",\"@id\":\"https:\\\/\\\/giftronic04.com\\\/index.php\\\/product\\\/juego-ps4-far-cry-5-hits-2\\\/#primaryimage\",\"url\":\"https:\\\/\\\/giftronic04.com\\\/wp-content\\\/uploads\\\/2023\\\/10\\\/887256028855-001-1400Wx1400H.jpeg\",\"contentUrl\":\"https:\\\/\\\/giftronic04.com\\\/wp-content\\\/uploads\\\/2023\\\/10\\\/887256028855-001-1400Wx1400H.jpeg\",\"width\":2000,\"height\":2000},{\"@type\":\"BreadcrumbList\",\"@id\":\"https:\\\/\\\/giftronic04.com\\\/index.php\\\/product\\\/juego-ps4-far-cry-5-hits-2\\\/#breadcrumb\",\"itemListElement\":[{\"@type\":\"ListItem\",\"position\":1,\"name\":\"Portada\",\"item\":\"https:\\\/\\\/giftronic04.com\\\/\"},{\"@type\":\"ListItem\",\"position\":2,\"name\":\"Tienda\",\"item\":\"https:\\\/\\\/giftronic04.com\\\/index.php\\\/shop\\\/\"},{\"@type\":\"ListItem\",\"position\":3,\"name\":\"Juego PS4 Far Cry 5 Hits\"}]},{\"@type\":\"WebSite\",\"@id\":\"https:\\\/\\\/giftronic04.com\\\/#website\",\"url\":\"https:\\\/\\\/giftronic04.com\\\/\",\"name\":\"Giftronic.04\",\"description\":\"Venta de equipos tecnologicos\",\"publisher\":{\"@id\":\"https:\\\/\\\/giftronic04.com\\\/#organization\"},\"potentialAction\":[{\"@type\":\"SearchAction\",\"target\":{\"@type\":\"EntryPoint\",\"urlTemplate\":\"https:\\\/\\\/giftronic04.com\\\/?s={search_term_string}\"},\"query-input\":{\"@type\":\"PropertyValueSpecification\",\"valueRequired\":true,\"valueName\":\"search_term_string\"}}],\"inLanguage\":\"es\"},{\"@type\":\"Organization\",\"@id\":\"https:\\\/\\\/giftronic04.com\\\/#organization\",\"name\":\"giftronic04\",\"url\":\"https:\\\/\\\/giftronic04.com\\\/\",\"logo\":{\"@type\":\"ImageObject\",\"inLanguage\":\"es\",\"@id\":\"https:\\\/\\\/giftronic04.com\\\/#\\\/schema\\\/logo\\\/image\\\/\",\"url\":\"https:\\\/\\\/giftronic04.com\\\/wp-content\\\/uploads\\\/2021\\\/08\\\/logo.png\",\"contentUrl\":\"https:\\\/\\\/giftronic04.com\\\/wp-content\\\/uploads\\\/2021\\\/08\\\/logo.png\",\"width\":6640,\"height\":2192,\"caption\":\"giftronic04\"},\"image\":{\"@id\":\"https:\\\/\\\/giftronic04.com\\\/#\\\/schema\\\/logo\\\/image\\\/\"},\"sameAs\":[\"https:\\\/\\\/www.instagram.com\\\/giftronic.04\\\/\"]}]}<\/script>\n<!-- \/ Yoast SEO plugin. -->","yoast_head_json":{"title":"Juego PS4 Far Cry 5 Hits - Giftronic.04","robots":{"index":"index","follow":"follow","max-snippet":"max-snippet:-1","max-image-preview":"max-image-preview:large","max-video-preview":"max-video-preview:-1"},"canonical":"https:\/\/giftronic04.com\/index.php\/product\/juego-ps4-far-cry-5-hits-2\/","og_locale":"es_ES","og_type":"article","og_title":"Juego PS4 Far Cry 5 Hits - Giftronic.04","og_description":"Especificaciones C\u00f3digo: 887256028855 Especificaciones t\u00e9cnicas Informaci\u00f3n Adicional Relevante Accesorios Sugeridos Control DualShock 4 Detalles del Producto Desarrollador del Juego UBISOFT Idiomas Ingl\u00e9s y espa\u00f1ol No. Jugadores 1 Jugadores Clasificacion Mature + 17 Edad Sugerida Mayores de 18 a\u00f1os Caracter\u00edsticas importantes Tendr\u00e1s que ponerte en la piel de un agente de polic\u00eda novato y liderar a [&hellip;]","og_url":"https:\/\/giftronic04.com\/index.php\/product\/juego-ps4-far-cry-5-hits-2\/","og_site_name":"Giftronic.04","article_modified_time":"2023-10-24T17:25:54+00:00","og_image":[{"width":2000,"height":2000,"url":"https:\/\/giftronic04.com\/wp-content\/uploads\/2023\/10\/887256028855-001-1400Wx1400H.jpeg","type":"image\/jpeg"}],"twitter_card":"summary_large_image","twitter_misc":{"Tiempo de lectura":"1 minuto"},"schema":{"@context":"https:\/\/schema.org","@graph":[{"@type":"WebPage","@id":"https:\/\/giftronic04.com\/index.php\/product\/juego-ps4-far-cry-5-hits-2\/","url":"https:\/\/giftronic04.com\/index.php\/product\/juego-ps4-far-cry-5-hits-2\/","name":"Juego PS4 Far Cry 5 Hits - Giftronic.04","isPartOf":{"@id":"https:\/\/giftronic04.com\/#website"},"primaryImageOfPage":{"@id":"https:\/\/giftronic04.com\/index.php\/product\/juego-ps4-far-cry-5-hits-2\/#primaryimage"},"image":{"@id":"https:\/\/giftronic04.com\/index.php\/product\/juego-ps4-far-cry-5-hits-2\/#primaryimage"},"thumbnailUrl":"https:\/\/giftronic04.com\/wp-content\/uploads\/2023\/10\/887256028855-001-1400Wx1400H.jpeg","datePublished":"2023-10-23T23:56:11+00:00","dateModified":"2023-10-24T17:25:54+00:00","breadcrumb":{"@id":"https:\/\/giftronic04.com\/index.php\/product\/juego-ps4-far-cry-5-hits-2\/#breadcrumb"},"inLanguage":"es","potentialAction":[{"@type":"ReadAction","target":["https:\/\/giftronic04.com\/index.php\/product\/juego-ps4-far-cry-5-hits-2\/"]}]},{"@type":"ImageObject","inLanguage":"es","@id":"https:\/\/giftronic04.com\/index.php\/product\/juego-ps4-far-cry-5-hits-2\/#primaryimage","url":"https:\/\/giftronic04.com\/wp-content\/uploads\/2023\/10\/887256028855-001-1400Wx1400H.jpeg","contentUrl":"https:\/\/giftronic04.com\/wp-content\/uploads\/2023\/10\/887256028855-001-1400Wx1400H.jpeg","width":2000,"height":2000},{"@type":"BreadcrumbList","@id":"https:\/\/giftronic04.com\/index.php\/product\/juego-ps4-far-cry-5-hits-2\/#breadcrumb","itemListElement":[{"@type":"ListItem","position":1,"name":"Portada","item":"https:\/\/giftronic04.com\/"},{"@type":"ListItem","position":2,"name":"Tienda","item":"https:\/\/giftronic04.com\/index.php\/shop\/"},{"@type":"ListItem","position":3,"name":"Juego PS4 Far Cry 5 Hits"}]},{"@type":"WebSite","@id":"https:\/\/giftronic04.com\/#website","url":"https:\/\/giftronic04.com\/","name":"Giftronic.04","description":"Venta de equipos tecnologicos","publisher":{"@id":"https:\/\/giftronic04.com\/#organization"},"potentialAction":[{"@type":"SearchAction","target":{"@type":"EntryPoint","urlTemplate":"https:\/\/giftronic04.com\/?s={search_term_string}"},"query-input":{"@type":"PropertyValueSpecification","valueRequired":true,"valueName":"search_term_string"}}],"inLanguage":"es"},{"@type":"Organization","@id":"https:\/\/giftronic04.com\/#organization","name":"giftronic04","url":"https:\/\/giftronic04.com\/","logo":{"@type":"ImageObject","inLanguage":"es","@id":"https:\/\/giftronic04.com\/#\/schema\/logo\/image\/","url":"https:\/\/giftronic04.com\/wp-content\/uploads\/2021\/08\/logo.png","contentUrl":"https:\/\/giftronic04.com\/wp-content\/uploads\/2021\/08\/logo.png","width":6640,"height":2192,"caption":"giftronic04"},"image":{"@id":"https:\/\/giftronic04.com\/#\/schema\/logo\/image\/"},"sameAs":["https:\/\/www.instagram.com\/giftronic.04\/"]}]}},"jetpack_sharing_enabled":true,"_links":{"self":[{"href":"https:\/\/giftronic04.com\/index.php\/wp-json\/wp\/v2\/product\/5097","targetHints":{"allow":["GET"]}}],"collection":[{"href":"https:\/\/giftronic04.com\/index.php\/wp-json\/wp\/v2\/product"}],"about":[{"href":"https:\/\/giftronic04.com\/index.php\/wp-json\/wp\/v2\/types\/product"}],"replies":[{"embeddable":true,"href":"https:\/\/giftronic04.com\/index.php\/wp-json\/wp\/v2\/comments?post=5097"}],"wp:featuredmedia":[{"embeddable":true,"href":"https:\/\/giftronic04.com\/index.php\/wp-json\/wp\/v2\/media\/5098"}],"wp:attachment":[{"href":"https:\/\/giftronic04.com\/index.php\/wp-json\/wp\/v2\/media?parent=5097"}],"wp:term":[{"taxonomy":"product_brand","embeddable":true,"href":"https:\/\/giftronic04.com\/index.php\/wp-json\/wp\/v2\/product_brand?post=5097"},{"taxonomy":"product_cat","embeddable":true,"href":"https:\/\/giftronic04.com\/index.php\/wp-json\/wp\/v2\/product_cat?post=5097"},{"taxonomy":"product_tag","embeddable":true,"href":"https:\/\/giftronic04.com\/index.php\/wp-json\/wp\/v2\/product_tag?post=5097"}],"curies":[{"name":"wp","href":"https:\/\/api.w.org\/{rel}","templated":true}]}}