{"id":5104,"date":"2023-10-24T09:41:13","date_gmt":"2023-10-24T14:41:13","guid":{"rendered":"https:\/\/giftronic04.com\/?post_type=product&#038;p=5104"},"modified":"2023-10-24T10:32:50","modified_gmt":"2023-10-24T15:32:50","slug":"videojuego-ps4-playstation-hits-god-of-war","status":"publish","type":"product","link":"https:\/\/giftronic04.com\/index.php\/product\/videojuego-ps4-playstation-hits-god-of-war\/","title":{"rendered":"Videojuego PS4 PlayStation Hits: God Of War"},"content":{"rendered":"<p>Especificaciones<\/p>\n<p>Codigo:711719534129<\/p>\n<p>Informaci\u00f3n Adicional Relevante<\/p>\n<p>Accesorios Sugeridos<\/p>\n<p>Control DualShock 4<\/p>\n<p>Detalles del Producto<\/p>\n<p>Desarrollador del Juego<\/p>\n<p>Siea<\/p>\n<p>Idiomas<\/p>\n<p>Espa\u00f1ol<\/p>\n<p>No. Jugadores<\/p>\n<p>1\u00a0 Jugadores<\/p>\n<p>Tipo de Juego Clasificaci\u00f3n<\/p>\n<p>Acci\u00f3n<\/p>\n<p>Aventura<\/p>\n<p>Plataforma<\/p>\n<p>PS4<\/p>\n<p>Clasificaci\u00f3n<\/p>\n<p>Mature<\/p>\n<p>Edad Sugerida<\/p>\n<p>Mayores de 18 a\u00f1os<\/p>\n<p>Caracter\u00edsticas destacadas<\/p>\n<p>C\u00e1mara a la altura de los hombros para acercar la acci\u00f3n<\/p>\n<p>Las luchas son similares al pante\u00f3n de criaturas n\u00f3rdicas<\/p>\n<p>Entorno nuevo con pante\u00f3n de criaturas, monstruos y dioses<\/p>\n<p>Resumen del producto<\/p>\n<p>Nuevo comienzo para uno de los iconos m\u00e1s importantes dentro de la industria de los video juegos. \u00a0En esta secuela, Kratos vive como un hombre lejos de la sombra de los dioses y debe adaptarse a tierras desconocidas, amenazas inesperadas y una segunda oportunidad para oficiar de padre. Ahora, junto a su joven hijo Atreus, se adentra en la salvaje tierra n\u00f3rdica, donde luchan para completar una misi\u00f3n profundamente personal. Ya va siendo hora que entierres tus miedos, \u00a1adquiere el juego ahora!<\/p>\n","protected":false},"excerpt":{"rendered":"<p>Especificaciones Codigo:711719534129 Informaci\u00f3n Adicional Relevante Accesorios Sugeridos Control DualShock 4 Detalles del Producto Desarrollador del Juego Siea Idiomas Espa\u00f1ol No. Jugadores 1\u00a0 Jugadores Tipo de Juego Clasificaci\u00f3n Acci\u00f3n Aventura Plataforma PS4 Clasificaci\u00f3n Mature Edad Sugerida Mayores de 18 a\u00f1os Caracter\u00edsticas destacadas C\u00e1mara a la altura de los hombros para acercar la acci\u00f3n Las luchas son [&hellip;]<\/p>\n","protected":false},"featured_media":5105,"comment_status":"open","ping_status":"closed","template":"","meta":{"_surecart_dashboard_logo_width":"180px","_surecart_dashboard_show_logo":true,"_surecart_dashboard_navigation_orders":true,"_surecart_dashboard_navigation_invoices":true,"_surecart_dashboard_navigation_subscriptions":true,"_surecart_dashboard_navigation_downloads":true,"_surecart_dashboard_navigation_billing":true,"_surecart_dashboard_navigation_account":true,"site-sidebar-layout":"default","site-content-layout":"","ast-site-content-layout":"default","site-content-style":"default","site-sidebar-style":"default","ast-global-header-display":"","ast-banner-title-visibility":"","ast-main-header-display":"","ast-hfb-above-header-display":"","ast-hfb-below-header-display":"","ast-hfb-mobile-header-display":"","site-post-title":"","ast-breadcrumbs-content":"","ast-featured-img":"","footer-sml-layout":"","ast-disable-related-posts":"","theme-transparent-header-meta":"","adv-header-id-meta":"","stick-header-meta":"","header-above-stick-meta":"","header-main-stick-meta":"","header-below-stick-meta":"","astra-migrate-meta-layouts":"default","ast-page-background-enabled":"default","ast-page-background-meta":{"desktop":{"background-color":"var(--ast-global-color-4)","background-image":"","background-repeat":"repeat","background-position":"center center","background-size":"auto","background-attachment":"scroll","background-type":"","background-media":"","overlay-type":"","overlay-color":"","overlay-opacity":"","overlay-gradient":""},"tablet":{"background-color":"","background-image":"","background-repeat":"repeat","background-position":"center center","background-size":"auto","background-attachment":"scroll","background-type":"","background-media":"","overlay-type":"","overlay-color":"","overlay-opacity":"","overlay-gradient":""},"mobile":{"background-color":"","background-image":"","background-repeat":"repeat","background-position":"center center","background-size":"auto","background-attachment":"scroll","background-type":"","background-media":"","overlay-type":"","overlay-color":"","overlay-opacity":"","overlay-gradient":""}},"ast-content-background-meta":{"desktop":{"background-color":"var(--ast-global-color-5)","background-image":"","background-repeat":"repeat","background-position":"center center","background-size":"auto","background-attachment":"scroll","background-type":"","background-media":"","overlay-type":"","overlay-color":"","overlay-opacity":"","overlay-gradient":""},"tablet":{"background-color":"var(--ast-global-color-5)","background-image":"","background-repeat":"repeat","background-position":"center center","background-size":"auto","background-attachment":"scroll","background-type":"","background-media":"","overlay-type":"","overlay-color":"","overlay-opacity":"","overlay-gradient":""},"mobile":{"background-color":"var(--ast-global-color-5)","background-image":"","background-repeat":"repeat","background-position":"center center","background-size":"auto","background-attachment":"scroll","background-type":"","background-media":"","overlay-type":"","overlay-color":"","overlay-opacity":"","overlay-gradient":""}}},"product_brand":[],"product_cat":[25],"product_tag":[],"class_list":{"0":"post-5104","1":"product","2":"type-product","3":"status-publish","4":"has-post-thumbnail","6":"product_cat-consolas-y-videojuegos","7":"desktop-align-left","8":"tablet-align-left","9":"mobile-align-left","11":"first","12":"instock","13":"sale","14":"taxable","15":"shipping-taxable","16":"purchasable","17":"product-type-simple"},"yoast_head":"<!-- This site is optimized with the Yoast SEO plugin v27.5 - https:\/\/yoast.com\/product\/yoast-seo-wordpress\/ -->\n<title>Videojuego PS4 PlayStation Hits: God Of War - Giftronic.04<\/title>\n<meta name=\"robots\" content=\"index, follow, max-snippet:-1, max-image-preview:large, max-video-preview:-1\" \/>\n<link rel=\"canonical\" href=\"https:\/\/giftronic04.com\/index.php\/product\/videojuego-ps4-playstation-hits-god-of-war\/\" \/>\n<meta property=\"og:locale\" content=\"es_ES\" \/>\n<meta property=\"og:type\" content=\"article\" \/>\n<meta property=\"og:title\" content=\"Videojuego PS4 PlayStation Hits: God Of War - Giftronic.04\" \/>\n<meta property=\"og:description\" content=\"Especificaciones Codigo:711719534129 Informaci\u00f3n Adicional Relevante Accesorios Sugeridos Control DualShock 4 Detalles del Producto Desarrollador del Juego Siea Idiomas Espa\u00f1ol No. Jugadores 1\u00a0 Jugadores Tipo de Juego Clasificaci\u00f3n Acci\u00f3n Aventura Plataforma PS4 Clasificaci\u00f3n Mature Edad Sugerida Mayores de 18 a\u00f1os Caracter\u00edsticas destacadas C\u00e1mara a la altura de los hombros para acercar la acci\u00f3n Las luchas son [&hellip;]\" \/>\n<meta property=\"og:url\" content=\"https:\/\/giftronic04.com\/index.php\/product\/videojuego-ps4-playstation-hits-god-of-war\/\" \/>\n<meta property=\"og:site_name\" content=\"Giftronic.04\" \/>\n<meta property=\"article:modified_time\" content=\"2023-10-24T15:32:50+00:00\" \/>\n<meta property=\"og:image\" content=\"https:\/\/giftronic04.com\/wp-content\/uploads\/2023\/10\/711719534129-001-1400Wx1400H.jpeg\" \/>\n\t<meta property=\"og:image:width\" content=\"2000\" \/>\n\t<meta property=\"og:image:height\" content=\"2000\" \/>\n\t<meta property=\"og:image:type\" content=\"image\/jpeg\" \/>\n<meta name=\"twitter:card\" content=\"summary_large_image\" \/>\n<meta name=\"twitter:label1\" content=\"Tiempo de lectura\" \/>\n\t<meta name=\"twitter:data1\" content=\"1 minuto\" \/>\n<script type=\"application\/ld+json\" class=\"yoast-schema-graph\">{\"@context\":\"https:\\\/\\\/schema.org\",\"@graph\":[{\"@type\":\"WebPage\",\"@id\":\"https:\\\/\\\/giftronic04.com\\\/index.php\\\/product\\\/videojuego-ps4-playstation-hits-god-of-war\\\/\",\"url\":\"https:\\\/\\\/giftronic04.com\\\/index.php\\\/product\\\/videojuego-ps4-playstation-hits-god-of-war\\\/\",\"name\":\"Videojuego PS4 PlayStation Hits: God Of War - Giftronic.04\",\"isPartOf\":{\"@id\":\"https:\\\/\\\/giftronic04.com\\\/#website\"},\"primaryImageOfPage\":{\"@id\":\"https:\\\/\\\/giftronic04.com\\\/index.php\\\/product\\\/videojuego-ps4-playstation-hits-god-of-war\\\/#primaryimage\"},\"image\":{\"@id\":\"https:\\\/\\\/giftronic04.com\\\/index.php\\\/product\\\/videojuego-ps4-playstation-hits-god-of-war\\\/#primaryimage\"},\"thumbnailUrl\":\"https:\\\/\\\/giftronic04.com\\\/wp-content\\\/uploads\\\/2023\\\/10\\\/711719534129-001-1400Wx1400H.jpeg\",\"datePublished\":\"2023-10-24T14:41:13+00:00\",\"dateModified\":\"2023-10-24T15:32:50+00:00\",\"breadcrumb\":{\"@id\":\"https:\\\/\\\/giftronic04.com\\\/index.php\\\/product\\\/videojuego-ps4-playstation-hits-god-of-war\\\/#breadcrumb\"},\"inLanguage\":\"es\",\"potentialAction\":[{\"@type\":\"ReadAction\",\"target\":[\"https:\\\/\\\/giftronic04.com\\\/index.php\\\/product\\\/videojuego-ps4-playstation-hits-god-of-war\\\/\"]}]},{\"@type\":\"ImageObject\",\"inLanguage\":\"es\",\"@id\":\"https:\\\/\\\/giftronic04.com\\\/index.php\\\/product\\\/videojuego-ps4-playstation-hits-god-of-war\\\/#primaryimage\",\"url\":\"https:\\\/\\\/giftronic04.com\\\/wp-content\\\/uploads\\\/2023\\\/10\\\/711719534129-001-1400Wx1400H.jpeg\",\"contentUrl\":\"https:\\\/\\\/giftronic04.com\\\/wp-content\\\/uploads\\\/2023\\\/10\\\/711719534129-001-1400Wx1400H.jpeg\",\"width\":2000,\"height\":2000},{\"@type\":\"BreadcrumbList\",\"@id\":\"https:\\\/\\\/giftronic04.com\\\/index.php\\\/product\\\/videojuego-ps4-playstation-hits-god-of-war\\\/#breadcrumb\",\"itemListElement\":[{\"@type\":\"ListItem\",\"position\":1,\"name\":\"Portada\",\"item\":\"https:\\\/\\\/giftronic04.com\\\/\"},{\"@type\":\"ListItem\",\"position\":2,\"name\":\"Tienda\",\"item\":\"https:\\\/\\\/giftronic04.com\\\/index.php\\\/shop\\\/\"},{\"@type\":\"ListItem\",\"position\":3,\"name\":\"Videojuego PS4 PlayStation Hits: God Of War\"}]},{\"@type\":\"WebSite\",\"@id\":\"https:\\\/\\\/giftronic04.com\\\/#website\",\"url\":\"https:\\\/\\\/giftronic04.com\\\/\",\"name\":\"Giftronic.04\",\"description\":\"Venta de equipos tecnologicos\",\"publisher\":{\"@id\":\"https:\\\/\\\/giftronic04.com\\\/#organization\"},\"potentialAction\":[{\"@type\":\"SearchAction\",\"target\":{\"@type\":\"EntryPoint\",\"urlTemplate\":\"https:\\\/\\\/giftronic04.com\\\/?s={search_term_string}\"},\"query-input\":{\"@type\":\"PropertyValueSpecification\",\"valueRequired\":true,\"valueName\":\"search_term_string\"}}],\"inLanguage\":\"es\"},{\"@type\":\"Organization\",\"@id\":\"https:\\\/\\\/giftronic04.com\\\/#organization\",\"name\":\"giftronic04\",\"url\":\"https:\\\/\\\/giftronic04.com\\\/\",\"logo\":{\"@type\":\"ImageObject\",\"inLanguage\":\"es\",\"@id\":\"https:\\\/\\\/giftronic04.com\\\/#\\\/schema\\\/logo\\\/image\\\/\",\"url\":\"https:\\\/\\\/giftronic04.com\\\/wp-content\\\/uploads\\\/2021\\\/08\\\/logo.png\",\"contentUrl\":\"https:\\\/\\\/giftronic04.com\\\/wp-content\\\/uploads\\\/2021\\\/08\\\/logo.png\",\"width\":6640,\"height\":2192,\"caption\":\"giftronic04\"},\"image\":{\"@id\":\"https:\\\/\\\/giftronic04.com\\\/#\\\/schema\\\/logo\\\/image\\\/\"},\"sameAs\":[\"https:\\\/\\\/www.instagram.com\\\/giftronic.04\\\/\"]}]}<\/script>\n<!-- \/ Yoast SEO plugin. -->","yoast_head_json":{"title":"Videojuego PS4 PlayStation Hits: God Of War - Giftronic.04","robots":{"index":"index","follow":"follow","max-snippet":"max-snippet:-1","max-image-preview":"max-image-preview:large","max-video-preview":"max-video-preview:-1"},"canonical":"https:\/\/giftronic04.com\/index.php\/product\/videojuego-ps4-playstation-hits-god-of-war\/","og_locale":"es_ES","og_type":"article","og_title":"Videojuego PS4 PlayStation Hits: God Of War - Giftronic.04","og_description":"Especificaciones Codigo:711719534129 Informaci\u00f3n Adicional Relevante Accesorios Sugeridos Control DualShock 4 Detalles del Producto Desarrollador del Juego Siea Idiomas Espa\u00f1ol No. Jugadores 1\u00a0 Jugadores Tipo de Juego Clasificaci\u00f3n Acci\u00f3n Aventura Plataforma PS4 Clasificaci\u00f3n Mature Edad Sugerida Mayores de 18 a\u00f1os Caracter\u00edsticas destacadas C\u00e1mara a la altura de los hombros para acercar la acci\u00f3n Las luchas son [&hellip;]","og_url":"https:\/\/giftronic04.com\/index.php\/product\/videojuego-ps4-playstation-hits-god-of-war\/","og_site_name":"Giftronic.04","article_modified_time":"2023-10-24T15:32:50+00:00","og_image":[{"width":2000,"height":2000,"url":"https:\/\/giftronic04.com\/wp-content\/uploads\/2023\/10\/711719534129-001-1400Wx1400H.jpeg","type":"image\/jpeg"}],"twitter_card":"summary_large_image","twitter_misc":{"Tiempo de lectura":"1 minuto"},"schema":{"@context":"https:\/\/schema.org","@graph":[{"@type":"WebPage","@id":"https:\/\/giftronic04.com\/index.php\/product\/videojuego-ps4-playstation-hits-god-of-war\/","url":"https:\/\/giftronic04.com\/index.php\/product\/videojuego-ps4-playstation-hits-god-of-war\/","name":"Videojuego PS4 PlayStation Hits: God Of War - Giftronic.04","isPartOf":{"@id":"https:\/\/giftronic04.com\/#website"},"primaryImageOfPage":{"@id":"https:\/\/giftronic04.com\/index.php\/product\/videojuego-ps4-playstation-hits-god-of-war\/#primaryimage"},"image":{"@id":"https:\/\/giftronic04.com\/index.php\/product\/videojuego-ps4-playstation-hits-god-of-war\/#primaryimage"},"thumbnailUrl":"https:\/\/giftronic04.com\/wp-content\/uploads\/2023\/10\/711719534129-001-1400Wx1400H.jpeg","datePublished":"2023-10-24T14:41:13+00:00","dateModified":"2023-10-24T15:32:50+00:00","breadcrumb":{"@id":"https:\/\/giftronic04.com\/index.php\/product\/videojuego-ps4-playstation-hits-god-of-war\/#breadcrumb"},"inLanguage":"es","potentialAction":[{"@type":"ReadAction","target":["https:\/\/giftronic04.com\/index.php\/product\/videojuego-ps4-playstation-hits-god-of-war\/"]}]},{"@type":"ImageObject","inLanguage":"es","@id":"https:\/\/giftronic04.com\/index.php\/product\/videojuego-ps4-playstation-hits-god-of-war\/#primaryimage","url":"https:\/\/giftronic04.com\/wp-content\/uploads\/2023\/10\/711719534129-001-1400Wx1400H.jpeg","contentUrl":"https:\/\/giftronic04.com\/wp-content\/uploads\/2023\/10\/711719534129-001-1400Wx1400H.jpeg","width":2000,"height":2000},{"@type":"BreadcrumbList","@id":"https:\/\/giftronic04.com\/index.php\/product\/videojuego-ps4-playstation-hits-god-of-war\/#breadcrumb","itemListElement":[{"@type":"ListItem","position":1,"name":"Portada","item":"https:\/\/giftronic04.com\/"},{"@type":"ListItem","position":2,"name":"Tienda","item":"https:\/\/giftronic04.com\/index.php\/shop\/"},{"@type":"ListItem","position":3,"name":"Videojuego PS4 PlayStation Hits: God Of War"}]},{"@type":"WebSite","@id":"https:\/\/giftronic04.com\/#website","url":"https:\/\/giftronic04.com\/","name":"Giftronic.04","description":"Venta de equipos tecnologicos","publisher":{"@id":"https:\/\/giftronic04.com\/#organization"},"potentialAction":[{"@type":"SearchAction","target":{"@type":"EntryPoint","urlTemplate":"https:\/\/giftronic04.com\/?s={search_term_string}"},"query-input":{"@type":"PropertyValueSpecification","valueRequired":true,"valueName":"search_term_string"}}],"inLanguage":"es"},{"@type":"Organization","@id":"https:\/\/giftronic04.com\/#organization","name":"giftronic04","url":"https:\/\/giftronic04.com\/","logo":{"@type":"ImageObject","inLanguage":"es","@id":"https:\/\/giftronic04.com\/#\/schema\/logo\/image\/","url":"https:\/\/giftronic04.com\/wp-content\/uploads\/2021\/08\/logo.png","contentUrl":"https:\/\/giftronic04.com\/wp-content\/uploads\/2021\/08\/logo.png","width":6640,"height":2192,"caption":"giftronic04"},"image":{"@id":"https:\/\/giftronic04.com\/#\/schema\/logo\/image\/"},"sameAs":["https:\/\/www.instagram.com\/giftronic.04\/"]}]}},"jetpack_sharing_enabled":true,"_links":{"self":[{"href":"https:\/\/giftronic04.com\/index.php\/wp-json\/wp\/v2\/product\/5104","targetHints":{"allow":["GET"]}}],"collection":[{"href":"https:\/\/giftronic04.com\/index.php\/wp-json\/wp\/v2\/product"}],"about":[{"href":"https:\/\/giftronic04.com\/index.php\/wp-json\/wp\/v2\/types\/product"}],"replies":[{"embeddable":true,"href":"https:\/\/giftronic04.com\/index.php\/wp-json\/wp\/v2\/comments?post=5104"}],"wp:featuredmedia":[{"embeddable":true,"href":"https:\/\/giftronic04.com\/index.php\/wp-json\/wp\/v2\/media\/5105"}],"wp:attachment":[{"href":"https:\/\/giftronic04.com\/index.php\/wp-json\/wp\/v2\/media?parent=5104"}],"wp:term":[{"taxonomy":"product_brand","embeddable":true,"href":"https:\/\/giftronic04.com\/index.php\/wp-json\/wp\/v2\/product_brand?post=5104"},{"taxonomy":"product_cat","embeddable":true,"href":"https:\/\/giftronic04.com\/index.php\/wp-json\/wp\/v2\/product_cat?post=5104"},{"taxonomy":"product_tag","embeddable":true,"href":"https:\/\/giftronic04.com\/index.php\/wp-json\/wp\/v2\/product_tag?post=5104"}],"curies":[{"name":"wp","href":"https:\/\/api.w.org\/{rel}","templated":true}]}}