{"id":5109,"date":"2023-10-24T09:54:01","date_gmt":"2023-10-24T14:54:01","guid":{"rendered":"https:\/\/giftronic04.com\/?post_type=product&#038;p=5109"},"modified":"2023-10-24T10:32:15","modified_gmt":"2023-10-24T15:32:15","slug":"juego-ps4-watchdogs-hits","status":"publish","type":"product","link":"https:\/\/giftronic04.com\/index.php\/product\/juego-ps4-watchdogs-hits\/","title":{"rendered":"Juego PS4 Watchdogs Hits"},"content":{"rendered":"<p>Especificaciones<\/p>\n<p>Codigo:008888358046<\/p>\n<p>Informaci\u00f3n Adicional Relevante<\/p>\n<p>Accesorios Sugeridos<\/p>\n<p>Control Inal\u00e1mbrico DualShock 4<\/p>\n<p>Detalles del Producto<\/p>\n<p>Desarrollador del Juego<\/p>\n<p>UBISOFT<\/p>\n<p>Idiomas<\/p>\n<p>Espa\u00f1ol<\/p>\n<p>No. Jugadores<\/p>\n<p>1 Jugadores<\/p>\n<p>Tipo de Juego Clasificaci\u00f3n<\/p>\n<p>Acci\u00f3n<\/p>\n<p>Plataforma<\/p>\n<p>PS4<\/p>\n<p>Clasificaci\u00f3n<\/p>\n<p>Mature+17<\/p>\n<p>Edad Sugerida<\/p>\n<p>De 14 a 18 a\u00f1os<\/p>\n<p>Caracter\u00edsticas destacadas<\/p>\n<p>se desarrolla en una ciudad viva totalmente simulada<\/p>\n<p>WATCH_DOGS se desarrolla en una ciudad viva totalmente simulada.<\/p>\n<p>Accede a las omnipresentes c\u00e1maras de seguridad, descarga informaci\u00f3n personal para localizar a un objetivo<\/p>\n<p>Resumen del producto<\/p>\n<p>Hackear es nuestra arma! En WATCH DOGS, este sistema se llama ctOS, el sistema operativo central que controla casi todos los dispositivos tecnol\u00f3gicos de la ciudad y contiene informaci\u00f3n clave de todos sus habitantes. En el juego eres Aiden Pearce, un brillante hacker y exmat\u00f3n cuyo pasado delictivo provoc\u00f3 una violenta tragedia familiar. Ahora, en la b\u00fasqueda de aquellos que hicieron da\u00f1o a tu familia, podr\u00e1s vigilar y hackear a cuantos te rodean manipulando todo lo que est\u00e9 conectado a la red de la ciudad.<\/p>\n","protected":false},"excerpt":{"rendered":"<p>Especificaciones Codigo:008888358046 Informaci\u00f3n Adicional Relevante Accesorios Sugeridos Control Inal\u00e1mbrico DualShock 4 Detalles del Producto Desarrollador del Juego UBISOFT Idiomas Espa\u00f1ol No. Jugadores 1 Jugadores Tipo de Juego Clasificaci\u00f3n Acci\u00f3n Plataforma PS4 Clasificaci\u00f3n Mature+17 Edad Sugerida De 14 a 18 a\u00f1os Caracter\u00edsticas destacadas se desarrolla en una ciudad viva totalmente simulada WATCH_DOGS se desarrolla en una [&hellip;]<\/p>\n","protected":false},"featured_media":5110,"comment_status":"open","ping_status":"closed","template":"","meta":{"_surecart_dashboard_logo_width":"180px","_surecart_dashboard_show_logo":true,"_surecart_dashboard_navigation_orders":true,"_surecart_dashboard_navigation_invoices":true,"_surecart_dashboard_navigation_subscriptions":true,"_surecart_dashboard_navigation_downloads":true,"_surecart_dashboard_navigation_billing":true,"_surecart_dashboard_navigation_account":true,"site-sidebar-layout":"default","site-content-layout":"","ast-site-content-layout":"default","site-content-style":"default","site-sidebar-style":"default","ast-global-header-display":"","ast-banner-title-visibility":"","ast-main-header-display":"","ast-hfb-above-header-display":"","ast-hfb-below-header-display":"","ast-hfb-mobile-header-display":"","site-post-title":"","ast-breadcrumbs-content":"","ast-featured-img":"","footer-sml-layout":"","ast-disable-related-posts":"","theme-transparent-header-meta":"","adv-header-id-meta":"","stick-header-meta":"","header-above-stick-meta":"","header-main-stick-meta":"","header-below-stick-meta":"","astra-migrate-meta-layouts":"default","ast-page-background-enabled":"default","ast-page-background-meta":{"desktop":{"background-color":"var(--ast-global-color-4)","background-image":"","background-repeat":"repeat","background-position":"center center","background-size":"auto","background-attachment":"scroll","background-type":"","background-media":"","overlay-type":"","overlay-color":"","overlay-opacity":"","overlay-gradient":""},"tablet":{"background-color":"","background-image":"","background-repeat":"repeat","background-position":"center center","background-size":"auto","background-attachment":"scroll","background-type":"","background-media":"","overlay-type":"","overlay-color":"","overlay-opacity":"","overlay-gradient":""},"mobile":{"background-color":"","background-image":"","background-repeat":"repeat","background-position":"center center","background-size":"auto","background-attachment":"scroll","background-type":"","background-media":"","overlay-type":"","overlay-color":"","overlay-opacity":"","overlay-gradient":""}},"ast-content-background-meta":{"desktop":{"background-color":"var(--ast-global-color-5)","background-image":"","background-repeat":"repeat","background-position":"center center","background-size":"auto","background-attachment":"scroll","background-type":"","background-media":"","overlay-type":"","overlay-color":"","overlay-opacity":"","overlay-gradient":""},"tablet":{"background-color":"var(--ast-global-color-5)","background-image":"","background-repeat":"repeat","background-position":"center center","background-size":"auto","background-attachment":"scroll","background-type":"","background-media":"","overlay-type":"","overlay-color":"","overlay-opacity":"","overlay-gradient":""},"mobile":{"background-color":"var(--ast-global-color-5)","background-image":"","background-repeat":"repeat","background-position":"center center","background-size":"auto","background-attachment":"scroll","background-type":"","background-media":"","overlay-type":"","overlay-color":"","overlay-opacity":"","overlay-gradient":""}}},"product_brand":[],"product_cat":[25],"product_tag":[],"class_list":{"0":"post-5109","1":"product","2":"type-product","3":"status-publish","4":"has-post-thumbnail","6":"product_cat-consolas-y-videojuegos","7":"desktop-align-left","8":"tablet-align-left","9":"mobile-align-left","11":"first","12":"instock","13":"sale","14":"taxable","15":"shipping-taxable","16":"purchasable","17":"product-type-simple"},"yoast_head":"<!-- This site is optimized with the Yoast SEO plugin v27.5 - https:\/\/yoast.com\/product\/yoast-seo-wordpress\/ -->\n<title>Juego PS4 Watchdogs Hits - Giftronic.04<\/title>\n<meta name=\"robots\" content=\"index, follow, max-snippet:-1, max-image-preview:large, max-video-preview:-1\" \/>\n<link rel=\"canonical\" href=\"https:\/\/giftronic04.com\/index.php\/product\/juego-ps4-watchdogs-hits\/\" \/>\n<meta property=\"og:locale\" content=\"es_ES\" \/>\n<meta property=\"og:type\" content=\"article\" \/>\n<meta property=\"og:title\" content=\"Juego PS4 Watchdogs Hits - Giftronic.04\" \/>\n<meta property=\"og:description\" content=\"Especificaciones Codigo:008888358046 Informaci\u00f3n Adicional Relevante Accesorios Sugeridos Control Inal\u00e1mbrico DualShock 4 Detalles del Producto Desarrollador del Juego UBISOFT Idiomas Espa\u00f1ol No. Jugadores 1 Jugadores Tipo de Juego Clasificaci\u00f3n Acci\u00f3n Plataforma PS4 Clasificaci\u00f3n Mature+17 Edad Sugerida De 14 a 18 a\u00f1os Caracter\u00edsticas destacadas se desarrolla en una ciudad viva totalmente simulada WATCH_DOGS se desarrolla en una [&hellip;]\" \/>\n<meta property=\"og:url\" content=\"https:\/\/giftronic04.com\/index.php\/product\/juego-ps4-watchdogs-hits\/\" \/>\n<meta property=\"og:site_name\" content=\"Giftronic.04\" \/>\n<meta property=\"article:modified_time\" content=\"2023-10-24T15:32:15+00:00\" \/>\n<meta property=\"og:image\" content=\"https:\/\/giftronic04.com\/wp-content\/uploads\/2023\/10\/008888358046-001-1400Wx1400H.jpeg\" \/>\n\t<meta property=\"og:image:width\" content=\"2000\" \/>\n\t<meta property=\"og:image:height\" content=\"2000\" \/>\n\t<meta property=\"og:image:type\" content=\"image\/jpeg\" \/>\n<meta name=\"twitter:card\" content=\"summary_large_image\" \/>\n<meta name=\"twitter:label1\" content=\"Tiempo de lectura\" \/>\n\t<meta name=\"twitter:data1\" content=\"1 minuto\" \/>\n<script type=\"application\/ld+json\" class=\"yoast-schema-graph\">{\"@context\":\"https:\\\/\\\/schema.org\",\"@graph\":[{\"@type\":\"WebPage\",\"@id\":\"https:\\\/\\\/giftronic04.com\\\/index.php\\\/product\\\/juego-ps4-watchdogs-hits\\\/\",\"url\":\"https:\\\/\\\/giftronic04.com\\\/index.php\\\/product\\\/juego-ps4-watchdogs-hits\\\/\",\"name\":\"Juego PS4 Watchdogs Hits - Giftronic.04\",\"isPartOf\":{\"@id\":\"https:\\\/\\\/giftronic04.com\\\/#website\"},\"primaryImageOfPage\":{\"@id\":\"https:\\\/\\\/giftronic04.com\\\/index.php\\\/product\\\/juego-ps4-watchdogs-hits\\\/#primaryimage\"},\"image\":{\"@id\":\"https:\\\/\\\/giftronic04.com\\\/index.php\\\/product\\\/juego-ps4-watchdogs-hits\\\/#primaryimage\"},\"thumbnailUrl\":\"https:\\\/\\\/giftronic04.com\\\/wp-content\\\/uploads\\\/2023\\\/10\\\/008888358046-001-1400Wx1400H.jpeg\",\"datePublished\":\"2023-10-24T14:54:01+00:00\",\"dateModified\":\"2023-10-24T15:32:15+00:00\",\"breadcrumb\":{\"@id\":\"https:\\\/\\\/giftronic04.com\\\/index.php\\\/product\\\/juego-ps4-watchdogs-hits\\\/#breadcrumb\"},\"inLanguage\":\"es\",\"potentialAction\":[{\"@type\":\"ReadAction\",\"target\":[\"https:\\\/\\\/giftronic04.com\\\/index.php\\\/product\\\/juego-ps4-watchdogs-hits\\\/\"]}]},{\"@type\":\"ImageObject\",\"inLanguage\":\"es\",\"@id\":\"https:\\\/\\\/giftronic04.com\\\/index.php\\\/product\\\/juego-ps4-watchdogs-hits\\\/#primaryimage\",\"url\":\"https:\\\/\\\/giftronic04.com\\\/wp-content\\\/uploads\\\/2023\\\/10\\\/008888358046-001-1400Wx1400H.jpeg\",\"contentUrl\":\"https:\\\/\\\/giftronic04.com\\\/wp-content\\\/uploads\\\/2023\\\/10\\\/008888358046-001-1400Wx1400H.jpeg\",\"width\":2000,\"height\":2000},{\"@type\":\"BreadcrumbList\",\"@id\":\"https:\\\/\\\/giftronic04.com\\\/index.php\\\/product\\\/juego-ps4-watchdogs-hits\\\/#breadcrumb\",\"itemListElement\":[{\"@type\":\"ListItem\",\"position\":1,\"name\":\"Portada\",\"item\":\"https:\\\/\\\/giftronic04.com\\\/\"},{\"@type\":\"ListItem\",\"position\":2,\"name\":\"Tienda\",\"item\":\"https:\\\/\\\/giftronic04.com\\\/index.php\\\/shop\\\/\"},{\"@type\":\"ListItem\",\"position\":3,\"name\":\"Juego PS4 Watchdogs Hits\"}]},{\"@type\":\"WebSite\",\"@id\":\"https:\\\/\\\/giftronic04.com\\\/#website\",\"url\":\"https:\\\/\\\/giftronic04.com\\\/\",\"name\":\"Giftronic.04\",\"description\":\"Venta de equipos tecnologicos\",\"publisher\":{\"@id\":\"https:\\\/\\\/giftronic04.com\\\/#organization\"},\"potentialAction\":[{\"@type\":\"SearchAction\",\"target\":{\"@type\":\"EntryPoint\",\"urlTemplate\":\"https:\\\/\\\/giftronic04.com\\\/?s={search_term_string}\"},\"query-input\":{\"@type\":\"PropertyValueSpecification\",\"valueRequired\":true,\"valueName\":\"search_term_string\"}}],\"inLanguage\":\"es\"},{\"@type\":\"Organization\",\"@id\":\"https:\\\/\\\/giftronic04.com\\\/#organization\",\"name\":\"giftronic04\",\"url\":\"https:\\\/\\\/giftronic04.com\\\/\",\"logo\":{\"@type\":\"ImageObject\",\"inLanguage\":\"es\",\"@id\":\"https:\\\/\\\/giftronic04.com\\\/#\\\/schema\\\/logo\\\/image\\\/\",\"url\":\"https:\\\/\\\/giftronic04.com\\\/wp-content\\\/uploads\\\/2021\\\/08\\\/logo.png\",\"contentUrl\":\"https:\\\/\\\/giftronic04.com\\\/wp-content\\\/uploads\\\/2021\\\/08\\\/logo.png\",\"width\":6640,\"height\":2192,\"caption\":\"giftronic04\"},\"image\":{\"@id\":\"https:\\\/\\\/giftronic04.com\\\/#\\\/schema\\\/logo\\\/image\\\/\"},\"sameAs\":[\"https:\\\/\\\/www.instagram.com\\\/giftronic.04\\\/\"]}]}<\/script>\n<!-- \/ Yoast SEO plugin. -->","yoast_head_json":{"title":"Juego PS4 Watchdogs Hits - Giftronic.04","robots":{"index":"index","follow":"follow","max-snippet":"max-snippet:-1","max-image-preview":"max-image-preview:large","max-video-preview":"max-video-preview:-1"},"canonical":"https:\/\/giftronic04.com\/index.php\/product\/juego-ps4-watchdogs-hits\/","og_locale":"es_ES","og_type":"article","og_title":"Juego PS4 Watchdogs Hits - Giftronic.04","og_description":"Especificaciones Codigo:008888358046 Informaci\u00f3n Adicional Relevante Accesorios Sugeridos Control Inal\u00e1mbrico DualShock 4 Detalles del Producto Desarrollador del Juego UBISOFT Idiomas Espa\u00f1ol No. Jugadores 1 Jugadores Tipo de Juego Clasificaci\u00f3n Acci\u00f3n Plataforma PS4 Clasificaci\u00f3n Mature+17 Edad Sugerida De 14 a 18 a\u00f1os Caracter\u00edsticas destacadas se desarrolla en una ciudad viva totalmente simulada WATCH_DOGS se desarrolla en una [&hellip;]","og_url":"https:\/\/giftronic04.com\/index.php\/product\/juego-ps4-watchdogs-hits\/","og_site_name":"Giftronic.04","article_modified_time":"2023-10-24T15:32:15+00:00","og_image":[{"width":2000,"height":2000,"url":"https:\/\/giftronic04.com\/wp-content\/uploads\/2023\/10\/008888358046-001-1400Wx1400H.jpeg","type":"image\/jpeg"}],"twitter_card":"summary_large_image","twitter_misc":{"Tiempo de lectura":"1 minuto"},"schema":{"@context":"https:\/\/schema.org","@graph":[{"@type":"WebPage","@id":"https:\/\/giftronic04.com\/index.php\/product\/juego-ps4-watchdogs-hits\/","url":"https:\/\/giftronic04.com\/index.php\/product\/juego-ps4-watchdogs-hits\/","name":"Juego PS4 Watchdogs Hits - Giftronic.04","isPartOf":{"@id":"https:\/\/giftronic04.com\/#website"},"primaryImageOfPage":{"@id":"https:\/\/giftronic04.com\/index.php\/product\/juego-ps4-watchdogs-hits\/#primaryimage"},"image":{"@id":"https:\/\/giftronic04.com\/index.php\/product\/juego-ps4-watchdogs-hits\/#primaryimage"},"thumbnailUrl":"https:\/\/giftronic04.com\/wp-content\/uploads\/2023\/10\/008888358046-001-1400Wx1400H.jpeg","datePublished":"2023-10-24T14:54:01+00:00","dateModified":"2023-10-24T15:32:15+00:00","breadcrumb":{"@id":"https:\/\/giftronic04.com\/index.php\/product\/juego-ps4-watchdogs-hits\/#breadcrumb"},"inLanguage":"es","potentialAction":[{"@type":"ReadAction","target":["https:\/\/giftronic04.com\/index.php\/product\/juego-ps4-watchdogs-hits\/"]}]},{"@type":"ImageObject","inLanguage":"es","@id":"https:\/\/giftronic04.com\/index.php\/product\/juego-ps4-watchdogs-hits\/#primaryimage","url":"https:\/\/giftronic04.com\/wp-content\/uploads\/2023\/10\/008888358046-001-1400Wx1400H.jpeg","contentUrl":"https:\/\/giftronic04.com\/wp-content\/uploads\/2023\/10\/008888358046-001-1400Wx1400H.jpeg","width":2000,"height":2000},{"@type":"BreadcrumbList","@id":"https:\/\/giftronic04.com\/index.php\/product\/juego-ps4-watchdogs-hits\/#breadcrumb","itemListElement":[{"@type":"ListItem","position":1,"name":"Portada","item":"https:\/\/giftronic04.com\/"},{"@type":"ListItem","position":2,"name":"Tienda","item":"https:\/\/giftronic04.com\/index.php\/shop\/"},{"@type":"ListItem","position":3,"name":"Juego PS4 Watchdogs Hits"}]},{"@type":"WebSite","@id":"https:\/\/giftronic04.com\/#website","url":"https:\/\/giftronic04.com\/","name":"Giftronic.04","description":"Venta de equipos tecnologicos","publisher":{"@id":"https:\/\/giftronic04.com\/#organization"},"potentialAction":[{"@type":"SearchAction","target":{"@type":"EntryPoint","urlTemplate":"https:\/\/giftronic04.com\/?s={search_term_string}"},"query-input":{"@type":"PropertyValueSpecification","valueRequired":true,"valueName":"search_term_string"}}],"inLanguage":"es"},{"@type":"Organization","@id":"https:\/\/giftronic04.com\/#organization","name":"giftronic04","url":"https:\/\/giftronic04.com\/","logo":{"@type":"ImageObject","inLanguage":"es","@id":"https:\/\/giftronic04.com\/#\/schema\/logo\/image\/","url":"https:\/\/giftronic04.com\/wp-content\/uploads\/2021\/08\/logo.png","contentUrl":"https:\/\/giftronic04.com\/wp-content\/uploads\/2021\/08\/logo.png","width":6640,"height":2192,"caption":"giftronic04"},"image":{"@id":"https:\/\/giftronic04.com\/#\/schema\/logo\/image\/"},"sameAs":["https:\/\/www.instagram.com\/giftronic.04\/"]}]}},"jetpack_sharing_enabled":true,"_links":{"self":[{"href":"https:\/\/giftronic04.com\/index.php\/wp-json\/wp\/v2\/product\/5109","targetHints":{"allow":["GET"]}}],"collection":[{"href":"https:\/\/giftronic04.com\/index.php\/wp-json\/wp\/v2\/product"}],"about":[{"href":"https:\/\/giftronic04.com\/index.php\/wp-json\/wp\/v2\/types\/product"}],"replies":[{"embeddable":true,"href":"https:\/\/giftronic04.com\/index.php\/wp-json\/wp\/v2\/comments?post=5109"}],"wp:featuredmedia":[{"embeddable":true,"href":"https:\/\/giftronic04.com\/index.php\/wp-json\/wp\/v2\/media\/5110"}],"wp:attachment":[{"href":"https:\/\/giftronic04.com\/index.php\/wp-json\/wp\/v2\/media?parent=5109"}],"wp:term":[{"taxonomy":"product_brand","embeddable":true,"href":"https:\/\/giftronic04.com\/index.php\/wp-json\/wp\/v2\/product_brand?post=5109"},{"taxonomy":"product_cat","embeddable":true,"href":"https:\/\/giftronic04.com\/index.php\/wp-json\/wp\/v2\/product_cat?post=5109"},{"taxonomy":"product_tag","embeddable":true,"href":"https:\/\/giftronic04.com\/index.php\/wp-json\/wp\/v2\/product_tag?post=5109"}],"curies":[{"name":"wp","href":"https:\/\/api.w.org\/{rel}","templated":true}]}}