{"id":5116,"date":"2023-10-24T10:30:28","date_gmt":"2023-10-24T15:30:28","guid":{"rendered":"https:\/\/giftronic04.com\/?post_type=product&#038;p=5116"},"modified":"2024-03-10T20:37:29","modified_gmt":"2024-03-11T01:37:29","slug":"videojuego-ps4-assasins-creed-origins","status":"publish","type":"product","link":"https:\/\/giftronic04.com\/index.php\/product\/videojuego-ps4-assasins-creed-origins\/","title":{"rendered":"Videojuego PS4 Assasins Creed Origins"},"content":{"rendered":"<p>Especificaciones<\/p>\n<p>Codigo:887256028435<\/p>\n<p>Informaci\u00f3n Adicional Relevante<\/p>\n<p>Accesorios Sugeridos<\/p>\n<p>Control Inal\u00e1mbrico DualShock 4<\/p>\n<p>Detalles del Producto<\/p>\n<p>Desarrollador del Juego<\/p>\n<p>UBISOFT<\/p>\n<p>Idiomas<\/p>\n<p>Espa\u00f1ol<\/p>\n<p>No. Jugadores<\/p>\n<p>1 Jugadores<\/p>\n<p>Tipo de Juego Clasificaci\u00f3n<\/p>\n<p>Acci\u00f3n<\/p>\n<p>Plataforma<\/p>\n<p>PS4<\/p>\n<p>Clasificaci\u00f3n<\/p>\n<p>Mature+17<\/p>\n<p>Edad Sugerida<\/p>\n<p>De 14 a 18 a\u00f1os<\/p>\n<p>Caracter\u00edsticas destacadas<\/p>\n<p>Ambientado en el misterioso Antiguo Egipto, Assassin\u2019s Creed Origins es un nuevo comienzo. Experimenta una nueva forma de pelear mientras exploras las majestuosas pir\u00e1mides y las tumbas secretas a trav\u00e9s del territorio del Antiguo Egipto, y encuentra inolvidables historias a lo largo de tu traves\u00eda. Descubre la historia del origen de la Hermandad de los Asesinos.<\/p>\n<p>&nbsp;<\/p>\n<p>Un pa\u00eds completo<\/p>\n<p>Desde desiertos hasta exuberantes oasis, desde el mar Mediterr\u00e1neo hasta las pir\u00e1mides de Giza, combate contra peligrosas facciones y bestias salvajes conforme exploras esta inmensa e impredecible tierra.<\/p>\n<p>&nbsp;<\/p>\n<p>Combate reconstruido<\/p>\n<p>Experimenta una forma totalmente nueva de luchar conforme saqueas y utilizas cientos de armas con diferentes caracter\u00edsticas y rarezas.<\/p>\n<p>&nbsp;<\/p>\n<p>Aventuras inolvidables<\/p>\n<p>Sum\u00e9rgete en una nueva aventura cada vez que juegues, con cada aventura cont\u00e1ndote una historia intensa, emotiva y memorable.<\/p>\n<p>&nbsp;<\/p>\n<p>Historia y personajes<\/p>\n<p>Egipto se est\u00e1 debilitando bajo el mandato de monarcas sin experiencia. Es el momento perfecto para que hombres deshonestos que no son dignos de confianza intenten tomar el control, pero tambi\u00e9n para que la Hermandad de los Asesinos surja y se asegure de que aquello no ocurra.<\/p>\n","protected":false},"excerpt":{"rendered":"<p>Especificaciones Codigo:887256028435 Informaci\u00f3n Adicional Relevante Accesorios Sugeridos Control Inal\u00e1mbrico DualShock 4 Detalles del Producto Desarrollador del Juego UBISOFT Idiomas Espa\u00f1ol No. Jugadores 1 Jugadores Tipo de Juego Clasificaci\u00f3n Acci\u00f3n Plataforma PS4 Clasificaci\u00f3n Mature+17 Edad Sugerida De 14 a 18 a\u00f1os Caracter\u00edsticas destacadas Ambientado en el misterioso Antiguo Egipto, Assassin\u2019s Creed Origins es un nuevo comienzo. [&hellip;]<\/p>\n","protected":false},"featured_media":5117,"comment_status":"open","ping_status":"closed","template":"","meta":{"_surecart_dashboard_logo_width":"180px","_surecart_dashboard_show_logo":true,"_surecart_dashboard_navigation_orders":true,"_surecart_dashboard_navigation_invoices":true,"_surecart_dashboard_navigation_subscriptions":true,"_surecart_dashboard_navigation_downloads":true,"_surecart_dashboard_navigation_billing":true,"_surecart_dashboard_navigation_account":true,"site-sidebar-layout":"default","site-content-layout":"","ast-site-content-layout":"default","site-content-style":"default","site-sidebar-style":"default","ast-global-header-display":"","ast-banner-title-visibility":"","ast-main-header-display":"","ast-hfb-above-header-display":"","ast-hfb-below-header-display":"","ast-hfb-mobile-header-display":"","site-post-title":"","ast-breadcrumbs-content":"","ast-featured-img":"","footer-sml-layout":"","ast-disable-related-posts":"","theme-transparent-header-meta":"","adv-header-id-meta":"","stick-header-meta":"","header-above-stick-meta":"","header-main-stick-meta":"","header-below-stick-meta":"","astra-migrate-meta-layouts":"default","ast-page-background-enabled":"default","ast-page-background-meta":{"desktop":{"background-color":"var(--ast-global-color-4)","background-image":"","background-repeat":"repeat","background-position":"center center","background-size":"auto","background-attachment":"scroll","background-type":"","background-media":"","overlay-type":"","overlay-color":"","overlay-opacity":"","overlay-gradient":""},"tablet":{"background-color":"","background-image":"","background-repeat":"repeat","background-position":"center center","background-size":"auto","background-attachment":"scroll","background-type":"","background-media":"","overlay-type":"","overlay-color":"","overlay-opacity":"","overlay-gradient":""},"mobile":{"background-color":"","background-image":"","background-repeat":"repeat","background-position":"center center","background-size":"auto","background-attachment":"scroll","background-type":"","background-media":"","overlay-type":"","overlay-color":"","overlay-opacity":"","overlay-gradient":""}},"ast-content-background-meta":{"desktop":{"background-color":"var(--ast-global-color-5)","background-image":"","background-repeat":"repeat","background-position":"center center","background-size":"auto","background-attachment":"scroll","background-type":"","background-media":"","overlay-type":"","overlay-color":"","overlay-opacity":"","overlay-gradient":""},"tablet":{"background-color":"var(--ast-global-color-5)","background-image":"","background-repeat":"repeat","background-position":"center center","background-size":"auto","background-attachment":"scroll","background-type":"","background-media":"","overlay-type":"","overlay-color":"","overlay-opacity":"","overlay-gradient":""},"mobile":{"background-color":"var(--ast-global-color-5)","background-image":"","background-repeat":"repeat","background-position":"center center","background-size":"auto","background-attachment":"scroll","background-type":"","background-media":"","overlay-type":"","overlay-color":"","overlay-opacity":"","overlay-gradient":""}}},"product_brand":[],"product_cat":[25],"product_tag":[],"class_list":{"0":"post-5116","1":"product","2":"type-product","3":"status-publish","4":"has-post-thumbnail","6":"product_cat-consolas-y-videojuegos","7":"desktop-align-left","8":"tablet-align-left","9":"mobile-align-left","11":"first","12":"instock","13":"sale","14":"taxable","15":"shipping-taxable","16":"purchasable","17":"product-type-simple"},"yoast_head":"<!-- This site is optimized with the Yoast SEO plugin v27.5 - https:\/\/yoast.com\/product\/yoast-seo-wordpress\/ -->\n<title>Videojuego PS4 Assasins Creed Origins - Giftronic.04<\/title>\n<meta name=\"robots\" content=\"index, follow, max-snippet:-1, max-image-preview:large, max-video-preview:-1\" \/>\n<link rel=\"canonical\" href=\"https:\/\/giftronic04.com\/index.php\/product\/videojuego-ps4-assasins-creed-origins\/\" \/>\n<meta property=\"og:locale\" content=\"es_ES\" \/>\n<meta property=\"og:type\" content=\"article\" \/>\n<meta property=\"og:title\" content=\"Videojuego PS4 Assasins Creed Origins - Giftronic.04\" \/>\n<meta property=\"og:description\" content=\"Especificaciones Codigo:887256028435 Informaci\u00f3n Adicional Relevante Accesorios Sugeridos Control Inal\u00e1mbrico DualShock 4 Detalles del Producto Desarrollador del Juego UBISOFT Idiomas Espa\u00f1ol No. Jugadores 1 Jugadores Tipo de Juego Clasificaci\u00f3n Acci\u00f3n Plataforma PS4 Clasificaci\u00f3n Mature+17 Edad Sugerida De 14 a 18 a\u00f1os Caracter\u00edsticas destacadas Ambientado en el misterioso Antiguo Egipto, Assassin\u2019s Creed Origins es un nuevo comienzo. [&hellip;]\" \/>\n<meta property=\"og:url\" content=\"https:\/\/giftronic04.com\/index.php\/product\/videojuego-ps4-assasins-creed-origins\/\" \/>\n<meta property=\"og:site_name\" content=\"Giftronic.04\" \/>\n<meta property=\"article:modified_time\" content=\"2024-03-11T01:37:29+00:00\" \/>\n<meta property=\"og:image\" content=\"https:\/\/giftronic04.com\/wp-content\/uploads\/2023\/10\/1-6.jpg\" \/>\n\t<meta property=\"og:image:width\" content=\"2000\" \/>\n\t<meta property=\"og:image:height\" content=\"2000\" \/>\n\t<meta property=\"og:image:type\" content=\"image\/jpeg\" \/>\n<meta name=\"twitter:card\" content=\"summary_large_image\" \/>\n<meta name=\"twitter:label1\" content=\"Tiempo de lectura\" \/>\n\t<meta name=\"twitter:data1\" content=\"2 minutos\" \/>\n<script type=\"application\/ld+json\" class=\"yoast-schema-graph\">{\"@context\":\"https:\\\/\\\/schema.org\",\"@graph\":[{\"@type\":\"WebPage\",\"@id\":\"https:\\\/\\\/giftronic04.com\\\/index.php\\\/product\\\/videojuego-ps4-assasins-creed-origins\\\/\",\"url\":\"https:\\\/\\\/giftronic04.com\\\/index.php\\\/product\\\/videojuego-ps4-assasins-creed-origins\\\/\",\"name\":\"Videojuego PS4 Assasins Creed Origins - Giftronic.04\",\"isPartOf\":{\"@id\":\"https:\\\/\\\/giftronic04.com\\\/#website\"},\"primaryImageOfPage\":{\"@id\":\"https:\\\/\\\/giftronic04.com\\\/index.php\\\/product\\\/videojuego-ps4-assasins-creed-origins\\\/#primaryimage\"},\"image\":{\"@id\":\"https:\\\/\\\/giftronic04.com\\\/index.php\\\/product\\\/videojuego-ps4-assasins-creed-origins\\\/#primaryimage\"},\"thumbnailUrl\":\"https:\\\/\\\/giftronic04.com\\\/wp-content\\\/uploads\\\/2023\\\/10\\\/1-6.jpg\",\"datePublished\":\"2023-10-24T15:30:28+00:00\",\"dateModified\":\"2024-03-11T01:37:29+00:00\",\"breadcrumb\":{\"@id\":\"https:\\\/\\\/giftronic04.com\\\/index.php\\\/product\\\/videojuego-ps4-assasins-creed-origins\\\/#breadcrumb\"},\"inLanguage\":\"es\",\"potentialAction\":[{\"@type\":\"ReadAction\",\"target\":[\"https:\\\/\\\/giftronic04.com\\\/index.php\\\/product\\\/videojuego-ps4-assasins-creed-origins\\\/\"]}]},{\"@type\":\"ImageObject\",\"inLanguage\":\"es\",\"@id\":\"https:\\\/\\\/giftronic04.com\\\/index.php\\\/product\\\/videojuego-ps4-assasins-creed-origins\\\/#primaryimage\",\"url\":\"https:\\\/\\\/giftronic04.com\\\/wp-content\\\/uploads\\\/2023\\\/10\\\/1-6.jpg\",\"contentUrl\":\"https:\\\/\\\/giftronic04.com\\\/wp-content\\\/uploads\\\/2023\\\/10\\\/1-6.jpg\",\"width\":2000,\"height\":2000},{\"@type\":\"BreadcrumbList\",\"@id\":\"https:\\\/\\\/giftronic04.com\\\/index.php\\\/product\\\/videojuego-ps4-assasins-creed-origins\\\/#breadcrumb\",\"itemListElement\":[{\"@type\":\"ListItem\",\"position\":1,\"name\":\"Portada\",\"item\":\"https:\\\/\\\/giftronic04.com\\\/\"},{\"@type\":\"ListItem\",\"position\":2,\"name\":\"Tienda\",\"item\":\"https:\\\/\\\/giftronic04.com\\\/index.php\\\/shop\\\/\"},{\"@type\":\"ListItem\",\"position\":3,\"name\":\"Videojuego PS4 Assasins Creed Origins\"}]},{\"@type\":\"WebSite\",\"@id\":\"https:\\\/\\\/giftronic04.com\\\/#website\",\"url\":\"https:\\\/\\\/giftronic04.com\\\/\",\"name\":\"Giftronic.04\",\"description\":\"Venta de equipos tecnologicos\",\"publisher\":{\"@id\":\"https:\\\/\\\/giftronic04.com\\\/#organization\"},\"potentialAction\":[{\"@type\":\"SearchAction\",\"target\":{\"@type\":\"EntryPoint\",\"urlTemplate\":\"https:\\\/\\\/giftronic04.com\\\/?s={search_term_string}\"},\"query-input\":{\"@type\":\"PropertyValueSpecification\",\"valueRequired\":true,\"valueName\":\"search_term_string\"}}],\"inLanguage\":\"es\"},{\"@type\":\"Organization\",\"@id\":\"https:\\\/\\\/giftronic04.com\\\/#organization\",\"name\":\"giftronic04\",\"url\":\"https:\\\/\\\/giftronic04.com\\\/\",\"logo\":{\"@type\":\"ImageObject\",\"inLanguage\":\"es\",\"@id\":\"https:\\\/\\\/giftronic04.com\\\/#\\\/schema\\\/logo\\\/image\\\/\",\"url\":\"https:\\\/\\\/giftronic04.com\\\/wp-content\\\/uploads\\\/2021\\\/08\\\/logo.png\",\"contentUrl\":\"https:\\\/\\\/giftronic04.com\\\/wp-content\\\/uploads\\\/2021\\\/08\\\/logo.png\",\"width\":6640,\"height\":2192,\"caption\":\"giftronic04\"},\"image\":{\"@id\":\"https:\\\/\\\/giftronic04.com\\\/#\\\/schema\\\/logo\\\/image\\\/\"},\"sameAs\":[\"https:\\\/\\\/www.instagram.com\\\/giftronic.04\\\/\"]}]}<\/script>\n<!-- \/ Yoast SEO plugin. -->","yoast_head_json":{"title":"Videojuego PS4 Assasins Creed Origins - Giftronic.04","robots":{"index":"index","follow":"follow","max-snippet":"max-snippet:-1","max-image-preview":"max-image-preview:large","max-video-preview":"max-video-preview:-1"},"canonical":"https:\/\/giftronic04.com\/index.php\/product\/videojuego-ps4-assasins-creed-origins\/","og_locale":"es_ES","og_type":"article","og_title":"Videojuego PS4 Assasins Creed Origins - Giftronic.04","og_description":"Especificaciones Codigo:887256028435 Informaci\u00f3n Adicional Relevante Accesorios Sugeridos Control Inal\u00e1mbrico DualShock 4 Detalles del Producto Desarrollador del Juego UBISOFT Idiomas Espa\u00f1ol No. Jugadores 1 Jugadores Tipo de Juego Clasificaci\u00f3n Acci\u00f3n Plataforma PS4 Clasificaci\u00f3n Mature+17 Edad Sugerida De 14 a 18 a\u00f1os Caracter\u00edsticas destacadas Ambientado en el misterioso Antiguo Egipto, Assassin\u2019s Creed Origins es un nuevo comienzo. [&hellip;]","og_url":"https:\/\/giftronic04.com\/index.php\/product\/videojuego-ps4-assasins-creed-origins\/","og_site_name":"Giftronic.04","article_modified_time":"2024-03-11T01:37:29+00:00","og_image":[{"width":2000,"height":2000,"url":"https:\/\/giftronic04.com\/wp-content\/uploads\/2023\/10\/1-6.jpg","type":"image\/jpeg"}],"twitter_card":"summary_large_image","twitter_misc":{"Tiempo de lectura":"2 minutos"},"schema":{"@context":"https:\/\/schema.org","@graph":[{"@type":"WebPage","@id":"https:\/\/giftronic04.com\/index.php\/product\/videojuego-ps4-assasins-creed-origins\/","url":"https:\/\/giftronic04.com\/index.php\/product\/videojuego-ps4-assasins-creed-origins\/","name":"Videojuego PS4 Assasins Creed Origins - Giftronic.04","isPartOf":{"@id":"https:\/\/giftronic04.com\/#website"},"primaryImageOfPage":{"@id":"https:\/\/giftronic04.com\/index.php\/product\/videojuego-ps4-assasins-creed-origins\/#primaryimage"},"image":{"@id":"https:\/\/giftronic04.com\/index.php\/product\/videojuego-ps4-assasins-creed-origins\/#primaryimage"},"thumbnailUrl":"https:\/\/giftronic04.com\/wp-content\/uploads\/2023\/10\/1-6.jpg","datePublished":"2023-10-24T15:30:28+00:00","dateModified":"2024-03-11T01:37:29+00:00","breadcrumb":{"@id":"https:\/\/giftronic04.com\/index.php\/product\/videojuego-ps4-assasins-creed-origins\/#breadcrumb"},"inLanguage":"es","potentialAction":[{"@type":"ReadAction","target":["https:\/\/giftronic04.com\/index.php\/product\/videojuego-ps4-assasins-creed-origins\/"]}]},{"@type":"ImageObject","inLanguage":"es","@id":"https:\/\/giftronic04.com\/index.php\/product\/videojuego-ps4-assasins-creed-origins\/#primaryimage","url":"https:\/\/giftronic04.com\/wp-content\/uploads\/2023\/10\/1-6.jpg","contentUrl":"https:\/\/giftronic04.com\/wp-content\/uploads\/2023\/10\/1-6.jpg","width":2000,"height":2000},{"@type":"BreadcrumbList","@id":"https:\/\/giftronic04.com\/index.php\/product\/videojuego-ps4-assasins-creed-origins\/#breadcrumb","itemListElement":[{"@type":"ListItem","position":1,"name":"Portada","item":"https:\/\/giftronic04.com\/"},{"@type":"ListItem","position":2,"name":"Tienda","item":"https:\/\/giftronic04.com\/index.php\/shop\/"},{"@type":"ListItem","position":3,"name":"Videojuego PS4 Assasins Creed Origins"}]},{"@type":"WebSite","@id":"https:\/\/giftronic04.com\/#website","url":"https:\/\/giftronic04.com\/","name":"Giftronic.04","description":"Venta de equipos tecnologicos","publisher":{"@id":"https:\/\/giftronic04.com\/#organization"},"potentialAction":[{"@type":"SearchAction","target":{"@type":"EntryPoint","urlTemplate":"https:\/\/giftronic04.com\/?s={search_term_string}"},"query-input":{"@type":"PropertyValueSpecification","valueRequired":true,"valueName":"search_term_string"}}],"inLanguage":"es"},{"@type":"Organization","@id":"https:\/\/giftronic04.com\/#organization","name":"giftronic04","url":"https:\/\/giftronic04.com\/","logo":{"@type":"ImageObject","inLanguage":"es","@id":"https:\/\/giftronic04.com\/#\/schema\/logo\/image\/","url":"https:\/\/giftronic04.com\/wp-content\/uploads\/2021\/08\/logo.png","contentUrl":"https:\/\/giftronic04.com\/wp-content\/uploads\/2021\/08\/logo.png","width":6640,"height":2192,"caption":"giftronic04"},"image":{"@id":"https:\/\/giftronic04.com\/#\/schema\/logo\/image\/"},"sameAs":["https:\/\/www.instagram.com\/giftronic.04\/"]}]}},"jetpack_sharing_enabled":true,"_links":{"self":[{"href":"https:\/\/giftronic04.com\/index.php\/wp-json\/wp\/v2\/product\/5116","targetHints":{"allow":["GET"]}}],"collection":[{"href":"https:\/\/giftronic04.com\/index.php\/wp-json\/wp\/v2\/product"}],"about":[{"href":"https:\/\/giftronic04.com\/index.php\/wp-json\/wp\/v2\/types\/product"}],"replies":[{"embeddable":true,"href":"https:\/\/giftronic04.com\/index.php\/wp-json\/wp\/v2\/comments?post=5116"}],"wp:featuredmedia":[{"embeddable":true,"href":"https:\/\/giftronic04.com\/index.php\/wp-json\/wp\/v2\/media\/5117"}],"wp:attachment":[{"href":"https:\/\/giftronic04.com\/index.php\/wp-json\/wp\/v2\/media?parent=5116"}],"wp:term":[{"taxonomy":"product_brand","embeddable":true,"href":"https:\/\/giftronic04.com\/index.php\/wp-json\/wp\/v2\/product_brand?post=5116"},{"taxonomy":"product_cat","embeddable":true,"href":"https:\/\/giftronic04.com\/index.php\/wp-json\/wp\/v2\/product_cat?post=5116"},{"taxonomy":"product_tag","embeddable":true,"href":"https:\/\/giftronic04.com\/index.php\/wp-json\/wp\/v2\/product_tag?post=5116"}],"curies":[{"name":"wp","href":"https:\/\/api.w.org\/{rel}","templated":true}]}}