{"id":5177,"date":"2023-10-31T17:51:11","date_gmt":"2023-10-31T22:51:11","guid":{"rendered":"https:\/\/giftronic04.com\/?post_type=product&#038;p=5177"},"modified":"2025-04-25T16:07:56","modified_gmt":"2025-04-25T21:07:56","slug":"monitor-samsung-32-pulgadas-r500-gris-azul","status":"publish","type":"product","link":"https:\/\/giftronic04.com\/index.php\/product\/monitor-samsung-32-pulgadas-r500-gris-azul\/","title":{"rendered":"Monitor SAMSUNG 32&#8243; Pulgadas Curvo R500 Gris-Azul"},"content":{"rendered":"<p>Especificaciones<\/p>\n<p>Marca: Samsung<\/p>\n<p>Referencia: LC32R500FHL<\/p>\n<p>Detalles del Producto<\/p>\n<p>Uso<\/p>\n<p>Gaming<\/p>\n<p>Hogar<\/p>\n<p>Oficina o Empresa<\/p>\n<p>Imagen y Pantalla<\/p>\n<p>Tama\u00f1o Pantalla<\/p>\n<p>32 Pulgadas<\/p>\n<p>Tama\u00f1o Pantalla<\/p>\n<p>80.1 Cent\u00edmetros<\/p>\n<p>Contraste<\/p>\n<p>3,000:1<\/p>\n<p>Velocidad de Respuesta del Monitor<\/p>\n<p>4 Milisegundos<\/p>\n<p>Tipo de Pantalla<\/p>\n<p>LCD<\/p>\n<p>Resoluci\u00f3n Pantalla<\/p>\n<p>FHD<\/p>\n<p>Dise\u00f1o de la pantalla<\/p>\n<p>Curvo<\/p>\n<p>Informaci\u00f3n B\u00e1sica<\/p>\n<p>Fuentes de Alimentaci\u00f3n de Energ\u00eda<\/p>\n<p>Energ\u00eda El\u00e9ctrica<\/p>\n<p>Tonalidad de Color<\/p>\n<p>Gris azul oscuro<\/p>\n<p>Conectividad<\/p>\n<p>Tipos de Puertos Entradas y Salidas<\/p>\n<p>Puerto HDMI<\/p>\n<p>Puerto VGA<\/p>\n<p>Salida de Aud\u00edfonos<\/p>\n<p>Caracter\u00edsticas T\u00e9cnicas<\/p>\n<p>Opciones de Conectividad<\/p>\n<p>Conexi\u00f3n Con Cable<\/p>\n<p>Informaci\u00f3n Adicional Relevante<\/p>\n<p>Qu\u00e9 incluye el producto<\/p>\n<p>Cable de Poder, Cable HDMI<\/p>\n<p>&nbsp;<\/p>\n<p>Caracter\u00edsticas destacadas<\/p>\n<p>Pantalla Curva 1500 R con experiencia inmersiva<\/p>\n<p>Dise\u00f1o incre\u00edblemente elegante con pantalla sin bisel<\/p>\n<p>Juego fluido con AMD Freesync y el modo Gamer<\/p>\n<p>Eye Saver minimiza la luz azul mantiene los ojos relajados<\/p>\n<p>Contraste incre\u00edble para mayor nitidez en cualquier escena<\/p>\n<p>Resumen del producto<\/p>\n<p>La pantalla curva 1500R te envuelve, te atrapa y mantiene tu concentraci\u00f3n. Su curvatura junto a la avanzada tecnolog\u00eda de confort ocular, reduce la fatiga visual incluso en usos prolongados. Su dise\u00f1o sin bisel en 3 lados ofrece una pantalla infinita para conseguir la m\u00e1xima visualizaci\u00f3n y una est\u00e9tica minimalista. Con la tecnolog\u00eda Freesync y la tasa de refresco de 75HZ podr\u00e1s disfrutar de tus series, video juegos o trabajo sin ning\u00fan lag ni efecto fantasma. Con su impresionante relaci\u00f3n de contraste 3000:1, con negros m\u00e1s profundos y blancos m\u00e1s brillantes, visualiza las escenas con total nitidez. Con El Modo Juego Disfruta de una configuraci\u00f3n de color y contraste de imagen \u00f3ptimos y ajusta el campo visual para que no pierdas ni un detalle y visualices a tus enemigos en la oscuridad<\/p>\n","protected":false},"excerpt":{"rendered":"<p>Especificaciones Marca: Samsung Referencia: LC32R500FHL Detalles del Producto Uso Gaming Hogar Oficina o Empresa Imagen y Pantalla Tama\u00f1o Pantalla 32 Pulgadas Tama\u00f1o Pantalla 80.1 Cent\u00edmetros Contraste 3,000:1 Velocidad de Respuesta del Monitor 4 Milisegundos Tipo de Pantalla LCD Resoluci\u00f3n Pantalla FHD Dise\u00f1o de la pantalla Curvo Informaci\u00f3n B\u00e1sica Fuentes de Alimentaci\u00f3n de Energ\u00eda Energ\u00eda El\u00e9ctrica [&hellip;]<\/p>\n","protected":false},"featured_media":5178,"comment_status":"open","ping_status":"closed","template":"","meta":{"_surecart_dashboard_logo_width":"180px","_surecart_dashboard_show_logo":true,"_surecart_dashboard_navigation_orders":true,"_surecart_dashboard_navigation_invoices":true,"_surecart_dashboard_navigation_subscriptions":true,"_surecart_dashboard_navigation_downloads":true,"_surecart_dashboard_navigation_billing":true,"_surecart_dashboard_navigation_account":true,"site-sidebar-layout":"default","site-content-layout":"","ast-site-content-layout":"default","site-content-style":"default","site-sidebar-style":"default","ast-global-header-display":"","ast-banner-title-visibility":"","ast-main-header-display":"","ast-hfb-above-header-display":"","ast-hfb-below-header-display":"","ast-hfb-mobile-header-display":"","site-post-title":"","ast-breadcrumbs-content":"","ast-featured-img":"","footer-sml-layout":"","ast-disable-related-posts":"","theme-transparent-header-meta":"","adv-header-id-meta":"","stick-header-meta":"","header-above-stick-meta":"","header-main-stick-meta":"","header-below-stick-meta":"","astra-migrate-meta-layouts":"default","ast-page-background-enabled":"default","ast-page-background-meta":{"desktop":{"background-color":"var(--ast-global-color-4)","background-image":"","background-repeat":"repeat","background-position":"center center","background-size":"auto","background-attachment":"scroll","background-type":"","background-media":"","overlay-type":"","overlay-color":"","overlay-opacity":"","overlay-gradient":""},"tablet":{"background-color":"","background-image":"","background-repeat":"repeat","background-position":"center center","background-size":"auto","background-attachment":"scroll","background-type":"","background-media":"","overlay-type":"","overlay-color":"","overlay-opacity":"","overlay-gradient":""},"mobile":{"background-color":"","background-image":"","background-repeat":"repeat","background-position":"center center","background-size":"auto","background-attachment":"scroll","background-type":"","background-media":"","overlay-type":"","overlay-color":"","overlay-opacity":"","overlay-gradient":""}},"ast-content-background-meta":{"desktop":{"background-color":"var(--ast-global-color-5)","background-image":"","background-repeat":"repeat","background-position":"center center","background-size":"auto","background-attachment":"scroll","background-type":"","background-media":"","overlay-type":"","overlay-color":"","overlay-opacity":"","overlay-gradient":""},"tablet":{"background-color":"var(--ast-global-color-5)","background-image":"","background-repeat":"repeat","background-position":"center center","background-size":"auto","background-attachment":"scroll","background-type":"","background-media":"","overlay-type":"","overlay-color":"","overlay-opacity":"","overlay-gradient":""},"mobile":{"background-color":"var(--ast-global-color-5)","background-image":"","background-repeat":"repeat","background-position":"center center","background-size":"auto","background-attachment":"scroll","background-type":"","background-media":"","overlay-type":"","overlay-color":"","overlay-opacity":"","overlay-gradient":""}}},"product_brand":[],"product_cat":[22,34],"product_tag":[],"class_list":{"0":"post-5177","1":"product","2":"type-product","3":"status-publish","4":"has-post-thumbnail","6":"product_cat-computacion","7":"product_cat-monitores-y-accesorios","8":"desktop-align-left","9":"tablet-align-left","10":"mobile-align-left","12":"first","13":"outofstock","14":"sale","15":"taxable","16":"shipping-taxable","17":"purchasable","18":"product-type-simple"},"yoast_head":"<!-- This site is optimized with the Yoast SEO plugin v27.5 - https:\/\/yoast.com\/product\/yoast-seo-wordpress\/ -->\n<title>Monitor SAMSUNG 32&quot; Pulgadas Curvo R500 Gris-Azul - Giftronic.04<\/title>\n<meta name=\"robots\" content=\"index, follow, max-snippet:-1, max-image-preview:large, max-video-preview:-1\" \/>\n<link rel=\"canonical\" href=\"https:\/\/giftronic04.com\/index.php\/product\/monitor-samsung-32-pulgadas-r500-gris-azul\/\" \/>\n<meta property=\"og:locale\" content=\"es_ES\" \/>\n<meta property=\"og:type\" content=\"article\" \/>\n<meta property=\"og:title\" content=\"Monitor SAMSUNG 32&quot; Pulgadas Curvo R500 Gris-Azul - Giftronic.04\" \/>\n<meta property=\"og:description\" content=\"Especificaciones Marca: Samsung Referencia: LC32R500FHL Detalles del Producto Uso Gaming Hogar Oficina o Empresa Imagen y Pantalla Tama\u00f1o Pantalla 32 Pulgadas Tama\u00f1o Pantalla 80.1 Cent\u00edmetros Contraste 3,000:1 Velocidad de Respuesta del Monitor 4 Milisegundos Tipo de Pantalla LCD Resoluci\u00f3n Pantalla FHD Dise\u00f1o de la pantalla Curvo Informaci\u00f3n B\u00e1sica Fuentes de Alimentaci\u00f3n de Energ\u00eda Energ\u00eda El\u00e9ctrica [&hellip;]\" \/>\n<meta property=\"og:url\" content=\"https:\/\/giftronic04.com\/index.php\/product\/monitor-samsung-32-pulgadas-r500-gris-azul\/\" \/>\n<meta property=\"og:site_name\" content=\"Giftronic.04\" \/>\n<meta property=\"article:modified_time\" content=\"2025-04-25T21:07:56+00:00\" \/>\n<meta property=\"og:image\" content=\"https:\/\/giftronic04.com\/wp-content\/uploads\/2023\/10\/1-7.jpg\" \/>\n\t<meta property=\"og:image:width\" content=\"2000\" \/>\n\t<meta property=\"og:image:height\" content=\"2000\" \/>\n\t<meta property=\"og:image:type\" content=\"image\/jpeg\" \/>\n<meta name=\"twitter:card\" content=\"summary_large_image\" \/>\n<meta name=\"twitter:label1\" content=\"Tiempo de lectura\" \/>\n\t<meta name=\"twitter:data1\" content=\"2 minutos\" \/>\n<script type=\"application\/ld+json\" class=\"yoast-schema-graph\">{\"@context\":\"https:\\\/\\\/schema.org\",\"@graph\":[{\"@type\":\"WebPage\",\"@id\":\"https:\\\/\\\/giftronic04.com\\\/index.php\\\/product\\\/monitor-samsung-32-pulgadas-r500-gris-azul\\\/\",\"url\":\"https:\\\/\\\/giftronic04.com\\\/index.php\\\/product\\\/monitor-samsung-32-pulgadas-r500-gris-azul\\\/\",\"name\":\"Monitor SAMSUNG 32\\\" Pulgadas Curvo R500 Gris-Azul - Giftronic.04\",\"isPartOf\":{\"@id\":\"https:\\\/\\\/giftronic04.com\\\/#website\"},\"primaryImageOfPage\":{\"@id\":\"https:\\\/\\\/giftronic04.com\\\/index.php\\\/product\\\/monitor-samsung-32-pulgadas-r500-gris-azul\\\/#primaryimage\"},\"image\":{\"@id\":\"https:\\\/\\\/giftronic04.com\\\/index.php\\\/product\\\/monitor-samsung-32-pulgadas-r500-gris-azul\\\/#primaryimage\"},\"thumbnailUrl\":\"https:\\\/\\\/giftronic04.com\\\/wp-content\\\/uploads\\\/2023\\\/10\\\/1-7.jpg\",\"datePublished\":\"2023-10-31T22:51:11+00:00\",\"dateModified\":\"2025-04-25T21:07:56+00:00\",\"breadcrumb\":{\"@id\":\"https:\\\/\\\/giftronic04.com\\\/index.php\\\/product\\\/monitor-samsung-32-pulgadas-r500-gris-azul\\\/#breadcrumb\"},\"inLanguage\":\"es\",\"potentialAction\":[{\"@type\":\"ReadAction\",\"target\":[\"https:\\\/\\\/giftronic04.com\\\/index.php\\\/product\\\/monitor-samsung-32-pulgadas-r500-gris-azul\\\/\"]}]},{\"@type\":\"ImageObject\",\"inLanguage\":\"es\",\"@id\":\"https:\\\/\\\/giftronic04.com\\\/index.php\\\/product\\\/monitor-samsung-32-pulgadas-r500-gris-azul\\\/#primaryimage\",\"url\":\"https:\\\/\\\/giftronic04.com\\\/wp-content\\\/uploads\\\/2023\\\/10\\\/1-7.jpg\",\"contentUrl\":\"https:\\\/\\\/giftronic04.com\\\/wp-content\\\/uploads\\\/2023\\\/10\\\/1-7.jpg\",\"width\":2000,\"height\":2000},{\"@type\":\"BreadcrumbList\",\"@id\":\"https:\\\/\\\/giftronic04.com\\\/index.php\\\/product\\\/monitor-samsung-32-pulgadas-r500-gris-azul\\\/#breadcrumb\",\"itemListElement\":[{\"@type\":\"ListItem\",\"position\":1,\"name\":\"Portada\",\"item\":\"https:\\\/\\\/giftronic04.com\\\/\"},{\"@type\":\"ListItem\",\"position\":2,\"name\":\"Tienda\",\"item\":\"https:\\\/\\\/giftronic04.com\\\/index.php\\\/shop\\\/\"},{\"@type\":\"ListItem\",\"position\":3,\"name\":\"Monitor SAMSUNG 32&#8243; Pulgadas Curvo R500 Gris-Azul\"}]},{\"@type\":\"WebSite\",\"@id\":\"https:\\\/\\\/giftronic04.com\\\/#website\",\"url\":\"https:\\\/\\\/giftronic04.com\\\/\",\"name\":\"Giftronic.04\",\"description\":\"Venta de equipos tecnologicos\",\"publisher\":{\"@id\":\"https:\\\/\\\/giftronic04.com\\\/#organization\"},\"potentialAction\":[{\"@type\":\"SearchAction\",\"target\":{\"@type\":\"EntryPoint\",\"urlTemplate\":\"https:\\\/\\\/giftronic04.com\\\/?s={search_term_string}\"},\"query-input\":{\"@type\":\"PropertyValueSpecification\",\"valueRequired\":true,\"valueName\":\"search_term_string\"}}],\"inLanguage\":\"es\"},{\"@type\":\"Organization\",\"@id\":\"https:\\\/\\\/giftronic04.com\\\/#organization\",\"name\":\"giftronic04\",\"url\":\"https:\\\/\\\/giftronic04.com\\\/\",\"logo\":{\"@type\":\"ImageObject\",\"inLanguage\":\"es\",\"@id\":\"https:\\\/\\\/giftronic04.com\\\/#\\\/schema\\\/logo\\\/image\\\/\",\"url\":\"https:\\\/\\\/giftronic04.com\\\/wp-content\\\/uploads\\\/2021\\\/08\\\/logo.png\",\"contentUrl\":\"https:\\\/\\\/giftronic04.com\\\/wp-content\\\/uploads\\\/2021\\\/08\\\/logo.png\",\"width\":6640,\"height\":2192,\"caption\":\"giftronic04\"},\"image\":{\"@id\":\"https:\\\/\\\/giftronic04.com\\\/#\\\/schema\\\/logo\\\/image\\\/\"},\"sameAs\":[\"https:\\\/\\\/www.instagram.com\\\/giftronic.04\\\/\"]}]}<\/script>\n<!-- \/ Yoast SEO plugin. -->","yoast_head_json":{"title":"Monitor SAMSUNG 32\" Pulgadas Curvo R500 Gris-Azul - Giftronic.04","robots":{"index":"index","follow":"follow","max-snippet":"max-snippet:-1","max-image-preview":"max-image-preview:large","max-video-preview":"max-video-preview:-1"},"canonical":"https:\/\/giftronic04.com\/index.php\/product\/monitor-samsung-32-pulgadas-r500-gris-azul\/","og_locale":"es_ES","og_type":"article","og_title":"Monitor SAMSUNG 32\" Pulgadas Curvo R500 Gris-Azul - Giftronic.04","og_description":"Especificaciones Marca: Samsung Referencia: LC32R500FHL Detalles del Producto Uso Gaming Hogar Oficina o Empresa Imagen y Pantalla Tama\u00f1o Pantalla 32 Pulgadas Tama\u00f1o Pantalla 80.1 Cent\u00edmetros Contraste 3,000:1 Velocidad de Respuesta del Monitor 4 Milisegundos Tipo de Pantalla LCD Resoluci\u00f3n Pantalla FHD Dise\u00f1o de la pantalla Curvo Informaci\u00f3n B\u00e1sica Fuentes de Alimentaci\u00f3n de Energ\u00eda Energ\u00eda El\u00e9ctrica [&hellip;]","og_url":"https:\/\/giftronic04.com\/index.php\/product\/monitor-samsung-32-pulgadas-r500-gris-azul\/","og_site_name":"Giftronic.04","article_modified_time":"2025-04-25T21:07:56+00:00","og_image":[{"width":2000,"height":2000,"url":"https:\/\/giftronic04.com\/wp-content\/uploads\/2023\/10\/1-7.jpg","type":"image\/jpeg"}],"twitter_card":"summary_large_image","twitter_misc":{"Tiempo de lectura":"2 minutos"},"schema":{"@context":"https:\/\/schema.org","@graph":[{"@type":"WebPage","@id":"https:\/\/giftronic04.com\/index.php\/product\/monitor-samsung-32-pulgadas-r500-gris-azul\/","url":"https:\/\/giftronic04.com\/index.php\/product\/monitor-samsung-32-pulgadas-r500-gris-azul\/","name":"Monitor SAMSUNG 32\" Pulgadas Curvo R500 Gris-Azul - Giftronic.04","isPartOf":{"@id":"https:\/\/giftronic04.com\/#website"},"primaryImageOfPage":{"@id":"https:\/\/giftronic04.com\/index.php\/product\/monitor-samsung-32-pulgadas-r500-gris-azul\/#primaryimage"},"image":{"@id":"https:\/\/giftronic04.com\/index.php\/product\/monitor-samsung-32-pulgadas-r500-gris-azul\/#primaryimage"},"thumbnailUrl":"https:\/\/giftronic04.com\/wp-content\/uploads\/2023\/10\/1-7.jpg","datePublished":"2023-10-31T22:51:11+00:00","dateModified":"2025-04-25T21:07:56+00:00","breadcrumb":{"@id":"https:\/\/giftronic04.com\/index.php\/product\/monitor-samsung-32-pulgadas-r500-gris-azul\/#breadcrumb"},"inLanguage":"es","potentialAction":[{"@type":"ReadAction","target":["https:\/\/giftronic04.com\/index.php\/product\/monitor-samsung-32-pulgadas-r500-gris-azul\/"]}]},{"@type":"ImageObject","inLanguage":"es","@id":"https:\/\/giftronic04.com\/index.php\/product\/monitor-samsung-32-pulgadas-r500-gris-azul\/#primaryimage","url":"https:\/\/giftronic04.com\/wp-content\/uploads\/2023\/10\/1-7.jpg","contentUrl":"https:\/\/giftronic04.com\/wp-content\/uploads\/2023\/10\/1-7.jpg","width":2000,"height":2000},{"@type":"BreadcrumbList","@id":"https:\/\/giftronic04.com\/index.php\/product\/monitor-samsung-32-pulgadas-r500-gris-azul\/#breadcrumb","itemListElement":[{"@type":"ListItem","position":1,"name":"Portada","item":"https:\/\/giftronic04.com\/"},{"@type":"ListItem","position":2,"name":"Tienda","item":"https:\/\/giftronic04.com\/index.php\/shop\/"},{"@type":"ListItem","position":3,"name":"Monitor SAMSUNG 32&#8243; Pulgadas Curvo R500 Gris-Azul"}]},{"@type":"WebSite","@id":"https:\/\/giftronic04.com\/#website","url":"https:\/\/giftronic04.com\/","name":"Giftronic.04","description":"Venta de equipos tecnologicos","publisher":{"@id":"https:\/\/giftronic04.com\/#organization"},"potentialAction":[{"@type":"SearchAction","target":{"@type":"EntryPoint","urlTemplate":"https:\/\/giftronic04.com\/?s={search_term_string}"},"query-input":{"@type":"PropertyValueSpecification","valueRequired":true,"valueName":"search_term_string"}}],"inLanguage":"es"},{"@type":"Organization","@id":"https:\/\/giftronic04.com\/#organization","name":"giftronic04","url":"https:\/\/giftronic04.com\/","logo":{"@type":"ImageObject","inLanguage":"es","@id":"https:\/\/giftronic04.com\/#\/schema\/logo\/image\/","url":"https:\/\/giftronic04.com\/wp-content\/uploads\/2021\/08\/logo.png","contentUrl":"https:\/\/giftronic04.com\/wp-content\/uploads\/2021\/08\/logo.png","width":6640,"height":2192,"caption":"giftronic04"},"image":{"@id":"https:\/\/giftronic04.com\/#\/schema\/logo\/image\/"},"sameAs":["https:\/\/www.instagram.com\/giftronic.04\/"]}]}},"jetpack_sharing_enabled":true,"_links":{"self":[{"href":"https:\/\/giftronic04.com\/index.php\/wp-json\/wp\/v2\/product\/5177","targetHints":{"allow":["GET"]}}],"collection":[{"href":"https:\/\/giftronic04.com\/index.php\/wp-json\/wp\/v2\/product"}],"about":[{"href":"https:\/\/giftronic04.com\/index.php\/wp-json\/wp\/v2\/types\/product"}],"replies":[{"embeddable":true,"href":"https:\/\/giftronic04.com\/index.php\/wp-json\/wp\/v2\/comments?post=5177"}],"wp:featuredmedia":[{"embeddable":true,"href":"https:\/\/giftronic04.com\/index.php\/wp-json\/wp\/v2\/media\/5178"}],"wp:attachment":[{"href":"https:\/\/giftronic04.com\/index.php\/wp-json\/wp\/v2\/media?parent=5177"}],"wp:term":[{"taxonomy":"product_brand","embeddable":true,"href":"https:\/\/giftronic04.com\/index.php\/wp-json\/wp\/v2\/product_brand?post=5177"},{"taxonomy":"product_cat","embeddable":true,"href":"https:\/\/giftronic04.com\/index.php\/wp-json\/wp\/v2\/product_cat?post=5177"},{"taxonomy":"product_tag","embeddable":true,"href":"https:\/\/giftronic04.com\/index.php\/wp-json\/wp\/v2\/product_tag?post=5177"}],"curies":[{"name":"wp","href":"https:\/\/api.w.org\/{rel}","templated":true}]}}