{"id":5272,"date":"2023-11-09T18:50:35","date_gmt":"2023-11-09T23:50:35","guid":{"rendered":"https:\/\/giftronic04.com\/?post_type=product&#038;p=5272"},"modified":"2023-11-26T13:17:08","modified_gmt":"2023-11-26T18:17:08","slug":"regulador-de-voltaje-cdp-r2cu-avr-1000va-500w-8-contactos-4-puertos-usb","status":"publish","type":"product","link":"https:\/\/giftronic04.com\/index.php\/product\/regulador-de-voltaje-cdp-r2cu-avr-1000va-500w-8-contactos-4-puertos-usb\/","title":{"rendered":"Regulador de Voltaje CDP R2CU-AVR 1000VA\/500W 8 Contactos 4 Puertos USB"},"content":{"rendered":"<p>Marca:\u00a0\u00a0\u00a0\u00a0\u00a0\u00a0\u00a0\u00a0\u00a0\u00a0\u00a0 CDP<\/p>\n<p>Art\u00edculo:\u00a0\u00a0\u00a0\u00a0\u00a0\u00a0\u00a0\u00a0 Regulador de Voltaje<\/p>\n<p>Capacidad:\u00a0\u00a0 1000VA\/500W<\/p>\n<p>Voltaje:\u00a0\u00a0\u00a0\u00a0\u00a0\u00a0\u00a0\u00a0\u00a0 120 Vca<\/p>\n<p>Frecuencia:\u00a0 50 \/ 60 Hz +\/- 3%<\/p>\n<p>Rango de voltaje:\u00a0\u00a0\u00a0\u00a0 92 Vca &#8211; 144Vca<\/p>\n<p>Voltaje Salida:\u00a0\u00a0\u00a0\u00a0\u00a0\u00a0\u00a0\u00a0\u00a0 120 Vca<\/p>\n<p>Frecuencia Salida:\u00a0 50 Hz -60 Hz<\/p>\n<p>Rango de Voltaje Salida:\u00a0\u00a0 120 Vca (116 +\/-12%)<\/p>\n<p>Protecci\u00f3n de picos de voltaje:\u00a0\u00a0\u00a0\u00a0 175 Joules<\/p>\n<p>Dimensiones:\u00a0\u00a0\u00a0\u00a0\u00a0\u00a0\u00a0\u00a0\u00a0\u00a0 14.6 cm x 12.5 cm x 7.7 cm<\/p>\n<p>Peso:\u00a0 1.11 kg<\/p>\n<p>Rango Voltaje Entrada 92-144 VCA (220Vac: 170 Vca &#8211; 270 Vca) Corriente m\u00e1xima de entrada (Bypass) 6A\/720W<\/p>\n<p>Salida: Frecuencia 50\/60Hz<\/p>\n<p>Rango Voltaje 120Vca (116+-12%) 0 220Vca (215Vca +- 12%) Salida Tipo\/N\u00famero NEMA * 4pcs<\/p>\n<p>Tipo de Salida Tipo\/Numero Nema 5-15R 4con AVR y supresi\u00f3n de picos + 4 pcs solo con supresi\u00f3n de picos Corriente Max. Salida (Bypass) 400W (6A Max)<\/p>\n<p>Regulador de Voltaje de Escritorio. El nuevo y avanzado Regulador de Voltaje Autom\u00e1tico R2CU; cuenta con un exclusivo cargador inteligente de 4 puertos USB para tabletas port\u00e1tiles; convirtiendo a esta serie en la m\u00e1s completa y de mejor calidad. Este nuevo producto ofrece 8 tomas de salidas; eliminando la necesidad de conectar fuentes de alimentaci\u00f3n USB. El cargador USB proporciona un puerto para las tabletas y 3 para los tel\u00e9fonos inteligentes con una potencia m\u00e1xima de 2400MA.<\/p>\n","protected":false},"excerpt":{"rendered":"<p>Marca:\u00a0\u00a0\u00a0\u00a0\u00a0\u00a0\u00a0\u00a0\u00a0\u00a0\u00a0 CDP Art\u00edculo:\u00a0\u00a0\u00a0\u00a0\u00a0\u00a0\u00a0\u00a0 Regulador de Voltaje Capacidad:\u00a0\u00a0 1000VA\/500W Voltaje:\u00a0\u00a0\u00a0\u00a0\u00a0\u00a0\u00a0\u00a0\u00a0 120 Vca Frecuencia:\u00a0 50 \/ 60 Hz +\/- 3% Rango de voltaje:\u00a0\u00a0\u00a0\u00a0 92 Vca &#8211; 144Vca Voltaje Salida:\u00a0\u00a0\u00a0\u00a0\u00a0\u00a0\u00a0\u00a0\u00a0 120 Vca Frecuencia Salida:\u00a0 50 Hz -60 Hz Rango de Voltaje Salida:\u00a0\u00a0 120 Vca (116 +\/-12%) Protecci\u00f3n de picos de voltaje:\u00a0\u00a0\u00a0\u00a0 175 Joules Dimensiones:\u00a0\u00a0\u00a0\u00a0\u00a0\u00a0\u00a0\u00a0\u00a0\u00a0 14.6 cm x 12.5 [&hellip;]<\/p>\n","protected":false},"featured_media":5273,"comment_status":"open","ping_status":"closed","template":"","meta":{"_surecart_dashboard_logo_width":"180px","_surecart_dashboard_show_logo":true,"_surecart_dashboard_navigation_orders":true,"_surecart_dashboard_navigation_invoices":true,"_surecart_dashboard_navigation_subscriptions":true,"_surecart_dashboard_navigation_downloads":true,"_surecart_dashboard_navigation_billing":true,"_surecart_dashboard_navigation_account":true,"site-sidebar-layout":"default","site-content-layout":"","ast-site-content-layout":"default","site-content-style":"default","site-sidebar-style":"default","ast-global-header-display":"","ast-banner-title-visibility":"","ast-main-header-display":"","ast-hfb-above-header-display":"","ast-hfb-below-header-display":"","ast-hfb-mobile-header-display":"","site-post-title":"","ast-breadcrumbs-content":"","ast-featured-img":"","footer-sml-layout":"","ast-disable-related-posts":"","theme-transparent-header-meta":"","adv-header-id-meta":"","stick-header-meta":"","header-above-stick-meta":"","header-main-stick-meta":"","header-below-stick-meta":"","astra-migrate-meta-layouts":"default","ast-page-background-enabled":"default","ast-page-background-meta":{"desktop":{"background-color":"var(--ast-global-color-4)","background-image":"","background-repeat":"repeat","background-position":"center center","background-size":"auto","background-attachment":"scroll","background-type":"","background-media":"","overlay-type":"","overlay-color":"","overlay-opacity":"","overlay-gradient":""},"tablet":{"background-color":"","background-image":"","background-repeat":"repeat","background-position":"center center","background-size":"auto","background-attachment":"scroll","background-type":"","background-media":"","overlay-type":"","overlay-color":"","overlay-opacity":"","overlay-gradient":""},"mobile":{"background-color":"","background-image":"","background-repeat":"repeat","background-position":"center center","background-size":"auto","background-attachment":"scroll","background-type":"","background-media":"","overlay-type":"","overlay-color":"","overlay-opacity":"","overlay-gradient":""}},"ast-content-background-meta":{"desktop":{"background-color":"var(--ast-global-color-5)","background-image":"","background-repeat":"repeat","background-position":"center center","background-size":"auto","background-attachment":"scroll","background-type":"","background-media":"","overlay-type":"","overlay-color":"","overlay-opacity":"","overlay-gradient":""},"tablet":{"background-color":"var(--ast-global-color-5)","background-image":"","background-repeat":"repeat","background-position":"center center","background-size":"auto","background-attachment":"scroll","background-type":"","background-media":"","overlay-type":"","overlay-color":"","overlay-opacity":"","overlay-gradient":""},"mobile":{"background-color":"var(--ast-global-color-5)","background-image":"","background-repeat":"repeat","background-position":"center center","background-size":"auto","background-attachment":"scroll","background-type":"","background-media":"","overlay-type":"","overlay-color":"","overlay-opacity":"","overlay-gradient":""}}},"product_brand":[],"product_cat":[89],"product_tag":[],"class_list":{"0":"post-5272","1":"product","2":"type-product","3":"status-publish","4":"has-post-thumbnail","6":"product_cat-regulador-de-corriente","7":"desktop-align-left","8":"tablet-align-left","9":"mobile-align-left","11":"first","12":"instock","13":"sale","14":"taxable","15":"shipping-taxable","16":"purchasable","17":"product-type-simple"},"yoast_head":"<!-- This site is optimized with the Yoast SEO plugin v27.5 - https:\/\/yoast.com\/product\/yoast-seo-wordpress\/ -->\n<title>Regulador de Voltaje CDP R2CU-AVR 1000VA\/500W 8 Contactos 4 Puertos USB - Giftronic.04<\/title>\n<meta name=\"robots\" content=\"index, follow, max-snippet:-1, max-image-preview:large, max-video-preview:-1\" \/>\n<link rel=\"canonical\" href=\"https:\/\/giftronic04.com\/index.php\/product\/regulador-de-voltaje-cdp-r2cu-avr-1000va-500w-8-contactos-4-puertos-usb\/\" \/>\n<meta property=\"og:locale\" content=\"es_ES\" \/>\n<meta property=\"og:type\" content=\"article\" \/>\n<meta property=\"og:title\" content=\"Regulador de Voltaje CDP R2CU-AVR 1000VA\/500W 8 Contactos 4 Puertos USB - Giftronic.04\" \/>\n<meta property=\"og:description\" content=\"Marca:\u00a0\u00a0\u00a0\u00a0\u00a0\u00a0\u00a0\u00a0\u00a0\u00a0\u00a0 CDP Art\u00edculo:\u00a0\u00a0\u00a0\u00a0\u00a0\u00a0\u00a0\u00a0 Regulador de Voltaje Capacidad:\u00a0\u00a0 1000VA\/500W Voltaje:\u00a0\u00a0\u00a0\u00a0\u00a0\u00a0\u00a0\u00a0\u00a0 120 Vca Frecuencia:\u00a0 50 \/ 60 Hz +\/- 3% Rango de voltaje:\u00a0\u00a0\u00a0\u00a0 92 Vca &#8211; 144Vca Voltaje Salida:\u00a0\u00a0\u00a0\u00a0\u00a0\u00a0\u00a0\u00a0\u00a0 120 Vca Frecuencia Salida:\u00a0 50 Hz -60 Hz Rango de Voltaje Salida:\u00a0\u00a0 120 Vca (116 +\/-12%) Protecci\u00f3n de picos de voltaje:\u00a0\u00a0\u00a0\u00a0 175 Joules Dimensiones:\u00a0\u00a0\u00a0\u00a0\u00a0\u00a0\u00a0\u00a0\u00a0\u00a0 14.6 cm x 12.5 [&hellip;]\" \/>\n<meta property=\"og:url\" content=\"https:\/\/giftronic04.com\/index.php\/product\/regulador-de-voltaje-cdp-r2cu-avr-1000va-500w-8-contactos-4-puertos-usb\/\" \/>\n<meta property=\"og:site_name\" content=\"Giftronic.04\" \/>\n<meta property=\"article:modified_time\" content=\"2023-11-26T18:17:08+00:00\" \/>\n<meta property=\"og:image\" content=\"https:\/\/giftronic04.com\/wp-content\/uploads\/2023\/11\/1-1.jpg\" \/>\n\t<meta property=\"og:image:width\" content=\"2000\" \/>\n\t<meta property=\"og:image:height\" content=\"2000\" \/>\n\t<meta property=\"og:image:type\" content=\"image\/jpeg\" \/>\n<meta name=\"twitter:card\" content=\"summary_large_image\" \/>\n<meta name=\"twitter:label1\" content=\"Tiempo de lectura\" \/>\n\t<meta name=\"twitter:data1\" content=\"1 minuto\" \/>\n<script type=\"application\/ld+json\" class=\"yoast-schema-graph\">{\"@context\":\"https:\\\/\\\/schema.org\",\"@graph\":[{\"@type\":\"WebPage\",\"@id\":\"https:\\\/\\\/giftronic04.com\\\/index.php\\\/product\\\/regulador-de-voltaje-cdp-r2cu-avr-1000va-500w-8-contactos-4-puertos-usb\\\/\",\"url\":\"https:\\\/\\\/giftronic04.com\\\/index.php\\\/product\\\/regulador-de-voltaje-cdp-r2cu-avr-1000va-500w-8-contactos-4-puertos-usb\\\/\",\"name\":\"Regulador de Voltaje CDP R2CU-AVR 1000VA\\\/500W 8 Contactos 4 Puertos USB - Giftronic.04\",\"isPartOf\":{\"@id\":\"https:\\\/\\\/giftronic04.com\\\/#website\"},\"primaryImageOfPage\":{\"@id\":\"https:\\\/\\\/giftronic04.com\\\/index.php\\\/product\\\/regulador-de-voltaje-cdp-r2cu-avr-1000va-500w-8-contactos-4-puertos-usb\\\/#primaryimage\"},\"image\":{\"@id\":\"https:\\\/\\\/giftronic04.com\\\/index.php\\\/product\\\/regulador-de-voltaje-cdp-r2cu-avr-1000va-500w-8-contactos-4-puertos-usb\\\/#primaryimage\"},\"thumbnailUrl\":\"https:\\\/\\\/giftronic04.com\\\/wp-content\\\/uploads\\\/2023\\\/11\\\/1-1.jpg\",\"datePublished\":\"2023-11-09T23:50:35+00:00\",\"dateModified\":\"2023-11-26T18:17:08+00:00\",\"breadcrumb\":{\"@id\":\"https:\\\/\\\/giftronic04.com\\\/index.php\\\/product\\\/regulador-de-voltaje-cdp-r2cu-avr-1000va-500w-8-contactos-4-puertos-usb\\\/#breadcrumb\"},\"inLanguage\":\"es\",\"potentialAction\":[{\"@type\":\"ReadAction\",\"target\":[\"https:\\\/\\\/giftronic04.com\\\/index.php\\\/product\\\/regulador-de-voltaje-cdp-r2cu-avr-1000va-500w-8-contactos-4-puertos-usb\\\/\"]}]},{\"@type\":\"ImageObject\",\"inLanguage\":\"es\",\"@id\":\"https:\\\/\\\/giftronic04.com\\\/index.php\\\/product\\\/regulador-de-voltaje-cdp-r2cu-avr-1000va-500w-8-contactos-4-puertos-usb\\\/#primaryimage\",\"url\":\"https:\\\/\\\/giftronic04.com\\\/wp-content\\\/uploads\\\/2023\\\/11\\\/1-1.jpg\",\"contentUrl\":\"https:\\\/\\\/giftronic04.com\\\/wp-content\\\/uploads\\\/2023\\\/11\\\/1-1.jpg\",\"width\":2000,\"height\":2000},{\"@type\":\"BreadcrumbList\",\"@id\":\"https:\\\/\\\/giftronic04.com\\\/index.php\\\/product\\\/regulador-de-voltaje-cdp-r2cu-avr-1000va-500w-8-contactos-4-puertos-usb\\\/#breadcrumb\",\"itemListElement\":[{\"@type\":\"ListItem\",\"position\":1,\"name\":\"Portada\",\"item\":\"https:\\\/\\\/giftronic04.com\\\/\"},{\"@type\":\"ListItem\",\"position\":2,\"name\":\"Tienda\",\"item\":\"https:\\\/\\\/giftronic04.com\\\/index.php\\\/shop\\\/\"},{\"@type\":\"ListItem\",\"position\":3,\"name\":\"Regulador de Voltaje CDP R2CU-AVR 1000VA\\\/500W 8 Contactos 4 Puertos USB\"}]},{\"@type\":\"WebSite\",\"@id\":\"https:\\\/\\\/giftronic04.com\\\/#website\",\"url\":\"https:\\\/\\\/giftronic04.com\\\/\",\"name\":\"Giftronic.04\",\"description\":\"Venta de equipos tecnologicos\",\"publisher\":{\"@id\":\"https:\\\/\\\/giftronic04.com\\\/#organization\"},\"potentialAction\":[{\"@type\":\"SearchAction\",\"target\":{\"@type\":\"EntryPoint\",\"urlTemplate\":\"https:\\\/\\\/giftronic04.com\\\/?s={search_term_string}\"},\"query-input\":{\"@type\":\"PropertyValueSpecification\",\"valueRequired\":true,\"valueName\":\"search_term_string\"}}],\"inLanguage\":\"es\"},{\"@type\":\"Organization\",\"@id\":\"https:\\\/\\\/giftronic04.com\\\/#organization\",\"name\":\"giftronic04\",\"url\":\"https:\\\/\\\/giftronic04.com\\\/\",\"logo\":{\"@type\":\"ImageObject\",\"inLanguage\":\"es\",\"@id\":\"https:\\\/\\\/giftronic04.com\\\/#\\\/schema\\\/logo\\\/image\\\/\",\"url\":\"https:\\\/\\\/giftronic04.com\\\/wp-content\\\/uploads\\\/2021\\\/08\\\/logo.png\",\"contentUrl\":\"https:\\\/\\\/giftronic04.com\\\/wp-content\\\/uploads\\\/2021\\\/08\\\/logo.png\",\"width\":6640,\"height\":2192,\"caption\":\"giftronic04\"},\"image\":{\"@id\":\"https:\\\/\\\/giftronic04.com\\\/#\\\/schema\\\/logo\\\/image\\\/\"},\"sameAs\":[\"https:\\\/\\\/www.instagram.com\\\/giftronic.04\\\/\"]}]}<\/script>\n<!-- \/ Yoast SEO plugin. -->","yoast_head_json":{"title":"Regulador de Voltaje CDP R2CU-AVR 1000VA\/500W 8 Contactos 4 Puertos USB - Giftronic.04","robots":{"index":"index","follow":"follow","max-snippet":"max-snippet:-1","max-image-preview":"max-image-preview:large","max-video-preview":"max-video-preview:-1"},"canonical":"https:\/\/giftronic04.com\/index.php\/product\/regulador-de-voltaje-cdp-r2cu-avr-1000va-500w-8-contactos-4-puertos-usb\/","og_locale":"es_ES","og_type":"article","og_title":"Regulador de Voltaje CDP R2CU-AVR 1000VA\/500W 8 Contactos 4 Puertos USB - Giftronic.04","og_description":"Marca:\u00a0\u00a0\u00a0\u00a0\u00a0\u00a0\u00a0\u00a0\u00a0\u00a0\u00a0 CDP Art\u00edculo:\u00a0\u00a0\u00a0\u00a0\u00a0\u00a0\u00a0\u00a0 Regulador de Voltaje Capacidad:\u00a0\u00a0 1000VA\/500W Voltaje:\u00a0\u00a0\u00a0\u00a0\u00a0\u00a0\u00a0\u00a0\u00a0 120 Vca Frecuencia:\u00a0 50 \/ 60 Hz +\/- 3% Rango de voltaje:\u00a0\u00a0\u00a0\u00a0 92 Vca &#8211; 144Vca Voltaje Salida:\u00a0\u00a0\u00a0\u00a0\u00a0\u00a0\u00a0\u00a0\u00a0 120 Vca Frecuencia Salida:\u00a0 50 Hz -60 Hz Rango de Voltaje Salida:\u00a0\u00a0 120 Vca (116 +\/-12%) Protecci\u00f3n de picos de voltaje:\u00a0\u00a0\u00a0\u00a0 175 Joules Dimensiones:\u00a0\u00a0\u00a0\u00a0\u00a0\u00a0\u00a0\u00a0\u00a0\u00a0 14.6 cm x 12.5 [&hellip;]","og_url":"https:\/\/giftronic04.com\/index.php\/product\/regulador-de-voltaje-cdp-r2cu-avr-1000va-500w-8-contactos-4-puertos-usb\/","og_site_name":"Giftronic.04","article_modified_time":"2023-11-26T18:17:08+00:00","og_image":[{"width":2000,"height":2000,"url":"https:\/\/giftronic04.com\/wp-content\/uploads\/2023\/11\/1-1.jpg","type":"image\/jpeg"}],"twitter_card":"summary_large_image","twitter_misc":{"Tiempo de lectura":"1 minuto"},"schema":{"@context":"https:\/\/schema.org","@graph":[{"@type":"WebPage","@id":"https:\/\/giftronic04.com\/index.php\/product\/regulador-de-voltaje-cdp-r2cu-avr-1000va-500w-8-contactos-4-puertos-usb\/","url":"https:\/\/giftronic04.com\/index.php\/product\/regulador-de-voltaje-cdp-r2cu-avr-1000va-500w-8-contactos-4-puertos-usb\/","name":"Regulador de Voltaje CDP R2CU-AVR 1000VA\/500W 8 Contactos 4 Puertos USB - Giftronic.04","isPartOf":{"@id":"https:\/\/giftronic04.com\/#website"},"primaryImageOfPage":{"@id":"https:\/\/giftronic04.com\/index.php\/product\/regulador-de-voltaje-cdp-r2cu-avr-1000va-500w-8-contactos-4-puertos-usb\/#primaryimage"},"image":{"@id":"https:\/\/giftronic04.com\/index.php\/product\/regulador-de-voltaje-cdp-r2cu-avr-1000va-500w-8-contactos-4-puertos-usb\/#primaryimage"},"thumbnailUrl":"https:\/\/giftronic04.com\/wp-content\/uploads\/2023\/11\/1-1.jpg","datePublished":"2023-11-09T23:50:35+00:00","dateModified":"2023-11-26T18:17:08+00:00","breadcrumb":{"@id":"https:\/\/giftronic04.com\/index.php\/product\/regulador-de-voltaje-cdp-r2cu-avr-1000va-500w-8-contactos-4-puertos-usb\/#breadcrumb"},"inLanguage":"es","potentialAction":[{"@type":"ReadAction","target":["https:\/\/giftronic04.com\/index.php\/product\/regulador-de-voltaje-cdp-r2cu-avr-1000va-500w-8-contactos-4-puertos-usb\/"]}]},{"@type":"ImageObject","inLanguage":"es","@id":"https:\/\/giftronic04.com\/index.php\/product\/regulador-de-voltaje-cdp-r2cu-avr-1000va-500w-8-contactos-4-puertos-usb\/#primaryimage","url":"https:\/\/giftronic04.com\/wp-content\/uploads\/2023\/11\/1-1.jpg","contentUrl":"https:\/\/giftronic04.com\/wp-content\/uploads\/2023\/11\/1-1.jpg","width":2000,"height":2000},{"@type":"BreadcrumbList","@id":"https:\/\/giftronic04.com\/index.php\/product\/regulador-de-voltaje-cdp-r2cu-avr-1000va-500w-8-contactos-4-puertos-usb\/#breadcrumb","itemListElement":[{"@type":"ListItem","position":1,"name":"Portada","item":"https:\/\/giftronic04.com\/"},{"@type":"ListItem","position":2,"name":"Tienda","item":"https:\/\/giftronic04.com\/index.php\/shop\/"},{"@type":"ListItem","position":3,"name":"Regulador de Voltaje CDP R2CU-AVR 1000VA\/500W 8 Contactos 4 Puertos USB"}]},{"@type":"WebSite","@id":"https:\/\/giftronic04.com\/#website","url":"https:\/\/giftronic04.com\/","name":"Giftronic.04","description":"Venta de equipos tecnologicos","publisher":{"@id":"https:\/\/giftronic04.com\/#organization"},"potentialAction":[{"@type":"SearchAction","target":{"@type":"EntryPoint","urlTemplate":"https:\/\/giftronic04.com\/?s={search_term_string}"},"query-input":{"@type":"PropertyValueSpecification","valueRequired":true,"valueName":"search_term_string"}}],"inLanguage":"es"},{"@type":"Organization","@id":"https:\/\/giftronic04.com\/#organization","name":"giftronic04","url":"https:\/\/giftronic04.com\/","logo":{"@type":"ImageObject","inLanguage":"es","@id":"https:\/\/giftronic04.com\/#\/schema\/logo\/image\/","url":"https:\/\/giftronic04.com\/wp-content\/uploads\/2021\/08\/logo.png","contentUrl":"https:\/\/giftronic04.com\/wp-content\/uploads\/2021\/08\/logo.png","width":6640,"height":2192,"caption":"giftronic04"},"image":{"@id":"https:\/\/giftronic04.com\/#\/schema\/logo\/image\/"},"sameAs":["https:\/\/www.instagram.com\/giftronic.04\/"]}]}},"jetpack_sharing_enabled":true,"_links":{"self":[{"href":"https:\/\/giftronic04.com\/index.php\/wp-json\/wp\/v2\/product\/5272","targetHints":{"allow":["GET"]}}],"collection":[{"href":"https:\/\/giftronic04.com\/index.php\/wp-json\/wp\/v2\/product"}],"about":[{"href":"https:\/\/giftronic04.com\/index.php\/wp-json\/wp\/v2\/types\/product"}],"replies":[{"embeddable":true,"href":"https:\/\/giftronic04.com\/index.php\/wp-json\/wp\/v2\/comments?post=5272"}],"wp:featuredmedia":[{"embeddable":true,"href":"https:\/\/giftronic04.com\/index.php\/wp-json\/wp\/v2\/media\/5273"}],"wp:attachment":[{"href":"https:\/\/giftronic04.com\/index.php\/wp-json\/wp\/v2\/media?parent=5272"}],"wp:term":[{"taxonomy":"product_brand","embeddable":true,"href":"https:\/\/giftronic04.com\/index.php\/wp-json\/wp\/v2\/product_brand?post=5272"},{"taxonomy":"product_cat","embeddable":true,"href":"https:\/\/giftronic04.com\/index.php\/wp-json\/wp\/v2\/product_cat?post=5272"},{"taxonomy":"product_tag","embeddable":true,"href":"https:\/\/giftronic04.com\/index.php\/wp-json\/wp\/v2\/product_tag?post=5272"}],"curies":[{"name":"wp","href":"https:\/\/api.w.org\/{rel}","templated":true}]}}