{"id":5768,"date":"2024-01-11T11:18:30","date_gmt":"2024-01-11T16:18:30","guid":{"rendered":"https:\/\/giftronic04.com\/?post_type=product&#038;p=5768"},"modified":"2025-08-12T12:00:12","modified_gmt":"2025-08-12T17:00:12","slug":"aio-hp-pavilion-27-amd-r5-5500u-ram-8gb-512gb-ssd-blanco","status":"publish","type":"product","link":"https:\/\/giftronic04.com\/index.php\/product\/aio-hp-pavilion-27-amd-r5-5500u-ram-8gb-512gb-ssd-blanco\/","title":{"rendered":"AIO HP PAVILION 27&#8243; AMD R5-5500U RAM 8GB 512GB SSD &#8211; Blanco"},"content":{"rendered":"<p>Caracter\u00edsticas:<\/p>\n<p>Referencia: 27-ca0000la<\/p>\n<p>Marca: HP<\/p>\n<p>Tipo: ALL IN ONE PAVILION<\/p>\n<p>Resoluci\u00f3n Pantalla Full HD (1920&#215;1080)<\/p>\n<p>Tama\u00f1o Pantalla\u00a0\u00a0\u00a0\u00a0 27\u2019 Pulgadas<\/p>\n<p>Memoria RAM: 8GB<\/p>\n<p>Tipos de Discos que Incluye\u00a0\u00a0\u00a0\u00a0\u00a0\u00a0\u00a0 Disco Estado Solido (SSD)<\/p>\n<p>Capacidad de Disco \u00a0\u00a0512GB SSD<\/p>\n<p>Marca del Procesador\u00a0\u00a0\u00a0\u00a0\u00a0\u00a0\u00a0 AMD<\/p>\n<p>Procesador\u00a0\u00a0 AMD RYZEN 5-5500U<\/p>\n<p>Sistema Operativo\u00a0\u00a0 Windows<\/p>\n<p>Versi\u00f3n Sistema Operativo\u00a0\u00a0\u00a0\u00a0\u00a0\u00a0\u00a0\u00a0\u00a0\u00a0\u00a0 Windows 11<\/p>\n<p>N\u00facleos del Procesador\u00a0\u00a0\u00a0\u00a0 6 N\u00facleos<\/p>\n<p>Velocidad del Procesador: Reloj base 2.1GHz M\u00e1x. Hasta 4.0GHz<\/p>\n<p>Unidad CD\/DVD Integrada \u00a0\u00a0\u00a0\u00a0\u00a0\u00a0\u00a0\u00a0\u00a0\u00a0 No tiene Unidad de CD\/DVD Integrada<\/p>\n<p>Peso\u00a0\u00a0 8 Kilogramos<\/p>\n<p>Nivel de Uso Avanzado<\/p>\n<p>Caracter\u00edsticas Especiales<\/p>\n<p>C\u00e1mara WEB Integrada<\/p>\n<p>No. Puertos HDMI\u00a0\u00a0 1 Puertos<\/p>\n<p>No. Puertos USB\u00a0\u00a0\u00a0\u00a0 3 Puertos<\/p>\n<p>No. Puertos USB TIPO C 1 Puertos<\/p>\n<p>No. Puertos LAN Ethernet 1 Puertos<\/p>\n<p>No. Salidas de Audio\u00a0\u00a0\u00a0\u00a0\u00a0\u00a0\u00a0\u00a0 1 Puertos<\/p>\n<p>Tipos de Puertos Entradas y Salidas<\/p>\n<p>Puerto HDMI<\/p>\n<p>Puerto USB<\/p>\n<p>Salida de Aud\u00edfonos<\/p>\n<p>Opciones de Conexi\u00f3n<\/p>\n<p>Bluetooth<\/p>\n<p>Wifi<\/p>\n<p>Fuente de Alimentaci\u00f3n de Energ\u00eda<\/p>\n<p>Tonalidad de Color\u00a0 Blanco<\/p>\n<p>&nbsp;<\/p>\n<p>Caracter\u00edsticas destacadas<\/p>\n<p>Almacenamiento en SSD. Arranca en segundos a toda velocidad<\/p>\n<p>Panel antirreflejo. Recibe menos reflejo en exteriores<\/p>\n<p>Sistema de reducci\u00f3n de ruido y audio de B&amp;O<\/p>\n<p>Altavoces HP, calibrados especialmente por expertos de B&amp;O<\/p>\n<p>Magic Desktop, ambiente de aprendizaje did\u00e1ctico y seguro<\/p>\n<p>Resumen del producto<\/p>\n<p>\u00a1Potente y amigable con el planeta! El AIO HP contiene en su fabricaci\u00f3n pl\u00e1stico de origen oce\u00e1nico y sus empaques proceden de materiales reciclables y de origen 100% sustentable. Tecnolog\u00eda de atenuaci\u00f3n DC Dimming , controla el brillo de la pantalla, ajustando la corriente continua en lugar de ciclar la luz de fondo. Tecnolog\u00eda HP QuickDrop, Transferencias de archivos f\u00e1ciles, r\u00e1pidas y confiables. Transfiere fotos, videos o documentos de forma inal\u00e1mbrica entre tu equipo y tu dispositivo m\u00f3vil. Seguridad en l\u00ednea, gracias a la c\u00e1mara HP Privacy con micr\u00f3fono, visible solo cuando est\u00e1 en uso<\/p>\n","protected":false},"excerpt":{"rendered":"<p>Caracter\u00edsticas: Referencia: 27-ca0000la Marca: HP Tipo: ALL IN ONE PAVILION Resoluci\u00f3n Pantalla Full HD (1920&#215;1080) Tama\u00f1o Pantalla\u00a0\u00a0\u00a0\u00a0 27\u2019 Pulgadas Memoria RAM: 8GB Tipos de Discos que Incluye\u00a0\u00a0\u00a0\u00a0\u00a0\u00a0\u00a0 Disco Estado Solido (SSD) Capacidad de Disco \u00a0\u00a0512GB SSD Marca del Procesador\u00a0\u00a0\u00a0\u00a0\u00a0\u00a0\u00a0 AMD Procesador\u00a0\u00a0 AMD RYZEN 5-5500U Sistema Operativo\u00a0\u00a0 Windows Versi\u00f3n Sistema Operativo\u00a0\u00a0\u00a0\u00a0\u00a0\u00a0\u00a0\u00a0\u00a0\u00a0\u00a0 Windows 11 N\u00facleos del Procesador\u00a0\u00a0\u00a0\u00a0 [&hellip;]<\/p>\n","protected":false},"featured_media":5769,"comment_status":"open","ping_status":"closed","template":"","meta":{"_surecart_dashboard_logo_width":"180px","_surecart_dashboard_show_logo":true,"_surecart_dashboard_navigation_orders":true,"_surecart_dashboard_navigation_invoices":true,"_surecart_dashboard_navigation_subscriptions":true,"_surecart_dashboard_navigation_downloads":true,"_surecart_dashboard_navigation_billing":true,"_surecart_dashboard_navigation_account":true,"site-sidebar-layout":"default","site-content-layout":"","ast-site-content-layout":"default","site-content-style":"default","site-sidebar-style":"default","ast-global-header-display":"","ast-banner-title-visibility":"","ast-main-header-display":"","ast-hfb-above-header-display":"","ast-hfb-below-header-display":"","ast-hfb-mobile-header-display":"","site-post-title":"","ast-breadcrumbs-content":"","ast-featured-img":"","footer-sml-layout":"","ast-disable-related-posts":"","theme-transparent-header-meta":"","adv-header-id-meta":"","stick-header-meta":"","header-above-stick-meta":"","header-main-stick-meta":"","header-below-stick-meta":"","astra-migrate-meta-layouts":"default","ast-page-background-enabled":"default","ast-page-background-meta":{"desktop":{"background-color":"var(--ast-global-color-4)","background-image":"","background-repeat":"repeat","background-position":"center center","background-size":"auto","background-attachment":"scroll","background-type":"","background-media":"","overlay-type":"","overlay-color":"","overlay-opacity":"","overlay-gradient":""},"tablet":{"background-color":"","background-image":"","background-repeat":"repeat","background-position":"center center","background-size":"auto","background-attachment":"scroll","background-type":"","background-media":"","overlay-type":"","overlay-color":"","overlay-opacity":"","overlay-gradient":""},"mobile":{"background-color":"","background-image":"","background-repeat":"repeat","background-position":"center center","background-size":"auto","background-attachment":"scroll","background-type":"","background-media":"","overlay-type":"","overlay-color":"","overlay-opacity":"","overlay-gradient":""}},"ast-content-background-meta":{"desktop":{"background-color":"var(--ast-global-color-5)","background-image":"","background-repeat":"repeat","background-position":"center center","background-size":"auto","background-attachment":"scroll","background-type":"","background-media":"","overlay-type":"","overlay-color":"","overlay-opacity":"","overlay-gradient":""},"tablet":{"background-color":"var(--ast-global-color-5)","background-image":"","background-repeat":"repeat","background-position":"center center","background-size":"auto","background-attachment":"scroll","background-type":"","background-media":"","overlay-type":"","overlay-color":"","overlay-opacity":"","overlay-gradient":""},"mobile":{"background-color":"var(--ast-global-color-5)","background-image":"","background-repeat":"repeat","background-position":"center center","background-size":"auto","background-attachment":"scroll","background-type":"","background-media":"","overlay-type":"","overlay-color":"","overlay-opacity":"","overlay-gradient":""}}},"product_brand":[],"product_cat":[56,22],"product_tag":[],"class_list":{"0":"post-5768","1":"product","2":"type-product","3":"status-publish","4":"has-post-thumbnail","6":"product_cat-all-in-one","7":"product_cat-computacion","8":"desktop-align-left","9":"tablet-align-left","10":"mobile-align-left","12":"first","13":"instock","14":"sale","15":"taxable","16":"shipping-taxable","17":"purchasable","18":"product-type-simple"},"yoast_head":"<!-- This site is optimized with the Yoast SEO plugin v27.5 - https:\/\/yoast.com\/product\/yoast-seo-wordpress\/ -->\n<title>AIO HP PAVILION 27&quot; AMD R5-5500U RAM 8GB 512GB SSD - Blanco - Giftronic.04<\/title>\n<meta name=\"robots\" content=\"index, follow, max-snippet:-1, max-image-preview:large, max-video-preview:-1\" \/>\n<link rel=\"canonical\" href=\"https:\/\/giftronic04.com\/index.php\/product\/aio-hp-pavilion-27-amd-r5-5500u-ram-8gb-512gb-ssd-blanco\/\" \/>\n<meta property=\"og:locale\" content=\"es_ES\" \/>\n<meta property=\"og:type\" content=\"article\" \/>\n<meta property=\"og:title\" content=\"AIO HP PAVILION 27&quot; AMD R5-5500U RAM 8GB 512GB SSD - Blanco - Giftronic.04\" \/>\n<meta property=\"og:description\" content=\"Caracter\u00edsticas: Referencia: 27-ca0000la Marca: HP Tipo: ALL IN ONE PAVILION Resoluci\u00f3n Pantalla Full HD (1920&#215;1080) Tama\u00f1o Pantalla\u00a0\u00a0\u00a0\u00a0 27\u2019 Pulgadas Memoria RAM: 8GB Tipos de Discos que Incluye\u00a0\u00a0\u00a0\u00a0\u00a0\u00a0\u00a0 Disco Estado Solido (SSD) Capacidad de Disco \u00a0\u00a0512GB SSD Marca del Procesador\u00a0\u00a0\u00a0\u00a0\u00a0\u00a0\u00a0 AMD Procesador\u00a0\u00a0 AMD RYZEN 5-5500U Sistema Operativo\u00a0\u00a0 Windows Versi\u00f3n Sistema Operativo\u00a0\u00a0\u00a0\u00a0\u00a0\u00a0\u00a0\u00a0\u00a0\u00a0\u00a0 Windows 11 N\u00facleos del Procesador\u00a0\u00a0\u00a0\u00a0 [&hellip;]\" \/>\n<meta property=\"og:url\" content=\"https:\/\/giftronic04.com\/index.php\/product\/aio-hp-pavilion-27-amd-r5-5500u-ram-8gb-512gb-ssd-blanco\/\" \/>\n<meta property=\"og:site_name\" content=\"Giftronic.04\" \/>\n<meta property=\"article:modified_time\" content=\"2025-08-12T17:00:12+00:00\" \/>\n<meta property=\"og:image\" content=\"https:\/\/giftronic04.com\/wp-content\/uploads\/2024\/01\/CON-LOGO-1.jpg\" \/>\n\t<meta property=\"og:image:width\" content=\"2000\" \/>\n\t<meta property=\"og:image:height\" content=\"2000\" \/>\n\t<meta property=\"og:image:type\" content=\"image\/jpeg\" \/>\n<meta name=\"twitter:card\" content=\"summary_large_image\" \/>\n<meta name=\"twitter:label1\" content=\"Tiempo de lectura\" \/>\n\t<meta name=\"twitter:data1\" content=\"2 minutos\" \/>\n<script type=\"application\/ld+json\" class=\"yoast-schema-graph\">{\"@context\":\"https:\\\/\\\/schema.org\",\"@graph\":[{\"@type\":\"WebPage\",\"@id\":\"https:\\\/\\\/giftronic04.com\\\/index.php\\\/product\\\/aio-hp-pavilion-27-amd-r5-5500u-ram-8gb-512gb-ssd-blanco\\\/\",\"url\":\"https:\\\/\\\/giftronic04.com\\\/index.php\\\/product\\\/aio-hp-pavilion-27-amd-r5-5500u-ram-8gb-512gb-ssd-blanco\\\/\",\"name\":\"AIO HP PAVILION 27\\\" AMD R5-5500U RAM 8GB 512GB SSD - Blanco - Giftronic.04\",\"isPartOf\":{\"@id\":\"https:\\\/\\\/giftronic04.com\\\/#website\"},\"primaryImageOfPage\":{\"@id\":\"https:\\\/\\\/giftronic04.com\\\/index.php\\\/product\\\/aio-hp-pavilion-27-amd-r5-5500u-ram-8gb-512gb-ssd-blanco\\\/#primaryimage\"},\"image\":{\"@id\":\"https:\\\/\\\/giftronic04.com\\\/index.php\\\/product\\\/aio-hp-pavilion-27-amd-r5-5500u-ram-8gb-512gb-ssd-blanco\\\/#primaryimage\"},\"thumbnailUrl\":\"https:\\\/\\\/giftronic04.com\\\/wp-content\\\/uploads\\\/2024\\\/01\\\/CON-LOGO-1.jpg\",\"datePublished\":\"2024-01-11T16:18:30+00:00\",\"dateModified\":\"2025-08-12T17:00:12+00:00\",\"breadcrumb\":{\"@id\":\"https:\\\/\\\/giftronic04.com\\\/index.php\\\/product\\\/aio-hp-pavilion-27-amd-r5-5500u-ram-8gb-512gb-ssd-blanco\\\/#breadcrumb\"},\"inLanguage\":\"es\",\"potentialAction\":[{\"@type\":\"ReadAction\",\"target\":[\"https:\\\/\\\/giftronic04.com\\\/index.php\\\/product\\\/aio-hp-pavilion-27-amd-r5-5500u-ram-8gb-512gb-ssd-blanco\\\/\"]}]},{\"@type\":\"ImageObject\",\"inLanguage\":\"es\",\"@id\":\"https:\\\/\\\/giftronic04.com\\\/index.php\\\/product\\\/aio-hp-pavilion-27-amd-r5-5500u-ram-8gb-512gb-ssd-blanco\\\/#primaryimage\",\"url\":\"https:\\\/\\\/giftronic04.com\\\/wp-content\\\/uploads\\\/2024\\\/01\\\/CON-LOGO-1.jpg\",\"contentUrl\":\"https:\\\/\\\/giftronic04.com\\\/wp-content\\\/uploads\\\/2024\\\/01\\\/CON-LOGO-1.jpg\",\"width\":2000,\"height\":2000},{\"@type\":\"BreadcrumbList\",\"@id\":\"https:\\\/\\\/giftronic04.com\\\/index.php\\\/product\\\/aio-hp-pavilion-27-amd-r5-5500u-ram-8gb-512gb-ssd-blanco\\\/#breadcrumb\",\"itemListElement\":[{\"@type\":\"ListItem\",\"position\":1,\"name\":\"Portada\",\"item\":\"https:\\\/\\\/giftronic04.com\\\/\"},{\"@type\":\"ListItem\",\"position\":2,\"name\":\"Tienda\",\"item\":\"https:\\\/\\\/giftronic04.com\\\/index.php\\\/shop\\\/\"},{\"@type\":\"ListItem\",\"position\":3,\"name\":\"AIO HP PAVILION 27&#8243; AMD R5-5500U RAM 8GB 512GB SSD &#8211; Blanco\"}]},{\"@type\":\"WebSite\",\"@id\":\"https:\\\/\\\/giftronic04.com\\\/#website\",\"url\":\"https:\\\/\\\/giftronic04.com\\\/\",\"name\":\"Giftronic.04\",\"description\":\"Venta de equipos tecnologicos\",\"publisher\":{\"@id\":\"https:\\\/\\\/giftronic04.com\\\/#organization\"},\"potentialAction\":[{\"@type\":\"SearchAction\",\"target\":{\"@type\":\"EntryPoint\",\"urlTemplate\":\"https:\\\/\\\/giftronic04.com\\\/?s={search_term_string}\"},\"query-input\":{\"@type\":\"PropertyValueSpecification\",\"valueRequired\":true,\"valueName\":\"search_term_string\"}}],\"inLanguage\":\"es\"},{\"@type\":\"Organization\",\"@id\":\"https:\\\/\\\/giftronic04.com\\\/#organization\",\"name\":\"giftronic04\",\"url\":\"https:\\\/\\\/giftronic04.com\\\/\",\"logo\":{\"@type\":\"ImageObject\",\"inLanguage\":\"es\",\"@id\":\"https:\\\/\\\/giftronic04.com\\\/#\\\/schema\\\/logo\\\/image\\\/\",\"url\":\"https:\\\/\\\/giftronic04.com\\\/wp-content\\\/uploads\\\/2021\\\/08\\\/logo.png\",\"contentUrl\":\"https:\\\/\\\/giftronic04.com\\\/wp-content\\\/uploads\\\/2021\\\/08\\\/logo.png\",\"width\":6640,\"height\":2192,\"caption\":\"giftronic04\"},\"image\":{\"@id\":\"https:\\\/\\\/giftronic04.com\\\/#\\\/schema\\\/logo\\\/image\\\/\"},\"sameAs\":[\"https:\\\/\\\/www.instagram.com\\\/giftronic.04\\\/\"]}]}<\/script>\n<!-- \/ Yoast SEO plugin. -->","yoast_head_json":{"title":"AIO HP PAVILION 27\" AMD R5-5500U RAM 8GB 512GB SSD - Blanco - Giftronic.04","robots":{"index":"index","follow":"follow","max-snippet":"max-snippet:-1","max-image-preview":"max-image-preview:large","max-video-preview":"max-video-preview:-1"},"canonical":"https:\/\/giftronic04.com\/index.php\/product\/aio-hp-pavilion-27-amd-r5-5500u-ram-8gb-512gb-ssd-blanco\/","og_locale":"es_ES","og_type":"article","og_title":"AIO HP PAVILION 27\" AMD R5-5500U RAM 8GB 512GB SSD - Blanco - Giftronic.04","og_description":"Caracter\u00edsticas: Referencia: 27-ca0000la Marca: HP Tipo: ALL IN ONE PAVILION Resoluci\u00f3n Pantalla Full HD (1920&#215;1080) Tama\u00f1o Pantalla\u00a0\u00a0\u00a0\u00a0 27\u2019 Pulgadas Memoria RAM: 8GB Tipos de Discos que Incluye\u00a0\u00a0\u00a0\u00a0\u00a0\u00a0\u00a0 Disco Estado Solido (SSD) Capacidad de Disco \u00a0\u00a0512GB SSD Marca del Procesador\u00a0\u00a0\u00a0\u00a0\u00a0\u00a0\u00a0 AMD Procesador\u00a0\u00a0 AMD RYZEN 5-5500U Sistema Operativo\u00a0\u00a0 Windows Versi\u00f3n Sistema Operativo\u00a0\u00a0\u00a0\u00a0\u00a0\u00a0\u00a0\u00a0\u00a0\u00a0\u00a0 Windows 11 N\u00facleos del Procesador\u00a0\u00a0\u00a0\u00a0 [&hellip;]","og_url":"https:\/\/giftronic04.com\/index.php\/product\/aio-hp-pavilion-27-amd-r5-5500u-ram-8gb-512gb-ssd-blanco\/","og_site_name":"Giftronic.04","article_modified_time":"2025-08-12T17:00:12+00:00","og_image":[{"width":2000,"height":2000,"url":"https:\/\/giftronic04.com\/wp-content\/uploads\/2024\/01\/CON-LOGO-1.jpg","type":"image\/jpeg"}],"twitter_card":"summary_large_image","twitter_misc":{"Tiempo de lectura":"2 minutos"},"schema":{"@context":"https:\/\/schema.org","@graph":[{"@type":"WebPage","@id":"https:\/\/giftronic04.com\/index.php\/product\/aio-hp-pavilion-27-amd-r5-5500u-ram-8gb-512gb-ssd-blanco\/","url":"https:\/\/giftronic04.com\/index.php\/product\/aio-hp-pavilion-27-amd-r5-5500u-ram-8gb-512gb-ssd-blanco\/","name":"AIO HP PAVILION 27\" AMD R5-5500U RAM 8GB 512GB SSD - Blanco - Giftronic.04","isPartOf":{"@id":"https:\/\/giftronic04.com\/#website"},"primaryImageOfPage":{"@id":"https:\/\/giftronic04.com\/index.php\/product\/aio-hp-pavilion-27-amd-r5-5500u-ram-8gb-512gb-ssd-blanco\/#primaryimage"},"image":{"@id":"https:\/\/giftronic04.com\/index.php\/product\/aio-hp-pavilion-27-amd-r5-5500u-ram-8gb-512gb-ssd-blanco\/#primaryimage"},"thumbnailUrl":"https:\/\/giftronic04.com\/wp-content\/uploads\/2024\/01\/CON-LOGO-1.jpg","datePublished":"2024-01-11T16:18:30+00:00","dateModified":"2025-08-12T17:00:12+00:00","breadcrumb":{"@id":"https:\/\/giftronic04.com\/index.php\/product\/aio-hp-pavilion-27-amd-r5-5500u-ram-8gb-512gb-ssd-blanco\/#breadcrumb"},"inLanguage":"es","potentialAction":[{"@type":"ReadAction","target":["https:\/\/giftronic04.com\/index.php\/product\/aio-hp-pavilion-27-amd-r5-5500u-ram-8gb-512gb-ssd-blanco\/"]}]},{"@type":"ImageObject","inLanguage":"es","@id":"https:\/\/giftronic04.com\/index.php\/product\/aio-hp-pavilion-27-amd-r5-5500u-ram-8gb-512gb-ssd-blanco\/#primaryimage","url":"https:\/\/giftronic04.com\/wp-content\/uploads\/2024\/01\/CON-LOGO-1.jpg","contentUrl":"https:\/\/giftronic04.com\/wp-content\/uploads\/2024\/01\/CON-LOGO-1.jpg","width":2000,"height":2000},{"@type":"BreadcrumbList","@id":"https:\/\/giftronic04.com\/index.php\/product\/aio-hp-pavilion-27-amd-r5-5500u-ram-8gb-512gb-ssd-blanco\/#breadcrumb","itemListElement":[{"@type":"ListItem","position":1,"name":"Portada","item":"https:\/\/giftronic04.com\/"},{"@type":"ListItem","position":2,"name":"Tienda","item":"https:\/\/giftronic04.com\/index.php\/shop\/"},{"@type":"ListItem","position":3,"name":"AIO HP PAVILION 27&#8243; AMD R5-5500U RAM 8GB 512GB SSD &#8211; Blanco"}]},{"@type":"WebSite","@id":"https:\/\/giftronic04.com\/#website","url":"https:\/\/giftronic04.com\/","name":"Giftronic.04","description":"Venta de equipos tecnologicos","publisher":{"@id":"https:\/\/giftronic04.com\/#organization"},"potentialAction":[{"@type":"SearchAction","target":{"@type":"EntryPoint","urlTemplate":"https:\/\/giftronic04.com\/?s={search_term_string}"},"query-input":{"@type":"PropertyValueSpecification","valueRequired":true,"valueName":"search_term_string"}}],"inLanguage":"es"},{"@type":"Organization","@id":"https:\/\/giftronic04.com\/#organization","name":"giftronic04","url":"https:\/\/giftronic04.com\/","logo":{"@type":"ImageObject","inLanguage":"es","@id":"https:\/\/giftronic04.com\/#\/schema\/logo\/image\/","url":"https:\/\/giftronic04.com\/wp-content\/uploads\/2021\/08\/logo.png","contentUrl":"https:\/\/giftronic04.com\/wp-content\/uploads\/2021\/08\/logo.png","width":6640,"height":2192,"caption":"giftronic04"},"image":{"@id":"https:\/\/giftronic04.com\/#\/schema\/logo\/image\/"},"sameAs":["https:\/\/www.instagram.com\/giftronic.04\/"]}]}},"jetpack_sharing_enabled":true,"_links":{"self":[{"href":"https:\/\/giftronic04.com\/index.php\/wp-json\/wp\/v2\/product\/5768","targetHints":{"allow":["GET"]}}],"collection":[{"href":"https:\/\/giftronic04.com\/index.php\/wp-json\/wp\/v2\/product"}],"about":[{"href":"https:\/\/giftronic04.com\/index.php\/wp-json\/wp\/v2\/types\/product"}],"replies":[{"embeddable":true,"href":"https:\/\/giftronic04.com\/index.php\/wp-json\/wp\/v2\/comments?post=5768"}],"wp:featuredmedia":[{"embeddable":true,"href":"https:\/\/giftronic04.com\/index.php\/wp-json\/wp\/v2\/media\/5769"}],"wp:attachment":[{"href":"https:\/\/giftronic04.com\/index.php\/wp-json\/wp\/v2\/media?parent=5768"}],"wp:term":[{"taxonomy":"product_brand","embeddable":true,"href":"https:\/\/giftronic04.com\/index.php\/wp-json\/wp\/v2\/product_brand?post=5768"},{"taxonomy":"product_cat","embeddable":true,"href":"https:\/\/giftronic04.com\/index.php\/wp-json\/wp\/v2\/product_cat?post=5768"},{"taxonomy":"product_tag","embeddable":true,"href":"https:\/\/giftronic04.com\/index.php\/wp-json\/wp\/v2\/product_tag?post=5768"}],"curies":[{"name":"wp","href":"https:\/\/api.w.org\/{rel}","templated":true}]}}