{"id":5788,"date":"2024-01-15T16:01:46","date_gmt":"2024-01-15T21:01:46","guid":{"rendered":"https:\/\/giftronic04.com\/?post_type=product&#038;p=5788"},"modified":"2024-10-04T10:32:25","modified_gmt":"2024-10-04T15:32:25","slug":"combo-legion-teclado-y-mouse-alambrico-rgb-km300-gaming","status":"publish","type":"product","link":"https:\/\/giftronic04.com\/index.php\/product\/combo-legion-teclado-y-mouse-alambrico-rgb-km300-gaming\/","title":{"rendered":"Combo LEGION Teclado y Mouse Al\u00e1mbrico RGB KM300 Gaming"},"content":{"rendered":"<p>Caracter\u00edsticas:<\/p>\n<p>Referencia: KM300<\/p>\n<p>Marca: LENOVO<\/p>\n<p>Tipo: TECLADO GAMER<\/p>\n<p>Caracter\u00edsticas F\u00edsicas<\/p>\n<p>Conexi\u00f3n<\/p>\n<p>Al\u00e1mbrica<\/p>\n<p>Detalles del Producto<\/p>\n<p>Caracter\u00edsticas Especiales<\/p>\n<p>Es Plug and Play<\/p>\n<p>Incluye Mouse<\/p>\n<p>Retroiluminado<\/p>\n<p>Teclado Para Uso<\/p>\n<p>Gaming<\/p>\n<p>Dimensiones<\/p>\n<p>Ancho o Frente<\/p>\n<p>55 cent\u00edmetros<\/p>\n<p>Alto<\/p>\n<p>19.8 Cent\u00edmetros<\/p>\n<p>Fondo<\/p>\n<p>52 cent\u00edmetros<\/p>\n<p>Caracter\u00edsticas T\u00e9cnicas<\/p>\n<p>Opciones de Conectividad<\/p>\n<p>USB<\/p>\n<p>Longitud del Cable<\/p>\n<p>1800 cent\u00edmetros<\/p>\n<p>Tecnolog\u00eda del Teclado<\/p>\n<p>Gaming, programable, retroiluminado<\/p>\n<p>Sistema Operativo Compatible<\/p>\n<p>Windows<\/p>\n<p>Informaci\u00f3n B\u00e1sica<\/p>\n<p>Tonalidad de Color<\/p>\n<p>Negro<\/p>\n<p>Caracter\u00edsticas importantes<\/p>\n<p>Minimalismo implacable, eleva m\u00e1s de lo esencial a la batalla<\/p>\n<p>Anti-ghosting, 24 teclas que permite comandos simult\u00e1neos<\/p>\n<p>Brillo personalizando los LED RGB din\u00e1micos de 5 zonas<\/p>\n<p>Mouse con 8 botones programables<\/p>\n<p>Sobre este producto<\/p>\n<p>Dise\u00f1ado para nivelar el campo de juego, El teclado ofrece a los jugadores de nivel de entrada todo lo que necesitan para competir como los profesionales, a una fracci\u00f3n del costo. Un tama\u00f1o completo, todas las teclas programables y La membrana rollover de 24 teclas con iluminaci\u00f3n RGB de 5 zonas establece una base s\u00f3lida de estilo y rendimiento, su mouse con 8 botones programables complementa la experiencia de personalizaci\u00f3n y juego. el Lenovo \u2122 Legi\u00f3n KM300 Gaming con su dise\u00f1o compacto y capacidad de ajuste lo hacen el compa\u00f1ero perfecto tanto para torneos como para uso casual.<\/p>\n","protected":false},"excerpt":{"rendered":"[video width=\"854\" height=\"480\" mp4=\"https:\/\/giftronic04.com\/wp-content\/uploads\/2024\/01\/850.mp4\"][\/video]\n","protected":false},"featured_media":5789,"comment_status":"open","ping_status":"closed","template":"","meta":{"_surecart_dashboard_logo_width":"180px","_surecart_dashboard_show_logo":true,"_surecart_dashboard_navigation_orders":true,"_surecart_dashboard_navigation_invoices":true,"_surecart_dashboard_navigation_subscriptions":true,"_surecart_dashboard_navigation_downloads":true,"_surecart_dashboard_navigation_billing":true,"_surecart_dashboard_navigation_account":true,"site-sidebar-layout":"default","site-content-layout":"","ast-site-content-layout":"default","site-content-style":"default","site-sidebar-style":"default","ast-global-header-display":"","ast-banner-title-visibility":"","ast-main-header-display":"","ast-hfb-above-header-display":"","ast-hfb-below-header-display":"","ast-hfb-mobile-header-display":"","site-post-title":"","ast-breadcrumbs-content":"","ast-featured-img":"","footer-sml-layout":"","ast-disable-related-posts":"","theme-transparent-header-meta":"","adv-header-id-meta":"","stick-header-meta":"","header-above-stick-meta":"","header-main-stick-meta":"","header-below-stick-meta":"","astra-migrate-meta-layouts":"default","ast-page-background-enabled":"default","ast-page-background-meta":{"desktop":{"background-color":"var(--ast-global-color-4)","background-image":"","background-repeat":"repeat","background-position":"center center","background-size":"auto","background-attachment":"scroll","background-type":"","background-media":"","overlay-type":"","overlay-color":"","overlay-opacity":"","overlay-gradient":""},"tablet":{"background-color":"","background-image":"","background-repeat":"repeat","background-position":"center center","background-size":"auto","background-attachment":"scroll","background-type":"","background-media":"","overlay-type":"","overlay-color":"","overlay-opacity":"","overlay-gradient":""},"mobile":{"background-color":"","background-image":"","background-repeat":"repeat","background-position":"center center","background-size":"auto","background-attachment":"scroll","background-type":"","background-media":"","overlay-type":"","overlay-color":"","overlay-opacity":"","overlay-gradient":""}},"ast-content-background-meta":{"desktop":{"background-color":"var(--ast-global-color-5)","background-image":"","background-repeat":"repeat","background-position":"center center","background-size":"auto","background-attachment":"scroll","background-type":"","background-media":"","overlay-type":"","overlay-color":"","overlay-opacity":"","overlay-gradient":""},"tablet":{"background-color":"var(--ast-global-color-5)","background-image":"","background-repeat":"repeat","background-position":"center center","background-size":"auto","background-attachment":"scroll","background-type":"","background-media":"","overlay-type":"","overlay-color":"","overlay-opacity":"","overlay-gradient":""},"mobile":{"background-color":"var(--ast-global-color-5)","background-image":"","background-repeat":"repeat","background-position":"center center","background-size":"auto","background-attachment":"scroll","background-type":"","background-media":"","overlay-type":"","overlay-color":"","overlay-opacity":"","overlay-gradient":""}}},"product_brand":[],"product_cat":[52,36],"product_tag":[],"class_list":{"0":"post-5788","1":"product","2":"type-product","3":"status-publish","4":"has-post-thumbnail","6":"product_cat-mouses-y-teclados","7":"product_cat-perifericos-de-pc","8":"desktop-align-left","9":"tablet-align-left","10":"mobile-align-left","12":"first","13":"instock","14":"sale","15":"taxable","16":"shipping-taxable","17":"purchasable","18":"product-type-simple"},"yoast_head":"<!-- This site is optimized with the Yoast SEO plugin v27.4 - https:\/\/yoast.com\/product\/yoast-seo-wordpress\/ -->\n<title>Combo LEGION Teclado y Mouse Al\u00e1mbrico RGB KM300 Gaming - Giftronic.04<\/title>\n<meta name=\"robots\" content=\"index, follow, max-snippet:-1, max-image-preview:large, max-video-preview:-1\" \/>\n<link rel=\"canonical\" href=\"https:\/\/giftronic04.com\/index.php\/product\/combo-legion-teclado-y-mouse-alambrico-rgb-km300-gaming\/\" \/>\n<meta property=\"og:locale\" content=\"es_ES\" \/>\n<meta property=\"og:type\" content=\"article\" \/>\n<meta property=\"og:title\" content=\"Combo LEGION Teclado y Mouse Al\u00e1mbrico RGB KM300 Gaming - Giftronic.04\" \/>\n<meta property=\"og:url\" content=\"https:\/\/giftronic04.com\/index.php\/product\/combo-legion-teclado-y-mouse-alambrico-rgb-km300-gaming\/\" \/>\n<meta property=\"og:site_name\" content=\"Giftronic.04\" \/>\n<meta property=\"article:modified_time\" content=\"2024-10-04T15:32:25+00:00\" \/>\n<meta property=\"og:image\" content=\"https:\/\/giftronic04.com\/wp-content\/uploads\/2024\/01\/1-3.jpg\" \/>\n\t<meta property=\"og:image:width\" content=\"2000\" \/>\n\t<meta property=\"og:image:height\" content=\"2000\" \/>\n\t<meta property=\"og:image:type\" content=\"image\/jpeg\" \/>\n<meta name=\"twitter:card\" content=\"summary_large_image\" \/>\n<meta name=\"twitter:description\" content=\"[video width=&quot;854&quot; height=&quot;480&quot; mp4=&quot;https:\/\/giftronic04.com\/wp-content\/uploads\/2024\/01\/850.mp4&quot;][\/video]\" \/>\n<meta name=\"twitter:label1\" content=\"Tiempo de lectura\" \/>\n\t<meta name=\"twitter:data1\" content=\"2 minutos\" \/>\n<script type=\"application\/ld+json\" class=\"yoast-schema-graph\">{\"@context\":\"https:\\\/\\\/schema.org\",\"@graph\":[{\"@type\":\"WebPage\",\"@id\":\"https:\\\/\\\/giftronic04.com\\\/index.php\\\/product\\\/combo-legion-teclado-y-mouse-alambrico-rgb-km300-gaming\\\/\",\"url\":\"https:\\\/\\\/giftronic04.com\\\/index.php\\\/product\\\/combo-legion-teclado-y-mouse-alambrico-rgb-km300-gaming\\\/\",\"name\":\"Combo LEGION Teclado y Mouse Al\u00e1mbrico RGB KM300 Gaming - Giftronic.04\",\"isPartOf\":{\"@id\":\"https:\\\/\\\/giftronic04.com\\\/#website\"},\"primaryImageOfPage\":{\"@id\":\"https:\\\/\\\/giftronic04.com\\\/index.php\\\/product\\\/combo-legion-teclado-y-mouse-alambrico-rgb-km300-gaming\\\/#primaryimage\"},\"image\":{\"@id\":\"https:\\\/\\\/giftronic04.com\\\/index.php\\\/product\\\/combo-legion-teclado-y-mouse-alambrico-rgb-km300-gaming\\\/#primaryimage\"},\"thumbnailUrl\":\"https:\\\/\\\/giftronic04.com\\\/wp-content\\\/uploads\\\/2024\\\/01\\\/1-3.jpg\",\"datePublished\":\"2024-01-15T21:01:46+00:00\",\"dateModified\":\"2024-10-04T15:32:25+00:00\",\"breadcrumb\":{\"@id\":\"https:\\\/\\\/giftronic04.com\\\/index.php\\\/product\\\/combo-legion-teclado-y-mouse-alambrico-rgb-km300-gaming\\\/#breadcrumb\"},\"inLanguage\":\"es\",\"potentialAction\":[{\"@type\":\"ReadAction\",\"target\":[\"https:\\\/\\\/giftronic04.com\\\/index.php\\\/product\\\/combo-legion-teclado-y-mouse-alambrico-rgb-km300-gaming\\\/\"]}]},{\"@type\":\"ImageObject\",\"inLanguage\":\"es\",\"@id\":\"https:\\\/\\\/giftronic04.com\\\/index.php\\\/product\\\/combo-legion-teclado-y-mouse-alambrico-rgb-km300-gaming\\\/#primaryimage\",\"url\":\"https:\\\/\\\/giftronic04.com\\\/wp-content\\\/uploads\\\/2024\\\/01\\\/1-3.jpg\",\"contentUrl\":\"https:\\\/\\\/giftronic04.com\\\/wp-content\\\/uploads\\\/2024\\\/01\\\/1-3.jpg\",\"width\":2000,\"height\":2000},{\"@type\":\"BreadcrumbList\",\"@id\":\"https:\\\/\\\/giftronic04.com\\\/index.php\\\/product\\\/combo-legion-teclado-y-mouse-alambrico-rgb-km300-gaming\\\/#breadcrumb\",\"itemListElement\":[{\"@type\":\"ListItem\",\"position\":1,\"name\":\"Portada\",\"item\":\"https:\\\/\\\/giftronic04.com\\\/\"},{\"@type\":\"ListItem\",\"position\":2,\"name\":\"Tienda\",\"item\":\"https:\\\/\\\/giftronic04.com\\\/index.php\\\/shop\\\/\"},{\"@type\":\"ListItem\",\"position\":3,\"name\":\"Combo LEGION Teclado y Mouse Al\u00e1mbrico RGB KM300 Gaming\"}]},{\"@type\":\"WebSite\",\"@id\":\"https:\\\/\\\/giftronic04.com\\\/#website\",\"url\":\"https:\\\/\\\/giftronic04.com\\\/\",\"name\":\"Giftronic.04\",\"description\":\"Venta de equipos tecnologicos\",\"publisher\":{\"@id\":\"https:\\\/\\\/giftronic04.com\\\/#organization\"},\"potentialAction\":[{\"@type\":\"SearchAction\",\"target\":{\"@type\":\"EntryPoint\",\"urlTemplate\":\"https:\\\/\\\/giftronic04.com\\\/?s={search_term_string}\"},\"query-input\":{\"@type\":\"PropertyValueSpecification\",\"valueRequired\":true,\"valueName\":\"search_term_string\"}}],\"inLanguage\":\"es\"},{\"@type\":\"Organization\",\"@id\":\"https:\\\/\\\/giftronic04.com\\\/#organization\",\"name\":\"giftronic04\",\"url\":\"https:\\\/\\\/giftronic04.com\\\/\",\"logo\":{\"@type\":\"ImageObject\",\"inLanguage\":\"es\",\"@id\":\"https:\\\/\\\/giftronic04.com\\\/#\\\/schema\\\/logo\\\/image\\\/\",\"url\":\"https:\\\/\\\/giftronic04.com\\\/wp-content\\\/uploads\\\/2021\\\/08\\\/logo.png\",\"contentUrl\":\"https:\\\/\\\/giftronic04.com\\\/wp-content\\\/uploads\\\/2021\\\/08\\\/logo.png\",\"width\":6640,\"height\":2192,\"caption\":\"giftronic04\"},\"image\":{\"@id\":\"https:\\\/\\\/giftronic04.com\\\/#\\\/schema\\\/logo\\\/image\\\/\"},\"sameAs\":[\"https:\\\/\\\/www.instagram.com\\\/giftronic.04\\\/\"]}]}<\/script>\n<!-- \/ Yoast SEO plugin. -->","yoast_head_json":{"title":"Combo LEGION Teclado y Mouse Al\u00e1mbrico RGB KM300 Gaming - Giftronic.04","robots":{"index":"index","follow":"follow","max-snippet":"max-snippet:-1","max-image-preview":"max-image-preview:large","max-video-preview":"max-video-preview:-1"},"canonical":"https:\/\/giftronic04.com\/index.php\/product\/combo-legion-teclado-y-mouse-alambrico-rgb-km300-gaming\/","og_locale":"es_ES","og_type":"article","og_title":"Combo LEGION Teclado y Mouse Al\u00e1mbrico RGB KM300 Gaming - Giftronic.04","og_url":"https:\/\/giftronic04.com\/index.php\/product\/combo-legion-teclado-y-mouse-alambrico-rgb-km300-gaming\/","og_site_name":"Giftronic.04","article_modified_time":"2024-10-04T15:32:25+00:00","og_image":[{"width":2000,"height":2000,"url":"https:\/\/giftronic04.com\/wp-content\/uploads\/2024\/01\/1-3.jpg","type":"image\/jpeg"}],"twitter_card":"summary_large_image","twitter_description":"[video width=\"854\" height=\"480\" mp4=\"https:\/\/giftronic04.com\/wp-content\/uploads\/2024\/01\/850.mp4\"][\/video]","twitter_misc":{"Tiempo de lectura":"2 minutos"},"schema":{"@context":"https:\/\/schema.org","@graph":[{"@type":"WebPage","@id":"https:\/\/giftronic04.com\/index.php\/product\/combo-legion-teclado-y-mouse-alambrico-rgb-km300-gaming\/","url":"https:\/\/giftronic04.com\/index.php\/product\/combo-legion-teclado-y-mouse-alambrico-rgb-km300-gaming\/","name":"Combo LEGION Teclado y Mouse Al\u00e1mbrico RGB KM300 Gaming - Giftronic.04","isPartOf":{"@id":"https:\/\/giftronic04.com\/#website"},"primaryImageOfPage":{"@id":"https:\/\/giftronic04.com\/index.php\/product\/combo-legion-teclado-y-mouse-alambrico-rgb-km300-gaming\/#primaryimage"},"image":{"@id":"https:\/\/giftronic04.com\/index.php\/product\/combo-legion-teclado-y-mouse-alambrico-rgb-km300-gaming\/#primaryimage"},"thumbnailUrl":"https:\/\/giftronic04.com\/wp-content\/uploads\/2024\/01\/1-3.jpg","datePublished":"2024-01-15T21:01:46+00:00","dateModified":"2024-10-04T15:32:25+00:00","breadcrumb":{"@id":"https:\/\/giftronic04.com\/index.php\/product\/combo-legion-teclado-y-mouse-alambrico-rgb-km300-gaming\/#breadcrumb"},"inLanguage":"es","potentialAction":[{"@type":"ReadAction","target":["https:\/\/giftronic04.com\/index.php\/product\/combo-legion-teclado-y-mouse-alambrico-rgb-km300-gaming\/"]}]},{"@type":"ImageObject","inLanguage":"es","@id":"https:\/\/giftronic04.com\/index.php\/product\/combo-legion-teclado-y-mouse-alambrico-rgb-km300-gaming\/#primaryimage","url":"https:\/\/giftronic04.com\/wp-content\/uploads\/2024\/01\/1-3.jpg","contentUrl":"https:\/\/giftronic04.com\/wp-content\/uploads\/2024\/01\/1-3.jpg","width":2000,"height":2000},{"@type":"BreadcrumbList","@id":"https:\/\/giftronic04.com\/index.php\/product\/combo-legion-teclado-y-mouse-alambrico-rgb-km300-gaming\/#breadcrumb","itemListElement":[{"@type":"ListItem","position":1,"name":"Portada","item":"https:\/\/giftronic04.com\/"},{"@type":"ListItem","position":2,"name":"Tienda","item":"https:\/\/giftronic04.com\/index.php\/shop\/"},{"@type":"ListItem","position":3,"name":"Combo LEGION Teclado y Mouse Al\u00e1mbrico RGB KM300 Gaming"}]},{"@type":"WebSite","@id":"https:\/\/giftronic04.com\/#website","url":"https:\/\/giftronic04.com\/","name":"Giftronic.04","description":"Venta de equipos tecnologicos","publisher":{"@id":"https:\/\/giftronic04.com\/#organization"},"potentialAction":[{"@type":"SearchAction","target":{"@type":"EntryPoint","urlTemplate":"https:\/\/giftronic04.com\/?s={search_term_string}"},"query-input":{"@type":"PropertyValueSpecification","valueRequired":true,"valueName":"search_term_string"}}],"inLanguage":"es"},{"@type":"Organization","@id":"https:\/\/giftronic04.com\/#organization","name":"giftronic04","url":"https:\/\/giftronic04.com\/","logo":{"@type":"ImageObject","inLanguage":"es","@id":"https:\/\/giftronic04.com\/#\/schema\/logo\/image\/","url":"https:\/\/giftronic04.com\/wp-content\/uploads\/2021\/08\/logo.png","contentUrl":"https:\/\/giftronic04.com\/wp-content\/uploads\/2021\/08\/logo.png","width":6640,"height":2192,"caption":"giftronic04"},"image":{"@id":"https:\/\/giftronic04.com\/#\/schema\/logo\/image\/"},"sameAs":["https:\/\/www.instagram.com\/giftronic.04\/"]}]}},"jetpack_sharing_enabled":true,"_links":{"self":[{"href":"https:\/\/giftronic04.com\/index.php\/wp-json\/wp\/v2\/product\/5788","targetHints":{"allow":["GET"]}}],"collection":[{"href":"https:\/\/giftronic04.com\/index.php\/wp-json\/wp\/v2\/product"}],"about":[{"href":"https:\/\/giftronic04.com\/index.php\/wp-json\/wp\/v2\/types\/product"}],"replies":[{"embeddable":true,"href":"https:\/\/giftronic04.com\/index.php\/wp-json\/wp\/v2\/comments?post=5788"}],"wp:featuredmedia":[{"embeddable":true,"href":"https:\/\/giftronic04.com\/index.php\/wp-json\/wp\/v2\/media\/5789"}],"wp:attachment":[{"href":"https:\/\/giftronic04.com\/index.php\/wp-json\/wp\/v2\/media?parent=5788"}],"wp:term":[{"taxonomy":"product_brand","embeddable":true,"href":"https:\/\/giftronic04.com\/index.php\/wp-json\/wp\/v2\/product_brand?post=5788"},{"taxonomy":"product_cat","embeddable":true,"href":"https:\/\/giftronic04.com\/index.php\/wp-json\/wp\/v2\/product_cat?post=5788"},{"taxonomy":"product_tag","embeddable":true,"href":"https:\/\/giftronic04.com\/index.php\/wp-json\/wp\/v2\/product_tag?post=5788"}],"curies":[{"name":"wp","href":"https:\/\/api.w.org\/{rel}","templated":true}]}}