{"id":5826,"date":"2024-01-24T10:54:11","date_gmt":"2024-01-24T15:54:11","guid":{"rendered":"https:\/\/giftronic04.com\/?post_type=product&#038;p=5826"},"modified":"2025-10-15T20:20:39","modified_gmt":"2025-10-16T01:20:39","slug":"monitor-27-gamer-aoc-fhd-144hz-black","status":"publish","type":"product","link":"https:\/\/giftronic04.com\/index.php\/product\/monitor-27-gamer-aoc-fhd-144hz-black\/","title":{"rendered":"Monitor 27&#8242; Gamer AOC FHD 144Hz Black"},"content":{"rendered":"<p>Caracter\u00edsticas:<\/p>\n<p>Referencia: G2790VX<\/p>\n<p>Marca: AOC<\/p>\n<p>Tipo: MONITOR GAMER<\/p>\n<p>Resoluci\u00f3n Pantalla 1920 x 1080 (FHD)<\/p>\n<p>Tama\u00f1o Pantalla\u00a0\u00a0\u00a0\u00a0 27\u2019 Pulgadas<\/p>\n<p>Tasa de refresco: 144Hz<\/p>\n<p>Tiempo de respuesta 1ms<\/p>\n<p>Tecnolog\u00eda AMD FreeSync Premium<\/p>\n<p>HDR Mode<\/p>\n<p>121.94% sRGB<\/p>\n<p>89.89% DCI-P3<\/p>\n<p>No. Puertos HDMI 1<\/p>\n<p>No. Puertos DisplayPort 1<\/p>\n<p>No. Salidas de Audio\u00a0\u00a0\u00a0\u00a0\u00a0\u00a0\u00a0\u00a0 1 Puertos<\/p>\n<p>Fuente de Alimentaci\u00f3n de Energ\u00eda<\/p>\n<p>Tonalidad de Color Black<\/p>\n<p>Incluye: cable de alimentaci\u00f3n, cable HDMI y \u00a0cable DisplayPort<\/p>\n<p>Caracter\u00edsticas destacadas<\/p>\n<p>Una velocidad ultrarr\u00e1pida de 144Hz que permite a los jugadores ver el siguiente cuadro r\u00e1pidamente y logra que la imagen aparezca sin problemas. Los jugadores pueden responder r\u00e1pidamente a los oponentes y apuntar al objetivo f\u00e1cilmente.<\/p>\n<p>Incre\u00edble velocidad que te ayuda a ganar todas tus partidas 1 ms de respuesta que te ayuda a un juego m\u00e1s fluido, reduciendo el desenfoque y las im\u00e1genes fantasma. Los objetos din\u00e1micos y de ritmo r\u00e1pido en medio de toda la acci\u00f3n pueden dar a los jugadores una ventaja competitiva.<\/p>\n<p>M\u00e1s claro M\u00e1s suave, M\u00e1s r\u00e1pido M\u00e1s Gamer Con la tecnolog\u00eda FreeSync Premium, los jugadores pueden experimentar un movimiento fluido y sin interrupciones en juegos de alta resoluci\u00f3n y ritmo r\u00e1pido. Pr\u00e1cticamente reduce el desgarro y la tartamudez de la pantalla.<\/p>\n<p>El G2790VX tiene el rendimiento para proporcionar a los jugadores una gran experiencia de disparos en primera persona, con un magn\u00edfico panel de VA que da vida a mundos virtuales. Este monitor le permite jugar sus juegos favoritos a una velocidad de actualizaci\u00f3n r\u00e1pida de 144Hz y un tiempo de respuesta de 1ms.<\/p>\n<p>&nbsp;<\/p>\n<p>&nbsp;<\/p>\n","protected":false},"excerpt":{"rendered":"<p>Caracter\u00edsticas: Referencia: G2790VX Marca: AOC Tipo: MONITOR GAMER Resoluci\u00f3n Pantalla 1920 x 1080 (FHD) Tama\u00f1o Pantalla\u00a0\u00a0\u00a0\u00a0 27\u2019 Pulgadas Tasa de refresco: 144Hz Tiempo de respuesta 1ms Tecnolog\u00eda AMD FreeSync Premium HDR Mode 121.94% sRGB 89.89% DCI-P3 No. Puertos HDMI 1 No. Puertos DisplayPort 1 No. Salidas de Audio\u00a0\u00a0\u00a0\u00a0\u00a0\u00a0\u00a0\u00a0 1 Puertos Fuente de Alimentaci\u00f3n de Energ\u00eda [&hellip;]<\/p>\n","protected":false},"featured_media":5827,"comment_status":"open","ping_status":"closed","template":"","meta":{"_surecart_dashboard_logo_width":"180px","_surecart_dashboard_show_logo":true,"_surecart_dashboard_navigation_orders":true,"_surecart_dashboard_navigation_invoices":true,"_surecart_dashboard_navigation_subscriptions":true,"_surecart_dashboard_navigation_downloads":true,"_surecart_dashboard_navigation_billing":true,"_surecart_dashboard_navigation_account":true,"site-sidebar-layout":"default","site-content-layout":"","ast-site-content-layout":"default","site-content-style":"default","site-sidebar-style":"default","ast-global-header-display":"","ast-banner-title-visibility":"","ast-main-header-display":"","ast-hfb-above-header-display":"","ast-hfb-below-header-display":"","ast-hfb-mobile-header-display":"","site-post-title":"","ast-breadcrumbs-content":"","ast-featured-img":"","footer-sml-layout":"","ast-disable-related-posts":"","theme-transparent-header-meta":"","adv-header-id-meta":"","stick-header-meta":"","header-above-stick-meta":"","header-main-stick-meta":"","header-below-stick-meta":"","astra-migrate-meta-layouts":"default","ast-page-background-enabled":"default","ast-page-background-meta":{"desktop":{"background-color":"var(--ast-global-color-4)","background-image":"","background-repeat":"repeat","background-position":"center center","background-size":"auto","background-attachment":"scroll","background-type":"","background-media":"","overlay-type":"","overlay-color":"","overlay-opacity":"","overlay-gradient":""},"tablet":{"background-color":"","background-image":"","background-repeat":"repeat","background-position":"center center","background-size":"auto","background-attachment":"scroll","background-type":"","background-media":"","overlay-type":"","overlay-color":"","overlay-opacity":"","overlay-gradient":""},"mobile":{"background-color":"","background-image":"","background-repeat":"repeat","background-position":"center center","background-size":"auto","background-attachment":"scroll","background-type":"","background-media":"","overlay-type":"","overlay-color":"","overlay-opacity":"","overlay-gradient":""}},"ast-content-background-meta":{"desktop":{"background-color":"var(--ast-global-color-5)","background-image":"","background-repeat":"repeat","background-position":"center center","background-size":"auto","background-attachment":"scroll","background-type":"","background-media":"","overlay-type":"","overlay-color":"","overlay-opacity":"","overlay-gradient":""},"tablet":{"background-color":"var(--ast-global-color-5)","background-image":"","background-repeat":"repeat","background-position":"center center","background-size":"auto","background-attachment":"scroll","background-type":"","background-media":"","overlay-type":"","overlay-color":"","overlay-opacity":"","overlay-gradient":""},"mobile":{"background-color":"var(--ast-global-color-5)","background-image":"","background-repeat":"repeat","background-position":"center center","background-size":"auto","background-attachment":"scroll","background-type":"","background-media":"","overlay-type":"","overlay-color":"","overlay-opacity":"","overlay-gradient":""}}},"product_brand":[],"product_cat":[22,34],"product_tag":[],"class_list":{"0":"post-5826","1":"product","2":"type-product","3":"status-publish","4":"has-post-thumbnail","6":"product_cat-computacion","7":"product_cat-monitores-y-accesorios","8":"desktop-align-left","9":"tablet-align-left","10":"mobile-align-left","12":"first","13":"instock","14":"sale","15":"taxable","16":"shipping-taxable","17":"purchasable","18":"product-type-simple"},"yoast_head":"<!-- This site is optimized with the Yoast SEO plugin v27.4 - https:\/\/yoast.com\/product\/yoast-seo-wordpress\/ -->\n<title>Monitor 27&#039; Gamer AOC FHD 144Hz Black - Giftronic.04<\/title>\n<meta name=\"robots\" content=\"index, follow, max-snippet:-1, max-image-preview:large, max-video-preview:-1\" \/>\n<link rel=\"canonical\" href=\"https:\/\/giftronic04.com\/index.php\/product\/monitor-27-gamer-aoc-fhd-144hz-black\/\" \/>\n<meta property=\"og:locale\" content=\"es_ES\" \/>\n<meta property=\"og:type\" content=\"article\" \/>\n<meta property=\"og:title\" content=\"Monitor 27&#039; Gamer AOC FHD 144Hz Black - Giftronic.04\" \/>\n<meta property=\"og:description\" content=\"Caracter\u00edsticas: Referencia: G2790VX Marca: AOC Tipo: MONITOR GAMER Resoluci\u00f3n Pantalla 1920 x 1080 (FHD) Tama\u00f1o Pantalla\u00a0\u00a0\u00a0\u00a0 27\u2019 Pulgadas Tasa de refresco: 144Hz Tiempo de respuesta 1ms Tecnolog\u00eda AMD FreeSync Premium HDR Mode 121.94% sRGB 89.89% DCI-P3 No. Puertos HDMI 1 No. Puertos DisplayPort 1 No. Salidas de Audio\u00a0\u00a0\u00a0\u00a0\u00a0\u00a0\u00a0\u00a0 1 Puertos Fuente de Alimentaci\u00f3n de Energ\u00eda [&hellip;]\" \/>\n<meta property=\"og:url\" content=\"https:\/\/giftronic04.com\/index.php\/product\/monitor-27-gamer-aoc-fhd-144hz-black\/\" \/>\n<meta property=\"og:site_name\" content=\"Giftronic.04\" \/>\n<meta property=\"article:modified_time\" content=\"2025-10-16T01:20:39+00:00\" \/>\n<meta property=\"og:image\" content=\"https:\/\/giftronic04.com\/wp-content\/uploads\/2024\/01\/CON-LOGO-2.jpg\" \/>\n\t<meta property=\"og:image:width\" content=\"2000\" \/>\n\t<meta property=\"og:image:height\" content=\"2000\" \/>\n\t<meta property=\"og:image:type\" content=\"image\/jpeg\" \/>\n<meta name=\"twitter:card\" content=\"summary_large_image\" \/>\n<meta name=\"twitter:label1\" content=\"Tiempo de lectura\" \/>\n\t<meta name=\"twitter:data1\" content=\"2 minutos\" \/>\n<script type=\"application\/ld+json\" class=\"yoast-schema-graph\">{\"@context\":\"https:\\\/\\\/schema.org\",\"@graph\":[{\"@type\":\"WebPage\",\"@id\":\"https:\\\/\\\/giftronic04.com\\\/index.php\\\/product\\\/monitor-27-gamer-aoc-fhd-144hz-black\\\/\",\"url\":\"https:\\\/\\\/giftronic04.com\\\/index.php\\\/product\\\/monitor-27-gamer-aoc-fhd-144hz-black\\\/\",\"name\":\"Monitor 27' Gamer AOC FHD 144Hz Black - Giftronic.04\",\"isPartOf\":{\"@id\":\"https:\\\/\\\/giftronic04.com\\\/#website\"},\"primaryImageOfPage\":{\"@id\":\"https:\\\/\\\/giftronic04.com\\\/index.php\\\/product\\\/monitor-27-gamer-aoc-fhd-144hz-black\\\/#primaryimage\"},\"image\":{\"@id\":\"https:\\\/\\\/giftronic04.com\\\/index.php\\\/product\\\/monitor-27-gamer-aoc-fhd-144hz-black\\\/#primaryimage\"},\"thumbnailUrl\":\"https:\\\/\\\/giftronic04.com\\\/wp-content\\\/uploads\\\/2024\\\/01\\\/CON-LOGO-2.jpg\",\"datePublished\":\"2024-01-24T15:54:11+00:00\",\"dateModified\":\"2025-10-16T01:20:39+00:00\",\"breadcrumb\":{\"@id\":\"https:\\\/\\\/giftronic04.com\\\/index.php\\\/product\\\/monitor-27-gamer-aoc-fhd-144hz-black\\\/#breadcrumb\"},\"inLanguage\":\"es\",\"potentialAction\":[{\"@type\":\"ReadAction\",\"target\":[\"https:\\\/\\\/giftronic04.com\\\/index.php\\\/product\\\/monitor-27-gamer-aoc-fhd-144hz-black\\\/\"]}]},{\"@type\":\"ImageObject\",\"inLanguage\":\"es\",\"@id\":\"https:\\\/\\\/giftronic04.com\\\/index.php\\\/product\\\/monitor-27-gamer-aoc-fhd-144hz-black\\\/#primaryimage\",\"url\":\"https:\\\/\\\/giftronic04.com\\\/wp-content\\\/uploads\\\/2024\\\/01\\\/CON-LOGO-2.jpg\",\"contentUrl\":\"https:\\\/\\\/giftronic04.com\\\/wp-content\\\/uploads\\\/2024\\\/01\\\/CON-LOGO-2.jpg\",\"width\":2000,\"height\":2000},{\"@type\":\"BreadcrumbList\",\"@id\":\"https:\\\/\\\/giftronic04.com\\\/index.php\\\/product\\\/monitor-27-gamer-aoc-fhd-144hz-black\\\/#breadcrumb\",\"itemListElement\":[{\"@type\":\"ListItem\",\"position\":1,\"name\":\"Portada\",\"item\":\"https:\\\/\\\/giftronic04.com\\\/\"},{\"@type\":\"ListItem\",\"position\":2,\"name\":\"Tienda\",\"item\":\"https:\\\/\\\/giftronic04.com\\\/index.php\\\/shop\\\/\"},{\"@type\":\"ListItem\",\"position\":3,\"name\":\"Monitor 27&#8242; Gamer AOC FHD 144Hz Black\"}]},{\"@type\":\"WebSite\",\"@id\":\"https:\\\/\\\/giftronic04.com\\\/#website\",\"url\":\"https:\\\/\\\/giftronic04.com\\\/\",\"name\":\"Giftronic.04\",\"description\":\"Venta de equipos tecnologicos\",\"publisher\":{\"@id\":\"https:\\\/\\\/giftronic04.com\\\/#organization\"},\"potentialAction\":[{\"@type\":\"SearchAction\",\"target\":{\"@type\":\"EntryPoint\",\"urlTemplate\":\"https:\\\/\\\/giftronic04.com\\\/?s={search_term_string}\"},\"query-input\":{\"@type\":\"PropertyValueSpecification\",\"valueRequired\":true,\"valueName\":\"search_term_string\"}}],\"inLanguage\":\"es\"},{\"@type\":\"Organization\",\"@id\":\"https:\\\/\\\/giftronic04.com\\\/#organization\",\"name\":\"giftronic04\",\"url\":\"https:\\\/\\\/giftronic04.com\\\/\",\"logo\":{\"@type\":\"ImageObject\",\"inLanguage\":\"es\",\"@id\":\"https:\\\/\\\/giftronic04.com\\\/#\\\/schema\\\/logo\\\/image\\\/\",\"url\":\"https:\\\/\\\/giftronic04.com\\\/wp-content\\\/uploads\\\/2021\\\/08\\\/logo.png\",\"contentUrl\":\"https:\\\/\\\/giftronic04.com\\\/wp-content\\\/uploads\\\/2021\\\/08\\\/logo.png\",\"width\":6640,\"height\":2192,\"caption\":\"giftronic04\"},\"image\":{\"@id\":\"https:\\\/\\\/giftronic04.com\\\/#\\\/schema\\\/logo\\\/image\\\/\"},\"sameAs\":[\"https:\\\/\\\/www.instagram.com\\\/giftronic.04\\\/\"]}]}<\/script>\n<!-- \/ Yoast SEO plugin. -->","yoast_head_json":{"title":"Monitor 27' Gamer AOC FHD 144Hz Black - Giftronic.04","robots":{"index":"index","follow":"follow","max-snippet":"max-snippet:-1","max-image-preview":"max-image-preview:large","max-video-preview":"max-video-preview:-1"},"canonical":"https:\/\/giftronic04.com\/index.php\/product\/monitor-27-gamer-aoc-fhd-144hz-black\/","og_locale":"es_ES","og_type":"article","og_title":"Monitor 27' Gamer AOC FHD 144Hz Black - Giftronic.04","og_description":"Caracter\u00edsticas: Referencia: G2790VX Marca: AOC Tipo: MONITOR GAMER Resoluci\u00f3n Pantalla 1920 x 1080 (FHD) Tama\u00f1o Pantalla\u00a0\u00a0\u00a0\u00a0 27\u2019 Pulgadas Tasa de refresco: 144Hz Tiempo de respuesta 1ms Tecnolog\u00eda AMD FreeSync Premium HDR Mode 121.94% sRGB 89.89% DCI-P3 No. Puertos HDMI 1 No. Puertos DisplayPort 1 No. Salidas de Audio\u00a0\u00a0\u00a0\u00a0\u00a0\u00a0\u00a0\u00a0 1 Puertos Fuente de Alimentaci\u00f3n de Energ\u00eda [&hellip;]","og_url":"https:\/\/giftronic04.com\/index.php\/product\/monitor-27-gamer-aoc-fhd-144hz-black\/","og_site_name":"Giftronic.04","article_modified_time":"2025-10-16T01:20:39+00:00","og_image":[{"width":2000,"height":2000,"url":"https:\/\/giftronic04.com\/wp-content\/uploads\/2024\/01\/CON-LOGO-2.jpg","type":"image\/jpeg"}],"twitter_card":"summary_large_image","twitter_misc":{"Tiempo de lectura":"2 minutos"},"schema":{"@context":"https:\/\/schema.org","@graph":[{"@type":"WebPage","@id":"https:\/\/giftronic04.com\/index.php\/product\/monitor-27-gamer-aoc-fhd-144hz-black\/","url":"https:\/\/giftronic04.com\/index.php\/product\/monitor-27-gamer-aoc-fhd-144hz-black\/","name":"Monitor 27' Gamer AOC FHD 144Hz Black - Giftronic.04","isPartOf":{"@id":"https:\/\/giftronic04.com\/#website"},"primaryImageOfPage":{"@id":"https:\/\/giftronic04.com\/index.php\/product\/monitor-27-gamer-aoc-fhd-144hz-black\/#primaryimage"},"image":{"@id":"https:\/\/giftronic04.com\/index.php\/product\/monitor-27-gamer-aoc-fhd-144hz-black\/#primaryimage"},"thumbnailUrl":"https:\/\/giftronic04.com\/wp-content\/uploads\/2024\/01\/CON-LOGO-2.jpg","datePublished":"2024-01-24T15:54:11+00:00","dateModified":"2025-10-16T01:20:39+00:00","breadcrumb":{"@id":"https:\/\/giftronic04.com\/index.php\/product\/monitor-27-gamer-aoc-fhd-144hz-black\/#breadcrumb"},"inLanguage":"es","potentialAction":[{"@type":"ReadAction","target":["https:\/\/giftronic04.com\/index.php\/product\/monitor-27-gamer-aoc-fhd-144hz-black\/"]}]},{"@type":"ImageObject","inLanguage":"es","@id":"https:\/\/giftronic04.com\/index.php\/product\/monitor-27-gamer-aoc-fhd-144hz-black\/#primaryimage","url":"https:\/\/giftronic04.com\/wp-content\/uploads\/2024\/01\/CON-LOGO-2.jpg","contentUrl":"https:\/\/giftronic04.com\/wp-content\/uploads\/2024\/01\/CON-LOGO-2.jpg","width":2000,"height":2000},{"@type":"BreadcrumbList","@id":"https:\/\/giftronic04.com\/index.php\/product\/monitor-27-gamer-aoc-fhd-144hz-black\/#breadcrumb","itemListElement":[{"@type":"ListItem","position":1,"name":"Portada","item":"https:\/\/giftronic04.com\/"},{"@type":"ListItem","position":2,"name":"Tienda","item":"https:\/\/giftronic04.com\/index.php\/shop\/"},{"@type":"ListItem","position":3,"name":"Monitor 27&#8242; Gamer AOC FHD 144Hz Black"}]},{"@type":"WebSite","@id":"https:\/\/giftronic04.com\/#website","url":"https:\/\/giftronic04.com\/","name":"Giftronic.04","description":"Venta de equipos tecnologicos","publisher":{"@id":"https:\/\/giftronic04.com\/#organization"},"potentialAction":[{"@type":"SearchAction","target":{"@type":"EntryPoint","urlTemplate":"https:\/\/giftronic04.com\/?s={search_term_string}"},"query-input":{"@type":"PropertyValueSpecification","valueRequired":true,"valueName":"search_term_string"}}],"inLanguage":"es"},{"@type":"Organization","@id":"https:\/\/giftronic04.com\/#organization","name":"giftronic04","url":"https:\/\/giftronic04.com\/","logo":{"@type":"ImageObject","inLanguage":"es","@id":"https:\/\/giftronic04.com\/#\/schema\/logo\/image\/","url":"https:\/\/giftronic04.com\/wp-content\/uploads\/2021\/08\/logo.png","contentUrl":"https:\/\/giftronic04.com\/wp-content\/uploads\/2021\/08\/logo.png","width":6640,"height":2192,"caption":"giftronic04"},"image":{"@id":"https:\/\/giftronic04.com\/#\/schema\/logo\/image\/"},"sameAs":["https:\/\/www.instagram.com\/giftronic.04\/"]}]}},"jetpack_sharing_enabled":true,"_links":{"self":[{"href":"https:\/\/giftronic04.com\/index.php\/wp-json\/wp\/v2\/product\/5826","targetHints":{"allow":["GET"]}}],"collection":[{"href":"https:\/\/giftronic04.com\/index.php\/wp-json\/wp\/v2\/product"}],"about":[{"href":"https:\/\/giftronic04.com\/index.php\/wp-json\/wp\/v2\/types\/product"}],"replies":[{"embeddable":true,"href":"https:\/\/giftronic04.com\/index.php\/wp-json\/wp\/v2\/comments?post=5826"}],"wp:featuredmedia":[{"embeddable":true,"href":"https:\/\/giftronic04.com\/index.php\/wp-json\/wp\/v2\/media\/5827"}],"wp:attachment":[{"href":"https:\/\/giftronic04.com\/index.php\/wp-json\/wp\/v2\/media?parent=5826"}],"wp:term":[{"taxonomy":"product_brand","embeddable":true,"href":"https:\/\/giftronic04.com\/index.php\/wp-json\/wp\/v2\/product_brand?post=5826"},{"taxonomy":"product_cat","embeddable":true,"href":"https:\/\/giftronic04.com\/index.php\/wp-json\/wp\/v2\/product_cat?post=5826"},{"taxonomy":"product_tag","embeddable":true,"href":"https:\/\/giftronic04.com\/index.php\/wp-json\/wp\/v2\/product_tag?post=5826"}],"curies":[{"name":"wp","href":"https:\/\/api.w.org\/{rel}","templated":true}]}}