{"id":5860,"date":"2024-01-27T12:51:26","date_gmt":"2024-01-27T17:51:26","guid":{"rendered":"https:\/\/giftronic04.com\/?post_type=product&#038;p=5860"},"modified":"2024-01-27T12:51:26","modified_gmt":"2024-01-27T17:51:26","slug":"impresora-epson-ecotank-m3170","status":"publish","type":"product","link":"https:\/\/giftronic04.com\/index.php\/product\/impresora-epson-ecotank-m3170\/","title":{"rendered":"Impresora Epson EcoTank M3170"},"content":{"rendered":"<p>Caracter\u00edsticas:<\/p>\n<p>Referencia: Multifuncional Epson EcoTank M3170<\/p>\n<p>Marca: EPSON<\/p>\n<p>Tipo: Impresora<\/p>\n<p>Tecnolog\u00eda de impresi\u00f3n: Inyecci\u00f3n de tinta Heat-Free Technology monocrom\u00e1tica optimizada<\/p>\n<p>Direcci\u00f3n de impresi\u00f3n:\u00a0 Bidireccional<\/p>\n<p>Configuraci\u00f3n de inyectores: 800 inyectores negros (2 filas de 400 inyectores)<\/p>\n<p>Tama\u00f1o m\u00ednimo de gota de tinta: 2.8 picolitros con tecnolog\u00eda de gotas de tinta de tama\u00f1o variable<\/p>\n<p>Resoluci\u00f3n de m\u00e1xima de impresi\u00f3n: 1200 x 2400 dpi<\/p>\n<p>Velocidad de impresi\u00f3n m\u00e1xima: 39 ppm (borrador, A4\/carta)<\/p>\n<p>Velocidad de impresi\u00f3n ISO: 20 ppm (A4\/carta)<\/p>\n<p>Tiempo de salida de la primera p\u00e1gina ISO: (FPOT: First Page Out Time): 9 segundos una vez que se reciben los datos (A4\/carta)<\/p>\n<p>Impresi\u00f3n ISO a doble cara\/d\u00faplex: 13 segundos (A4\/carta)<\/p>\n<p>Ciclo de trabajo mensual recomendado8: 250 &#8211; 1,500 p\u00e1ginas<\/p>\n<p>Ciclo de trabajo mensual m\u00e1ximo8: Hasta 20,000 p\u00e1ginas<\/p>\n<p>Funciones de impresi\u00f3n: Impresi\u00f3n a doble cara autom\u00e1tica, intercalar, modo silencioso de impresi\u00f3n<\/p>\n<p>COPIAS<\/p>\n<p>Velocidad de copiado m\u00e1xima: 30 cpm negro (borrador\/A4\/carta)<\/p>\n<p>Velocidad de copiado ISO: 17 ppm negro (A4\/carta)<\/p>\n<p>Calidad: Texto e imagen hasta 600 dpi x 600 dpi en papel normal<\/p>\n<p>Cantidad: 1-99 (sin PC)<\/p>\n<p>N\u00famero de colores: Escala de grises: 256 gradaciones<\/p>\n<p>Resoluci\u00f3n m\u00e1xima: De entrada: hasta 600 dpi x 600 dpi; de salida: hasta 1200 dpi x 1200 dpi<\/p>\n<p>Tama\u00f1o m\u00e1ximo: Legal (ADF) y A4\/carta (cama de esc\u00e1ner)<\/p>\n<p>Caracter\u00edsticas de copiado: Copiado autom\u00e1tico a doble cara, reduce y aumenta (25% &#8211; 400%)<\/p>\n<p>ESCANEO<\/p>\n<p>Tipo de esc\u00e1ner: Cama plana con sensor de l\u00edneas CIS de color<\/p>\n<p>Velocidad de escaneo: 12 segundos blanco y negro, 27 segundos color en PDF y tama\u00f1o A4 a 200 dpi<\/p>\n<p>\u00c1rea de escaneo: M\u00e1xima 216 mm x 297 mm<\/p>\n<p>Resoluci\u00f3n \u00f3ptica\/m\u00e1xima: 1200 dpi \/ 1200 dpi x 2400 dpi<\/p>\n<p>Profundidad de color: Color entrada: 48 bits, salida: 24 bits; escala de grises entrada: 16 bits, salida: 8 bits.<\/p>\n<p>Memoria: Hasta 180 p\u00e1ginas<\/p>\n<p>Hasta 180 p\u00e1ginas: 100 (m\u00e1xima)<\/p>\n<p>ALIMENTADOR AUTOMATICO DE DOCUMENTOS<\/p>\n<p>Capacidad de alimentador: 35 hojas (A4\/carta), 10 hojas (legal)<\/p>\n<p>INTERFAZ Y COMPATIBILIDAD<\/p>\n<p>Conectividad est\u00e1ndar: USB 2.0 Hi-Speed, Wi-Fi (802.11 b\/g\/n), Wi-Fi-Direct\u00ae2, Ethernet 10\/100 Mbps<\/p>\n<p>Protocolos de red y de impresi\u00f3n en red: TCP\/IPv4\/IPv6 y SNMP, HTTP, DHCP, BOOTP, APIPA, PNG, DDNS, mDNS, SLP, WSD, LLTD<\/p>\n<p>Sistemas operativos: Windows Vista, Windows 7, Windows 8 y 8.1, Windows 10 (32 bit, 64 bit) Windows Server 2003 (SP2), Windows Server 2016, Mac OS X 10.6.8, Mac OS 10.14.x<\/p>\n<p>IMPRESION INALAMBRICA<\/p>\n<p>MANEJO DE PAPEL<\/p>\n<p>N\u00famero de bandejas de papel: 1 frontal (250 hojas), 1 trasera (capacidad 1 hoja)<\/p>\n<p>Capacidad de carga de papel (80 g\/m2): 251 hojas est\u00e1ndar, 10 sobres y 30 tarjetas postales<\/p>\n<p>Capacidad de bandeja de salida: 100 hojas de papel normal (A4\/carta), 20 tarjetas postales<\/p>\n<p>Salida de papel: Boca arriba, boca abajo<\/p>\n<p>Tama\u00f1o m\u00e1ximo: Legal (216 mm x 356 mm)<\/p>\n<p>Formatos de papel: Papel normal y grueso: A6 (105 mm x 148 mm), media carta (140 mm x 216 mm), ejecutivo (184 mm x 267 mm), A4 (210 mm x 297 mm), oficio 9 (215 mm x 315 mm), carta (216 mm x 279 mm), 216 mm x 330 mm, M\u00e9xico-oficio (216 mm x 340 mm) y legal (216 mm x 356mm), definido por el usuario (89 mm x 127 mm ~ 215.9 mm x 1200 mm) sobres #10 (105 mm x 241 mm)<\/p>\n<p>Tipos de papel: Papel normal, Premium Presentaci\u00f3n Paper Matte, Premium<\/p>\n<p>M\u00e1rgenes de impresi\u00f3n: Superior, inferior, izquierda, derecha: 3 mm<\/p>\n<p>Peso de papel soportado: Papel normal: 64 ~ 90 g\/m2, papel grueso: 91 g\/m2 ~ 256 g\/m2<\/p>\n<p>GENERAL<\/p>\n<p>Pantalla: LCD 2.44\u2019 t\u00e1ctil a color<\/p>\n<p>Dimensiones (ancho x profundo x alto): 375 mm x 347 mm x 346 mm<\/p>\n<p>Peso: 7.3 kg (excluye tintas y cables de alimentaci\u00f3n)<\/p>\n<p>\u00bfQu\u00e9 hay en la caja?<\/p>\n<p>Impresora monocrom\u00e1tica M3170<\/p>\n<p>Gu\u00eda de instalaci\u00f3n<\/p>\n<p>CD-ROM con controladores<\/p>\n<p>Cable de alimentaci\u00f3n<\/p>\n<p>Cable USB<\/p>\n<p>2 botellas de tinta negras T534 de inicializaci\u00f3n.<\/p>\n<p>Consumo de energ\u00eda (aproximado): Impresi\u00f3n modo operaci\u00f3n: 14 W.<\/p>\n<p>&nbsp;<\/p>\n","protected":false},"excerpt":{"rendered":"<p>Caracter\u00edsticas: Referencia: Multifuncional Epson EcoTank M3170 Marca: EPSON Tipo: Impresora Tecnolog\u00eda de impresi\u00f3n: Inyecci\u00f3n de tinta Heat-Free Technology monocrom\u00e1tica optimizada Direcci\u00f3n de impresi\u00f3n:\u00a0 Bidireccional Configuraci\u00f3n de inyectores: 800 inyectores negros (2 filas de 400 inyectores) Tama\u00f1o m\u00ednimo de gota de tinta: 2.8 picolitros con tecnolog\u00eda de gotas de tinta de tama\u00f1o variable Resoluci\u00f3n de m\u00e1xima [&hellip;]<\/p>\n","protected":false},"featured_media":5861,"comment_status":"open","ping_status":"closed","template":"","meta":{"_surecart_dashboard_logo_width":"180px","_surecart_dashboard_show_logo":true,"_surecart_dashboard_navigation_orders":true,"_surecart_dashboard_navigation_invoices":true,"_surecart_dashboard_navigation_subscriptions":true,"_surecart_dashboard_navigation_downloads":true,"_surecart_dashboard_navigation_billing":true,"_surecart_dashboard_navigation_account":true,"site-sidebar-layout":"default","site-content-layout":"","ast-site-content-layout":"default","site-content-style":"default","site-sidebar-style":"default","ast-global-header-display":"","ast-banner-title-visibility":"","ast-main-header-display":"","ast-hfb-above-header-display":"","ast-hfb-below-header-display":"","ast-hfb-mobile-header-display":"","site-post-title":"","ast-breadcrumbs-content":"","ast-featured-img":"","footer-sml-layout":"","ast-disable-related-posts":"","theme-transparent-header-meta":"","adv-header-id-meta":"","stick-header-meta":"","header-above-stick-meta":"","header-main-stick-meta":"","header-below-stick-meta":"","astra-migrate-meta-layouts":"default","ast-page-background-enabled":"default","ast-page-background-meta":{"desktop":{"background-color":"var(--ast-global-color-4)","background-image":"","background-repeat":"repeat","background-position":"center center","background-size":"auto","background-attachment":"scroll","background-type":"","background-media":"","overlay-type":"","overlay-color":"","overlay-opacity":"","overlay-gradient":""},"tablet":{"background-color":"","background-image":"","background-repeat":"repeat","background-position":"center center","background-size":"auto","background-attachment":"scroll","background-type":"","background-media":"","overlay-type":"","overlay-color":"","overlay-opacity":"","overlay-gradient":""},"mobile":{"background-color":"","background-image":"","background-repeat":"repeat","background-position":"center center","background-size":"auto","background-attachment":"scroll","background-type":"","background-media":"","overlay-type":"","overlay-color":"","overlay-opacity":"","overlay-gradient":""}},"ast-content-background-meta":{"desktop":{"background-color":"var(--ast-global-color-5)","background-image":"","background-repeat":"repeat","background-position":"center center","background-size":"auto","background-attachment":"scroll","background-type":"","background-media":"","overlay-type":"","overlay-color":"","overlay-opacity":"","overlay-gradient":""},"tablet":{"background-color":"var(--ast-global-color-5)","background-image":"","background-repeat":"repeat","background-position":"center center","background-size":"auto","background-attachment":"scroll","background-type":"","background-media":"","overlay-type":"","overlay-color":"","overlay-opacity":"","overlay-gradient":""},"mobile":{"background-color":"var(--ast-global-color-5)","background-image":"","background-repeat":"repeat","background-position":"center center","background-size":"auto","background-attachment":"scroll","background-type":"","background-media":"","overlay-type":"","overlay-color":"","overlay-opacity":"","overlay-gradient":""}}},"product_brand":[],"product_cat":[22,32],"product_tag":[],"class_list":{"0":"post-5860","1":"product","2":"type-product","3":"status-publish","4":"has-post-thumbnail","6":"product_cat-computacion","7":"product_cat-impresion","8":"desktop-align-left","9":"tablet-align-left","10":"mobile-align-left","12":"first","13":"instock","14":"sale","15":"taxable","16":"shipping-taxable","17":"purchasable","18":"product-type-simple"},"yoast_head":"<!-- This site is optimized with the Yoast SEO plugin v27.5 - https:\/\/yoast.com\/product\/yoast-seo-wordpress\/ -->\n<title>Impresora Epson EcoTank M3170 - Giftronic.04<\/title>\n<meta name=\"robots\" content=\"index, follow, max-snippet:-1, max-image-preview:large, max-video-preview:-1\" \/>\n<link rel=\"canonical\" href=\"https:\/\/giftronic04.com\/index.php\/product\/impresora-epson-ecotank-m3170\/\" \/>\n<meta property=\"og:locale\" content=\"es_ES\" \/>\n<meta property=\"og:type\" content=\"article\" \/>\n<meta property=\"og:title\" content=\"Impresora Epson EcoTank M3170 - Giftronic.04\" \/>\n<meta property=\"og:description\" content=\"Caracter\u00edsticas: Referencia: Multifuncional Epson EcoTank M3170 Marca: EPSON Tipo: Impresora Tecnolog\u00eda de impresi\u00f3n: Inyecci\u00f3n de tinta Heat-Free Technology monocrom\u00e1tica optimizada Direcci\u00f3n de impresi\u00f3n:\u00a0 Bidireccional Configuraci\u00f3n de inyectores: 800 inyectores negros (2 filas de 400 inyectores) Tama\u00f1o m\u00ednimo de gota de tinta: 2.8 picolitros con tecnolog\u00eda de gotas de tinta de tama\u00f1o variable Resoluci\u00f3n de m\u00e1xima [&hellip;]\" \/>\n<meta property=\"og:url\" content=\"https:\/\/giftronic04.com\/index.php\/product\/impresora-epson-ecotank-m3170\/\" \/>\n<meta property=\"og:site_name\" content=\"Giftronic.04\" \/>\n<meta property=\"og:image\" content=\"https:\/\/giftronic04.com\/wp-content\/uploads\/2024\/01\/1-7.jpg\" \/>\n\t<meta property=\"og:image:width\" content=\"2000\" \/>\n\t<meta property=\"og:image:height\" content=\"2000\" \/>\n\t<meta property=\"og:image:type\" content=\"image\/jpeg\" \/>\n<meta name=\"twitter:card\" content=\"summary_large_image\" \/>\n<meta name=\"twitter:label1\" content=\"Tiempo de lectura\" \/>\n\t<meta name=\"twitter:data1\" content=\"4 minutos\" \/>\n<script type=\"application\/ld+json\" class=\"yoast-schema-graph\">{\"@context\":\"https:\\\/\\\/schema.org\",\"@graph\":[{\"@type\":\"WebPage\",\"@id\":\"https:\\\/\\\/giftronic04.com\\\/index.php\\\/product\\\/impresora-epson-ecotank-m3170\\\/\",\"url\":\"https:\\\/\\\/giftronic04.com\\\/index.php\\\/product\\\/impresora-epson-ecotank-m3170\\\/\",\"name\":\"Impresora Epson EcoTank M3170 - Giftronic.04\",\"isPartOf\":{\"@id\":\"https:\\\/\\\/giftronic04.com\\\/#website\"},\"primaryImageOfPage\":{\"@id\":\"https:\\\/\\\/giftronic04.com\\\/index.php\\\/product\\\/impresora-epson-ecotank-m3170\\\/#primaryimage\"},\"image\":{\"@id\":\"https:\\\/\\\/giftronic04.com\\\/index.php\\\/product\\\/impresora-epson-ecotank-m3170\\\/#primaryimage\"},\"thumbnailUrl\":\"https:\\\/\\\/giftronic04.com\\\/wp-content\\\/uploads\\\/2024\\\/01\\\/1-7.jpg\",\"datePublished\":\"2024-01-27T17:51:26+00:00\",\"breadcrumb\":{\"@id\":\"https:\\\/\\\/giftronic04.com\\\/index.php\\\/product\\\/impresora-epson-ecotank-m3170\\\/#breadcrumb\"},\"inLanguage\":\"es\",\"potentialAction\":[{\"@type\":\"ReadAction\",\"target\":[\"https:\\\/\\\/giftronic04.com\\\/index.php\\\/product\\\/impresora-epson-ecotank-m3170\\\/\"]}]},{\"@type\":\"ImageObject\",\"inLanguage\":\"es\",\"@id\":\"https:\\\/\\\/giftronic04.com\\\/index.php\\\/product\\\/impresora-epson-ecotank-m3170\\\/#primaryimage\",\"url\":\"https:\\\/\\\/giftronic04.com\\\/wp-content\\\/uploads\\\/2024\\\/01\\\/1-7.jpg\",\"contentUrl\":\"https:\\\/\\\/giftronic04.com\\\/wp-content\\\/uploads\\\/2024\\\/01\\\/1-7.jpg\",\"width\":2000,\"height\":2000},{\"@type\":\"BreadcrumbList\",\"@id\":\"https:\\\/\\\/giftronic04.com\\\/index.php\\\/product\\\/impresora-epson-ecotank-m3170\\\/#breadcrumb\",\"itemListElement\":[{\"@type\":\"ListItem\",\"position\":1,\"name\":\"Portada\",\"item\":\"https:\\\/\\\/giftronic04.com\\\/\"},{\"@type\":\"ListItem\",\"position\":2,\"name\":\"Tienda\",\"item\":\"https:\\\/\\\/giftronic04.com\\\/index.php\\\/shop\\\/\"},{\"@type\":\"ListItem\",\"position\":3,\"name\":\"Impresora Epson EcoTank M3170\"}]},{\"@type\":\"WebSite\",\"@id\":\"https:\\\/\\\/giftronic04.com\\\/#website\",\"url\":\"https:\\\/\\\/giftronic04.com\\\/\",\"name\":\"Giftronic.04\",\"description\":\"Venta de equipos tecnologicos\",\"publisher\":{\"@id\":\"https:\\\/\\\/giftronic04.com\\\/#organization\"},\"potentialAction\":[{\"@type\":\"SearchAction\",\"target\":{\"@type\":\"EntryPoint\",\"urlTemplate\":\"https:\\\/\\\/giftronic04.com\\\/?s={search_term_string}\"},\"query-input\":{\"@type\":\"PropertyValueSpecification\",\"valueRequired\":true,\"valueName\":\"search_term_string\"}}],\"inLanguage\":\"es\"},{\"@type\":\"Organization\",\"@id\":\"https:\\\/\\\/giftronic04.com\\\/#organization\",\"name\":\"giftronic04\",\"url\":\"https:\\\/\\\/giftronic04.com\\\/\",\"logo\":{\"@type\":\"ImageObject\",\"inLanguage\":\"es\",\"@id\":\"https:\\\/\\\/giftronic04.com\\\/#\\\/schema\\\/logo\\\/image\\\/\",\"url\":\"https:\\\/\\\/giftronic04.com\\\/wp-content\\\/uploads\\\/2021\\\/08\\\/logo.png\",\"contentUrl\":\"https:\\\/\\\/giftronic04.com\\\/wp-content\\\/uploads\\\/2021\\\/08\\\/logo.png\",\"width\":6640,\"height\":2192,\"caption\":\"giftronic04\"},\"image\":{\"@id\":\"https:\\\/\\\/giftronic04.com\\\/#\\\/schema\\\/logo\\\/image\\\/\"},\"sameAs\":[\"https:\\\/\\\/www.instagram.com\\\/giftronic.04\\\/\"]}]}<\/script>\n<!-- \/ Yoast SEO plugin. -->","yoast_head_json":{"title":"Impresora Epson EcoTank M3170 - Giftronic.04","robots":{"index":"index","follow":"follow","max-snippet":"max-snippet:-1","max-image-preview":"max-image-preview:large","max-video-preview":"max-video-preview:-1"},"canonical":"https:\/\/giftronic04.com\/index.php\/product\/impresora-epson-ecotank-m3170\/","og_locale":"es_ES","og_type":"article","og_title":"Impresora Epson EcoTank M3170 - Giftronic.04","og_description":"Caracter\u00edsticas: Referencia: Multifuncional Epson EcoTank M3170 Marca: EPSON Tipo: Impresora Tecnolog\u00eda de impresi\u00f3n: Inyecci\u00f3n de tinta Heat-Free Technology monocrom\u00e1tica optimizada Direcci\u00f3n de impresi\u00f3n:\u00a0 Bidireccional Configuraci\u00f3n de inyectores: 800 inyectores negros (2 filas de 400 inyectores) Tama\u00f1o m\u00ednimo de gota de tinta: 2.8 picolitros con tecnolog\u00eda de gotas de tinta de tama\u00f1o variable Resoluci\u00f3n de m\u00e1xima [&hellip;]","og_url":"https:\/\/giftronic04.com\/index.php\/product\/impresora-epson-ecotank-m3170\/","og_site_name":"Giftronic.04","og_image":[{"width":2000,"height":2000,"url":"https:\/\/giftronic04.com\/wp-content\/uploads\/2024\/01\/1-7.jpg","type":"image\/jpeg"}],"twitter_card":"summary_large_image","twitter_misc":{"Tiempo de lectura":"4 minutos"},"schema":{"@context":"https:\/\/schema.org","@graph":[{"@type":"WebPage","@id":"https:\/\/giftronic04.com\/index.php\/product\/impresora-epson-ecotank-m3170\/","url":"https:\/\/giftronic04.com\/index.php\/product\/impresora-epson-ecotank-m3170\/","name":"Impresora Epson EcoTank M3170 - Giftronic.04","isPartOf":{"@id":"https:\/\/giftronic04.com\/#website"},"primaryImageOfPage":{"@id":"https:\/\/giftronic04.com\/index.php\/product\/impresora-epson-ecotank-m3170\/#primaryimage"},"image":{"@id":"https:\/\/giftronic04.com\/index.php\/product\/impresora-epson-ecotank-m3170\/#primaryimage"},"thumbnailUrl":"https:\/\/giftronic04.com\/wp-content\/uploads\/2024\/01\/1-7.jpg","datePublished":"2024-01-27T17:51:26+00:00","breadcrumb":{"@id":"https:\/\/giftronic04.com\/index.php\/product\/impresora-epson-ecotank-m3170\/#breadcrumb"},"inLanguage":"es","potentialAction":[{"@type":"ReadAction","target":["https:\/\/giftronic04.com\/index.php\/product\/impresora-epson-ecotank-m3170\/"]}]},{"@type":"ImageObject","inLanguage":"es","@id":"https:\/\/giftronic04.com\/index.php\/product\/impresora-epson-ecotank-m3170\/#primaryimage","url":"https:\/\/giftronic04.com\/wp-content\/uploads\/2024\/01\/1-7.jpg","contentUrl":"https:\/\/giftronic04.com\/wp-content\/uploads\/2024\/01\/1-7.jpg","width":2000,"height":2000},{"@type":"BreadcrumbList","@id":"https:\/\/giftronic04.com\/index.php\/product\/impresora-epson-ecotank-m3170\/#breadcrumb","itemListElement":[{"@type":"ListItem","position":1,"name":"Portada","item":"https:\/\/giftronic04.com\/"},{"@type":"ListItem","position":2,"name":"Tienda","item":"https:\/\/giftronic04.com\/index.php\/shop\/"},{"@type":"ListItem","position":3,"name":"Impresora Epson EcoTank M3170"}]},{"@type":"WebSite","@id":"https:\/\/giftronic04.com\/#website","url":"https:\/\/giftronic04.com\/","name":"Giftronic.04","description":"Venta de equipos tecnologicos","publisher":{"@id":"https:\/\/giftronic04.com\/#organization"},"potentialAction":[{"@type":"SearchAction","target":{"@type":"EntryPoint","urlTemplate":"https:\/\/giftronic04.com\/?s={search_term_string}"},"query-input":{"@type":"PropertyValueSpecification","valueRequired":true,"valueName":"search_term_string"}}],"inLanguage":"es"},{"@type":"Organization","@id":"https:\/\/giftronic04.com\/#organization","name":"giftronic04","url":"https:\/\/giftronic04.com\/","logo":{"@type":"ImageObject","inLanguage":"es","@id":"https:\/\/giftronic04.com\/#\/schema\/logo\/image\/","url":"https:\/\/giftronic04.com\/wp-content\/uploads\/2021\/08\/logo.png","contentUrl":"https:\/\/giftronic04.com\/wp-content\/uploads\/2021\/08\/logo.png","width":6640,"height":2192,"caption":"giftronic04"},"image":{"@id":"https:\/\/giftronic04.com\/#\/schema\/logo\/image\/"},"sameAs":["https:\/\/www.instagram.com\/giftronic.04\/"]}]}},"jetpack_sharing_enabled":true,"_links":{"self":[{"href":"https:\/\/giftronic04.com\/index.php\/wp-json\/wp\/v2\/product\/5860","targetHints":{"allow":["GET"]}}],"collection":[{"href":"https:\/\/giftronic04.com\/index.php\/wp-json\/wp\/v2\/product"}],"about":[{"href":"https:\/\/giftronic04.com\/index.php\/wp-json\/wp\/v2\/types\/product"}],"replies":[{"embeddable":true,"href":"https:\/\/giftronic04.com\/index.php\/wp-json\/wp\/v2\/comments?post=5860"}],"wp:featuredmedia":[{"embeddable":true,"href":"https:\/\/giftronic04.com\/index.php\/wp-json\/wp\/v2\/media\/5861"}],"wp:attachment":[{"href":"https:\/\/giftronic04.com\/index.php\/wp-json\/wp\/v2\/media?parent=5860"}],"wp:term":[{"taxonomy":"product_brand","embeddable":true,"href":"https:\/\/giftronic04.com\/index.php\/wp-json\/wp\/v2\/product_brand?post=5860"},{"taxonomy":"product_cat","embeddable":true,"href":"https:\/\/giftronic04.com\/index.php\/wp-json\/wp\/v2\/product_cat?post=5860"},{"taxonomy":"product_tag","embeddable":true,"href":"https:\/\/giftronic04.com\/index.php\/wp-json\/wp\/v2\/product_tag?post=5860"}],"curies":[{"name":"wp","href":"https:\/\/api.w.org\/{rel}","templated":true}]}}