{"id":6136,"date":"2024-03-16T16:11:05","date_gmt":"2024-03-16T21:11:05","guid":{"rendered":"https:\/\/giftronic04.com\/?post_type=product&#038;p=6136"},"modified":"2026-04-01T16:54:40","modified_gmt":"2026-04-01T21:54:40","slug":"portatil-dell-156-hd-intel-i3-1215u-ram-16gb-512gb-ssd-silver","status":"publish","type":"product","link":"https:\/\/giftronic04.com\/index.php\/product\/portatil-dell-156-hd-intel-i3-1215u-ram-16gb-512gb-ssd-silver\/","title":{"rendered":"Portatil DELL 15,6&#8242; FHD INTEL i3-1215U Ram 16GB DDR4 512GB SSD Silver"},"content":{"rendered":"<p>Caracter\u00edsticas:<\/p>\n<p>Referencia: Inspiron 3520<\/p>\n<p>Marca: Dell<\/p>\n<p>Tipo: LAPTOPS<\/p>\n<p>Resoluci\u00f3n Pantalla FHD (1920 x 1080)<\/p>\n<p>Tama\u00f1o Pantalla\u00a0\u00a0\u00a0\u00a0 15,6\u2019 Pulgadas<\/p>\n<p>Memoria RAM: 16GB<\/p>\n<p>Tipos de Discos que Incluye\u00a0\u00a0\u00a0\u00a0\u00a0\u00a0\u00a0 Disco Estado Solido (SSD)<\/p>\n<p>Capacidad de Disco \u00a0\u00a0512GB SSD<\/p>\n<p>Marca del Procesador\u00a0\u00a0\u00a0\u00a0\u00a0\u00a0\u00a0 INTEL<\/p>\n<p>Procesador\u00a0 Intel\u00ae Core\u2122 i3-1215U<\/p>\n<p>Sistema Operativo\u00a0\u00a0 LINUX<\/p>\n<p>Sistema Operativo Opcional: WINDOWS de prueba.<\/p>\n<p>N\u00facleos del Procesador\u00a0\u00a0\u00a0\u00a0 6 N\u00facleos<\/p>\n<p>Velocidad del Procesador: Reloj base 3.3GHz M\u00e1x. Hasta 4.4GHz<\/p>\n<p>Unidad CD\/DVD Integrada \u00a0\u00a0\u00a0\u00a0\u00a0\u00a0\u00a0\u00a0\u00a0\u00a0 No tiene Unidad de CD\/DVD Integrada<\/p>\n<p>Peso\u00a0\u00a0 1,6 Kilogramos<\/p>\n<p>Nivel de Uso Avanzado<\/p>\n<p>Caracter\u00edsticas Especiales<\/p>\n<p>C\u00e1mara WEB Integrada<\/p>\n<p>No. Puertos HDMI\u00a0\u00a0 1 Puertos<\/p>\n<p>No. Puertos USB\u00a0\u00a0\u00a0\u00a0 2 Puertos<\/p>\n<p>No. Puertos SD 1 Puertos<\/p>\n<p>No. Salidas de Audio\u00a0\u00a0\u00a0\u00a0\u00a0\u00a0\u00a0\u00a0 1 Puertos<\/p>\n<p>Tipos de Puertos Entradas y Salidas<\/p>\n<p>Puerto HDMI<\/p>\n<p>Puerto USB<\/p>\n<p>Salida de Aud\u00edfonos<\/p>\n<p>Opciones de Conexi\u00f3n<\/p>\n<p>Bluetooth<\/p>\n<p>Wifi<\/p>\n<p>Fuente de Alimentaci\u00f3n de Energ\u00eda<\/p>\n<p>Tonalidad de Color\u00a0 Silver<\/p>\n<p>Caracter\u00edsticas destacadas<\/p>\n<p>Muy ligero, te acompa\u00f1a a donde quieras<\/p>\n<p>Almacenamiento ultrarr\u00e1pido de estado s\u00f3lido<\/p>\n<p>Audio Sonic te garantiza una decodificaci\u00f3n precisa<\/p>\n<p>Carga Eficiente donde lo necesites<\/p>\n<p>Resumen del producto<\/p>\n<p>Ya sea para trabajar o jugar, El Dell Inspiron 3520 es el port\u00e1til que ofrece un gran rendimiento y efectos visuales envolventes. Su pantalla HD cuenta con amplios \u00e1ngulos de visi\u00f3n y un revestimiento antirreflejos para una experiencia verdaderamente atractiva. Con un peso total de solo 1,6 kg, el Dell Inspiron es extremadamente port\u00e1til, tan ligero que se adapta a su estilo de vida. El Dell Inspiron 3520 est\u00e1 equipado con puertos USB de alta transferencia de datos, dise\u00f1ado para que la conexi\u00f3n de dispositivos sea lo m\u00e1s f\u00e1cil posible. \u00a1Ll\u00e9valo ya!<\/p>\n<p>Recomendaciones<\/p>\n<p>Lea cuidadosamente la descripci\u00f3n del producto y condiciones de venta.<\/p>\n<p>Se otorga 1 a\u00f1o de respaldo por defectos de fabricaci\u00f3n directamente con la marca \u2018Conservando empaques originales\u2019. No cubre da\u00f1os ocasionados por manipulaci\u00f3n no autorizada, golpes, derrames o mal uso del equipo, Las im\u00e1genes publicadas en esta p\u00e1gina son representaciones fotogr\u00e1ficas que ilustran de manera aproximada las caracter\u00edsticas de los equipos en venta y pueden variar respecto a la realidad seg\u00fan la resoluci\u00f3n de estas y del dispositivo que se utilice para observarlas. Para cualquier proceso de garant\u00eda debes entregar el producto con los empaques y accesorios ORIGINALES.<\/p>\n<p>Este producto es 100% nuevo y original que ha sido repotencializado en una de sus partes para un mayor rendimiento.<\/p>\n","protected":false},"excerpt":{"rendered":"<p>Caracter\u00edsticas: Referencia: Inspiron 3520 Marca: Dell Tipo: LAPTOPS Resoluci\u00f3n Pantalla FHD (1920 x 1080) Tama\u00f1o Pantalla\u00a0\u00a0\u00a0\u00a0 15,6\u2019 Pulgadas Memoria RAM: 16GB Tipos de Discos que Incluye\u00a0\u00a0\u00a0\u00a0\u00a0\u00a0\u00a0 Disco Estado Solido (SSD) Capacidad de Disco \u00a0\u00a0512GB SSD Marca del Procesador\u00a0\u00a0\u00a0\u00a0\u00a0\u00a0\u00a0 INTEL Procesador\u00a0 Intel\u00ae Core\u2122 i3-1215U Sistema Operativo\u00a0\u00a0 LINUX Sistema Operativo Opcional: WINDOWS de prueba. N\u00facleos del Procesador\u00a0\u00a0\u00a0\u00a0 [&hellip;]<\/p>\n","protected":false},"featured_media":8711,"comment_status":"open","ping_status":"closed","template":"","meta":{"_surecart_dashboard_logo_width":"180px","_surecart_dashboard_show_logo":true,"_surecart_dashboard_navigation_orders":true,"_surecart_dashboard_navigation_invoices":true,"_surecart_dashboard_navigation_subscriptions":true,"_surecart_dashboard_navigation_downloads":true,"_surecart_dashboard_navigation_billing":true,"_surecart_dashboard_navigation_account":true,"site-sidebar-layout":"default","site-content-layout":"","ast-site-content-layout":"default","site-content-style":"default","site-sidebar-style":"default","ast-global-header-display":"","ast-banner-title-visibility":"","ast-main-header-display":"","ast-hfb-above-header-display":"","ast-hfb-below-header-display":"","ast-hfb-mobile-header-display":"","site-post-title":"","ast-breadcrumbs-content":"","ast-featured-img":"","footer-sml-layout":"","ast-disable-related-posts":"","theme-transparent-header-meta":"","adv-header-id-meta":"","stick-header-meta":"","header-above-stick-meta":"","header-main-stick-meta":"","header-below-stick-meta":"","astra-migrate-meta-layouts":"default","ast-page-background-enabled":"default","ast-page-background-meta":{"desktop":{"background-color":"var(--ast-global-color-4)","background-image":"","background-repeat":"repeat","background-position":"center center","background-size":"auto","background-attachment":"scroll","background-type":"","background-media":"","overlay-type":"","overlay-color":"","overlay-opacity":"","overlay-gradient":""},"tablet":{"background-color":"","background-image":"","background-repeat":"repeat","background-position":"center center","background-size":"auto","background-attachment":"scroll","background-type":"","background-media":"","overlay-type":"","overlay-color":"","overlay-opacity":"","overlay-gradient":""},"mobile":{"background-color":"","background-image":"","background-repeat":"repeat","background-position":"center center","background-size":"auto","background-attachment":"scroll","background-type":"","background-media":"","overlay-type":"","overlay-color":"","overlay-opacity":"","overlay-gradient":""}},"ast-content-background-meta":{"desktop":{"background-color":"var(--ast-global-color-5)","background-image":"","background-repeat":"repeat","background-position":"center center","background-size":"auto","background-attachment":"scroll","background-type":"","background-media":"","overlay-type":"","overlay-color":"","overlay-opacity":"","overlay-gradient":""},"tablet":{"background-color":"var(--ast-global-color-5)","background-image":"","background-repeat":"repeat","background-position":"center center","background-size":"auto","background-attachment":"scroll","background-type":"","background-media":"","overlay-type":"","overlay-color":"","overlay-opacity":"","overlay-gradient":""},"mobile":{"background-color":"var(--ast-global-color-5)","background-image":"","background-repeat":"repeat","background-position":"center center","background-size":"auto","background-attachment":"scroll","background-type":"","background-media":"","overlay-type":"","overlay-color":"","overlay-opacity":"","overlay-gradient":""}}},"product_brand":[],"product_cat":[22,30],"product_tag":[],"class_list":{"0":"post-6136","1":"product","2":"type-product","3":"status-publish","4":"has-post-thumbnail","6":"product_cat-computacion","7":"product_cat-componentes-de-pc-portatiles","8":"desktop-align-left","9":"tablet-align-left","10":"mobile-align-left","12":"first","13":"outofstock","14":"sale","15":"taxable","16":"shipping-taxable","17":"purchasable","18":"product-type-simple"},"yoast_head":"<!-- This site is optimized with the Yoast SEO plugin v27.5 - https:\/\/yoast.com\/product\/yoast-seo-wordpress\/ -->\n<title>Portatil DELL 15,6&#039; FHD INTEL i3-1215U Ram 16GB DDR4 512GB SSD Silver - Giftronic.04<\/title>\n<meta name=\"robots\" content=\"index, follow, max-snippet:-1, max-image-preview:large, max-video-preview:-1\" \/>\n<link rel=\"canonical\" href=\"https:\/\/giftronic04.com\/index.php\/product\/portatil-dell-156-hd-intel-i3-1215u-ram-16gb-512gb-ssd-silver\/\" \/>\n<meta property=\"og:locale\" content=\"es_ES\" \/>\n<meta property=\"og:type\" content=\"article\" \/>\n<meta property=\"og:title\" content=\"Portatil DELL 15,6&#039; FHD INTEL i3-1215U Ram 16GB DDR4 512GB SSD Silver - Giftronic.04\" \/>\n<meta property=\"og:description\" content=\"Caracter\u00edsticas: Referencia: Inspiron 3520 Marca: Dell Tipo: LAPTOPS Resoluci\u00f3n Pantalla FHD (1920 x 1080) Tama\u00f1o Pantalla\u00a0\u00a0\u00a0\u00a0 15,6\u2019 Pulgadas Memoria RAM: 16GB Tipos de Discos que Incluye\u00a0\u00a0\u00a0\u00a0\u00a0\u00a0\u00a0 Disco Estado Solido (SSD) Capacidad de Disco \u00a0\u00a0512GB SSD Marca del Procesador\u00a0\u00a0\u00a0\u00a0\u00a0\u00a0\u00a0 INTEL Procesador\u00a0 Intel\u00ae Core\u2122 i3-1215U Sistema Operativo\u00a0\u00a0 LINUX Sistema Operativo Opcional: WINDOWS de prueba. N\u00facleos del Procesador\u00a0\u00a0\u00a0\u00a0 [&hellip;]\" \/>\n<meta property=\"og:url\" content=\"https:\/\/giftronic04.com\/index.php\/product\/portatil-dell-156-hd-intel-i3-1215u-ram-16gb-512gb-ssd-silver\/\" \/>\n<meta property=\"og:site_name\" content=\"Giftronic.04\" \/>\n<meta property=\"article:modified_time\" content=\"2026-04-01T21:54:40+00:00\" \/>\n<meta property=\"og:image\" content=\"https:\/\/giftronic04.com\/wp-content\/uploads\/2024\/03\/16GB-512SSD-LOGO.jpg\" \/>\n\t<meta property=\"og:image:width\" content=\"2000\" \/>\n\t<meta property=\"og:image:height\" content=\"2000\" \/>\n\t<meta property=\"og:image:type\" content=\"image\/jpeg\" \/>\n<meta name=\"twitter:card\" content=\"summary_large_image\" \/>\n<meta name=\"twitter:label1\" content=\"Tiempo de lectura\" \/>\n\t<meta name=\"twitter:data1\" content=\"2 minutos\" \/>\n<script type=\"application\/ld+json\" class=\"yoast-schema-graph\">{\"@context\":\"https:\\\/\\\/schema.org\",\"@graph\":[{\"@type\":\"WebPage\",\"@id\":\"https:\\\/\\\/giftronic04.com\\\/index.php\\\/product\\\/portatil-dell-156-hd-intel-i3-1215u-ram-16gb-512gb-ssd-silver\\\/\",\"url\":\"https:\\\/\\\/giftronic04.com\\\/index.php\\\/product\\\/portatil-dell-156-hd-intel-i3-1215u-ram-16gb-512gb-ssd-silver\\\/\",\"name\":\"Portatil DELL 15,6' FHD INTEL i3-1215U Ram 16GB DDR4 512GB SSD Silver - Giftronic.04\",\"isPartOf\":{\"@id\":\"https:\\\/\\\/giftronic04.com\\\/#website\"},\"primaryImageOfPage\":{\"@id\":\"https:\\\/\\\/giftronic04.com\\\/index.php\\\/product\\\/portatil-dell-156-hd-intel-i3-1215u-ram-16gb-512gb-ssd-silver\\\/#primaryimage\"},\"image\":{\"@id\":\"https:\\\/\\\/giftronic04.com\\\/index.php\\\/product\\\/portatil-dell-156-hd-intel-i3-1215u-ram-16gb-512gb-ssd-silver\\\/#primaryimage\"},\"thumbnailUrl\":\"https:\\\/\\\/giftronic04.com\\\/wp-content\\\/uploads\\\/2024\\\/03\\\/16GB-512SSD-LOGO.jpg\",\"datePublished\":\"2024-03-16T21:11:05+00:00\",\"dateModified\":\"2026-04-01T21:54:40+00:00\",\"breadcrumb\":{\"@id\":\"https:\\\/\\\/giftronic04.com\\\/index.php\\\/product\\\/portatil-dell-156-hd-intel-i3-1215u-ram-16gb-512gb-ssd-silver\\\/#breadcrumb\"},\"inLanguage\":\"es\",\"potentialAction\":[{\"@type\":\"ReadAction\",\"target\":[\"https:\\\/\\\/giftronic04.com\\\/index.php\\\/product\\\/portatil-dell-156-hd-intel-i3-1215u-ram-16gb-512gb-ssd-silver\\\/\"]}]},{\"@type\":\"ImageObject\",\"inLanguage\":\"es\",\"@id\":\"https:\\\/\\\/giftronic04.com\\\/index.php\\\/product\\\/portatil-dell-156-hd-intel-i3-1215u-ram-16gb-512gb-ssd-silver\\\/#primaryimage\",\"url\":\"https:\\\/\\\/giftronic04.com\\\/wp-content\\\/uploads\\\/2024\\\/03\\\/16GB-512SSD-LOGO.jpg\",\"contentUrl\":\"https:\\\/\\\/giftronic04.com\\\/wp-content\\\/uploads\\\/2024\\\/03\\\/16GB-512SSD-LOGO.jpg\",\"width\":2000,\"height\":2000},{\"@type\":\"BreadcrumbList\",\"@id\":\"https:\\\/\\\/giftronic04.com\\\/index.php\\\/product\\\/portatil-dell-156-hd-intel-i3-1215u-ram-16gb-512gb-ssd-silver\\\/#breadcrumb\",\"itemListElement\":[{\"@type\":\"ListItem\",\"position\":1,\"name\":\"Portada\",\"item\":\"https:\\\/\\\/giftronic04.com\\\/\"},{\"@type\":\"ListItem\",\"position\":2,\"name\":\"Tienda\",\"item\":\"https:\\\/\\\/giftronic04.com\\\/index.php\\\/shop\\\/\"},{\"@type\":\"ListItem\",\"position\":3,\"name\":\"Portatil DELL 15,6&#8242; FHD INTEL i3-1215U Ram 16GB DDR4 512GB SSD Silver\"}]},{\"@type\":\"WebSite\",\"@id\":\"https:\\\/\\\/giftronic04.com\\\/#website\",\"url\":\"https:\\\/\\\/giftronic04.com\\\/\",\"name\":\"Giftronic.04\",\"description\":\"Venta de equipos tecnologicos\",\"publisher\":{\"@id\":\"https:\\\/\\\/giftronic04.com\\\/#organization\"},\"potentialAction\":[{\"@type\":\"SearchAction\",\"target\":{\"@type\":\"EntryPoint\",\"urlTemplate\":\"https:\\\/\\\/giftronic04.com\\\/?s={search_term_string}\"},\"query-input\":{\"@type\":\"PropertyValueSpecification\",\"valueRequired\":true,\"valueName\":\"search_term_string\"}}],\"inLanguage\":\"es\"},{\"@type\":\"Organization\",\"@id\":\"https:\\\/\\\/giftronic04.com\\\/#organization\",\"name\":\"giftronic04\",\"url\":\"https:\\\/\\\/giftronic04.com\\\/\",\"logo\":{\"@type\":\"ImageObject\",\"inLanguage\":\"es\",\"@id\":\"https:\\\/\\\/giftronic04.com\\\/#\\\/schema\\\/logo\\\/image\\\/\",\"url\":\"https:\\\/\\\/giftronic04.com\\\/wp-content\\\/uploads\\\/2021\\\/08\\\/logo.png\",\"contentUrl\":\"https:\\\/\\\/giftronic04.com\\\/wp-content\\\/uploads\\\/2021\\\/08\\\/logo.png\",\"width\":6640,\"height\":2192,\"caption\":\"giftronic04\"},\"image\":{\"@id\":\"https:\\\/\\\/giftronic04.com\\\/#\\\/schema\\\/logo\\\/image\\\/\"},\"sameAs\":[\"https:\\\/\\\/www.instagram.com\\\/giftronic.04\\\/\"]}]}<\/script>\n<!-- \/ Yoast SEO plugin. -->","yoast_head_json":{"title":"Portatil DELL 15,6' FHD INTEL i3-1215U Ram 16GB DDR4 512GB SSD Silver - Giftronic.04","robots":{"index":"index","follow":"follow","max-snippet":"max-snippet:-1","max-image-preview":"max-image-preview:large","max-video-preview":"max-video-preview:-1"},"canonical":"https:\/\/giftronic04.com\/index.php\/product\/portatil-dell-156-hd-intel-i3-1215u-ram-16gb-512gb-ssd-silver\/","og_locale":"es_ES","og_type":"article","og_title":"Portatil DELL 15,6' FHD INTEL i3-1215U Ram 16GB DDR4 512GB SSD Silver - Giftronic.04","og_description":"Caracter\u00edsticas: Referencia: Inspiron 3520 Marca: Dell Tipo: LAPTOPS Resoluci\u00f3n Pantalla FHD (1920 x 1080) Tama\u00f1o Pantalla\u00a0\u00a0\u00a0\u00a0 15,6\u2019 Pulgadas Memoria RAM: 16GB Tipos de Discos que Incluye\u00a0\u00a0\u00a0\u00a0\u00a0\u00a0\u00a0 Disco Estado Solido (SSD) Capacidad de Disco \u00a0\u00a0512GB SSD Marca del Procesador\u00a0\u00a0\u00a0\u00a0\u00a0\u00a0\u00a0 INTEL Procesador\u00a0 Intel\u00ae Core\u2122 i3-1215U Sistema Operativo\u00a0\u00a0 LINUX Sistema Operativo Opcional: WINDOWS de prueba. N\u00facleos del Procesador\u00a0\u00a0\u00a0\u00a0 [&hellip;]","og_url":"https:\/\/giftronic04.com\/index.php\/product\/portatil-dell-156-hd-intel-i3-1215u-ram-16gb-512gb-ssd-silver\/","og_site_name":"Giftronic.04","article_modified_time":"2026-04-01T21:54:40+00:00","og_image":[{"width":2000,"height":2000,"url":"https:\/\/giftronic04.com\/wp-content\/uploads\/2024\/03\/16GB-512SSD-LOGO.jpg","type":"image\/jpeg"}],"twitter_card":"summary_large_image","twitter_misc":{"Tiempo de lectura":"2 minutos"},"schema":{"@context":"https:\/\/schema.org","@graph":[{"@type":"WebPage","@id":"https:\/\/giftronic04.com\/index.php\/product\/portatil-dell-156-hd-intel-i3-1215u-ram-16gb-512gb-ssd-silver\/","url":"https:\/\/giftronic04.com\/index.php\/product\/portatil-dell-156-hd-intel-i3-1215u-ram-16gb-512gb-ssd-silver\/","name":"Portatil DELL 15,6' FHD INTEL i3-1215U Ram 16GB DDR4 512GB SSD Silver - Giftronic.04","isPartOf":{"@id":"https:\/\/giftronic04.com\/#website"},"primaryImageOfPage":{"@id":"https:\/\/giftronic04.com\/index.php\/product\/portatil-dell-156-hd-intel-i3-1215u-ram-16gb-512gb-ssd-silver\/#primaryimage"},"image":{"@id":"https:\/\/giftronic04.com\/index.php\/product\/portatil-dell-156-hd-intel-i3-1215u-ram-16gb-512gb-ssd-silver\/#primaryimage"},"thumbnailUrl":"https:\/\/giftronic04.com\/wp-content\/uploads\/2024\/03\/16GB-512SSD-LOGO.jpg","datePublished":"2024-03-16T21:11:05+00:00","dateModified":"2026-04-01T21:54:40+00:00","breadcrumb":{"@id":"https:\/\/giftronic04.com\/index.php\/product\/portatil-dell-156-hd-intel-i3-1215u-ram-16gb-512gb-ssd-silver\/#breadcrumb"},"inLanguage":"es","potentialAction":[{"@type":"ReadAction","target":["https:\/\/giftronic04.com\/index.php\/product\/portatil-dell-156-hd-intel-i3-1215u-ram-16gb-512gb-ssd-silver\/"]}]},{"@type":"ImageObject","inLanguage":"es","@id":"https:\/\/giftronic04.com\/index.php\/product\/portatil-dell-156-hd-intel-i3-1215u-ram-16gb-512gb-ssd-silver\/#primaryimage","url":"https:\/\/giftronic04.com\/wp-content\/uploads\/2024\/03\/16GB-512SSD-LOGO.jpg","contentUrl":"https:\/\/giftronic04.com\/wp-content\/uploads\/2024\/03\/16GB-512SSD-LOGO.jpg","width":2000,"height":2000},{"@type":"BreadcrumbList","@id":"https:\/\/giftronic04.com\/index.php\/product\/portatil-dell-156-hd-intel-i3-1215u-ram-16gb-512gb-ssd-silver\/#breadcrumb","itemListElement":[{"@type":"ListItem","position":1,"name":"Portada","item":"https:\/\/giftronic04.com\/"},{"@type":"ListItem","position":2,"name":"Tienda","item":"https:\/\/giftronic04.com\/index.php\/shop\/"},{"@type":"ListItem","position":3,"name":"Portatil DELL 15,6&#8242; FHD INTEL i3-1215U Ram 16GB DDR4 512GB SSD Silver"}]},{"@type":"WebSite","@id":"https:\/\/giftronic04.com\/#website","url":"https:\/\/giftronic04.com\/","name":"Giftronic.04","description":"Venta de equipos tecnologicos","publisher":{"@id":"https:\/\/giftronic04.com\/#organization"},"potentialAction":[{"@type":"SearchAction","target":{"@type":"EntryPoint","urlTemplate":"https:\/\/giftronic04.com\/?s={search_term_string}"},"query-input":{"@type":"PropertyValueSpecification","valueRequired":true,"valueName":"search_term_string"}}],"inLanguage":"es"},{"@type":"Organization","@id":"https:\/\/giftronic04.com\/#organization","name":"giftronic04","url":"https:\/\/giftronic04.com\/","logo":{"@type":"ImageObject","inLanguage":"es","@id":"https:\/\/giftronic04.com\/#\/schema\/logo\/image\/","url":"https:\/\/giftronic04.com\/wp-content\/uploads\/2021\/08\/logo.png","contentUrl":"https:\/\/giftronic04.com\/wp-content\/uploads\/2021\/08\/logo.png","width":6640,"height":2192,"caption":"giftronic04"},"image":{"@id":"https:\/\/giftronic04.com\/#\/schema\/logo\/image\/"},"sameAs":["https:\/\/www.instagram.com\/giftronic.04\/"]}]}},"jetpack_sharing_enabled":true,"_links":{"self":[{"href":"https:\/\/giftronic04.com\/index.php\/wp-json\/wp\/v2\/product\/6136","targetHints":{"allow":["GET"]}}],"collection":[{"href":"https:\/\/giftronic04.com\/index.php\/wp-json\/wp\/v2\/product"}],"about":[{"href":"https:\/\/giftronic04.com\/index.php\/wp-json\/wp\/v2\/types\/product"}],"replies":[{"embeddable":true,"href":"https:\/\/giftronic04.com\/index.php\/wp-json\/wp\/v2\/comments?post=6136"}],"wp:featuredmedia":[{"embeddable":true,"href":"https:\/\/giftronic04.com\/index.php\/wp-json\/wp\/v2\/media\/8711"}],"wp:attachment":[{"href":"https:\/\/giftronic04.com\/index.php\/wp-json\/wp\/v2\/media?parent=6136"}],"wp:term":[{"taxonomy":"product_brand","embeddable":true,"href":"https:\/\/giftronic04.com\/index.php\/wp-json\/wp\/v2\/product_brand?post=6136"},{"taxonomy":"product_cat","embeddable":true,"href":"https:\/\/giftronic04.com\/index.php\/wp-json\/wp\/v2\/product_cat?post=6136"},{"taxonomy":"product_tag","embeddable":true,"href":"https:\/\/giftronic04.com\/index.php\/wp-json\/wp\/v2\/product_tag?post=6136"}],"curies":[{"name":"wp","href":"https:\/\/api.w.org\/{rel}","templated":true}]}}