{"id":6446,"date":"2024-04-26T10:13:49","date_gmt":"2024-04-26T15:13:49","guid":{"rendered":"https:\/\/giftronic04.com\/?post_type=product&#038;p=6446"},"modified":"2026-03-18T11:08:35","modified_gmt":"2026-03-18T16:08:35","slug":"control-acer-nitro-alambrico-pc-gaming-ngr200-negrorojo","status":"publish","type":"product","link":"https:\/\/giftronic04.com\/index.php\/product\/control-acer-nitro-alambrico-pc-gaming-ngr200-negrorojo\/","title":{"rendered":"Control ACER Nitro Al\u00e1mbrico PC Gaming NGR200 Negro|Rojo"},"content":{"rendered":"<p>Caracter\u00edsticas:<\/p>\n<p>Referencia: NGR200<\/p>\n<p>Marca: ACER<\/p>\n<p>Tipo: CONTROL<\/p>\n<p>Caracter\u00edsticas T\u00e9cnicas<\/p>\n<p>Opciones de Conectividad<\/p>\n<p>Conexi\u00f3n Con Cable<\/p>\n<p>USB<\/p>\n<p>Pilas Bater\u00edas que Requiere<\/p>\n<p>No Requiere Pilas o Bater\u00edas<\/p>\n<p>Caracter\u00edsticas F\u00edsicas<\/p>\n<p>Conexi\u00f3n<\/p>\n<p>Al\u00e1mbrica<\/p>\n<p>Detalles del Producto<\/p>\n<p>Plataforma<\/p>\n<p>Computador PC<\/p>\n<p>Caracter\u00edsticas Especiales<\/p>\n<p>Plug and Play<\/p>\n<p>Tiene Vibraci\u00f3n<\/p>\n<p>Uso<\/p>\n<p>Computadores<\/p>\n<p>Gaming<\/p>\n<p>Informaci\u00f3n B\u00e1sica<\/p>\n<p>L\u00ednea Modelo Referencia<\/p>\n<p>NGR200<\/p>\n<p>Tonalidad de Color<\/p>\n<p>Negro &#8211; Rojo<\/p>\n<p>Informaci\u00f3n Adicional Relevante<\/p>\n<p>Qu\u00e9 incluye el producto<\/p>\n<p>Gu\u00eda de inicio r\u00e1pido, cable USB<\/p>\n<p>Caracter\u00edsticas destacadas<\/p>\n<p>17 botones para darle m\u00e1s poder a tus juegos<\/p>\n<p>Bot\u00f3n turbo autom\u00e1tico para ganar partidas f\u00e1cilmente<\/p>\n<p>Motores duales vibracionales en el interior<\/p>\n<p>Compatible con PC Windows y dispositivos Android<\/p>\n<p>Joysticks anal\u00f3gicos asim\u00e9tricos cuidadosamente dise\u00f1ados<\/p>\n<p>Resumen del producto<\/p>\n<p>Domina el mundo de los juegos con el Control Nitro que ACER trae para ti. Funciona a la perfecci\u00f3n con tu PC y dispositivos Android, incluye un bot\u00f3n turbo con el que obtendr\u00e1s la clave de la victoria en cada partida. Este control Gaming Nitro es para jugadores dispuestos a llegar al nivel supremo. Sorprende a tus amigos y disfruta de la mejor experiencia de juego en partidas ocasionales o compitiendo online. Tu mejor aventura comienza aqu\u00ed, compra ahora.<\/p>\n<p>Recomendaciones<\/p>\n<p>Se otorga 1 a\u00f1o de respaldo por defectos de fabricaci\u00f3n directamente con la marca \u2018Conservando empaques originales\u2019. No cubre da\u00f1os ocasionados por manipulaci\u00f3n no autorizada, golpes, derrames o mal uso del equipo, Las im\u00e1genes publicadas en esta p\u00e1gina son representaciones fotogr\u00e1ficas que ilustran de manera aproximada las caracter\u00edsticas de los equipos en venta y pueden variar respecto a la realidad seg\u00fan la resoluci\u00f3n de estas y del dispositivo que se utilice para observarlas. Para cualquier proceso de garant\u00eda debes entregar el producto con los empaques y accesorios ORIGINALES.<\/p>\n<p>Mejoramos el equipo para hacer m\u00e1s id\u00f3nea la configuraci\u00f3n, respetando la garant\u00eda y usando componentes tambi\u00e9n nuevos con compatibilidad certificada.<\/p>\n<p>Producto totalmente nuevo y original. Los componentes adicionales son totalmente nuevos con respaldo de 12 meses en tienda.<\/p>\n<p>Somos distribuidores autorizados.<\/p>\n<p>&nbsp;<\/p>\n","protected":false},"excerpt":{"rendered":"<p>Caracter\u00edsticas: Referencia: NGR200 Marca: ACER Tipo: CONTROL Caracter\u00edsticas T\u00e9cnicas Opciones de Conectividad Conexi\u00f3n Con Cable USB Pilas Bater\u00edas que Requiere No Requiere Pilas o Bater\u00edas Caracter\u00edsticas F\u00edsicas Conexi\u00f3n Al\u00e1mbrica Detalles del Producto Plataforma Computador PC Caracter\u00edsticas Especiales Plug and Play Tiene Vibraci\u00f3n Uso Computadores Gaming Informaci\u00f3n B\u00e1sica L\u00ednea Modelo Referencia NGR200 Tonalidad de Color Negro [&hellip;]<\/p>\n","protected":false},"featured_media":6447,"comment_status":"open","ping_status":"closed","template":"","meta":{"_surecart_dashboard_logo_width":"180px","_surecart_dashboard_show_logo":true,"_surecart_dashboard_navigation_orders":true,"_surecart_dashboard_navigation_invoices":true,"_surecart_dashboard_navigation_subscriptions":true,"_surecart_dashboard_navigation_downloads":true,"_surecart_dashboard_navigation_billing":true,"_surecart_dashboard_navigation_account":true,"site-sidebar-layout":"default","site-content-layout":"","ast-site-content-layout":"default","site-content-style":"default","site-sidebar-style":"default","ast-global-header-display":"","ast-banner-title-visibility":"","ast-main-header-display":"","ast-hfb-above-header-display":"","ast-hfb-below-header-display":"","ast-hfb-mobile-header-display":"","site-post-title":"","ast-breadcrumbs-content":"","ast-featured-img":"","footer-sml-layout":"","ast-disable-related-posts":"","theme-transparent-header-meta":"","adv-header-id-meta":"","stick-header-meta":"","header-above-stick-meta":"","header-main-stick-meta":"","header-below-stick-meta":"","astra-migrate-meta-layouts":"default","ast-page-background-enabled":"default","ast-page-background-meta":{"desktop":{"background-color":"var(--ast-global-color-4)","background-image":"","background-repeat":"repeat","background-position":"center center","background-size":"auto","background-attachment":"scroll","background-type":"","background-media":"","overlay-type":"","overlay-color":"","overlay-opacity":"","overlay-gradient":""},"tablet":{"background-color":"","background-image":"","background-repeat":"repeat","background-position":"center center","background-size":"auto","background-attachment":"scroll","background-type":"","background-media":"","overlay-type":"","overlay-color":"","overlay-opacity":"","overlay-gradient":""},"mobile":{"background-color":"","background-image":"","background-repeat":"repeat","background-position":"center center","background-size":"auto","background-attachment":"scroll","background-type":"","background-media":"","overlay-type":"","overlay-color":"","overlay-opacity":"","overlay-gradient":""}},"ast-content-background-meta":{"desktop":{"background-color":"var(--ast-global-color-5)","background-image":"","background-repeat":"repeat","background-position":"center center","background-size":"auto","background-attachment":"scroll","background-type":"","background-media":"","overlay-type":"","overlay-color":"","overlay-opacity":"","overlay-gradient":""},"tablet":{"background-color":"var(--ast-global-color-5)","background-image":"","background-repeat":"repeat","background-position":"center center","background-size":"auto","background-attachment":"scroll","background-type":"","background-media":"","overlay-type":"","overlay-color":"","overlay-opacity":"","overlay-gradient":""},"mobile":{"background-color":"var(--ast-global-color-5)","background-image":"","background-repeat":"repeat","background-position":"center center","background-size":"auto","background-attachment":"scroll","background-type":"","background-media":"","overlay-type":"","overlay-color":"","overlay-opacity":"","overlay-gradient":""}}},"product_brand":[],"product_cat":[46,50],"product_tag":[],"class_list":{"0":"post-6446","1":"product","2":"type-product","3":"status-publish","4":"has-post-thumbnail","6":"product_cat-accesorios-para-pc-gaming-consolas-y-videojuegos","7":"product_cat-accesorios-para-portatiles","8":"desktop-align-left","9":"tablet-align-left","10":"mobile-align-left","12":"first","13":"outofstock","14":"sale","15":"taxable","16":"shipping-taxable","17":"purchasable","18":"product-type-simple"},"yoast_head":"<!-- This site is optimized with the Yoast SEO plugin v27.5 - https:\/\/yoast.com\/product\/yoast-seo-wordpress\/ -->\n<title>Control ACER Nitro Al\u00e1mbrico PC Gaming NGR200 Negro|Rojo - Giftronic.04<\/title>\n<meta name=\"robots\" content=\"index, follow, max-snippet:-1, max-image-preview:large, max-video-preview:-1\" \/>\n<link rel=\"canonical\" href=\"https:\/\/giftronic04.com\/index.php\/product\/control-acer-nitro-alambrico-pc-gaming-ngr200-negrorojo\/\" \/>\n<meta property=\"og:locale\" content=\"es_ES\" \/>\n<meta property=\"og:type\" content=\"article\" \/>\n<meta property=\"og:title\" content=\"Control ACER Nitro Al\u00e1mbrico PC Gaming NGR200 Negro|Rojo - Giftronic.04\" \/>\n<meta property=\"og:description\" content=\"Caracter\u00edsticas: Referencia: NGR200 Marca: ACER Tipo: CONTROL Caracter\u00edsticas T\u00e9cnicas Opciones de Conectividad Conexi\u00f3n Con Cable USB Pilas Bater\u00edas que Requiere No Requiere Pilas o Bater\u00edas Caracter\u00edsticas F\u00edsicas Conexi\u00f3n Al\u00e1mbrica Detalles del Producto Plataforma Computador PC Caracter\u00edsticas Especiales Plug and Play Tiene Vibraci\u00f3n Uso Computadores Gaming Informaci\u00f3n B\u00e1sica L\u00ednea Modelo Referencia NGR200 Tonalidad de Color Negro [&hellip;]\" \/>\n<meta property=\"og:url\" content=\"https:\/\/giftronic04.com\/index.php\/product\/control-acer-nitro-alambrico-pc-gaming-ngr200-negrorojo\/\" \/>\n<meta property=\"og:site_name\" content=\"Giftronic.04\" \/>\n<meta property=\"article:modified_time\" content=\"2026-03-18T16:08:35+00:00\" \/>\n<meta property=\"og:image\" content=\"https:\/\/giftronic04.com\/wp-content\/uploads\/2024\/04\/4711121258688-001-1400Wx1400H.png\" \/>\n\t<meta property=\"og:image:width\" content=\"2000\" \/>\n\t<meta property=\"og:image:height\" content=\"2000\" \/>\n\t<meta property=\"og:image:type\" content=\"image\/png\" \/>\n<meta name=\"twitter:card\" content=\"summary_large_image\" \/>\n<meta name=\"twitter:label1\" content=\"Tiempo de lectura\" \/>\n\t<meta name=\"twitter:data1\" content=\"2 minutos\" \/>\n<script type=\"application\/ld+json\" class=\"yoast-schema-graph\">{\"@context\":\"https:\\\/\\\/schema.org\",\"@graph\":[{\"@type\":\"WebPage\",\"@id\":\"https:\\\/\\\/giftronic04.com\\\/index.php\\\/product\\\/control-acer-nitro-alambrico-pc-gaming-ngr200-negrorojo\\\/\",\"url\":\"https:\\\/\\\/giftronic04.com\\\/index.php\\\/product\\\/control-acer-nitro-alambrico-pc-gaming-ngr200-negrorojo\\\/\",\"name\":\"Control ACER Nitro Al\u00e1mbrico PC Gaming NGR200 Negro|Rojo - Giftronic.04\",\"isPartOf\":{\"@id\":\"https:\\\/\\\/giftronic04.com\\\/#website\"},\"primaryImageOfPage\":{\"@id\":\"https:\\\/\\\/giftronic04.com\\\/index.php\\\/product\\\/control-acer-nitro-alambrico-pc-gaming-ngr200-negrorojo\\\/#primaryimage\"},\"image\":{\"@id\":\"https:\\\/\\\/giftronic04.com\\\/index.php\\\/product\\\/control-acer-nitro-alambrico-pc-gaming-ngr200-negrorojo\\\/#primaryimage\"},\"thumbnailUrl\":\"https:\\\/\\\/giftronic04.com\\\/wp-content\\\/uploads\\\/2024\\\/04\\\/4711121258688-001-1400Wx1400H.png\",\"datePublished\":\"2024-04-26T15:13:49+00:00\",\"dateModified\":\"2026-03-18T16:08:35+00:00\",\"breadcrumb\":{\"@id\":\"https:\\\/\\\/giftronic04.com\\\/index.php\\\/product\\\/control-acer-nitro-alambrico-pc-gaming-ngr200-negrorojo\\\/#breadcrumb\"},\"inLanguage\":\"es\",\"potentialAction\":[{\"@type\":\"ReadAction\",\"target\":[\"https:\\\/\\\/giftronic04.com\\\/index.php\\\/product\\\/control-acer-nitro-alambrico-pc-gaming-ngr200-negrorojo\\\/\"]}]},{\"@type\":\"ImageObject\",\"inLanguage\":\"es\",\"@id\":\"https:\\\/\\\/giftronic04.com\\\/index.php\\\/product\\\/control-acer-nitro-alambrico-pc-gaming-ngr200-negrorojo\\\/#primaryimage\",\"url\":\"https:\\\/\\\/giftronic04.com\\\/wp-content\\\/uploads\\\/2024\\\/04\\\/4711121258688-001-1400Wx1400H.png\",\"contentUrl\":\"https:\\\/\\\/giftronic04.com\\\/wp-content\\\/uploads\\\/2024\\\/04\\\/4711121258688-001-1400Wx1400H.png\",\"width\":2000,\"height\":2000},{\"@type\":\"BreadcrumbList\",\"@id\":\"https:\\\/\\\/giftronic04.com\\\/index.php\\\/product\\\/control-acer-nitro-alambrico-pc-gaming-ngr200-negrorojo\\\/#breadcrumb\",\"itemListElement\":[{\"@type\":\"ListItem\",\"position\":1,\"name\":\"Portada\",\"item\":\"https:\\\/\\\/giftronic04.com\\\/\"},{\"@type\":\"ListItem\",\"position\":2,\"name\":\"Tienda\",\"item\":\"https:\\\/\\\/giftronic04.com\\\/index.php\\\/shop\\\/\"},{\"@type\":\"ListItem\",\"position\":3,\"name\":\"Control ACER Nitro Al\u00e1mbrico PC Gaming NGR200 Negro|Rojo\"}]},{\"@type\":\"WebSite\",\"@id\":\"https:\\\/\\\/giftronic04.com\\\/#website\",\"url\":\"https:\\\/\\\/giftronic04.com\\\/\",\"name\":\"Giftronic.04\",\"description\":\"Venta de equipos tecnologicos\",\"publisher\":{\"@id\":\"https:\\\/\\\/giftronic04.com\\\/#organization\"},\"potentialAction\":[{\"@type\":\"SearchAction\",\"target\":{\"@type\":\"EntryPoint\",\"urlTemplate\":\"https:\\\/\\\/giftronic04.com\\\/?s={search_term_string}\"},\"query-input\":{\"@type\":\"PropertyValueSpecification\",\"valueRequired\":true,\"valueName\":\"search_term_string\"}}],\"inLanguage\":\"es\"},{\"@type\":\"Organization\",\"@id\":\"https:\\\/\\\/giftronic04.com\\\/#organization\",\"name\":\"giftronic04\",\"url\":\"https:\\\/\\\/giftronic04.com\\\/\",\"logo\":{\"@type\":\"ImageObject\",\"inLanguage\":\"es\",\"@id\":\"https:\\\/\\\/giftronic04.com\\\/#\\\/schema\\\/logo\\\/image\\\/\",\"url\":\"https:\\\/\\\/giftronic04.com\\\/wp-content\\\/uploads\\\/2021\\\/08\\\/logo.png\",\"contentUrl\":\"https:\\\/\\\/giftronic04.com\\\/wp-content\\\/uploads\\\/2021\\\/08\\\/logo.png\",\"width\":6640,\"height\":2192,\"caption\":\"giftronic04\"},\"image\":{\"@id\":\"https:\\\/\\\/giftronic04.com\\\/#\\\/schema\\\/logo\\\/image\\\/\"},\"sameAs\":[\"https:\\\/\\\/www.instagram.com\\\/giftronic.04\\\/\"]}]}<\/script>\n<!-- \/ Yoast SEO plugin. -->","yoast_head_json":{"title":"Control ACER Nitro Al\u00e1mbrico PC Gaming NGR200 Negro|Rojo - Giftronic.04","robots":{"index":"index","follow":"follow","max-snippet":"max-snippet:-1","max-image-preview":"max-image-preview:large","max-video-preview":"max-video-preview:-1"},"canonical":"https:\/\/giftronic04.com\/index.php\/product\/control-acer-nitro-alambrico-pc-gaming-ngr200-negrorojo\/","og_locale":"es_ES","og_type":"article","og_title":"Control ACER Nitro Al\u00e1mbrico PC Gaming NGR200 Negro|Rojo - Giftronic.04","og_description":"Caracter\u00edsticas: Referencia: NGR200 Marca: ACER Tipo: CONTROL Caracter\u00edsticas T\u00e9cnicas Opciones de Conectividad Conexi\u00f3n Con Cable USB Pilas Bater\u00edas que Requiere No Requiere Pilas o Bater\u00edas Caracter\u00edsticas F\u00edsicas Conexi\u00f3n Al\u00e1mbrica Detalles del Producto Plataforma Computador PC Caracter\u00edsticas Especiales Plug and Play Tiene Vibraci\u00f3n Uso Computadores Gaming Informaci\u00f3n B\u00e1sica L\u00ednea Modelo Referencia NGR200 Tonalidad de Color Negro [&hellip;]","og_url":"https:\/\/giftronic04.com\/index.php\/product\/control-acer-nitro-alambrico-pc-gaming-ngr200-negrorojo\/","og_site_name":"Giftronic.04","article_modified_time":"2026-03-18T16:08:35+00:00","og_image":[{"width":2000,"height":2000,"url":"https:\/\/giftronic04.com\/wp-content\/uploads\/2024\/04\/4711121258688-001-1400Wx1400H.png","type":"image\/png"}],"twitter_card":"summary_large_image","twitter_misc":{"Tiempo de lectura":"2 minutos"},"schema":{"@context":"https:\/\/schema.org","@graph":[{"@type":"WebPage","@id":"https:\/\/giftronic04.com\/index.php\/product\/control-acer-nitro-alambrico-pc-gaming-ngr200-negrorojo\/","url":"https:\/\/giftronic04.com\/index.php\/product\/control-acer-nitro-alambrico-pc-gaming-ngr200-negrorojo\/","name":"Control ACER Nitro Al\u00e1mbrico PC Gaming NGR200 Negro|Rojo - Giftronic.04","isPartOf":{"@id":"https:\/\/giftronic04.com\/#website"},"primaryImageOfPage":{"@id":"https:\/\/giftronic04.com\/index.php\/product\/control-acer-nitro-alambrico-pc-gaming-ngr200-negrorojo\/#primaryimage"},"image":{"@id":"https:\/\/giftronic04.com\/index.php\/product\/control-acer-nitro-alambrico-pc-gaming-ngr200-negrorojo\/#primaryimage"},"thumbnailUrl":"https:\/\/giftronic04.com\/wp-content\/uploads\/2024\/04\/4711121258688-001-1400Wx1400H.png","datePublished":"2024-04-26T15:13:49+00:00","dateModified":"2026-03-18T16:08:35+00:00","breadcrumb":{"@id":"https:\/\/giftronic04.com\/index.php\/product\/control-acer-nitro-alambrico-pc-gaming-ngr200-negrorojo\/#breadcrumb"},"inLanguage":"es","potentialAction":[{"@type":"ReadAction","target":["https:\/\/giftronic04.com\/index.php\/product\/control-acer-nitro-alambrico-pc-gaming-ngr200-negrorojo\/"]}]},{"@type":"ImageObject","inLanguage":"es","@id":"https:\/\/giftronic04.com\/index.php\/product\/control-acer-nitro-alambrico-pc-gaming-ngr200-negrorojo\/#primaryimage","url":"https:\/\/giftronic04.com\/wp-content\/uploads\/2024\/04\/4711121258688-001-1400Wx1400H.png","contentUrl":"https:\/\/giftronic04.com\/wp-content\/uploads\/2024\/04\/4711121258688-001-1400Wx1400H.png","width":2000,"height":2000},{"@type":"BreadcrumbList","@id":"https:\/\/giftronic04.com\/index.php\/product\/control-acer-nitro-alambrico-pc-gaming-ngr200-negrorojo\/#breadcrumb","itemListElement":[{"@type":"ListItem","position":1,"name":"Portada","item":"https:\/\/giftronic04.com\/"},{"@type":"ListItem","position":2,"name":"Tienda","item":"https:\/\/giftronic04.com\/index.php\/shop\/"},{"@type":"ListItem","position":3,"name":"Control ACER Nitro Al\u00e1mbrico PC Gaming NGR200 Negro|Rojo"}]},{"@type":"WebSite","@id":"https:\/\/giftronic04.com\/#website","url":"https:\/\/giftronic04.com\/","name":"Giftronic.04","description":"Venta de equipos tecnologicos","publisher":{"@id":"https:\/\/giftronic04.com\/#organization"},"potentialAction":[{"@type":"SearchAction","target":{"@type":"EntryPoint","urlTemplate":"https:\/\/giftronic04.com\/?s={search_term_string}"},"query-input":{"@type":"PropertyValueSpecification","valueRequired":true,"valueName":"search_term_string"}}],"inLanguage":"es"},{"@type":"Organization","@id":"https:\/\/giftronic04.com\/#organization","name":"giftronic04","url":"https:\/\/giftronic04.com\/","logo":{"@type":"ImageObject","inLanguage":"es","@id":"https:\/\/giftronic04.com\/#\/schema\/logo\/image\/","url":"https:\/\/giftronic04.com\/wp-content\/uploads\/2021\/08\/logo.png","contentUrl":"https:\/\/giftronic04.com\/wp-content\/uploads\/2021\/08\/logo.png","width":6640,"height":2192,"caption":"giftronic04"},"image":{"@id":"https:\/\/giftronic04.com\/#\/schema\/logo\/image\/"},"sameAs":["https:\/\/www.instagram.com\/giftronic.04\/"]}]}},"jetpack_sharing_enabled":true,"_links":{"self":[{"href":"https:\/\/giftronic04.com\/index.php\/wp-json\/wp\/v2\/product\/6446","targetHints":{"allow":["GET"]}}],"collection":[{"href":"https:\/\/giftronic04.com\/index.php\/wp-json\/wp\/v2\/product"}],"about":[{"href":"https:\/\/giftronic04.com\/index.php\/wp-json\/wp\/v2\/types\/product"}],"replies":[{"embeddable":true,"href":"https:\/\/giftronic04.com\/index.php\/wp-json\/wp\/v2\/comments?post=6446"}],"wp:featuredmedia":[{"embeddable":true,"href":"https:\/\/giftronic04.com\/index.php\/wp-json\/wp\/v2\/media\/6447"}],"wp:attachment":[{"href":"https:\/\/giftronic04.com\/index.php\/wp-json\/wp\/v2\/media?parent=6446"}],"wp:term":[{"taxonomy":"product_brand","embeddable":true,"href":"https:\/\/giftronic04.com\/index.php\/wp-json\/wp\/v2\/product_brand?post=6446"},{"taxonomy":"product_cat","embeddable":true,"href":"https:\/\/giftronic04.com\/index.php\/wp-json\/wp\/v2\/product_cat?post=6446"},{"taxonomy":"product_tag","embeddable":true,"href":"https:\/\/giftronic04.com\/index.php\/wp-json\/wp\/v2\/product_tag?post=6446"}],"curies":[{"name":"wp","href":"https:\/\/api.w.org\/{rel}","templated":true}]}}