{"id":7414,"date":"2024-10-09T12:46:20","date_gmt":"2024-10-09T17:46:20","guid":{"rendered":"https:\/\/giftronic04.com\/?post_type=product&#038;p=7414"},"modified":"2025-04-23T10:04:55","modified_gmt":"2025-04-23T15:04:55","slug":"diadema-hyperx-alambricos-on-ear-cloud-core-7-1-gaming-black","status":"publish","type":"product","link":"https:\/\/giftronic04.com\/index.php\/product\/diadema-hyperx-alambricos-on-ear-cloud-core-7-1-gaming-black\/","title":{"rendered":"Diadema HYPERX Al\u00e1mbricos On Ear Cloud Core 7.1 Gaming Black"},"content":{"rendered":"<p>Caracter\u00edsticas:<\/p>\n<p>Referencia: 4P4F2AA<\/p>\n<p>Marca: HYPERX<\/p>\n<p>Tipo: Diadema Gaming<\/p>\n<p>Opciones de Conectividad<\/p>\n<p>Conexi\u00f3n Con Cable<\/p>\n<p>Sistema Operativo Compatible<\/p>\n<p>Compatible con Cualquier Sistema Operativo<\/p>\n<p>Respuesta Auricular:\u00a0\u00a0\u00a0\u00a0\u00a0\u00a0\u00a0\u00a0\u00a0 98 dBSPL\/mW a 1 kHz<\/p>\n<p>Respuesta de Frecuencia: 15 Hz a 25 kHz<\/p>\n<p>Peso:\u00a0 283 g<\/p>\n<p>Rango de Frecuencia<\/p>\n<p>25000<\/p>\n<p>Impedancia<\/p>\n<p>60\u00a0 Omnhios<\/p>\n<p>Caracter\u00edsticas F\u00edsicas<\/p>\n<p>Tonalidad de Color<\/p>\n<p>Negro<\/p>\n<p>Uso<\/p>\n<p>Computadores<\/p>\n<p>Gaming<\/p>\n<p>Videojuegos<\/p>\n<p>Tipo de Aud\u00edfonos<\/p>\n<p>Gaming<\/p>\n<p>Conexi\u00f3n<\/p>\n<p>Al\u00e1mbrica<\/p>\n<p>Longitud del Cable<\/p>\n<p>180 cent\u00edmetros<\/p>\n<p>Informaci\u00f3n Adicional Relevante<\/p>\n<p>Qu\u00e9 incluye el producto<\/p>\n<p>Auriculares para juegos, micr\u00f3fono desmontable, cable de extensi\u00f3n para PC, auriculares DTS:X<\/p>\n<p>Marco de aluminio resistente para manejar el desgaste del uso diario<\/p>\n<p>Micr\u00f3fono desmontable con cancelaci\u00f3n de ruido<\/p>\n<p>Compatible con PC, Xbox Series X|S, Xbox One<\/p>\n<p>Auriculares DTS\u00ae: audio espacial X\u00ae<\/p>\n<p>Resumen del producto<\/p>\n<p>Los Aud\u00edfonos HYPERX Cloud Core con sonido envolvente virtual 7.1 que proporciona un audio posicional claro para una experiencia de juego m\u00e1s inmersiva. Tambi\u00e9n cuenta con la exclusiva espuma con memoria HyperX y cuero sint\u00e9tico suave, lo que lo hace c\u00f3modo para largas sesiones de juego. El micr\u00f3fono desmontable con cancelaci\u00f3n de ruido mantiene los sonidos ambientales fuera de su chat de voz y se puede quitar cuando no se usa. Los auriculares Cloud son conocidos por su legendario sonido, comodidad y durabilidad que se optimizan para tu forma de jugar.<\/p>\n<p>Recomendaciones<\/p>\n<p>Se otorga 1 a\u00f1o de respaldo por defectos de fabricaci\u00f3n directamente con la marca \u2018Conservando empaques originales\u2019. No cubre da\u00f1os ocasionados por manipulaci\u00f3n no autorizada, golpes, derrames o mal uso del equipo, Las im\u00e1genes publicadas en esta p\u00e1gina son representaciones fotogr\u00e1ficas que ilustran de manera aproximada las caracter\u00edsticas de los equipos en venta y pueden variar respecto a la realidad seg\u00fan la resoluci\u00f3n de estas y del dispositivo que se utilice para observarlas. Para cualquier proceso de garant\u00eda debes entregar el producto con los empaques y accesorios ORIGINALES.<\/p>\n","protected":false},"excerpt":{"rendered":"[video width=\"854\" height=\"480\" mp4=\"https:\/\/giftronic04.com\/wp-content\/uploads\/2024\/10\/840-1.mp4\"][\/video]\n","protected":false},"featured_media":7415,"comment_status":"open","ping_status":"closed","template":"","meta":{"_surecart_dashboard_logo_width":"180px","_surecart_dashboard_show_logo":true,"_surecart_dashboard_navigation_orders":true,"_surecart_dashboard_navigation_invoices":true,"_surecart_dashboard_navigation_subscriptions":true,"_surecart_dashboard_navigation_downloads":true,"_surecart_dashboard_navigation_billing":true,"_surecart_dashboard_navigation_account":true,"site-sidebar-layout":"default","site-content-layout":"","ast-site-content-layout":"default","site-content-style":"default","site-sidebar-style":"default","ast-global-header-display":"","ast-banner-title-visibility":"","ast-main-header-display":"","ast-hfb-above-header-display":"","ast-hfb-below-header-display":"","ast-hfb-mobile-header-display":"","site-post-title":"","ast-breadcrumbs-content":"","ast-featured-img":"","footer-sml-layout":"","ast-disable-related-posts":"","theme-transparent-header-meta":"","adv-header-id-meta":"","stick-header-meta":"","header-above-stick-meta":"","header-main-stick-meta":"","header-below-stick-meta":"","astra-migrate-meta-layouts":"default","ast-page-background-enabled":"default","ast-page-background-meta":{"desktop":{"background-color":"var(--ast-global-color-4)","background-image":"","background-repeat":"repeat","background-position":"center center","background-size":"auto","background-attachment":"scroll","background-type":"","background-media":"","overlay-type":"","overlay-color":"","overlay-opacity":"","overlay-gradient":""},"tablet":{"background-color":"","background-image":"","background-repeat":"repeat","background-position":"center center","background-size":"auto","background-attachment":"scroll","background-type":"","background-media":"","overlay-type":"","overlay-color":"","overlay-opacity":"","overlay-gradient":""},"mobile":{"background-color":"","background-image":"","background-repeat":"repeat","background-position":"center center","background-size":"auto","background-attachment":"scroll","background-type":"","background-media":"","overlay-type":"","overlay-color":"","overlay-opacity":"","overlay-gradient":""}},"ast-content-background-meta":{"desktop":{"background-color":"var(--ast-global-color-5)","background-image":"","background-repeat":"repeat","background-position":"center center","background-size":"auto","background-attachment":"scroll","background-type":"","background-media":"","overlay-type":"","overlay-color":"","overlay-opacity":"","overlay-gradient":""},"tablet":{"background-color":"var(--ast-global-color-5)","background-image":"","background-repeat":"repeat","background-position":"center center","background-size":"auto","background-attachment":"scroll","background-type":"","background-media":"","overlay-type":"","overlay-color":"","overlay-opacity":"","overlay-gradient":""},"mobile":{"background-color":"var(--ast-global-color-5)","background-image":"","background-repeat":"repeat","background-position":"center center","background-size":"auto","background-attachment":"scroll","background-type":"","background-media":"","overlay-type":"","overlay-color":"","overlay-opacity":"","overlay-gradient":""}}},"product_brand":[],"product_cat":[46,50,36],"product_tag":[],"class_list":{"0":"post-7414","1":"product","2":"type-product","3":"status-publish","4":"has-post-thumbnail","6":"product_cat-accesorios-para-pc-gaming-consolas-y-videojuegos","7":"product_cat-accesorios-para-portatiles","8":"product_cat-perifericos-de-pc","9":"desktop-align-left","10":"tablet-align-left","11":"mobile-align-left","13":"first","14":"outofstock","15":"sale","16":"taxable","17":"shipping-taxable","18":"purchasable","19":"product-type-simple"},"yoast_head":"<!-- This site is optimized with the Yoast SEO plugin v27.4 - https:\/\/yoast.com\/product\/yoast-seo-wordpress\/ -->\n<title>Diadema HYPERX Al\u00e1mbricos On Ear Cloud Core 7.1 Gaming Black - Giftronic.04<\/title>\n<meta name=\"robots\" content=\"index, follow, max-snippet:-1, max-image-preview:large, max-video-preview:-1\" \/>\n<link rel=\"canonical\" href=\"https:\/\/giftronic04.com\/index.php\/product\/diadema-hyperx-alambricos-on-ear-cloud-core-7-1-gaming-black\/\" \/>\n<meta property=\"og:locale\" content=\"es_ES\" \/>\n<meta property=\"og:type\" content=\"article\" \/>\n<meta property=\"og:title\" content=\"Diadema HYPERX Al\u00e1mbricos On Ear Cloud Core 7.1 Gaming Black - Giftronic.04\" \/>\n<meta property=\"og:url\" content=\"https:\/\/giftronic04.com\/index.php\/product\/diadema-hyperx-alambricos-on-ear-cloud-core-7-1-gaming-black\/\" \/>\n<meta property=\"og:site_name\" content=\"Giftronic.04\" \/>\n<meta property=\"article:modified_time\" content=\"2025-04-23T15:04:55+00:00\" \/>\n<meta property=\"og:image\" content=\"https:\/\/giftronic04.com\/wp-content\/uploads\/2024\/10\/1400Wx1400H-master-hotfolder-transfer-incoming-deposit-hybris-interfaces-IN-media-product-196188042434-009.jpg\" \/>\n\t<meta property=\"og:image:width\" content=\"1400\" \/>\n\t<meta property=\"og:image:height\" content=\"1400\" \/>\n\t<meta property=\"og:image:type\" content=\"image\/jpeg\" \/>\n<meta name=\"twitter:card\" content=\"summary_large_image\" \/>\n<meta name=\"twitter:description\" content=\"[video width=&quot;854&quot; height=&quot;480&quot; mp4=&quot;https:\/\/giftronic04.com\/wp-content\/uploads\/2024\/10\/840-1.mp4&quot;][\/video]\" \/>\n<meta name=\"twitter:label1\" content=\"Tiempo de lectura\" \/>\n\t<meta name=\"twitter:data1\" content=\"2 minutos\" \/>\n<script type=\"application\/ld+json\" class=\"yoast-schema-graph\">{\"@context\":\"https:\\\/\\\/schema.org\",\"@graph\":[{\"@type\":\"WebPage\",\"@id\":\"https:\\\/\\\/giftronic04.com\\\/index.php\\\/product\\\/diadema-hyperx-alambricos-on-ear-cloud-core-7-1-gaming-black\\\/\",\"url\":\"https:\\\/\\\/giftronic04.com\\\/index.php\\\/product\\\/diadema-hyperx-alambricos-on-ear-cloud-core-7-1-gaming-black\\\/\",\"name\":\"Diadema HYPERX Al\u00e1mbricos On Ear Cloud Core 7.1 Gaming Black - Giftronic.04\",\"isPartOf\":{\"@id\":\"https:\\\/\\\/giftronic04.com\\\/#website\"},\"primaryImageOfPage\":{\"@id\":\"https:\\\/\\\/giftronic04.com\\\/index.php\\\/product\\\/diadema-hyperx-alambricos-on-ear-cloud-core-7-1-gaming-black\\\/#primaryimage\"},\"image\":{\"@id\":\"https:\\\/\\\/giftronic04.com\\\/index.php\\\/product\\\/diadema-hyperx-alambricos-on-ear-cloud-core-7-1-gaming-black\\\/#primaryimage\"},\"thumbnailUrl\":\"https:\\\/\\\/giftronic04.com\\\/wp-content\\\/uploads\\\/2024\\\/10\\\/1400Wx1400H-master-hotfolder-transfer-incoming-deposit-hybris-interfaces-IN-media-product-196188042434-009.jpg\",\"datePublished\":\"2024-10-09T17:46:20+00:00\",\"dateModified\":\"2025-04-23T15:04:55+00:00\",\"breadcrumb\":{\"@id\":\"https:\\\/\\\/giftronic04.com\\\/index.php\\\/product\\\/diadema-hyperx-alambricos-on-ear-cloud-core-7-1-gaming-black\\\/#breadcrumb\"},\"inLanguage\":\"es\",\"potentialAction\":[{\"@type\":\"ReadAction\",\"target\":[\"https:\\\/\\\/giftronic04.com\\\/index.php\\\/product\\\/diadema-hyperx-alambricos-on-ear-cloud-core-7-1-gaming-black\\\/\"]}]},{\"@type\":\"ImageObject\",\"inLanguage\":\"es\",\"@id\":\"https:\\\/\\\/giftronic04.com\\\/index.php\\\/product\\\/diadema-hyperx-alambricos-on-ear-cloud-core-7-1-gaming-black\\\/#primaryimage\",\"url\":\"https:\\\/\\\/giftronic04.com\\\/wp-content\\\/uploads\\\/2024\\\/10\\\/1400Wx1400H-master-hotfolder-transfer-incoming-deposit-hybris-interfaces-IN-media-product-196188042434-009.jpg\",\"contentUrl\":\"https:\\\/\\\/giftronic04.com\\\/wp-content\\\/uploads\\\/2024\\\/10\\\/1400Wx1400H-master-hotfolder-transfer-incoming-deposit-hybris-interfaces-IN-media-product-196188042434-009.jpg\",\"width\":1400,\"height\":1400},{\"@type\":\"BreadcrumbList\",\"@id\":\"https:\\\/\\\/giftronic04.com\\\/index.php\\\/product\\\/diadema-hyperx-alambricos-on-ear-cloud-core-7-1-gaming-black\\\/#breadcrumb\",\"itemListElement\":[{\"@type\":\"ListItem\",\"position\":1,\"name\":\"Portada\",\"item\":\"https:\\\/\\\/giftronic04.com\\\/\"},{\"@type\":\"ListItem\",\"position\":2,\"name\":\"Tienda\",\"item\":\"https:\\\/\\\/giftronic04.com\\\/index.php\\\/shop\\\/\"},{\"@type\":\"ListItem\",\"position\":3,\"name\":\"Diadema HYPERX Al\u00e1mbricos On Ear Cloud Core 7.1 Gaming Black\"}]},{\"@type\":\"WebSite\",\"@id\":\"https:\\\/\\\/giftronic04.com\\\/#website\",\"url\":\"https:\\\/\\\/giftronic04.com\\\/\",\"name\":\"Giftronic.04\",\"description\":\"Venta de equipos tecnologicos\",\"publisher\":{\"@id\":\"https:\\\/\\\/giftronic04.com\\\/#organization\"},\"potentialAction\":[{\"@type\":\"SearchAction\",\"target\":{\"@type\":\"EntryPoint\",\"urlTemplate\":\"https:\\\/\\\/giftronic04.com\\\/?s={search_term_string}\"},\"query-input\":{\"@type\":\"PropertyValueSpecification\",\"valueRequired\":true,\"valueName\":\"search_term_string\"}}],\"inLanguage\":\"es\"},{\"@type\":\"Organization\",\"@id\":\"https:\\\/\\\/giftronic04.com\\\/#organization\",\"name\":\"giftronic04\",\"url\":\"https:\\\/\\\/giftronic04.com\\\/\",\"logo\":{\"@type\":\"ImageObject\",\"inLanguage\":\"es\",\"@id\":\"https:\\\/\\\/giftronic04.com\\\/#\\\/schema\\\/logo\\\/image\\\/\",\"url\":\"https:\\\/\\\/giftronic04.com\\\/wp-content\\\/uploads\\\/2021\\\/08\\\/logo.png\",\"contentUrl\":\"https:\\\/\\\/giftronic04.com\\\/wp-content\\\/uploads\\\/2021\\\/08\\\/logo.png\",\"width\":6640,\"height\":2192,\"caption\":\"giftronic04\"},\"image\":{\"@id\":\"https:\\\/\\\/giftronic04.com\\\/#\\\/schema\\\/logo\\\/image\\\/\"},\"sameAs\":[\"https:\\\/\\\/www.instagram.com\\\/giftronic.04\\\/\"]}]}<\/script>\n<!-- \/ Yoast SEO plugin. -->","yoast_head_json":{"title":"Diadema HYPERX Al\u00e1mbricos On Ear Cloud Core 7.1 Gaming Black - Giftronic.04","robots":{"index":"index","follow":"follow","max-snippet":"max-snippet:-1","max-image-preview":"max-image-preview:large","max-video-preview":"max-video-preview:-1"},"canonical":"https:\/\/giftronic04.com\/index.php\/product\/diadema-hyperx-alambricos-on-ear-cloud-core-7-1-gaming-black\/","og_locale":"es_ES","og_type":"article","og_title":"Diadema HYPERX Al\u00e1mbricos On Ear Cloud Core 7.1 Gaming Black - Giftronic.04","og_url":"https:\/\/giftronic04.com\/index.php\/product\/diadema-hyperx-alambricos-on-ear-cloud-core-7-1-gaming-black\/","og_site_name":"Giftronic.04","article_modified_time":"2025-04-23T15:04:55+00:00","og_image":[{"width":1400,"height":1400,"url":"https:\/\/giftronic04.com\/wp-content\/uploads\/2024\/10\/1400Wx1400H-master-hotfolder-transfer-incoming-deposit-hybris-interfaces-IN-media-product-196188042434-009.jpg","type":"image\/jpeg"}],"twitter_card":"summary_large_image","twitter_description":"[video width=\"854\" height=\"480\" mp4=\"https:\/\/giftronic04.com\/wp-content\/uploads\/2024\/10\/840-1.mp4\"][\/video]","twitter_misc":{"Tiempo de lectura":"2 minutos"},"schema":{"@context":"https:\/\/schema.org","@graph":[{"@type":"WebPage","@id":"https:\/\/giftronic04.com\/index.php\/product\/diadema-hyperx-alambricos-on-ear-cloud-core-7-1-gaming-black\/","url":"https:\/\/giftronic04.com\/index.php\/product\/diadema-hyperx-alambricos-on-ear-cloud-core-7-1-gaming-black\/","name":"Diadema HYPERX Al\u00e1mbricos On Ear Cloud Core 7.1 Gaming Black - Giftronic.04","isPartOf":{"@id":"https:\/\/giftronic04.com\/#website"},"primaryImageOfPage":{"@id":"https:\/\/giftronic04.com\/index.php\/product\/diadema-hyperx-alambricos-on-ear-cloud-core-7-1-gaming-black\/#primaryimage"},"image":{"@id":"https:\/\/giftronic04.com\/index.php\/product\/diadema-hyperx-alambricos-on-ear-cloud-core-7-1-gaming-black\/#primaryimage"},"thumbnailUrl":"https:\/\/giftronic04.com\/wp-content\/uploads\/2024\/10\/1400Wx1400H-master-hotfolder-transfer-incoming-deposit-hybris-interfaces-IN-media-product-196188042434-009.jpg","datePublished":"2024-10-09T17:46:20+00:00","dateModified":"2025-04-23T15:04:55+00:00","breadcrumb":{"@id":"https:\/\/giftronic04.com\/index.php\/product\/diadema-hyperx-alambricos-on-ear-cloud-core-7-1-gaming-black\/#breadcrumb"},"inLanguage":"es","potentialAction":[{"@type":"ReadAction","target":["https:\/\/giftronic04.com\/index.php\/product\/diadema-hyperx-alambricos-on-ear-cloud-core-7-1-gaming-black\/"]}]},{"@type":"ImageObject","inLanguage":"es","@id":"https:\/\/giftronic04.com\/index.php\/product\/diadema-hyperx-alambricos-on-ear-cloud-core-7-1-gaming-black\/#primaryimage","url":"https:\/\/giftronic04.com\/wp-content\/uploads\/2024\/10\/1400Wx1400H-master-hotfolder-transfer-incoming-deposit-hybris-interfaces-IN-media-product-196188042434-009.jpg","contentUrl":"https:\/\/giftronic04.com\/wp-content\/uploads\/2024\/10\/1400Wx1400H-master-hotfolder-transfer-incoming-deposit-hybris-interfaces-IN-media-product-196188042434-009.jpg","width":1400,"height":1400},{"@type":"BreadcrumbList","@id":"https:\/\/giftronic04.com\/index.php\/product\/diadema-hyperx-alambricos-on-ear-cloud-core-7-1-gaming-black\/#breadcrumb","itemListElement":[{"@type":"ListItem","position":1,"name":"Portada","item":"https:\/\/giftronic04.com\/"},{"@type":"ListItem","position":2,"name":"Tienda","item":"https:\/\/giftronic04.com\/index.php\/shop\/"},{"@type":"ListItem","position":3,"name":"Diadema HYPERX Al\u00e1mbricos On Ear Cloud Core 7.1 Gaming Black"}]},{"@type":"WebSite","@id":"https:\/\/giftronic04.com\/#website","url":"https:\/\/giftronic04.com\/","name":"Giftronic.04","description":"Venta de equipos tecnologicos","publisher":{"@id":"https:\/\/giftronic04.com\/#organization"},"potentialAction":[{"@type":"SearchAction","target":{"@type":"EntryPoint","urlTemplate":"https:\/\/giftronic04.com\/?s={search_term_string}"},"query-input":{"@type":"PropertyValueSpecification","valueRequired":true,"valueName":"search_term_string"}}],"inLanguage":"es"},{"@type":"Organization","@id":"https:\/\/giftronic04.com\/#organization","name":"giftronic04","url":"https:\/\/giftronic04.com\/","logo":{"@type":"ImageObject","inLanguage":"es","@id":"https:\/\/giftronic04.com\/#\/schema\/logo\/image\/","url":"https:\/\/giftronic04.com\/wp-content\/uploads\/2021\/08\/logo.png","contentUrl":"https:\/\/giftronic04.com\/wp-content\/uploads\/2021\/08\/logo.png","width":6640,"height":2192,"caption":"giftronic04"},"image":{"@id":"https:\/\/giftronic04.com\/#\/schema\/logo\/image\/"},"sameAs":["https:\/\/www.instagram.com\/giftronic.04\/"]}]}},"jetpack_sharing_enabled":true,"_links":{"self":[{"href":"https:\/\/giftronic04.com\/index.php\/wp-json\/wp\/v2\/product\/7414","targetHints":{"allow":["GET"]}}],"collection":[{"href":"https:\/\/giftronic04.com\/index.php\/wp-json\/wp\/v2\/product"}],"about":[{"href":"https:\/\/giftronic04.com\/index.php\/wp-json\/wp\/v2\/types\/product"}],"replies":[{"embeddable":true,"href":"https:\/\/giftronic04.com\/index.php\/wp-json\/wp\/v2\/comments?post=7414"}],"wp:featuredmedia":[{"embeddable":true,"href":"https:\/\/giftronic04.com\/index.php\/wp-json\/wp\/v2\/media\/7415"}],"wp:attachment":[{"href":"https:\/\/giftronic04.com\/index.php\/wp-json\/wp\/v2\/media?parent=7414"}],"wp:term":[{"taxonomy":"product_brand","embeddable":true,"href":"https:\/\/giftronic04.com\/index.php\/wp-json\/wp\/v2\/product_brand?post=7414"},{"taxonomy":"product_cat","embeddable":true,"href":"https:\/\/giftronic04.com\/index.php\/wp-json\/wp\/v2\/product_cat?post=7414"},{"taxonomy":"product_tag","embeddable":true,"href":"https:\/\/giftronic04.com\/index.php\/wp-json\/wp\/v2\/product_tag?post=7414"}],"curies":[{"name":"wp","href":"https:\/\/api.w.org\/{rel}","templated":true}]}}