{"id":7423,"date":"2024-10-10T16:01:37","date_gmt":"2024-10-10T21:01:37","guid":{"rendered":"https:\/\/giftronic04.com\/?post_type=product&#038;p=7423"},"modified":"2025-04-23T10:05:06","modified_gmt":"2025-04-23T15:05:06","slug":"mouse-hyperx-alambrico-optico-pulsefire-core-6200dpi-rgb-gaming","status":"publish","type":"product","link":"https:\/\/giftronic04.com\/index.php\/product\/mouse-hyperx-alambrico-optico-pulsefire-core-6200dpi-rgb-gaming\/","title":{"rendered":"Mouse HYPERX Al\u00e1mbrico Optico Pulsefire Core 6200DPI RGB Gaming"},"content":{"rendered":"<p>Caracter\u00edsticas:<\/p>\n<p>Referencia: 4P4F8AA<\/p>\n<p>Marca: HYPERX<\/p>\n<p>Tipo: MOUSE GAMING<\/p>\n<p>Caracter\u00edsticas T\u00e9cnicas<\/p>\n<p>Sensor \u00d3ptico<\/p>\n<p>6200\u00a0 Dpi<\/p>\n<p>Opciones de Conectividad<\/p>\n<p>Conexi\u00f3n Con Cable<\/p>\n<p>Apto para Manejo con Mano<\/p>\n<p>Ambidiestra<\/p>\n<p>Distancia Max de Operaci\u00f3n<\/p>\n<p>180 Cent\u00edmetros<\/p>\n<p>Sistema Operativo Compatible<\/p>\n<p>Windows<\/p>\n<p>Caracter\u00edsticas F\u00edsicas<\/p>\n<p>Tonalidad de Color<\/p>\n<p>Negro<\/p>\n<p>Uso<\/p>\n<p>Computadores<\/p>\n<p>Dise\u00f1o Ergon\u00f3mico<\/p>\n<p>SI Tiene Dise\u00f1o Ergon\u00f3mico<\/p>\n<p>Conexi\u00f3n<\/p>\n<p>Al\u00e1mbrica<\/p>\n<p>No. Botones<\/p>\n<p>7 Botones<\/p>\n<p>Tipo de Mouse<\/p>\n<p>Gaming<\/p>\n<p>Plug and Play<\/p>\n<p>Si Es Plug and Play<\/p>\n<p>Informaci\u00f3n Adicional Relevante<\/p>\n<p>Pulsefire Core RGB<\/p>\n<p>Resumen del producto<\/p>\n<p>El HYPERX Pulsefire Core es un c\u00f3modo mouse RGB para juegos que cuenta con el sensor \u00f3ptico Pixart 3327 para configuraciones de hasta 6200 DPI. Adicional cuenta con un seguimiento preciso y suave sin acelerar el hardware, gracias a que los interruptores de nivel de juego cuentan con respuesta t\u00e1ctil definida y admiten hasta 20 millones de clics | El mouse tiene un dise\u00f1o ergon\u00f3mico con forma sim\u00e9trica que se adapta a los agarres de la palma de la mano y los lados son texturizados para ofrecer un agarre antideslizante.<\/p>\n<p>Recomendaciones<\/p>\n<p>Se otorga 1 a\u00f1o de respaldo por defectos de fabricaci\u00f3n directamente con la marca \u2018Conservando empaques originales\u2019. No cubre da\u00f1os ocasionados por manipulaci\u00f3n no autorizada, golpes, derrames o mal uso del equipo, Las im\u00e1genes publicadas en esta p\u00e1gina son representaciones fotogr\u00e1ficas que ilustran de manera aproximada las caracter\u00edsticas de los equipos en venta y pueden variar respecto a la realidad seg\u00fan la resoluci\u00f3n de estas y del dispositivo que se utilice para observarlas. Para cualquier proceso de garant\u00eda debes entregar el producto con los empaques y accesorios ORIGINALES.<\/p>\n","protected":false},"excerpt":{"rendered":"[video width=\"854\" height=\"480\" mp4=\"https:\/\/giftronic04.com\/wp-content\/uploads\/2024\/10\/840-2.mp4\"][\/video]\n","protected":false},"featured_media":7424,"comment_status":"open","ping_status":"closed","template":"","meta":{"_surecart_dashboard_logo_width":"180px","_surecart_dashboard_show_logo":true,"_surecart_dashboard_navigation_orders":true,"_surecart_dashboard_navigation_invoices":true,"_surecart_dashboard_navigation_subscriptions":true,"_surecart_dashboard_navigation_downloads":true,"_surecart_dashboard_navigation_billing":true,"_surecart_dashboard_navigation_account":true,"site-sidebar-layout":"default","site-content-layout":"","ast-site-content-layout":"default","site-content-style":"default","site-sidebar-style":"default","ast-global-header-display":"","ast-banner-title-visibility":"","ast-main-header-display":"","ast-hfb-above-header-display":"","ast-hfb-below-header-display":"","ast-hfb-mobile-header-display":"","site-post-title":"","ast-breadcrumbs-content":"","ast-featured-img":"","footer-sml-layout":"","ast-disable-related-posts":"","theme-transparent-header-meta":"","adv-header-id-meta":"","stick-header-meta":"","header-above-stick-meta":"","header-main-stick-meta":"","header-below-stick-meta":"","astra-migrate-meta-layouts":"default","ast-page-background-enabled":"default","ast-page-background-meta":{"desktop":{"background-color":"var(--ast-global-color-4)","background-image":"","background-repeat":"repeat","background-position":"center center","background-size":"auto","background-attachment":"scroll","background-type":"","background-media":"","overlay-type":"","overlay-color":"","overlay-opacity":"","overlay-gradient":""},"tablet":{"background-color":"","background-image":"","background-repeat":"repeat","background-position":"center center","background-size":"auto","background-attachment":"scroll","background-type":"","background-media":"","overlay-type":"","overlay-color":"","overlay-opacity":"","overlay-gradient":""},"mobile":{"background-color":"","background-image":"","background-repeat":"repeat","background-position":"center center","background-size":"auto","background-attachment":"scroll","background-type":"","background-media":"","overlay-type":"","overlay-color":"","overlay-opacity":"","overlay-gradient":""}},"ast-content-background-meta":{"desktop":{"background-color":"var(--ast-global-color-5)","background-image":"","background-repeat":"repeat","background-position":"center center","background-size":"auto","background-attachment":"scroll","background-type":"","background-media":"","overlay-type":"","overlay-color":"","overlay-opacity":"","overlay-gradient":""},"tablet":{"background-color":"var(--ast-global-color-5)","background-image":"","background-repeat":"repeat","background-position":"center center","background-size":"auto","background-attachment":"scroll","background-type":"","background-media":"","overlay-type":"","overlay-color":"","overlay-opacity":"","overlay-gradient":""},"mobile":{"background-color":"var(--ast-global-color-5)","background-image":"","background-repeat":"repeat","background-position":"center center","background-size":"auto","background-attachment":"scroll","background-type":"","background-media":"","overlay-type":"","overlay-color":"","overlay-opacity":"","overlay-gradient":""}}},"product_brand":[],"product_cat":[50,52],"product_tag":[],"class_list":{"0":"post-7423","1":"product","2":"type-product","3":"status-publish","4":"has-post-thumbnail","6":"product_cat-accesorios-para-portatiles","7":"product_cat-mouses-y-teclados","8":"desktop-align-left","9":"tablet-align-left","10":"mobile-align-left","12":"first","13":"outofstock","14":"sale","15":"taxable","16":"shipping-taxable","17":"purchasable","18":"product-type-simple"},"yoast_head":"<!-- This site is optimized with the Yoast SEO plugin v27.5 - https:\/\/yoast.com\/product\/yoast-seo-wordpress\/ -->\n<title>Mouse HYPERX Al\u00e1mbrico Optico Pulsefire Core 6200DPI RGB Gaming - Giftronic.04<\/title>\n<meta name=\"robots\" content=\"index, follow, max-snippet:-1, max-image-preview:large, max-video-preview:-1\" \/>\n<link rel=\"canonical\" href=\"https:\/\/giftronic04.com\/index.php\/product\/mouse-hyperx-alambrico-optico-pulsefire-core-6200dpi-rgb-gaming\/\" \/>\n<meta property=\"og:locale\" content=\"es_ES\" \/>\n<meta property=\"og:type\" content=\"article\" \/>\n<meta property=\"og:title\" content=\"Mouse HYPERX Al\u00e1mbrico Optico Pulsefire Core 6200DPI RGB Gaming - Giftronic.04\" \/>\n<meta property=\"og:url\" content=\"https:\/\/giftronic04.com\/index.php\/product\/mouse-hyperx-alambrico-optico-pulsefire-core-6200dpi-rgb-gaming\/\" \/>\n<meta property=\"og:site_name\" content=\"Giftronic.04\" \/>\n<meta property=\"article:modified_time\" content=\"2025-04-23T15:05:06+00:00\" \/>\n<meta property=\"og:image\" content=\"https:\/\/giftronic04.com\/wp-content\/uploads\/2024\/10\/445441-1200-auto-1024x1024.png\" \/>\n\t<meta property=\"og:image:width\" content=\"1024\" \/>\n\t<meta property=\"og:image:height\" content=\"1024\" \/>\n\t<meta property=\"og:image:type\" content=\"image\/png\" \/>\n<meta name=\"twitter:card\" content=\"summary_large_image\" \/>\n<meta name=\"twitter:description\" content=\"[video width=&quot;854&quot; height=&quot;480&quot; mp4=&quot;https:\/\/giftronic04.com\/wp-content\/uploads\/2024\/10\/840-2.mp4&quot;][\/video]\" \/>\n<meta name=\"twitter:label1\" content=\"Tiempo de lectura\" \/>\n\t<meta name=\"twitter:data1\" content=\"2 minutos\" \/>\n<script type=\"application\/ld+json\" class=\"yoast-schema-graph\">{\"@context\":\"https:\\\/\\\/schema.org\",\"@graph\":[{\"@type\":\"WebPage\",\"@id\":\"https:\\\/\\\/giftronic04.com\\\/index.php\\\/product\\\/mouse-hyperx-alambrico-optico-pulsefire-core-6200dpi-rgb-gaming\\\/\",\"url\":\"https:\\\/\\\/giftronic04.com\\\/index.php\\\/product\\\/mouse-hyperx-alambrico-optico-pulsefire-core-6200dpi-rgb-gaming\\\/\",\"name\":\"Mouse HYPERX Al\u00e1mbrico Optico Pulsefire Core 6200DPI RGB Gaming - Giftronic.04\",\"isPartOf\":{\"@id\":\"https:\\\/\\\/giftronic04.com\\\/#website\"},\"primaryImageOfPage\":{\"@id\":\"https:\\\/\\\/giftronic04.com\\\/index.php\\\/product\\\/mouse-hyperx-alambrico-optico-pulsefire-core-6200dpi-rgb-gaming\\\/#primaryimage\"},\"image\":{\"@id\":\"https:\\\/\\\/giftronic04.com\\\/index.php\\\/product\\\/mouse-hyperx-alambrico-optico-pulsefire-core-6200dpi-rgb-gaming\\\/#primaryimage\"},\"thumbnailUrl\":\"https:\\\/\\\/giftronic04.com\\\/wp-content\\\/uploads\\\/2024\\\/10\\\/445441-1200-auto.png\",\"datePublished\":\"2024-10-10T21:01:37+00:00\",\"dateModified\":\"2025-04-23T15:05:06+00:00\",\"breadcrumb\":{\"@id\":\"https:\\\/\\\/giftronic04.com\\\/index.php\\\/product\\\/mouse-hyperx-alambrico-optico-pulsefire-core-6200dpi-rgb-gaming\\\/#breadcrumb\"},\"inLanguage\":\"es\",\"potentialAction\":[{\"@type\":\"ReadAction\",\"target\":[\"https:\\\/\\\/giftronic04.com\\\/index.php\\\/product\\\/mouse-hyperx-alambrico-optico-pulsefire-core-6200dpi-rgb-gaming\\\/\"]}]},{\"@type\":\"ImageObject\",\"inLanguage\":\"es\",\"@id\":\"https:\\\/\\\/giftronic04.com\\\/index.php\\\/product\\\/mouse-hyperx-alambrico-optico-pulsefire-core-6200dpi-rgb-gaming\\\/#primaryimage\",\"url\":\"https:\\\/\\\/giftronic04.com\\\/wp-content\\\/uploads\\\/2024\\\/10\\\/445441-1200-auto.png\",\"contentUrl\":\"https:\\\/\\\/giftronic04.com\\\/wp-content\\\/uploads\\\/2024\\\/10\\\/445441-1200-auto.png\",\"width\":5000,\"height\":5000},{\"@type\":\"BreadcrumbList\",\"@id\":\"https:\\\/\\\/giftronic04.com\\\/index.php\\\/product\\\/mouse-hyperx-alambrico-optico-pulsefire-core-6200dpi-rgb-gaming\\\/#breadcrumb\",\"itemListElement\":[{\"@type\":\"ListItem\",\"position\":1,\"name\":\"Portada\",\"item\":\"https:\\\/\\\/giftronic04.com\\\/\"},{\"@type\":\"ListItem\",\"position\":2,\"name\":\"Tienda\",\"item\":\"https:\\\/\\\/giftronic04.com\\\/index.php\\\/shop\\\/\"},{\"@type\":\"ListItem\",\"position\":3,\"name\":\"Mouse HYPERX Al\u00e1mbrico Optico Pulsefire Core 6200DPI RGB Gaming\"}]},{\"@type\":\"WebSite\",\"@id\":\"https:\\\/\\\/giftronic04.com\\\/#website\",\"url\":\"https:\\\/\\\/giftronic04.com\\\/\",\"name\":\"Giftronic.04\",\"description\":\"Venta de equipos tecnologicos\",\"publisher\":{\"@id\":\"https:\\\/\\\/giftronic04.com\\\/#organization\"},\"potentialAction\":[{\"@type\":\"SearchAction\",\"target\":{\"@type\":\"EntryPoint\",\"urlTemplate\":\"https:\\\/\\\/giftronic04.com\\\/?s={search_term_string}\"},\"query-input\":{\"@type\":\"PropertyValueSpecification\",\"valueRequired\":true,\"valueName\":\"search_term_string\"}}],\"inLanguage\":\"es\"},{\"@type\":\"Organization\",\"@id\":\"https:\\\/\\\/giftronic04.com\\\/#organization\",\"name\":\"giftronic04\",\"url\":\"https:\\\/\\\/giftronic04.com\\\/\",\"logo\":{\"@type\":\"ImageObject\",\"inLanguage\":\"es\",\"@id\":\"https:\\\/\\\/giftronic04.com\\\/#\\\/schema\\\/logo\\\/image\\\/\",\"url\":\"https:\\\/\\\/giftronic04.com\\\/wp-content\\\/uploads\\\/2021\\\/08\\\/logo.png\",\"contentUrl\":\"https:\\\/\\\/giftronic04.com\\\/wp-content\\\/uploads\\\/2021\\\/08\\\/logo.png\",\"width\":6640,\"height\":2192,\"caption\":\"giftronic04\"},\"image\":{\"@id\":\"https:\\\/\\\/giftronic04.com\\\/#\\\/schema\\\/logo\\\/image\\\/\"},\"sameAs\":[\"https:\\\/\\\/www.instagram.com\\\/giftronic.04\\\/\"]}]}<\/script>\n<!-- \/ Yoast SEO plugin. -->","yoast_head_json":{"title":"Mouse HYPERX Al\u00e1mbrico Optico Pulsefire Core 6200DPI RGB Gaming - Giftronic.04","robots":{"index":"index","follow":"follow","max-snippet":"max-snippet:-1","max-image-preview":"max-image-preview:large","max-video-preview":"max-video-preview:-1"},"canonical":"https:\/\/giftronic04.com\/index.php\/product\/mouse-hyperx-alambrico-optico-pulsefire-core-6200dpi-rgb-gaming\/","og_locale":"es_ES","og_type":"article","og_title":"Mouse HYPERX Al\u00e1mbrico Optico Pulsefire Core 6200DPI RGB Gaming - Giftronic.04","og_url":"https:\/\/giftronic04.com\/index.php\/product\/mouse-hyperx-alambrico-optico-pulsefire-core-6200dpi-rgb-gaming\/","og_site_name":"Giftronic.04","article_modified_time":"2025-04-23T15:05:06+00:00","og_image":[{"width":1024,"height":1024,"url":"https:\/\/giftronic04.com\/wp-content\/uploads\/2024\/10\/445441-1200-auto-1024x1024.png","type":"image\/png"}],"twitter_card":"summary_large_image","twitter_description":"[video width=\"854\" height=\"480\" mp4=\"https:\/\/giftronic04.com\/wp-content\/uploads\/2024\/10\/840-2.mp4\"][\/video]","twitter_misc":{"Tiempo de lectura":"2 minutos"},"schema":{"@context":"https:\/\/schema.org","@graph":[{"@type":"WebPage","@id":"https:\/\/giftronic04.com\/index.php\/product\/mouse-hyperx-alambrico-optico-pulsefire-core-6200dpi-rgb-gaming\/","url":"https:\/\/giftronic04.com\/index.php\/product\/mouse-hyperx-alambrico-optico-pulsefire-core-6200dpi-rgb-gaming\/","name":"Mouse HYPERX Al\u00e1mbrico Optico Pulsefire Core 6200DPI RGB Gaming - Giftronic.04","isPartOf":{"@id":"https:\/\/giftronic04.com\/#website"},"primaryImageOfPage":{"@id":"https:\/\/giftronic04.com\/index.php\/product\/mouse-hyperx-alambrico-optico-pulsefire-core-6200dpi-rgb-gaming\/#primaryimage"},"image":{"@id":"https:\/\/giftronic04.com\/index.php\/product\/mouse-hyperx-alambrico-optico-pulsefire-core-6200dpi-rgb-gaming\/#primaryimage"},"thumbnailUrl":"https:\/\/giftronic04.com\/wp-content\/uploads\/2024\/10\/445441-1200-auto.png","datePublished":"2024-10-10T21:01:37+00:00","dateModified":"2025-04-23T15:05:06+00:00","breadcrumb":{"@id":"https:\/\/giftronic04.com\/index.php\/product\/mouse-hyperx-alambrico-optico-pulsefire-core-6200dpi-rgb-gaming\/#breadcrumb"},"inLanguage":"es","potentialAction":[{"@type":"ReadAction","target":["https:\/\/giftronic04.com\/index.php\/product\/mouse-hyperx-alambrico-optico-pulsefire-core-6200dpi-rgb-gaming\/"]}]},{"@type":"ImageObject","inLanguage":"es","@id":"https:\/\/giftronic04.com\/index.php\/product\/mouse-hyperx-alambrico-optico-pulsefire-core-6200dpi-rgb-gaming\/#primaryimage","url":"https:\/\/giftronic04.com\/wp-content\/uploads\/2024\/10\/445441-1200-auto.png","contentUrl":"https:\/\/giftronic04.com\/wp-content\/uploads\/2024\/10\/445441-1200-auto.png","width":5000,"height":5000},{"@type":"BreadcrumbList","@id":"https:\/\/giftronic04.com\/index.php\/product\/mouse-hyperx-alambrico-optico-pulsefire-core-6200dpi-rgb-gaming\/#breadcrumb","itemListElement":[{"@type":"ListItem","position":1,"name":"Portada","item":"https:\/\/giftronic04.com\/"},{"@type":"ListItem","position":2,"name":"Tienda","item":"https:\/\/giftronic04.com\/index.php\/shop\/"},{"@type":"ListItem","position":3,"name":"Mouse HYPERX Al\u00e1mbrico Optico Pulsefire Core 6200DPI RGB Gaming"}]},{"@type":"WebSite","@id":"https:\/\/giftronic04.com\/#website","url":"https:\/\/giftronic04.com\/","name":"Giftronic.04","description":"Venta de equipos tecnologicos","publisher":{"@id":"https:\/\/giftronic04.com\/#organization"},"potentialAction":[{"@type":"SearchAction","target":{"@type":"EntryPoint","urlTemplate":"https:\/\/giftronic04.com\/?s={search_term_string}"},"query-input":{"@type":"PropertyValueSpecification","valueRequired":true,"valueName":"search_term_string"}}],"inLanguage":"es"},{"@type":"Organization","@id":"https:\/\/giftronic04.com\/#organization","name":"giftronic04","url":"https:\/\/giftronic04.com\/","logo":{"@type":"ImageObject","inLanguage":"es","@id":"https:\/\/giftronic04.com\/#\/schema\/logo\/image\/","url":"https:\/\/giftronic04.com\/wp-content\/uploads\/2021\/08\/logo.png","contentUrl":"https:\/\/giftronic04.com\/wp-content\/uploads\/2021\/08\/logo.png","width":6640,"height":2192,"caption":"giftronic04"},"image":{"@id":"https:\/\/giftronic04.com\/#\/schema\/logo\/image\/"},"sameAs":["https:\/\/www.instagram.com\/giftronic.04\/"]}]}},"jetpack_sharing_enabled":true,"_links":{"self":[{"href":"https:\/\/giftronic04.com\/index.php\/wp-json\/wp\/v2\/product\/7423","targetHints":{"allow":["GET"]}}],"collection":[{"href":"https:\/\/giftronic04.com\/index.php\/wp-json\/wp\/v2\/product"}],"about":[{"href":"https:\/\/giftronic04.com\/index.php\/wp-json\/wp\/v2\/types\/product"}],"replies":[{"embeddable":true,"href":"https:\/\/giftronic04.com\/index.php\/wp-json\/wp\/v2\/comments?post=7423"}],"wp:featuredmedia":[{"embeddable":true,"href":"https:\/\/giftronic04.com\/index.php\/wp-json\/wp\/v2\/media\/7424"}],"wp:attachment":[{"href":"https:\/\/giftronic04.com\/index.php\/wp-json\/wp\/v2\/media?parent=7423"}],"wp:term":[{"taxonomy":"product_brand","embeddable":true,"href":"https:\/\/giftronic04.com\/index.php\/wp-json\/wp\/v2\/product_brand?post=7423"},{"taxonomy":"product_cat","embeddable":true,"href":"https:\/\/giftronic04.com\/index.php\/wp-json\/wp\/v2\/product_cat?post=7423"},{"taxonomy":"product_tag","embeddable":true,"href":"https:\/\/giftronic04.com\/index.php\/wp-json\/wp\/v2\/product_tag?post=7423"}],"curies":[{"name":"wp","href":"https:\/\/api.w.org\/{rel}","templated":true}]}}