{"id":7737,"date":"2024-12-10T16:29:34","date_gmt":"2024-12-10T21:29:34","guid":{"rendered":"https:\/\/giftronic04.com\/?post_type=product&#038;p=7737"},"modified":"2025-01-21T12:33:37","modified_gmt":"2025-01-21T17:33:37","slug":"audifonos-de-diadema-acer-nitro-alambricos-over-ear-nhw200-gamer-negro","status":"publish","type":"product","link":"https:\/\/giftronic04.com\/index.php\/product\/audifonos-de-diadema-acer-nitro-alambricos-over-ear-nhw200-gamer-negro\/","title":{"rendered":"Aud\u00edfonos de Diadema ACER Nitro Al\u00e1mbricos Over Ear NHW200 Gamer Negro"},"content":{"rendered":"<p>Caracter\u00edsticas:<\/p>\n<p>Referencia: NHW200<\/p>\n<p>Marca: ACER<\/p>\n<p>Tipo: DIADEMA GAMING<\/p>\n<p>Opciones de Conectividad<\/p>\n<p>Conexi\u00f3n Con Cable<\/p>\n<p>Sistema Operativo Compatible<\/p>\n<p>Compatible con Cualquier Sistema Operativo<\/p>\n<p>Resistencia al Agua<\/p>\n<p>No Resistente al Agua<\/p>\n<p>Rango de Frecuencia<\/p>\n<p>20 Hz-20 kHz<\/p>\n<p>Impedancia<\/p>\n<p>2.2\u00a0 Omnhios<\/p>\n<p>Caracter\u00edsticas F\u00edsicas<\/p>\n<p>Tonalidad de Color<\/p>\n<p>Negro<\/p>\n<p>Uso<\/p>\n<p>Aud\u00edfonos<\/p>\n<p>Celulares<\/p>\n<p>Computadores<\/p>\n<p>Gaming<\/p>\n<p>Tabletas<\/p>\n<p>TV<\/p>\n<p>Videojuegos<\/p>\n<p>Tipo de Aud\u00edfonos<\/p>\n<p>Gaming<\/p>\n<p>Over Ear<\/p>\n<p>Conexi\u00f3n<\/p>\n<p>Al\u00e1mbrica<\/p>\n<p>Caracter\u00edsticas importantes<\/p>\n<p>Ajuste perfecto con deslizadores de acero en la diadema<\/p>\n<p>Headset con sello de audio de calidad sumergen en el juego<\/p>\n<p>Controladores avanzados dan audio posicional claro y preciso<\/p>\n<p>Respuesta de 20Hz a 20KHz cubriendo el rango de audici\u00f3n<\/p>\n<p>Sobre este producto<\/p>\n<p>Con\u00e9ctate con tus colegas y amigos en llamadas de voz o video con Acer Nitro NHW200 Headset. Gira o ajusta el micr\u00f3fono a trav\u00e9s de un brazo flexible para llamadas n\u00edtidas. El conector de 3,5 mm se conecta a su computador o sus dispositivos m\u00f3viles, y el dise\u00f1o liviano y las suaves almohadillas para colocar sobre las orejas brindan comodidad durante todo el d\u00eda. Adem\u00e1s, el simple hecho de usarlos reduce los ruidos de alta frecuencia, como las voces humanas, para mantenerte concentrado en el juego.<\/p>\n<p>Recomendaciones<\/p>\n<p>Se otorga 1 a\u00f1o de respaldo por defectos de fabricaci\u00f3n directamente con la marca \u2018Conservando empaques originales\u2019. No cubre da\u00f1os ocasionados por manipulaci\u00f3n no autorizada, golpes, derrames o mal uso del equipo, Las im\u00e1genes publicadas en esta p\u00e1gina son representaciones fotogr\u00e1ficas que ilustran de manera aproximada las caracter\u00edsticas de los equipos en venta y pueden variar respecto a la realidad seg\u00fan la resoluci\u00f3n de estas y del dispositivo que se utilice para observarlas. Para cualquier proceso de garant\u00eda debes entregar el producto con los empaques y accesorios ORIGINALES.<\/p>\n","protected":false},"excerpt":{"rendered":"<p>Caracter\u00edsticas: Referencia: NHW200 Marca: ACER Tipo: DIADEMA GAMING Opciones de Conectividad Conexi\u00f3n Con Cable Sistema Operativo Compatible Compatible con Cualquier Sistema Operativo Resistencia al Agua No Resistente al Agua Rango de Frecuencia 20 Hz-20 kHz Impedancia 2.2\u00a0 Omnhios Caracter\u00edsticas F\u00edsicas Tonalidad de Color Negro Uso Aud\u00edfonos Celulares Computadores Gaming Tabletas TV Videojuegos Tipo de Aud\u00edfonos [&hellip;]<\/p>\n","protected":false},"featured_media":7738,"comment_status":"open","ping_status":"closed","template":"","meta":{"_surecart_dashboard_logo_width":"180px","_surecart_dashboard_show_logo":true,"_surecart_dashboard_navigation_orders":true,"_surecart_dashboard_navigation_invoices":true,"_surecart_dashboard_navigation_subscriptions":true,"_surecart_dashboard_navigation_downloads":true,"_surecart_dashboard_navigation_billing":true,"_surecart_dashboard_navigation_account":true,"site-sidebar-layout":"default","site-content-layout":"","ast-site-content-layout":"default","site-content-style":"default","site-sidebar-style":"default","ast-global-header-display":"","ast-banner-title-visibility":"","ast-main-header-display":"","ast-hfb-above-header-display":"","ast-hfb-below-header-display":"","ast-hfb-mobile-header-display":"","site-post-title":"","ast-breadcrumbs-content":"","ast-featured-img":"","footer-sml-layout":"","ast-disable-related-posts":"","theme-transparent-header-meta":"","adv-header-id-meta":"","stick-header-meta":"","header-above-stick-meta":"","header-main-stick-meta":"","header-below-stick-meta":"","astra-migrate-meta-layouts":"default","ast-page-background-enabled":"default","ast-page-background-meta":{"desktop":{"background-color":"var(--ast-global-color-4)","background-image":"","background-repeat":"repeat","background-position":"center center","background-size":"auto","background-attachment":"scroll","background-type":"","background-media":"","overlay-type":"","overlay-color":"","overlay-opacity":"","overlay-gradient":""},"tablet":{"background-color":"","background-image":"","background-repeat":"repeat","background-position":"center center","background-size":"auto","background-attachment":"scroll","background-type":"","background-media":"","overlay-type":"","overlay-color":"","overlay-opacity":"","overlay-gradient":""},"mobile":{"background-color":"","background-image":"","background-repeat":"repeat","background-position":"center center","background-size":"auto","background-attachment":"scroll","background-type":"","background-media":"","overlay-type":"","overlay-color":"","overlay-opacity":"","overlay-gradient":""}},"ast-content-background-meta":{"desktop":{"background-color":"var(--ast-global-color-5)","background-image":"","background-repeat":"repeat","background-position":"center center","background-size":"auto","background-attachment":"scroll","background-type":"","background-media":"","overlay-type":"","overlay-color":"","overlay-opacity":"","overlay-gradient":""},"tablet":{"background-color":"var(--ast-global-color-5)","background-image":"","background-repeat":"repeat","background-position":"center center","background-size":"auto","background-attachment":"scroll","background-type":"","background-media":"","overlay-type":"","overlay-color":"","overlay-opacity":"","overlay-gradient":""},"mobile":{"background-color":"var(--ast-global-color-5)","background-image":"","background-repeat":"repeat","background-position":"center center","background-size":"auto","background-attachment":"scroll","background-type":"","background-media":"","overlay-type":"","overlay-color":"","overlay-opacity":"","overlay-gradient":""}}},"product_brand":[],"product_cat":[36],"product_tag":[],"class_list":{"0":"post-7737","1":"product","2":"type-product","3":"status-publish","4":"has-post-thumbnail","6":"product_cat-perifericos-de-pc","7":"desktop-align-left","8":"tablet-align-left","9":"mobile-align-left","11":"first","12":"outofstock","13":"sale","14":"taxable","15":"shipping-taxable","16":"purchasable","17":"product-type-simple"},"yoast_head":"<!-- This site is optimized with the Yoast SEO plugin v27.4 - https:\/\/yoast.com\/product\/yoast-seo-wordpress\/ -->\n<title>Aud\u00edfonos de Diadema ACER Nitro Al\u00e1mbricos Over Ear NHW200 Gamer Negro - Giftronic.04<\/title>\n<meta name=\"robots\" content=\"index, follow, max-snippet:-1, max-image-preview:large, max-video-preview:-1\" \/>\n<link rel=\"canonical\" href=\"https:\/\/giftronic04.com\/index.php\/product\/audifonos-de-diadema-acer-nitro-alambricos-over-ear-nhw200-gamer-negro\/\" \/>\n<meta property=\"og:locale\" content=\"es_ES\" \/>\n<meta property=\"og:type\" content=\"article\" \/>\n<meta property=\"og:title\" content=\"Aud\u00edfonos de Diadema ACER Nitro Al\u00e1mbricos Over Ear NHW200 Gamer Negro - Giftronic.04\" \/>\n<meta property=\"og:description\" content=\"Caracter\u00edsticas: Referencia: NHW200 Marca: ACER Tipo: DIADEMA GAMING Opciones de Conectividad Conexi\u00f3n Con Cable Sistema Operativo Compatible Compatible con Cualquier Sistema Operativo Resistencia al Agua No Resistente al Agua Rango de Frecuencia 20 Hz-20 kHz Impedancia 2.2\u00a0 Omnhios Caracter\u00edsticas F\u00edsicas Tonalidad de Color Negro Uso Aud\u00edfonos Celulares Computadores Gaming Tabletas TV Videojuegos Tipo de Aud\u00edfonos [&hellip;]\" \/>\n<meta property=\"og:url\" content=\"https:\/\/giftronic04.com\/index.php\/product\/audifonos-de-diadema-acer-nitro-alambricos-over-ear-nhw200-gamer-negro\/\" \/>\n<meta property=\"og:site_name\" content=\"Giftronic.04\" \/>\n<meta property=\"article:modified_time\" content=\"2025-01-21T17:33:37+00:00\" \/>\n<meta property=\"og:image\" content=\"https:\/\/giftronic04.com\/wp-content\/uploads\/2024\/12\/555845-1200-auto.png\" \/>\n\t<meta property=\"og:image:width\" content=\"2000\" \/>\n\t<meta property=\"og:image:height\" content=\"2000\" \/>\n\t<meta property=\"og:image:type\" content=\"image\/png\" \/>\n<meta name=\"twitter:card\" content=\"summary_large_image\" \/>\n<meta name=\"twitter:label1\" content=\"Tiempo de lectura\" \/>\n\t<meta name=\"twitter:data1\" content=\"2 minutos\" \/>\n<script type=\"application\/ld+json\" class=\"yoast-schema-graph\">{\"@context\":\"https:\\\/\\\/schema.org\",\"@graph\":[{\"@type\":\"WebPage\",\"@id\":\"https:\\\/\\\/giftronic04.com\\\/index.php\\\/product\\\/audifonos-de-diadema-acer-nitro-alambricos-over-ear-nhw200-gamer-negro\\\/\",\"url\":\"https:\\\/\\\/giftronic04.com\\\/index.php\\\/product\\\/audifonos-de-diadema-acer-nitro-alambricos-over-ear-nhw200-gamer-negro\\\/\",\"name\":\"Aud\u00edfonos de Diadema ACER Nitro Al\u00e1mbricos Over Ear NHW200 Gamer Negro - Giftronic.04\",\"isPartOf\":{\"@id\":\"https:\\\/\\\/giftronic04.com\\\/#website\"},\"primaryImageOfPage\":{\"@id\":\"https:\\\/\\\/giftronic04.com\\\/index.php\\\/product\\\/audifonos-de-diadema-acer-nitro-alambricos-over-ear-nhw200-gamer-negro\\\/#primaryimage\"},\"image\":{\"@id\":\"https:\\\/\\\/giftronic04.com\\\/index.php\\\/product\\\/audifonos-de-diadema-acer-nitro-alambricos-over-ear-nhw200-gamer-negro\\\/#primaryimage\"},\"thumbnailUrl\":\"https:\\\/\\\/giftronic04.com\\\/wp-content\\\/uploads\\\/2024\\\/12\\\/555845-1200-auto.png\",\"datePublished\":\"2024-12-10T21:29:34+00:00\",\"dateModified\":\"2025-01-21T17:33:37+00:00\",\"breadcrumb\":{\"@id\":\"https:\\\/\\\/giftronic04.com\\\/index.php\\\/product\\\/audifonos-de-diadema-acer-nitro-alambricos-over-ear-nhw200-gamer-negro\\\/#breadcrumb\"},\"inLanguage\":\"es\",\"potentialAction\":[{\"@type\":\"ReadAction\",\"target\":[\"https:\\\/\\\/giftronic04.com\\\/index.php\\\/product\\\/audifonos-de-diadema-acer-nitro-alambricos-over-ear-nhw200-gamer-negro\\\/\"]}]},{\"@type\":\"ImageObject\",\"inLanguage\":\"es\",\"@id\":\"https:\\\/\\\/giftronic04.com\\\/index.php\\\/product\\\/audifonos-de-diadema-acer-nitro-alambricos-over-ear-nhw200-gamer-negro\\\/#primaryimage\",\"url\":\"https:\\\/\\\/giftronic04.com\\\/wp-content\\\/uploads\\\/2024\\\/12\\\/555845-1200-auto.png\",\"contentUrl\":\"https:\\\/\\\/giftronic04.com\\\/wp-content\\\/uploads\\\/2024\\\/12\\\/555845-1200-auto.png\",\"width\":2000,\"height\":2000},{\"@type\":\"BreadcrumbList\",\"@id\":\"https:\\\/\\\/giftronic04.com\\\/index.php\\\/product\\\/audifonos-de-diadema-acer-nitro-alambricos-over-ear-nhw200-gamer-negro\\\/#breadcrumb\",\"itemListElement\":[{\"@type\":\"ListItem\",\"position\":1,\"name\":\"Portada\",\"item\":\"https:\\\/\\\/giftronic04.com\\\/\"},{\"@type\":\"ListItem\",\"position\":2,\"name\":\"Tienda\",\"item\":\"https:\\\/\\\/giftronic04.com\\\/index.php\\\/shop\\\/\"},{\"@type\":\"ListItem\",\"position\":3,\"name\":\"Aud\u00edfonos de Diadema ACER Nitro Al\u00e1mbricos Over Ear NHW200 Gamer Negro\"}]},{\"@type\":\"WebSite\",\"@id\":\"https:\\\/\\\/giftronic04.com\\\/#website\",\"url\":\"https:\\\/\\\/giftronic04.com\\\/\",\"name\":\"Giftronic.04\",\"description\":\"Venta de equipos tecnologicos\",\"publisher\":{\"@id\":\"https:\\\/\\\/giftronic04.com\\\/#organization\"},\"potentialAction\":[{\"@type\":\"SearchAction\",\"target\":{\"@type\":\"EntryPoint\",\"urlTemplate\":\"https:\\\/\\\/giftronic04.com\\\/?s={search_term_string}\"},\"query-input\":{\"@type\":\"PropertyValueSpecification\",\"valueRequired\":true,\"valueName\":\"search_term_string\"}}],\"inLanguage\":\"es\"},{\"@type\":\"Organization\",\"@id\":\"https:\\\/\\\/giftronic04.com\\\/#organization\",\"name\":\"giftronic04\",\"url\":\"https:\\\/\\\/giftronic04.com\\\/\",\"logo\":{\"@type\":\"ImageObject\",\"inLanguage\":\"es\",\"@id\":\"https:\\\/\\\/giftronic04.com\\\/#\\\/schema\\\/logo\\\/image\\\/\",\"url\":\"https:\\\/\\\/giftronic04.com\\\/wp-content\\\/uploads\\\/2021\\\/08\\\/logo.png\",\"contentUrl\":\"https:\\\/\\\/giftronic04.com\\\/wp-content\\\/uploads\\\/2021\\\/08\\\/logo.png\",\"width\":6640,\"height\":2192,\"caption\":\"giftronic04\"},\"image\":{\"@id\":\"https:\\\/\\\/giftronic04.com\\\/#\\\/schema\\\/logo\\\/image\\\/\"},\"sameAs\":[\"https:\\\/\\\/www.instagram.com\\\/giftronic.04\\\/\"]}]}<\/script>\n<!-- \/ Yoast SEO plugin. -->","yoast_head_json":{"title":"Aud\u00edfonos de Diadema ACER Nitro Al\u00e1mbricos Over Ear NHW200 Gamer Negro - Giftronic.04","robots":{"index":"index","follow":"follow","max-snippet":"max-snippet:-1","max-image-preview":"max-image-preview:large","max-video-preview":"max-video-preview:-1"},"canonical":"https:\/\/giftronic04.com\/index.php\/product\/audifonos-de-diadema-acer-nitro-alambricos-over-ear-nhw200-gamer-negro\/","og_locale":"es_ES","og_type":"article","og_title":"Aud\u00edfonos de Diadema ACER Nitro Al\u00e1mbricos Over Ear NHW200 Gamer Negro - Giftronic.04","og_description":"Caracter\u00edsticas: Referencia: NHW200 Marca: ACER Tipo: DIADEMA GAMING Opciones de Conectividad Conexi\u00f3n Con Cable Sistema Operativo Compatible Compatible con Cualquier Sistema Operativo Resistencia al Agua No Resistente al Agua Rango de Frecuencia 20 Hz-20 kHz Impedancia 2.2\u00a0 Omnhios Caracter\u00edsticas F\u00edsicas Tonalidad de Color Negro Uso Aud\u00edfonos Celulares Computadores Gaming Tabletas TV Videojuegos Tipo de Aud\u00edfonos [&hellip;]","og_url":"https:\/\/giftronic04.com\/index.php\/product\/audifonos-de-diadema-acer-nitro-alambricos-over-ear-nhw200-gamer-negro\/","og_site_name":"Giftronic.04","article_modified_time":"2025-01-21T17:33:37+00:00","og_image":[{"width":2000,"height":2000,"url":"https:\/\/giftronic04.com\/wp-content\/uploads\/2024\/12\/555845-1200-auto.png","type":"image\/png"}],"twitter_card":"summary_large_image","twitter_misc":{"Tiempo de lectura":"2 minutos"},"schema":{"@context":"https:\/\/schema.org","@graph":[{"@type":"WebPage","@id":"https:\/\/giftronic04.com\/index.php\/product\/audifonos-de-diadema-acer-nitro-alambricos-over-ear-nhw200-gamer-negro\/","url":"https:\/\/giftronic04.com\/index.php\/product\/audifonos-de-diadema-acer-nitro-alambricos-over-ear-nhw200-gamer-negro\/","name":"Aud\u00edfonos de Diadema ACER Nitro Al\u00e1mbricos Over Ear NHW200 Gamer Negro - Giftronic.04","isPartOf":{"@id":"https:\/\/giftronic04.com\/#website"},"primaryImageOfPage":{"@id":"https:\/\/giftronic04.com\/index.php\/product\/audifonos-de-diadema-acer-nitro-alambricos-over-ear-nhw200-gamer-negro\/#primaryimage"},"image":{"@id":"https:\/\/giftronic04.com\/index.php\/product\/audifonos-de-diadema-acer-nitro-alambricos-over-ear-nhw200-gamer-negro\/#primaryimage"},"thumbnailUrl":"https:\/\/giftronic04.com\/wp-content\/uploads\/2024\/12\/555845-1200-auto.png","datePublished":"2024-12-10T21:29:34+00:00","dateModified":"2025-01-21T17:33:37+00:00","breadcrumb":{"@id":"https:\/\/giftronic04.com\/index.php\/product\/audifonos-de-diadema-acer-nitro-alambricos-over-ear-nhw200-gamer-negro\/#breadcrumb"},"inLanguage":"es","potentialAction":[{"@type":"ReadAction","target":["https:\/\/giftronic04.com\/index.php\/product\/audifonos-de-diadema-acer-nitro-alambricos-over-ear-nhw200-gamer-negro\/"]}]},{"@type":"ImageObject","inLanguage":"es","@id":"https:\/\/giftronic04.com\/index.php\/product\/audifonos-de-diadema-acer-nitro-alambricos-over-ear-nhw200-gamer-negro\/#primaryimage","url":"https:\/\/giftronic04.com\/wp-content\/uploads\/2024\/12\/555845-1200-auto.png","contentUrl":"https:\/\/giftronic04.com\/wp-content\/uploads\/2024\/12\/555845-1200-auto.png","width":2000,"height":2000},{"@type":"BreadcrumbList","@id":"https:\/\/giftronic04.com\/index.php\/product\/audifonos-de-diadema-acer-nitro-alambricos-over-ear-nhw200-gamer-negro\/#breadcrumb","itemListElement":[{"@type":"ListItem","position":1,"name":"Portada","item":"https:\/\/giftronic04.com\/"},{"@type":"ListItem","position":2,"name":"Tienda","item":"https:\/\/giftronic04.com\/index.php\/shop\/"},{"@type":"ListItem","position":3,"name":"Aud\u00edfonos de Diadema ACER Nitro Al\u00e1mbricos Over Ear NHW200 Gamer Negro"}]},{"@type":"WebSite","@id":"https:\/\/giftronic04.com\/#website","url":"https:\/\/giftronic04.com\/","name":"Giftronic.04","description":"Venta de equipos tecnologicos","publisher":{"@id":"https:\/\/giftronic04.com\/#organization"},"potentialAction":[{"@type":"SearchAction","target":{"@type":"EntryPoint","urlTemplate":"https:\/\/giftronic04.com\/?s={search_term_string}"},"query-input":{"@type":"PropertyValueSpecification","valueRequired":true,"valueName":"search_term_string"}}],"inLanguage":"es"},{"@type":"Organization","@id":"https:\/\/giftronic04.com\/#organization","name":"giftronic04","url":"https:\/\/giftronic04.com\/","logo":{"@type":"ImageObject","inLanguage":"es","@id":"https:\/\/giftronic04.com\/#\/schema\/logo\/image\/","url":"https:\/\/giftronic04.com\/wp-content\/uploads\/2021\/08\/logo.png","contentUrl":"https:\/\/giftronic04.com\/wp-content\/uploads\/2021\/08\/logo.png","width":6640,"height":2192,"caption":"giftronic04"},"image":{"@id":"https:\/\/giftronic04.com\/#\/schema\/logo\/image\/"},"sameAs":["https:\/\/www.instagram.com\/giftronic.04\/"]}]}},"jetpack_sharing_enabled":true,"_links":{"self":[{"href":"https:\/\/giftronic04.com\/index.php\/wp-json\/wp\/v2\/product\/7737","targetHints":{"allow":["GET"]}}],"collection":[{"href":"https:\/\/giftronic04.com\/index.php\/wp-json\/wp\/v2\/product"}],"about":[{"href":"https:\/\/giftronic04.com\/index.php\/wp-json\/wp\/v2\/types\/product"}],"replies":[{"embeddable":true,"href":"https:\/\/giftronic04.com\/index.php\/wp-json\/wp\/v2\/comments?post=7737"}],"wp:featuredmedia":[{"embeddable":true,"href":"https:\/\/giftronic04.com\/index.php\/wp-json\/wp\/v2\/media\/7738"}],"wp:attachment":[{"href":"https:\/\/giftronic04.com\/index.php\/wp-json\/wp\/v2\/media?parent=7737"}],"wp:term":[{"taxonomy":"product_brand","embeddable":true,"href":"https:\/\/giftronic04.com\/index.php\/wp-json\/wp\/v2\/product_brand?post=7737"},{"taxonomy":"product_cat","embeddable":true,"href":"https:\/\/giftronic04.com\/index.php\/wp-json\/wp\/v2\/product_cat?post=7737"},{"taxonomy":"product_tag","embeddable":true,"href":"https:\/\/giftronic04.com\/index.php\/wp-json\/wp\/v2\/product_tag?post=7737"}],"curies":[{"name":"wp","href":"https:\/\/api.w.org\/{rel}","templated":true}]}}