{"id":7859,"date":"2024-12-23T10:30:49","date_gmt":"2024-12-23T15:30:49","guid":{"rendered":"https:\/\/giftronic04.com\/?post_type=product&#038;p=7859"},"modified":"2025-05-02T09:36:50","modified_gmt":"2025-05-02T14:36:50","slug":"tarjeta-grafica-gygabyte-nvidia-geforce-gtx-1650-d6-oc-4g","status":"publish","type":"product","link":"https:\/\/giftronic04.com\/index.php\/product\/tarjeta-grafica-gygabyte-nvidia-geforce-gtx-1650-d6-oc-4g\/","title":{"rendered":"Tarjeta Grafica GYGABYTE Nvidia GeForce\u00ae GTX 1650 D6 OC 4G"},"content":{"rendered":"<p>Caracter\u00edsticas:<\/p>\n<p>Referencia: GV-N1656OC-4GD<\/p>\n<p>Marca: GYGABYTE &#8211; NVIDIA<\/p>\n<p>Tipo: Tarjeta Grafica<\/p>\n<p>Procesamiento de gr\u00e1ficos<\/p>\n<p>GeForce\u00ae GTX 1650<\/p>\n<p>Reloj central<\/p>\n<p>1635 MHz (Tarjeta de referencia: 1590 MHz)<\/p>\n<p>N\u00facleos CUDA\u00ae<\/p>\n<p>896<\/p>\n<p>Reloj de memoria<\/p>\n<p>12000 MHz<\/p>\n<p>Tama\u00f1o de la memoria<\/p>\n<p>4 GB<\/p>\n<p>Tipo de memoria<\/p>\n<p>Memoria GDDR6<\/p>\n<p>Bus de memoria<\/p>\n<p>128 bits<\/p>\n<p>Ancho de banda de memoria (GB\/seg)<\/p>\n<p>192 GB\/s<\/p>\n<p>Tarjeta de autob\u00fas<\/p>\n<p>PCI-E 3.0 x 16<\/p>\n<p>Resoluci\u00f3n m\u00e1xima digital<\/p>\n<p>7680&#215;4320<\/p>\n<p>Vista m\u00faltiple<\/p>\n<p>3<\/p>\n<p>Tama\u00f1o de la tarjeta<\/p>\n<p>Largo = 172 Ancho = 122 Alto = 40 mm<\/p>\n<p>Formulario de PCB<\/p>\n<p>ATX<\/p>\n<p>DirectX<\/p>\n<p>12<\/p>\n<p>OpenGL<\/p>\n<p>4.6<\/p>\n<p>Codificador NVIDIA (NVENC)<\/p>\n<p>S\u00ed (Turing)<\/p>\n<p>Fuente de alimentaci\u00f3n recomendada<\/p>\n<p>300 W<\/p>\n<p>Conectores de alimentaci\u00f3n<\/p>\n<p>6 pines*1<\/p>\n<p>Producci\u00f3n<\/p>\n<p>Puerto de pantalla 1.4 *1<\/p>\n<p>HDMI 2.0b *1<\/p>\n<p>DVI-D *1<\/p>\n<p>Soporte SLI<\/p>\n<p>No<\/p>\n<p>Accesorios<\/p>\n<p>Gu\u00eda r\u00e1pida<\/p>\n<p>Resumen del producto<\/p>\n<p>Desarrollado por GeForce\u00ae GTX 1650<\/p>\n<p>Arquitectura NVIDIA Turing\u2122 y GeForce Experience\u2122<\/p>\n<p>Integrado con interfaz de memoria GDDR6 de 128 bits de 4 GB<\/p>\n<p>Ventilador de aspas exclusivo de 90 mm<\/p>\n<p>Tama\u00f1o de tarjeta compacto de 172 mm<\/p>\n<p>Reloj central<\/p>\n<p>1635 MHz (tarjeta de referencia: 1590 MHz)<\/p>\n<p>Recomendaciones<\/p>\n<p>Se otorga 3 meses de respaldo por defectos de fabricaci\u00f3n directamente con la marca \u2018Conservando empaques originales\u2019. No cubre da\u00f1os ocasionados por manipulaci\u00f3n no autorizada, golpes, derrames o mal uso del equipo, Las im\u00e1genes publicadas en esta p\u00e1gina son representaciones fotogr\u00e1ficas que ilustran de manera aproximada las caracter\u00edsticas de los equipos en venta y pueden variar respecto a la realidad seg\u00fan la resoluci\u00f3n de estas y del dispositivo que se utilice para observarlas. Para cualquier proceso de garant\u00eda debes entregar el producto con los empaques y accesorios ORIGINALES.<\/p>\n","protected":false},"excerpt":{"rendered":"<p>Caracter\u00edsticas: Referencia: GV-N1656OC-4GD Marca: GYGABYTE &#8211; NVIDIA Tipo: Tarjeta Grafica Procesamiento de gr\u00e1ficos GeForce\u00ae GTX 1650 Reloj central 1635 MHz (Tarjeta de referencia: 1590 MHz) N\u00facleos CUDA\u00ae 896 Reloj de memoria 12000 MHz Tama\u00f1o de la memoria 4 GB Tipo de memoria Memoria GDDR6 Bus de memoria 128 bits Ancho de banda de memoria (GB\/seg) [&hellip;]<\/p>\n","protected":false},"featured_media":7860,"comment_status":"open","ping_status":"closed","template":"","meta":{"_surecart_dashboard_logo_width":"180px","_surecart_dashboard_show_logo":true,"_surecart_dashboard_navigation_orders":true,"_surecart_dashboard_navigation_invoices":true,"_surecart_dashboard_navigation_subscriptions":true,"_surecart_dashboard_navigation_downloads":true,"_surecart_dashboard_navigation_billing":true,"_surecart_dashboard_navigation_account":true,"site-sidebar-layout":"default","site-content-layout":"","ast-site-content-layout":"default","site-content-style":"default","site-sidebar-style":"default","ast-global-header-display":"","ast-banner-title-visibility":"","ast-main-header-display":"","ast-hfb-above-header-display":"","ast-hfb-below-header-display":"","ast-hfb-mobile-header-display":"","site-post-title":"","ast-breadcrumbs-content":"","ast-featured-img":"","footer-sml-layout":"","ast-disable-related-posts":"","theme-transparent-header-meta":"","adv-header-id-meta":"","stick-header-meta":"","header-above-stick-meta":"","header-main-stick-meta":"","header-below-stick-meta":"","astra-migrate-meta-layouts":"default","ast-page-background-enabled":"default","ast-page-background-meta":{"desktop":{"background-color":"var(--ast-global-color-4)","background-image":"","background-repeat":"repeat","background-position":"center center","background-size":"auto","background-attachment":"scroll","background-type":"","background-media":"","overlay-type":"","overlay-color":"","overlay-opacity":"","overlay-gradient":""},"tablet":{"background-color":"","background-image":"","background-repeat":"repeat","background-position":"center center","background-size":"auto","background-attachment":"scroll","background-type":"","background-media":"","overlay-type":"","overlay-color":"","overlay-opacity":"","overlay-gradient":""},"mobile":{"background-color":"","background-image":"","background-repeat":"repeat","background-position":"center center","background-size":"auto","background-attachment":"scroll","background-type":"","background-media":"","overlay-type":"","overlay-color":"","overlay-opacity":"","overlay-gradient":""}},"ast-content-background-meta":{"desktop":{"background-color":"var(--ast-global-color-5)","background-image":"","background-repeat":"repeat","background-position":"center center","background-size":"auto","background-attachment":"scroll","background-type":"","background-media":"","overlay-type":"","overlay-color":"","overlay-opacity":"","overlay-gradient":""},"tablet":{"background-color":"var(--ast-global-color-5)","background-image":"","background-repeat":"repeat","background-position":"center center","background-size":"auto","background-attachment":"scroll","background-type":"","background-media":"","overlay-type":"","overlay-color":"","overlay-opacity":"","overlay-gradient":""},"mobile":{"background-color":"var(--ast-global-color-5)","background-image":"","background-repeat":"repeat","background-position":"center center","background-size":"auto","background-attachment":"scroll","background-type":"","background-media":"","overlay-type":"","overlay-color":"","overlay-opacity":"","overlay-gradient":""}}},"product_brand":[],"product_cat":[46,22],"product_tag":[],"class_list":{"0":"post-7859","1":"product","2":"type-product","3":"status-publish","4":"has-post-thumbnail","6":"product_cat-accesorios-para-pc-gaming-consolas-y-videojuegos","7":"product_cat-computacion","8":"desktop-align-left","9":"tablet-align-left","10":"mobile-align-left","12":"first","13":"outofstock","14":"sale","15":"taxable","16":"shipping-taxable","17":"purchasable","18":"product-type-simple"},"yoast_head":"<!-- This site is optimized with the Yoast SEO plugin v27.5 - https:\/\/yoast.com\/product\/yoast-seo-wordpress\/ -->\n<title>Tarjeta Grafica GYGABYTE Nvidia GeForce\u00ae GTX 1650 D6 OC 4G - Giftronic.04<\/title>\n<meta name=\"robots\" content=\"index, follow, max-snippet:-1, max-image-preview:large, max-video-preview:-1\" \/>\n<link rel=\"canonical\" href=\"https:\/\/giftronic04.com\/index.php\/product\/tarjeta-grafica-gygabyte-nvidia-geforce-gtx-1650-d6-oc-4g\/\" \/>\n<meta property=\"og:locale\" content=\"es_ES\" \/>\n<meta property=\"og:type\" content=\"article\" \/>\n<meta property=\"og:title\" content=\"Tarjeta Grafica GYGABYTE Nvidia GeForce\u00ae GTX 1650 D6 OC 4G - Giftronic.04\" \/>\n<meta property=\"og:description\" content=\"Caracter\u00edsticas: Referencia: GV-N1656OC-4GD Marca: GYGABYTE &#8211; NVIDIA Tipo: Tarjeta Grafica Procesamiento de gr\u00e1ficos GeForce\u00ae GTX 1650 Reloj central 1635 MHz (Tarjeta de referencia: 1590 MHz) N\u00facleos CUDA\u00ae 896 Reloj de memoria 12000 MHz Tama\u00f1o de la memoria 4 GB Tipo de memoria Memoria GDDR6 Bus de memoria 128 bits Ancho de banda de memoria (GB\/seg) [&hellip;]\" \/>\n<meta property=\"og:url\" content=\"https:\/\/giftronic04.com\/index.php\/product\/tarjeta-grafica-gygabyte-nvidia-geforce-gtx-1650-d6-oc-4g\/\" \/>\n<meta property=\"og:site_name\" content=\"Giftronic.04\" \/>\n<meta property=\"article:modified_time\" content=\"2025-05-02T14:36:50+00:00\" \/>\n<meta property=\"og:image\" content=\"https:\/\/giftronic04.com\/wp-content\/uploads\/2024\/12\/1-2.jpg\" \/>\n\t<meta property=\"og:image:width\" content=\"2000\" \/>\n\t<meta property=\"og:image:height\" content=\"2000\" \/>\n\t<meta property=\"og:image:type\" content=\"image\/jpeg\" \/>\n<meta name=\"twitter:card\" content=\"summary_large_image\" \/>\n<meta name=\"twitter:label1\" content=\"Tiempo de lectura\" \/>\n\t<meta name=\"twitter:data1\" content=\"2 minutos\" \/>\n<script type=\"application\/ld+json\" class=\"yoast-schema-graph\">{\"@context\":\"https:\\\/\\\/schema.org\",\"@graph\":[{\"@type\":\"WebPage\",\"@id\":\"https:\\\/\\\/giftronic04.com\\\/index.php\\\/product\\\/tarjeta-grafica-gygabyte-nvidia-geforce-gtx-1650-d6-oc-4g\\\/\",\"url\":\"https:\\\/\\\/giftronic04.com\\\/index.php\\\/product\\\/tarjeta-grafica-gygabyte-nvidia-geforce-gtx-1650-d6-oc-4g\\\/\",\"name\":\"Tarjeta Grafica GYGABYTE Nvidia GeForce\u00ae GTX 1650 D6 OC 4G - Giftronic.04\",\"isPartOf\":{\"@id\":\"https:\\\/\\\/giftronic04.com\\\/#website\"},\"primaryImageOfPage\":{\"@id\":\"https:\\\/\\\/giftronic04.com\\\/index.php\\\/product\\\/tarjeta-grafica-gygabyte-nvidia-geforce-gtx-1650-d6-oc-4g\\\/#primaryimage\"},\"image\":{\"@id\":\"https:\\\/\\\/giftronic04.com\\\/index.php\\\/product\\\/tarjeta-grafica-gygabyte-nvidia-geforce-gtx-1650-d6-oc-4g\\\/#primaryimage\"},\"thumbnailUrl\":\"https:\\\/\\\/giftronic04.com\\\/wp-content\\\/uploads\\\/2024\\\/12\\\/1-2.jpg\",\"datePublished\":\"2024-12-23T15:30:49+00:00\",\"dateModified\":\"2025-05-02T14:36:50+00:00\",\"breadcrumb\":{\"@id\":\"https:\\\/\\\/giftronic04.com\\\/index.php\\\/product\\\/tarjeta-grafica-gygabyte-nvidia-geforce-gtx-1650-d6-oc-4g\\\/#breadcrumb\"},\"inLanguage\":\"es\",\"potentialAction\":[{\"@type\":\"ReadAction\",\"target\":[\"https:\\\/\\\/giftronic04.com\\\/index.php\\\/product\\\/tarjeta-grafica-gygabyte-nvidia-geforce-gtx-1650-d6-oc-4g\\\/\"]}]},{\"@type\":\"ImageObject\",\"inLanguage\":\"es\",\"@id\":\"https:\\\/\\\/giftronic04.com\\\/index.php\\\/product\\\/tarjeta-grafica-gygabyte-nvidia-geforce-gtx-1650-d6-oc-4g\\\/#primaryimage\",\"url\":\"https:\\\/\\\/giftronic04.com\\\/wp-content\\\/uploads\\\/2024\\\/12\\\/1-2.jpg\",\"contentUrl\":\"https:\\\/\\\/giftronic04.com\\\/wp-content\\\/uploads\\\/2024\\\/12\\\/1-2.jpg\",\"width\":2000,\"height\":2000},{\"@type\":\"BreadcrumbList\",\"@id\":\"https:\\\/\\\/giftronic04.com\\\/index.php\\\/product\\\/tarjeta-grafica-gygabyte-nvidia-geforce-gtx-1650-d6-oc-4g\\\/#breadcrumb\",\"itemListElement\":[{\"@type\":\"ListItem\",\"position\":1,\"name\":\"Portada\",\"item\":\"https:\\\/\\\/giftronic04.com\\\/\"},{\"@type\":\"ListItem\",\"position\":2,\"name\":\"Tienda\",\"item\":\"https:\\\/\\\/giftronic04.com\\\/index.php\\\/shop\\\/\"},{\"@type\":\"ListItem\",\"position\":3,\"name\":\"Tarjeta Grafica GYGABYTE Nvidia GeForce\u00ae GTX 1650 D6 OC 4G\"}]},{\"@type\":\"WebSite\",\"@id\":\"https:\\\/\\\/giftronic04.com\\\/#website\",\"url\":\"https:\\\/\\\/giftronic04.com\\\/\",\"name\":\"Giftronic.04\",\"description\":\"Venta de equipos tecnologicos\",\"publisher\":{\"@id\":\"https:\\\/\\\/giftronic04.com\\\/#organization\"},\"potentialAction\":[{\"@type\":\"SearchAction\",\"target\":{\"@type\":\"EntryPoint\",\"urlTemplate\":\"https:\\\/\\\/giftronic04.com\\\/?s={search_term_string}\"},\"query-input\":{\"@type\":\"PropertyValueSpecification\",\"valueRequired\":true,\"valueName\":\"search_term_string\"}}],\"inLanguage\":\"es\"},{\"@type\":\"Organization\",\"@id\":\"https:\\\/\\\/giftronic04.com\\\/#organization\",\"name\":\"giftronic04\",\"url\":\"https:\\\/\\\/giftronic04.com\\\/\",\"logo\":{\"@type\":\"ImageObject\",\"inLanguage\":\"es\",\"@id\":\"https:\\\/\\\/giftronic04.com\\\/#\\\/schema\\\/logo\\\/image\\\/\",\"url\":\"https:\\\/\\\/giftronic04.com\\\/wp-content\\\/uploads\\\/2021\\\/08\\\/logo.png\",\"contentUrl\":\"https:\\\/\\\/giftronic04.com\\\/wp-content\\\/uploads\\\/2021\\\/08\\\/logo.png\",\"width\":6640,\"height\":2192,\"caption\":\"giftronic04\"},\"image\":{\"@id\":\"https:\\\/\\\/giftronic04.com\\\/#\\\/schema\\\/logo\\\/image\\\/\"},\"sameAs\":[\"https:\\\/\\\/www.instagram.com\\\/giftronic.04\\\/\"]}]}<\/script>\n<!-- \/ Yoast SEO plugin. -->","yoast_head_json":{"title":"Tarjeta Grafica GYGABYTE Nvidia GeForce\u00ae GTX 1650 D6 OC 4G - Giftronic.04","robots":{"index":"index","follow":"follow","max-snippet":"max-snippet:-1","max-image-preview":"max-image-preview:large","max-video-preview":"max-video-preview:-1"},"canonical":"https:\/\/giftronic04.com\/index.php\/product\/tarjeta-grafica-gygabyte-nvidia-geforce-gtx-1650-d6-oc-4g\/","og_locale":"es_ES","og_type":"article","og_title":"Tarjeta Grafica GYGABYTE Nvidia GeForce\u00ae GTX 1650 D6 OC 4G - Giftronic.04","og_description":"Caracter\u00edsticas: Referencia: GV-N1656OC-4GD Marca: GYGABYTE &#8211; NVIDIA Tipo: Tarjeta Grafica Procesamiento de gr\u00e1ficos GeForce\u00ae GTX 1650 Reloj central 1635 MHz (Tarjeta de referencia: 1590 MHz) N\u00facleos CUDA\u00ae 896 Reloj de memoria 12000 MHz Tama\u00f1o de la memoria 4 GB Tipo de memoria Memoria GDDR6 Bus de memoria 128 bits Ancho de banda de memoria (GB\/seg) [&hellip;]","og_url":"https:\/\/giftronic04.com\/index.php\/product\/tarjeta-grafica-gygabyte-nvidia-geforce-gtx-1650-d6-oc-4g\/","og_site_name":"Giftronic.04","article_modified_time":"2025-05-02T14:36:50+00:00","og_image":[{"width":2000,"height":2000,"url":"https:\/\/giftronic04.com\/wp-content\/uploads\/2024\/12\/1-2.jpg","type":"image\/jpeg"}],"twitter_card":"summary_large_image","twitter_misc":{"Tiempo de lectura":"2 minutos"},"schema":{"@context":"https:\/\/schema.org","@graph":[{"@type":"WebPage","@id":"https:\/\/giftronic04.com\/index.php\/product\/tarjeta-grafica-gygabyte-nvidia-geforce-gtx-1650-d6-oc-4g\/","url":"https:\/\/giftronic04.com\/index.php\/product\/tarjeta-grafica-gygabyte-nvidia-geforce-gtx-1650-d6-oc-4g\/","name":"Tarjeta Grafica GYGABYTE Nvidia GeForce\u00ae GTX 1650 D6 OC 4G - Giftronic.04","isPartOf":{"@id":"https:\/\/giftronic04.com\/#website"},"primaryImageOfPage":{"@id":"https:\/\/giftronic04.com\/index.php\/product\/tarjeta-grafica-gygabyte-nvidia-geforce-gtx-1650-d6-oc-4g\/#primaryimage"},"image":{"@id":"https:\/\/giftronic04.com\/index.php\/product\/tarjeta-grafica-gygabyte-nvidia-geforce-gtx-1650-d6-oc-4g\/#primaryimage"},"thumbnailUrl":"https:\/\/giftronic04.com\/wp-content\/uploads\/2024\/12\/1-2.jpg","datePublished":"2024-12-23T15:30:49+00:00","dateModified":"2025-05-02T14:36:50+00:00","breadcrumb":{"@id":"https:\/\/giftronic04.com\/index.php\/product\/tarjeta-grafica-gygabyte-nvidia-geforce-gtx-1650-d6-oc-4g\/#breadcrumb"},"inLanguage":"es","potentialAction":[{"@type":"ReadAction","target":["https:\/\/giftronic04.com\/index.php\/product\/tarjeta-grafica-gygabyte-nvidia-geforce-gtx-1650-d6-oc-4g\/"]}]},{"@type":"ImageObject","inLanguage":"es","@id":"https:\/\/giftronic04.com\/index.php\/product\/tarjeta-grafica-gygabyte-nvidia-geforce-gtx-1650-d6-oc-4g\/#primaryimage","url":"https:\/\/giftronic04.com\/wp-content\/uploads\/2024\/12\/1-2.jpg","contentUrl":"https:\/\/giftronic04.com\/wp-content\/uploads\/2024\/12\/1-2.jpg","width":2000,"height":2000},{"@type":"BreadcrumbList","@id":"https:\/\/giftronic04.com\/index.php\/product\/tarjeta-grafica-gygabyte-nvidia-geforce-gtx-1650-d6-oc-4g\/#breadcrumb","itemListElement":[{"@type":"ListItem","position":1,"name":"Portada","item":"https:\/\/giftronic04.com\/"},{"@type":"ListItem","position":2,"name":"Tienda","item":"https:\/\/giftronic04.com\/index.php\/shop\/"},{"@type":"ListItem","position":3,"name":"Tarjeta Grafica GYGABYTE Nvidia GeForce\u00ae GTX 1650 D6 OC 4G"}]},{"@type":"WebSite","@id":"https:\/\/giftronic04.com\/#website","url":"https:\/\/giftronic04.com\/","name":"Giftronic.04","description":"Venta de equipos tecnologicos","publisher":{"@id":"https:\/\/giftronic04.com\/#organization"},"potentialAction":[{"@type":"SearchAction","target":{"@type":"EntryPoint","urlTemplate":"https:\/\/giftronic04.com\/?s={search_term_string}"},"query-input":{"@type":"PropertyValueSpecification","valueRequired":true,"valueName":"search_term_string"}}],"inLanguage":"es"},{"@type":"Organization","@id":"https:\/\/giftronic04.com\/#organization","name":"giftronic04","url":"https:\/\/giftronic04.com\/","logo":{"@type":"ImageObject","inLanguage":"es","@id":"https:\/\/giftronic04.com\/#\/schema\/logo\/image\/","url":"https:\/\/giftronic04.com\/wp-content\/uploads\/2021\/08\/logo.png","contentUrl":"https:\/\/giftronic04.com\/wp-content\/uploads\/2021\/08\/logo.png","width":6640,"height":2192,"caption":"giftronic04"},"image":{"@id":"https:\/\/giftronic04.com\/#\/schema\/logo\/image\/"},"sameAs":["https:\/\/www.instagram.com\/giftronic.04\/"]}]}},"jetpack_sharing_enabled":true,"_links":{"self":[{"href":"https:\/\/giftronic04.com\/index.php\/wp-json\/wp\/v2\/product\/7859","targetHints":{"allow":["GET"]}}],"collection":[{"href":"https:\/\/giftronic04.com\/index.php\/wp-json\/wp\/v2\/product"}],"about":[{"href":"https:\/\/giftronic04.com\/index.php\/wp-json\/wp\/v2\/types\/product"}],"replies":[{"embeddable":true,"href":"https:\/\/giftronic04.com\/index.php\/wp-json\/wp\/v2\/comments?post=7859"}],"wp:featuredmedia":[{"embeddable":true,"href":"https:\/\/giftronic04.com\/index.php\/wp-json\/wp\/v2\/media\/7860"}],"wp:attachment":[{"href":"https:\/\/giftronic04.com\/index.php\/wp-json\/wp\/v2\/media?parent=7859"}],"wp:term":[{"taxonomy":"product_brand","embeddable":true,"href":"https:\/\/giftronic04.com\/index.php\/wp-json\/wp\/v2\/product_brand?post=7859"},{"taxonomy":"product_cat","embeddable":true,"href":"https:\/\/giftronic04.com\/index.php\/wp-json\/wp\/v2\/product_cat?post=7859"},{"taxonomy":"product_tag","embeddable":true,"href":"https:\/\/giftronic04.com\/index.php\/wp-json\/wp\/v2\/product_tag?post=7859"}],"curies":[{"name":"wp","href":"https:\/\/api.w.org\/{rel}","templated":true}]}}