{"id":7866,"date":"2024-12-23T12:23:42","date_gmt":"2024-12-23T17:23:42","guid":{"rendered":"https:\/\/giftronic04.com\/?post_type=product&#038;p=7866"},"modified":"2025-05-02T09:36:56","modified_gmt":"2025-05-02T14:36:56","slug":"tarjeta-grafica-asus-dual-geforce-gtx-1650-mini-oc-edition-4gb-gddr6","status":"publish","type":"product","link":"https:\/\/giftronic04.com\/index.php\/product\/tarjeta-grafica-asus-dual-geforce-gtx-1650-mini-oc-edition-4gb-gddr6\/","title":{"rendered":"Tarjeta Grafica ASUS Dual GeForce GTX 1650 Mini OC Edition 4GB GDDR6"},"content":{"rendered":"<p>Caracter\u00edsticas:<\/p>\n<p>Marca: ASUS &#8211; NVIDIA<\/p>\n<p>Tipo: Tarjeta Grafica<\/p>\n<ul>\n<li>Procesador gr\u00e1fico GeForce GTX 1650<\/li>\n<li>M\u00e1xima resoluci\u00f3n 7680 x 4320 Pixeles<\/li>\n<li>CUDA Si<\/li>\n<li>Frecuencia del procesador 1485 MHz<\/li>\n<li>Soporte para proceso paralelo No<\/li>\n<li>FireStream No<\/li>\n<li>N\u00facleos CUDA 896<\/li>\n<li>Aumento de la velocidad de reloj del procesador 1725 MHz<\/li>\n<li>Frecuencia del procesador (modo OC) 1485 MHz<\/li>\n<li>Velocidad de aceleraci\u00f3n del reloj del procesador (modo OC) 1755 MHz<\/li>\n<li>M\u00e1ximas pantallas por tarjeta de video 3<\/li>\n<li>Memoria<\/li>\n<li>Capacidad memoria de adaptador gr\u00e1fico 4 GB<\/li>\n<li>Tipo de memoria de adaptador gr\u00e1fico GDDR6<\/li>\n<li>Ancho de datos 128 bit<\/li>\n<li>Velocidad de memoria del reloj 8002 MHz<\/li>\n<li>Puertos e Interfaces<\/li>\n<li>Tipo de interfaz PCI Express 3.0<\/li>\n<li>N\u00famero de puertos HDMI 1<\/li>\n<li>Cantidad de puertos DVI-D 1<\/li>\n<li>Cantidad de DisplayPorts 1<\/li>\n<li>Versi\u00f3n HDMI 2.0b<\/li>\n<li>Versi\u00f3n de DisplayPort 1.4<\/li>\n<li>Desempe\u00f1o<\/li>\n<li>Versi\u00f3n OpenGL 4.5<\/li>\n<li>HDCP Si<\/li>\n<li>Dise\u00f1o<\/li>\n<li>Tipo de enfriamiento Activo<\/li>\n<li>N\u00famero de ventiladores 2 Ventilador(es)<\/li>\n<li>N\u00famero de ranuras 2<\/li>\n<li>Factor de forma ATX<\/li>\n<li>Control de energ\u00eda<\/li>\n<li>Suministro de energ\u00eda al sistema m\u00ednimo 300 W<\/li>\n<li>Conectores de energia suplementario No<\/li>\n<li>Consumo energ\u00e9tico 85w<\/li>\n<li>Peso y dimensiones<\/li>\n<li>Profundidad 20,4cm<\/li>\n<li>Altura 37 mm<\/li>\n<li>Ancho 204 mm<\/li>\n<\/ul>\n<p>Recomendaciones<\/p>\n<p>Se 3 meses de respaldo por defectos de fabricaci\u00f3n directamente con la marca \u2018Conservando empaques originales\u2019. No cubre da\u00f1os ocasionados por manipulaci\u00f3n no autorizada, golpes, derrames o mal uso del equipo, Las im\u00e1genes publicadas en esta p\u00e1gina son representaciones fotogr\u00e1ficas que ilustran de manera aproximada las caracter\u00edsticas de los equipos en venta y pueden variar respecto a la realidad seg\u00fan la resoluci\u00f3n de estas y del dispositivo que se utilice para observarlas. Para cualquier proceso de garant\u00eda debes entregar el producto con los empaques y accesorios ORIGINALES.<\/p>\n","protected":false},"excerpt":{"rendered":"<p>Caracter\u00edsticas: Marca: ASUS &#8211; NVIDIA Tipo: Tarjeta Grafica Procesador gr\u00e1fico GeForce GTX 1650 M\u00e1xima resoluci\u00f3n 7680 x 4320 Pixeles CUDA Si Frecuencia del procesador 1485 MHz Soporte para proceso paralelo No FireStream No N\u00facleos CUDA 896 Aumento de la velocidad de reloj del procesador 1725 MHz Frecuencia del procesador (modo OC) 1485 MHz Velocidad de [&hellip;]<\/p>\n","protected":false},"featured_media":7868,"comment_status":"open","ping_status":"closed","template":"","meta":{"_surecart_dashboard_logo_width":"180px","_surecart_dashboard_show_logo":true,"_surecart_dashboard_navigation_orders":true,"_surecart_dashboard_navigation_invoices":true,"_surecart_dashboard_navigation_subscriptions":true,"_surecart_dashboard_navigation_downloads":true,"_surecart_dashboard_navigation_billing":true,"_surecart_dashboard_navigation_account":true,"site-sidebar-layout":"default","site-content-layout":"","ast-site-content-layout":"default","site-content-style":"default","site-sidebar-style":"default","ast-global-header-display":"","ast-banner-title-visibility":"","ast-main-header-display":"","ast-hfb-above-header-display":"","ast-hfb-below-header-display":"","ast-hfb-mobile-header-display":"","site-post-title":"","ast-breadcrumbs-content":"","ast-featured-img":"","footer-sml-layout":"","ast-disable-related-posts":"","theme-transparent-header-meta":"","adv-header-id-meta":"","stick-header-meta":"","header-above-stick-meta":"","header-main-stick-meta":"","header-below-stick-meta":"","astra-migrate-meta-layouts":"default","ast-page-background-enabled":"default","ast-page-background-meta":{"desktop":{"background-color":"var(--ast-global-color-4)","background-image":"","background-repeat":"repeat","background-position":"center center","background-size":"auto","background-attachment":"scroll","background-type":"","background-media":"","overlay-type":"","overlay-color":"","overlay-opacity":"","overlay-gradient":""},"tablet":{"background-color":"","background-image":"","background-repeat":"repeat","background-position":"center center","background-size":"auto","background-attachment":"scroll","background-type":"","background-media":"","overlay-type":"","overlay-color":"","overlay-opacity":"","overlay-gradient":""},"mobile":{"background-color":"","background-image":"","background-repeat":"repeat","background-position":"center center","background-size":"auto","background-attachment":"scroll","background-type":"","background-media":"","overlay-type":"","overlay-color":"","overlay-opacity":"","overlay-gradient":""}},"ast-content-background-meta":{"desktop":{"background-color":"var(--ast-global-color-5)","background-image":"","background-repeat":"repeat","background-position":"center center","background-size":"auto","background-attachment":"scroll","background-type":"","background-media":"","overlay-type":"","overlay-color":"","overlay-opacity":"","overlay-gradient":""},"tablet":{"background-color":"var(--ast-global-color-5)","background-image":"","background-repeat":"repeat","background-position":"center center","background-size":"auto","background-attachment":"scroll","background-type":"","background-media":"","overlay-type":"","overlay-color":"","overlay-opacity":"","overlay-gradient":""},"mobile":{"background-color":"var(--ast-global-color-5)","background-image":"","background-repeat":"repeat","background-position":"center center","background-size":"auto","background-attachment":"scroll","background-type":"","background-media":"","overlay-type":"","overlay-color":"","overlay-opacity":"","overlay-gradient":""}}},"product_brand":[],"product_cat":[46,36],"product_tag":[],"class_list":{"0":"post-7866","1":"product","2":"type-product","3":"status-publish","4":"has-post-thumbnail","6":"product_cat-accesorios-para-pc-gaming-consolas-y-videojuegos","7":"product_cat-perifericos-de-pc","8":"desktop-align-left","9":"tablet-align-left","10":"mobile-align-left","12":"first","13":"outofstock","14":"sale","15":"taxable","16":"shipping-taxable","17":"purchasable","18":"product-type-simple"},"yoast_head":"<!-- This site is optimized with the Yoast SEO plugin v27.5 - https:\/\/yoast.com\/product\/yoast-seo-wordpress\/ -->\n<title>Tarjeta Grafica ASUS Dual GeForce GTX 1650 Mini OC Edition 4GB GDDR6 - Giftronic.04<\/title>\n<meta name=\"robots\" content=\"index, follow, max-snippet:-1, max-image-preview:large, max-video-preview:-1\" \/>\n<link rel=\"canonical\" href=\"https:\/\/giftronic04.com\/index.php\/product\/tarjeta-grafica-asus-dual-geforce-gtx-1650-mini-oc-edition-4gb-gddr6\/\" \/>\n<meta property=\"og:locale\" content=\"es_ES\" \/>\n<meta property=\"og:type\" content=\"article\" \/>\n<meta property=\"og:title\" content=\"Tarjeta Grafica ASUS Dual GeForce GTX 1650 Mini OC Edition 4GB GDDR6 - Giftronic.04\" \/>\n<meta property=\"og:description\" content=\"Caracter\u00edsticas: Marca: ASUS &#8211; NVIDIA Tipo: Tarjeta Grafica Procesador gr\u00e1fico GeForce GTX 1650 M\u00e1xima resoluci\u00f3n 7680 x 4320 Pixeles CUDA Si Frecuencia del procesador 1485 MHz Soporte para proceso paralelo No FireStream No N\u00facleos CUDA 896 Aumento de la velocidad de reloj del procesador 1725 MHz Frecuencia del procesador (modo OC) 1485 MHz Velocidad de [&hellip;]\" \/>\n<meta property=\"og:url\" content=\"https:\/\/giftronic04.com\/index.php\/product\/tarjeta-grafica-asus-dual-geforce-gtx-1650-mini-oc-edition-4gb-gddr6\/\" \/>\n<meta property=\"og:site_name\" content=\"Giftronic.04\" \/>\n<meta property=\"article:modified_time\" content=\"2025-05-02T14:36:56+00:00\" \/>\n<meta property=\"og:image\" content=\"https:\/\/giftronic04.com\/wp-content\/uploads\/2024\/12\/1-3.jpg\" \/>\n\t<meta property=\"og:image:width\" content=\"2000\" \/>\n\t<meta property=\"og:image:height\" content=\"2000\" \/>\n\t<meta property=\"og:image:type\" content=\"image\/jpeg\" \/>\n<meta name=\"twitter:card\" content=\"summary_large_image\" \/>\n<meta name=\"twitter:label1\" content=\"Tiempo de lectura\" \/>\n\t<meta name=\"twitter:data1\" content=\"2 minutos\" \/>\n<script type=\"application\/ld+json\" class=\"yoast-schema-graph\">{\"@context\":\"https:\\\/\\\/schema.org\",\"@graph\":[{\"@type\":\"WebPage\",\"@id\":\"https:\\\/\\\/giftronic04.com\\\/index.php\\\/product\\\/tarjeta-grafica-asus-dual-geforce-gtx-1650-mini-oc-edition-4gb-gddr6\\\/\",\"url\":\"https:\\\/\\\/giftronic04.com\\\/index.php\\\/product\\\/tarjeta-grafica-asus-dual-geforce-gtx-1650-mini-oc-edition-4gb-gddr6\\\/\",\"name\":\"Tarjeta Grafica ASUS Dual GeForce GTX 1650 Mini OC Edition 4GB GDDR6 - Giftronic.04\",\"isPartOf\":{\"@id\":\"https:\\\/\\\/giftronic04.com\\\/#website\"},\"primaryImageOfPage\":{\"@id\":\"https:\\\/\\\/giftronic04.com\\\/index.php\\\/product\\\/tarjeta-grafica-asus-dual-geforce-gtx-1650-mini-oc-edition-4gb-gddr6\\\/#primaryimage\"},\"image\":{\"@id\":\"https:\\\/\\\/giftronic04.com\\\/index.php\\\/product\\\/tarjeta-grafica-asus-dual-geforce-gtx-1650-mini-oc-edition-4gb-gddr6\\\/#primaryimage\"},\"thumbnailUrl\":\"https:\\\/\\\/giftronic04.com\\\/wp-content\\\/uploads\\\/2024\\\/12\\\/1-3.jpg\",\"datePublished\":\"2024-12-23T17:23:42+00:00\",\"dateModified\":\"2025-05-02T14:36:56+00:00\",\"breadcrumb\":{\"@id\":\"https:\\\/\\\/giftronic04.com\\\/index.php\\\/product\\\/tarjeta-grafica-asus-dual-geforce-gtx-1650-mini-oc-edition-4gb-gddr6\\\/#breadcrumb\"},\"inLanguage\":\"es\",\"potentialAction\":[{\"@type\":\"ReadAction\",\"target\":[\"https:\\\/\\\/giftronic04.com\\\/index.php\\\/product\\\/tarjeta-grafica-asus-dual-geforce-gtx-1650-mini-oc-edition-4gb-gddr6\\\/\"]}]},{\"@type\":\"ImageObject\",\"inLanguage\":\"es\",\"@id\":\"https:\\\/\\\/giftronic04.com\\\/index.php\\\/product\\\/tarjeta-grafica-asus-dual-geforce-gtx-1650-mini-oc-edition-4gb-gddr6\\\/#primaryimage\",\"url\":\"https:\\\/\\\/giftronic04.com\\\/wp-content\\\/uploads\\\/2024\\\/12\\\/1-3.jpg\",\"contentUrl\":\"https:\\\/\\\/giftronic04.com\\\/wp-content\\\/uploads\\\/2024\\\/12\\\/1-3.jpg\",\"width\":2000,\"height\":2000},{\"@type\":\"BreadcrumbList\",\"@id\":\"https:\\\/\\\/giftronic04.com\\\/index.php\\\/product\\\/tarjeta-grafica-asus-dual-geforce-gtx-1650-mini-oc-edition-4gb-gddr6\\\/#breadcrumb\",\"itemListElement\":[{\"@type\":\"ListItem\",\"position\":1,\"name\":\"Portada\",\"item\":\"https:\\\/\\\/giftronic04.com\\\/\"},{\"@type\":\"ListItem\",\"position\":2,\"name\":\"Tienda\",\"item\":\"https:\\\/\\\/giftronic04.com\\\/index.php\\\/shop\\\/\"},{\"@type\":\"ListItem\",\"position\":3,\"name\":\"Tarjeta Grafica ASUS Dual GeForce GTX 1650 Mini OC Edition 4GB GDDR6\"}]},{\"@type\":\"WebSite\",\"@id\":\"https:\\\/\\\/giftronic04.com\\\/#website\",\"url\":\"https:\\\/\\\/giftronic04.com\\\/\",\"name\":\"Giftronic.04\",\"description\":\"Venta de equipos tecnologicos\",\"publisher\":{\"@id\":\"https:\\\/\\\/giftronic04.com\\\/#organization\"},\"potentialAction\":[{\"@type\":\"SearchAction\",\"target\":{\"@type\":\"EntryPoint\",\"urlTemplate\":\"https:\\\/\\\/giftronic04.com\\\/?s={search_term_string}\"},\"query-input\":{\"@type\":\"PropertyValueSpecification\",\"valueRequired\":true,\"valueName\":\"search_term_string\"}}],\"inLanguage\":\"es\"},{\"@type\":\"Organization\",\"@id\":\"https:\\\/\\\/giftronic04.com\\\/#organization\",\"name\":\"giftronic04\",\"url\":\"https:\\\/\\\/giftronic04.com\\\/\",\"logo\":{\"@type\":\"ImageObject\",\"inLanguage\":\"es\",\"@id\":\"https:\\\/\\\/giftronic04.com\\\/#\\\/schema\\\/logo\\\/image\\\/\",\"url\":\"https:\\\/\\\/giftronic04.com\\\/wp-content\\\/uploads\\\/2021\\\/08\\\/logo.png\",\"contentUrl\":\"https:\\\/\\\/giftronic04.com\\\/wp-content\\\/uploads\\\/2021\\\/08\\\/logo.png\",\"width\":6640,\"height\":2192,\"caption\":\"giftronic04\"},\"image\":{\"@id\":\"https:\\\/\\\/giftronic04.com\\\/#\\\/schema\\\/logo\\\/image\\\/\"},\"sameAs\":[\"https:\\\/\\\/www.instagram.com\\\/giftronic.04\\\/\"]}]}<\/script>\n<!-- \/ Yoast SEO plugin. -->","yoast_head_json":{"title":"Tarjeta Grafica ASUS Dual GeForce GTX 1650 Mini OC Edition 4GB GDDR6 - Giftronic.04","robots":{"index":"index","follow":"follow","max-snippet":"max-snippet:-1","max-image-preview":"max-image-preview:large","max-video-preview":"max-video-preview:-1"},"canonical":"https:\/\/giftronic04.com\/index.php\/product\/tarjeta-grafica-asus-dual-geforce-gtx-1650-mini-oc-edition-4gb-gddr6\/","og_locale":"es_ES","og_type":"article","og_title":"Tarjeta Grafica ASUS Dual GeForce GTX 1650 Mini OC Edition 4GB GDDR6 - Giftronic.04","og_description":"Caracter\u00edsticas: Marca: ASUS &#8211; NVIDIA Tipo: Tarjeta Grafica Procesador gr\u00e1fico GeForce GTX 1650 M\u00e1xima resoluci\u00f3n 7680 x 4320 Pixeles CUDA Si Frecuencia del procesador 1485 MHz Soporte para proceso paralelo No FireStream No N\u00facleos CUDA 896 Aumento de la velocidad de reloj del procesador 1725 MHz Frecuencia del procesador (modo OC) 1485 MHz Velocidad de [&hellip;]","og_url":"https:\/\/giftronic04.com\/index.php\/product\/tarjeta-grafica-asus-dual-geforce-gtx-1650-mini-oc-edition-4gb-gddr6\/","og_site_name":"Giftronic.04","article_modified_time":"2025-05-02T14:36:56+00:00","og_image":[{"width":2000,"height":2000,"url":"https:\/\/giftronic04.com\/wp-content\/uploads\/2024\/12\/1-3.jpg","type":"image\/jpeg"}],"twitter_card":"summary_large_image","twitter_misc":{"Tiempo de lectura":"2 minutos"},"schema":{"@context":"https:\/\/schema.org","@graph":[{"@type":"WebPage","@id":"https:\/\/giftronic04.com\/index.php\/product\/tarjeta-grafica-asus-dual-geforce-gtx-1650-mini-oc-edition-4gb-gddr6\/","url":"https:\/\/giftronic04.com\/index.php\/product\/tarjeta-grafica-asus-dual-geforce-gtx-1650-mini-oc-edition-4gb-gddr6\/","name":"Tarjeta Grafica ASUS Dual GeForce GTX 1650 Mini OC Edition 4GB GDDR6 - Giftronic.04","isPartOf":{"@id":"https:\/\/giftronic04.com\/#website"},"primaryImageOfPage":{"@id":"https:\/\/giftronic04.com\/index.php\/product\/tarjeta-grafica-asus-dual-geforce-gtx-1650-mini-oc-edition-4gb-gddr6\/#primaryimage"},"image":{"@id":"https:\/\/giftronic04.com\/index.php\/product\/tarjeta-grafica-asus-dual-geforce-gtx-1650-mini-oc-edition-4gb-gddr6\/#primaryimage"},"thumbnailUrl":"https:\/\/giftronic04.com\/wp-content\/uploads\/2024\/12\/1-3.jpg","datePublished":"2024-12-23T17:23:42+00:00","dateModified":"2025-05-02T14:36:56+00:00","breadcrumb":{"@id":"https:\/\/giftronic04.com\/index.php\/product\/tarjeta-grafica-asus-dual-geforce-gtx-1650-mini-oc-edition-4gb-gddr6\/#breadcrumb"},"inLanguage":"es","potentialAction":[{"@type":"ReadAction","target":["https:\/\/giftronic04.com\/index.php\/product\/tarjeta-grafica-asus-dual-geforce-gtx-1650-mini-oc-edition-4gb-gddr6\/"]}]},{"@type":"ImageObject","inLanguage":"es","@id":"https:\/\/giftronic04.com\/index.php\/product\/tarjeta-grafica-asus-dual-geforce-gtx-1650-mini-oc-edition-4gb-gddr6\/#primaryimage","url":"https:\/\/giftronic04.com\/wp-content\/uploads\/2024\/12\/1-3.jpg","contentUrl":"https:\/\/giftronic04.com\/wp-content\/uploads\/2024\/12\/1-3.jpg","width":2000,"height":2000},{"@type":"BreadcrumbList","@id":"https:\/\/giftronic04.com\/index.php\/product\/tarjeta-grafica-asus-dual-geforce-gtx-1650-mini-oc-edition-4gb-gddr6\/#breadcrumb","itemListElement":[{"@type":"ListItem","position":1,"name":"Portada","item":"https:\/\/giftronic04.com\/"},{"@type":"ListItem","position":2,"name":"Tienda","item":"https:\/\/giftronic04.com\/index.php\/shop\/"},{"@type":"ListItem","position":3,"name":"Tarjeta Grafica ASUS Dual GeForce GTX 1650 Mini OC Edition 4GB GDDR6"}]},{"@type":"WebSite","@id":"https:\/\/giftronic04.com\/#website","url":"https:\/\/giftronic04.com\/","name":"Giftronic.04","description":"Venta de equipos tecnologicos","publisher":{"@id":"https:\/\/giftronic04.com\/#organization"},"potentialAction":[{"@type":"SearchAction","target":{"@type":"EntryPoint","urlTemplate":"https:\/\/giftronic04.com\/?s={search_term_string}"},"query-input":{"@type":"PropertyValueSpecification","valueRequired":true,"valueName":"search_term_string"}}],"inLanguage":"es"},{"@type":"Organization","@id":"https:\/\/giftronic04.com\/#organization","name":"giftronic04","url":"https:\/\/giftronic04.com\/","logo":{"@type":"ImageObject","inLanguage":"es","@id":"https:\/\/giftronic04.com\/#\/schema\/logo\/image\/","url":"https:\/\/giftronic04.com\/wp-content\/uploads\/2021\/08\/logo.png","contentUrl":"https:\/\/giftronic04.com\/wp-content\/uploads\/2021\/08\/logo.png","width":6640,"height":2192,"caption":"giftronic04"},"image":{"@id":"https:\/\/giftronic04.com\/#\/schema\/logo\/image\/"},"sameAs":["https:\/\/www.instagram.com\/giftronic.04\/"]}]}},"jetpack_sharing_enabled":true,"_links":{"self":[{"href":"https:\/\/giftronic04.com\/index.php\/wp-json\/wp\/v2\/product\/7866","targetHints":{"allow":["GET"]}}],"collection":[{"href":"https:\/\/giftronic04.com\/index.php\/wp-json\/wp\/v2\/product"}],"about":[{"href":"https:\/\/giftronic04.com\/index.php\/wp-json\/wp\/v2\/types\/product"}],"replies":[{"embeddable":true,"href":"https:\/\/giftronic04.com\/index.php\/wp-json\/wp\/v2\/comments?post=7866"}],"wp:featuredmedia":[{"embeddable":true,"href":"https:\/\/giftronic04.com\/index.php\/wp-json\/wp\/v2\/media\/7868"}],"wp:attachment":[{"href":"https:\/\/giftronic04.com\/index.php\/wp-json\/wp\/v2\/media?parent=7866"}],"wp:term":[{"taxonomy":"product_brand","embeddable":true,"href":"https:\/\/giftronic04.com\/index.php\/wp-json\/wp\/v2\/product_brand?post=7866"},{"taxonomy":"product_cat","embeddable":true,"href":"https:\/\/giftronic04.com\/index.php\/wp-json\/wp\/v2\/product_cat?post=7866"},{"taxonomy":"product_tag","embeddable":true,"href":"https:\/\/giftronic04.com\/index.php\/wp-json\/wp\/v2\/product_tag?post=7866"}],"curies":[{"name":"wp","href":"https:\/\/api.w.org\/{rel}","templated":true}]}}