{"id":8015,"date":"2025-01-20T16:01:58","date_gmt":"2025-01-20T21:01:58","guid":{"rendered":"https:\/\/giftronic04.com\/?post_type=product&#038;p=8015"},"modified":"2025-07-25T12:14:45","modified_gmt":"2025-07-25T17:14:45","slug":"giftronic04-com-tecnologia-monitor-aoc","status":"publish","type":"product","link":"https:\/\/giftronic04.com\/index.php\/product\/giftronic04-com-tecnologia-monitor-aoc\/","title":{"rendered":"Monitor AOC 27B30H 27&#8242; Pulgadas Full HD, IPS, 120Hz, Black"},"content":{"rendered":"<p>Caracter\u00edsticas:<\/p>\n<p>Referencia: 27B30H<\/p>\n<p>Marca: AOC<\/p>\n<p>Tipo: Monitores<\/p>\n<p>Resoluci\u00f3n Pantalla Full HD (1920&#215;1080) IPS<\/p>\n<p>Tama\u00f1o Pantalla\u00a0\u00a0\u00a0\u00a0 27\u2019 Pulgadas<\/p>\n<p>Paso de p\u00edxeles (mm)\u00a0\u00a0\u00a0\u00a0\u00a0\u00a0\u00a0\u00a0 0,3114 (alto) \u00d7 0,3114 (vertical)<\/p>\n<p>\u00c1rea de visi\u00f3n efectiva (mm)\u00a0\u00a0\u00a0\u00a0\u00a0\u00a0\u00a0\u00a0 597,88 (alto) \u00d7 336,31 (vertical)<\/p>\n<p>Brillo (t\u00edpico)\u00a0 250 cd\/m\u00b2<\/p>\n<p>Relaci\u00f3n de contraste\u00a0\u00a0\u00a0\u00a0\u00a0\u00a0\u00a0\u00a0 1000:1 (t\u00edpico) 20 millones:1 (DCR)<\/p>\n<p>Tiempo de respuesta\u00a0\u00a0\u00a0\u00a0\u00a0\u00a0\u00a0\u00a0\u00a0 1 ms de tiempo de respuesta m\u00e1xima<\/p>\n<p>\u00c1ngulo de visi\u00f3n\u00a0\u00a0\u00a0\u00a0\u00a0 178\u00b0 (H) \/ 178\u00b0 (V) (CR &gt; 10)<\/p>\n<p>Gama de colores\u00a0\u00a0\u00a0\u00a0 NTSC 90 % (CIE1976) \/ sRGB 103 % (CIE1931)<\/p>\n<p>Precisi\u00f3n del color\u00a0\u00a0 &#8211;<\/p>\n<p>Resoluci\u00f3n \u00f3ptima\u00a0 1920 \u00d7 1080 a 120 Hz \u2013 HDMI<\/p>\n<p>Colores de la pantalla\u00a0\u00a0\u00a0\u00a0\u00a0\u00a0\u00a0 16,7 millones<\/p>\n<p>Entrada de se\u00f1al\u00a0\u00a0\u00a0\u00a0 HDMI 1.4 \u00d7 1, VGA \u00d7 1<\/p>\n<p>Fuente de alimentaci\u00f3n\u00a0\u00a0\u00a0\u00a0 Externo 19 V CC, 1,31 A<\/p>\n<p>Consumo de energ\u00eda (t\u00edpico)\u00a0\u00a0\u00a0\u00a0\u00a0\u00a0\u00a0\u00a0 20 W<\/p>\n<p>Entrada de l\u00ednea y auriculares\u00a0\u00a0\u00a0\u00a0 No<\/p>\n<p>Montaje en pared\u00a0\u00a0\u00a0 100 mm \u00d7 100 mm<\/p>\n<p>Soporte ajustable\u00a0\u00a0\u00a0 Inclinaci\u00f3n: -5\u00b0 ~ 23\u00b0<\/p>\n<p>Producto sin soporte (mm)\u00a0\u00a0\u00a0\u00a0\u00a0\u00a0\u00a0\u00a0\u00a0\u00a0\u00a0 363,1 (alto) \u00d7 614,5 (ancho) \u00d7 35 (profundidad)<\/p>\n<p>Producto con soporte (mm)\u00a0\u00a0\u00a0\u00a0\u00a0\u00a0\u00a0\u00a0\u00a0\u00a0 451,8 (alto) \u00d7 614,5 (ancho) \u00d7 195,9 (profundidad)<\/p>\n<p>Embalaje (mm)\u00a0\u00a0\u00a0\u00a0\u00a0\u00a0\u00a0\u00a0 432 (alto) \u00d7 690 (ancho) \u00d7 103 (profundidad)<\/p>\n<p>Producto sin soporte (kg)\u00a0\u00a0 2.64<\/p>\n<p>Producto con soporte (kg) 2,94<\/p>\n<p>Color del gabinete\u00a0\u00a0 Negro<\/p>\n<p>Resumen del producto<\/p>\n<p>La pantalla del AOC de 27\u2019 ofrece una experiencia sencilla y de alta calidad que es ideal tanto para el usuario de oficina moderno como para el usuario dom\u00e9stico. El panel IPS con resoluci\u00f3n Full HD (1920 x 1080 a 120 Hz) ofrece im\u00e1genes n\u00edtidas y una buena consistencia de color en toda la visualizaci\u00f3n. Los juegos no deber\u00edan ser una elecci\u00f3n entre una jugabilidad entrecortada o fotogramas rotos. Obtenga un rendimiento fluido y sin artefactos en pr\u00e1cticamente cualquier velocidad de cuadros con la tecnolog\u00eda Adaptive-Sync, una actualizaci\u00f3n r\u00e1pida y suave y un tiempo de respuesta ultrarr\u00e1pido.<\/p>\n<p>Recomendaciones<\/p>\n<p>Lea cuidadosamente la descripci\u00f3n del producto y condiciones de venta.<\/p>\n<p>Se otorga 1 a\u00f1o de respaldo por defectos de fabricaci\u00f3n directamente con la marca \u2018Conservando empaques originales\u2019. No cubre da\u00f1os ocasionados por manipulaci\u00f3n no autorizada, golpes, derrames o mal uso del equipo, Las im\u00e1genes publicadas en esta p\u00e1gina son representaciones fotogr\u00e1ficas que ilustran de manera aproximada las caracter\u00edsticas de los equipos en venta y pueden variar respecto a la realidad seg\u00fan la resoluci\u00f3n de estas y del dispositivo que se utilice para observarlas. Para cualquier proceso de garant\u00eda debes entregar el producto con los empaques y accesorios ORIGINALES.<\/p>\n","protected":false},"excerpt":{"rendered":"<p>Caracter\u00edsticas: Referencia: 27B30H Marca: AOC Tipo: Monitores Resoluci\u00f3n Pantalla Full HD (1920&#215;1080) IPS Tama\u00f1o Pantalla\u00a0\u00a0\u00a0\u00a0 27\u2019 Pulgadas Paso de p\u00edxeles (mm)\u00a0\u00a0\u00a0\u00a0\u00a0\u00a0\u00a0\u00a0 0,3114 (alto) \u00d7 0,3114 (vertical) \u00c1rea de visi\u00f3n efectiva (mm)\u00a0\u00a0\u00a0\u00a0\u00a0\u00a0\u00a0\u00a0 597,88 (alto) \u00d7 336,31 (vertical) Brillo (t\u00edpico)\u00a0 250 cd\/m\u00b2 Relaci\u00f3n de contraste\u00a0\u00a0\u00a0\u00a0\u00a0\u00a0\u00a0\u00a0 1000:1 (t\u00edpico) 20 millones:1 (DCR) Tiempo de respuesta\u00a0\u00a0\u00a0\u00a0\u00a0\u00a0\u00a0\u00a0\u00a0 1 ms de tiempo [&hellip;]<\/p>\n","protected":false},"featured_media":9135,"comment_status":"open","ping_status":"closed","template":"","meta":{"_surecart_dashboard_logo_width":"180px","_surecart_dashboard_show_logo":true,"_surecart_dashboard_navigation_orders":true,"_surecart_dashboard_navigation_invoices":true,"_surecart_dashboard_navigation_subscriptions":true,"_surecart_dashboard_navigation_downloads":true,"_surecart_dashboard_navigation_billing":true,"_surecart_dashboard_navigation_account":true,"site-sidebar-layout":"default","site-content-layout":"","ast-site-content-layout":"default","site-content-style":"default","site-sidebar-style":"default","ast-global-header-display":"","ast-banner-title-visibility":"","ast-main-header-display":"","ast-hfb-above-header-display":"","ast-hfb-below-header-display":"","ast-hfb-mobile-header-display":"","site-post-title":"","ast-breadcrumbs-content":"","ast-featured-img":"","footer-sml-layout":"","ast-disable-related-posts":"","theme-transparent-header-meta":"","adv-header-id-meta":"","stick-header-meta":"","header-above-stick-meta":"","header-main-stick-meta":"","header-below-stick-meta":"","astra-migrate-meta-layouts":"default","ast-page-background-enabled":"default","ast-page-background-meta":{"desktop":{"background-color":"var(--ast-global-color-4)","background-image":"","background-repeat":"repeat","background-position":"center center","background-size":"auto","background-attachment":"scroll","background-type":"","background-media":"","overlay-type":"","overlay-color":"","overlay-opacity":"","overlay-gradient":""},"tablet":{"background-color":"","background-image":"","background-repeat":"repeat","background-position":"center center","background-size":"auto","background-attachment":"scroll","background-type":"","background-media":"","overlay-type":"","overlay-color":"","overlay-opacity":"","overlay-gradient":""},"mobile":{"background-color":"","background-image":"","background-repeat":"repeat","background-position":"center center","background-size":"auto","background-attachment":"scroll","background-type":"","background-media":"","overlay-type":"","overlay-color":"","overlay-opacity":"","overlay-gradient":""}},"ast-content-background-meta":{"desktop":{"background-color":"var(--ast-global-color-5)","background-image":"","background-repeat":"repeat","background-position":"center center","background-size":"auto","background-attachment":"scroll","background-type":"","background-media":"","overlay-type":"","overlay-color":"","overlay-opacity":"","overlay-gradient":""},"tablet":{"background-color":"var(--ast-global-color-5)","background-image":"","background-repeat":"repeat","background-position":"center center","background-size":"auto","background-attachment":"scroll","background-type":"","background-media":"","overlay-type":"","overlay-color":"","overlay-opacity":"","overlay-gradient":""},"mobile":{"background-color":"var(--ast-global-color-5)","background-image":"","background-repeat":"repeat","background-position":"center center","background-size":"auto","background-attachment":"scroll","background-type":"","background-media":"","overlay-type":"","overlay-color":"","overlay-opacity":"","overlay-gradient":""}}},"product_brand":[],"product_cat":[34],"product_tag":[],"class_list":{"0":"post-8015","1":"product","2":"type-product","3":"status-publish","4":"has-post-thumbnail","6":"product_cat-monitores-y-accesorios","7":"desktop-align-left","8":"tablet-align-left","9":"mobile-align-left","11":"first","12":"instock","13":"sale","14":"taxable","15":"shipping-taxable","16":"purchasable","17":"product-type-simple"},"yoast_head":"<!-- This site is optimized with the Yoast SEO plugin v27.4 - https:\/\/yoast.com\/product\/yoast-seo-wordpress\/ -->\n<title>Giftronic04.com Monitor AOC 27B30H 27&#039; Full HD, 120Hz, Black.....<\/title>\n<meta name=\"description\" content=\"Giftronic04.com es una empresa enfocada a la comercializaci\u00f3n al por mayor y menor de computadores, accesorios y tecnolog\u00eda de punta en el mercado nacional.\" \/>\n<meta name=\"robots\" content=\"index, follow, max-snippet:-1, max-image-preview:large, max-video-preview:-1\" \/>\n<link rel=\"canonical\" href=\"https:\/\/giftronic04.com\/index.php\/product\/giftronic04-com-tecnologia-monitor-aoc\/\" \/>\n<meta property=\"og:locale\" content=\"es_ES\" \/>\n<meta property=\"og:type\" content=\"article\" \/>\n<meta property=\"og:title\" content=\"Giftronic04.com Monitor AOC 27B30H 27&quot; Pulgadas Full HD 1920x1080 120Hz IPS Negro\" \/>\n<meta property=\"og:description\" content=\"Descubre nuestra tienda Giftronic04 lo mejor en computadores, televisoresTecnologia, calidad y servicio en la palma de tu mano, GIFTRONIC04.COM.Giftronic04 calidad innovaci\u00f3n y las mejores marcas para equipar tu hogar.\" \/>\n<meta property=\"og:url\" content=\"https:\/\/giftronic04.com\/index.php\/product\/giftronic04-com-tecnologia-monitor-aoc\/\" \/>\n<meta property=\"og:site_name\" content=\"Giftronic.04\" \/>\n<meta property=\"article:modified_time\" content=\"2025-07-25T17:14:45+00:00\" \/>\n<meta property=\"og:image\" content=\"https:\/\/giftronic04.com\/wp-content\/uploads\/2025\/01\/AOC-120HZ.jpg\" \/>\n\t<meta property=\"og:image:width\" content=\"2000\" \/>\n\t<meta property=\"og:image:height\" content=\"2000\" \/>\n\t<meta property=\"og:image:type\" content=\"image\/jpeg\" \/>\n<meta name=\"twitter:card\" content=\"summary_large_image\" \/>\n<meta name=\"twitter:label1\" content=\"Tiempo de lectura\" \/>\n\t<meta name=\"twitter:data1\" content=\"2 minutos\" \/>\n<script type=\"application\/ld+json\" class=\"yoast-schema-graph\">{\"@context\":\"https:\\\/\\\/schema.org\",\"@graph\":[{\"@type\":\"WebPage\",\"@id\":\"https:\\\/\\\/giftronic04.com\\\/index.php\\\/product\\\/giftronic04-com-tecnologia-monitor-aoc\\\/\",\"url\":\"https:\\\/\\\/giftronic04.com\\\/index.php\\\/product\\\/giftronic04-com-tecnologia-monitor-aoc\\\/\",\"name\":\"Giftronic04.com Monitor AOC 27B30H 27' Full HD, 120Hz, Black.....\",\"isPartOf\":{\"@id\":\"https:\\\/\\\/giftronic04.com\\\/#website\"},\"primaryImageOfPage\":{\"@id\":\"https:\\\/\\\/giftronic04.com\\\/index.php\\\/product\\\/giftronic04-com-tecnologia-monitor-aoc\\\/#primaryimage\"},\"image\":{\"@id\":\"https:\\\/\\\/giftronic04.com\\\/index.php\\\/product\\\/giftronic04-com-tecnologia-monitor-aoc\\\/#primaryimage\"},\"thumbnailUrl\":\"https:\\\/\\\/giftronic04.com\\\/wp-content\\\/uploads\\\/2025\\\/01\\\/AOC-120HZ.jpg\",\"datePublished\":\"2025-01-20T21:01:58+00:00\",\"dateModified\":\"2025-07-25T17:14:45+00:00\",\"description\":\"Giftronic04.com es una empresa enfocada a la comercializaci\u00f3n al por mayor y menor de computadores, accesorios y tecnolog\u00eda de punta en el mercado nacional.\",\"breadcrumb\":{\"@id\":\"https:\\\/\\\/giftronic04.com\\\/index.php\\\/product\\\/giftronic04-com-tecnologia-monitor-aoc\\\/#breadcrumb\"},\"inLanguage\":\"es\",\"potentialAction\":[{\"@type\":\"ReadAction\",\"target\":[\"https:\\\/\\\/giftronic04.com\\\/index.php\\\/product\\\/giftronic04-com-tecnologia-monitor-aoc\\\/\"]}]},{\"@type\":\"ImageObject\",\"inLanguage\":\"es\",\"@id\":\"https:\\\/\\\/giftronic04.com\\\/index.php\\\/product\\\/giftronic04-com-tecnologia-monitor-aoc\\\/#primaryimage\",\"url\":\"https:\\\/\\\/giftronic04.com\\\/wp-content\\\/uploads\\\/2025\\\/01\\\/AOC-120HZ.jpg\",\"contentUrl\":\"https:\\\/\\\/giftronic04.com\\\/wp-content\\\/uploads\\\/2025\\\/01\\\/AOC-120HZ.jpg\",\"width\":2000,\"height\":2000},{\"@type\":\"BreadcrumbList\",\"@id\":\"https:\\\/\\\/giftronic04.com\\\/index.php\\\/product\\\/giftronic04-com-tecnologia-monitor-aoc\\\/#breadcrumb\",\"itemListElement\":[{\"@type\":\"ListItem\",\"position\":1,\"name\":\"Portada\",\"item\":\"https:\\\/\\\/giftronic04.com\\\/\"},{\"@type\":\"ListItem\",\"position\":2,\"name\":\"Tienda\",\"item\":\"https:\\\/\\\/giftronic04.com\\\/index.php\\\/shop\\\/\"},{\"@type\":\"ListItem\",\"position\":3,\"name\":\"Monitor AOC 27B30H 27&#8242; Pulgadas Full HD, IPS, 120Hz, Black\"}]},{\"@type\":\"WebSite\",\"@id\":\"https:\\\/\\\/giftronic04.com\\\/#website\",\"url\":\"https:\\\/\\\/giftronic04.com\\\/\",\"name\":\"Giftronic.04\",\"description\":\"Venta de equipos tecnologicos\",\"publisher\":{\"@id\":\"https:\\\/\\\/giftronic04.com\\\/#organization\"},\"potentialAction\":[{\"@type\":\"SearchAction\",\"target\":{\"@type\":\"EntryPoint\",\"urlTemplate\":\"https:\\\/\\\/giftronic04.com\\\/?s={search_term_string}\"},\"query-input\":{\"@type\":\"PropertyValueSpecification\",\"valueRequired\":true,\"valueName\":\"search_term_string\"}}],\"inLanguage\":\"es\"},{\"@type\":\"Organization\",\"@id\":\"https:\\\/\\\/giftronic04.com\\\/#organization\",\"name\":\"giftronic04\",\"url\":\"https:\\\/\\\/giftronic04.com\\\/\",\"logo\":{\"@type\":\"ImageObject\",\"inLanguage\":\"es\",\"@id\":\"https:\\\/\\\/giftronic04.com\\\/#\\\/schema\\\/logo\\\/image\\\/\",\"url\":\"https:\\\/\\\/giftronic04.com\\\/wp-content\\\/uploads\\\/2021\\\/08\\\/logo.png\",\"contentUrl\":\"https:\\\/\\\/giftronic04.com\\\/wp-content\\\/uploads\\\/2021\\\/08\\\/logo.png\",\"width\":6640,\"height\":2192,\"caption\":\"giftronic04\"},\"image\":{\"@id\":\"https:\\\/\\\/giftronic04.com\\\/#\\\/schema\\\/logo\\\/image\\\/\"},\"sameAs\":[\"https:\\\/\\\/www.instagram.com\\\/giftronic.04\\\/\"]}]}<\/script>\n<!-- \/ Yoast SEO plugin. -->","yoast_head_json":{"title":"Giftronic04.com Monitor AOC 27B30H 27' Full HD, 120Hz, Black.....","description":"Giftronic04.com es una empresa enfocada a la comercializaci\u00f3n al por mayor y menor de computadores, accesorios y tecnolog\u00eda de punta en el mercado nacional.","robots":{"index":"index","follow":"follow","max-snippet":"max-snippet:-1","max-image-preview":"max-image-preview:large","max-video-preview":"max-video-preview:-1"},"canonical":"https:\/\/giftronic04.com\/index.php\/product\/giftronic04-com-tecnologia-monitor-aoc\/","og_locale":"es_ES","og_type":"article","og_title":"Giftronic04.com Monitor AOC 27B30H 27\" Pulgadas Full HD 1920x1080 120Hz IPS Negro","og_description":"Descubre nuestra tienda Giftronic04 lo mejor en computadores, televisoresTecnologia, calidad y servicio en la palma de tu mano, GIFTRONIC04.COM.Giftronic04 calidad innovaci\u00f3n y las mejores marcas para equipar tu hogar.","og_url":"https:\/\/giftronic04.com\/index.php\/product\/giftronic04-com-tecnologia-monitor-aoc\/","og_site_name":"Giftronic.04","article_modified_time":"2025-07-25T17:14:45+00:00","og_image":[{"width":2000,"height":2000,"url":"https:\/\/giftronic04.com\/wp-content\/uploads\/2025\/01\/AOC-120HZ.jpg","type":"image\/jpeg"}],"twitter_card":"summary_large_image","twitter_misc":{"Tiempo de lectura":"2 minutos"},"schema":{"@context":"https:\/\/schema.org","@graph":[{"@type":"WebPage","@id":"https:\/\/giftronic04.com\/index.php\/product\/giftronic04-com-tecnologia-monitor-aoc\/","url":"https:\/\/giftronic04.com\/index.php\/product\/giftronic04-com-tecnologia-monitor-aoc\/","name":"Giftronic04.com Monitor AOC 27B30H 27' Full HD, 120Hz, Black.....","isPartOf":{"@id":"https:\/\/giftronic04.com\/#website"},"primaryImageOfPage":{"@id":"https:\/\/giftronic04.com\/index.php\/product\/giftronic04-com-tecnologia-monitor-aoc\/#primaryimage"},"image":{"@id":"https:\/\/giftronic04.com\/index.php\/product\/giftronic04-com-tecnologia-monitor-aoc\/#primaryimage"},"thumbnailUrl":"https:\/\/giftronic04.com\/wp-content\/uploads\/2025\/01\/AOC-120HZ.jpg","datePublished":"2025-01-20T21:01:58+00:00","dateModified":"2025-07-25T17:14:45+00:00","description":"Giftronic04.com es una empresa enfocada a la comercializaci\u00f3n al por mayor y menor de computadores, accesorios y tecnolog\u00eda de punta en el mercado nacional.","breadcrumb":{"@id":"https:\/\/giftronic04.com\/index.php\/product\/giftronic04-com-tecnologia-monitor-aoc\/#breadcrumb"},"inLanguage":"es","potentialAction":[{"@type":"ReadAction","target":["https:\/\/giftronic04.com\/index.php\/product\/giftronic04-com-tecnologia-monitor-aoc\/"]}]},{"@type":"ImageObject","inLanguage":"es","@id":"https:\/\/giftronic04.com\/index.php\/product\/giftronic04-com-tecnologia-monitor-aoc\/#primaryimage","url":"https:\/\/giftronic04.com\/wp-content\/uploads\/2025\/01\/AOC-120HZ.jpg","contentUrl":"https:\/\/giftronic04.com\/wp-content\/uploads\/2025\/01\/AOC-120HZ.jpg","width":2000,"height":2000},{"@type":"BreadcrumbList","@id":"https:\/\/giftronic04.com\/index.php\/product\/giftronic04-com-tecnologia-monitor-aoc\/#breadcrumb","itemListElement":[{"@type":"ListItem","position":1,"name":"Portada","item":"https:\/\/giftronic04.com\/"},{"@type":"ListItem","position":2,"name":"Tienda","item":"https:\/\/giftronic04.com\/index.php\/shop\/"},{"@type":"ListItem","position":3,"name":"Monitor AOC 27B30H 27&#8242; Pulgadas Full HD, IPS, 120Hz, Black"}]},{"@type":"WebSite","@id":"https:\/\/giftronic04.com\/#website","url":"https:\/\/giftronic04.com\/","name":"Giftronic.04","description":"Venta de equipos tecnologicos","publisher":{"@id":"https:\/\/giftronic04.com\/#organization"},"potentialAction":[{"@type":"SearchAction","target":{"@type":"EntryPoint","urlTemplate":"https:\/\/giftronic04.com\/?s={search_term_string}"},"query-input":{"@type":"PropertyValueSpecification","valueRequired":true,"valueName":"search_term_string"}}],"inLanguage":"es"},{"@type":"Organization","@id":"https:\/\/giftronic04.com\/#organization","name":"giftronic04","url":"https:\/\/giftronic04.com\/","logo":{"@type":"ImageObject","inLanguage":"es","@id":"https:\/\/giftronic04.com\/#\/schema\/logo\/image\/","url":"https:\/\/giftronic04.com\/wp-content\/uploads\/2021\/08\/logo.png","contentUrl":"https:\/\/giftronic04.com\/wp-content\/uploads\/2021\/08\/logo.png","width":6640,"height":2192,"caption":"giftronic04"},"image":{"@id":"https:\/\/giftronic04.com\/#\/schema\/logo\/image\/"},"sameAs":["https:\/\/www.instagram.com\/giftronic.04\/"]}]}},"jetpack_sharing_enabled":true,"_links":{"self":[{"href":"https:\/\/giftronic04.com\/index.php\/wp-json\/wp\/v2\/product\/8015","targetHints":{"allow":["GET"]}}],"collection":[{"href":"https:\/\/giftronic04.com\/index.php\/wp-json\/wp\/v2\/product"}],"about":[{"href":"https:\/\/giftronic04.com\/index.php\/wp-json\/wp\/v2\/types\/product"}],"replies":[{"embeddable":true,"href":"https:\/\/giftronic04.com\/index.php\/wp-json\/wp\/v2\/comments?post=8015"}],"wp:featuredmedia":[{"embeddable":true,"href":"https:\/\/giftronic04.com\/index.php\/wp-json\/wp\/v2\/media\/9135"}],"wp:attachment":[{"href":"https:\/\/giftronic04.com\/index.php\/wp-json\/wp\/v2\/media?parent=8015"}],"wp:term":[{"taxonomy":"product_brand","embeddable":true,"href":"https:\/\/giftronic04.com\/index.php\/wp-json\/wp\/v2\/product_brand?post=8015"},{"taxonomy":"product_cat","embeddable":true,"href":"https:\/\/giftronic04.com\/index.php\/wp-json\/wp\/v2\/product_cat?post=8015"},{"taxonomy":"product_tag","embeddable":true,"href":"https:\/\/giftronic04.com\/index.php\/wp-json\/wp\/v2\/product_tag?post=8015"}],"curies":[{"name":"wp","href":"https:\/\/api.w.org\/{rel}","templated":true}]}}