{"id":8028,"date":"2025-01-22T17:07:45","date_gmt":"2025-01-22T22:07:45","guid":{"rendered":"https:\/\/giftronic04.com\/?post_type=product&#038;p=8028"},"modified":"2025-10-18T11:35:53","modified_gmt":"2025-10-18T16:35:53","slug":"portatil-gamer-acer-nitro-an515-46-r90e-156-fhd-amd-r7-6800h-ram-16gb-1tb-ssd-rtx3050-4gb-black","status":"publish","type":"product","link":"https:\/\/giftronic04.com\/index.php\/product\/portatil-gamer-acer-nitro-an515-46-r90e-156-fhd-amd-r7-6800h-ram-16gb-1tb-ssd-rtx3050-4gb-black\/","title":{"rendered":"PORTATIL GAMER ACER NITRO AN515-46-R90E 15,6&#8242; FHD AMD R7-6800H RAM 16GB 1TB SSD RTX3050 4GB Black"},"content":{"rendered":"<p>Caracter\u00edsticas:<\/p>\n<p>Referencia: AN515-46-R90E<\/p>\n<p>Marca: ACER<\/p>\n<p>Tipo: LAPTOPS GAMING<\/p>\n<p>Resoluci\u00f3n Pantalla Full HD (1920&#215;1080) IPS 144Hz<\/p>\n<p>Tama\u00f1o Pantalla\u00a0\u00a0\u00a0\u00a0 15,6\u2019 Pulgadas<\/p>\n<p>Memoria RAM: 16GB DDR5<\/p>\n<p>Tipos de Discos que Incluye\u00a0\u00a0\u00a0\u00a0\u00a0\u00a0\u00a0 Disco Estado Solido (SSD)<\/p>\n<p>Capacidad de Disco \u00a0\u00a01TB SSD<\/p>\n<p>Marca del Procesador\u00a0\u00a0\u00a0\u00a0\u00a0\u00a0\u00a0 AMD<\/p>\n<p>Procesador AMD Ryzen\u2122 7-6800H<\/p>\n<p>Tarjeta Gr\u00e1fica NVIDIA GeForce\u00ae RTX 3050 4GB GDDR6<\/p>\n<p>Sistema Operativo \u00a0 Windows 11<\/p>\n<p>N\u00facleos del Procesador\u00a0\u00a0\u00a0\u00a0 8 N\u00facleos<\/p>\n<p>Velocidad del Procesador: Reloj base 3.2GHz M\u00e1x. Hasta 4.7GHz<\/p>\n<p>Unidad CD\/DVD Integrada \u00a0\u00a0\u00a0\u00a0\u00a0\u00a0\u00a0\u00a0\u00a0\u00a0 No tiene Unidad de CD\/DVD Integrada<\/p>\n<p>Peso\u00a0\u00a0 2,5 Kilogramos<\/p>\n<p>Nivel de Uso Avanzado<\/p>\n<p>Caracter\u00edsticas Especiales<\/p>\n<p>C\u00e1mara WEB Integrada<\/p>\n<p>No. Puertos HDMI\u00a0\u00a0 1 Puertos<\/p>\n<p>No. Puertos USB\u00a0\u00a0\u00a0\u00a0 3 Puertos<\/p>\n<p>No. Puertos LAN Ethernet 1 Puertos<\/p>\n<p>No. Puertos USB TIPO C 1 Puertos<\/p>\n<p>No. Salidas de Audio\u00a0\u00a0\u00a0\u00a0\u00a0\u00a0\u00a0\u00a0 1 Puertos<\/p>\n<p>Tipos de Puertos Entradas y Salidas<\/p>\n<p>Puerto HDMI<\/p>\n<p>Puerto USB<\/p>\n<p>Salida de Aud\u00edfonos<\/p>\n<p>Opciones de Conexi\u00f3n<\/p>\n<p>Bluetooth<\/p>\n<p>Wifi<\/p>\n<p>Incluye Diadema y Mouse Gamer Acer Nitro.<\/p>\n<p>Fuente de Alimentaci\u00f3n de Energ\u00eda<\/p>\n<p>Tonalidad de Color\u00a0 Blue<\/p>\n<p>Duraci\u00f3n de la Bater\u00eda 4 Horas Aproximadas<\/p>\n<p>La duraci\u00f3n de la bater\u00eda es un valor aproximado y depende del uso que se le d\u00e9 al equipo.<\/p>\n<p>Resumen del producto<\/p>\n<p>ACER te invita a disfrutar el Port\u00e1til Gaming Nitro 5 dise\u00f1ado para jugar, navegar, chatear, transmitir, editar y grabar sin perder el ritmo. Contar\u00e1s con sonido m\u00e1s n\u00edtido gracias a sus altavoces que pueden emitir un entorno sonoro espacial en 3D, te permitir\u00e1 escuchar de d\u00f3nde vienen tus oponentes con una excelente precisi\u00f3n. Adem\u00e1s, tendr\u00e1s una Pantalla FHD con RTX3050 para colores m\u00e1s vibrantes, gr\u00e1ficos m\u00e1s realistas y envolventes, tus partidas ser\u00e1n fluidas e inigualables. Personaliza tu iluminaci\u00f3n con su teclado retroiluminado RGB. \u00a1S\u00e9 una leyenda con Acer!<\/p>\n<p>Recomendaciones<\/p>\n<p>Lea cuidadosamente la descripci\u00f3n del producto y condiciones de venta.<\/p>\n<p>Se otorga 1 a\u00f1o de respaldo por defectos de fabricaci\u00f3n directamente con la marca \u2018Conservando empaques originales\u2019. No cubre da\u00f1os ocasionados por manipulaci\u00f3n no autorizada, golpes, derrames o mal uso del equipo, Las im\u00e1genes publicadas en esta p\u00e1gina son representaciones fotogr\u00e1ficas que ilustran de manera aproximada las caracter\u00edsticas de los equipos en venta y pueden variar respecto a la realidad seg\u00fan la resoluci\u00f3n de estas y del dispositivo que se utilice para observarlas. Para cualquier proceso de garant\u00eda debes entregar el producto con los empaques y accesorios ORIGINALES.<\/p>\n","protected":false},"excerpt":{"rendered":"[video width=\"1280\" height=\"720\" mp4=\"https:\/\/giftronic04.com\/wp-content\/uploads\/2025\/01\/ACER-NITRO-AMD.mp4\"][\/video]\n","protected":false},"featured_media":8804,"comment_status":"open","ping_status":"closed","template":"","meta":{"_surecart_dashboard_logo_width":"180px","_surecart_dashboard_show_logo":true,"_surecart_dashboard_navigation_orders":true,"_surecart_dashboard_navigation_invoices":true,"_surecart_dashboard_navigation_subscriptions":true,"_surecart_dashboard_navigation_downloads":true,"_surecart_dashboard_navigation_billing":true,"_surecart_dashboard_navigation_account":true,"site-sidebar-layout":"default","site-content-layout":"","ast-site-content-layout":"default","site-content-style":"default","site-sidebar-style":"default","ast-global-header-display":"","ast-banner-title-visibility":"","ast-main-header-display":"","ast-hfb-above-header-display":"","ast-hfb-below-header-display":"","ast-hfb-mobile-header-display":"","site-post-title":"","ast-breadcrumbs-content":"","ast-featured-img":"","footer-sml-layout":"","ast-disable-related-posts":"","theme-transparent-header-meta":"","adv-header-id-meta":"","stick-header-meta":"","header-above-stick-meta":"","header-main-stick-meta":"","header-below-stick-meta":"","astra-migrate-meta-layouts":"default","ast-page-background-enabled":"default","ast-page-background-meta":{"desktop":{"background-color":"var(--ast-global-color-4)","background-image":"","background-repeat":"repeat","background-position":"center center","background-size":"auto","background-attachment":"scroll","background-type":"","background-media":"","overlay-type":"","overlay-color":"","overlay-opacity":"","overlay-gradient":""},"tablet":{"background-color":"","background-image":"","background-repeat":"repeat","background-position":"center center","background-size":"auto","background-attachment":"scroll","background-type":"","background-media":"","overlay-type":"","overlay-color":"","overlay-opacity":"","overlay-gradient":""},"mobile":{"background-color":"","background-image":"","background-repeat":"repeat","background-position":"center center","background-size":"auto","background-attachment":"scroll","background-type":"","background-media":"","overlay-type":"","overlay-color":"","overlay-opacity":"","overlay-gradient":""}},"ast-content-background-meta":{"desktop":{"background-color":"var(--ast-global-color-5)","background-image":"","background-repeat":"repeat","background-position":"center center","background-size":"auto","background-attachment":"scroll","background-type":"","background-media":"","overlay-type":"","overlay-color":"","overlay-opacity":"","overlay-gradient":""},"tablet":{"background-color":"var(--ast-global-color-5)","background-image":"","background-repeat":"repeat","background-position":"center center","background-size":"auto","background-attachment":"scroll","background-type":"","background-media":"","overlay-type":"","overlay-color":"","overlay-opacity":"","overlay-gradient":""},"mobile":{"background-color":"var(--ast-global-color-5)","background-image":"","background-repeat":"repeat","background-position":"center center","background-size":"auto","background-attachment":"scroll","background-type":"","background-media":"","overlay-type":"","overlay-color":"","overlay-opacity":"","overlay-gradient":""}}},"product_brand":[],"product_cat":[22,30],"product_tag":[],"class_list":{"0":"post-8028","1":"product","2":"type-product","3":"status-publish","4":"has-post-thumbnail","6":"product_cat-computacion","7":"product_cat-componentes-de-pc-portatiles","8":"desktop-align-left","9":"tablet-align-left","10":"mobile-align-left","12":"first","13":"outofstock","14":"sale","15":"taxable","16":"shipping-taxable","17":"purchasable","18":"product-type-simple"},"yoast_head":"<!-- This site is optimized with the Yoast SEO plugin v27.5 - https:\/\/yoast.com\/product\/yoast-seo-wordpress\/ -->\n<title>PORTATIL GAMER ACER NITRO AN515-46-R90E 15,6&#039; FHD AMD R7-6800H RAM 16GB 1TB SSD RTX3050 4GB Black - Giftronic.04<\/title>\n<meta name=\"robots\" content=\"index, follow, max-snippet:-1, max-image-preview:large, max-video-preview:-1\" \/>\n<link rel=\"canonical\" href=\"https:\/\/giftronic04.com\/index.php\/product\/portatil-gamer-acer-nitro-an515-46-r90e-156-fhd-amd-r7-6800h-ram-16gb-1tb-ssd-rtx3050-4gb-black\/\" \/>\n<meta property=\"og:locale\" content=\"es_ES\" \/>\n<meta property=\"og:type\" content=\"article\" \/>\n<meta property=\"og:title\" content=\"PORTATIL GAMER ACER NITRO AN515-46-R90E 15,6&#039; FHD AMD R7-6800H RAM 16GB 1TB SSD RTX3050 4GB Black - Giftronic.04\" \/>\n<meta property=\"og:url\" content=\"https:\/\/giftronic04.com\/index.php\/product\/portatil-gamer-acer-nitro-an515-46-r90e-156-fhd-amd-r7-6800h-ram-16gb-1tb-ssd-rtx3050-4gb-black\/\" \/>\n<meta property=\"og:site_name\" content=\"Giftronic.04\" \/>\n<meta property=\"article:modified_time\" content=\"2025-10-18T16:35:53+00:00\" \/>\n<meta property=\"og:image\" content=\"https:\/\/giftronic04.com\/wp-content\/uploads\/2025\/01\/16GB-1TB-LOGO.jpg\" \/>\n\t<meta property=\"og:image:width\" content=\"2000\" \/>\n\t<meta property=\"og:image:height\" content=\"2000\" \/>\n\t<meta property=\"og:image:type\" content=\"image\/jpeg\" \/>\n<meta name=\"twitter:card\" content=\"summary_large_image\" \/>\n<meta name=\"twitter:description\" content=\"[video width=&quot;1280&quot; height=&quot;720&quot; mp4=&quot;https:\/\/giftronic04.com\/wp-content\/uploads\/2025\/01\/ACER-NITRO-AMD.mp4&quot;][\/video]\" \/>\n<meta name=\"twitter:label1\" content=\"Tiempo de lectura\" \/>\n\t<meta name=\"twitter:data1\" content=\"2 minutos\" \/>\n<script type=\"application\/ld+json\" class=\"yoast-schema-graph\">{\"@context\":\"https:\\\/\\\/schema.org\",\"@graph\":[{\"@type\":\"WebPage\",\"@id\":\"https:\\\/\\\/giftronic04.com\\\/index.php\\\/product\\\/portatil-gamer-acer-nitro-an515-46-r90e-156-fhd-amd-r7-6800h-ram-16gb-1tb-ssd-rtx3050-4gb-black\\\/\",\"url\":\"https:\\\/\\\/giftronic04.com\\\/index.php\\\/product\\\/portatil-gamer-acer-nitro-an515-46-r90e-156-fhd-amd-r7-6800h-ram-16gb-1tb-ssd-rtx3050-4gb-black\\\/\",\"name\":\"PORTATIL GAMER ACER NITRO AN515-46-R90E 15,6' FHD AMD R7-6800H RAM 16GB 1TB SSD RTX3050 4GB Black - Giftronic.04\",\"isPartOf\":{\"@id\":\"https:\\\/\\\/giftronic04.com\\\/#website\"},\"primaryImageOfPage\":{\"@id\":\"https:\\\/\\\/giftronic04.com\\\/index.php\\\/product\\\/portatil-gamer-acer-nitro-an515-46-r90e-156-fhd-amd-r7-6800h-ram-16gb-1tb-ssd-rtx3050-4gb-black\\\/#primaryimage\"},\"image\":{\"@id\":\"https:\\\/\\\/giftronic04.com\\\/index.php\\\/product\\\/portatil-gamer-acer-nitro-an515-46-r90e-156-fhd-amd-r7-6800h-ram-16gb-1tb-ssd-rtx3050-4gb-black\\\/#primaryimage\"},\"thumbnailUrl\":\"https:\\\/\\\/giftronic04.com\\\/wp-content\\\/uploads\\\/2025\\\/01\\\/16GB-1TB-LOGO.jpg\",\"datePublished\":\"2025-01-22T22:07:45+00:00\",\"dateModified\":\"2025-10-18T16:35:53+00:00\",\"breadcrumb\":{\"@id\":\"https:\\\/\\\/giftronic04.com\\\/index.php\\\/product\\\/portatil-gamer-acer-nitro-an515-46-r90e-156-fhd-amd-r7-6800h-ram-16gb-1tb-ssd-rtx3050-4gb-black\\\/#breadcrumb\"},\"inLanguage\":\"es\",\"potentialAction\":[{\"@type\":\"ReadAction\",\"target\":[\"https:\\\/\\\/giftronic04.com\\\/index.php\\\/product\\\/portatil-gamer-acer-nitro-an515-46-r90e-156-fhd-amd-r7-6800h-ram-16gb-1tb-ssd-rtx3050-4gb-black\\\/\"]}]},{\"@type\":\"ImageObject\",\"inLanguage\":\"es\",\"@id\":\"https:\\\/\\\/giftronic04.com\\\/index.php\\\/product\\\/portatil-gamer-acer-nitro-an515-46-r90e-156-fhd-amd-r7-6800h-ram-16gb-1tb-ssd-rtx3050-4gb-black\\\/#primaryimage\",\"url\":\"https:\\\/\\\/giftronic04.com\\\/wp-content\\\/uploads\\\/2025\\\/01\\\/16GB-1TB-LOGO.jpg\",\"contentUrl\":\"https:\\\/\\\/giftronic04.com\\\/wp-content\\\/uploads\\\/2025\\\/01\\\/16GB-1TB-LOGO.jpg\",\"width\":2000,\"height\":2000},{\"@type\":\"BreadcrumbList\",\"@id\":\"https:\\\/\\\/giftronic04.com\\\/index.php\\\/product\\\/portatil-gamer-acer-nitro-an515-46-r90e-156-fhd-amd-r7-6800h-ram-16gb-1tb-ssd-rtx3050-4gb-black\\\/#breadcrumb\",\"itemListElement\":[{\"@type\":\"ListItem\",\"position\":1,\"name\":\"Portada\",\"item\":\"https:\\\/\\\/giftronic04.com\\\/\"},{\"@type\":\"ListItem\",\"position\":2,\"name\":\"Tienda\",\"item\":\"https:\\\/\\\/giftronic04.com\\\/index.php\\\/shop\\\/\"},{\"@type\":\"ListItem\",\"position\":3,\"name\":\"PORTATIL GAMER ACER NITRO AN515-46-R90E 15,6&#8242; FHD AMD R7-6800H RAM 16GB 1TB SSD RTX3050 4GB Black\"}]},{\"@type\":\"WebSite\",\"@id\":\"https:\\\/\\\/giftronic04.com\\\/#website\",\"url\":\"https:\\\/\\\/giftronic04.com\\\/\",\"name\":\"Giftronic.04\",\"description\":\"Venta de equipos tecnologicos\",\"publisher\":{\"@id\":\"https:\\\/\\\/giftronic04.com\\\/#organization\"},\"potentialAction\":[{\"@type\":\"SearchAction\",\"target\":{\"@type\":\"EntryPoint\",\"urlTemplate\":\"https:\\\/\\\/giftronic04.com\\\/?s={search_term_string}\"},\"query-input\":{\"@type\":\"PropertyValueSpecification\",\"valueRequired\":true,\"valueName\":\"search_term_string\"}}],\"inLanguage\":\"es\"},{\"@type\":\"Organization\",\"@id\":\"https:\\\/\\\/giftronic04.com\\\/#organization\",\"name\":\"giftronic04\",\"url\":\"https:\\\/\\\/giftronic04.com\\\/\",\"logo\":{\"@type\":\"ImageObject\",\"inLanguage\":\"es\",\"@id\":\"https:\\\/\\\/giftronic04.com\\\/#\\\/schema\\\/logo\\\/image\\\/\",\"url\":\"https:\\\/\\\/giftronic04.com\\\/wp-content\\\/uploads\\\/2021\\\/08\\\/logo.png\",\"contentUrl\":\"https:\\\/\\\/giftronic04.com\\\/wp-content\\\/uploads\\\/2021\\\/08\\\/logo.png\",\"width\":6640,\"height\":2192,\"caption\":\"giftronic04\"},\"image\":{\"@id\":\"https:\\\/\\\/giftronic04.com\\\/#\\\/schema\\\/logo\\\/image\\\/\"},\"sameAs\":[\"https:\\\/\\\/www.instagram.com\\\/giftronic.04\\\/\"]}]}<\/script>\n<!-- \/ Yoast SEO plugin. -->","yoast_head_json":{"title":"PORTATIL GAMER ACER NITRO AN515-46-R90E 15,6' FHD AMD R7-6800H RAM 16GB 1TB SSD RTX3050 4GB Black - Giftronic.04","robots":{"index":"index","follow":"follow","max-snippet":"max-snippet:-1","max-image-preview":"max-image-preview:large","max-video-preview":"max-video-preview:-1"},"canonical":"https:\/\/giftronic04.com\/index.php\/product\/portatil-gamer-acer-nitro-an515-46-r90e-156-fhd-amd-r7-6800h-ram-16gb-1tb-ssd-rtx3050-4gb-black\/","og_locale":"es_ES","og_type":"article","og_title":"PORTATIL GAMER ACER NITRO AN515-46-R90E 15,6' FHD AMD R7-6800H RAM 16GB 1TB SSD RTX3050 4GB Black - Giftronic.04","og_url":"https:\/\/giftronic04.com\/index.php\/product\/portatil-gamer-acer-nitro-an515-46-r90e-156-fhd-amd-r7-6800h-ram-16gb-1tb-ssd-rtx3050-4gb-black\/","og_site_name":"Giftronic.04","article_modified_time":"2025-10-18T16:35:53+00:00","og_image":[{"width":2000,"height":2000,"url":"https:\/\/giftronic04.com\/wp-content\/uploads\/2025\/01\/16GB-1TB-LOGO.jpg","type":"image\/jpeg"}],"twitter_card":"summary_large_image","twitter_description":"[video width=\"1280\" height=\"720\" mp4=\"https:\/\/giftronic04.com\/wp-content\/uploads\/2025\/01\/ACER-NITRO-AMD.mp4\"][\/video]","twitter_misc":{"Tiempo de lectura":"2 minutos"},"schema":{"@context":"https:\/\/schema.org","@graph":[{"@type":"WebPage","@id":"https:\/\/giftronic04.com\/index.php\/product\/portatil-gamer-acer-nitro-an515-46-r90e-156-fhd-amd-r7-6800h-ram-16gb-1tb-ssd-rtx3050-4gb-black\/","url":"https:\/\/giftronic04.com\/index.php\/product\/portatil-gamer-acer-nitro-an515-46-r90e-156-fhd-amd-r7-6800h-ram-16gb-1tb-ssd-rtx3050-4gb-black\/","name":"PORTATIL GAMER ACER NITRO AN515-46-R90E 15,6' FHD AMD R7-6800H RAM 16GB 1TB SSD RTX3050 4GB Black - Giftronic.04","isPartOf":{"@id":"https:\/\/giftronic04.com\/#website"},"primaryImageOfPage":{"@id":"https:\/\/giftronic04.com\/index.php\/product\/portatil-gamer-acer-nitro-an515-46-r90e-156-fhd-amd-r7-6800h-ram-16gb-1tb-ssd-rtx3050-4gb-black\/#primaryimage"},"image":{"@id":"https:\/\/giftronic04.com\/index.php\/product\/portatil-gamer-acer-nitro-an515-46-r90e-156-fhd-amd-r7-6800h-ram-16gb-1tb-ssd-rtx3050-4gb-black\/#primaryimage"},"thumbnailUrl":"https:\/\/giftronic04.com\/wp-content\/uploads\/2025\/01\/16GB-1TB-LOGO.jpg","datePublished":"2025-01-22T22:07:45+00:00","dateModified":"2025-10-18T16:35:53+00:00","breadcrumb":{"@id":"https:\/\/giftronic04.com\/index.php\/product\/portatil-gamer-acer-nitro-an515-46-r90e-156-fhd-amd-r7-6800h-ram-16gb-1tb-ssd-rtx3050-4gb-black\/#breadcrumb"},"inLanguage":"es","potentialAction":[{"@type":"ReadAction","target":["https:\/\/giftronic04.com\/index.php\/product\/portatil-gamer-acer-nitro-an515-46-r90e-156-fhd-amd-r7-6800h-ram-16gb-1tb-ssd-rtx3050-4gb-black\/"]}]},{"@type":"ImageObject","inLanguage":"es","@id":"https:\/\/giftronic04.com\/index.php\/product\/portatil-gamer-acer-nitro-an515-46-r90e-156-fhd-amd-r7-6800h-ram-16gb-1tb-ssd-rtx3050-4gb-black\/#primaryimage","url":"https:\/\/giftronic04.com\/wp-content\/uploads\/2025\/01\/16GB-1TB-LOGO.jpg","contentUrl":"https:\/\/giftronic04.com\/wp-content\/uploads\/2025\/01\/16GB-1TB-LOGO.jpg","width":2000,"height":2000},{"@type":"BreadcrumbList","@id":"https:\/\/giftronic04.com\/index.php\/product\/portatil-gamer-acer-nitro-an515-46-r90e-156-fhd-amd-r7-6800h-ram-16gb-1tb-ssd-rtx3050-4gb-black\/#breadcrumb","itemListElement":[{"@type":"ListItem","position":1,"name":"Portada","item":"https:\/\/giftronic04.com\/"},{"@type":"ListItem","position":2,"name":"Tienda","item":"https:\/\/giftronic04.com\/index.php\/shop\/"},{"@type":"ListItem","position":3,"name":"PORTATIL GAMER ACER NITRO AN515-46-R90E 15,6&#8242; FHD AMD R7-6800H RAM 16GB 1TB SSD RTX3050 4GB Black"}]},{"@type":"WebSite","@id":"https:\/\/giftronic04.com\/#website","url":"https:\/\/giftronic04.com\/","name":"Giftronic.04","description":"Venta de equipos tecnologicos","publisher":{"@id":"https:\/\/giftronic04.com\/#organization"},"potentialAction":[{"@type":"SearchAction","target":{"@type":"EntryPoint","urlTemplate":"https:\/\/giftronic04.com\/?s={search_term_string}"},"query-input":{"@type":"PropertyValueSpecification","valueRequired":true,"valueName":"search_term_string"}}],"inLanguage":"es"},{"@type":"Organization","@id":"https:\/\/giftronic04.com\/#organization","name":"giftronic04","url":"https:\/\/giftronic04.com\/","logo":{"@type":"ImageObject","inLanguage":"es","@id":"https:\/\/giftronic04.com\/#\/schema\/logo\/image\/","url":"https:\/\/giftronic04.com\/wp-content\/uploads\/2021\/08\/logo.png","contentUrl":"https:\/\/giftronic04.com\/wp-content\/uploads\/2021\/08\/logo.png","width":6640,"height":2192,"caption":"giftronic04"},"image":{"@id":"https:\/\/giftronic04.com\/#\/schema\/logo\/image\/"},"sameAs":["https:\/\/www.instagram.com\/giftronic.04\/"]}]}},"jetpack_sharing_enabled":true,"_links":{"self":[{"href":"https:\/\/giftronic04.com\/index.php\/wp-json\/wp\/v2\/product\/8028","targetHints":{"allow":["GET"]}}],"collection":[{"href":"https:\/\/giftronic04.com\/index.php\/wp-json\/wp\/v2\/product"}],"about":[{"href":"https:\/\/giftronic04.com\/index.php\/wp-json\/wp\/v2\/types\/product"}],"replies":[{"embeddable":true,"href":"https:\/\/giftronic04.com\/index.php\/wp-json\/wp\/v2\/comments?post=8028"}],"wp:featuredmedia":[{"embeddable":true,"href":"https:\/\/giftronic04.com\/index.php\/wp-json\/wp\/v2\/media\/8804"}],"wp:attachment":[{"href":"https:\/\/giftronic04.com\/index.php\/wp-json\/wp\/v2\/media?parent=8028"}],"wp:term":[{"taxonomy":"product_brand","embeddable":true,"href":"https:\/\/giftronic04.com\/index.php\/wp-json\/wp\/v2\/product_brand?post=8028"},{"taxonomy":"product_cat","embeddable":true,"href":"https:\/\/giftronic04.com\/index.php\/wp-json\/wp\/v2\/product_cat?post=8028"},{"taxonomy":"product_tag","embeddable":true,"href":"https:\/\/giftronic04.com\/index.php\/wp-json\/wp\/v2\/product_tag?post=8028"}],"curies":[{"name":"wp","href":"https:\/\/api.w.org\/{rel}","templated":true}]}}