{"id":8108,"date":"2025-02-04T19:09:07","date_gmt":"2025-02-05T00:09:07","guid":{"rendered":"https:\/\/giftronic04.com\/?post_type=product&#038;p=8108"},"modified":"2025-07-24T13:18:30","modified_gmt":"2025-07-24T18:18:30","slug":"hisense-32-pulgadas-smart-tv-hd-32a4n","status":"publish","type":"product","link":"https:\/\/giftronic04.com\/index.php\/product\/hisense-32-pulgadas-smart-tv-hd-32a4n\/","title":{"rendered":"Hisense 32\u00bb pulgadas Smart TV HD 32A4N"},"content":{"rendered":"<p>Caracter\u00edsticas:<\/p>\n<p>Referencia: 32A4N<\/p>\n<p>Marca: Hisense<\/p>\n<p>Tipo: TV Plano<\/p>\n<p>Sistema Operativo<\/p>\n<p>VIDAA<\/p>\n<p>Tipo De pantalla<\/p>\n<p>LED<\/p>\n<p>Resoluci\u00f3n<\/p>\n<p>HD<\/p>\n<p>Tipo de Tv<\/p>\n<p>Smart TV<\/p>\n<p>TDT<\/p>\n<p>Si<\/p>\n<p>Ancho<\/p>\n<p>72.6 cm<\/p>\n<p>Puerto Audio \u00d3ptico<\/p>\n<p>Si<\/p>\n<p>Tipo Asistente de Voz<\/p>\n<p>Otro<\/p>\n<p>Puerto LAN<\/p>\n<p>Si<\/p>\n<p>Tama\u00f1o de Pantalla<\/p>\n<p>32&#8243; pulgadas<\/p>\n<p>Bluetooth<\/p>\n<p>Si<\/p>\n<p>Conexi\u00f3n Wi-fi<\/p>\n<p>Si<\/p>\n<p>Tama\u00f1o de pantalla cms<\/p>\n<p>80 cm<\/p>\n<p>N\u00famero De Puertos HDMI<\/p>\n<p>2<\/p>\n<p>Potencia de Audio<\/p>\n<p>12 W<\/p>\n<p>Resoluci\u00f3n Pixel<\/p>\n<p>1366 X 768 \/ Direct LED<\/p>\n<p>Alto<\/p>\n<p>47.2 cm<\/p>\n<p>Smart TV<\/p>\n<p>Si<\/p>\n<p>Aplicaciones Preinstaladas<\/p>\n<p>Netflix, Disney+, YouTube, Prime Video.<\/p>\n<p>N\u00famero De Puertos USB<\/p>\n<p>2<\/p>\n<p>Modelo<\/p>\n<p>32A4N<\/p>\n<p>Contenido de la caja<\/p>\n<p>Control remoto &#8211; Soporte &#8211; Manual<\/p>\n<p>Tipo de Altavoz<\/p>\n<p>Dolby Digital Plus-12W 2 CH<\/p>\n<p>Peso<\/p>\n<p>3.8 kg<\/p>\n<p>Profundidad<\/p>\n<p>15.9 cm<\/p>\n<p>Peso del Equipo Sin Soporte<\/p>\n<p>3.7<\/p>\n<p>Resumen del producto<\/p>\n<p>Con el Hisense 32A4N experimenta una claridad fant\u00e1stica con resoluci\u00f3n HD. Sum\u00e9rgete en pel\u00edculas, programas y juegos con im\u00e1genes claras y n\u00edtidas complementadas con una amplia gama de colores, garantiza que siempre disfrutes de una imagen detallada, vibrante y consistentemente cautivadora.<\/p>\n<p>Recomendaciones<\/p>\n<p>Lea cuidadosamente la descripci\u00f3n del producto y condiciones de venta.<\/p>\n<p>Se otorga 1 a\u00f1o de respaldo por defectos de fabricaci\u00f3n directamente con la marca \u2018Conservando empaques originales\u2019. No cubre da\u00f1os ocasionados por manipulaci\u00f3n no autorizada, golpes, derrames o mal uso del equipo, Las im\u00e1genes publicadas en esta p\u00e1gina son representaciones fotogr\u00e1ficas que ilustran de manera aproximada las caracter\u00edsticas de los equipos en venta y pueden variar respecto a la realidad seg\u00fan la resoluci\u00f3n de estas y del dispositivo que se utilice para observarlas. Para cualquier proceso de garant\u00eda debes entregar el producto con los empaques y accesorios ORIGINALES.<\/p>\n","protected":false},"excerpt":{"rendered":"<p>Caracter\u00edsticas: Referencia: 32A4N Marca: Hisense Tipo: TV Plano Sistema Operativo VIDAA Tipo De pantalla LED Resoluci\u00f3n HD Tipo de Tv Smart TV TDT Si Ancho 72.6 cm Puerto Audio \u00d3ptico Si Tipo Asistente de Voz Otro Puerto LAN Si Tama\u00f1o de Pantalla 32&#8243; pulgadas Bluetooth Si Conexi\u00f3n Wi-fi Si Tama\u00f1o de pantalla cms 80 cm [&hellip;]<\/p>\n","protected":false},"featured_media":8109,"comment_status":"open","ping_status":"closed","template":"","meta":{"_surecart_dashboard_logo_width":"180px","_surecart_dashboard_show_logo":true,"_surecart_dashboard_navigation_orders":true,"_surecart_dashboard_navigation_invoices":true,"_surecart_dashboard_navigation_subscriptions":true,"_surecart_dashboard_navigation_downloads":true,"_surecart_dashboard_navigation_billing":true,"_surecart_dashboard_navigation_account":true,"site-sidebar-layout":"default","site-content-layout":"","ast-site-content-layout":"default","site-content-style":"default","site-sidebar-style":"default","ast-global-header-display":"","ast-banner-title-visibility":"","ast-main-header-display":"","ast-hfb-above-header-display":"","ast-hfb-below-header-display":"","ast-hfb-mobile-header-display":"","site-post-title":"","ast-breadcrumbs-content":"","ast-featured-img":"","footer-sml-layout":"","ast-disable-related-posts":"","theme-transparent-header-meta":"","adv-header-id-meta":"","stick-header-meta":"","header-above-stick-meta":"","header-main-stick-meta":"","header-below-stick-meta":"","astra-migrate-meta-layouts":"default","ast-page-background-enabled":"default","ast-page-background-meta":{"desktop":{"background-color":"var(--ast-global-color-4)","background-image":"","background-repeat":"repeat","background-position":"center center","background-size":"auto","background-attachment":"scroll","background-type":"","background-media":"","overlay-type":"","overlay-color":"","overlay-opacity":"","overlay-gradient":""},"tablet":{"background-color":"","background-image":"","background-repeat":"repeat","background-position":"center center","background-size":"auto","background-attachment":"scroll","background-type":"","background-media":"","overlay-type":"","overlay-color":"","overlay-opacity":"","overlay-gradient":""},"mobile":{"background-color":"","background-image":"","background-repeat":"repeat","background-position":"center center","background-size":"auto","background-attachment":"scroll","background-type":"","background-media":"","overlay-type":"","overlay-color":"","overlay-opacity":"","overlay-gradient":""}},"ast-content-background-meta":{"desktop":{"background-color":"var(--ast-global-color-5)","background-image":"","background-repeat":"repeat","background-position":"center center","background-size":"auto","background-attachment":"scroll","background-type":"","background-media":"","overlay-type":"","overlay-color":"","overlay-opacity":"","overlay-gradient":""},"tablet":{"background-color":"var(--ast-global-color-5)","background-image":"","background-repeat":"repeat","background-position":"center center","background-size":"auto","background-attachment":"scroll","background-type":"","background-media":"","overlay-type":"","overlay-color":"","overlay-opacity":"","overlay-gradient":""},"mobile":{"background-color":"var(--ast-global-color-5)","background-image":"","background-repeat":"repeat","background-position":"center center","background-size":"auto","background-attachment":"scroll","background-type":"","background-media":"","overlay-type":"","overlay-color":"","overlay-opacity":"","overlay-gradient":""}}},"product_brand":[],"product_cat":[86],"product_tag":[],"class_list":{"0":"post-8108","1":"product","2":"type-product","3":"status-publish","4":"has-post-thumbnail","6":"product_cat-tv","7":"desktop-align-left","8":"tablet-align-left","9":"mobile-align-left","11":"first","12":"instock","13":"sale","14":"taxable","15":"shipping-taxable","16":"purchasable","17":"product-type-simple"},"yoast_head":"<!-- This site is optimized with the Yoast SEO plugin v27.5 - https:\/\/yoast.com\/product\/yoast-seo-wordpress\/ -->\n<title>Hisense 32&#039;&#039; pulgadas Smart TV HD 32A4N - Giftronic.04<\/title>\n<meta name=\"robots\" content=\"index, follow, max-snippet:-1, max-image-preview:large, max-video-preview:-1\" \/>\n<link rel=\"canonical\" href=\"https:\/\/giftronic04.com\/index.php\/product\/hisense-32-pulgadas-smart-tv-hd-32a4n\/\" \/>\n<meta property=\"og:locale\" content=\"es_ES\" \/>\n<meta property=\"og:type\" content=\"article\" \/>\n<meta property=\"og:title\" content=\"Hisense 32&#039;&#039; pulgadas Smart TV HD 32A4N - Giftronic.04\" \/>\n<meta property=\"og:description\" content=\"Caracter\u00edsticas: Referencia: 32A4N Marca: Hisense Tipo: TV Plano Sistema Operativo VIDAA Tipo De pantalla LED Resoluci\u00f3n HD Tipo de Tv Smart TV TDT Si Ancho 72.6 cm Puerto Audio \u00d3ptico Si Tipo Asistente de Voz Otro Puerto LAN Si Tama\u00f1o de Pantalla 32&#8243; pulgadas Bluetooth Si Conexi\u00f3n Wi-fi Si Tama\u00f1o de pantalla cms 80 cm [&hellip;]\" \/>\n<meta property=\"og:url\" content=\"https:\/\/giftronic04.com\/index.php\/product\/hisense-32-pulgadas-smart-tv-hd-32a4n\/\" \/>\n<meta property=\"og:site_name\" content=\"Giftronic.04\" \/>\n<meta property=\"article:modified_time\" content=\"2025-07-24T18:18:30+00:00\" \/>\n<meta property=\"og:image\" content=\"https:\/\/giftronic04.com\/wp-content\/uploads\/2025\/02\/1.jpg\" \/>\n\t<meta property=\"og:image:width\" content=\"2000\" \/>\n\t<meta property=\"og:image:height\" content=\"2000\" \/>\n\t<meta property=\"og:image:type\" content=\"image\/jpeg\" \/>\n<meta name=\"twitter:card\" content=\"summary_large_image\" \/>\n<meta name=\"twitter:label1\" content=\"Tiempo de lectura\" \/>\n\t<meta name=\"twitter:data1\" content=\"2 minutos\" \/>\n<script type=\"application\/ld+json\" class=\"yoast-schema-graph\">{\"@context\":\"https:\\\/\\\/schema.org\",\"@graph\":[{\"@type\":\"WebPage\",\"@id\":\"https:\\\/\\\/giftronic04.com\\\/index.php\\\/product\\\/hisense-32-pulgadas-smart-tv-hd-32a4n\\\/\",\"url\":\"https:\\\/\\\/giftronic04.com\\\/index.php\\\/product\\\/hisense-32-pulgadas-smart-tv-hd-32a4n\\\/\",\"name\":\"Hisense 32'' pulgadas Smart TV HD 32A4N - Giftronic.04\",\"isPartOf\":{\"@id\":\"https:\\\/\\\/giftronic04.com\\\/#website\"},\"primaryImageOfPage\":{\"@id\":\"https:\\\/\\\/giftronic04.com\\\/index.php\\\/product\\\/hisense-32-pulgadas-smart-tv-hd-32a4n\\\/#primaryimage\"},\"image\":{\"@id\":\"https:\\\/\\\/giftronic04.com\\\/index.php\\\/product\\\/hisense-32-pulgadas-smart-tv-hd-32a4n\\\/#primaryimage\"},\"thumbnailUrl\":\"https:\\\/\\\/giftronic04.com\\\/wp-content\\\/uploads\\\/2025\\\/02\\\/1.jpg\",\"datePublished\":\"2025-02-05T00:09:07+00:00\",\"dateModified\":\"2025-07-24T18:18:30+00:00\",\"breadcrumb\":{\"@id\":\"https:\\\/\\\/giftronic04.com\\\/index.php\\\/product\\\/hisense-32-pulgadas-smart-tv-hd-32a4n\\\/#breadcrumb\"},\"inLanguage\":\"es\",\"potentialAction\":[{\"@type\":\"ReadAction\",\"target\":[\"https:\\\/\\\/giftronic04.com\\\/index.php\\\/product\\\/hisense-32-pulgadas-smart-tv-hd-32a4n\\\/\"]}]},{\"@type\":\"ImageObject\",\"inLanguage\":\"es\",\"@id\":\"https:\\\/\\\/giftronic04.com\\\/index.php\\\/product\\\/hisense-32-pulgadas-smart-tv-hd-32a4n\\\/#primaryimage\",\"url\":\"https:\\\/\\\/giftronic04.com\\\/wp-content\\\/uploads\\\/2025\\\/02\\\/1.jpg\",\"contentUrl\":\"https:\\\/\\\/giftronic04.com\\\/wp-content\\\/uploads\\\/2025\\\/02\\\/1.jpg\",\"width\":2000,\"height\":2000},{\"@type\":\"BreadcrumbList\",\"@id\":\"https:\\\/\\\/giftronic04.com\\\/index.php\\\/product\\\/hisense-32-pulgadas-smart-tv-hd-32a4n\\\/#breadcrumb\",\"itemListElement\":[{\"@type\":\"ListItem\",\"position\":1,\"name\":\"Portada\",\"item\":\"https:\\\/\\\/giftronic04.com\\\/\"},{\"@type\":\"ListItem\",\"position\":2,\"name\":\"Tienda\",\"item\":\"https:\\\/\\\/giftronic04.com\\\/index.php\\\/shop\\\/\"},{\"@type\":\"ListItem\",\"position\":3,\"name\":\"Hisense 32\u00bb pulgadas Smart TV HD 32A4N\"}]},{\"@type\":\"WebSite\",\"@id\":\"https:\\\/\\\/giftronic04.com\\\/#website\",\"url\":\"https:\\\/\\\/giftronic04.com\\\/\",\"name\":\"Giftronic.04\",\"description\":\"Venta de equipos tecnologicos\",\"publisher\":{\"@id\":\"https:\\\/\\\/giftronic04.com\\\/#organization\"},\"potentialAction\":[{\"@type\":\"SearchAction\",\"target\":{\"@type\":\"EntryPoint\",\"urlTemplate\":\"https:\\\/\\\/giftronic04.com\\\/?s={search_term_string}\"},\"query-input\":{\"@type\":\"PropertyValueSpecification\",\"valueRequired\":true,\"valueName\":\"search_term_string\"}}],\"inLanguage\":\"es\"},{\"@type\":\"Organization\",\"@id\":\"https:\\\/\\\/giftronic04.com\\\/#organization\",\"name\":\"giftronic04\",\"url\":\"https:\\\/\\\/giftronic04.com\\\/\",\"logo\":{\"@type\":\"ImageObject\",\"inLanguage\":\"es\",\"@id\":\"https:\\\/\\\/giftronic04.com\\\/#\\\/schema\\\/logo\\\/image\\\/\",\"url\":\"https:\\\/\\\/giftronic04.com\\\/wp-content\\\/uploads\\\/2021\\\/08\\\/logo.png\",\"contentUrl\":\"https:\\\/\\\/giftronic04.com\\\/wp-content\\\/uploads\\\/2021\\\/08\\\/logo.png\",\"width\":6640,\"height\":2192,\"caption\":\"giftronic04\"},\"image\":{\"@id\":\"https:\\\/\\\/giftronic04.com\\\/#\\\/schema\\\/logo\\\/image\\\/\"},\"sameAs\":[\"https:\\\/\\\/www.instagram.com\\\/giftronic.04\\\/\"]}]}<\/script>\n<!-- \/ Yoast SEO plugin. -->","yoast_head_json":{"title":"Hisense 32'' pulgadas Smart TV HD 32A4N - Giftronic.04","robots":{"index":"index","follow":"follow","max-snippet":"max-snippet:-1","max-image-preview":"max-image-preview:large","max-video-preview":"max-video-preview:-1"},"canonical":"https:\/\/giftronic04.com\/index.php\/product\/hisense-32-pulgadas-smart-tv-hd-32a4n\/","og_locale":"es_ES","og_type":"article","og_title":"Hisense 32'' pulgadas Smart TV HD 32A4N - Giftronic.04","og_description":"Caracter\u00edsticas: Referencia: 32A4N Marca: Hisense Tipo: TV Plano Sistema Operativo VIDAA Tipo De pantalla LED Resoluci\u00f3n HD Tipo de Tv Smart TV TDT Si Ancho 72.6 cm Puerto Audio \u00d3ptico Si Tipo Asistente de Voz Otro Puerto LAN Si Tama\u00f1o de Pantalla 32&#8243; pulgadas Bluetooth Si Conexi\u00f3n Wi-fi Si Tama\u00f1o de pantalla cms 80 cm [&hellip;]","og_url":"https:\/\/giftronic04.com\/index.php\/product\/hisense-32-pulgadas-smart-tv-hd-32a4n\/","og_site_name":"Giftronic.04","article_modified_time":"2025-07-24T18:18:30+00:00","og_image":[{"width":2000,"height":2000,"url":"https:\/\/giftronic04.com\/wp-content\/uploads\/2025\/02\/1.jpg","type":"image\/jpeg"}],"twitter_card":"summary_large_image","twitter_misc":{"Tiempo de lectura":"2 minutos"},"schema":{"@context":"https:\/\/schema.org","@graph":[{"@type":"WebPage","@id":"https:\/\/giftronic04.com\/index.php\/product\/hisense-32-pulgadas-smart-tv-hd-32a4n\/","url":"https:\/\/giftronic04.com\/index.php\/product\/hisense-32-pulgadas-smart-tv-hd-32a4n\/","name":"Hisense 32'' pulgadas Smart TV HD 32A4N - Giftronic.04","isPartOf":{"@id":"https:\/\/giftronic04.com\/#website"},"primaryImageOfPage":{"@id":"https:\/\/giftronic04.com\/index.php\/product\/hisense-32-pulgadas-smart-tv-hd-32a4n\/#primaryimage"},"image":{"@id":"https:\/\/giftronic04.com\/index.php\/product\/hisense-32-pulgadas-smart-tv-hd-32a4n\/#primaryimage"},"thumbnailUrl":"https:\/\/giftronic04.com\/wp-content\/uploads\/2025\/02\/1.jpg","datePublished":"2025-02-05T00:09:07+00:00","dateModified":"2025-07-24T18:18:30+00:00","breadcrumb":{"@id":"https:\/\/giftronic04.com\/index.php\/product\/hisense-32-pulgadas-smart-tv-hd-32a4n\/#breadcrumb"},"inLanguage":"es","potentialAction":[{"@type":"ReadAction","target":["https:\/\/giftronic04.com\/index.php\/product\/hisense-32-pulgadas-smart-tv-hd-32a4n\/"]}]},{"@type":"ImageObject","inLanguage":"es","@id":"https:\/\/giftronic04.com\/index.php\/product\/hisense-32-pulgadas-smart-tv-hd-32a4n\/#primaryimage","url":"https:\/\/giftronic04.com\/wp-content\/uploads\/2025\/02\/1.jpg","contentUrl":"https:\/\/giftronic04.com\/wp-content\/uploads\/2025\/02\/1.jpg","width":2000,"height":2000},{"@type":"BreadcrumbList","@id":"https:\/\/giftronic04.com\/index.php\/product\/hisense-32-pulgadas-smart-tv-hd-32a4n\/#breadcrumb","itemListElement":[{"@type":"ListItem","position":1,"name":"Portada","item":"https:\/\/giftronic04.com\/"},{"@type":"ListItem","position":2,"name":"Tienda","item":"https:\/\/giftronic04.com\/index.php\/shop\/"},{"@type":"ListItem","position":3,"name":"Hisense 32\u00bb pulgadas Smart TV HD 32A4N"}]},{"@type":"WebSite","@id":"https:\/\/giftronic04.com\/#website","url":"https:\/\/giftronic04.com\/","name":"Giftronic.04","description":"Venta de equipos tecnologicos","publisher":{"@id":"https:\/\/giftronic04.com\/#organization"},"potentialAction":[{"@type":"SearchAction","target":{"@type":"EntryPoint","urlTemplate":"https:\/\/giftronic04.com\/?s={search_term_string}"},"query-input":{"@type":"PropertyValueSpecification","valueRequired":true,"valueName":"search_term_string"}}],"inLanguage":"es"},{"@type":"Organization","@id":"https:\/\/giftronic04.com\/#organization","name":"giftronic04","url":"https:\/\/giftronic04.com\/","logo":{"@type":"ImageObject","inLanguage":"es","@id":"https:\/\/giftronic04.com\/#\/schema\/logo\/image\/","url":"https:\/\/giftronic04.com\/wp-content\/uploads\/2021\/08\/logo.png","contentUrl":"https:\/\/giftronic04.com\/wp-content\/uploads\/2021\/08\/logo.png","width":6640,"height":2192,"caption":"giftronic04"},"image":{"@id":"https:\/\/giftronic04.com\/#\/schema\/logo\/image\/"},"sameAs":["https:\/\/www.instagram.com\/giftronic.04\/"]}]}},"jetpack_sharing_enabled":true,"_links":{"self":[{"href":"https:\/\/giftronic04.com\/index.php\/wp-json\/wp\/v2\/product\/8108","targetHints":{"allow":["GET"]}}],"collection":[{"href":"https:\/\/giftronic04.com\/index.php\/wp-json\/wp\/v2\/product"}],"about":[{"href":"https:\/\/giftronic04.com\/index.php\/wp-json\/wp\/v2\/types\/product"}],"replies":[{"embeddable":true,"href":"https:\/\/giftronic04.com\/index.php\/wp-json\/wp\/v2\/comments?post=8108"}],"wp:featuredmedia":[{"embeddable":true,"href":"https:\/\/giftronic04.com\/index.php\/wp-json\/wp\/v2\/media\/8109"}],"wp:attachment":[{"href":"https:\/\/giftronic04.com\/index.php\/wp-json\/wp\/v2\/media?parent=8108"}],"wp:term":[{"taxonomy":"product_brand","embeddable":true,"href":"https:\/\/giftronic04.com\/index.php\/wp-json\/wp\/v2\/product_brand?post=8108"},{"taxonomy":"product_cat","embeddable":true,"href":"https:\/\/giftronic04.com\/index.php\/wp-json\/wp\/v2\/product_cat?post=8108"},{"taxonomy":"product_tag","embeddable":true,"href":"https:\/\/giftronic04.com\/index.php\/wp-json\/wp\/v2\/product_tag?post=8108"}],"curies":[{"name":"wp","href":"https:\/\/api.w.org\/{rel}","templated":true}]}}