{"id":8197,"date":"2025-02-18T18:50:44","date_gmt":"2025-02-18T23:50:44","guid":{"rendered":"https:\/\/giftronic04.com\/?post_type=product&#038;p=8197"},"modified":"2026-02-16T10:15:30","modified_gmt":"2026-02-16T15:15:30","slug":"combo-teclado-y-mouse-genius-km-8206s-inalambrico-black","status":"publish","type":"product","link":"https:\/\/giftronic04.com\/index.php\/product\/combo-teclado-y-mouse-genius-km-8206s-inalambrico-black\/","title":{"rendered":"Combo Teclado y Mouse Genius KM-8206S Inal\u00e1mbrico Black"},"content":{"rendered":"<p>Caracter\u00edsticas:<\/p>\n<p>Referencia: KM-8206S<\/p>\n<p>Marca: Genius<\/p>\n<p>Tipo: Teclado y Mouse Inal\u00e1mbrico<\/p>\n<p>Interfaz<\/p>\n<p>2.4 GHz<\/p>\n<p>Distancia de Trabajo<\/p>\n<p>Hasta 10 metros<\/p>\n<p>Tipo de Teclas<\/p>\n<p>Teclas Chocolate<\/p>\n<p>Silencioso<\/p>\n<p>Si<\/p>\n<p>Bot\u00f3n de Reposo<\/p>\n<p>No<\/p>\n<p>Calculadora<\/p>\n<p>No<\/p>\n<p>Teclas de Funci\u00f3n<\/p>\n<p>Si, 11 (8 audio, 3 Internet)<\/p>\n<p>Teclas Multimedia<\/p>\n<p>No<\/p>\n<p>Sensor<\/p>\n<p>\u00d3ptico<\/p>\n<p>Resoluci\u00f3n (DPI)<\/p>\n<p>1200<\/p>\n<p>N\u00famero de Botones<\/p>\n<p>3 (izquierda, derecha, medio con desplazamiento)<\/p>\n<p>Otros<\/p>\n<p>Peso (gramos)<\/p>\n<p>Teclado: Aprox. 480 g<\/p>\n<p>Mouse: Aprox. 58 g<\/p>\n<p>Receptor: Apro<\/p>\n<p>Dimensiones (L x A x P) mm (pulgadas)<\/p>\n<p>Teclado: 435.7 x 23.3 x 140.2 ( 17.15&#8243; x 0.92&#8243; x 5.52&#8243; )<\/p>\n<p>Mouse: 62.8 x 100 x 39.8 ( 2.5&#8243; x 3.9&#8243; x 1.57&#8243; )<\/p>\n<p>Receptor: 14.2 x 18.4 x 6 ( 0.56&#8243; x 0.72&#8243; x 0.24&#8243; )<\/p>\n<p>Requerimiento<\/p>\n<p>Windows\u00ae 8, 10, 11 \u00f3 Posterior \/ Mac OS X 10.8 \u00f3 posteri \/ Puerto de USB disponible<\/p>\n<p>Resumen del producto<\/p>\n<p>Dise\u00f1ada para profesionales que buscan alta eficiencia.<\/p>\n<p>KM-8206S con dise\u00f1o silencioso que le permite cumplir sus tareas sin interrumpir a los dem\u00e1s<\/p>\n<p>Tecnolog\u00eda inal\u00e1mbrica de 2.4G con distancia de trabajo de hasta 10 metros<\/p>\n<p>Teclado inal\u00e1mbrico de tama\u00f1o completo con estructura de teclas de bajo ruido, teclas multimedia e indicador<\/p>\n<p>de bater\u00eda baja<\/p>\n<p>Rat\u00f3n \u00f3ptico inal\u00e1mbrico silencioso con clic silencioso<\/p>\n<p>Plug and play sin necesidad de instalaci\u00f3n.<\/p>\n<p>Recomendaciones<\/p>\n<p>Lea cuidadosamente la descripci\u00f3n del producto y condiciones de venta.<\/p>\n<p>Se otorga 1 a\u00f1o de respaldo por defectos de fabricaci\u00f3n directamente con la marca \u2018Conservando empaques originales\u2019. No cubre da\u00f1os ocasionados por manipulaci\u00f3n no autorizada, golpes, derrames o mal uso del equipo, Las im\u00e1genes publicadas en esta p\u00e1gina son representaciones fotogr\u00e1ficas que ilustran de manera aproximada las caracter\u00edsticas de los equipos en venta y pueden variar respecto a la realidad seg\u00fan la resoluci\u00f3n de estas y del dispositivo que se utilice para observarlas. Para cualquier proceso de garant\u00eda debes entregar el producto con los empaques y accesorios ORIGINALES.<\/p>\n","protected":false},"excerpt":{"rendered":"<p>Caracter\u00edsticas: Referencia: KM-8206S Marca: Genius Tipo: Teclado y Mouse Inal\u00e1mbrico Interfaz 2.4 GHz Distancia de Trabajo Hasta 10 metros Tipo de Teclas Teclas Chocolate Silencioso Si Bot\u00f3n de Reposo No Calculadora No Teclas de Funci\u00f3n Si, 11 (8 audio, 3 Internet) Teclas Multimedia No Sensor \u00d3ptico Resoluci\u00f3n (DPI) 1200 N\u00famero de Botones 3 (izquierda, derecha, [&hellip;]<\/p>\n","protected":false},"featured_media":8198,"comment_status":"open","ping_status":"closed","template":"","meta":{"_surecart_dashboard_logo_width":"180px","_surecart_dashboard_show_logo":true,"_surecart_dashboard_navigation_orders":true,"_surecart_dashboard_navigation_invoices":true,"_surecart_dashboard_navigation_subscriptions":true,"_surecart_dashboard_navigation_downloads":true,"_surecart_dashboard_navigation_billing":true,"_surecart_dashboard_navigation_account":true,"site-sidebar-layout":"default","site-content-layout":"","ast-site-content-layout":"default","site-content-style":"default","site-sidebar-style":"default","ast-global-header-display":"","ast-banner-title-visibility":"","ast-main-header-display":"","ast-hfb-above-header-display":"","ast-hfb-below-header-display":"","ast-hfb-mobile-header-display":"","site-post-title":"","ast-breadcrumbs-content":"","ast-featured-img":"","footer-sml-layout":"","ast-disable-related-posts":"","theme-transparent-header-meta":"","adv-header-id-meta":"","stick-header-meta":"","header-above-stick-meta":"","header-main-stick-meta":"","header-below-stick-meta":"","astra-migrate-meta-layouts":"default","ast-page-background-enabled":"default","ast-page-background-meta":{"desktop":{"background-color":"var(--ast-global-color-4)","background-image":"","background-repeat":"repeat","background-position":"center center","background-size":"auto","background-attachment":"scroll","background-type":"","background-media":"","overlay-type":"","overlay-color":"","overlay-opacity":"","overlay-gradient":""},"tablet":{"background-color":"","background-image":"","background-repeat":"repeat","background-position":"center center","background-size":"auto","background-attachment":"scroll","background-type":"","background-media":"","overlay-type":"","overlay-color":"","overlay-opacity":"","overlay-gradient":""},"mobile":{"background-color":"","background-image":"","background-repeat":"repeat","background-position":"center center","background-size":"auto","background-attachment":"scroll","background-type":"","background-media":"","overlay-type":"","overlay-color":"","overlay-opacity":"","overlay-gradient":""}},"ast-content-background-meta":{"desktop":{"background-color":"var(--ast-global-color-5)","background-image":"","background-repeat":"repeat","background-position":"center center","background-size":"auto","background-attachment":"scroll","background-type":"","background-media":"","overlay-type":"","overlay-color":"","overlay-opacity":"","overlay-gradient":""},"tablet":{"background-color":"var(--ast-global-color-5)","background-image":"","background-repeat":"repeat","background-position":"center center","background-size":"auto","background-attachment":"scroll","background-type":"","background-media":"","overlay-type":"","overlay-color":"","overlay-opacity":"","overlay-gradient":""},"mobile":{"background-color":"var(--ast-global-color-5)","background-image":"","background-repeat":"repeat","background-position":"center center","background-size":"auto","background-attachment":"scroll","background-type":"","background-media":"","overlay-type":"","overlay-color":"","overlay-opacity":"","overlay-gradient":""}}},"product_brand":[],"product_cat":[52],"product_tag":[],"class_list":{"0":"post-8197","1":"product","2":"type-product","3":"status-publish","4":"has-post-thumbnail","6":"product_cat-mouses-y-teclados","7":"desktop-align-left","8":"tablet-align-left","9":"mobile-align-left","11":"first","12":"outofstock","13":"sale","14":"taxable","15":"shipping-taxable","16":"purchasable","17":"product-type-simple"},"yoast_head":"<!-- This site is optimized with the Yoast SEO plugin v27.5 - https:\/\/yoast.com\/product\/yoast-seo-wordpress\/ -->\n<title>Combo Teclado y Mouse Genius KM-8206S Inal\u00e1mbrico Black - Giftronic.04<\/title>\n<meta name=\"robots\" content=\"index, follow, max-snippet:-1, max-image-preview:large, max-video-preview:-1\" \/>\n<link rel=\"canonical\" href=\"https:\/\/giftronic04.com\/index.php\/product\/combo-teclado-y-mouse-genius-km-8206s-inalambrico-black\/\" \/>\n<meta property=\"og:locale\" content=\"es_ES\" \/>\n<meta property=\"og:type\" content=\"article\" \/>\n<meta property=\"og:title\" content=\"Combo Teclado y Mouse Genius KM-8206S Inal\u00e1mbrico Black - Giftronic.04\" \/>\n<meta property=\"og:description\" content=\"Caracter\u00edsticas: Referencia: KM-8206S Marca: Genius Tipo: Teclado y Mouse Inal\u00e1mbrico Interfaz 2.4 GHz Distancia de Trabajo Hasta 10 metros Tipo de Teclas Teclas Chocolate Silencioso Si Bot\u00f3n de Reposo No Calculadora No Teclas de Funci\u00f3n Si, 11 (8 audio, 3 Internet) Teclas Multimedia No Sensor \u00d3ptico Resoluci\u00f3n (DPI) 1200 N\u00famero de Botones 3 (izquierda, derecha, [&hellip;]\" \/>\n<meta property=\"og:url\" content=\"https:\/\/giftronic04.com\/index.php\/product\/combo-teclado-y-mouse-genius-km-8206s-inalambrico-black\/\" \/>\n<meta property=\"og:site_name\" content=\"Giftronic.04\" \/>\n<meta property=\"article:modified_time\" content=\"2026-02-16T15:15:30+00:00\" \/>\n<meta property=\"og:image\" content=\"https:\/\/giftronic04.com\/wp-content\/uploads\/2025\/02\/1-3.jpg\" \/>\n\t<meta property=\"og:image:width\" content=\"2000\" \/>\n\t<meta property=\"og:image:height\" content=\"2000\" \/>\n\t<meta property=\"og:image:type\" content=\"image\/jpeg\" \/>\n<meta name=\"twitter:card\" content=\"summary_large_image\" \/>\n<meta name=\"twitter:label1\" content=\"Tiempo de lectura\" \/>\n\t<meta name=\"twitter:data1\" content=\"2 minutos\" \/>\n<script type=\"application\/ld+json\" class=\"yoast-schema-graph\">{\"@context\":\"https:\\\/\\\/schema.org\",\"@graph\":[{\"@type\":\"WebPage\",\"@id\":\"https:\\\/\\\/giftronic04.com\\\/index.php\\\/product\\\/combo-teclado-y-mouse-genius-km-8206s-inalambrico-black\\\/\",\"url\":\"https:\\\/\\\/giftronic04.com\\\/index.php\\\/product\\\/combo-teclado-y-mouse-genius-km-8206s-inalambrico-black\\\/\",\"name\":\"Combo Teclado y Mouse Genius KM-8206S Inal\u00e1mbrico Black - Giftronic.04\",\"isPartOf\":{\"@id\":\"https:\\\/\\\/giftronic04.com\\\/#website\"},\"primaryImageOfPage\":{\"@id\":\"https:\\\/\\\/giftronic04.com\\\/index.php\\\/product\\\/combo-teclado-y-mouse-genius-km-8206s-inalambrico-black\\\/#primaryimage\"},\"image\":{\"@id\":\"https:\\\/\\\/giftronic04.com\\\/index.php\\\/product\\\/combo-teclado-y-mouse-genius-km-8206s-inalambrico-black\\\/#primaryimage\"},\"thumbnailUrl\":\"https:\\\/\\\/giftronic04.com\\\/wp-content\\\/uploads\\\/2025\\\/02\\\/1-3.jpg\",\"datePublished\":\"2025-02-18T23:50:44+00:00\",\"dateModified\":\"2026-02-16T15:15:30+00:00\",\"breadcrumb\":{\"@id\":\"https:\\\/\\\/giftronic04.com\\\/index.php\\\/product\\\/combo-teclado-y-mouse-genius-km-8206s-inalambrico-black\\\/#breadcrumb\"},\"inLanguage\":\"es\",\"potentialAction\":[{\"@type\":\"ReadAction\",\"target\":[\"https:\\\/\\\/giftronic04.com\\\/index.php\\\/product\\\/combo-teclado-y-mouse-genius-km-8206s-inalambrico-black\\\/\"]}]},{\"@type\":\"ImageObject\",\"inLanguage\":\"es\",\"@id\":\"https:\\\/\\\/giftronic04.com\\\/index.php\\\/product\\\/combo-teclado-y-mouse-genius-km-8206s-inalambrico-black\\\/#primaryimage\",\"url\":\"https:\\\/\\\/giftronic04.com\\\/wp-content\\\/uploads\\\/2025\\\/02\\\/1-3.jpg\",\"contentUrl\":\"https:\\\/\\\/giftronic04.com\\\/wp-content\\\/uploads\\\/2025\\\/02\\\/1-3.jpg\",\"width\":2000,\"height\":2000},{\"@type\":\"BreadcrumbList\",\"@id\":\"https:\\\/\\\/giftronic04.com\\\/index.php\\\/product\\\/combo-teclado-y-mouse-genius-km-8206s-inalambrico-black\\\/#breadcrumb\",\"itemListElement\":[{\"@type\":\"ListItem\",\"position\":1,\"name\":\"Portada\",\"item\":\"https:\\\/\\\/giftronic04.com\\\/\"},{\"@type\":\"ListItem\",\"position\":2,\"name\":\"Tienda\",\"item\":\"https:\\\/\\\/giftronic04.com\\\/index.php\\\/shop\\\/\"},{\"@type\":\"ListItem\",\"position\":3,\"name\":\"Combo Teclado y Mouse Genius KM-8206S Inal\u00e1mbrico Black\"}]},{\"@type\":\"WebSite\",\"@id\":\"https:\\\/\\\/giftronic04.com\\\/#website\",\"url\":\"https:\\\/\\\/giftronic04.com\\\/\",\"name\":\"Giftronic.04\",\"description\":\"Venta de equipos tecnologicos\",\"publisher\":{\"@id\":\"https:\\\/\\\/giftronic04.com\\\/#organization\"},\"potentialAction\":[{\"@type\":\"SearchAction\",\"target\":{\"@type\":\"EntryPoint\",\"urlTemplate\":\"https:\\\/\\\/giftronic04.com\\\/?s={search_term_string}\"},\"query-input\":{\"@type\":\"PropertyValueSpecification\",\"valueRequired\":true,\"valueName\":\"search_term_string\"}}],\"inLanguage\":\"es\"},{\"@type\":\"Organization\",\"@id\":\"https:\\\/\\\/giftronic04.com\\\/#organization\",\"name\":\"giftronic04\",\"url\":\"https:\\\/\\\/giftronic04.com\\\/\",\"logo\":{\"@type\":\"ImageObject\",\"inLanguage\":\"es\",\"@id\":\"https:\\\/\\\/giftronic04.com\\\/#\\\/schema\\\/logo\\\/image\\\/\",\"url\":\"https:\\\/\\\/giftronic04.com\\\/wp-content\\\/uploads\\\/2021\\\/08\\\/logo.png\",\"contentUrl\":\"https:\\\/\\\/giftronic04.com\\\/wp-content\\\/uploads\\\/2021\\\/08\\\/logo.png\",\"width\":6640,\"height\":2192,\"caption\":\"giftronic04\"},\"image\":{\"@id\":\"https:\\\/\\\/giftronic04.com\\\/#\\\/schema\\\/logo\\\/image\\\/\"},\"sameAs\":[\"https:\\\/\\\/www.instagram.com\\\/giftronic.04\\\/\"]}]}<\/script>\n<!-- \/ Yoast SEO plugin. -->","yoast_head_json":{"title":"Combo Teclado y Mouse Genius KM-8206S Inal\u00e1mbrico Black - Giftronic.04","robots":{"index":"index","follow":"follow","max-snippet":"max-snippet:-1","max-image-preview":"max-image-preview:large","max-video-preview":"max-video-preview:-1"},"canonical":"https:\/\/giftronic04.com\/index.php\/product\/combo-teclado-y-mouse-genius-km-8206s-inalambrico-black\/","og_locale":"es_ES","og_type":"article","og_title":"Combo Teclado y Mouse Genius KM-8206S Inal\u00e1mbrico Black - Giftronic.04","og_description":"Caracter\u00edsticas: Referencia: KM-8206S Marca: Genius Tipo: Teclado y Mouse Inal\u00e1mbrico Interfaz 2.4 GHz Distancia de Trabajo Hasta 10 metros Tipo de Teclas Teclas Chocolate Silencioso Si Bot\u00f3n de Reposo No Calculadora No Teclas de Funci\u00f3n Si, 11 (8 audio, 3 Internet) Teclas Multimedia No Sensor \u00d3ptico Resoluci\u00f3n (DPI) 1200 N\u00famero de Botones 3 (izquierda, derecha, [&hellip;]","og_url":"https:\/\/giftronic04.com\/index.php\/product\/combo-teclado-y-mouse-genius-km-8206s-inalambrico-black\/","og_site_name":"Giftronic.04","article_modified_time":"2026-02-16T15:15:30+00:00","og_image":[{"width":2000,"height":2000,"url":"https:\/\/giftronic04.com\/wp-content\/uploads\/2025\/02\/1-3.jpg","type":"image\/jpeg"}],"twitter_card":"summary_large_image","twitter_misc":{"Tiempo de lectura":"2 minutos"},"schema":{"@context":"https:\/\/schema.org","@graph":[{"@type":"WebPage","@id":"https:\/\/giftronic04.com\/index.php\/product\/combo-teclado-y-mouse-genius-km-8206s-inalambrico-black\/","url":"https:\/\/giftronic04.com\/index.php\/product\/combo-teclado-y-mouse-genius-km-8206s-inalambrico-black\/","name":"Combo Teclado y Mouse Genius KM-8206S Inal\u00e1mbrico Black - Giftronic.04","isPartOf":{"@id":"https:\/\/giftronic04.com\/#website"},"primaryImageOfPage":{"@id":"https:\/\/giftronic04.com\/index.php\/product\/combo-teclado-y-mouse-genius-km-8206s-inalambrico-black\/#primaryimage"},"image":{"@id":"https:\/\/giftronic04.com\/index.php\/product\/combo-teclado-y-mouse-genius-km-8206s-inalambrico-black\/#primaryimage"},"thumbnailUrl":"https:\/\/giftronic04.com\/wp-content\/uploads\/2025\/02\/1-3.jpg","datePublished":"2025-02-18T23:50:44+00:00","dateModified":"2026-02-16T15:15:30+00:00","breadcrumb":{"@id":"https:\/\/giftronic04.com\/index.php\/product\/combo-teclado-y-mouse-genius-km-8206s-inalambrico-black\/#breadcrumb"},"inLanguage":"es","potentialAction":[{"@type":"ReadAction","target":["https:\/\/giftronic04.com\/index.php\/product\/combo-teclado-y-mouse-genius-km-8206s-inalambrico-black\/"]}]},{"@type":"ImageObject","inLanguage":"es","@id":"https:\/\/giftronic04.com\/index.php\/product\/combo-teclado-y-mouse-genius-km-8206s-inalambrico-black\/#primaryimage","url":"https:\/\/giftronic04.com\/wp-content\/uploads\/2025\/02\/1-3.jpg","contentUrl":"https:\/\/giftronic04.com\/wp-content\/uploads\/2025\/02\/1-3.jpg","width":2000,"height":2000},{"@type":"BreadcrumbList","@id":"https:\/\/giftronic04.com\/index.php\/product\/combo-teclado-y-mouse-genius-km-8206s-inalambrico-black\/#breadcrumb","itemListElement":[{"@type":"ListItem","position":1,"name":"Portada","item":"https:\/\/giftronic04.com\/"},{"@type":"ListItem","position":2,"name":"Tienda","item":"https:\/\/giftronic04.com\/index.php\/shop\/"},{"@type":"ListItem","position":3,"name":"Combo Teclado y Mouse Genius KM-8206S Inal\u00e1mbrico Black"}]},{"@type":"WebSite","@id":"https:\/\/giftronic04.com\/#website","url":"https:\/\/giftronic04.com\/","name":"Giftronic.04","description":"Venta de equipos tecnologicos","publisher":{"@id":"https:\/\/giftronic04.com\/#organization"},"potentialAction":[{"@type":"SearchAction","target":{"@type":"EntryPoint","urlTemplate":"https:\/\/giftronic04.com\/?s={search_term_string}"},"query-input":{"@type":"PropertyValueSpecification","valueRequired":true,"valueName":"search_term_string"}}],"inLanguage":"es"},{"@type":"Organization","@id":"https:\/\/giftronic04.com\/#organization","name":"giftronic04","url":"https:\/\/giftronic04.com\/","logo":{"@type":"ImageObject","inLanguage":"es","@id":"https:\/\/giftronic04.com\/#\/schema\/logo\/image\/","url":"https:\/\/giftronic04.com\/wp-content\/uploads\/2021\/08\/logo.png","contentUrl":"https:\/\/giftronic04.com\/wp-content\/uploads\/2021\/08\/logo.png","width":6640,"height":2192,"caption":"giftronic04"},"image":{"@id":"https:\/\/giftronic04.com\/#\/schema\/logo\/image\/"},"sameAs":["https:\/\/www.instagram.com\/giftronic.04\/"]}]}},"jetpack_sharing_enabled":true,"_links":{"self":[{"href":"https:\/\/giftronic04.com\/index.php\/wp-json\/wp\/v2\/product\/8197","targetHints":{"allow":["GET"]}}],"collection":[{"href":"https:\/\/giftronic04.com\/index.php\/wp-json\/wp\/v2\/product"}],"about":[{"href":"https:\/\/giftronic04.com\/index.php\/wp-json\/wp\/v2\/types\/product"}],"replies":[{"embeddable":true,"href":"https:\/\/giftronic04.com\/index.php\/wp-json\/wp\/v2\/comments?post=8197"}],"wp:featuredmedia":[{"embeddable":true,"href":"https:\/\/giftronic04.com\/index.php\/wp-json\/wp\/v2\/media\/8198"}],"wp:attachment":[{"href":"https:\/\/giftronic04.com\/index.php\/wp-json\/wp\/v2\/media?parent=8197"}],"wp:term":[{"taxonomy":"product_brand","embeddable":true,"href":"https:\/\/giftronic04.com\/index.php\/wp-json\/wp\/v2\/product_brand?post=8197"},{"taxonomy":"product_cat","embeddable":true,"href":"https:\/\/giftronic04.com\/index.php\/wp-json\/wp\/v2\/product_cat?post=8197"},{"taxonomy":"product_tag","embeddable":true,"href":"https:\/\/giftronic04.com\/index.php\/wp-json\/wp\/v2\/product_tag?post=8197"}],"curies":[{"name":"wp","href":"https:\/\/api.w.org\/{rel}","templated":true}]}}