{"id":8221,"date":"2025-02-19T18:37:01","date_gmt":"2025-02-19T23:37:01","guid":{"rendered":"https:\/\/giftronic04.com\/?post_type=product&#038;p=8221"},"modified":"2026-01-20T17:55:17","modified_gmt":"2026-01-20T22:55:17","slug":"mouse-vertical-inalambrico-genius-ergo-8300s-gris","status":"publish","type":"product","link":"https:\/\/giftronic04.com\/index.php\/product\/mouse-vertical-inalambrico-genius-ergo-8300s-gris\/","title":{"rendered":"Mouse vertical inal\u00e1mbrico Genius ERGO 8300S Gris"},"content":{"rendered":"<p>Caracter\u00edsticas:<\/p>\n<p>Referencia: ERGO 8300S<\/p>\n<p>Marca: GENIUS<\/p>\n<p>Tipo: MOUSE VERTICAL<\/p>\n<p>Frecuencia RF<\/p>\n<p>2.4 GHz<\/p>\n<p>Distancia de Trabajo<\/p>\n<p>Hasta 10 metros<\/p>\n<p>Sensor<\/p>\n<p>\u00d3ptico<\/p>\n<p>Resoluci\u00f3n (DPI)<\/p>\n<p>1000 \/ 1200 (Por defecto) \/ 1600<\/p>\n<p>N\u00famero de Botones<\/p>\n<p>7 (izquierda, derecha, bot\u00f3n medio con desplazamiento, p\u00e1gina adelante \/ atras, niveles de DPI )<\/p>\n<p>Tipo de Bateria<\/p>\n<p>AAA<\/p>\n<p>Peso (gramos)<\/p>\n<p>Mouse: aprox. 83 g, Receptor de USB: aprox. 2 g<\/p>\n<p>Dimensiones (L x A x P) mm (pulgadas)<\/p>\n<p>Mouse: 79 x 100.3 x 61.2 ( 3.11&#8243; x 3.95&#8243; x 2.41&#8243; )<\/p>\n<p>USB Receiver: 14.3 x 18.5 x 6 ( 0.562&#8243; x 0.728&#8243; x 0.236&#8243; )<\/p>\n<p>Ergo 8300S (Multi-idioma) Descargar<\/p>\n<p>Requerimiento de Sistema<\/p>\n<p>Windows\u00ae 8, 10, 11 \u00f3 despu\u00e9s \/ macOS X 10.8 despu\u00e9s<\/p>\n<p>Color<\/p>\n<p>Gris<\/p>\n<p>Contenido<\/p>\n<p>Ergo 8300S (mouse inal\u00e1mbrico)<\/p>\n<p>Receptor USB x 1<\/p>\n<p>Resumen del producto<\/p>\n<p>La ergonom\u00eda de Genius Ergo 8300S brinda una postura natural para la mano derecha, ayuda en aliviar la fatiga y reducir la tensi\u00f3n muscular del antebrazo al hombro, El Ergo 8300S est\u00e1 dise\u00f1ado con switch silencioso para reducir el ruido, de esta manera puede a completar sus tareas sin interrumpir a los dem\u00e1s en cualquier tiempo en donde sea.<\/p>\n<p>Recomendaciones<\/p>\n<p>Lea cuidadosamente la descripci\u00f3n del producto y condiciones de venta.<\/p>\n<p>Se otorga 1 a\u00f1o de respaldo por defectos de fabricaci\u00f3n directamente con la marca \u2018Conservando empaques originales\u2019. No cubre da\u00f1os ocasionados por manipulaci\u00f3n no autorizada, golpes, derrames o mal uso del equipo, Las im\u00e1genes publicadas en esta p\u00e1gina son representaciones fotogr\u00e1ficas que ilustran de manera aproximada las caracter\u00edsticas de los equipos en venta y pueden variar respecto a la realidad seg\u00fan la resoluci\u00f3n de estas y del dispositivo que se utilice para observarlas. Para cualquier proceso de garant\u00eda debes entregar el producto con los empaques y accesorios ORIGINALES.<\/p>\n","protected":false},"excerpt":{"rendered":"[video width=\"1920\" height=\"1080\" mp4=\"https:\/\/giftronic04.com\/wp-content\/uploads\/2025\/02\/Mouse-inalambrico-vertical-con-diseno-ergonomico-y-clic-silencioso-ERGO-8250S-8300S-Spanish-4K.mp4\"][\/video]\n","protected":false},"featured_media":8222,"comment_status":"open","ping_status":"closed","template":"","meta":{"_surecart_dashboard_logo_width":"180px","_surecart_dashboard_show_logo":true,"_surecart_dashboard_navigation_orders":true,"_surecart_dashboard_navigation_invoices":true,"_surecart_dashboard_navigation_subscriptions":true,"_surecart_dashboard_navigation_downloads":true,"_surecart_dashboard_navigation_billing":true,"_surecart_dashboard_navigation_account":true,"site-sidebar-layout":"default","site-content-layout":"","ast-site-content-layout":"default","site-content-style":"default","site-sidebar-style":"default","ast-global-header-display":"","ast-banner-title-visibility":"","ast-main-header-display":"","ast-hfb-above-header-display":"","ast-hfb-below-header-display":"","ast-hfb-mobile-header-display":"","site-post-title":"","ast-breadcrumbs-content":"","ast-featured-img":"","footer-sml-layout":"","ast-disable-related-posts":"","theme-transparent-header-meta":"","adv-header-id-meta":"","stick-header-meta":"","header-above-stick-meta":"","header-main-stick-meta":"","header-below-stick-meta":"","astra-migrate-meta-layouts":"default","ast-page-background-enabled":"default","ast-page-background-meta":{"desktop":{"background-color":"var(--ast-global-color-4)","background-image":"","background-repeat":"repeat","background-position":"center center","background-size":"auto","background-attachment":"scroll","background-type":"","background-media":"","overlay-type":"","overlay-color":"","overlay-opacity":"","overlay-gradient":""},"tablet":{"background-color":"","background-image":"","background-repeat":"repeat","background-position":"center center","background-size":"auto","background-attachment":"scroll","background-type":"","background-media":"","overlay-type":"","overlay-color":"","overlay-opacity":"","overlay-gradient":""},"mobile":{"background-color":"","background-image":"","background-repeat":"repeat","background-position":"center center","background-size":"auto","background-attachment":"scroll","background-type":"","background-media":"","overlay-type":"","overlay-color":"","overlay-opacity":"","overlay-gradient":""}},"ast-content-background-meta":{"desktop":{"background-color":"var(--ast-global-color-5)","background-image":"","background-repeat":"repeat","background-position":"center center","background-size":"auto","background-attachment":"scroll","background-type":"","background-media":"","overlay-type":"","overlay-color":"","overlay-opacity":"","overlay-gradient":""},"tablet":{"background-color":"var(--ast-global-color-5)","background-image":"","background-repeat":"repeat","background-position":"center center","background-size":"auto","background-attachment":"scroll","background-type":"","background-media":"","overlay-type":"","overlay-color":"","overlay-opacity":"","overlay-gradient":""},"mobile":{"background-color":"var(--ast-global-color-5)","background-image":"","background-repeat":"repeat","background-position":"center center","background-size":"auto","background-attachment":"scroll","background-type":"","background-media":"","overlay-type":"","overlay-color":"","overlay-opacity":"","overlay-gradient":""}}},"product_brand":[],"product_cat":[52],"product_tag":[],"class_list":{"0":"post-8221","1":"product","2":"type-product","3":"status-publish","4":"has-post-thumbnail","6":"product_cat-mouses-y-teclados","7":"desktop-align-left","8":"tablet-align-left","9":"mobile-align-left","11":"first","12":"outofstock","13":"sale","14":"taxable","15":"shipping-taxable","16":"purchasable","17":"product-type-simple"},"yoast_head":"<!-- This site is optimized with the Yoast SEO plugin v27.5 - https:\/\/yoast.com\/product\/yoast-seo-wordpress\/ -->\n<title>Mouse vertical inal\u00e1mbrico Genius ERGO 8300S Gris - Giftronic.04<\/title>\n<meta name=\"robots\" content=\"index, follow, max-snippet:-1, max-image-preview:large, max-video-preview:-1\" \/>\n<link rel=\"canonical\" href=\"https:\/\/giftronic04.com\/index.php\/product\/mouse-vertical-inalambrico-genius-ergo-8300s-gris\/\" \/>\n<meta property=\"og:locale\" content=\"es_ES\" \/>\n<meta property=\"og:type\" content=\"article\" \/>\n<meta property=\"og:title\" content=\"Mouse vertical inal\u00e1mbrico Genius ERGO 8300S Gris - Giftronic.04\" \/>\n<meta property=\"og:url\" content=\"https:\/\/giftronic04.com\/index.php\/product\/mouse-vertical-inalambrico-genius-ergo-8300s-gris\/\" \/>\n<meta property=\"og:site_name\" content=\"Giftronic.04\" \/>\n<meta property=\"article:modified_time\" content=\"2026-01-20T22:55:17+00:00\" \/>\n<meta property=\"og:image\" content=\"https:\/\/giftronic04.com\/wp-content\/uploads\/2025\/02\/544814-1200-auto.png\" \/>\n\t<meta property=\"og:image:width\" content=\"2000\" \/>\n\t<meta property=\"og:image:height\" content=\"2000\" \/>\n\t<meta property=\"og:image:type\" content=\"image\/png\" \/>\n<meta name=\"twitter:card\" content=\"summary_large_image\" \/>\n<meta name=\"twitter:description\" content=\"[video width=&quot;1920&quot; height=&quot;1080&quot; mp4=&quot;https:\/\/giftronic04.com\/wp-content\/uploads\/2025\/02\/Mouse-inalambrico-vertical-con-diseno-ergonomico-y-clic-silencioso-ERGO-8250S-8300S-Spanish-4K.mp4&quot;][\/video]\" \/>\n<meta name=\"twitter:label1\" content=\"Tiempo de lectura\" \/>\n\t<meta name=\"twitter:data1\" content=\"2 minutos\" \/>\n<script type=\"application\/ld+json\" class=\"yoast-schema-graph\">{\"@context\":\"https:\\\/\\\/schema.org\",\"@graph\":[{\"@type\":\"WebPage\",\"@id\":\"https:\\\/\\\/giftronic04.com\\\/index.php\\\/product\\\/mouse-vertical-inalambrico-genius-ergo-8300s-gris\\\/\",\"url\":\"https:\\\/\\\/giftronic04.com\\\/index.php\\\/product\\\/mouse-vertical-inalambrico-genius-ergo-8300s-gris\\\/\",\"name\":\"Mouse vertical inal\u00e1mbrico Genius ERGO 8300S Gris - Giftronic.04\",\"isPartOf\":{\"@id\":\"https:\\\/\\\/giftronic04.com\\\/#website\"},\"primaryImageOfPage\":{\"@id\":\"https:\\\/\\\/giftronic04.com\\\/index.php\\\/product\\\/mouse-vertical-inalambrico-genius-ergo-8300s-gris\\\/#primaryimage\"},\"image\":{\"@id\":\"https:\\\/\\\/giftronic04.com\\\/index.php\\\/product\\\/mouse-vertical-inalambrico-genius-ergo-8300s-gris\\\/#primaryimage\"},\"thumbnailUrl\":\"https:\\\/\\\/giftronic04.com\\\/wp-content\\\/uploads\\\/2025\\\/02\\\/544814-1200-auto.png\",\"datePublished\":\"2025-02-19T23:37:01+00:00\",\"dateModified\":\"2026-01-20T22:55:17+00:00\",\"breadcrumb\":{\"@id\":\"https:\\\/\\\/giftronic04.com\\\/index.php\\\/product\\\/mouse-vertical-inalambrico-genius-ergo-8300s-gris\\\/#breadcrumb\"},\"inLanguage\":\"es\",\"potentialAction\":[{\"@type\":\"ReadAction\",\"target\":[\"https:\\\/\\\/giftronic04.com\\\/index.php\\\/product\\\/mouse-vertical-inalambrico-genius-ergo-8300s-gris\\\/\"]}]},{\"@type\":\"ImageObject\",\"inLanguage\":\"es\",\"@id\":\"https:\\\/\\\/giftronic04.com\\\/index.php\\\/product\\\/mouse-vertical-inalambrico-genius-ergo-8300s-gris\\\/#primaryimage\",\"url\":\"https:\\\/\\\/giftronic04.com\\\/wp-content\\\/uploads\\\/2025\\\/02\\\/544814-1200-auto.png\",\"contentUrl\":\"https:\\\/\\\/giftronic04.com\\\/wp-content\\\/uploads\\\/2025\\\/02\\\/544814-1200-auto.png\",\"width\":2000,\"height\":2000},{\"@type\":\"BreadcrumbList\",\"@id\":\"https:\\\/\\\/giftronic04.com\\\/index.php\\\/product\\\/mouse-vertical-inalambrico-genius-ergo-8300s-gris\\\/#breadcrumb\",\"itemListElement\":[{\"@type\":\"ListItem\",\"position\":1,\"name\":\"Portada\",\"item\":\"https:\\\/\\\/giftronic04.com\\\/\"},{\"@type\":\"ListItem\",\"position\":2,\"name\":\"Tienda\",\"item\":\"https:\\\/\\\/giftronic04.com\\\/index.php\\\/shop\\\/\"},{\"@type\":\"ListItem\",\"position\":3,\"name\":\"Mouse vertical inal\u00e1mbrico Genius ERGO 8300S Gris\"}]},{\"@type\":\"WebSite\",\"@id\":\"https:\\\/\\\/giftronic04.com\\\/#website\",\"url\":\"https:\\\/\\\/giftronic04.com\\\/\",\"name\":\"Giftronic.04\",\"description\":\"Venta de equipos tecnologicos\",\"publisher\":{\"@id\":\"https:\\\/\\\/giftronic04.com\\\/#organization\"},\"potentialAction\":[{\"@type\":\"SearchAction\",\"target\":{\"@type\":\"EntryPoint\",\"urlTemplate\":\"https:\\\/\\\/giftronic04.com\\\/?s={search_term_string}\"},\"query-input\":{\"@type\":\"PropertyValueSpecification\",\"valueRequired\":true,\"valueName\":\"search_term_string\"}}],\"inLanguage\":\"es\"},{\"@type\":\"Organization\",\"@id\":\"https:\\\/\\\/giftronic04.com\\\/#organization\",\"name\":\"giftronic04\",\"url\":\"https:\\\/\\\/giftronic04.com\\\/\",\"logo\":{\"@type\":\"ImageObject\",\"inLanguage\":\"es\",\"@id\":\"https:\\\/\\\/giftronic04.com\\\/#\\\/schema\\\/logo\\\/image\\\/\",\"url\":\"https:\\\/\\\/giftronic04.com\\\/wp-content\\\/uploads\\\/2021\\\/08\\\/logo.png\",\"contentUrl\":\"https:\\\/\\\/giftronic04.com\\\/wp-content\\\/uploads\\\/2021\\\/08\\\/logo.png\",\"width\":6640,\"height\":2192,\"caption\":\"giftronic04\"},\"image\":{\"@id\":\"https:\\\/\\\/giftronic04.com\\\/#\\\/schema\\\/logo\\\/image\\\/\"},\"sameAs\":[\"https:\\\/\\\/www.instagram.com\\\/giftronic.04\\\/\"]}]}<\/script>\n<!-- \/ Yoast SEO plugin. -->","yoast_head_json":{"title":"Mouse vertical inal\u00e1mbrico Genius ERGO 8300S Gris - Giftronic.04","robots":{"index":"index","follow":"follow","max-snippet":"max-snippet:-1","max-image-preview":"max-image-preview:large","max-video-preview":"max-video-preview:-1"},"canonical":"https:\/\/giftronic04.com\/index.php\/product\/mouse-vertical-inalambrico-genius-ergo-8300s-gris\/","og_locale":"es_ES","og_type":"article","og_title":"Mouse vertical inal\u00e1mbrico Genius ERGO 8300S Gris - Giftronic.04","og_url":"https:\/\/giftronic04.com\/index.php\/product\/mouse-vertical-inalambrico-genius-ergo-8300s-gris\/","og_site_name":"Giftronic.04","article_modified_time":"2026-01-20T22:55:17+00:00","og_image":[{"width":2000,"height":2000,"url":"https:\/\/giftronic04.com\/wp-content\/uploads\/2025\/02\/544814-1200-auto.png","type":"image\/png"}],"twitter_card":"summary_large_image","twitter_description":"[video width=\"1920\" height=\"1080\" mp4=\"https:\/\/giftronic04.com\/wp-content\/uploads\/2025\/02\/Mouse-inalambrico-vertical-con-diseno-ergonomico-y-clic-silencioso-ERGO-8250S-8300S-Spanish-4K.mp4\"][\/video]","twitter_misc":{"Tiempo de lectura":"2 minutos"},"schema":{"@context":"https:\/\/schema.org","@graph":[{"@type":"WebPage","@id":"https:\/\/giftronic04.com\/index.php\/product\/mouse-vertical-inalambrico-genius-ergo-8300s-gris\/","url":"https:\/\/giftronic04.com\/index.php\/product\/mouse-vertical-inalambrico-genius-ergo-8300s-gris\/","name":"Mouse vertical inal\u00e1mbrico Genius ERGO 8300S Gris - Giftronic.04","isPartOf":{"@id":"https:\/\/giftronic04.com\/#website"},"primaryImageOfPage":{"@id":"https:\/\/giftronic04.com\/index.php\/product\/mouse-vertical-inalambrico-genius-ergo-8300s-gris\/#primaryimage"},"image":{"@id":"https:\/\/giftronic04.com\/index.php\/product\/mouse-vertical-inalambrico-genius-ergo-8300s-gris\/#primaryimage"},"thumbnailUrl":"https:\/\/giftronic04.com\/wp-content\/uploads\/2025\/02\/544814-1200-auto.png","datePublished":"2025-02-19T23:37:01+00:00","dateModified":"2026-01-20T22:55:17+00:00","breadcrumb":{"@id":"https:\/\/giftronic04.com\/index.php\/product\/mouse-vertical-inalambrico-genius-ergo-8300s-gris\/#breadcrumb"},"inLanguage":"es","potentialAction":[{"@type":"ReadAction","target":["https:\/\/giftronic04.com\/index.php\/product\/mouse-vertical-inalambrico-genius-ergo-8300s-gris\/"]}]},{"@type":"ImageObject","inLanguage":"es","@id":"https:\/\/giftronic04.com\/index.php\/product\/mouse-vertical-inalambrico-genius-ergo-8300s-gris\/#primaryimage","url":"https:\/\/giftronic04.com\/wp-content\/uploads\/2025\/02\/544814-1200-auto.png","contentUrl":"https:\/\/giftronic04.com\/wp-content\/uploads\/2025\/02\/544814-1200-auto.png","width":2000,"height":2000},{"@type":"BreadcrumbList","@id":"https:\/\/giftronic04.com\/index.php\/product\/mouse-vertical-inalambrico-genius-ergo-8300s-gris\/#breadcrumb","itemListElement":[{"@type":"ListItem","position":1,"name":"Portada","item":"https:\/\/giftronic04.com\/"},{"@type":"ListItem","position":2,"name":"Tienda","item":"https:\/\/giftronic04.com\/index.php\/shop\/"},{"@type":"ListItem","position":3,"name":"Mouse vertical inal\u00e1mbrico Genius ERGO 8300S Gris"}]},{"@type":"WebSite","@id":"https:\/\/giftronic04.com\/#website","url":"https:\/\/giftronic04.com\/","name":"Giftronic.04","description":"Venta de equipos tecnologicos","publisher":{"@id":"https:\/\/giftronic04.com\/#organization"},"potentialAction":[{"@type":"SearchAction","target":{"@type":"EntryPoint","urlTemplate":"https:\/\/giftronic04.com\/?s={search_term_string}"},"query-input":{"@type":"PropertyValueSpecification","valueRequired":true,"valueName":"search_term_string"}}],"inLanguage":"es"},{"@type":"Organization","@id":"https:\/\/giftronic04.com\/#organization","name":"giftronic04","url":"https:\/\/giftronic04.com\/","logo":{"@type":"ImageObject","inLanguage":"es","@id":"https:\/\/giftronic04.com\/#\/schema\/logo\/image\/","url":"https:\/\/giftronic04.com\/wp-content\/uploads\/2021\/08\/logo.png","contentUrl":"https:\/\/giftronic04.com\/wp-content\/uploads\/2021\/08\/logo.png","width":6640,"height":2192,"caption":"giftronic04"},"image":{"@id":"https:\/\/giftronic04.com\/#\/schema\/logo\/image\/"},"sameAs":["https:\/\/www.instagram.com\/giftronic.04\/"]}]}},"jetpack_sharing_enabled":true,"_links":{"self":[{"href":"https:\/\/giftronic04.com\/index.php\/wp-json\/wp\/v2\/product\/8221","targetHints":{"allow":["GET"]}}],"collection":[{"href":"https:\/\/giftronic04.com\/index.php\/wp-json\/wp\/v2\/product"}],"about":[{"href":"https:\/\/giftronic04.com\/index.php\/wp-json\/wp\/v2\/types\/product"}],"replies":[{"embeddable":true,"href":"https:\/\/giftronic04.com\/index.php\/wp-json\/wp\/v2\/comments?post=8221"}],"wp:featuredmedia":[{"embeddable":true,"href":"https:\/\/giftronic04.com\/index.php\/wp-json\/wp\/v2\/media\/8222"}],"wp:attachment":[{"href":"https:\/\/giftronic04.com\/index.php\/wp-json\/wp\/v2\/media?parent=8221"}],"wp:term":[{"taxonomy":"product_brand","embeddable":true,"href":"https:\/\/giftronic04.com\/index.php\/wp-json\/wp\/v2\/product_brand?post=8221"},{"taxonomy":"product_cat","embeddable":true,"href":"https:\/\/giftronic04.com\/index.php\/wp-json\/wp\/v2\/product_cat?post=8221"},{"taxonomy":"product_tag","embeddable":true,"href":"https:\/\/giftronic04.com\/index.php\/wp-json\/wp\/v2\/product_tag?post=8221"}],"curies":[{"name":"wp","href":"https:\/\/api.w.org\/{rel}","templated":true}]}}