{"id":8369,"date":"2025-03-07T17:46:52","date_gmt":"2025-03-07T22:46:52","guid":{"rendered":"https:\/\/giftronic04.com\/?post_type=product&#038;p=8369"},"modified":"2025-03-28T11:31:56","modified_gmt":"2025-03-28T16:31:56","slug":"monitor-hp-27-omen-gamer-fhd-plano-165hz-1ms","status":"publish","type":"product","link":"https:\/\/giftronic04.com\/index.php\/product\/monitor-hp-27-omen-gamer-fhd-plano-165hz-1ms\/","title":{"rendered":"Monitor HP 27&#8242; OMEN GAMER FHD PLANO 165Hz 1MS"},"content":{"rendered":"<p>Caracter\u00edsticas<\/p>\n<p>Marca: HP<\/p>\n<p>Referencia: OMEN GAMER<\/p>\n<p>Tipo: MONITOR<\/p>\n<p>Resoluci\u00f3n Pantalla Full HD (1920&#215;1080)<\/p>\n<p>Tipo Panel: IPS<\/p>\n<p>Tama\u00f1o Pantalla\u00a0\u00a0\u00a0\u00a0 27\u2019 Pulgadas<\/p>\n<p>Dise\u00f1o de la pantalla: Plano<\/p>\n<p>Relaci\u00f3n Aspecto 16:9<\/p>\n<p>Contraste: 1000:1<\/p>\n<p>Brillo 400 nits<\/p>\n<p>Tecnolog\u00eda AMD FreeSync\u2122 Premium.<\/p>\n<p>Tasa de Refresco del Monitor: 165 Hz<\/p>\n<p>Tiempo Respuesta 1 ms GtG (con Overdrive)<\/p>\n<p>Tipos de Puertos Entradas y Salidas<\/p>\n<p>Puerto Display Port<\/p>\n<p>Fuentes de Alimentaci\u00f3n de Energ\u00eda: Energ\u00eda El\u00e9ctrica<\/p>\n<p>Puerto HDMI<\/p>\n<p>Salida de Aud\u00edfonos<\/p>\n<p>Peso 8,08 kg<\/p>\n<p>Ajustes de inclinaci\u00f3n, giro y altura de 100 mm<\/p>\n<p>Bot\u00f3n OSD del joypad sin esfuerzos<\/p>\n<p>Tonalidad de Color\u00a0 Black<\/p>\n<p>Resumen del producto<\/p>\n<p>Lleva tu productividad al l\u00edmite con el Monitor HP FHD para gamer\u00b4s OMEN de 27&#8243; y 165 Hz, El r\u00e1pido desempe\u00f1o y los vibrantes colores te permiten perderte en los juegos que m\u00e1s te gustan, y las funciones de dise\u00f1o elegante se ven y se sienten muy bien en tu escritorio, este monitor elegante con un dise\u00f1o simple y giratorio y de gran tama\u00f1o hace que cuando estes jugando o trabajando todo sea mas f\u00e1cil y productivo.<\/p>\n<p>Recomendaciones<\/p>\n<p>Lea cuidadosamente la descripci\u00f3n del producto y condiciones de venta.<\/p>\n<p>Se otorga 1 a\u00f1o de respaldo por defectos de fabricaci\u00f3n directamente con la marca \u2018Conservando empaques originales\u2019. No cubre da\u00f1os ocasionados por manipulaci\u00f3n no autorizada, golpes, derrames o mal uso del equipo, Las im\u00e1genes publicadas en esta p\u00e1gina son representaciones fotogr\u00e1ficas que ilustran de manera aproximada las caracter\u00edsticas de los equipos en venta y pueden variar respecto a la realidad seg\u00fan la resoluci\u00f3n de estas y del dispositivo que se utilice para observarlas. Para cualquier proceso de garant\u00eda debes entregar el producto con los empaques y accesorios ORIGINALES.<\/p>\n","protected":false},"excerpt":{"rendered":"[video width=\"1280\" height=\"720\" mp4=\"https:\/\/giftronic04.com\/wp-content\/uploads\/2025\/03\/HD-1.mp4\"][\/video]\n","protected":false},"featured_media":8370,"comment_status":"open","ping_status":"closed","template":"","meta":{"_surecart_dashboard_logo_width":"180px","_surecart_dashboard_show_logo":true,"_surecart_dashboard_navigation_orders":true,"_surecart_dashboard_navigation_invoices":true,"_surecart_dashboard_navigation_subscriptions":true,"_surecart_dashboard_navigation_downloads":true,"_surecart_dashboard_navigation_billing":true,"_surecart_dashboard_navigation_account":true,"site-sidebar-layout":"default","site-content-layout":"","ast-site-content-layout":"default","site-content-style":"default","site-sidebar-style":"default","ast-global-header-display":"","ast-banner-title-visibility":"","ast-main-header-display":"","ast-hfb-above-header-display":"","ast-hfb-below-header-display":"","ast-hfb-mobile-header-display":"","site-post-title":"","ast-breadcrumbs-content":"","ast-featured-img":"","footer-sml-layout":"","ast-disable-related-posts":"","theme-transparent-header-meta":"","adv-header-id-meta":"","stick-header-meta":"","header-above-stick-meta":"","header-main-stick-meta":"","header-below-stick-meta":"","astra-migrate-meta-layouts":"default","ast-page-background-enabled":"default","ast-page-background-meta":{"desktop":{"background-color":"var(--ast-global-color-4)","background-image":"","background-repeat":"repeat","background-position":"center center","background-size":"auto","background-attachment":"scroll","background-type":"","background-media":"","overlay-type":"","overlay-color":"","overlay-opacity":"","overlay-gradient":""},"tablet":{"background-color":"","background-image":"","background-repeat":"repeat","background-position":"center center","background-size":"auto","background-attachment":"scroll","background-type":"","background-media":"","overlay-type":"","overlay-color":"","overlay-opacity":"","overlay-gradient":""},"mobile":{"background-color":"","background-image":"","background-repeat":"repeat","background-position":"center center","background-size":"auto","background-attachment":"scroll","background-type":"","background-media":"","overlay-type":"","overlay-color":"","overlay-opacity":"","overlay-gradient":""}},"ast-content-background-meta":{"desktop":{"background-color":"var(--ast-global-color-5)","background-image":"","background-repeat":"repeat","background-position":"center center","background-size":"auto","background-attachment":"scroll","background-type":"","background-media":"","overlay-type":"","overlay-color":"","overlay-opacity":"","overlay-gradient":""},"tablet":{"background-color":"var(--ast-global-color-5)","background-image":"","background-repeat":"repeat","background-position":"center center","background-size":"auto","background-attachment":"scroll","background-type":"","background-media":"","overlay-type":"","overlay-color":"","overlay-opacity":"","overlay-gradient":""},"mobile":{"background-color":"var(--ast-global-color-5)","background-image":"","background-repeat":"repeat","background-position":"center center","background-size":"auto","background-attachment":"scroll","background-type":"","background-media":"","overlay-type":"","overlay-color":"","overlay-opacity":"","overlay-gradient":""}}},"product_brand":[],"product_cat":[34],"product_tag":[],"class_list":{"0":"post-8369","1":"product","2":"type-product","3":"status-publish","4":"has-post-thumbnail","6":"product_cat-monitores-y-accesorios","7":"desktop-align-left","8":"tablet-align-left","9":"mobile-align-left","11":"first","12":"instock","13":"sale","14":"taxable","15":"shipping-taxable","16":"purchasable","17":"product-type-simple"},"yoast_head":"<!-- This site is optimized with the Yoast SEO plugin v27.5 - https:\/\/yoast.com\/product\/yoast-seo-wordpress\/ -->\n<title>Monitor HP 27&#039; OMEN GAMER FHD PLANO 165Hz 1MS - Giftronic.04<\/title>\n<meta name=\"robots\" content=\"index, follow, max-snippet:-1, max-image-preview:large, max-video-preview:-1\" \/>\n<link rel=\"canonical\" href=\"https:\/\/giftronic04.com\/index.php\/product\/monitor-hp-27-omen-gamer-fhd-plano-165hz-1ms\/\" \/>\n<meta property=\"og:locale\" content=\"es_ES\" \/>\n<meta property=\"og:type\" content=\"article\" \/>\n<meta property=\"og:title\" content=\"Monitor HP 27&#039; OMEN GAMER FHD PLANO 165Hz 1MS - Giftronic.04\" \/>\n<meta property=\"og:url\" content=\"https:\/\/giftronic04.com\/index.php\/product\/monitor-hp-27-omen-gamer-fhd-plano-165hz-1ms\/\" \/>\n<meta property=\"og:site_name\" content=\"Giftronic.04\" \/>\n<meta property=\"article:modified_time\" content=\"2025-03-28T16:31:56+00:00\" \/>\n<meta property=\"og:image\" content=\"https:\/\/giftronic04.com\/wp-content\/uploads\/2025\/03\/LOGO.jpg\" \/>\n\t<meta property=\"og:image:width\" content=\"2000\" \/>\n\t<meta property=\"og:image:height\" content=\"2000\" \/>\n\t<meta property=\"og:image:type\" content=\"image\/jpeg\" \/>\n<meta name=\"twitter:card\" content=\"summary_large_image\" \/>\n<meta name=\"twitter:description\" content=\"[video width=&quot;1280&quot; height=&quot;720&quot; mp4=&quot;https:\/\/giftronic04.com\/wp-content\/uploads\/2025\/03\/HD-1.mp4&quot;][\/video]\" \/>\n<meta name=\"twitter:label1\" content=\"Tiempo de lectura\" \/>\n\t<meta name=\"twitter:data1\" content=\"2 minutos\" \/>\n<script type=\"application\/ld+json\" class=\"yoast-schema-graph\">{\"@context\":\"https:\\\/\\\/schema.org\",\"@graph\":[{\"@type\":\"WebPage\",\"@id\":\"https:\\\/\\\/giftronic04.com\\\/index.php\\\/product\\\/monitor-hp-27-omen-gamer-fhd-plano-165hz-1ms\\\/\",\"url\":\"https:\\\/\\\/giftronic04.com\\\/index.php\\\/product\\\/monitor-hp-27-omen-gamer-fhd-plano-165hz-1ms\\\/\",\"name\":\"Monitor HP 27' OMEN GAMER FHD PLANO 165Hz 1MS - Giftronic.04\",\"isPartOf\":{\"@id\":\"https:\\\/\\\/giftronic04.com\\\/#website\"},\"primaryImageOfPage\":{\"@id\":\"https:\\\/\\\/giftronic04.com\\\/index.php\\\/product\\\/monitor-hp-27-omen-gamer-fhd-plano-165hz-1ms\\\/#primaryimage\"},\"image\":{\"@id\":\"https:\\\/\\\/giftronic04.com\\\/index.php\\\/product\\\/monitor-hp-27-omen-gamer-fhd-plano-165hz-1ms\\\/#primaryimage\"},\"thumbnailUrl\":\"https:\\\/\\\/giftronic04.com\\\/wp-content\\\/uploads\\\/2025\\\/03\\\/LOGO.jpg\",\"datePublished\":\"2025-03-07T22:46:52+00:00\",\"dateModified\":\"2025-03-28T16:31:56+00:00\",\"breadcrumb\":{\"@id\":\"https:\\\/\\\/giftronic04.com\\\/index.php\\\/product\\\/monitor-hp-27-omen-gamer-fhd-plano-165hz-1ms\\\/#breadcrumb\"},\"inLanguage\":\"es\",\"potentialAction\":[{\"@type\":\"ReadAction\",\"target\":[\"https:\\\/\\\/giftronic04.com\\\/index.php\\\/product\\\/monitor-hp-27-omen-gamer-fhd-plano-165hz-1ms\\\/\"]}]},{\"@type\":\"ImageObject\",\"inLanguage\":\"es\",\"@id\":\"https:\\\/\\\/giftronic04.com\\\/index.php\\\/product\\\/monitor-hp-27-omen-gamer-fhd-plano-165hz-1ms\\\/#primaryimage\",\"url\":\"https:\\\/\\\/giftronic04.com\\\/wp-content\\\/uploads\\\/2025\\\/03\\\/LOGO.jpg\",\"contentUrl\":\"https:\\\/\\\/giftronic04.com\\\/wp-content\\\/uploads\\\/2025\\\/03\\\/LOGO.jpg\",\"width\":2000,\"height\":2000},{\"@type\":\"BreadcrumbList\",\"@id\":\"https:\\\/\\\/giftronic04.com\\\/index.php\\\/product\\\/monitor-hp-27-omen-gamer-fhd-plano-165hz-1ms\\\/#breadcrumb\",\"itemListElement\":[{\"@type\":\"ListItem\",\"position\":1,\"name\":\"Portada\",\"item\":\"https:\\\/\\\/giftronic04.com\\\/\"},{\"@type\":\"ListItem\",\"position\":2,\"name\":\"Tienda\",\"item\":\"https:\\\/\\\/giftronic04.com\\\/index.php\\\/shop\\\/\"},{\"@type\":\"ListItem\",\"position\":3,\"name\":\"Monitor HP 27&#8242; OMEN GAMER FHD PLANO 165Hz 1MS\"}]},{\"@type\":\"WebSite\",\"@id\":\"https:\\\/\\\/giftronic04.com\\\/#website\",\"url\":\"https:\\\/\\\/giftronic04.com\\\/\",\"name\":\"Giftronic.04\",\"description\":\"Venta de equipos tecnologicos\",\"publisher\":{\"@id\":\"https:\\\/\\\/giftronic04.com\\\/#organization\"},\"potentialAction\":[{\"@type\":\"SearchAction\",\"target\":{\"@type\":\"EntryPoint\",\"urlTemplate\":\"https:\\\/\\\/giftronic04.com\\\/?s={search_term_string}\"},\"query-input\":{\"@type\":\"PropertyValueSpecification\",\"valueRequired\":true,\"valueName\":\"search_term_string\"}}],\"inLanguage\":\"es\"},{\"@type\":\"Organization\",\"@id\":\"https:\\\/\\\/giftronic04.com\\\/#organization\",\"name\":\"giftronic04\",\"url\":\"https:\\\/\\\/giftronic04.com\\\/\",\"logo\":{\"@type\":\"ImageObject\",\"inLanguage\":\"es\",\"@id\":\"https:\\\/\\\/giftronic04.com\\\/#\\\/schema\\\/logo\\\/image\\\/\",\"url\":\"https:\\\/\\\/giftronic04.com\\\/wp-content\\\/uploads\\\/2021\\\/08\\\/logo.png\",\"contentUrl\":\"https:\\\/\\\/giftronic04.com\\\/wp-content\\\/uploads\\\/2021\\\/08\\\/logo.png\",\"width\":6640,\"height\":2192,\"caption\":\"giftronic04\"},\"image\":{\"@id\":\"https:\\\/\\\/giftronic04.com\\\/#\\\/schema\\\/logo\\\/image\\\/\"},\"sameAs\":[\"https:\\\/\\\/www.instagram.com\\\/giftronic.04\\\/\"]}]}<\/script>\n<!-- \/ Yoast SEO plugin. -->","yoast_head_json":{"title":"Monitor HP 27' OMEN GAMER FHD PLANO 165Hz 1MS - Giftronic.04","robots":{"index":"index","follow":"follow","max-snippet":"max-snippet:-1","max-image-preview":"max-image-preview:large","max-video-preview":"max-video-preview:-1"},"canonical":"https:\/\/giftronic04.com\/index.php\/product\/monitor-hp-27-omen-gamer-fhd-plano-165hz-1ms\/","og_locale":"es_ES","og_type":"article","og_title":"Monitor HP 27' OMEN GAMER FHD PLANO 165Hz 1MS - Giftronic.04","og_url":"https:\/\/giftronic04.com\/index.php\/product\/monitor-hp-27-omen-gamer-fhd-plano-165hz-1ms\/","og_site_name":"Giftronic.04","article_modified_time":"2025-03-28T16:31:56+00:00","og_image":[{"width":2000,"height":2000,"url":"https:\/\/giftronic04.com\/wp-content\/uploads\/2025\/03\/LOGO.jpg","type":"image\/jpeg"}],"twitter_card":"summary_large_image","twitter_description":"[video width=\"1280\" height=\"720\" mp4=\"https:\/\/giftronic04.com\/wp-content\/uploads\/2025\/03\/HD-1.mp4\"][\/video]","twitter_misc":{"Tiempo de lectura":"2 minutos"},"schema":{"@context":"https:\/\/schema.org","@graph":[{"@type":"WebPage","@id":"https:\/\/giftronic04.com\/index.php\/product\/monitor-hp-27-omen-gamer-fhd-plano-165hz-1ms\/","url":"https:\/\/giftronic04.com\/index.php\/product\/monitor-hp-27-omen-gamer-fhd-plano-165hz-1ms\/","name":"Monitor HP 27' OMEN GAMER FHD PLANO 165Hz 1MS - Giftronic.04","isPartOf":{"@id":"https:\/\/giftronic04.com\/#website"},"primaryImageOfPage":{"@id":"https:\/\/giftronic04.com\/index.php\/product\/monitor-hp-27-omen-gamer-fhd-plano-165hz-1ms\/#primaryimage"},"image":{"@id":"https:\/\/giftronic04.com\/index.php\/product\/monitor-hp-27-omen-gamer-fhd-plano-165hz-1ms\/#primaryimage"},"thumbnailUrl":"https:\/\/giftronic04.com\/wp-content\/uploads\/2025\/03\/LOGO.jpg","datePublished":"2025-03-07T22:46:52+00:00","dateModified":"2025-03-28T16:31:56+00:00","breadcrumb":{"@id":"https:\/\/giftronic04.com\/index.php\/product\/monitor-hp-27-omen-gamer-fhd-plano-165hz-1ms\/#breadcrumb"},"inLanguage":"es","potentialAction":[{"@type":"ReadAction","target":["https:\/\/giftronic04.com\/index.php\/product\/monitor-hp-27-omen-gamer-fhd-plano-165hz-1ms\/"]}]},{"@type":"ImageObject","inLanguage":"es","@id":"https:\/\/giftronic04.com\/index.php\/product\/monitor-hp-27-omen-gamer-fhd-plano-165hz-1ms\/#primaryimage","url":"https:\/\/giftronic04.com\/wp-content\/uploads\/2025\/03\/LOGO.jpg","contentUrl":"https:\/\/giftronic04.com\/wp-content\/uploads\/2025\/03\/LOGO.jpg","width":2000,"height":2000},{"@type":"BreadcrumbList","@id":"https:\/\/giftronic04.com\/index.php\/product\/monitor-hp-27-omen-gamer-fhd-plano-165hz-1ms\/#breadcrumb","itemListElement":[{"@type":"ListItem","position":1,"name":"Portada","item":"https:\/\/giftronic04.com\/"},{"@type":"ListItem","position":2,"name":"Tienda","item":"https:\/\/giftronic04.com\/index.php\/shop\/"},{"@type":"ListItem","position":3,"name":"Monitor HP 27&#8242; OMEN GAMER FHD PLANO 165Hz 1MS"}]},{"@type":"WebSite","@id":"https:\/\/giftronic04.com\/#website","url":"https:\/\/giftronic04.com\/","name":"Giftronic.04","description":"Venta de equipos tecnologicos","publisher":{"@id":"https:\/\/giftronic04.com\/#organization"},"potentialAction":[{"@type":"SearchAction","target":{"@type":"EntryPoint","urlTemplate":"https:\/\/giftronic04.com\/?s={search_term_string}"},"query-input":{"@type":"PropertyValueSpecification","valueRequired":true,"valueName":"search_term_string"}}],"inLanguage":"es"},{"@type":"Organization","@id":"https:\/\/giftronic04.com\/#organization","name":"giftronic04","url":"https:\/\/giftronic04.com\/","logo":{"@type":"ImageObject","inLanguage":"es","@id":"https:\/\/giftronic04.com\/#\/schema\/logo\/image\/","url":"https:\/\/giftronic04.com\/wp-content\/uploads\/2021\/08\/logo.png","contentUrl":"https:\/\/giftronic04.com\/wp-content\/uploads\/2021\/08\/logo.png","width":6640,"height":2192,"caption":"giftronic04"},"image":{"@id":"https:\/\/giftronic04.com\/#\/schema\/logo\/image\/"},"sameAs":["https:\/\/www.instagram.com\/giftronic.04\/"]}]}},"jetpack_sharing_enabled":true,"_links":{"self":[{"href":"https:\/\/giftronic04.com\/index.php\/wp-json\/wp\/v2\/product\/8369","targetHints":{"allow":["GET"]}}],"collection":[{"href":"https:\/\/giftronic04.com\/index.php\/wp-json\/wp\/v2\/product"}],"about":[{"href":"https:\/\/giftronic04.com\/index.php\/wp-json\/wp\/v2\/types\/product"}],"replies":[{"embeddable":true,"href":"https:\/\/giftronic04.com\/index.php\/wp-json\/wp\/v2\/comments?post=8369"}],"wp:featuredmedia":[{"embeddable":true,"href":"https:\/\/giftronic04.com\/index.php\/wp-json\/wp\/v2\/media\/8370"}],"wp:attachment":[{"href":"https:\/\/giftronic04.com\/index.php\/wp-json\/wp\/v2\/media?parent=8369"}],"wp:term":[{"taxonomy":"product_brand","embeddable":true,"href":"https:\/\/giftronic04.com\/index.php\/wp-json\/wp\/v2\/product_brand?post=8369"},{"taxonomy":"product_cat","embeddable":true,"href":"https:\/\/giftronic04.com\/index.php\/wp-json\/wp\/v2\/product_cat?post=8369"},{"taxonomy":"product_tag","embeddable":true,"href":"https:\/\/giftronic04.com\/index.php\/wp-json\/wp\/v2\/product_tag?post=8369"}],"curies":[{"name":"wp","href":"https:\/\/api.w.org\/{rel}","templated":true}]}}