{"id":8430,"date":"2025-03-19T10:29:56","date_gmt":"2025-03-19T15:29:56","guid":{"rendered":"https:\/\/giftronic04.com\/?post_type=product&#038;p=8430"},"modified":"2025-10-23T16:25:49","modified_gmt":"2025-10-23T21:25:49","slug":"monitor-lg-24-pulgadas-24mr400-fhd-ips-plano-negro","status":"publish","type":"product","link":"https:\/\/giftronic04.com\/index.php\/product\/monitor-lg-24-pulgadas-24mr400-fhd-ips-plano-negro\/","title":{"rendered":"Monitor LG 24&#8243; Pulgadas 24MR400 FHD IPS Plano Negro"},"content":{"rendered":"<p>Caracter\u00edsticas<\/p>\n<p>Marca: LG<\/p>\n<p>Referencia: 24MR400-B<\/p>\n<p>Tipo: MONITOR<\/p>\n<p>Contraste<\/p>\n<p>1300:1<\/p>\n<p>Velocidad de Respuesta<\/p>\n<p>5\u00a0 Milisegundos<\/p>\n<p>Tama\u00f1o Pantalla<\/p>\n<p>23.8\u00a0 Pulgadas<\/p>\n<p>Tasa de Refresco<\/p>\n<p>100 Hz<\/p>\n<p>Tipo de Panel<\/p>\n<p>IPS<\/p>\n<p>Dise\u00f1o de la pantalla<\/p>\n<p>Plano<\/p>\n<p>Resoluci\u00f3n Pantalla<\/p>\n<p>FHD<\/p>\n<p>Tipo de Pantalla<\/p>\n<p>LED<\/p>\n<p>Conectividad<\/p>\n<p>Tipos de Puertos Entradas y Salidas<\/p>\n<p>Puerto HDMI<\/p>\n<p>Puerto VGA<\/p>\n<p>Salida de Aud\u00edfonos<\/p>\n<p>Qu\u00e9 incluye el producto<\/p>\n<p>Adaptador de corriente, Cable HDMI<\/p>\n<p>Observaciones Adicionales<\/p>\n<p>sRGB de 99%, Salida Audio 3.5, Brillo 250 cd\/m\u00b2, (N\u00famero de colores) 16,7 millones<\/p>\n<p>Color Negro<\/p>\n<p>Caracter\u00edsticas destacadas<\/p>\n<p>Pantalla FHD, Gran nitidez, calidad de imagen y contraste<\/p>\n<p>Disfruta de acci\u00f3n sin interrupciones con 100Hz<\/p>\n<p>Disfruta de juegos fluidos y r\u00e1pidos con tecnolog\u00eda AMD FreeSync<\/p>\n<p>Modo de lectura para el cuidado de tus ojos<\/p>\n<p>Dise\u00f1o ergon\u00f3mico, soluci\u00f3n f\u00e1cil y c\u00f3moda<\/p>\n<p>Resumen del producto<\/p>\n<p>Despierta tus sentidos con el monitor LG 24MR400. Tendr\u00e1s colores vibrantes, im\u00e1genes n\u00edtidas y fluidez en una pantalla de 24&#8243; pulgadas. Realiza multitareas para mayor eficiencia en tu trabajo o estudio y visualiza im\u00e1genes con mejor calidad con la tecnolog\u00eda IPS, con el Flicker Safe, su protecci\u00f3n visual mejorada y el modo lectura este monitor ayudaran en el cuidado de tus ojos combinando un dise\u00f1o elegante, bordes delgados y ajustable para mayor comodidad. Transforma tu trabajo y entretenimiento en tu hogar con LG.<\/p>\n<p>Recomendaciones<\/p>\n<p>Lea cuidadosamente la descripci\u00f3n del producto y condiciones de venta.<\/p>\n<p>Se otorga 1 a\u00f1o de respaldo por defectos de fabricaci\u00f3n directamente con la marca \u2018Conservando empaques originales\u2019. No cubre da\u00f1os ocasionados por manipulaci\u00f3n no autorizada, golpes, derrames o mal uso del equipo, Las im\u00e1genes publicadas en esta p\u00e1gina son representaciones fotogr\u00e1ficas que ilustran de manera aproximada las caracter\u00edsticas de los equipos en venta y pueden variar respecto a la realidad seg\u00fan la resoluci\u00f3n de estas y del dispositivo que se utilice para observarlas. Para cualquier proceso de garant\u00eda debes entregar el producto con los empaques y accesorios ORIGINALES.<\/p>\n","protected":false},"excerpt":{"rendered":"<p>Caracter\u00edsticas Marca: LG Referencia: 24MR400-B Tipo: MONITOR Contraste 1300:1 Velocidad de Respuesta 5\u00a0 Milisegundos Tama\u00f1o Pantalla 23.8\u00a0 Pulgadas Tasa de Refresco 100 Hz Tipo de Panel IPS Dise\u00f1o de la pantalla Plano Resoluci\u00f3n Pantalla FHD Tipo de Pantalla LED Conectividad Tipos de Puertos Entradas y Salidas Puerto HDMI Puerto VGA Salida de Aud\u00edfonos Qu\u00e9 incluye [&hellip;]<\/p>\n","protected":false},"featured_media":8436,"comment_status":"open","ping_status":"closed","template":"","meta":{"_surecart_dashboard_logo_width":"180px","_surecart_dashboard_show_logo":true,"_surecart_dashboard_navigation_orders":true,"_surecart_dashboard_navigation_invoices":true,"_surecart_dashboard_navigation_subscriptions":true,"_surecart_dashboard_navigation_downloads":true,"_surecart_dashboard_navigation_billing":true,"_surecart_dashboard_navigation_account":true,"site-sidebar-layout":"default","site-content-layout":"","ast-site-content-layout":"default","site-content-style":"default","site-sidebar-style":"default","ast-global-header-display":"","ast-banner-title-visibility":"","ast-main-header-display":"","ast-hfb-above-header-display":"","ast-hfb-below-header-display":"","ast-hfb-mobile-header-display":"","site-post-title":"","ast-breadcrumbs-content":"","ast-featured-img":"","footer-sml-layout":"","ast-disable-related-posts":"","theme-transparent-header-meta":"","adv-header-id-meta":"","stick-header-meta":"","header-above-stick-meta":"","header-main-stick-meta":"","header-below-stick-meta":"","astra-migrate-meta-layouts":"default","ast-page-background-enabled":"default","ast-page-background-meta":{"desktop":{"background-color":"var(--ast-global-color-4)","background-image":"","background-repeat":"repeat","background-position":"center center","background-size":"auto","background-attachment":"scroll","background-type":"","background-media":"","overlay-type":"","overlay-color":"","overlay-opacity":"","overlay-gradient":""},"tablet":{"background-color":"","background-image":"","background-repeat":"repeat","background-position":"center center","background-size":"auto","background-attachment":"scroll","background-type":"","background-media":"","overlay-type":"","overlay-color":"","overlay-opacity":"","overlay-gradient":""},"mobile":{"background-color":"","background-image":"","background-repeat":"repeat","background-position":"center center","background-size":"auto","background-attachment":"scroll","background-type":"","background-media":"","overlay-type":"","overlay-color":"","overlay-opacity":"","overlay-gradient":""}},"ast-content-background-meta":{"desktop":{"background-color":"var(--ast-global-color-5)","background-image":"","background-repeat":"repeat","background-position":"center center","background-size":"auto","background-attachment":"scroll","background-type":"","background-media":"","overlay-type":"","overlay-color":"","overlay-opacity":"","overlay-gradient":""},"tablet":{"background-color":"var(--ast-global-color-5)","background-image":"","background-repeat":"repeat","background-position":"center center","background-size":"auto","background-attachment":"scroll","background-type":"","background-media":"","overlay-type":"","overlay-color":"","overlay-opacity":"","overlay-gradient":""},"mobile":{"background-color":"var(--ast-global-color-5)","background-image":"","background-repeat":"repeat","background-position":"center center","background-size":"auto","background-attachment":"scroll","background-type":"","background-media":"","overlay-type":"","overlay-color":"","overlay-opacity":"","overlay-gradient":""}}},"product_brand":[],"product_cat":[22,30],"product_tag":[],"class_list":{"0":"post-8430","1":"product","2":"type-product","3":"status-publish","4":"has-post-thumbnail","6":"product_cat-computacion","7":"product_cat-componentes-de-pc-portatiles","8":"desktop-align-left","9":"tablet-align-left","10":"mobile-align-left","12":"first","13":"outofstock","14":"sale","15":"taxable","16":"shipping-taxable","17":"purchasable","18":"product-type-simple"},"yoast_head":"<!-- This site is optimized with the Yoast SEO plugin v27.5 - https:\/\/yoast.com\/product\/yoast-seo-wordpress\/ -->\n<title>Monitor LG 24&quot; Pulgadas 24MR400 FHD IPS Plano Negro - Giftronic.04<\/title>\n<meta name=\"robots\" content=\"index, follow, max-snippet:-1, max-image-preview:large, max-video-preview:-1\" \/>\n<link rel=\"canonical\" href=\"https:\/\/giftronic04.com\/index.php\/product\/monitor-lg-24-pulgadas-24mr400-fhd-ips-plano-negro\/\" \/>\n<meta property=\"og:locale\" content=\"es_ES\" \/>\n<meta property=\"og:type\" content=\"article\" \/>\n<meta property=\"og:title\" content=\"Monitor LG 24&quot; Pulgadas 24MR400 FHD IPS Plano Negro - Giftronic.04\" \/>\n<meta property=\"og:description\" content=\"Caracter\u00edsticas Marca: LG Referencia: 24MR400-B Tipo: MONITOR Contraste 1300:1 Velocidad de Respuesta 5\u00a0 Milisegundos Tama\u00f1o Pantalla 23.8\u00a0 Pulgadas Tasa de Refresco 100 Hz Tipo de Panel IPS Dise\u00f1o de la pantalla Plano Resoluci\u00f3n Pantalla FHD Tipo de Pantalla LED Conectividad Tipos de Puertos Entradas y Salidas Puerto HDMI Puerto VGA Salida de Aud\u00edfonos Qu\u00e9 incluye [&hellip;]\" \/>\n<meta property=\"og:url\" content=\"https:\/\/giftronic04.com\/index.php\/product\/monitor-lg-24-pulgadas-24mr400-fhd-ips-plano-negro\/\" \/>\n<meta property=\"og:site_name\" content=\"Giftronic.04\" \/>\n<meta property=\"article:modified_time\" content=\"2025-10-23T21:25:49+00:00\" \/>\n<meta property=\"og:image\" content=\"https:\/\/giftronic04.com\/wp-content\/uploads\/2025\/03\/LOGO-3.jpg\" \/>\n\t<meta property=\"og:image:width\" content=\"2000\" \/>\n\t<meta property=\"og:image:height\" content=\"2000\" \/>\n\t<meta property=\"og:image:type\" content=\"image\/jpeg\" \/>\n<meta name=\"twitter:card\" content=\"summary_large_image\" \/>\n<meta name=\"twitter:label1\" content=\"Tiempo de lectura\" \/>\n\t<meta name=\"twitter:data1\" content=\"2 minutos\" \/>\n<script type=\"application\/ld+json\" class=\"yoast-schema-graph\">{\"@context\":\"https:\\\/\\\/schema.org\",\"@graph\":[{\"@type\":\"WebPage\",\"@id\":\"https:\\\/\\\/giftronic04.com\\\/index.php\\\/product\\\/monitor-lg-24-pulgadas-24mr400-fhd-ips-plano-negro\\\/\",\"url\":\"https:\\\/\\\/giftronic04.com\\\/index.php\\\/product\\\/monitor-lg-24-pulgadas-24mr400-fhd-ips-plano-negro\\\/\",\"name\":\"Monitor LG 24\\\" Pulgadas 24MR400 FHD IPS Plano Negro - Giftronic.04\",\"isPartOf\":{\"@id\":\"https:\\\/\\\/giftronic04.com\\\/#website\"},\"primaryImageOfPage\":{\"@id\":\"https:\\\/\\\/giftronic04.com\\\/index.php\\\/product\\\/monitor-lg-24-pulgadas-24mr400-fhd-ips-plano-negro\\\/#primaryimage\"},\"image\":{\"@id\":\"https:\\\/\\\/giftronic04.com\\\/index.php\\\/product\\\/monitor-lg-24-pulgadas-24mr400-fhd-ips-plano-negro\\\/#primaryimage\"},\"thumbnailUrl\":\"https:\\\/\\\/giftronic04.com\\\/wp-content\\\/uploads\\\/2025\\\/03\\\/LOGO-3.jpg\",\"datePublished\":\"2025-03-19T15:29:56+00:00\",\"dateModified\":\"2025-10-23T21:25:49+00:00\",\"breadcrumb\":{\"@id\":\"https:\\\/\\\/giftronic04.com\\\/index.php\\\/product\\\/monitor-lg-24-pulgadas-24mr400-fhd-ips-plano-negro\\\/#breadcrumb\"},\"inLanguage\":\"es\",\"potentialAction\":[{\"@type\":\"ReadAction\",\"target\":[\"https:\\\/\\\/giftronic04.com\\\/index.php\\\/product\\\/monitor-lg-24-pulgadas-24mr400-fhd-ips-plano-negro\\\/\"]}]},{\"@type\":\"ImageObject\",\"inLanguage\":\"es\",\"@id\":\"https:\\\/\\\/giftronic04.com\\\/index.php\\\/product\\\/monitor-lg-24-pulgadas-24mr400-fhd-ips-plano-negro\\\/#primaryimage\",\"url\":\"https:\\\/\\\/giftronic04.com\\\/wp-content\\\/uploads\\\/2025\\\/03\\\/LOGO-3.jpg\",\"contentUrl\":\"https:\\\/\\\/giftronic04.com\\\/wp-content\\\/uploads\\\/2025\\\/03\\\/LOGO-3.jpg\",\"width\":2000,\"height\":2000},{\"@type\":\"BreadcrumbList\",\"@id\":\"https:\\\/\\\/giftronic04.com\\\/index.php\\\/product\\\/monitor-lg-24-pulgadas-24mr400-fhd-ips-plano-negro\\\/#breadcrumb\",\"itemListElement\":[{\"@type\":\"ListItem\",\"position\":1,\"name\":\"Portada\",\"item\":\"https:\\\/\\\/giftronic04.com\\\/\"},{\"@type\":\"ListItem\",\"position\":2,\"name\":\"Tienda\",\"item\":\"https:\\\/\\\/giftronic04.com\\\/index.php\\\/shop\\\/\"},{\"@type\":\"ListItem\",\"position\":3,\"name\":\"Monitor LG 24&#8243; Pulgadas 24MR400 FHD IPS Plano Negro\"}]},{\"@type\":\"WebSite\",\"@id\":\"https:\\\/\\\/giftronic04.com\\\/#website\",\"url\":\"https:\\\/\\\/giftronic04.com\\\/\",\"name\":\"Giftronic.04\",\"description\":\"Venta de equipos tecnologicos\",\"publisher\":{\"@id\":\"https:\\\/\\\/giftronic04.com\\\/#organization\"},\"potentialAction\":[{\"@type\":\"SearchAction\",\"target\":{\"@type\":\"EntryPoint\",\"urlTemplate\":\"https:\\\/\\\/giftronic04.com\\\/?s={search_term_string}\"},\"query-input\":{\"@type\":\"PropertyValueSpecification\",\"valueRequired\":true,\"valueName\":\"search_term_string\"}}],\"inLanguage\":\"es\"},{\"@type\":\"Organization\",\"@id\":\"https:\\\/\\\/giftronic04.com\\\/#organization\",\"name\":\"giftronic04\",\"url\":\"https:\\\/\\\/giftronic04.com\\\/\",\"logo\":{\"@type\":\"ImageObject\",\"inLanguage\":\"es\",\"@id\":\"https:\\\/\\\/giftronic04.com\\\/#\\\/schema\\\/logo\\\/image\\\/\",\"url\":\"https:\\\/\\\/giftronic04.com\\\/wp-content\\\/uploads\\\/2021\\\/08\\\/logo.png\",\"contentUrl\":\"https:\\\/\\\/giftronic04.com\\\/wp-content\\\/uploads\\\/2021\\\/08\\\/logo.png\",\"width\":6640,\"height\":2192,\"caption\":\"giftronic04\"},\"image\":{\"@id\":\"https:\\\/\\\/giftronic04.com\\\/#\\\/schema\\\/logo\\\/image\\\/\"},\"sameAs\":[\"https:\\\/\\\/www.instagram.com\\\/giftronic.04\\\/\"]}]}<\/script>\n<!-- \/ Yoast SEO plugin. -->","yoast_head_json":{"title":"Monitor LG 24\" Pulgadas 24MR400 FHD IPS Plano Negro - Giftronic.04","robots":{"index":"index","follow":"follow","max-snippet":"max-snippet:-1","max-image-preview":"max-image-preview:large","max-video-preview":"max-video-preview:-1"},"canonical":"https:\/\/giftronic04.com\/index.php\/product\/monitor-lg-24-pulgadas-24mr400-fhd-ips-plano-negro\/","og_locale":"es_ES","og_type":"article","og_title":"Monitor LG 24\" Pulgadas 24MR400 FHD IPS Plano Negro - Giftronic.04","og_description":"Caracter\u00edsticas Marca: LG Referencia: 24MR400-B Tipo: MONITOR Contraste 1300:1 Velocidad de Respuesta 5\u00a0 Milisegundos Tama\u00f1o Pantalla 23.8\u00a0 Pulgadas Tasa de Refresco 100 Hz Tipo de Panel IPS Dise\u00f1o de la pantalla Plano Resoluci\u00f3n Pantalla FHD Tipo de Pantalla LED Conectividad Tipos de Puertos Entradas y Salidas Puerto HDMI Puerto VGA Salida de Aud\u00edfonos Qu\u00e9 incluye [&hellip;]","og_url":"https:\/\/giftronic04.com\/index.php\/product\/monitor-lg-24-pulgadas-24mr400-fhd-ips-plano-negro\/","og_site_name":"Giftronic.04","article_modified_time":"2025-10-23T21:25:49+00:00","og_image":[{"width":2000,"height":2000,"url":"https:\/\/giftronic04.com\/wp-content\/uploads\/2025\/03\/LOGO-3.jpg","type":"image\/jpeg"}],"twitter_card":"summary_large_image","twitter_misc":{"Tiempo de lectura":"2 minutos"},"schema":{"@context":"https:\/\/schema.org","@graph":[{"@type":"WebPage","@id":"https:\/\/giftronic04.com\/index.php\/product\/monitor-lg-24-pulgadas-24mr400-fhd-ips-plano-negro\/","url":"https:\/\/giftronic04.com\/index.php\/product\/monitor-lg-24-pulgadas-24mr400-fhd-ips-plano-negro\/","name":"Monitor LG 24\" Pulgadas 24MR400 FHD IPS Plano Negro - Giftronic.04","isPartOf":{"@id":"https:\/\/giftronic04.com\/#website"},"primaryImageOfPage":{"@id":"https:\/\/giftronic04.com\/index.php\/product\/monitor-lg-24-pulgadas-24mr400-fhd-ips-plano-negro\/#primaryimage"},"image":{"@id":"https:\/\/giftronic04.com\/index.php\/product\/monitor-lg-24-pulgadas-24mr400-fhd-ips-plano-negro\/#primaryimage"},"thumbnailUrl":"https:\/\/giftronic04.com\/wp-content\/uploads\/2025\/03\/LOGO-3.jpg","datePublished":"2025-03-19T15:29:56+00:00","dateModified":"2025-10-23T21:25:49+00:00","breadcrumb":{"@id":"https:\/\/giftronic04.com\/index.php\/product\/monitor-lg-24-pulgadas-24mr400-fhd-ips-plano-negro\/#breadcrumb"},"inLanguage":"es","potentialAction":[{"@type":"ReadAction","target":["https:\/\/giftronic04.com\/index.php\/product\/monitor-lg-24-pulgadas-24mr400-fhd-ips-plano-negro\/"]}]},{"@type":"ImageObject","inLanguage":"es","@id":"https:\/\/giftronic04.com\/index.php\/product\/monitor-lg-24-pulgadas-24mr400-fhd-ips-plano-negro\/#primaryimage","url":"https:\/\/giftronic04.com\/wp-content\/uploads\/2025\/03\/LOGO-3.jpg","contentUrl":"https:\/\/giftronic04.com\/wp-content\/uploads\/2025\/03\/LOGO-3.jpg","width":2000,"height":2000},{"@type":"BreadcrumbList","@id":"https:\/\/giftronic04.com\/index.php\/product\/monitor-lg-24-pulgadas-24mr400-fhd-ips-plano-negro\/#breadcrumb","itemListElement":[{"@type":"ListItem","position":1,"name":"Portada","item":"https:\/\/giftronic04.com\/"},{"@type":"ListItem","position":2,"name":"Tienda","item":"https:\/\/giftronic04.com\/index.php\/shop\/"},{"@type":"ListItem","position":3,"name":"Monitor LG 24&#8243; Pulgadas 24MR400 FHD IPS Plano Negro"}]},{"@type":"WebSite","@id":"https:\/\/giftronic04.com\/#website","url":"https:\/\/giftronic04.com\/","name":"Giftronic.04","description":"Venta de equipos tecnologicos","publisher":{"@id":"https:\/\/giftronic04.com\/#organization"},"potentialAction":[{"@type":"SearchAction","target":{"@type":"EntryPoint","urlTemplate":"https:\/\/giftronic04.com\/?s={search_term_string}"},"query-input":{"@type":"PropertyValueSpecification","valueRequired":true,"valueName":"search_term_string"}}],"inLanguage":"es"},{"@type":"Organization","@id":"https:\/\/giftronic04.com\/#organization","name":"giftronic04","url":"https:\/\/giftronic04.com\/","logo":{"@type":"ImageObject","inLanguage":"es","@id":"https:\/\/giftronic04.com\/#\/schema\/logo\/image\/","url":"https:\/\/giftronic04.com\/wp-content\/uploads\/2021\/08\/logo.png","contentUrl":"https:\/\/giftronic04.com\/wp-content\/uploads\/2021\/08\/logo.png","width":6640,"height":2192,"caption":"giftronic04"},"image":{"@id":"https:\/\/giftronic04.com\/#\/schema\/logo\/image\/"},"sameAs":["https:\/\/www.instagram.com\/giftronic.04\/"]}]}},"jetpack_sharing_enabled":true,"_links":{"self":[{"href":"https:\/\/giftronic04.com\/index.php\/wp-json\/wp\/v2\/product\/8430","targetHints":{"allow":["GET"]}}],"collection":[{"href":"https:\/\/giftronic04.com\/index.php\/wp-json\/wp\/v2\/product"}],"about":[{"href":"https:\/\/giftronic04.com\/index.php\/wp-json\/wp\/v2\/types\/product"}],"replies":[{"embeddable":true,"href":"https:\/\/giftronic04.com\/index.php\/wp-json\/wp\/v2\/comments?post=8430"}],"wp:featuredmedia":[{"embeddable":true,"href":"https:\/\/giftronic04.com\/index.php\/wp-json\/wp\/v2\/media\/8436"}],"wp:attachment":[{"href":"https:\/\/giftronic04.com\/index.php\/wp-json\/wp\/v2\/media?parent=8430"}],"wp:term":[{"taxonomy":"product_brand","embeddable":true,"href":"https:\/\/giftronic04.com\/index.php\/wp-json\/wp\/v2\/product_brand?post=8430"},{"taxonomy":"product_cat","embeddable":true,"href":"https:\/\/giftronic04.com\/index.php\/wp-json\/wp\/v2\/product_cat?post=8430"},{"taxonomy":"product_tag","embeddable":true,"href":"https:\/\/giftronic04.com\/index.php\/wp-json\/wp\/v2\/product_tag?post=8430"}],"curies":[{"name":"wp","href":"https:\/\/api.w.org\/{rel}","templated":true}]}}